{"id":26869,"date":"2018-11-15T11:05:17","date_gmt":"2018-11-15T10:05:17","guid":{"rendered":"https:\/\/bassin-arcachon.com\/\/?page_id=26869"},"modified":"2024-11-06T10:52:32","modified_gmt":"2024-11-06T09:52:32","slug":"%e6%af%94%e5%8a%a0%e8%af%ba%e6%96%af","status":"publish","type":"page","link":"https:\/\/bassin-arcachon.com\/zh\/ou-dormir\/biganos\/","title":{"rendered":"\u6211\u4eec\u5728\u6bd4\u52a0\u8bfa\u65af\u62e5\u6709\u7684\u9152\u5e97"},"content":{"rendered":"<div class=\"wp-block-uagb-container uagb-block-7228c263 alignfull uagb-is-root-container\"><div class=\"uagb-container-inner-blocks-wrap\">\n<h2 class=\"wp-block-heading has-text-align-center\" style=\"font-size:25px\">\u9009\u62e9\u6bd4\u52a0\u8bfa\u65af\u7684\u9152\u5e97\uff0c\u4e0e\u5bb6\u4eba\u6216\u4e24\u4e2a\u4eba\u4e00\u8d77\u4f53\u9a8c\u96be\u5fd8\u7684\u4f4f\u5bbf\u4f53\u9a8c\uff01\u5728\u963f\u5361\u96c4\u7684 Bassin \u4e0a\uff0c\u627e\u5230\u60a8\u62e5\u6709\u5bb6\u5ead\u623f\u3001\u9910\u5385\u6216 Wi-Fi \u7684\u9152\u5e97\uff01<\/h2>\n<\/div><\/div>\n\n\n\n<div style=\"height:40px\" aria-hidden=\"true\" class=\"wp-block-spacer\"><\/div>\n\n\n\n<div class=\"wp-block-uagb-container uagb-block-a82864c2 alignfull uagb-is-root-container\"><div class=\"uagb-container-inner-blocks-wrap\">\n<div class=\"wp-block-uagb-container uagb-block-9e3f319c\">\n<h2 class=\"wp-block-heading\">\u6211\u4eec\u5728\u6bd4\u52a0\u8bfa\u65af\u62e5\u6709\u5bb6\u5ead\u623f\u7684\u9152\u5e97<\/h2>\n\n\n\n<p>\u60f3\u548c\u5b69\u5b50\u4e00\u8d77\u4eab\u53d7\u9633\u5149\u660e\u5a9a\u7684\u65e5\u5b50\u5417\uff1f\u4e0e\u60a8\u7684\u5bb6\u4eba\u5165\u4f4f\u6211\u4eec\u5728\u6bd4\u52a0\u8bfa\u65af\u7684\u9152\u5e97\u4e4b\u4e00\uff01\u9009\u62e9\u9002\u5408\u5e7c\u513f\u7684\u5bb6\u5ead\u623f\u3002\u4e0e\u60a8\u7684\u5bb6\u4eba\u5206\u4eab\u72ec\u7279\u7684\u65f6\u523b\uff0c\u4e00\u8d77\u63a2\u7d22\u76c6\u5730\u7684\u81ea\u7136\u8d22\u5bcc\u3002\u4e3a\u5d2d\u9732\u5934\u89d2\u7684\u63a2\u9669\u5bb6\u51c6\u5907\u7684\u771f\u6b63\u5192\u9669\uff01\u8ddd\u79bb\u6e2f\u53e3\u53ca\u5176\u8272\u5f69\u7f24\u7eb7\u7684\u5c0f\u5c4b\u4ec5\u4e00\u7bad\u4e4b\u9065\uff0c\u9009\u62e9\u6bd4\u52a0\u8bfa\u65af\u7684\u5bb6\u5ead\u623f\uff0c\u6216\u975e\u5e38\u9760\u8fd1\u8fd9\u4e2a\u5b8f\u4f1f\u7684\u5c0f\u6751\u5e84\u3002<\/p>\n\n\n\n<div class=\"wp-block-buttons is-layout-flex wp-block-buttons-is-layout-flex\">\n<div class=\"wp-block-button\"><a class=\"wp-block-button__link wp-element-button\" href=\"https:\/\/bassin-arcachon.com\/zh\/%e4%bd%8f%e5%ae%bf-2\/%e7%9b%86%e5%9c%b0%e4%b9%8b%e5%bf%83%e5%8f%8a%e5%ae%b6%e5%ba%ad%e9%85%92%e5%ba%97\/\">\u5e26\u5bb6\u5ead\u623f\u7684\u9152\u5e97<\/a><\/div>\n<\/div>\n<\/div>\n\n\n\n<div class=\"wp-block-uagb-container uagb-block-f33f2cde\">\n<div class=\"wp-block-uagb-image uagb-block-d78d04cc wp-block-uagb-image--layout-default wp-block-uagb-image--effect-static wp-block-uagb-image--align-none\"><figure class=\"wp-block-uagb-image__figure\"><img decoding=\"async\" srcset=\"https:\/\/bassin-arcachon.com\/wp-content\/uploads\/2017\/02\/compress\u00e9-1024x683.jpg \" sizes=\"auto, (max-width: 480px) 150px\" src=\"https:\/\/bassin-arcachon.com\/wp-content\/uploads\/2017\/02\/compress\u00e9-1024x683.jpg\" alt=\"- - Bassin d&#039;Arcachon\" class=\"uag-image-9569\" width=\"1024\" height=\"683\" title=\"- - Bassin d&#039;Arcachon\" loading=\"lazy\" role=\"img\"><\/figure><\/div>\n<\/div>\n<\/div><\/div>\n\n\n\n<div style=\"height:60px\" aria-hidden=\"true\" class=\"wp-block-spacer\"><\/div>\n\n\n\n<div class=\"wp-block-uagb-container uagb-block-c585d2f5 alignfull uagb-is-root-container\"><div class=\"uagb-container-inner-blocks-wrap\">\n<div class=\"wp-block-uagb-container uagb-block-f7c1dba6\">\n<div class=\"wp-block-uagb-image uagb-block-d3cc8737 wp-block-uagb-image--layout-default wp-block-uagb-image--effect-static wp-block-uagb-image--align-none\"><figure class=\"wp-block-uagb-image__figure\"><img decoding=\"async\" srcset=\"https:\/\/bassin-arcachon.com\/wp-content\/uploads\/2017\/02\/hotel-les-bains-darguin-thalazur-arcachon-divers-5_1.jpg \" sizes=\"auto, (max-width: 480px) 150px\" src=\"https:\/\/bassin-arcachon.com\/wp-content\/uploads\/2017\/02\/hotel-les-bains-darguin-thalazur-arcachon-divers-5_1.jpg\" alt=\"\u9152\u5e97-les-bains-darguin-thalazur-arcachon-divers-5_1\" class=\"uag-image-8351\" width=\"960\" height=\"480\" title=\"- - Bassin d&#039;Arcachon\" loading=\"lazy\" role=\"img\"><\/figure><\/div>\n<\/div>\n\n\n\n<div class=\"wp-block-uagb-container uagb-block-6899e684\">\n<h2 class=\"wp-block-heading\">\u6211\u4eec\u5728\u6bd4\u52a0\u8bfa\u65af\u62e5\u6709\u9910\u5385\u7684\u9152\u5e97<\/h2>\n\n\n\n<p>\u60a8\u6b63\u5904\u4e8e\u76c6\u5730\u7684\u4e2d\u5fc3\uff0c\u8fd9\u91cc\u662f\u8272\u5f69\u7f24\u7eb7\u7684\u9886\u5730\uff01\u54c1\u5c1d\u897f\u5357\u7f8e\u98df\u600e\u4e48\u6837\uff1f\u9009\u62e9\u60a8\u5728 Biganos \u7684\u5e26\u9910\u5385\u7684\u9152\u5e97\uff0c\u51c6\u5907\u597d\u60a8\u7684\u5473\u857e\uff0c\u54c1\u5c1d\u6211\u4eec\u5730\u533a\u6700\u597d\u7684\u7f8e\u98df\uff01\u5750\u5728\u9152\u5e97\u9910\u5385\u7684\u9732\u53f0\u4e0a\uff0c\u8ba9\u81ea\u5df1\u88ab\u53a8\u5e08\u63d0\u4f9b\u7684\u5730\u9053\u7f8e\u98df\u6240\u5438\u5f15\u3002\u6bcf\u987f\u996d\u90fd\u5c06\u4e13\u4e1a\u77e5\u8bc6\u548c\u4f18\u8d28\u4ea7\u54c1\u7ed3\u5408\u5728\u60a8\u7684\u76d8\u5b50\u91cc\uff0c\u8ba9\u60a8\u5c3d\u4eab\u6109\u60a6\u3002\u7231\u4e0a\u6211\u4eec\u5728\u6bd4\u52a0\u8bfa\u65af\u8bbe\u6709\u9910\u5385\u7684\u9152\u5e97\u5427\uff01<\/p>\n\n\n\n<div class=\"wp-block-buttons is-layout-flex wp-block-buttons-is-layout-flex\">\n<div class=\"wp-block-button\"><a class=\"wp-block-button__link wp-element-button\" href=\"https:\/\/bassin-arcachon.com\/zh\/%e4%bd%8f%e5%ae%bf-2\/hotelscoeur-de-bassinresto\/\">\u8bbe\u6709\u9910\u5385\u7684\u9152\u5e97<\/a><\/div>\n<\/div>\n<\/div>\n<\/div><\/div>\n\n\n\n<div style=\"height:60px\" aria-hidden=\"true\" class=\"wp-block-spacer\"><\/div>\n\n\n\n<div class=\"wp-block-uagb-container uagb-block-5541b3fc alignfull uagb-is-root-container\"><div class=\"uagb-container-inner-blocks-wrap\">\n<div class=\"wp-block-uagb-container uagb-block-218db6d0\">\n<h2 class=\"wp-block-heading\">\u6211\u4eec\u5728\u6bd4\u52a0\u8bfa\u65af\u62e5\u6709 Wifi \u7684\u9152\u5e97<\/h2>\n\n\n\n<p>\u4e92\u8054\u7f51\u662f\u60a8\u5ea6\u5047\u7684\u6700\u4f73\u76df\u53cb\uff1f\u5728\u68ee\u6797\u4e2d\u5fc3\uff0c\u5229\u7528\u6bd4\u52a0\u8bfa\u65af\u9152\u5e97\u7684 Wifi\uff0c\u8f7b\u677e\u5b89\u6392\u60a8\u7684\u4f4f\u5bbf\uff01\u9884\u8ba2 Leyre \u72ec\u6728\u821f\u4e4b\u65c5\uff0c\u6216\u4e86\u89e3\u5982\u4f55\u524d\u5f80\u6700\u8fd1\u7684\u9e1f\u7c7b\u516c\u56ed\u3002\u8f7b\u677e\u89c4\u5212\u60a8\u7684\u65e5\u7a0b\u5b89\u6392\uff0c\u4ee5\u5145\u5206\u5229\u7528 Arcachon \u7684 Bassin \u53ca\u5176\u4f17\u591a\u6d3b\u52a8\u3002\u8fd8\u6709\u5f88\u591a\u4e8b\u60c5\u8981\u505a\uff01\u9009\u62e9\u6bd4\u52a0\u8bfa\u65af\u7684 Wifi \u9152\u5e97\uff0c\u5728\u60a8\u7684\u623f\u95f4\u5185\u65e0\u9650\u5236\u5730\u4e0a\u7f51\u51b2\u6d6a\uff01<\/p>\n\n\n\n<div class=\"wp-block-buttons is-layout-flex wp-block-buttons-is-layout-flex\">\n<div class=\"wp-block-button\"><a class=\"wp-block-button__link wp-element-button\" href=\"https:\/\/bassin-arcachon.com\/zh\/%e4%bd%8f%e5%ae%bf-2\/%e9%85%92%e5%ba%97coeur-de-bassinwifi\/\">\u63d0\u4f9b Wi-Fi \u7684\u9152\u5e97<\/a><\/div>\n<\/div>\n<\/div>\n\n\n\n<div class=\"wp-block-uagb-container uagb-block-0bc795d2\">\n<div class=\"wp-block-uagb-image uagb-block-e6b74f4b wp-block-uagb-image--layout-default wp-block-uagb-image--effect-static wp-block-uagb-image--align-none\"><figure class=\"wp-block-uagb-image__figure\"><img decoding=\"async\" srcset=\"https:\/\/bassin-arcachon.com\/wp-content\/uploads\/2020\/07\/header-wifi-1024x522.jpg \" sizes=\"auto, (max-width: 480px) 150px\" src=\"https:\/\/bassin-arcachon.com\/wp-content\/uploads\/2020\/07\/header-wifi-1024x522.jpg\" alt=\"- - Bassin d&#039;Arcachon\" class=\"uag-image-44186\" width=\"1024\" height=\"522\" title=\"- - Bassin d&#039;Arcachon\" loading=\"lazy\" role=\"img\"><\/figure><\/div>\n<\/div>\n<\/div><\/div>\n\n\n\n<div style=\"height:60px\" aria-hidden=\"true\" class=\"wp-block-spacer\"><\/div>\n\n\n\n<div class=\"wp-block-uagb-container uagb-block-d7de8047 alignfull uagb-is-root-container\">\n<div class=\"wp-block-cover is-light has-parallax\"><span aria-hidden=\"true\" class=\"wp-block-cover__background has-background-dim-0 has-background-dim\"><\/span><div class=\"wp-block-cover__image-background wp-image-1345 has-parallax\" style=\"background-position:50% 50%;background-image:url(https:\/\/bassin-arcachon.com\/wp-content\/uploads\/2017\/03\/Camping-Panorama-du-Pyla-cottage-vue-mer-coin-farniente.jpg)\"><\/div><div class=\"wp-block-cover__inner-container is-layout-flow wp-block-cover-is-layout-flow\">\n<div class=\"wp-block-uagb-container uagb-block-085372c1\">\n<h2 class=\"wp-block-heading has-text-align-center has-white-color has-text-color has-large-font-size\">\u5728\u963f\u5361\u96c4\u7684 Bassin \u9152\u5e97\u4e4b\u4e00\u8f7b\u677e\u5ea6\u8fc7\u60a8\u7684\u5047\u671f<\/h2>\n\n\n\n<p class=\"has-text-align-center has-white-color has-text-color\"><a href=\"https:\/\/bassin-arcachon.com\/zh\/%e4%bd%8f%e5%ae%bf-2\/%e9%85%92%e5%ba%97-2\/\">\u5f00\u59cb\u60a8\u7684\u641c\u7d22<\/a><\/p>\n<\/div>\n<\/div><\/div>\n<\/div>\n\n\n\n<div style=\"height:60px\" aria-hidden=\"true\" class=\"wp-block-spacer\"><\/div>\n\n\n\n<div class=\"wp-block-uagb-container uagb-block-67970557 alignfull uagb-is-root-container\"><div class=\"uagb-container-inner-blocks-wrap\">\n<div class=\"wp-block-uagb-container uagb-block-dd7dcc04\">\n<h3 class=\"wp-block-heading\">\u60a8\u60f3\u9884\u8ba2\u6bd4\u52a0\u8bfa\u65af\u9644\u8fd1\u7684\u9152\u5e97\u5417\uff1f<\/h3>\n\n\n\n<p>\u63a2\u7d22\u6211\u4eec\u4f4d\u4e8e Bassin Arcachon \u7684\u6240\u6709\u9152\u5e97\uff1a&nbsp;<a href=\"https:\/\/bassin-arcachon.com\/zh\/%e4%bd%8f%e5%ae%bf-2\/%e9%85%92%e5%ba%97-2+%e6%88%98%e7%a5%9e-2\/\">\u6218\u795e<\/a>,&nbsp;<a href=\"https:\/\/bassin-arcachon.com\/zh\/%e4%bd%8f%e5%ae%bf-2\/%e9%85%92%e5%ba%97-2+%e9%98%bf%e5%8d%a1%e9%9b%84\/\">\u963f\u5361\u96c4<\/a>,&nbsp;<a href=\"https:\/\/bassin-arcachon.com\/zh\/%e4%bd%8f%e5%ae%bf-2\/%e9%85%92%e5%ba%97-2+%e6%89%b9%e9%87%8f%e6%b5%8b%e8%af%95\/\">La Teste de Buch<\/a>,&nbsp;<a href=\"https:\/\/bassin-arcachon.com\/zh\/%e4%bd%8f%e5%ae%bf-2\/%e9%85%92%e5%ba%97-2+%e5%ae%89%e5%be%b7%e8%af%ba%e6%96%af\/\">\u5b89\u5fb7\u8bfa\u65af<\/a>,&nbsp;<a href=\"https:\/\/bassin-arcachon.com\/zh\/%e4%bd%8f%e5%ae%bf-2\/%e9%85%92%e5%ba%97-2+%e5%8f%a4%e8%ae%a9%e6%a2%85%e6%96%af%e7%89%b9%e6%8b%89%e6%96%af\/\">Gujan-Mestras,<\/a>&nbsp;<a href=\"https:\/\/bassin-arcachon.com\/zh\/%e4%bd%8f%e5%ae%bf-2\/%e9%85%92%e5%ba%97-2+%e5%8b%92%e6%b3%b0%e5%85%8b\/\">Le Teich\uff0c<\/a>&nbsp;<a href=\"https:\/\/bassin-arcachon.com\/zh\/%e4%bd%8f%e5%ae%bf-2\/%e9%85%92%e5%ba%97-2+%e7%9b%86%e5%9c%b0%e4%b9%8b%e5%bf%83\/\">\u5965\u767b\u683c<\/a>,<a href=\"https:\/\/bassin-arcachon.com\/zh\/%e4%bd%8f%e5%ae%bf-2\/%e9%85%92%e5%ba%97-2+%e7%9b%86%e5%9c%b0%e4%b9%8b%e5%bf%83\/\">&nbsp;\u5170\u987f&nbsp;<\/a>\u548c&nbsp;<a href=\"https:\/\/bassin-arcachon.com\/zh\/%e4%bd%8f%e5%ae%bf-2\/%e9%85%92%e5%ba%97-2+lege-cap-ferret\/\">\u96ea\u8c82<\/a>&nbsp;!<\/p>\n<\/div>\n\n\n\n<div class=\"wp-block-uagb-container uagb-block-dd7a49a4\">\n<div class=\"wp-block-uagb-image uagb-block-349829c0 wp-block-uagb-image--layout-default wp-block-uagb-image--effect-static wp-block-uagb-image--align-none\"><figure class=\"wp-block-uagb-image__figure\"><img decoding=\"async\" srcset=\"https:\/\/bassin-arcachon.com\/wp-content\/uploads\/2018\/09\/nourri-a-lhu\u00eetre-\u00e9lev\u00e9-sous-les-pins-Bassin-dArcachon.jpg 1000w, https:\/\/bassin-arcachon.com\/wp-content\/uploads\/2018\/09\/nourri-a-lhu\u00eetre-\u00e9lev\u00e9-sous-les-pins-Bassin-dArcachon-600x400.jpg 600w, https:\/\/bassin-arcachon.com\/wp-content\/uploads\/2018\/09\/nourri-a-lhu\u00eetre-\u00e9lev\u00e9-sous-les-pins-Bassin-dArcachon-768x511.jpg 768w, https:\/\/bassin-arcachon.com\/wp-content\/uploads\/2018\/09\/nourri-a-lhu\u00eetre-\u00e9lev\u00e9-sous-les-pins-Bassin-dArcachon-18x12.jpg 18w\" sizes=\"auto, (max-width: 480px) 150px\" src=\"https:\/\/bassin-arcachon.com\/wp-content\/uploads\/2018\/09\/nourri-a-lhu\u00eetre-\u00e9lev\u00e9-sous-les-pins-Bassin-dArcachon.jpg\" alt=\"- - Bassin d&#039;Arcachon\" class=\"uag-image-26169\" width=\"1000\" height=\"666\" title=\"- - Bassin d&#039;Arcachon\" loading=\"lazy\" role=\"img\"><\/figure><\/div>\n<\/div>\n<\/div><\/div>\n\n\n\n<div style=\"height:60px\" aria-hidden=\"true\" class=\"wp-block-spacer\"><\/div>","protected":false},"excerpt":{"rendered":"<p>Optez pour un h\u00f4tel \u00e0 Biganos et vivez un s\u00e9jour inoubliable en famille ou \u00e0 deux ! Sur le Bassin d&rsquo;Arcachon, trouvez votre h\u00f4tel avec chambres familiales, restaurant ou Wi-Fi [&hellip;]<\/p>\n","protected":false},"author":24,"featured_media":2217,"parent":43,"menu_order":1,"comment_status":"closed","ping_status":"closed","template":"","meta":{"_acf_changed":false,"_uag_custom_page_level_css":"","footnotes":""},"class_list":["post-26869","page","type-page","status-publish","has-post-thumbnail","hentry"],"acf":[],"uagb_featured_image_src":{"full":["https:\/\/bassin-arcachon.com\/wp-content\/uploads\/2017\/03\/camping-bassin-arcachon.jpg",1200,800,false],"thumbnail":["https:\/\/bassin-arcachon.com\/wp-content\/uploads\/2017\/03\/camping-bassin-arcachon-150x150.jpg",150,150,true],"medium":["https:\/\/bassin-arcachon.com\/wp-content\/uploads\/2017\/03\/camping-bassin-arcachon-600x400.jpg",600,400,true],"medium_large":["https:\/\/bassin-arcachon.com\/wp-content\/uploads\/2017\/03\/camping-bassin-arcachon-768x512.jpg",768,512,true],"large":["https:\/\/bassin-arcachon.com\/wp-content\/uploads\/2017\/03\/camping-bassin-arcachon-1024x683.jpg",1024,683,true],"1536x1536":["https:\/\/bassin-arcachon.com\/wp-content\/uploads\/2017\/03\/camping-bassin-arcachon.jpg",1200,800,false],"2048x2048":["https:\/\/bassin-arcachon.com\/wp-content\/uploads\/2017\/03\/camping-bassin-arcachon.jpg",1200,800,false],"trp-custom-language-flag":["https:\/\/bassin-arcachon.com\/wp-content\/uploads\/2017\/03\/camping-bassin-arcachon-18x12.jpg",18,12,true]},"uagb_author_info":{"display_name":"Audrey RAMBAUT","author_link":"https:\/\/bassin-arcachon.com\/zh\/author\/audrey-siba\/"},"uagb_comment_info":0,"uagb_excerpt":"Optez pour un h\u00f4tel \u00e0 Biganos et vivez un s\u00e9jour inoubliable en famille ou \u00e0 deux ! Sur le Bassin d&rsquo;Arcachon, trouvez votre h\u00f4tel avec chambres familiales, restaurant ou Wi-Fi [&hellip;]","_links":{"self":[{"href":"https:\/\/bassin-arcachon.com\/zh\/wp-json\/wp\/v2\/pages\/26869","targetHints":{"allow":["GET"]}}],"collection":[{"href":"https:\/\/bassin-arcachon.com\/zh\/wp-json\/wp\/v2\/pages"}],"about":[{"href":"https:\/\/bassin-arcachon.com\/zh\/wp-json\/wp\/v2\/types\/page"}],"author":[{"embeddable":true,"href":"https:\/\/bassin-arcachon.com\/zh\/wp-json\/wp\/v2\/users\/24"}],"replies":[{"embeddable":true,"href":"https:\/\/bassin-arcachon.com\/zh\/wp-json\/wp\/v2\/comments?post=26869"}],"version-history":[{"count":2,"href":"https:\/\/bassin-arcachon.com\/zh\/wp-json\/wp\/v2\/pages\/26869\/revisions"}],"predecessor-version":[{"id":68243,"href":"https:\/\/bassin-arcachon.com\/zh\/wp-json\/wp\/v2\/pages\/26869\/revisions\/68243"}],"up":[{"embeddable":true,"href":"https:\/\/bassin-arcachon.com\/zh\/wp-json\/wp\/v2\/pages\/43"}],"wp:featuredmedia":[{"embeddable":true,"href":"https:\/\/bassin-arcachon.com\/zh\/wp-json\/wp\/v2\/media\/2217"}],"wp:attachment":[{"href":"https:\/\/bassin-arcachon.com\/zh\/wp-json\/wp\/v2\/media?parent=26869"}],"curies":[{"name":"\u53ef\u6e7f\u6027\u7c89\u5242","href":"https:\/\/api.w.org\/{rel}","templated":true}]}}