{"id":26932,"date":"2018-11-15T12:18:51","date_gmt":"2018-11-15T11:18:51","guid":{"rendered":"https:\/\/bassin-arcachon.com\/\/?page_id=26932"},"modified":"2024-11-06T10:51:41","modified_gmt":"2024-11-06T09:51:41","slug":"%e5%8f%a4%e8%ae%a9%e6%a2%85%e6%96%af%e7%89%b9%e6%8b%89%e6%96%af","status":"publish","type":"page","link":"https:\/\/bassin-arcachon.com\/zh\/ou-dormir\/gujan-mestras\/","title":{"rendered":"\u6211\u4eec\u5728\u53e4\u8ba9\u6885\u65af\u7279\u62c9\u65af\u62e5\u6709\u7684\u9152\u5e97"},"content":{"rendered":"<div class=\"wp-block-uagb-container uagb-block-2e0d9744 alignfull uagb-is-root-container\"><div class=\"uagb-container-inner-blocks-wrap\">\n<h2 class=\"wp-block-heading has-text-align-center\" style=\"font-size:25px\">\u9009\u62e9\u5c45\u8ba9\u6885\u65af\u7279\u62c9\u5168\u5e74\u5f00\u653e\u3001\u5141\u8bb8\u643a\u5e26\u5bb6\u5ead\u623f\u4e14\u5141\u8bb8\u643a\u5e26\u5ba0\u7269\u7684\u9152\u5e97\u3002\u5145\u6ee1\u5f02\u56fd\u60c5\u8c03\u7684\u5047\u671f\uff01<\/h2>\n<\/div><\/div>\n\n\n\n<div style=\"height:40px\" aria-hidden=\"true\" class=\"wp-block-spacer\"><\/div>\n\n\n\n<div class=\"wp-block-uagb-container uagb-block-42845820 alignfull uagb-is-root-container\"><div class=\"uagb-container-inner-blocks-wrap\">\n<div class=\"wp-block-uagb-container uagb-block-8db941a9\">\n<h2 class=\"wp-block-heading\">\u6211\u4eec\u5728 Gujan-Mestras \u7684\u9152\u5e97\u5168\u5e74\u8425\u4e1a<\/h2>\n\n\n\n<p>Arcachon\u7684Bassin\u6bcf\u4e00\u5b63\u90fd\u66f4\u7f8e\uff01\u5982\u679c\u4f60\u51ac\u5929\u6765\u90a3\u91cc\u5ea6\u5468\u672b\uff1f\u627e\u5230\u60a8\u5168\u5e74\u5f00\u653e\u7684\u9152\u5e97\u5e76\u9009\u62e9\u539f\u59cb\u4f4f\u5bbf\u3002\u5f53\u9053\u8def\u548c\u6d77\u6ee9\u5e73\u9759\u65f6\uff0c\u4eab\u53d7\u76c6\u5730\u7684\u5e73\u9759\u548c\u795e\u5947\u3002\u4f60\u7684\u6b65\u5c65\u53ea\u4f1a\u66f4\u7f8e\uff01\u6c89\u6d78\u5728\u8f7b\u677e\u7684\u6c1b\u56f4\u4e2d\uff0c\u53d1\u73b0 Gujan-Mestras \u5e02\u7684\u65b0\u9762\u8c8c\uff01\u8fd9\u662f\u4e00\u5bb6\u4eba\u751a\u81f3\u4e00\u5bf9\u592b\u5987\u63a2\u7d22\u76c6\u5730\u7684\u6700\u4f73\u65f6\u673a\u3002\u9009\u62e9\u60a8\u5728 Gujan-Mestras \u5168\u5e74\u5f00\u653e\u7684\u9152\u5e97\uff01<\/p>\n\n\n\n<div class=\"wp-block-buttons is-layout-flex wp-block-buttons-is-layout-flex\">\n<div class=\"wp-block-button\"><a class=\"wp-block-button__link wp-element-button\" href=\"https:\/\/bassin-arcachon.com\/zh\/%e4%bd%8f%e5%ae%bf-2\/%e5%8f%a4%e8%ae%a9%e6%a2%85%e6%96%af%e7%89%b9%e6%8b%89%e9%85%92%e5%ba%97\/\">\u9152\u5e97\u5168\u5e74\u5f00\u653e<\/a><\/div>\n<\/div>\n<\/div>\n\n\n\n<div class=\"wp-block-uagb-container uagb-block-79fb7fce\">\n<div class=\"wp-block-uagb-image uagb-block-fc26a7bb wp-block-uagb-image--layout-default wp-block-uagb-image--effect-static wp-block-uagb-image--align-none\"><figure class=\"wp-block-uagb-image__figure\"><img decoding=\"async\" srcset=\"https:\/\/bassin-arcachon.com\/wp-content\/uploads\/2018\/04\/Sentier-littoral-Gujan.jpg \" sizes=\"auto, (max-width: 480px) 150px\" src=\"https:\/\/bassin-arcachon.com\/wp-content\/uploads\/2018\/04\/Sentier-littoral-Gujan.jpg\" alt=\"- - Bassin d&#039;Arcachon\" class=\"uag-image-20636\" width=\"1000\" height=\"666\" title=\"- - Bassin d&#039;Arcachon\" loading=\"lazy\" role=\"img\"><\/figure><\/div>\n<\/div>\n<\/div><\/div>\n\n\n\n<div style=\"height:60px\" aria-hidden=\"true\" class=\"wp-block-spacer\"><\/div>\n\n\n\n<div class=\"wp-block-uagb-container uagb-block-af24433d alignfull uagb-is-root-container\"><div class=\"uagb-container-inner-blocks-wrap\">\n<div class=\"wp-block-uagb-container uagb-block-62904751\">\n<div class=\"wp-block-uagb-image uagb-block-b2f01bba wp-block-uagb-image--layout-default wp-block-uagb-image--effect-static wp-block-uagb-image--align-none\"><figure class=\"wp-block-uagb-image__figure\"><img decoding=\"async\" srcset=\"https:\/\/bassin-arcachon.com\/wp-content\/uploads\/2018\/07\/Balade_dans_les_ports_du_Bassin_Arcachon-1024x683.jpg \" sizes=\"auto, (max-width: 480px) 150px\" src=\"https:\/\/bassin-arcachon.com\/wp-content\/uploads\/2018\/07\/Balade_dans_les_ports_du_Bassin_Arcachon-1024x683.jpg\" alt=\"- - Bassin d&#039;Arcachon\" class=\"uag-image-24424\" width=\"1024\" height=\"683\" title=\"- - Bassin d&#039;Arcachon\" loading=\"lazy\" role=\"img\"><\/figure><\/div>\n<\/div>\n\n\n\n<div class=\"wp-block-uagb-container uagb-block-3fabdf68\">\n<h2 class=\"wp-block-heading\">\u6211\u4eec\u5728 Gujan-Mestras \u8bbe\u6709\u5bb6\u5ead\u623f\u7684\u9152\u5e97<\/h2>\n\n\n\n<p>\u4f60\u548c\u5bb6\u4eba\u4e00\u8d77\u5f85\u5728\u6c34\u6c60\u4e0a\u5417\uff1f\u9009\u62e9\u5e26\u5bb6\u5ead\u623f\u7684\u9152\u5e97\uff01\u4eab\u53d7\u5bbd\u655e\u8212\u9002\u7684\u5ba2\u623f\uff0c\u6bcf\u4e2a\u4eba\u90fd\u6709\u81ea\u5df1\u7684\u7a7a\u95f4\u3002\u4e00\u8fb9\u586b\u5b57\uff0c\u4e00\u8fb9\u6d82\u8272\uff0c\u662f\u5927\u4eba\u548c\u5b69\u5b50\u6210\u529f\u540c\u5c45\u7684\u4fdd\u8bc1\uff01\u4e3a\u4e86\u66f4\u52a0\u65b9\u4fbf\uff0c\u60a8\u751a\u81f3\u53ef\u4ee5\u9009\u62e9\u8fde\u901a\u623f\u3002\u9009\u62e9\u6211\u4eec\u4f4d\u4e8e\u53e4\u8ba9\u6885\u65af\u7279\u62c9\u65af\u7684\u9152\u5e97\u4e4b\u4e00\u7684\u5bb6\u5ead\u623f\uff0c\u4e0e\u60a8\u7684\u5bb6\u4eba\u4e00\u8d77\u5ea6\u8fc7\u7f8e\u597d\u7684\u65f6\u5149\uff01<\/p>\n\n\n\n<div class=\"wp-block-buttons is-layout-flex wp-block-buttons-is-layout-flex\">\n<div class=\"wp-block-button\"><a class=\"wp-block-button__link wp-element-button\" href=\"https:\/\/bassin-arcachon.com\/zh\/%e4%bd%8f%e5%ae%bf-2\/%e5%8f%a4%e8%ae%a9%e6%a2%85%e6%96%af%e7%89%b9%e6%8b%89%e5%ae%b6%e6%97%8f%e9%85%92%e5%ba%97\/\">\u5e26\u5bb6\u5ead\u623f\u7684\u9152\u5e97<\/a><\/div>\n<\/div>\n<\/div>\n<\/div><\/div>\n\n\n\n<div style=\"height:60px\" aria-hidden=\"true\" class=\"wp-block-spacer\"><\/div>\n\n\n\n<div class=\"wp-block-uagb-container uagb-block-994482dd alignfull uagb-is-root-container\"><div class=\"uagb-container-inner-blocks-wrap\">\n<div class=\"wp-block-uagb-container uagb-block-2a4164f1\">\n<h2 class=\"wp-block-heading\">\u6211\u4eec\u5728 Gujan-Mestras \u7684\u9152\u5e97\u4e0e\u60a8\u7684\u5ba0\u7269\u4e00\u8d77<\/h2>\n\n\n\n<p>\u9700\u8981\u6362\u4e2a\u73af\u5883\u5417\uff1f\u60a8\u7684\u5ba0\u7269\u4e5f\u5e94\u8be5\u653e\u4e2a\u5047\uff01\u5e26\u7740\u5b83\u5728\u963f\u5361\u96c4\u7684 Bassin \u4e0a\uff0c\u5e76\u5165\u4f4f\u5141\u8bb8\u643a\u5e26\u5ba0\u7269\u7684 Gujan-Mestras \u7684\u9152\u5e97\u3002\u5728\u6c99\u6ee9\u4e0a\u8dd1\u6b65\u6216\u4e0e\u60a8\u7684\u5ba0\u7269\u5728\u68ee\u6797\u4e2d\u6563\u6b65\uff0c\u60a8\u662f\u5426\u52a8\u5fc3\u4e86\uff1f\u8fd9\u662f\u4e0e\u5fe0\u5b9e\u670b\u53cb\u4e00\u8d77\u5ea6\u8fc7\u5e76\u52a0\u5f3a\u8054\u7cfb\u7684\u7406\u60f3\u6d3b\u52a8\u3002\u9009\u62e9\u4e00\u5bb6\u63a5\u53d7\u52a8\u7269\u5165\u4f4f\u7684\u9152\u5e97\uff0c\u5728 100% \u81ea\u7136\u548c\u653e\u677e\u7684\u73af\u5883\u4e2d\u4e0e\u60a8\u7684\u5ba0\u7269\u5206\u4eab\u96be\u5fd8\u7684\u65f6\u523b\uff01<\/p>\n\n\n\n<div class=\"wp-block-buttons is-layout-flex wp-block-buttons-is-layout-flex\">\n<div class=\"wp-block-button\"><a class=\"wp-block-button__link wp-element-button\" href=\"https:\/\/bassin-arcachon.com\/zh\/%e4%bd%8f%e5%ae%bf-2\/%e5%8f%a4%e8%ae%a9%e6%a2%85%e6%96%af%e7%89%b9%e6%8b%89%e5%92%8c%e5%8a%a8%e7%89%a9%e9%85%92%e5%ba%97\/\">\u5e26\u5ba0\u7269\u7684\u9152\u5e97<\/a><\/div>\n<\/div>\n<\/div>\n\n\n\n<div class=\"wp-block-uagb-container uagb-block-3aaa5614\">\n<div class=\"wp-block-uagb-image uagb-block-3dbebb43 wp-block-uagb-image--layout-default wp-block-uagb-image--effect-static wp-block-uagb-image--align-none\"><figure class=\"wp-block-uagb-image__figure\"><img decoding=\"async\" srcset=\"https:\/\/bassin-arcachon.com\/wp-content\/uploads\/2017\/03\/hebergement-animaux-acceptes-1024x532.jpg \" sizes=\"auto, (max-width: 480px) 150px\" src=\"https:\/\/bassin-arcachon.com\/wp-content\/uploads\/2017\/03\/hebergement-animaux-acceptes-1024x532.jpg\" alt=\"- - Bassin d&#039;Arcachon\" class=\"uag-image-1384\" width=\"1024\" height=\"532\" title=\"- - Bassin d&#039;Arcachon\" loading=\"lazy\" role=\"img\"><\/figure><\/div>\n<\/div>\n<\/div><\/div>\n\n\n\n<div style=\"height:60px\" aria-hidden=\"true\" class=\"wp-block-spacer\"><\/div>\n\n\n\n<div class=\"wp-block-uagb-container uagb-block-ba682284 alignfull uagb-is-root-container\">\n<div class=\"wp-block-cover is-light has-parallax\"><span aria-hidden=\"true\" class=\"wp-block-cover__background has-background-dim-0 has-background-dim\"><\/span><div class=\"wp-block-cover__image-background wp-image-1345 has-parallax\" style=\"background-position:50% 50%;background-image:url(https:\/\/bassin-arcachon.com\/wp-content\/uploads\/2017\/03\/Camping-Panorama-du-Pyla-cottage-vue-mer-coin-farniente.jpg)\"><\/div><div class=\"wp-block-cover__inner-container is-layout-flow wp-block-cover-is-layout-flow\">\n<div class=\"wp-block-uagb-container uagb-block-a717ad8a\">\n<h2 class=\"wp-block-heading has-text-align-center has-white-color has-text-color has-large-font-size\">\u5728\u963f\u5361\u96c4\u7684 Bassin \u9152\u5e97\u4e4b\u4e00\u8f7b\u677e\u5ea6\u8fc7\u60a8\u7684\u5047\u671f<\/h2>\n\n\n\n<p class=\"has-text-align-center has-white-color has-text-color\"><a href=\"https:\/\/bassin-arcachon.com\/zh\/%e4%bd%8f%e5%ae%bf-2\/%e9%85%92%e5%ba%97-2\/\">\u5f00\u59cb\u60a8\u7684\u641c\u7d22<\/a><\/p>\n<\/div>\n<\/div><\/div>\n<\/div>\n\n\n\n<div style=\"height:60px\" aria-hidden=\"true\" class=\"wp-block-spacer\"><\/div>\n\n\n\n<div class=\"wp-block-uagb-container uagb-block-67970557 alignfull uagb-is-root-container\"><div class=\"uagb-container-inner-blocks-wrap\">\n<div class=\"wp-block-uagb-container uagb-block-dd7dcc04\">\n<h3 class=\"wp-block-heading\">\u60a8\u60f3\u5728Gujan-Mestras\u9644\u8fd1\u9884\u8ba2\u9152\u5e97\u5417\uff1f<\/h3>\n\n\n\n<p>\u63a2\u7d22\u6211\u4eec\u4f4d\u4e8e Bassin Arcachon \u7684\u6240\u6709\u9152\u5e97\uff1a&nbsp;<a href=\"https:\/\/bassin-arcachon.com\/zh\/%e4%bd%8f%e5%ae%bf-2\/%e9%85%92%e5%ba%97-2+%e6%88%98%e7%a5%9e-2\/\">\u6218\u795e<\/a>,&nbsp;<a href=\"https:\/\/bassin-arcachon.com\/zh\/%e4%bd%8f%e5%ae%bf-2\/%e9%85%92%e5%ba%97-2+%e9%98%bf%e5%8d%a1%e9%9b%84\/\">\u963f\u5361\u96c4<\/a>,&nbsp;<a href=\"https:\/\/bassin-arcachon.com\/zh\/%e4%bd%8f%e5%ae%bf-2\/%e9%85%92%e5%ba%97-2+%e6%89%b9%e9%87%8f%e6%b5%8b%e8%af%95\/\">La Teste de Buch<\/a>,&nbsp;<a href=\"https:\/\/bassin-arcachon.com\/zh\/%e4%bd%8f%e5%ae%bf-2\/%e9%85%92%e5%ba%97-2+%e5%ae%89%e5%be%b7%e8%af%ba%e6%96%af\/\">\u5b89\u5fb7\u8bfa\u65af<\/a>,&nbsp;<a href=\"https:\/\/bassin-arcachon.com\/zh\/%e4%bd%8f%e5%ae%bf-2\/%e9%85%92%e5%ba%97-2+%e5%8b%92%e6%b3%b0%e5%85%8b\/\">Le Teich\uff0c<\/a>&nbsp;<a href=\"https:\/\/bassin-arcachon.com\/zh\/%e4%bd%8f%e5%ae%bf-2\/%e9%85%92%e5%ba%97-2+%e7%9b%86%e5%9c%b0%e4%b9%8b%e5%bf%83\/\">\u6bd4\u52a0\u8bfa\u65af<\/a>&nbsp;<a href=\"https:\/\/bassin-arcachon.com\/zh\/%e4%bd%8f%e5%ae%bf-2\/%e9%85%92%e5%ba%97-2+%e7%9b%86%e5%9c%b0%e4%b9%8b%e5%bf%83\/\">\u5965\u767b\u683c<\/a>,<a href=\"https:\/\/bassin-arcachon.com\/zh\/%e4%bd%8f%e5%ae%bf-2\/%e9%85%92%e5%ba%97-2+%e7%9b%86%e5%9c%b0%e4%b9%8b%e5%bf%83\/\">&nbsp;\u5170\u987f&nbsp;<\/a>\u548c&nbsp;<a href=\"https:\/\/bassin-arcachon.com\/zh\/%e4%bd%8f%e5%ae%bf-2\/%e9%85%92%e5%ba%97-2+lege-cap-ferret\/\">\u96ea\u8c82<\/a>&nbsp;!<\/p>\n<\/div>\n\n\n\n<div class=\"wp-block-uagb-container uagb-block-dd7a49a4\">\n<div class=\"wp-block-uagb-image uagb-block-349829c0 wp-block-uagb-image--layout-default wp-block-uagb-image--effect-static wp-block-uagb-image--align-none\"><figure class=\"wp-block-uagb-image__figure\"><img decoding=\"async\" srcset=\"https:\/\/bassin-arcachon.com\/wp-content\/uploads\/2018\/09\/nourri-a-lhu\u00eetre-\u00e9lev\u00e9-sous-les-pins-Bassin-dArcachon.jpg 1000w, https:\/\/bassin-arcachon.com\/wp-content\/uploads\/2018\/09\/nourri-a-lhu\u00eetre-\u00e9lev\u00e9-sous-les-pins-Bassin-dArcachon-600x400.jpg 600w, https:\/\/bassin-arcachon.com\/wp-content\/uploads\/2018\/09\/nourri-a-lhu\u00eetre-\u00e9lev\u00e9-sous-les-pins-Bassin-dArcachon-768x511.jpg 768w, https:\/\/bassin-arcachon.com\/wp-content\/uploads\/2018\/09\/nourri-a-lhu\u00eetre-\u00e9lev\u00e9-sous-les-pins-Bassin-dArcachon-18x12.jpg 18w\" sizes=\"auto, (max-width: 480px) 150px\" src=\"https:\/\/bassin-arcachon.com\/wp-content\/uploads\/2018\/09\/nourri-a-lhu\u00eetre-\u00e9lev\u00e9-sous-les-pins-Bassin-dArcachon.jpg\" alt=\"- - Bassin d&#039;Arcachon\" class=\"uag-image-26169\" width=\"1000\" height=\"666\" title=\"- - Bassin d&#039;Arcachon\" loading=\"lazy\" role=\"img\"><\/figure><\/div>\n<\/div>\n<\/div><\/div>\n\n\n\n<div style=\"height:60px\" aria-hidden=\"true\" class=\"wp-block-spacer\"><\/div>","protected":false},"excerpt":{"rendered":"<p>Choisissez un h\u00f4tel \u00e0 Gujan-Mestras ouvert toute l&rsquo;ann\u00e9e, avec chambres familiales et animaux de compagnie admis. Des vacances d\u00e9paysantes en perspective ! Nos h\u00f4tels \u00e0 Gujan-Mestras ouverts toute l\u2019ann\u00e9e Le [&hellip;]<\/p>\n","protected":false},"author":24,"featured_media":2217,"parent":43,"menu_order":1,"comment_status":"closed","ping_status":"closed","template":"","meta":{"_acf_changed":false,"_uag_custom_page_level_css":"","footnotes":""},"class_list":["post-26932","page","type-page","status-publish","has-post-thumbnail","hentry"],"acf":[],"uagb_featured_image_src":{"full":["https:\/\/bassin-arcachon.com\/wp-content\/uploads\/2017\/03\/camping-bassin-arcachon.jpg",1200,800,false],"thumbnail":["https:\/\/bassin-arcachon.com\/wp-content\/uploads\/2017\/03\/camping-bassin-arcachon-150x150.jpg",150,150,true],"medium":["https:\/\/bassin-arcachon.com\/wp-content\/uploads\/2017\/03\/camping-bassin-arcachon-600x400.jpg",600,400,true],"medium_large":["https:\/\/bassin-arcachon.com\/wp-content\/uploads\/2017\/03\/camping-bassin-arcachon-768x512.jpg",768,512,true],"large":["https:\/\/bassin-arcachon.com\/wp-content\/uploads\/2017\/03\/camping-bassin-arcachon-1024x683.jpg",1024,683,true],"1536x1536":["https:\/\/bassin-arcachon.com\/wp-content\/uploads\/2017\/03\/camping-bassin-arcachon.jpg",1200,800,false],"2048x2048":["https:\/\/bassin-arcachon.com\/wp-content\/uploads\/2017\/03\/camping-bassin-arcachon.jpg",1200,800,false],"trp-custom-language-flag":["https:\/\/bassin-arcachon.com\/wp-content\/uploads\/2017\/03\/camping-bassin-arcachon-18x12.jpg",18,12,true]},"uagb_author_info":{"display_name":"Audrey RAMBAUT","author_link":"https:\/\/bassin-arcachon.com\/zh\/author\/audrey-siba\/"},"uagb_comment_info":0,"uagb_excerpt":"Choisissez un h\u00f4tel \u00e0 Gujan-Mestras ouvert toute l&rsquo;ann\u00e9e, avec chambres familiales et animaux de compagnie admis. Des vacances d\u00e9paysantes en perspective ! Nos h\u00f4tels \u00e0 Gujan-Mestras ouverts toute l\u2019ann\u00e9e Le [&hellip;]","_links":{"self":[{"href":"https:\/\/bassin-arcachon.com\/zh\/wp-json\/wp\/v2\/pages\/26932","targetHints":{"allow":["GET"]}}],"collection":[{"href":"https:\/\/bassin-arcachon.com\/zh\/wp-json\/wp\/v2\/pages"}],"about":[{"href":"https:\/\/bassin-arcachon.com\/zh\/wp-json\/wp\/v2\/types\/page"}],"author":[{"embeddable":true,"href":"https:\/\/bassin-arcachon.com\/zh\/wp-json\/wp\/v2\/users\/24"}],"replies":[{"embeddable":true,"href":"https:\/\/bassin-arcachon.com\/zh\/wp-json\/wp\/v2\/comments?post=26932"}],"version-history":[{"count":2,"href":"https:\/\/bassin-arcachon.com\/zh\/wp-json\/wp\/v2\/pages\/26932\/revisions"}],"predecessor-version":[{"id":68242,"href":"https:\/\/bassin-arcachon.com\/zh\/wp-json\/wp\/v2\/pages\/26932\/revisions\/68242"}],"up":[{"embeddable":true,"href":"https:\/\/bassin-arcachon.com\/zh\/wp-json\/wp\/v2\/pages\/43"}],"wp:featuredmedia":[{"embeddable":true,"href":"https:\/\/bassin-arcachon.com\/zh\/wp-json\/wp\/v2\/media\/2217"}],"wp:attachment":[{"href":"https:\/\/bassin-arcachon.com\/zh\/wp-json\/wp\/v2\/media?parent=26932"}],"curies":[{"name":"\u53ef\u6e7f\u6027\u7c89\u5242","href":"https:\/\/api.w.org\/{rel}","templated":true}]}}