{"id":26935,"date":"2018-11-15T12:29:36","date_gmt":"2018-11-15T11:29:36","guid":{"rendered":"https:\/\/bassin-arcachon.com\/\/?page_id=26935"},"modified":"2024-11-06T10:50:09","modified_gmt":"2024-11-06T09:50:09","slug":"%e6%88%91%e4%bb%ac%e7%9a%84%e9%85%92%e5%ba%97%e5%9c%a8audenge","status":"publish","type":"page","link":"https:\/\/bassin-arcachon.com\/zh\/ou-dormir\/nos-hotels-a-audenge\/","title":{"rendered":"\u6211\u4eec\u5728 \u5965\u767b\u65e5\u62e5\u6709\u7684\u9152\u5e97"},"content":{"rendered":"<div class=\"wp-block-uagb-container uagb-block-fca88788 alignfull uagb-is-root-container\"><div class=\"uagb-container-inner-blocks-wrap\">\n<h2 class=\"wp-block-heading has-text-align-center\" style=\"font-size:25px\">\u4ece\u6211\u4eec\u5728 \u6b27\u767b\u65e5\u4e3a\u60a8\u63d0\u4f9b\u7684\u9152\u5e97\u4e2d\u8fdb\u884c\u9009\u62e9\u3002\u6211\u4eec\u5728 Bassin \u963f\u5361\u96c4\u4e2d\u5fc3\u63d0\u4f9b\u5e26\u6e38\u6cf3\u6c60\u3001\u505c\u8f66\u573a\u6216 Wi-Fi \u7684\u9152\u5e97\uff01<\/h2>\n<\/div><\/div>\n\n\n\n<div style=\"height:40px\" aria-hidden=\"true\" class=\"wp-block-spacer\"><\/div>\n\n\n\n<div class=\"wp-block-uagb-container uagb-block-bdf9dd58 alignfull uagb-is-root-container\"><div class=\"uagb-container-inner-blocks-wrap\">\n<div class=\"wp-block-uagb-container uagb-block-2e0bc8ef\">\n<h2 class=\"wp-block-heading\">\u6211\u4eec\u5728\u5965\u767b\u65e5\u62e5\u6709\u6e38\u6cf3\u6c60\u7684\u9152\u5e97<\/h2>\n\n\n\n<p>\u9002\u5408\u60c5\u4fa3\u6216\u5e26\u7740\u5b69\u5b50\u4e00\u8d77\u5165\u4f4f\u6211\u4eec\u4f4d\u4e8e\u6b27\u767b\u65e5\u7684\u4e00\u5bb6\u5e26\u6e38\u6cf3\u6c60\u7684\u9152\u5e97\uff01\u4e00\u5929\u4e2d\u7684\u4efb\u4f55\u65f6\u95f4\u90fd\u53ef\u4ee5\u4eab\u53d7\u6e38\u6cf3\u7684\u4e50\u8da3\u3002\u65e9\u4e0a\u6e38\u51e0\u6b21\u6cf3\uff0c\u8f7b\u8f7b\u5524\u9192\u60a8\u7684\u8eab\u4f53\uff0c\u6216\u8005\u4e0b\u5348\u4ece\u6d77\u6ee9\u8fd4\u56de\u540e\uff0c\u5728\u6cf3\u6c60\u8fb9\u653e\u677e\u8eab\u5fc3\u3002\u60f3\u8981\u4e00\u4e2a\u6709\u8da3\u7684\u5bb6\u5ead\u6d3b\u52a8\u5417\uff1f\u90fd\u5728\u6c34\u91cc\u4e86\uff01\u8fd9\u662f\u4e00\u4e2a\u5728\u5e74\u8f7b\u4eba\u548c\u8001\u5e74\u4eba\u4e4b\u95f4\u521b\u9020\u5171\u8c0b\u7f8e\u597d\u65f6\u523b\u7684\u673a\u4f1a\u3002\u9009\u62e9\u60a8\u4f4d\u4e8e\u6b27\u767b\u65e5\u7684\u5e26\u6cf3\u6c60\u9152\u5e97\uff0c\u4eab\u53d7\u96be\u5fd8\u7684\u4f4f\u5bbf\u4f53\u9a8c\uff01<\/p>\n\n\n\n<div class=\"wp-block-buttons is-layout-flex wp-block-buttons-is-layout-flex\">\n<div class=\"wp-block-button\"><a class=\"wp-block-button__link wp-element-button\" href=\"https:\/\/bassin-arcachon.com\/zh\/%e4%bd%8f%e5%ae%bf-2\/%e9%85%92%e5%ba%97%40audenge%26amp%3bs%e6%b8%b8%e6%b3%b3%e6%b1%a0\/\">\u5e26\u6e38\u6cf3\u6c60\u7684\u9152\u5e97<\/a><\/div>\n<\/div>\n<\/div>\n\n\n\n<div class=\"wp-block-uagb-container uagb-block-f97ba7b2\">\n<div class=\"wp-block-uagb-image uagb-block-c91a4ee2 wp-block-uagb-image--layout-default wp-block-uagb-image--effect-static wp-block-uagb-image--align-none\"><figure class=\"wp-block-uagb-image__figure\"><img decoding=\"async\" srcset=\"https:\/\/bassin-arcachon.com\/wp-content\/uploads\/2018\/07\/Balade-dans-le-port-Audenge.jpg \" sizes=\"auto, (max-width: 480px) 150px\" src=\"https:\/\/bassin-arcachon.com\/wp-content\/uploads\/2018\/07\/Balade-dans-le-port-Audenge.jpg\" alt=\"- - Bassin d&#039;Arcachon\" class=\"uag-image-23932\" width=\"1000\" height=\"666\" title=\"- - Bassin d&#039;Arcachon\" loading=\"lazy\" role=\"img\"><\/figure><\/div>\n<\/div>\n<\/div><\/div>\n\n\n\n<div style=\"height:60px\" aria-hidden=\"true\" class=\"wp-block-spacer\"><\/div>\n\n\n\n<div class=\"wp-block-uagb-container uagb-block-d309b0cb alignfull uagb-is-root-container\"><div class=\"uagb-container-inner-blocks-wrap\">\n<div class=\"wp-block-uagb-container uagb-block-9da79623\">\n<div class=\"wp-block-uagb-image uagb-block-707b798d wp-block-uagb-image--layout-default wp-block-uagb-image--effect-static wp-block-uagb-image--align-none\"><figure class=\"wp-block-uagb-image__figure\"><img decoding=\"async\" srcset=\"https:\/\/bassin-arcachon.com\/wp-content\/uploads\/2017\/02\/parking-dune-du-pilat-bassin-arcachon.jpg \" sizes=\"auto, (max-width: 480px) 150px\" src=\"https:\/\/bassin-arcachon.com\/wp-content\/uploads\/2017\/02\/parking-dune-du-pilat-bassin-arcachon.jpg\" alt=\"- - Bassin d&#039;Arcachon\" class=\"uag-image-24069\" width=\"1000\" height=\"500\" title=\"- - Bassin d&#039;Arcachon\" loading=\"lazy\" role=\"img\"><\/figure><\/div>\n<\/div>\n\n\n\n<div class=\"wp-block-uagb-container uagb-block-95c927c2\">\n<h2 class=\"wp-block-heading\">\u6211\u4eec\u5728\u5965\u767b\u65e5\u62e5\u6709\u505c\u8f66\u573a\u7684\u9152\u5e97<\/h2>\n\n\n\n<p>\u60a8\u662f\u5426\u68a6\u60f3\u80fd\u591f\u5728\u767d\u5929\u6216\u665a\u4e0a\u7684\u4efb\u4f55\u65f6\u95f4\u5b8c\u5168\u5b89\u5fc3\u5730\u505c\u8f66\uff1f\u5728\u6211\u4eec\u63d0\u4f9b\u79c1\u4eba\u505c\u8f66\u4f4d\u7684\u9152\u5e97\u4e2d\uff0c\u60a8\u5728\u6b27\u767b\u65e5\u5ea6\u5047\u6216\u5468\u672b\u671f\u95f4\u4e00\u5b9a\u80fd\u62e5\u6709\u4e00\u4e2a\u5b89\u5168\u7684\u505c\u653e\u8f66\u8f86\u7684\u5730\u65b9\uff01\u767d\u5929\u5728\u6cf3\u6c60\u91cc\u8f6c\u8f6c\uff0c\u6216\u8005\u665a\u4e0a\u53bb\u9910\u5385\u5403\u665a\u996d\uff0c\u5f53\u60a8\u56de\u6765\u65f6\uff0c\u60a8\u7684\u5ea7\u4f4d\u5c06\u5728\u7b49\u60a8\u3002\u9009\u62e9\u6211\u4eec\u4f4d\u4e8e\u6b27\u767b\u65e5\u5e26\u505c\u8f66\u4f4d\u7684\u9152\u5e97\u4e4b\u4e00\uff0c\u53ea\u9700\u51e0\u5206\u949f\u5373\u53ef\u91cd\u65b0\u4f53\u9a8c\u505c\u8f66\u7684\u4e50\u8da3\uff01<\/p>\n\n\n\n<div class=\"wp-block-buttons is-layout-flex wp-block-buttons-is-layout-flex\">\n<div class=\"wp-block-button\"><a class=\"wp-block-button__link wp-element-button\" href=\"https:\/\/bassin-arcachon.com\/zh\/%e4%bd%8f%e5%ae%bf-2\/%e9%85%92%e5%ba%97%40audenge%26amp%3b%e5%81%9c%e8%bd%a6\/\">\u5e26\u505c\u8f66\u573a\u7684\u9152\u5e97<\/a><\/div>\n<\/div>\n<\/div>\n<\/div><\/div>\n\n\n\n<div style=\"height:60px\" aria-hidden=\"true\" class=\"wp-block-spacer\"><\/div>\n\n\n\n<div class=\"wp-block-uagb-container uagb-block-42eaf61e alignfull uagb-is-root-container\"><div class=\"uagb-container-inner-blocks-wrap\">\n<div class=\"wp-block-uagb-container uagb-block-c55291be\">\n<h2 class=\"wp-block-heading\">\u6211\u4eec\u5728\u5965\u767b\u65e5\u62e5\u6709 Wifi \u7684\u9152\u5e97<\/h2>\n\n\n\n<p>\u60a8\u60f3\u8fdc\u79bb\u4e00\u5207\uff0c\u540c\u65f6\u4e0e\u4e16\u754c\u5176\u4ed6\u5730\u65b9\u4fdd\u6301\u8054\u7cfb\u5417\uff1f\u9009\u62e9\u6211\u4eec\u5728\u5965\u767b\u65e5\u63d0\u4f9b Wifi \u7684\u9152\u5e97\u4e4b\u4e00\uff0c\u5728\u76c6\u5730\u4e2d\u5fc3\u9017\u7559\u671f\u95f4\u4e0e\u5916\u754c\u4fdd\u6301\u8054\u7cfb\uff01\u67e5\u627e\u8be5\u5730\u533a\u6700\u597d\u7684\u9910\u5385\uff0c\u5206\u4eab\u60a8\u7684\u5370\u8c61\u6216\u5728\u60a8\u7684\u9152\u5e97\u623f\u95f4\u9884\u8ba2\u4e0d\u5bfb\u5e38\u7684\u6d3b\u52a8\u3002\u4f60\u4eec\u4e2d\u7684\u8bb8\u591a\u4eba\u90fd\u5fc5\u987b\u62e5\u6709\uff01\u5f97\u76ca\u4e8e\u7b80\u5355\u5b9e\u7528\u7684 Wi-Fi \u63a5\u5165\uff0c\u6211\u4eec\u5728 Audenge \u7684\u9152\u5e97\u4e3a\u60a8\u63d0\u4f9b\u5728\u5927\u81ea\u7136\u4e2d\u5fc3\u7684\u4e92\u8054\u4f4f\u5bbf\u3002\u826f\u597d\u7684\u6c1b\u56f4\u4fdd\u8bc1\uff01<\/p>\n\n\n\n<div class=\"wp-block-buttons is-layout-flex wp-block-buttons-is-layout-flex\">\n<div class=\"wp-block-button\"><a class=\"wp-block-button__link wp-element-button\" href=\"https:\/\/bassin-arcachon.com\/zh\/%e4%bd%8f%e5%ae%bf-2\/%e9%85%92%e5%ba%97%40audenge%26amp%3bwifi\/\">\u63d0\u4f9b Wi-Fi \u7684\u9152\u5e97<\/a><\/div>\n<\/div>\n<\/div>\n\n\n\n<div class=\"wp-block-uagb-container uagb-block-79f3a01b\">\n<div class=\"wp-block-uagb-image uagb-block-be92d523 wp-block-uagb-image--layout-default wp-block-uagb-image--effect-static wp-block-uagb-image--align-none\"><figure class=\"wp-block-uagb-image__figure\"><img decoding=\"async\" srcset=\"https:\/\/bassin-arcachon.com\/wp-content\/uploads\/2020\/07\/header-wifi-1024x522.jpg \" sizes=\"auto, (max-width: 480px) 150px\" src=\"https:\/\/bassin-arcachon.com\/wp-content\/uploads\/2020\/07\/header-wifi-1024x522.jpg\" alt=\"- - Bassin d&#039;Arcachon\" class=\"uag-image-44186\" width=\"1024\" height=\"522\" title=\"- - Bassin d&#039;Arcachon\" loading=\"lazy\" role=\"img\"><\/figure><\/div>\n<\/div>\n<\/div><\/div>\n\n\n\n<div style=\"height:60px\" aria-hidden=\"true\" class=\"wp-block-spacer\"><\/div>\n\n\n\n<div class=\"wp-block-uagb-container uagb-block-1be6649d alignfull uagb-is-root-container\">\n<div class=\"wp-block-cover is-light has-parallax\"><span aria-hidden=\"true\" class=\"wp-block-cover__background has-background-dim-0 has-background-dim\"><\/span><div class=\"wp-block-cover__image-background wp-image-1345 has-parallax\" style=\"background-position:50% 50%;background-image:url(https:\/\/bassin-arcachon.com\/wp-content\/uploads\/2017\/03\/Camping-Panorama-du-Pyla-cottage-vue-mer-coin-farniente.jpg)\"><\/div><div class=\"wp-block-cover__inner-container is-layout-flow wp-block-cover-is-layout-flow\">\n<div class=\"wp-block-uagb-container uagb-block-f3b15db9\">\n<h2 class=\"wp-block-heading has-text-align-center has-white-color has-text-color has-large-font-size\">\u5728\u963f\u5361\u96c4\u7684 Bassin \u9152\u5e97\u4e4b\u4e00\u8f7b\u677e\u5ea6\u8fc7\u60a8\u7684\u5047\u671f<\/h2>\n\n\n\n<p class=\"has-text-align-center has-white-color has-text-color\"><a href=\"https:\/\/bassin-arcachon.com\/zh\/%e4%bd%8f%e5%ae%bf-2\/%e9%85%92%e5%ba%97-2\/\">\u5f00\u59cb\u60a8\u7684\u641c\u7d22<\/a><\/p>\n<\/div>\n<\/div><\/div>\n<\/div>\n\n\n\n<div style=\"height:60px\" aria-hidden=\"true\" class=\"wp-block-spacer\"><\/div>\n\n\n\n<div class=\"wp-block-uagb-container uagb-block-67970557 alignfull uagb-is-root-container\"><div class=\"uagb-container-inner-blocks-wrap\">\n<div class=\"wp-block-uagb-container uagb-block-dd7dcc04\">\n<h3 class=\"wp-block-heading\">\u60a8\u60f3\u9884\u8ba2\u6b27\u767b\u65e5\u9644\u8fd1\u7684\u9152\u5e97\u5417\uff1f<\/h3>\n\n\n\n<p>\u63a2\u7d22\u6211\u4eec\u4f4d\u4e8e Bassin Arcachon \u7684\u6240\u6709\u9152\u5e97\uff1a&nbsp;<a href=\"https:\/\/bassin-arcachon.com\/zh\/%e4%bd%8f%e5%ae%bf-2\/%e9%85%92%e5%ba%97-2+%e6%88%98%e7%a5%9e-2\/\">\u6218\u795e<\/a>,&nbsp;<a href=\"https:\/\/bassin-arcachon.com\/zh\/%e4%bd%8f%e5%ae%bf-2\/%e9%85%92%e5%ba%97-2+%e9%98%bf%e5%8d%a1%e9%9b%84\/\">\u963f\u5361\u96c4<\/a>,&nbsp;<a href=\"https:\/\/bassin-arcachon.com\/zh\/%e4%bd%8f%e5%ae%bf-2\/%e9%85%92%e5%ba%97-2+%e6%89%b9%e9%87%8f%e6%b5%8b%e8%af%95\/\">La Teste de Buch<\/a>,&nbsp;<a href=\"https:\/\/bassin-arcachon.com\/zh\/%e4%bd%8f%e5%ae%bf-2\/%e9%85%92%e5%ba%97-2+%e5%ae%89%e5%be%b7%e8%af%ba%e6%96%af\/\">\u5b89\u5fb7\u8bfa\u65af<\/a>,&nbsp;<a href=\"https:\/\/bassin-arcachon.com\/zh\/%e4%bd%8f%e5%ae%bf-2\/%e9%85%92%e5%ba%97-2+%e5%8f%a4%e8%ae%a9%e6%a2%85%e6%96%af%e7%89%b9%e6%8b%89%e6%96%af\/\">Gujan-Mestras,<\/a>&nbsp;<a href=\"https:\/\/bassin-arcachon.com\/zh\/%e4%bd%8f%e5%ae%bf-2\/%e9%85%92%e5%ba%97-2+%e7%9b%86%e5%9c%b0%e4%b9%8b%e5%bf%83\/\">\u6bd4\u52a0\u8bfa\u65af<\/a>&nbsp;<a href=\"https:\/\/bassin-arcachon.com\/zh\/%e4%bd%8f%e5%ae%bf-2\/%e9%85%92%e5%ba%97-2+%e5%8b%92%e6%b3%b0%e5%85%8b\/\">Le Teich<\/a>,<a href=\"https:\/\/bassin-arcachon.com\/zh\/%e4%bd%8f%e5%ae%bf-2\/%e9%85%92%e5%ba%97-2+%e7%9b%86%e5%9c%b0%e4%b9%8b%e5%bf%83\/\">&nbsp;\u5170\u987f&nbsp;<\/a>\u548c&nbsp;<a href=\"https:\/\/bassin-arcachon.com\/zh\/%e4%bd%8f%e5%ae%bf-2\/%e9%85%92%e5%ba%97-2+lege-cap-ferret\/\">\u96ea\u8c82<\/a>&nbsp;!<\/p>\n<\/div>\n\n\n\n<div class=\"wp-block-uagb-container uagb-block-dd7a49a4\">\n<div class=\"wp-block-uagb-image uagb-block-349829c0 wp-block-uagb-image--layout-default wp-block-uagb-image--effect-static wp-block-uagb-image--align-none\"><figure class=\"wp-block-uagb-image__figure\"><img decoding=\"async\" srcset=\"https:\/\/bassin-arcachon.com\/wp-content\/uploads\/2018\/09\/nourri-a-lhu\u00eetre-\u00e9lev\u00e9-sous-les-pins-Bassin-dArcachon.jpg 1000w, https:\/\/bassin-arcachon.com\/wp-content\/uploads\/2018\/09\/nourri-a-lhu\u00eetre-\u00e9lev\u00e9-sous-les-pins-Bassin-dArcachon-600x400.jpg 600w, https:\/\/bassin-arcachon.com\/wp-content\/uploads\/2018\/09\/nourri-a-lhu\u00eetre-\u00e9lev\u00e9-sous-les-pins-Bassin-dArcachon-768x511.jpg 768w, https:\/\/bassin-arcachon.com\/wp-content\/uploads\/2018\/09\/nourri-a-lhu\u00eetre-\u00e9lev\u00e9-sous-les-pins-Bassin-dArcachon-18x12.jpg 18w\" sizes=\"auto, (max-width: 480px) 150px\" src=\"https:\/\/bassin-arcachon.com\/wp-content\/uploads\/2018\/09\/nourri-a-lhu\u00eetre-\u00e9lev\u00e9-sous-les-pins-Bassin-dArcachon.jpg\" alt=\"- - Bassin d&#039;Arcachon\" class=\"uag-image-26169\" width=\"1000\" height=\"666\" title=\"- - Bassin d&#039;Arcachon\" loading=\"lazy\" role=\"img\"><\/figure><\/div>\n<\/div>\n<\/div><\/div>\n\n\n\n<div style=\"height:60px\" aria-hidden=\"true\" class=\"wp-block-spacer\"><\/div>","protected":false},"excerpt":{"rendered":"<p>Choisissez parmi notre s\u00e9lection d&rsquo;h\u00f4tels \u00e0 Audenge. On vous propose des h\u00f4tels avec piscine, parking ou Wi-Fi au c\u0153ur du Bassin d&rsquo;Arcachon ! Nos h\u00f4tels \u00e0 Audenge avec piscine \u00c0 [&hellip;]<\/p>\n","protected":false},"author":24,"featured_media":2217,"parent":43,"menu_order":1,"comment_status":"closed","ping_status":"closed","template":"","meta":{"_acf_changed":false,"_uag_custom_page_level_css":"","footnotes":""},"class_list":["post-26935","page","type-page","status-publish","has-post-thumbnail","hentry"],"acf":[],"uagb_featured_image_src":{"full":["https:\/\/bassin-arcachon.com\/wp-content\/uploads\/2017\/03\/camping-bassin-arcachon.jpg",1200,800,false],"thumbnail":["https:\/\/bassin-arcachon.com\/wp-content\/uploads\/2017\/03\/camping-bassin-arcachon-150x150.jpg",150,150,true],"medium":["https:\/\/bassin-arcachon.com\/wp-content\/uploads\/2017\/03\/camping-bassin-arcachon-600x400.jpg",600,400,true],"medium_large":["https:\/\/bassin-arcachon.com\/wp-content\/uploads\/2017\/03\/camping-bassin-arcachon-768x512.jpg",768,512,true],"large":["https:\/\/bassin-arcachon.com\/wp-content\/uploads\/2017\/03\/camping-bassin-arcachon-1024x683.jpg",1024,683,true],"1536x1536":["https:\/\/bassin-arcachon.com\/wp-content\/uploads\/2017\/03\/camping-bassin-arcachon.jpg",1200,800,false],"2048x2048":["https:\/\/bassin-arcachon.com\/wp-content\/uploads\/2017\/03\/camping-bassin-arcachon.jpg",1200,800,false],"trp-custom-language-flag":["https:\/\/bassin-arcachon.com\/wp-content\/uploads\/2017\/03\/camping-bassin-arcachon-18x12.jpg",18,12,true]},"uagb_author_info":{"display_name":"Audrey RAMBAUT","author_link":"https:\/\/bassin-arcachon.com\/zh\/author\/audrey-siba\/"},"uagb_comment_info":0,"uagb_excerpt":"Choisissez parmi notre s\u00e9lection d&rsquo;h\u00f4tels \u00e0 Audenge. On vous propose des h\u00f4tels avec piscine, parking ou Wi-Fi au c\u0153ur du Bassin d&rsquo;Arcachon ! Nos h\u00f4tels \u00e0 Audenge avec piscine \u00c0 [&hellip;]","_links":{"self":[{"href":"https:\/\/bassin-arcachon.com\/zh\/wp-json\/wp\/v2\/pages\/26935","targetHints":{"allow":["GET"]}}],"collection":[{"href":"https:\/\/bassin-arcachon.com\/zh\/wp-json\/wp\/v2\/pages"}],"about":[{"href":"https:\/\/bassin-arcachon.com\/zh\/wp-json\/wp\/v2\/types\/page"}],"author":[{"embeddable":true,"href":"https:\/\/bassin-arcachon.com\/zh\/wp-json\/wp\/v2\/users\/24"}],"replies":[{"embeddable":true,"href":"https:\/\/bassin-arcachon.com\/zh\/wp-json\/wp\/v2\/comments?post=26935"}],"version-history":[{"count":2,"href":"https:\/\/bassin-arcachon.com\/zh\/wp-json\/wp\/v2\/pages\/26935\/revisions"}],"predecessor-version":[{"id":68240,"href":"https:\/\/bassin-arcachon.com\/zh\/wp-json\/wp\/v2\/pages\/26935\/revisions\/68240"}],"up":[{"embeddable":true,"href":"https:\/\/bassin-arcachon.com\/zh\/wp-json\/wp\/v2\/pages\/43"}],"wp:featuredmedia":[{"embeddable":true,"href":"https:\/\/bassin-arcachon.com\/zh\/wp-json\/wp\/v2\/media\/2217"}],"wp:attachment":[{"href":"https:\/\/bassin-arcachon.com\/zh\/wp-json\/wp\/v2\/media?parent=26935"}],"curies":[{"name":"\u53ef\u6e7f\u6027\u7c89\u5242","href":"https:\/\/api.w.org\/{rel}","templated":true}]}}