{"id":26944,"date":"2018-11-15T12:43:33","date_gmt":"2018-11-15T11:43:33","guid":{"rendered":"https:\/\/bassin-arcachon.com\/\/?page_id=26944"},"modified":"2024-11-06T10:49:24","modified_gmt":"2024-11-06T09:49:24","slug":"%e5%ae%89%e5%be%b7%e8%af%ba%e6%96%af","status":"publish","type":"page","link":"https:\/\/bassin-arcachon.com\/zh\/ou-dormir\/andernos\/","title":{"rendered":"\u6211\u4eec\u5728\u5b89\u5fb7\u8bfa\u65af\u62e5\u6709\u7684\u9152\u5e97"},"content":{"rendered":"<div class=\"wp-block-uagb-container uagb-block-0dc98191 alignfull uagb-is-root-container\"><div class=\"uagb-container-inner-blocks-wrap\">\n<h2 class=\"wp-block-heading has-text-align-center\" style=\"font-size:25px\">\u4ece\u6211\u4eec\u4e3a\u60a8\u63d0\u4f9b\u7684\u5b89\u5fb7\u8bfa\u65af\u7cbe\u9009\u9152\u5e97\u4e2d\u8fdb\u884c\u9009\u62e9\uff0c\u4eab\u53d7\u96be\u5fd8\u7684\u4f4f\u5bbf\u4f53\u9a8c\uff01\u4eab\u53d7 Bassin \u7684\u58ee\u4e3d\u666f\u8272\u3001\u6211\u4eec\u7684\u6e38\u6cf3\u6c60\u548c\u4fbf\u5229\u7684\u505c\u8f66\u573a\u3002<\/h2>\n<\/div><\/div>\n\n\n\n<div style=\"height:40px\" aria-hidden=\"true\" class=\"wp-block-spacer\"><\/div>\n\n\n\n<div class=\"wp-block-uagb-container uagb-block-32f6f54a alignfull uagb-is-root-container\"><div class=\"uagb-container-inner-blocks-wrap\">\n<div class=\"wp-block-uagb-container uagb-block-55869f08\">\n<h2 class=\"wp-block-heading\">\u6211\u4eec\u5728\u5b89\u5fb7\u8bfa\u65af\u7684\u9152\u5e97\u53ef\u6b23\u8d4f\u76c6\u5730\u666f\u89c2<\/h2>\n\n\n\n<p>\u60f3\u56de\u5230\u57fa\u7840\uff1f\u5728\u6211\u4eec\u4f4d\u4e8e\u5b89\u5fb7\u8bfa\u65af (Andernos) \u6d77\u6ee9\u7684\u9152\u5e97\u4e4b\u4e00\u4e2d\u611f\u53d7\u6f6e\u6c50\u7684\u8282\u594f\uff01\u6bcf\u5929\u65e9\u4e0a\u9192\u6765\u90fd\u4f1a\u770b\u5230\u65b0\u7684\u98ce\u666f\uff01\u9762\u671d\u6cf3\u6c60\uff0c\u811a\u8e0f\u6c99\u6ee9\u4eab\u7528\u5348\u9910\u600e\u4e48\u6837\uff1f\u8fd9\u662f\u5168\u5bb6\u4eba\u91cd\u65b0\u53d1\u73b0\u65e5\u5e38\u751f\u6d3b\u4e2d\u7b80\u5355\u4e50\u8da3\u7684\u7edd\u4f73\u673a\u4f1a\u3002\u548c...\u8c08\u604b\u7231 \uff1f\u5728\u6c34\u8fb9\u4e00\u8d77\u5206\u4eab\u975e\u51e1\u7684\u65e5\u843d\u3002\u5728\u6211\u4eec\u4fef\u77b0\u5b89\u5fb7\u8bfa\u65af\u76c6\u5730\u7684\u9152\u5e97\u4e4b\u4e00\u5ea6\u8fc7\u4e00\u665a\u3001\u4e00\u4e2a\u5468\u672b\u751a\u81f3\u6574\u4e2a\u5047\u671f\uff01<\/p>\n\n\n\n<div class=\"wp-block-buttons is-layout-flex wp-block-buttons-is-layout-flex\">\n<div class=\"wp-block-button\"><a class=\"wp-block-button__link wp-element-button\" href=\"https:\/\/bassin-arcachon.com\/zh\/%e4%bd%8f%e5%ae%bf-2\/%e9%85%92%e5%ba%97andernosvuemer\/\">\u6d77\u6ee8\u9152\u5e97<\/a><\/div>\n<\/div>\n<\/div>\n\n\n\n<div class=\"wp-block-uagb-container uagb-block-453675d0\">\n<div class=\"wp-block-uagb-image uagb-block-0bbab4e1 wp-block-uagb-image--layout-default wp-block-uagb-image--effect-static wp-block-uagb-image--align-none\"><figure class=\"wp-block-uagb-image__figure\"><img decoding=\"async\" srcset=\"https:\/\/bassin-arcachon.com\/wp-content\/uploads\/2018\/10\/andernos-quinconces-SIBA-agence-les-conteurs-10-1024x683.jpg \" sizes=\"auto, (max-width: 480px) 150px\" src=\"https:\/\/bassin-arcachon.com\/wp-content\/uploads\/2018\/10\/andernos-quinconces-SIBA-agence-les-conteurs-10-1024x683.jpg\" alt=\"\u5b89\u5fb7\u8bfa\u65af Quinconces \u7684\u79cb\u65e5\u9633\u5149\" class=\"uag-image-26677\" width=\"1024\" height=\"683\" title=\"- - Bassin d&#039;Arcachon\" loading=\"lazy\" role=\"img\"><\/figure><\/div>\n<\/div>\n<\/div><\/div>\n\n\n\n<div style=\"height:60px\" aria-hidden=\"true\" class=\"wp-block-spacer\"><\/div>\n\n\n\n<div class=\"wp-block-uagb-container uagb-block-bea9c90b alignfull uagb-is-root-container\"><div class=\"uagb-container-inner-blocks-wrap\">\n<div class=\"wp-block-uagb-container uagb-block-c5c50401\">\n<div class=\"wp-block-uagb-image uagb-block-197faa40 wp-block-uagb-image--layout-default wp-block-uagb-image--effect-static wp-block-uagb-image--align-none\"><figure class=\"wp-block-uagb-image__figure\"><img decoding=\"async\" srcset=\"https:\/\/bassin-arcachon.com\/wp-content\/uploads\/2017\/04\/andernos-magasins-1024x626.jpg \" sizes=\"auto, (max-width: 480px) 150px\" src=\"https:\/\/bassin-arcachon.com\/wp-content\/uploads\/2017\/04\/andernos-magasins-1024x626.jpg\" alt=\"- - Bassin d&#039;Arcachon\" class=\"uag-image-1153\" width=\"1024\" height=\"626\" title=\"- - Bassin d&#039;Arcachon\" loading=\"lazy\" role=\"img\"><\/figure><\/div>\n<\/div>\n\n\n\n<div class=\"wp-block-uagb-container uagb-block-f0c1df76\">\n<h2 class=\"wp-block-heading\">\u6211\u4eec\u5728\u5b89\u5fb7\u8bfa\u65af\u62e5\u6709\u6e38\u6cf3\u6c60\u7684\u9152\u5e97<\/h2>\n\n\n\n<p>\u5728\u6211\u4eec\u9152\u5e97\u4e4b\u4e00\u7684\u6e38\u6cf3\u6c60\u6062\u590d\u6d3b\u529b <a href=\"https:\/\/bassin-arcachon.com\/zh\/%e6%88%91%e4%bb%ac%e7%9a%84%e5%9f%8e%e5%b8%82%e5%92%8c%e6%9d%91%e5%ba%84\/%e5%ae%89%e5%be%b7%e8%af%ba%e8%8e%b1%e7%8f%ad\/\">\u4f4d\u4e8e\u5b89\u5fb7\u8bfa\u65af<\/a> \uff01\u4e0e\u670b\u53cb\u4e00\u8d77\u653e\u677e\u5730\u6e38\u6cf3\u3001\u4e0e\u5b69\u5b50\u4eec\u4e00\u8d77\u8fdb\u884c\u6c34\u4e0a\u6e38\u620f\u6216\u8fd0\u52a8\u6e38\u6cf3\uff0c\u6211\u4eec\u90fd\u6709\u5145\u5206\u7684\u7406\u7531\u53bb\u5c1d\u8bd5\u4e00\u4e0b\uff01\u968f\u5fc3\u6240\u6b32\u5730\u4eab\u53d7\u9152\u5e97\u6e38\u6cf3\u6c60\uff0c\u5e76\u5728\u6e29\u5ea6\u5347\u9ad8\u540e\u91cd\u65b0\u53d1\u73b0\u6e05\u723d\u6d3b\u52a8\u7684\u4e50\u8da3\uff01\u6211\u4eec\u5e26\u6e38\u6cf3\u6c60\u7684\u9152\u5e97\u4fdd\u8bc1\u60a8\u5728\u5b89\u5fb7\u8bfa\u65af\u7530\u56ed\u8bd7\u822c\u7684\u73af\u5883\u4e2d\u4eab\u53d7\u8f7b\u677e\u7684\u4f4f\u5bbf\uff01<\/p>\n\n\n\n<div class=\"wp-block-buttons is-layout-flex wp-block-buttons-is-layout-flex\">\n<div class=\"wp-block-button\"><a class=\"wp-block-button__link wp-element-button\" href=\"https:\/\/bassin-arcachon.com\/zh\/%e4%bd%8f%e5%ae%bf-2\/%e9%85%92%e5%ba%97%26amp%3bpool\/\">\u5e26\u6e38\u6cf3\u6c60\u7684\u9152\u5e97<\/a><\/div>\n<\/div>\n<\/div>\n<\/div><\/div>\n\n\n\n<div style=\"height:60px\" aria-hidden=\"true\" class=\"wp-block-spacer\"><\/div>\n\n\n\n<div class=\"wp-block-uagb-container uagb-block-d86d009e alignfull uagb-is-root-container\"><div class=\"uagb-container-inner-blocks-wrap\">\n<div class=\"wp-block-uagb-container uagb-block-7cc98609\">\n<h2 class=\"wp-block-heading\">\u6211\u4eec\u5728\u5b89\u5fb7\u8bfa\u65af\u62e5\u6709\u505c\u8f66\u573a\u7684\u9152\u5e97<\/h2>\n\n\n\n<p>\u81ea\u7531\u662f\u6210\u529f\u5165\u4f4f\u7684\u5173\u952e\uff01\u5728 Arcachon \u7684 Bassin \u4e0a\u4eab\u53d7\u8ff7\u4eba\u7684\u62ec\u53f7\uff0c\u5e76\u5165\u4f4f\u5b89\u5fb7\u8bfa\u65af\u7684\u5e26\u505c\u8f66\u573a\u7684\u9152\u5e97\uff01\u5c06\u60a8\u7684\u8f66\u505c\u5728\u9152\u5e97\u505c\u8f66\u573a\u5e76\u79df\u7528\u81ea\u884c\u8f66\u63a2\u7d22\u76c6\u5730\u7684\u9053\u8def\u3002\u60a8\u5c06\u80fd\u591f\u8f7b\u677e\u63a2\u7d22\u5b89\u5fb7\u8bfa\u65af\u7684\u4e2d\u5fc3\u5730\u5e26\u3002\u62ff\u8d77\u60a8\u7684\u6c7d\u8f66\u6765\u6269\u5c55\u60a8\u7684\u5192\u9669\u4e4b\u65c5\uff0c\u5e76\u63a2\u7d22\u8be5\u5730\u533a\u7684\u5404\u4e2a\u663e\u7740\u666f\u70b9\u3002\u5979\u4e0d\u4f1a\u9519\u8fc7\u7684\uff01\u8fd4\u56de\u9152\u5e97\u540e\uff0c\u60a8\u5c06\u53ef\u4ee5\u6beb\u65e0\u95ee\u9898\u5730\u5728\u60a8\u7684\u505c\u8f66\u573a\u518d\u6b21\u505c\u8f66\u3002<\/p>\n\n\n\n<div class=\"wp-block-buttons is-layout-flex wp-block-buttons-is-layout-flex\">\n<div class=\"wp-block-button\"><a class=\"wp-block-button__link wp-element-button\" href=\"https:\/\/bassin-arcachon.com\/zh\/%e4%bd%8f%e5%ae%bf-2\/%e9%85%92%e5%ba%97%e5%92%8c%e5%81%9c%e8%bd%a6%e5%9c%ba\/\">\u5e26\u505c\u8f66\u573a\u7684\u9152\u5e97<\/a><\/div>\n<\/div>\n<\/div>\n\n\n\n<div class=\"wp-block-uagb-container uagb-block-5c066ee4\">\n<div class=\"wp-block-uagb-image uagb-block-54e4024c wp-block-uagb-image--layout-default wp-block-uagb-image--effect-static wp-block-uagb-image--align-none\"><figure class=\"wp-block-uagb-image__figure\"><img decoding=\"async\" srcset=\"https:\/\/bassin-arcachon.com\/wp-content\/uploads\/2017\/02\/parking-dune-du-pilat-bassin-arcachon.jpg \" sizes=\"auto, (max-width: 480px) 150px\" src=\"https:\/\/bassin-arcachon.com\/wp-content\/uploads\/2017\/02\/parking-dune-du-pilat-bassin-arcachon.jpg\" alt=\"- - Bassin d&#039;Arcachon\" class=\"uag-image-24069\" width=\"1000\" height=\"500\" title=\"- - Bassin d&#039;Arcachon\" loading=\"lazy\" role=\"img\"><\/figure><\/div>\n<\/div>\n<\/div><\/div>\n\n\n\n<div style=\"height:60px\" aria-hidden=\"true\" class=\"wp-block-spacer\"><\/div>\n\n\n\n<div class=\"wp-block-uagb-container uagb-block-146d5d7a alignfull uagb-is-root-container\">\n<div class=\"wp-block-cover is-light has-parallax\"><span aria-hidden=\"true\" class=\"wp-block-cover__background has-background-dim-0 has-background-dim\"><\/span><div class=\"wp-block-cover__image-background wp-image-1345 has-parallax\" style=\"background-position:50% 50%;background-image:url(https:\/\/bassin-arcachon.com\/wp-content\/uploads\/2017\/03\/Camping-Panorama-du-Pyla-cottage-vue-mer-coin-farniente.jpg)\"><\/div><div class=\"wp-block-cover__inner-container is-layout-flow wp-block-cover-is-layout-flow\">\n<div class=\"wp-block-uagb-container uagb-block-0aa2d122\">\n<h2 class=\"wp-block-heading has-text-align-center has-white-color has-text-color has-large-font-size\">\u5728\u963f\u5361\u96c4\u7684 Bassin \u9152\u5e97\u4e4b\u4e00\u8f7b\u677e\u5ea6\u8fc7\u60a8\u7684\u5047\u671f<\/h2>\n\n\n\n<p class=\"has-text-align-center has-white-color has-text-color\"><a href=\"https:\/\/bassin-arcachon.com\/zh\/%e4%bd%8f%e5%ae%bf-2\/%e9%85%92%e5%ba%97-2\/\">\u5f00\u59cb\u60a8\u7684\u641c\u7d22<\/a><\/p>\n<\/div>\n<\/div><\/div>\n<\/div>\n\n\n\n<div style=\"height:60px\" aria-hidden=\"true\" class=\"wp-block-spacer\"><\/div>\n\n\n\n<div class=\"wp-block-uagb-container uagb-block-67970557 alignfull uagb-is-root-container\"><div class=\"uagb-container-inner-blocks-wrap\">\n<div class=\"wp-block-uagb-container uagb-block-dd7dcc04\">\n<h3 class=\"wp-block-heading\">\u60a8\u60f3\u9884\u8ba2\u5b89\u5fb7\u8bfa\u65af\u9644\u8fd1\u7684\u9152\u5e97\u5417\uff1f<\/h3>\n\n\n\n<p>\u63a2\u7d22\u6211\u4eec\u4f4d\u4e8e Bassin Arcachon \u7684\u6240\u6709\u9152\u5e97\uff1a&nbsp;<a href=\"https:\/\/bassin-arcachon.com\/zh\/%e4%bd%8f%e5%ae%bf-2\/%e9%85%92%e5%ba%97-2+%e6%88%98%e7%a5%9e-2\/\">\u6218\u795e<\/a>,&nbsp;<a href=\"https:\/\/bassin-arcachon.com\/zh\/%e4%bd%8f%e5%ae%bf-2\/%e9%85%92%e5%ba%97-2+%e9%98%bf%e5%8d%a1%e9%9b%84\/\">\u963f\u5361\u96c4<\/a>,&nbsp;<a href=\"https:\/\/bassin-arcachon.com\/zh\/%e4%bd%8f%e5%ae%bf-2\/%e9%85%92%e5%ba%97-2+%e6%89%b9%e9%87%8f%e6%b5%8b%e8%af%95\/\">La Teste de Buch<\/a>,&nbsp;<a href=\"https:\/\/bassin-arcachon.com\/zh\/%e4%bd%8f%e5%ae%bf-2\/%e9%85%92%e5%ba%97-2+%e5%8b%92%e6%b3%b0%e5%85%8b\/\">Le Teich<\/a>,&nbsp;<a href=\"https:\/\/bassin-arcachon.com\/zh\/%e4%bd%8f%e5%ae%bf-2\/%e9%85%92%e5%ba%97-2+%e5%8f%a4%e8%ae%a9%e6%a2%85%e6%96%af%e7%89%b9%e6%8b%89%e6%96%af\/\">Gujan-Mestras,<\/a>&nbsp;<a href=\"https:\/\/bassin-arcachon.com\/zh\/%e4%bd%8f%e5%ae%bf-2\/%e9%85%92%e5%ba%97-2+%e7%9b%86%e5%9c%b0%e4%b9%8b%e5%bf%83\/\">\u6bd4\u52a0\u8bfa\u65af<\/a>&nbsp;<a href=\"https:\/\/bassin-arcachon.com\/zh\/%e4%bd%8f%e5%ae%bf-2\/%e9%85%92%e5%ba%97-2+%e7%9b%86%e5%9c%b0%e4%b9%8b%e5%bf%83\/\">\u5965\u767b\u683c<\/a>,<a href=\"https:\/\/bassin-arcachon.com\/zh\/%e4%bd%8f%e5%ae%bf-2\/%e9%85%92%e5%ba%97-2+%e7%9b%86%e5%9c%b0%e4%b9%8b%e5%bf%83\/\">&nbsp;\u5170\u987f&nbsp;<\/a>\u548c&nbsp;<a href=\"https:\/\/bassin-arcachon.com\/zh\/%e4%bd%8f%e5%ae%bf-2\/%e9%85%92%e5%ba%97-2+lege-cap-ferret\/\">\u96ea\u8c82<\/a>&nbsp;!<\/p>\n<\/div>\n\n\n\n<div class=\"wp-block-uagb-container uagb-block-dd7a49a4\">\n<div class=\"wp-block-uagb-image uagb-block-349829c0 wp-block-uagb-image--layout-default wp-block-uagb-image--effect-static wp-block-uagb-image--align-none\"><figure class=\"wp-block-uagb-image__figure\"><img decoding=\"async\" srcset=\"https:\/\/bassin-arcachon.com\/wp-content\/uploads\/2018\/09\/nourri-a-lhu\u00eetre-\u00e9lev\u00e9-sous-les-pins-Bassin-dArcachon.jpg 1000w, https:\/\/bassin-arcachon.com\/wp-content\/uploads\/2018\/09\/nourri-a-lhu\u00eetre-\u00e9lev\u00e9-sous-les-pins-Bassin-dArcachon-600x400.jpg 600w, https:\/\/bassin-arcachon.com\/wp-content\/uploads\/2018\/09\/nourri-a-lhu\u00eetre-\u00e9lev\u00e9-sous-les-pins-Bassin-dArcachon-768x511.jpg 768w, https:\/\/bassin-arcachon.com\/wp-content\/uploads\/2018\/09\/nourri-a-lhu\u00eetre-\u00e9lev\u00e9-sous-les-pins-Bassin-dArcachon-18x12.jpg 18w\" sizes=\"auto, (max-width: 480px) 150px\" src=\"https:\/\/bassin-arcachon.com\/wp-content\/uploads\/2018\/09\/nourri-a-lhu\u00eetre-\u00e9lev\u00e9-sous-les-pins-Bassin-dArcachon.jpg\" alt=\"- - Bassin d&#039;Arcachon\" class=\"uag-image-26169\" width=\"1000\" height=\"666\" title=\"- - Bassin d&#039;Arcachon\" loading=\"lazy\" role=\"img\"><\/figure><\/div>\n<\/div>\n<\/div><\/div>\n\n\n\n<div style=\"height:60px\" aria-hidden=\"true\" class=\"wp-block-spacer\"><\/div>","protected":false},"excerpt":{"rendered":"<p>Faites votre choix parmi notre s\u00e9lection d&rsquo;h\u00f4tels \u00e0 Andernos, pour vivre un s\u00e9jour inoubliable ! Profitez de la vue imprenable sur le Bassin, de nos piscines et parkings pratiques. Nos [&hellip;]<\/p>\n","protected":false},"author":24,"featured_media":2217,"parent":43,"menu_order":1,"comment_status":"closed","ping_status":"closed","template":"","meta":{"_acf_changed":false,"_uag_custom_page_level_css":"","footnotes":""},"class_list":["post-26944","page","type-page","status-publish","has-post-thumbnail","hentry"],"acf":[],"uagb_featured_image_src":{"full":["https:\/\/bassin-arcachon.com\/wp-content\/uploads\/2017\/03\/camping-bassin-arcachon.jpg",1200,800,false],"thumbnail":["https:\/\/bassin-arcachon.com\/wp-content\/uploads\/2017\/03\/camping-bassin-arcachon-150x150.jpg",150,150,true],"medium":["https:\/\/bassin-arcachon.com\/wp-content\/uploads\/2017\/03\/camping-bassin-arcachon-600x400.jpg",600,400,true],"medium_large":["https:\/\/bassin-arcachon.com\/wp-content\/uploads\/2017\/03\/camping-bassin-arcachon-768x512.jpg",768,512,true],"large":["https:\/\/bassin-arcachon.com\/wp-content\/uploads\/2017\/03\/camping-bassin-arcachon-1024x683.jpg",1024,683,true],"1536x1536":["https:\/\/bassin-arcachon.com\/wp-content\/uploads\/2017\/03\/camping-bassin-arcachon.jpg",1200,800,false],"2048x2048":["https:\/\/bassin-arcachon.com\/wp-content\/uploads\/2017\/03\/camping-bassin-arcachon.jpg",1200,800,false],"trp-custom-language-flag":["https:\/\/bassin-arcachon.com\/wp-content\/uploads\/2017\/03\/camping-bassin-arcachon-18x12.jpg",18,12,true]},"uagb_author_info":{"display_name":"Audrey RAMBAUT","author_link":"https:\/\/bassin-arcachon.com\/zh\/author\/audrey-siba\/"},"uagb_comment_info":0,"uagb_excerpt":"Faites votre choix parmi notre s\u00e9lection d&rsquo;h\u00f4tels \u00e0 Andernos, pour vivre un s\u00e9jour inoubliable ! Profitez de la vue imprenable sur le Bassin, de nos piscines et parkings pratiques. Nos [&hellip;]","_links":{"self":[{"href":"https:\/\/bassin-arcachon.com\/zh\/wp-json\/wp\/v2\/pages\/26944","targetHints":{"allow":["GET"]}}],"collection":[{"href":"https:\/\/bassin-arcachon.com\/zh\/wp-json\/wp\/v2\/pages"}],"about":[{"href":"https:\/\/bassin-arcachon.com\/zh\/wp-json\/wp\/v2\/types\/page"}],"author":[{"embeddable":true,"href":"https:\/\/bassin-arcachon.com\/zh\/wp-json\/wp\/v2\/users\/24"}],"replies":[{"embeddable":true,"href":"https:\/\/bassin-arcachon.com\/zh\/wp-json\/wp\/v2\/comments?post=26944"}],"version-history":[{"count":2,"href":"https:\/\/bassin-arcachon.com\/zh\/wp-json\/wp\/v2\/pages\/26944\/revisions"}],"predecessor-version":[{"id":68239,"href":"https:\/\/bassin-arcachon.com\/zh\/wp-json\/wp\/v2\/pages\/26944\/revisions\/68239"}],"up":[{"embeddable":true,"href":"https:\/\/bassin-arcachon.com\/zh\/wp-json\/wp\/v2\/pages\/43"}],"wp:featuredmedia":[{"embeddable":true,"href":"https:\/\/bassin-arcachon.com\/zh\/wp-json\/wp\/v2\/media\/2217"}],"wp:attachment":[{"href":"https:\/\/bassin-arcachon.com\/zh\/wp-json\/wp\/v2\/media?parent=26944"}],"curies":[{"name":"\u53ef\u6e7f\u6027\u7c89\u5242","href":"https:\/\/api.w.org\/{rel}","templated":true}]}}