{"id":26974,"date":"2018-11-15T16:44:29","date_gmt":"2018-11-15T15:44:29","guid":{"rendered":"https:\/\/bassin-arcachon.com\/\/?page_id=26974"},"modified":"2024-11-06T11:35:49","modified_gmt":"2024-11-06T10:35:49","slug":"%e9%98%bf%e5%8d%a1%e9%9b%84","status":"publish","type":"page","link":"https:\/\/bassin-arcachon.com\/zh\/ou-dormir\/camping\/arcachon\/","title":{"rendered":"\u6211\u4eec\u5728\u963f\u5361\u96c4\u7684\u9732\u8425\u5730"},"content":{"rendered":"<div class=\"wp-block-uagb-container uagb-block-4d59246b alignfull uagb-is-root-container\"><div class=\"uagb-container-inner-blocks-wrap\">\n<div class=\"wp-block-uagb-container uagb-block-566c8e73\">\n<h3 class=\"wp-block-heading\">\u6211\u4eec\u5728\u963f\u5361\u96c4\u7684\u9732\u8425\u5730\u63d0\u4f9b Wifi \u8fde\u63a5<\/h3>\n\n\n\n<p>\u5982\u679c\u60a8\u5728\u963f\u5361\u96c4\u5ea6\u5047\u671f\u95f4\u59cb\u7ec8\u4fdd\u6301\u8054\u7cfb\u600e\u4e48\u529e\uff1f\u4ece\u6211\u4eec\u4f4d\u4e8e\u963f\u5361\u96c4\u7684\u5e26\u65e0\u7ebf\u7f51\u7edc\u7684\u9732\u8425\u5730\u4e2d\u9009\u62e9\u4e00\u4e2a\uff0c\u5e76\u4e0e\u60a8\u7684\u670b\u53cb\u5206\u4eab\u60a8\u7684\u6700\u4f73\u7167\u7247\uff01\u901a\u8fc7\u8fde\u63a5\u5230\u9732\u8425\u5730 Wifi\uff0c\u60a8\u53ef\u4ee5\u5728\u6e38\u6cf3\u6c60\u5b89\u6392\u60a8\u7684\u4f4f\u5bbf\u548c\u6d3b\u52a8\uff01\u56e0\u4e3a\u6211\u4eec\u5728\u963f\u5361\u96c4\u7684\u9732\u8425\u5730\u63d0\u4f9b WiFi\uff0c\u4fdd\u8bc1\u8ba9\u60a8\u653e\u677e\uff01<\/p>\n\n\n\n<div class=\"wp-block-buttons is-layout-flex wp-block-buttons-is-layout-flex\">\n<div class=\"wp-block-button\"><a class=\"wp-block-button__link wp-element-button\" href=\"https:\/\/bassin-arcachon.com\/zh\/%e4%bd%8f%e5%ae%bf-2\/campsitesarcachonwifi\/\">\u5e26 Wi-Fi \u7684\u9732\u8425\u5730<\/a><\/div>\n<\/div>\n<\/div>\n\n\n\n<div class=\"wp-block-uagb-container uagb-block-008c935c\">\n<div class=\"wp-block-uagb-image uagb-block-7a7a80e2 wp-block-uagb-image--layout-default wp-block-uagb-image--effect-static wp-block-uagb-image--align-none\"><figure class=\"wp-block-uagb-image__figure\"><img decoding=\"async\" srcset=\"https:\/\/bassin-arcachon.com\/wp-content\/uploads\/2017\/04\/header-wifi-light-1024x522.jpg \" sizes=\"auto, (max-width: 480px) 150px\" src=\"https:\/\/bassin-arcachon.com\/wp-content\/uploads\/2017\/04\/header-wifi-light-1024x522.jpg\" alt=\"WIFI \u53e4\u8ba9-\u6885\u65af\u7279\u62c9\u65af\" class=\"uag-image-1576\" width=\"1024\" height=\"522\" title=\"- - Bassin d&#039;Arcachon\" loading=\"lazy\" role=\"img\"><\/figure><\/div>\n<\/div>\n<\/div><\/div>\n\n\n\n<div style=\"height:60px\" aria-hidden=\"true\" class=\"wp-block-spacer\"><\/div>\n\n\n\n<div class=\"wp-block-uagb-container uagb-block-496870a4 alignfull uagb-is-root-container\"><div class=\"uagb-container-inner-blocks-wrap\">\n<div class=\"wp-block-uagb-container uagb-block-3e63995b\">\n<div class=\"wp-block-uagb-image uagb-block-bb47d88f wp-block-uagb-image--layout-default wp-block-uagb-image--effect-static wp-block-uagb-image--align-none\"><figure class=\"wp-block-uagb-image__figure\"><img decoding=\"async\" srcset=\"https:\/\/bassin-arcachon.com\/wp-content\/uploads\/2017\/03\/1-aqualand-j6-1024x680.jpg \" sizes=\"auto, (max-width: 480px) 150px\" src=\"https:\/\/bassin-arcachon.com\/wp-content\/uploads\/2017\/03\/1-aqualand-j6-1024x680.jpg\" alt=\"- - Bassin d&#039;Arcachon\" class=\"uag-image-537\" width=\"1024\" height=\"680\" title=\"- - Bassin d&#039;Arcachon\" loading=\"lazy\" role=\"img\"><\/figure><\/div>\n<\/div>\n\n\n\n<div class=\"wp-block-uagb-container uagb-block-9250bf13\">\n<h3 class=\"wp-block-heading\">\u6211\u4eec\u5728\u963f\u5361\u96c4\u7684\u9732\u8425\u5730\u8bbe\u6709\u6e38\u6cf3\u6c60<\/h3>\n\n\n\n<p>\u5728\u6c99\u6ee9\u4e0a\u5ea6\u8fc7\u4e00\u5929\u6216\u65e9\u4e0a\u9192\u6765\u540e\uff0c\u5728&nbsp;<strong>\u6e38\u6cf3\u6c60<\/strong>&nbsp;\u4f60\u7684&nbsp;<strong>\u91ce\u8425<\/strong>&nbsp;\u5728&nbsp;<strong>\u963f\u5361\u96c4<\/strong>&nbsp;\uff01\u5e26\u9876\u68da\u3001\u6696\u6c14\u3001\u5c0f\u578b\u6e38\u6cf3\u6c60\u6216\u513f\u7ae5\u6ed1\u68af\uff0c\u4eab\u53d7\u72ec\u7279\u7684\u65f6\u5149&nbsp;<strong>\u6e38\u6cf3\u6c60<\/strong>&nbsp;\u4f60\u7684&nbsp;<strong>\u91ce\u8425<\/strong>\uff0c\u4e0e\u5bb6\u4eba\u6216\u670b\u53cb\uff01\u5192\u9669\u5e76\u9884\u8ba2\u60a8\u7684&nbsp;<strong>\u91ce\u8425<\/strong>&nbsp;\u548c&nbsp;<strong>\u6e38\u6cf3\u6c60<\/strong>&nbsp;\u5728&nbsp;<strong>\u963f\u5361\u96c4<\/strong>&nbsp;!<\/p>\n\n\n\n<div class=\"wp-block-buttons is-layout-flex wp-block-buttons-is-layout-flex\">\n<div class=\"wp-block-button\"><a class=\"wp-block-button__link wp-element-button\" href=\"https:\/\/bassin-arcachon.com\/zh\/%e4%bd%8f%e5%ae%bf-2\/campingsarcachonpiscine\/\">\u5e26\u6e38\u6cf3\u6c60\u7684\u9732\u8425\u5730<\/a><\/div>\n<\/div>\n<\/div>\n<\/div><\/div>\n\n\n\n<div style=\"height:60px\" aria-hidden=\"true\" class=\"wp-block-spacer\"><\/div>\n\n\n\n<div class=\"wp-block-uagb-container uagb-block-54402d54 alignfull uagb-is-root-container\"><div class=\"uagb-container-inner-blocks-wrap\">\n<div class=\"wp-block-uagb-container uagb-block-49b29bee\">\n<h3 class=\"wp-block-heading\">\u6211\u4eec\u5728\u963f\u5361\u96c4\u7684\u9732\u8425\u5730\u8bbe\u6709\u623f\u8f66\u5bbf\u8425\u5730<\/h3>\n\n\n\n<p>\u60a8\u4f5c\u4e3a\u4e00\u4e2a\u5bb6\u5ead\u65c5\u884c\u5230&nbsp;<strong>\u963f\u5361\u96c4<\/strong>&nbsp;\u5e76\u4e14\u662f\u5047\u671f\u7684\u7c89\u4e1d&nbsp;<strong>\u9732\u8425\u8f66\uff1f<\/strong>&nbsp;\u4f60\u559c\u6b22\u548c\u5e73\u4e0e\u81ea\u7531\u5417\uff1f\u56e0\u6b64\uff0c\u5728\u6211\u4eec\u7684\u5176\u4e2d\u4e00\u4e2a\u7403\u573a\u4e0a\u4eab\u53d7\u4e00\u4e2a\u5b81\u9759\u7684\u591c\u665a\u5427&nbsp;<strong>\u8425\u5730&nbsp;<\/strong>\uff01\u4e0e\u5b69\u5b50\u4eec\u4e00\u8d77\u5728\u5927\u81ea\u7136\u7684\u4e2d\u5fc3\u4eab\u53d7\u975e\u51e1\u7684\u65f6\u523b\uff0c&nbsp;<strong>\u91ce\u8425<\/strong>&nbsp;\u7684<strong>\u963f\u5361\u96c4<\/strong>\uff0c\u9760\u8fd1\u6e38\u6cf3\u6c60\uff01\u8ba9\u81ea\u5df1\u5728\u4f60\u7684\u8212\u9002&nbsp;<strong>\u91ce\u8425<\/strong>&nbsp;\u4eab\u53d7\u4e13\u5c5e\u4e8e\u60a8\u7684\u7a7a\u95f4&nbsp;<strong>\u9732\u8425\u8f66<\/strong>&nbsp;!<\/p>\n\n\n\n<div class=\"wp-block-buttons is-layout-flex wp-block-buttons-is-layout-flex\">\n<div class=\"wp-block-button\"><a class=\"wp-block-button__link wp-element-button\" href=\"https:\/\/bassin-arcachon.com\/zh\/%e4%bd%8f%e5%ae%bf-2\/%e9%9c%b2%e8%90%a5%e5%9c%b0%40%e9%98%bf%e5%8d%a1%e9%9b%84\/\">\u5e26\u623f\u8f66\u8425\u5730\u7684\u9732\u8425\u5730<\/a><\/div>\n<\/div>\n<\/div>\n\n\n\n<div class=\"wp-block-uagb-container uagb-block-f5f5e240\">\n<div class=\"wp-block-uagb-image uagb-block-6af89bd3 wp-block-uagb-image--layout-default wp-block-uagb-image--effect-static wp-block-uagb-image--align-none\"><figure class=\"wp-block-uagb-image__figure\"><img decoding=\"async\" srcset=\"https:\/\/bassin-arcachon.com\/wp-content\/uploads\/2017\/03\/aires-de-camping-cars-bassin-arcachon-1024x646.jpg \" sizes=\"auto, (max-width: 480px) 150px\" src=\"https:\/\/bassin-arcachon.com\/wp-content\/uploads\/2017\/03\/aires-de-camping-cars-bassin-arcachon-1024x646.jpg\" alt=\"- - Bassin d&#039;Arcachon\" class=\"uag-image-1991\" width=\"1024\" height=\"646\" title=\"- - Bassin d&#039;Arcachon\" loading=\"lazy\" role=\"img\"><\/figure><\/div>\n<\/div>\n<\/div><\/div>\n\n\n\n<div style=\"height:60px\" aria-hidden=\"true\" class=\"wp-block-spacer\"><\/div>\n\n\n\n<div class=\"wp-block-uagb-container uagb-block-137ba2f7 alignfull uagb-is-root-container\">\n<div class=\"wp-block-cover is-light has-parallax\"><span aria-hidden=\"true\" class=\"wp-block-cover__background has-background-dim-0 has-background-dim\"><\/span><div class=\"wp-block-cover__image-background wp-image-1345 has-parallax\" style=\"background-position:50% 50%;background-image:url(https:\/\/bassin-arcachon.com\/wp-content\/uploads\/2017\/03\/Camping-Panorama-du-Pyla-cottage-vue-mer-coin-farniente.jpg)\"><\/div><div class=\"wp-block-cover__inner-container is-layout-flow wp-block-cover-is-layout-flow\">\n<div class=\"wp-block-uagb-container uagb-block-9d6c483a\">\n<h2 class=\"wp-block-heading has-text-align-center has-white-color has-text-color has-large-font-size\">\u5728\u963f\u5361\u96c4\u7684 Bassin \u9732\u8425\u5730\u4e4b\u4e00\u8f7b\u677e\u5ea6\u8fc7\u5047\u671f\uff01<\/h2>\n\n\n\n<p class=\"has-text-align-center has-white-color has-text-color\"><a href=\"https:\/\/bassin-arcachon.com\/zh\/%e4%bd%8f%e5%ae%bf-2\/%e8%90%a5%e5%9c%b0\/\">\u5f00\u59cb\u60a8\u7684\u641c\u7d22<\/a><\/p>\n<\/div>\n<\/div><\/div>\n<\/div>\n\n\n\n<div style=\"height:60px\" aria-hidden=\"true\" class=\"wp-block-spacer\"><\/div>\n\n\n\n<div class=\"wp-block-uagb-container uagb-block-ebba802f alignfull uagb-is-root-container\"><div class=\"uagb-container-inner-blocks-wrap\">\n<div class=\"wp-block-uagb-container uagb-block-756660f0\">\n<h3 class=\"wp-block-heading\">\u60a8\u60f3\u9884\u8ba2\u963f\u5361\u96c4\u9644\u8fd1\u7684\u9732\u8425\u5730\u5417\uff1f<\/h3>\n\n\n\n<p>\u53d1\u73b0\u6211\u4eec\u5728 Bassin Arcachon \u7684\u6240\u6709\u9732\u8425\u5730\uff1a&nbsp;<a href=\"https:\/\/bassin-arcachon.com\/zh\/%e6%88%96%e7%9d%a1%e8%a7%89\/%e9%87%8e%e8%90%a5\/%e6%88%98%e7%a5%9e-2\/\">\u6218\u795e<\/a>,&nbsp;<a href=\"https:\/\/bassin-arcachon.com\/zh\/%e6%88%96%e7%9d%a1%e8%a7%89\/%e9%87%8e%e8%90%a5\/%e5%ae%89%e5%be%b7%e8%af%ba%e6%96%af\/\">\u5b89\u5fb7\u8bfa\u65af<\/a>,&nbsp;<a href=\"https:\/\/bassin-arcachon.com\/zh\/%e6%88%96%e7%9d%a1%e8%a7%89\/%e9%87%8e%e8%90%a5\/%e5%8f%a4%e8%ae%a9%e6%a2%85%e6%96%af%e7%89%b9%e6%8b%89%e6%96%af\/\">\u53e4\u8ba9-\u6885\u65af\u7279\u62c9<\/a>,&nbsp;<a href=\"https:\/\/bassin-arcachon.com\/zh\/%e6%88%96%e7%9d%a1%e8%a7%89\/%e9%87%8e%e8%90%a5\/%e6%b3%b0%e5%85%8b\/\">Le Teich<\/a>,&nbsp;<a href=\"https:\/\/bassin-arcachon.com\/zh\/%e6%88%96%e7%9d%a1%e8%a7%89\/%e9%87%8e%e8%90%a5\/%e6%af%94%e5%8a%a0%e8%af%ba%e6%96%af\/\">\u6bd4\u52a0\u8bfa\u65af<\/a>&nbsp;<a href=\"https:\/\/bassin-arcachon.com\/zh\/%e6%88%96%e7%9d%a1%e8%a7%89\/%e9%87%8e%e8%90%a5\/%e6%8f%90%e9%ab%98\/\">\u5965\u767b\u683c<\/a>,<a href=\"https:\/\/bassin-arcachon.com\/zh\/%e6%88%96%e7%9d%a1%e8%a7%89\/%e9%87%8e%e8%90%a5\/%e5%85%b0%e9%a1%bf-2\/\">&nbsp;\u5170\u987f&nbsp;<\/a>\u548c&nbsp;<a href=\"https:\/\/bassin-arcachon.com\/zh\/%e6%88%96%e7%9d%a1%e8%a7%89\/%e9%87%8e%e8%90%a5\/lege-cap-ferret\/\">Lege Cap \u96ea\u8c82<\/a>&nbsp;!<\/p>\n<\/div>\n\n\n\n<div class=\"wp-block-uagb-container uagb-block-245929a0\">\n<div class=\"wp-block-uagb-image uagb-block-b385ea68 wp-block-uagb-image--layout-default wp-block-uagb-image--effect-static wp-block-uagb-image--align-none\"><figure class=\"wp-block-uagb-image__figure\"><img decoding=\"async\" srcset=\"https:\/\/bassin-arcachon.com\/wp-content\/uploads\/2018\/09\/nourri-a-lhu\u00eetre-\u00e9lev\u00e9-sous-les-pins-Bassin-dArcachon.jpg 1000w, https:\/\/bassin-arcachon.com\/wp-content\/uploads\/2018\/09\/nourri-a-lhu\u00eetre-\u00e9lev\u00e9-sous-les-pins-Bassin-dArcachon-600x400.jpg 600w, https:\/\/bassin-arcachon.com\/wp-content\/uploads\/2018\/09\/nourri-a-lhu\u00eetre-\u00e9lev\u00e9-sous-les-pins-Bassin-dArcachon-768x511.jpg 768w, https:\/\/bassin-arcachon.com\/wp-content\/uploads\/2018\/09\/nourri-a-lhu\u00eetre-\u00e9lev\u00e9-sous-les-pins-Bassin-dArcachon-18x12.jpg 18w\" sizes=\"auto, (max-width: 480px) 150px\" src=\"https:\/\/bassin-arcachon.com\/wp-content\/uploads\/2018\/09\/nourri-a-lhu\u00eetre-\u00e9lev\u00e9-sous-les-pins-Bassin-dArcachon.jpg\" alt=\"- - Bassin d&#039;Arcachon\" class=\"uag-image-26169\" width=\"1000\" height=\"666\" title=\"- - Bassin d&#039;Arcachon\" loading=\"lazy\" role=\"img\"><\/figure><\/div>\n<\/div>\n<\/div><\/div>\n\n\n\n<div style=\"height:60px\" aria-hidden=\"true\" class=\"wp-block-spacer\"><\/div>","protected":false},"excerpt":{"rendered":"<p>Nos campings \u00e0 Arcachon avec une connexion Wifi Et si vous restiez toujours connect\u00e9s pendant vos vacances \u00e0 Arcachon&nbsp;? Choisissez parmi l\u2019un de nos campings \u00e0 Arcachon avec WIFI et [&hellip;]<\/p>\n","protected":false},"author":24,"featured_media":2217,"parent":392,"menu_order":1,"comment_status":"closed","ping_status":"closed","template":"","meta":{"_acf_changed":false,"_uag_custom_page_level_css":"","footnotes":""},"class_list":["post-26974","page","type-page","status-publish","has-post-thumbnail","hentry"],"acf":[],"uagb_featured_image_src":{"full":["https:\/\/bassin-arcachon.com\/wp-content\/uploads\/2017\/03\/camping-bassin-arcachon.jpg",1200,800,false],"thumbnail":["https:\/\/bassin-arcachon.com\/wp-content\/uploads\/2017\/03\/camping-bassin-arcachon-150x150.jpg",150,150,true],"medium":["https:\/\/bassin-arcachon.com\/wp-content\/uploads\/2017\/03\/camping-bassin-arcachon-600x400.jpg",600,400,true],"medium_large":["https:\/\/bassin-arcachon.com\/wp-content\/uploads\/2017\/03\/camping-bassin-arcachon-768x512.jpg",768,512,true],"large":["https:\/\/bassin-arcachon.com\/wp-content\/uploads\/2017\/03\/camping-bassin-arcachon-1024x683.jpg",1024,683,true],"1536x1536":["https:\/\/bassin-arcachon.com\/wp-content\/uploads\/2017\/03\/camping-bassin-arcachon.jpg",1200,800,false],"2048x2048":["https:\/\/bassin-arcachon.com\/wp-content\/uploads\/2017\/03\/camping-bassin-arcachon.jpg",1200,800,false],"trp-custom-language-flag":["https:\/\/bassin-arcachon.com\/wp-content\/uploads\/2017\/03\/camping-bassin-arcachon-18x12.jpg",18,12,true]},"uagb_author_info":{"display_name":"Audrey RAMBAUT","author_link":"https:\/\/bassin-arcachon.com\/zh\/author\/audrey-siba\/"},"uagb_comment_info":0,"uagb_excerpt":"Nos campings \u00e0 Arcachon avec une connexion Wifi Et si vous restiez toujours connect\u00e9s pendant vos vacances \u00e0 Arcachon&nbsp;? Choisissez parmi l\u2019un de nos campings \u00e0 Arcachon avec WIFI et [&hellip;]","_links":{"self":[{"href":"https:\/\/bassin-arcachon.com\/zh\/wp-json\/wp\/v2\/pages\/26974","targetHints":{"allow":["GET"]}}],"collection":[{"href":"https:\/\/bassin-arcachon.com\/zh\/wp-json\/wp\/v2\/pages"}],"about":[{"href":"https:\/\/bassin-arcachon.com\/zh\/wp-json\/wp\/v2\/types\/page"}],"author":[{"embeddable":true,"href":"https:\/\/bassin-arcachon.com\/zh\/wp-json\/wp\/v2\/users\/24"}],"replies":[{"embeddable":true,"href":"https:\/\/bassin-arcachon.com\/zh\/wp-json\/wp\/v2\/comments?post=26974"}],"version-history":[{"count":2,"href":"https:\/\/bassin-arcachon.com\/zh\/wp-json\/wp\/v2\/pages\/26974\/revisions"}],"predecessor-version":[{"id":68265,"href":"https:\/\/bassin-arcachon.com\/zh\/wp-json\/wp\/v2\/pages\/26974\/revisions\/68265"}],"up":[{"embeddable":true,"href":"https:\/\/bassin-arcachon.com\/zh\/wp-json\/wp\/v2\/pages\/392"}],"wp:featuredmedia":[{"embeddable":true,"href":"https:\/\/bassin-arcachon.com\/zh\/wp-json\/wp\/v2\/media\/2217"}],"wp:attachment":[{"href":"https:\/\/bassin-arcachon.com\/zh\/wp-json\/wp\/v2\/media?parent=26974"}],"curies":[{"name":"\u53ef\u6e7f\u6027\u7c89\u5242","href":"https:\/\/api.w.org\/{rel}","templated":true}]}}