{"id":27306,"date":"2018-11-21T16:31:39","date_gmt":"2018-11-21T15:31:39","guid":{"rendered":"https:\/\/bassin-arcachon.com\/\/?page_id=27306"},"modified":"2024-11-06T10:55:46","modified_gmt":"2024-11-06T09:55:46","slug":"%e6%b5%8b%e8%af%95-de-buch","status":"publish","type":"page","link":"https:\/\/bassin-arcachon.com\/zh\/ou-dormir\/teste-de-buch\/","title":{"rendered":"\u6211\u4eec\u5728 La Teste de Buch \u7684\u5ba2\u623f"},"content":{"rendered":"<div class=\"wp-block-uagb-container uagb-block-364a7175 alignfull uagb-is-root-container\"><div class=\"uagb-container-inner-blocks-wrap\">\n<div class=\"wp-block-uagb-container uagb-block-dbe4c7bd\">\n<h2 class=\"wp-block-heading\">\u6211\u4eec\u5728 La Teste de Buch \u7684\u5ba2\u623f\u53ef\u4ee5\u770b\u5230 Bassin<\/h2>\n\n\n\n<p>\u60a8\u60f3\u5728\u6c34\u8fb9\u653e\u677e\u4e00\u4e0b\u5417\uff1f\u4ece La Teste de Buch \u5ba2\u623f\u7684\u9732\u53f0\u4e0a\u6b23\u8d4f\u6c34\u6c60\uff0c\u9760\u8fd1\u6d77\u6ee9\uff01\u4f60\u4f1a\u4ece\u9633\u53f0\u95fb\u5230\u6d77\u98ce\u7684\u5473\u9053\uff01\u5728\u6211\u4eec La Teste de Buch \u7684\u5176\u4e2d\u4e00\u95f4\u5ba2\u623f\u4e2d\u5ea6\u8fc7\u4e00\u4e2a\u975e\u51e1\u7684\u5047\u671f\uff01<\/p>\n\n\n\n<div class=\"wp-block-buttons is-layout-flex wp-block-buttons-is-layout-flex\">\n<div class=\"wp-block-button\"><a class=\"wp-block-button__link wp-element-button\" href=\"https:\/\/bassin-arcachon.com\/zh\/%e4%bd%8f%e5%ae%bf-2\/%e4%bd%8f%e5%ae%bf%e5%8a%a0%e6%97%a9%e9%a4%90la-teste-de-buchvuemer\/\">\u6d77\u6ee8\u4f4f\u5bbf\u52a0\u65e9\u9910\u65c5\u9986<\/a><\/div>\n<\/div>\n<\/div>\n\n\n\n<div class=\"wp-block-uagb-container uagb-block-c7b1d2b6\">\n<div class=\"wp-block-uagb-image uagb-block-4d4954a8 wp-block-uagb-image--layout-default wp-block-uagb-image--effect-static wp-block-uagb-image--align-none\"><figure class=\"wp-block-uagb-image__figure\"><img decoding=\"async\" srcset=\"https:\/\/bassin-arcachon.com\/wp-content\/uploads\/2017\/02\/Plage-oc\u00e9ane-La-Teste-de-Buch-1024x683.jpg \" sizes=\"auto, (max-width: 480px) 150px\" src=\"https:\/\/bassin-arcachon.com\/wp-content\/uploads\/2017\/02\/Plage-oc\u00e9ane-La-Teste-de-Buch-1024x683.jpg\" alt=\"- - Bassin d&#039;Arcachon\" class=\"uag-image-23765\" width=\"1024\" height=\"683\" title=\"- - Bassin d&#039;Arcachon\" loading=\"lazy\" role=\"img\"><\/figure><\/div>\n<\/div>\n<\/div><\/div>\n\n\n\n<div style=\"height:60px\" aria-hidden=\"true\" class=\"wp-block-spacer\"><\/div>\n\n\n\n<div class=\"wp-block-uagb-container uagb-block-e67af894 alignfull uagb-is-root-container\"><div class=\"uagb-container-inner-blocks-wrap\">\n<div class=\"wp-block-uagb-container uagb-block-46d50884\">\n<div class=\"wp-block-uagb-image uagb-block-a0a3fc12 wp-block-uagb-image--layout-default wp-block-uagb-image--effect-static wp-block-uagb-image--align-none\"><figure class=\"wp-block-uagb-image__figure\"><img decoding=\"async\" srcset=\"https:\/\/bassin-arcachon.com\/wp-content\/uploads\/2017\/07\/balade-detente-amis-bassin-arcachon-1024x683.jpg \" sizes=\"auto, (max-width: 480px) 150px\" src=\"https:\/\/bassin-arcachon.com\/wp-content\/uploads\/2017\/07\/balade-detente-amis-bassin-arcachon-1024x683.jpg\" alt=\"- - Bassin d&#039;Arcachon\" class=\"uag-image-5859\" width=\"1024\" height=\"683\" title=\"- - Bassin d&#039;Arcachon\" loading=\"lazy\" role=\"img\"><\/figure><\/div>\n<\/div>\n\n\n\n<div class=\"wp-block-uagb-container uagb-block-2d923acd\">\n<h2 class=\"wp-block-heading\">\u6211\u4eec\u7684\u5ba2\u623f\u5728 La Teste de Buch \u5e26\u6e38\u6cf3\u6c60<\/h2>\n\n\n\n<p>\u9009\u62e9\u6211\u4eec\u5e26\u6e38\u6cf3\u6c60\u7684 La Teste de Buch \u5ba2\u623f\u4e4b\u4e00\uff0c\u5728\u6cf3\u6c60\u8fb9\u4eab\u53d7 100% \u7684\u653e\u677e\u4f4f\u5bbf\uff01\u5f53\u5b69\u5b50\u4eec\u5728\u6c34\u4e2d\u73a9\u800d\u65f6\uff0c\u60a8\u53ef\u4ee5\u5728\u6cf3\u6c60\u8fb9\u653e\u677e\u8eab\u5fc3\u3002\u5165\u4f4f\u6211\u4eec La Teste de Buch \u7684\u5ba2\u623f\uff0c\u60a8\u5f88\u5feb\u5c31\u4f1a\u6709\u5bbe\u81f3\u5982\u5f52\u7684\u611f\u89c9\uff01<\/p>\n\n\n\n<div class=\"wp-block-buttons is-layout-flex wp-block-buttons-is-layout-flex\">\n<div class=\"wp-block-button\"><a class=\"wp-block-button__link wp-element-button\" href=\"https:\/\/bassin-arcachon.com\/zh\/%e4%bd%8f%e5%ae%bf-2\/%e4%bd%8f%e5%ae%bf%e5%8a%a0%e6%97%a9%e9%a4%90%40%e4%b9%a6%e8%af%84%26amp%3bs%e6%b8%b8%e6%b3%b3%e6%b1%a0\/\">\u5e26\u6e38\u6cf3\u6c60\u7684\u6c11\u5bbf<\/a><\/div>\n<\/div>\n<\/div>\n<\/div><\/div>\n\n\n\n<div style=\"height:60px\" aria-hidden=\"true\" class=\"wp-block-spacer\"><\/div>\n\n\n\n<div class=\"wp-block-uagb-container uagb-block-e1f76ed8 alignfull uagb-is-root-container\"><div class=\"uagb-container-inner-blocks-wrap\">\n<div class=\"wp-block-uagb-container uagb-block-48eff2ec\">\n<h2 class=\"wp-block-heading\">\u6211\u4eec\u7684\u5ba2\u623f\u5728 La Teste de Buch \u5e26\u82b1\u56ed<\/h2>\n\n\n\n<p>\u9009\u62e9\u6211\u4eec La Teste de Buch \u5e26\u82b1\u56ed\u7684\u5ba2\u623f\u4e4b\u4e00\uff0c\u4eab\u53d7\u771f\u6b63\u7684\u5b81\u9759\u5929\u5802\uff01\u5728\u81ea\u7136\u800c\u7e41\u82b1\u4f3c\u9526\u7684\u73af\u5883\u4e2d\uff0c\u5229\u7528\u4f4f\u5bbf\u52a0\u65e9\u9910\u65c5\u9986\u7684\u82b1\u56ed\u4e0e\u670b\u53cb\u6216\u5bb6\u4eba\u4e00\u8d77\u653e\u677e\u8eab\u5fc3\uff01\u4e00\u4e2a\u771f\u6b63\u8ff7\u4eba\u7684\u62ec\u53f7\uff01<\/p>\n\n\n\n<div class=\"wp-block-buttons is-layout-flex wp-block-buttons-is-layout-flex\">\n<div class=\"wp-block-button\"><a class=\"wp-block-button__link wp-element-button\" href=\"https:\/\/bassin-arcachon.com\/zh\/%e4%bd%8f%e5%ae%bf-2\/%e4%bd%8f%e5%ae%bf%e5%8a%a0%e6%97%a9%e9%a4%90la-teste-de-buchjardin-2\/\">\u5e26\u82b1\u56ed\u7684\u6c11\u5bbf<\/a><\/div>\n<\/div>\n<\/div>\n\n\n\n<div class=\"wp-block-uagb-container uagb-block-b4f2dac4\">\n<div class=\"wp-block-uagb-image uagb-block-1ffd8f82 wp-block-uagb-image--layout-default wp-block-uagb-image--effect-static wp-block-uagb-image--align-none\"><figure class=\"wp-block-uagb-image__figure\"><img decoding=\"async\" srcset=\"https:\/\/bassin-arcachon.com\/wp-content\/uploads\/2019\/01\/ou-manger-teste-de-buch.jpg \" sizes=\"auto, (max-width: 480px) 150px\" src=\"https:\/\/bassin-arcachon.com\/wp-content\/uploads\/2019\/01\/ou-manger-teste-de-buch.jpg\" alt=\"\u54ea\u91cc\u53ef\u4ee5\u5403 teste-de-buch\" class=\"uag-image-31234\" width=\"1000\" height=\"666\" title=\"- - Bassin d&#039;Arcachon\" loading=\"lazy\" role=\"img\"><\/figure><\/div>\n<\/div>\n<\/div><\/div>\n\n\n\n<div style=\"height:60px\" aria-hidden=\"true\" class=\"wp-block-spacer\"><\/div>\n\n\n\n<div class=\"wp-block-uagb-container uagb-block-fe020429 alignfull uagb-is-root-container\">\n<div class=\"wp-block-cover is-light has-parallax\"><span aria-hidden=\"true\" class=\"wp-block-cover__background has-background-dim-0 has-background-dim\"><\/span><div class=\"wp-block-cover__image-background wp-image-1345 has-parallax\" style=\"background-position:50% 50%;background-image:url(https:\/\/bassin-arcachon.com\/wp-content\/uploads\/2017\/03\/Camping-Panorama-du-Pyla-cottage-vue-mer-coin-farniente.jpg)\"><\/div><div class=\"wp-block-cover__inner-container is-layout-flow wp-block-cover-is-layout-flow\">\n<div class=\"wp-block-uagb-container uagb-block-340dcf33\">\n<h2 class=\"wp-block-heading has-text-align-center has-white-color has-text-color has-large-font-size\">\u5728\u963f\u5361\u96c4\u7684\u5176\u4e2d\u4e00\u95f4 Bassin \u5ba2\u623f\u4e2d\u8f7b\u677e\u5ea6\u8fc7\u60a8\u7684\u5047\u671f<\/h2>\n\n\n\n<p class=\"has-text-align-center has-white-color has-text-color\"><a href=\"https:\/\/bassin-arcachon.com\/zh\/%e4%bd%8f%e5%ae%bf-2\/%e5%ae%a2%e6%88%bf\/\">\u5f00\u59cb\u60a8\u7684\u641c\u7d22<\/a><\/p>\n<\/div>\n<\/div><\/div>\n<\/div>\n\n\n\n<div style=\"height:60px\" aria-hidden=\"true\" class=\"wp-block-spacer\"><\/div>\n\n\n\n<div class=\"wp-block-uagb-container uagb-block-8f305ad1 alignfull uagb-is-root-container\"><div class=\"uagb-container-inner-blocks-wrap\">\n<div class=\"wp-block-uagb-container uagb-block-e71f2ccf\">\n<h3 class=\"wp-block-heading\">\u60a8\u60f3\u9884\u8ba2La Teste de Buch\u5de6\u53f3\u7684\u5ba2\u623f<\/h3>\n\n\n\n<p>\u63a2\u7d22\u963f\u5361\u96c4 Bassin \u7684\u6240\u6709\u5ba2\u623f\uff1a&nbsp;<a href=\"https:\/\/bassin-arcachon.com\/zh\/%e4%bd%8f%e5%ae%bf-2\/%e5%ae%a2%e6%88%bf+%e6%88%98%e7%a5%9e-2\/\">\u6218\u795e<\/a>,&nbsp;<a href=\"https:\/\/bassin-arcachon.com\/zh\/%e4%bd%8f%e5%ae%bf-2\/%e5%ae%a2%e6%88%bf+%e9%98%bf%e5%8d%a1%e9%9b%84\/\">\u963f\u5361\u96c4<\/a>,&nbsp;<a href=\"https:\/\/bassin-arcachon.com\/zh\/%e4%bd%8f%e5%ae%bf-2\/%e5%ae%a2%e6%88%bf+%e5%8b%92%e6%b3%b0%e5%85%8b\/\">Le Teich<\/a>,&nbsp;<a href=\"https:\/\/bassin-arcachon.com\/zh\/%e4%bd%8f%e5%ae%bf-2\/%e5%ae%a2%e6%88%bf+%e5%ae%89%e5%be%b7%e8%af%ba%e6%96%af\/\">\u5b89\u5fb7\u8bfa\u65af<\/a>,&nbsp;<a href=\"https:\/\/bassin-arcachon.com\/zh\/%e4%bd%8f%e5%ae%bf-2\/%e5%ae%a2%e6%88%bf+%e5%8f%a4%e8%ae%a9%e6%a2%85%e6%96%af%e7%89%b9%e6%8b%89%e6%96%af\/\">Gujan-Mestras,<\/a>&nbsp;<a href=\"https:\/\/bassin-arcachon.com\/zh\/%e4%bd%8f%e5%ae%bf-2\/%e5%ae%a2%e6%88%bf+%e7%9b%86%e5%9c%b0%e4%b9%8b%e5%bf%83\/\">\u6bd4\u52a0\u8bfa\u65af<\/a>&nbsp;<a href=\"https:\/\/bassin-arcachon.com\/zh\/%e4%bd%8f%e5%ae%bf-2\/%e5%ae%a2%e6%88%bf+%e7%9b%86%e5%9c%b0%e4%b9%8b%e5%bf%83\/\">\u5965\u767b\u683c<\/a>,<a href=\"https:\/\/bassin-arcachon.com\/zh\/%e4%bd%8f%e5%ae%bf-2\/%e5%ae%a2%e6%88%bf+%e7%9b%86%e5%9c%b0%e4%b9%8b%e5%bf%83\/\">&nbsp;\u5170\u987f&nbsp;<\/a>\u548c&nbsp;<a href=\"https:\/\/bassin-arcachon.com\/zh\/%e4%bd%8f%e5%ae%bf-2\/%e5%ae%a2%e6%88%bf+lege-cap-ferret\/\">\u96f7\u683c\u5e3d\u96ea\u8c82<\/a>&nbsp;!<\/p>\n<\/div>\n\n\n\n<div class=\"wp-block-uagb-container uagb-block-3ba7c796\">\n<div class=\"wp-block-uagb-image uagb-block-d47d4e56 wp-block-uagb-image--layout-default wp-block-uagb-image--effect-static wp-block-uagb-image--align-none\"><figure class=\"wp-block-uagb-image__figure\"><img decoding=\"async\" srcset=\"https:\/\/bassin-arcachon.com\/wp-content\/uploads\/2018\/09\/nourri-a-lhu\u00eetre-\u00e9lev\u00e9-sous-les-pins-Bassin-dArcachon.jpg 1000w, https:\/\/bassin-arcachon.com\/wp-content\/uploads\/2018\/09\/nourri-a-lhu\u00eetre-\u00e9lev\u00e9-sous-les-pins-Bassin-dArcachon-600x400.jpg 600w, https:\/\/bassin-arcachon.com\/wp-content\/uploads\/2018\/09\/nourri-a-lhu\u00eetre-\u00e9lev\u00e9-sous-les-pins-Bassin-dArcachon-768x511.jpg 768w, https:\/\/bassin-arcachon.com\/wp-content\/uploads\/2018\/09\/nourri-a-lhu\u00eetre-\u00e9lev\u00e9-sous-les-pins-Bassin-dArcachon-18x12.jpg 18w\" sizes=\"auto, (max-width: 480px) 150px\" src=\"https:\/\/bassin-arcachon.com\/wp-content\/uploads\/2018\/09\/nourri-a-lhu\u00eetre-\u00e9lev\u00e9-sous-les-pins-Bassin-dArcachon.jpg\" alt=\"- - Bassin d&#039;Arcachon\" class=\"uag-image-26169\" width=\"1000\" height=\"666\" title=\"- - Bassin d&#039;Arcachon\" loading=\"lazy\" role=\"img\"><\/figure><\/div>\n<\/div>\n<\/div><\/div>\n\n\n\n<div style=\"height:60px\" aria-hidden=\"true\" class=\"wp-block-spacer\"><\/div>","protected":false},"excerpt":{"rendered":"<p>Nos chambres d\u2019h\u00f4tes \u00e0 La Teste de Buch avec vue sur le Bassin Un s\u00e9jour relaxant au bord de l\u2019eau, \u00e7a vous tente ? Contemplez le bassin depuis la terrasse [&hellip;]<\/p>\n","protected":false},"author":24,"featured_media":2217,"parent":43,"menu_order":1,"comment_status":"closed","ping_status":"closed","template":"","meta":{"_acf_changed":false,"_uag_custom_page_level_css":"","footnotes":""},"class_list":["post-27306","page","type-page","status-publish","has-post-thumbnail","hentry"],"acf":[],"uagb_featured_image_src":{"full":["https:\/\/bassin-arcachon.com\/wp-content\/uploads\/2017\/03\/camping-bassin-arcachon.jpg",1200,800,false],"thumbnail":["https:\/\/bassin-arcachon.com\/wp-content\/uploads\/2017\/03\/camping-bassin-arcachon-150x150.jpg",150,150,true],"medium":["https:\/\/bassin-arcachon.com\/wp-content\/uploads\/2017\/03\/camping-bassin-arcachon-600x400.jpg",600,400,true],"medium_large":["https:\/\/bassin-arcachon.com\/wp-content\/uploads\/2017\/03\/camping-bassin-arcachon-768x512.jpg",768,512,true],"large":["https:\/\/bassin-arcachon.com\/wp-content\/uploads\/2017\/03\/camping-bassin-arcachon-1024x683.jpg",1024,683,true],"1536x1536":["https:\/\/bassin-arcachon.com\/wp-content\/uploads\/2017\/03\/camping-bassin-arcachon.jpg",1200,800,false],"2048x2048":["https:\/\/bassin-arcachon.com\/wp-content\/uploads\/2017\/03\/camping-bassin-arcachon.jpg",1200,800,false],"trp-custom-language-flag":["https:\/\/bassin-arcachon.com\/wp-content\/uploads\/2017\/03\/camping-bassin-arcachon-18x12.jpg",18,12,true]},"uagb_author_info":{"display_name":"Audrey RAMBAUT","author_link":"https:\/\/bassin-arcachon.com\/zh\/author\/audrey-siba\/"},"uagb_comment_info":0,"uagb_excerpt":"Nos chambres d\u2019h\u00f4tes \u00e0 La Teste de Buch avec vue sur le Bassin Un s\u00e9jour relaxant au bord de l\u2019eau, \u00e7a vous tente ? Contemplez le bassin depuis la terrasse [&hellip;]","_links":{"self":[{"href":"https:\/\/bassin-arcachon.com\/zh\/wp-json\/wp\/v2\/pages\/27306","targetHints":{"allow":["GET"]}}],"collection":[{"href":"https:\/\/bassin-arcachon.com\/zh\/wp-json\/wp\/v2\/pages"}],"about":[{"href":"https:\/\/bassin-arcachon.com\/zh\/wp-json\/wp\/v2\/types\/page"}],"author":[{"embeddable":true,"href":"https:\/\/bassin-arcachon.com\/zh\/wp-json\/wp\/v2\/users\/24"}],"replies":[{"embeddable":true,"href":"https:\/\/bassin-arcachon.com\/zh\/wp-json\/wp\/v2\/comments?post=27306"}],"version-history":[{"count":2,"href":"https:\/\/bassin-arcachon.com\/zh\/wp-json\/wp\/v2\/pages\/27306\/revisions"}],"predecessor-version":[{"id":68246,"href":"https:\/\/bassin-arcachon.com\/zh\/wp-json\/wp\/v2\/pages\/27306\/revisions\/68246"}],"up":[{"embeddable":true,"href":"https:\/\/bassin-arcachon.com\/zh\/wp-json\/wp\/v2\/pages\/43"}],"wp:featuredmedia":[{"embeddable":true,"href":"https:\/\/bassin-arcachon.com\/zh\/wp-json\/wp\/v2\/media\/2217"}],"wp:attachment":[{"href":"https:\/\/bassin-arcachon.com\/zh\/wp-json\/wp\/v2\/media?parent=27306"}],"curies":[{"name":"\u53ef\u6e7f\u6027\u7c89\u5242","href":"https:\/\/api.w.org\/{rel}","templated":true}]}}