{"id":339,"date":"2017-03-09T14:31:37","date_gmt":"2017-03-09T13:31:37","guid":{"rendered":"https:\/\/bassin-arcachon.com\/\/?page_id=339"},"modified":"2024-12-13T10:58:13","modified_gmt":"2024-12-13T09:58:13","slug":"%e5%ae%89%e5%be%b7%e8%af%ba%e8%8e%b1%e7%8f%ad","status":"publish","type":"page","link":"https:\/\/bassin-arcachon.com\/zh\/nos-villes-et-villages\/andernos-les-bains\/","title":{"rendered":"\u5b89\u5fb7\u8bfa\u65af\u00b7\u83b1\u73ed"},"content":{"rendered":"<div class=\"wp-block-uagb-container uagb-block-93e7943d alignfull uagb-is-root-container\"><div class=\"uagb-container-inner-blocks-wrap\">\n<div class=\"wp-block-uagb-container uagb-block-23f06e02\">\n<div class=\"wp-block-uagb-image uagb-block-52ed65b7 wp-block-uagb-image--layout-default wp-block-uagb-image--effect-static wp-block-uagb-image--align-none\"><figure class=\"wp-block-uagb-image__figure\"><img decoding=\"async\" srcset=\"https:\/\/bassin-arcachon.com\/wp-content\/uploads\/2017\/03\/mini-map-andernos.jpg \" sizes=\"auto, (max-width: 480px) 150px\" src=\"https:\/\/bassin-arcachon.com\/wp-content\/uploads\/2017\/03\/mini-map-andernos.jpg\" alt=\"- - Bassin d&#039;Arcachon\" class=\"uag-image-1911\" width=\"278\" height=\"278\" title=\"- - Bassin d&#039;Arcachon\" loading=\"lazy\" role=\"img\"><\/figure><\/div>\n\n\n\n<h2 class=\"wp-block-heading\">\u5b89\u5fb7\u8bfa\u65af\u00b7\u83b1\u73ed<\/h2>\n\n\n\n<p>\u51ed\u501f\u5176\u5927\u578b\u7801\u5934\u3001\u7261\u86ce\u6e2f\u53e3\u3001\u81ea\u7136\u7a7a\u95f4\u3001\u6d77\u6ee9\u548c\u5145\u6ee1\u6d3b\u529b\u7684\u57ce\u5e02\uff0c&nbsp;<strong>\u5b89\u5fb7\u8bfa\u65af\u00b7\u83b1\u73ed<\/strong>&nbsp;\u62e5\u6709\u4e0e\u670b\u53cb\u548c\u5bb6\u4eba\u5ea6\u8fc7\u771f\u6b63\u5047\u671f\u7684\u6240\u6709\u5fc5\u9700\u54c1\uff01 <br>\u4f60\u627e <a href=\"https:\/\/bassin-arcachon.com\/zh\/%e6%88%96%e7%9d%a1%e8%a7%89\/%e9%85%92%e5%ba%97-2\/%e5%ae%89%e5%be%b7%e8%af%ba%e6%96%af\/\">\u9152\u5e97<\/a>, <a href=\"https:\/\/bassin-arcachon.com\/zh\/%e6%88%96%e7%9d%a1%e8%a7%89\/%e7%a7%9f%e9%87%91\/%e5%ae%89%e5%be%b7%e8%af%ba%e6%96%af\/\">\u5ea6\u5047\u51fa\u79df\u5c4b<\/a>, <a href=\"https:\/\/bassin-arcachon.com\/zh\/%e6%88%96%e7%9d%a1%e8%a7%89\/%e9%87%8e%e8%90%a5\/%e5%ae%89%e5%be%b7%e8%af%ba%e6%96%af\/\">\u9732\u8425<\/a> \u5728\u54ea\u91cc <a href=\"https:\/\/bassin-arcachon.com\/zh\/%e6%88%96%e7%9d%a1%e8%a7%89\/%e5%ba%8a%e5%92%8c%e6%97%a9%e9%a4%90\/%e5%ae%89%e5%be%b7%e8%af%ba%e6%96%af\/\" data-type=\"link\" data-id=\"https:\/\/bassin-arcachon.com\/ou-dormir\/chambres-hotes\/andernos\/\">\u5bbe\u9986<\/a>\uff0cAndernos-les-Bains \u662f\u5ea6\u5047\u4f4f\u5bbf\u7684\u7406\u60f3\u6d77\u6ee8\u5ea6\u5047\u80dc\u5730\u3002<\/p>\n<\/div>\n\n\n\n<div class=\"wp-block-uagb-container uagb-block-7e8a9914\">\n<div class=\"wp-block-uagb-image uagb-block-a129df15 wp-block-uagb-image--layout-default wp-block-uagb-image--effect-static wp-block-uagb-image--align-none\"><figure class=\"wp-block-uagb-image__figure\"><img decoding=\"async\" srcset=\"https:\/\/bassin-arcachon.com\/wp-content\/uploads\/2023\/01\/andernos-velo-SIBA-agence-les-conteurs-112-scaled-683x1024.jpg \" sizes=\"auto, (max-width: 480px) 150px\" src=\"https:\/\/bassin-arcachon.com\/wp-content\/uploads\/2023\/01\/andernos-velo-SIBA-agence-les-conteurs-112-scaled-683x1024.jpg\" alt=\"- - Bassin d&#039;Arcachon\" class=\"uag-image-53651\" width=\"683\" height=\"1024\" title=\"- - Bassin d&#039;Arcachon\" loading=\"lazy\" role=\"img\"><\/figure><\/div>\n<\/div>\n<\/div><\/div>\n\n\n\n<div style=\"height:40px\" aria-hidden=\"true\" class=\"wp-block-spacer\"><\/div>\n\n\n\n<div class=\"wp-block-uagb-container uagb-block-c30762ba alignfull uagb-is-root-container\"><div class=\"uagb-container-inner-blocks-wrap\">\n<div class=\"wp-block-uagb-container uagb-block-c57f602d\">\n<div class=\"wp-block-uagb-image uagb-block-6209834a wp-block-uagb-image--layout-default wp-block-uagb-image--effect-static wp-block-uagb-image--align-none\"><figure class=\"wp-block-uagb-image__figure\"><img decoding=\"async\" srcset=\"https:\/\/bassin-arcachon.com\/wp-content\/uploads\/2018\/07\/Jetee-andernos-les-bains-balade-en-famille.jpg \" sizes=\"auto, (max-width: 480px) 150px\" src=\"https:\/\/bassin-arcachon.com\/wp-content\/uploads\/2018\/07\/Jetee-andernos-les-bains-balade-en-famille.jpg\" alt=\"- - Bassin d&#039;Arcachon\" class=\"uag-image-23917\" width=\"1000\" height=\"666\" title=\"- - Bassin d&#039;Arcachon\" loading=\"lazy\" role=\"img\"><\/figure><\/div>\n<\/div>\n\n\n\n<div class=\"wp-block-uagb-container uagb-block-39e8a21f\">\n<h2 class=\"wp-block-heading\">\u6cbf\u7740\u6cd5\u56fd\u6700\u957f\u7684\u7801\u5934\u6f2b\u6b65<\/h2>\n\n\n\n<p><br>\u6cbf\u7740\u8fd9\u4e2a\u8d70&nbsp;<strong>232\u7c73\u957f\u7684\u7801\u5934<\/strong>\uff0c\u76f8\u673a\u5728\u624b\u3002\u6b65\u884c\u81f3\u5c3d\u5934\uff0c\u6b23\u8d4f\u5c16\u5cf0\u3001\u8239\u53ea\u548c\u89c2\u9e1f\u7684\u7f8e\u666f\u3002\u4e5f\u5728\u65e5\u843d\u65f6\u53d1\u73b0\u5b83\uff01\u9760\u8fd1\u7801\u5934\uff0c\u6f2b\u6b65\u6d77\u6ee8\u5927\u9053\uff0c\u770b\u6211\u4eec\u7f8e\u4e3d\u7684&nbsp;<strong><a href=\"https:\/\/bassin-arcachon.com\/zh\/%e6%88%96%e7%9d%a1%e8%a7%89\/%e7%a7%9f%e9%87%91\/%e5%ae%89%e5%be%b7%e8%af%ba%e6%96%af\/\">\u4e61\u95f4\u522b\u5885<\/a><\/strong>&nbsp;: \u7f8e\u4e3d\u7684Andernosiennes\u3002<\/p>\n<\/div>\n<\/div><\/div>\n\n\n\n<div style=\"height:40px\" aria-hidden=\"true\" class=\"wp-block-spacer\"><\/div>\n\n\n\n<div class=\"wp-block-uagb-container uagb-block-20fba992 alignfull uagb-is-root-container\"><div class=\"uagb-container-inner-blocks-wrap\">\n<div class=\"wp-block-uagb-container uagb-block-f7ec523a\">\n<h2 class=\"wp-block-heading\">\u5728\u7261\u86ce\u6e2f\u53e3\u6f2b\u6b65<\/h2>\n\n\n\n<p>\u8d81\u7740\u5047\u671f\u901b\u901b\u82b1\u8857&nbsp;<a href=\"https:\/\/bassin-arcachon.com\/zh\/%e6%88%91%e4%bb%ac%e7%9a%84%e5%bf%85%e9%9c%80%e5%93%81\/%e7%89%a1%e8%9b%8e%e6%9d%91%e5%92%8c%e6%b8%af%e5%8f%a3\/\">\u7261\u86ce\u6e2f<\/a> \u5b89\u5fb7\u8bfa\u83b1\u73ed\u3002\u5728\u8fd9\u91cc\uff0c\u5c0f\u5c4b\u90fd\u6709\u4e0d\u540c\u7684\u989c\u8272\u3002<\/p>\n\n\n\n<p>\u5348\u9910\u65f6\u5750\u5728\u9910\u684c\u65c1\u4eab\u7528\u7f8e\u5473\u7684\u6d77\u9c9c\u62fc\u76d8\uff0c\u6216\u5750\u5728\u6c34\u8fb9\u6b23\u8d4f\u8fd4\u56de\u6e2f\u53e3\u7684\u7261\u86ce\u517b\u6b96\u8005\u7684\u6765\u6765\u5f80\u5f80\u3002 <\/p>\n\n\n\n<p>\u9644\u8fd1\uff0c\u6253\u5f00\u95e8<a href=\"https:\/\/www.gironde-tourisme.fr\/patrimoine-culturel\/eglise-saint-eloi\/\" data-type=\"URL\" data-id=\"https:\/\/www.gironde-tourisme.fr\/patrimoine-culturel\/eglise-saint-eloi\/\" target=\"_blank\" rel=\"noopener\"><strong>\u5723\u57c3\u6d1b\u4f0a\u6559\u5802<\/strong>&nbsp;<\/a>\u53ef\u8ffd\u6eaf\u81f3 11 \u4e16\u7eaa\uff1a\u534e\u4e3d\u7684\u9970\u5e26\u548c\u58c1\u753b\u3002 <\/p>\n\n\n\n<p>\u7136\u540e\u4f11\u606f\u4e00\u4e0b&nbsp;<strong>\u4e00\u5ea7\u9ad8\u5362\u7f57\u9a6c\u522b\u5885\u7684\u9057\u8ff9<\/strong>&nbsp;\u4ece 4 \u4e16\u7eaa\u5f00\u59cb\u3002<\/p>\n<\/div>\n\n\n\n<div class=\"wp-block-uagb-container uagb-block-93b7e89f\">\n<div class=\"wp-block-uagb-image uagb-block-452f8197 wp-block-uagb-image--layout-default wp-block-uagb-image--effect-static wp-block-uagb-image--align-none\"><figure class=\"wp-block-uagb-image__figure\"><img decoding=\"async\" srcset=\"https:\/\/bassin-arcachon.com\/wp-content\/uploads\/2022\/10\/andernos-huitres-SIBA-agence-les-conteurs-36-1536x1536-1-1024x1024.jpg \" sizes=\"auto, (max-width: 480px) 150px\" src=\"https:\/\/bassin-arcachon.com\/wp-content\/uploads\/2022\/10\/andernos-huitres-SIBA-agence-les-conteurs-36-1536x1536-1-1024x1024.jpg\" alt=\"- - Bassin d&#039;Arcachon\" class=\"uag-image-51611\" width=\"1024\" height=\"1024\" title=\"- - Bassin d&#039;Arcachon\" loading=\"lazy\" role=\"img\"><\/figure><\/div>\n<\/div>\n<\/div><\/div>\n\n\n\n<div style=\"height:40px\" aria-hidden=\"true\" class=\"wp-block-spacer\"><\/div>\n\n\n\n<div class=\"wp-block-uagb-container uagb-block-4934205d alignfull uagb-is-root-container\"><div class=\"uagb-container-inner-blocks-wrap\">\n<h3 class=\"wp-block-heading\">\u63a2\u7d22\u81ea\u7136\u2026\u2026<\/h3>\n\n\n\n<p>\u4ece\u7261\u86ce\u6e2f\u53e3\u51fa\u53d1\uff0c\u63a2\u7d22 Bassin d&#039;Arcachon \u7684\u81ea\u7136\u666f\u70b9\u4e4b\u4e00\uff0c\u00a0<strong>Domaine St-Brice-Les Quinconces-Le Coulin\u9152\u5e84<\/strong>\u3002\u6cbf\u7740\u6d77\u5cb8\u5c0f\u8def\uff0c\u60a8\u53ef\u4ee5\u4ece Pointe des Quinconces \u6b23\u8d4f\u6574\u4e2a Bassin \u7684\u666f\u8272\u3002\u5f53\u5730\u4eba\u90fd\u77e5\u9053\u7684\u4e00\u4e2a\u5c0f\u89d2\u843d\u3002\u5411\u5317\uff0c\u6211\u4eec\u7a7f\u8fc7 Cir\u00e8s \u6cb3\uff0c\u5230\u8fbe\u7f8e\u4e3d\u7684 La Conche de Saint Brice \u6d77\u6ee9\u3002\u00a0<a href=\"https:\/\/bassin-arcachon.com\/zh\/%e6%88%91%e4%bb%ac%e7%9a%84%e5%9f%8e%e5%b8%82%e5%92%8c%e6%9d%91%e5%ba%84\/%e6%88%98%e7%a5%9e-2\/\">\u6218\u795e<\/a>.<\/p>\n\n\n\n<figure class=\"wp-block-gallery has-nested-images columns-3 is-cropped wp-block-gallery-1 is-layout-flex wp-block-gallery-is-layout-flex\">\n<figure class=\"wp-block-image size-large\"><img loading=\"lazy\" decoding=\"async\" width=\"1024\" height=\"768\" data-id=\"47498\" src=\"https:\/\/bassin-arcachon.com\/wp-content\/uploads\/2020\/09\/5-QuinconcescAng\u00e9lique-Saget-scaled-1024x768.jpg\" alt=\"- - Bassin d&#039;Arcachon\" class=\"wp-image-47498\" title=\"- - Bassin d&#039;Arcachon\" srcset=\"\" sizes=\"auto, (max-width: 1024px) 100vw, 1024px\" data-srcset=\"\" \/><\/figure>\n\n\n\n<figure class=\"wp-block-image size-large\"><img loading=\"lazy\" decoding=\"async\" width=\"1024\" height=\"683\" data-id=\"42974\" src=\"https:\/\/bassin-arcachon.com\/wp-content\/uploads\/2020\/03\/andernos-velo-SIBA-agence-les-conteurs-64-1024x683.jpg\" alt=\"- - Bassin d&#039;Arcachon\" class=\"wp-image-42974\" title=\"- - Bassin d&#039;Arcachon\" srcset=\"https:\/\/bassin-arcachon.com\/wp-content\/uploads\/2020\/03\/andernos-velo-SIBA-agence-les-conteurs-64-1024x683.jpg 1024w, https:\/\/bassin-arcachon.com\/wp-content\/uploads\/2020\/03\/andernos-velo-SIBA-agence-les-conteurs-64-600x400.jpg 600w, https:\/\/bassin-arcachon.com\/wp-content\/uploads\/2020\/03\/andernos-velo-SIBA-agence-les-conteurs-64-768x512.jpg 768w, https:\/\/bassin-arcachon.com\/wp-content\/uploads\/2020\/03\/andernos-velo-SIBA-agence-les-conteurs-64-18x12.jpg 18w, https:\/\/bassin-arcachon.com\/wp-content\/uploads\/2020\/03\/andernos-velo-SIBA-agence-les-conteurs-64.jpg 1200w\" sizes=\"auto, (max-width: 1024px) 100vw, 1024px\" \/><\/figure>\n\n\n\n<figure class=\"wp-block-image size-large\"><img loading=\"lazy\" decoding=\"async\" width=\"1024\" height=\"683\" data-id=\"46829\" src=\"https:\/\/bassin-arcachon.com\/wp-content\/uploads\/2020\/06\/andernos-quinconces-SIBA-agence-les-conteurs-39-1024x683.jpg\" alt=\"- - Bassin d&#039;Arcachon\" class=\"wp-image-46829\" title=\"- - Bassin d&#039;Arcachon\" srcset=\"https:\/\/bassin-arcachon.com\/wp-content\/uploads\/2020\/06\/andernos-quinconces-SIBA-agence-les-conteurs-39-1024x683.jpg 1024w, https:\/\/bassin-arcachon.com\/wp-content\/uploads\/2020\/06\/andernos-quinconces-SIBA-agence-les-conteurs-39-600x400.jpg 600w, https:\/\/bassin-arcachon.com\/wp-content\/uploads\/2020\/06\/andernos-quinconces-SIBA-agence-les-conteurs-39-768x512.jpg 768w, https:\/\/bassin-arcachon.com\/wp-content\/uploads\/2020\/06\/andernos-quinconces-SIBA-agence-les-conteurs-39-18x12.jpg 18w, https:\/\/bassin-arcachon.com\/wp-content\/uploads\/2020\/06\/andernos-quinconces-SIBA-agence-les-conteurs-39.jpg 1200w\" sizes=\"auto, (max-width: 1024px) 100vw, 1024px\" \/><\/figure>\n<\/figure>\n<\/div><\/div>\n\n\n\n<div style=\"height:40px\" aria-hidden=\"true\" class=\"wp-block-spacer\"><\/div>\n\n\n\n<div class=\"wp-block-uagb-container uagb-block-58548285 alignfull uagb-is-root-container\"><div class=\"uagb-container-inner-blocks-wrap\">\n<figure class=\"wp-block-pullquote\" style=\"border-radius:0px;border-top-style:none;border-top-width:0px;border-right-style:none;border-right-width:0px;border-bottom-style:none;border-bottom-width:0px;border-left-width:2px\"><blockquote><p>\u5728\u5b89\u5fb7\u8bfa\u65af (Andernos) \u7801\u5934\u9644\u8fd1\u4eab\u7528\u7f8e\u98df\uff0c\u6b3e\u5f85\u81ea\u5df1\uff01<\/p><\/blockquote><\/figure>\n<\/div><\/div>\n\n\n\n<div style=\"height:20px\" aria-hidden=\"true\" class=\"wp-block-spacer\"><\/div>\n\n\n\n<div class=\"wp-block-uagb-container uagb-block-d858886b alignfull uagb-is-root-container\"><div class=\"uagb-container-inner-blocks-wrap\">\n<div class=\"wp-block-uagb-container uagb-block-cba1005c\">\n<div class=\"wp-block-uagb-image uagb-block-1c60eea1 wp-block-uagb-image--layout-default wp-block-uagb-image--effect-static wp-block-uagb-image--align-none\"><figure class=\"wp-block-uagb-image__figure\"><img decoding=\"async\" srcset=\"https:\/\/bassin-arcachon.com\/wp-content\/uploads\/2023\/01\/Festival-de-Jazz-a-Andernos.jpg \" sizes=\"auto, (max-width: 480px) 150px\" src=\"https:\/\/bassin-arcachon.com\/wp-content\/uploads\/2023\/01\/Festival-de-Jazz-a-Andernos.jpg\" alt=\"- - Bassin d&#039;Arcachon\" class=\"uag-image-53659\" width=\"603\" height=\"444\" title=\"- - Bassin d&#039;Arcachon\" loading=\"lazy\" role=\"img\"><\/figure><\/div>\n<\/div>\n\n\n\n<div class=\"wp-block-uagb-container uagb-block-44c37fb5\">\n<h2 class=\"wp-block-heading\">\u8ddf\u7740\u52a8\u753b\u7684\u8282\u594f\u751f\u6d3b<\/h2>\n\n\n\n<p>\u8ba9\u81ea\u5df1\u6c89\u6d78\u5728\u5b89\u5fb7\u8bfa\u83b1\u73ed\u5c0f\u9547\u7684\u6c1b\u56f4\u4e2d\uff0c\u65e0\u8bba\u767d\u5929\u8fd8\u662f\u9ed1\u591c\uff0c\u5c24\u5176\u662f\u5168\u5e74\uff01<\/p>\n\n\n\n<p>\u5728\u7801\u5934\u7684\u5e7f\u573a\u4e0a\uff0c&nbsp;<strong>\u52a8\u753b\u7247<\/strong>&nbsp;\u5728\u590f\u5929\u7684\u6bcf\u4e2a\u665a\u4e0a\u90fd\u4e92\u76f8\u5173\u6ce8\u3002&nbsp;<a href=\"https:\/\/bassin-arcachon.com\/zh\/%e8%ae%ae%e7%a8%8b%e5%a4%96%e5%87%ba%e5%b8%82%e5%9c%ba\/\" target=\"_blank\" rel=\"noreferrer noopener\">\u67e5\u9605\u6d3b\u52a8\u65e5\u5386<\/a>&nbsp;\uff01\u800c\u5bf9\u4e8e\u7231\u597d\u8005&nbsp;<strong>\u8d2d\u7269<\/strong>, Andernos-les-Bains \u7684\u5546\u5e97\u5168\u5e74\u8425\u4e1a\uff0c\u590f\u5b63\u6bcf\u5929\u665a\u4e0a\u8425\u4e1a\uff01\u6211\u4eec\u5f53\u5730\u4eba\u559c\u6b22\u4ed6\u4eec\uff01<\/p>\n<\/div>\n<\/div><\/div>\n\n\n\n<div style=\"height:40px\" aria-hidden=\"true\" class=\"wp-block-spacer\"><\/div>\n\n\n\n<div class=\"wp-block-uagb-container uagb-block-0d08e2bf alignfull uagb-is-root-container\"><div class=\"uagb-container-inner-blocks-wrap\">\n<div class=\"wp-block-uagb-container uagb-block-93fd5562\">\n<h2 class=\"wp-block-heading\">\u6c89\u5165esteys\u2026<\/h2>\n\n\n\n<p>\u5728\u9000\u6f6e\u65f6\u51fa\u53d1\u63a2\u7d22\u524d\u6ee9\uff0c\u5bfb\u627e\u9e1f\u86e4\u3001\u8783\u87f9\u548c\u86e4\u870a\u2026\u2026\u4e00\u5b9a\u8981\u9075\u5b88\u8d1d\u7c7b\u7684\u6700\u5c0f\u5c3a\u5bf8\uff0c\u4ee5\u4fdd\u8bc1\u5bf9\u8fd9\u4e2a\u8106\u5f31\u73af\u5883\u7684\u6301\u4e45\u4fdd\u62a4\uff1a\u65c5\u6e38\u5c40\u63d0\u4f9b\u5c3a\u5b50\u3002<\/p>\n<\/div>\n\n\n\n<div class=\"wp-block-uagb-container uagb-block-c9e92521\">\n<div class=\"wp-block-uagb-image uagb-block-279bb207 wp-block-uagb-image--layout-default wp-block-uagb-image--effect-static wp-block-uagb-image--align-none\"><figure class=\"wp-block-uagb-image__figure\"><img decoding=\"async\" srcset=\"https:\/\/bassin-arcachon.com\/wp-content\/uploads\/2020\/07\/Peche-a-pied-Bassin-dArcachon-1024x683-1.jpg \" sizes=\"auto, (max-width: 480px) 150px\" src=\"https:\/\/bassin-arcachon.com\/wp-content\/uploads\/2020\/07\/Peche-a-pied-Bassin-dArcachon-1024x683-1.jpg\" alt=\"- - Bassin d&#039;Arcachon\" class=\"uag-image-44390\" width=\"1024\" height=\"683\" title=\"- - Bassin d&#039;Arcachon\" loading=\"lazy\" role=\"img\"><\/figure><\/div>\n<\/div>\n<\/div><\/div>\n\n\n\n<div style=\"height:40px\" aria-hidden=\"true\" class=\"wp-block-spacer\"><\/div>\n\n\n\n<div class=\"wp-block-uagb-container uagb-block-25c6622c alignfull uagb-is-root-container\"><div class=\"uagb-container-inner-blocks-wrap\">\n<div class=\"wp-block-uagb-container uagb-block-da2ba761\">\n<div class=\"wp-block-uagb-image uagb-block-224ed929 wp-block-uagb-image--layout-default wp-block-uagb-image--effect-static wp-block-uagb-image--align-none\"><figure class=\"wp-block-uagb-image__figure\"><img decoding=\"async\" srcset=\"https:\/\/bassin-arcachon.com\/wp-content\/uploads\/2018\/07\/Plage-du-Betey-a-Andernos-les-Bains-1024x683.jpg \" sizes=\"auto, (max-width: 480px) 150px\" src=\"https:\/\/bassin-arcachon.com\/wp-content\/uploads\/2018\/07\/Plage-du-Betey-a-Andernos-les-Bains-1024x683.jpg\" alt=\"- - Bassin d&#039;Arcachon\" class=\"uag-image-23907\" width=\"1024\" height=\"683\" title=\"- - Bassin d&#039;Arcachon\" loading=\"lazy\" role=\"img\"><\/figure><\/div>\n<\/div>\n\n\n\n<div class=\"wp-block-uagb-container uagb-block-4f83e3f7\">\n<h3 class=\"wp-block-heading\">\u5728\u6d77\u6ee9\u4e0a\u653e\u677e<\/h3>\n\n\n\n<p>\u8fd9\u4e5f\u662f\u5047\u671f\uff01\u5728\u5f53\u5730\u7684\u51b0\u6dc7\u6dcb\u5e97\u4e70\u4e00\u4efd\u51b0\u6dc7\u6dcb\uff0c\u7136\u540e\u5728\u6d77\u6ee9\u8fb9\u4e0a\u6175\u61d2\u5730\u8eba\u7740\uff0c\u80cc\u666f\u662f\u6d77\u6c34\u62cd\u6253\u7684\u58f0\u97f3\u3002\u5728&nbsp;<strong>\u5b89\u5fb7\u8bfa\u65af\u00b7\u83b1\u73ed<\/strong>\uff0c\u60a8\u53ef\u4ee5\u9009\u62e9 Quinconces \u6d77\u6ee9\u3001\u7261\u86ce\u6e2f\u6d77\u6ee9\u3001B\u00e9tey \u6d77\u6ee9\u548c Jet\u00e9e \u6d77\u6ee9\u3002<\/p>\n\n\n\n<p>\u5b69\u5b50\u4eec\u4f1a\u559c\u6b22&nbsp;<strong>\u8d1d\u8482\u6d77\u6ee9<\/strong>&nbsp;\u79cb\u5343\u548c\u8bb8\u591a\u6d77\u6ee9\u6d3b\u52a8\uff01<\/p>\n<\/div>\n<\/div><\/div>\n\n\n\n<div style=\"height:40px\" aria-hidden=\"true\" class=\"wp-block-spacer\"><\/div>","protected":false},"excerpt":{"rendered":"<p>Andernos-les-Bains Avec sa grande jet\u00e9e, son port ostr\u00e9icole, ses espaces naturels, ses plages et sa ville anim\u00e9e,&nbsp;Andernos-les-Bains&nbsp;poss\u00e8de tous les indispensables pour vivre de vraies vacances entre amis et en famille&nbsp;! [&hellip;]<\/p>\n","protected":false},"author":25,"featured_media":19923,"parent":29,"menu_order":6,"comment_status":"closed","ping_status":"closed","template":"","meta":{"_acf_changed":false,"_uag_custom_page_level_css":"","footnotes":""},"class_list":["post-339","page","type-page","status-publish","has-post-thumbnail","hentry"],"acf":[],"uagb_featured_image_src":{"full":["https:\/\/bassin-arcachon.com\/wp-content\/uploads\/2018\/04\/jetee-andernos-e1548069968302.jpg",1000,667,false],"thumbnail":["https:\/\/bassin-arcachon.com\/wp-content\/uploads\/2018\/04\/jetee-andernos-e1548069968302-150x150.jpg",150,150,true],"medium":["https:\/\/bassin-arcachon.com\/wp-content\/uploads\/2018\/04\/jetee-andernos-e1548069968302-600x400.jpg",600,400,true],"medium_large":["https:\/\/bassin-arcachon.com\/wp-content\/uploads\/2018\/04\/jetee-andernos-e1548069968302-768x512.jpg",768,512,true],"large":["https:\/\/bassin-arcachon.com\/wp-content\/uploads\/2018\/04\/jetee-andernos-e1548069968302.jpg",1000,667,false],"1536x1536":["https:\/\/bassin-arcachon.com\/wp-content\/uploads\/2018\/04\/jetee-andernos-e1548069968302.jpg",1000,667,false],"2048x2048":["https:\/\/bassin-arcachon.com\/wp-content\/uploads\/2018\/04\/jetee-andernos-e1548069968302.jpg",1000,667,false],"trp-custom-language-flag":["https:\/\/bassin-arcachon.com\/wp-content\/uploads\/2018\/04\/jetee-andernos-e1548069968302-18x12.jpg",18,12,true]},"uagb_author_info":{"display_name":"Marie Clauzel","author_link":"https:\/\/bassin-arcachon.com\/zh\/author\/mariesiba\/"},"uagb_comment_info":0,"uagb_excerpt":"Andernos-les-Bains Avec sa grande jet\u00e9e, son port ostr\u00e9icole, ses espaces naturels, ses plages et sa ville anim\u00e9e,&nbsp;Andernos-les-Bains&nbsp;poss\u00e8de tous les indispensables pour vivre de vraies vacances entre amis et en famille&nbsp;! [&hellip;]","_links":{"self":[{"href":"https:\/\/bassin-arcachon.com\/zh\/wp-json\/wp\/v2\/pages\/339","targetHints":{"allow":["GET"]}}],"collection":[{"href":"https:\/\/bassin-arcachon.com\/zh\/wp-json\/wp\/v2\/pages"}],"about":[{"href":"https:\/\/bassin-arcachon.com\/zh\/wp-json\/wp\/v2\/types\/page"}],"author":[{"embeddable":true,"href":"https:\/\/bassin-arcachon.com\/zh\/wp-json\/wp\/v2\/users\/25"}],"replies":[{"embeddable":true,"href":"https:\/\/bassin-arcachon.com\/zh\/wp-json\/wp\/v2\/comments?post=339"}],"version-history":[{"count":2,"href":"https:\/\/bassin-arcachon.com\/zh\/wp-json\/wp\/v2\/pages\/339\/revisions"}],"predecessor-version":[{"id":118616,"href":"https:\/\/bassin-arcachon.com\/zh\/wp-json\/wp\/v2\/pages\/339\/revisions\/118616"}],"up":[{"embeddable":true,"href":"https:\/\/bassin-arcachon.com\/zh\/wp-json\/wp\/v2\/pages\/29"}],"wp:featuredmedia":[{"embeddable":true,"href":"https:\/\/bassin-arcachon.com\/zh\/wp-json\/wp\/v2\/media\/19923"}],"wp:attachment":[{"href":"https:\/\/bassin-arcachon.com\/zh\/wp-json\/wp\/v2\/media?parent=339"}],"curies":[{"name":"\u53ef\u6e7f\u6027\u7c89\u5242","href":"https:\/\/api.w.org\/{rel}","templated":true}]}}