{"id":342,"date":"2017-03-09T14:32:51","date_gmt":"2017-03-09T13:32:51","guid":{"rendered":"https:\/\/bassin-arcachon.com\/\/?page_id=342"},"modified":"2024-05-13T12:36:32","modified_gmt":"2024-05-13T10:36:32","slug":"lege-cap-ferret","status":"publish","type":"page","link":"https:\/\/bassin-arcachon.com\/zh\/nos-villes-et-villages\/lege-cap-ferret\/","title":{"rendered":"Lege-Cap\u96ea\u8c82"},"content":{"rendered":"<div class=\"wp-block-uagb-container uagb-block-608f027c alignfull uagb-is-root-container\"><div class=\"uagb-container-inner-blocks-wrap\">\n<div class=\"wp-block-uagb-container uagb-block-b68abdb1\">\n<div class=\"wp-block-uagb-image uagb-block-1df32a0c wp-block-uagb-image--layout-default wp-block-uagb-image--effect-static wp-block-uagb-image--align-none\"><figure class=\"wp-block-uagb-image__figure\"><img decoding=\"async\" srcset=\"https:\/\/bassin-arcachon.com\/wp-content\/uploads\/2017\/09\/mini-map-lege.jpg \" sizes=\"auto, (max-width: 480px) 150px\" src=\"https:\/\/bassin-arcachon.com\/wp-content\/uploads\/2017\/09\/mini-map-lege.jpg\" alt=\"- - Bassin d&#039;Arcachon\" class=\"uag-image-9672\" width=\"278\" height=\"278\" title=\"- - Bassin d&#039;Arcachon\" loading=\"lazy\" role=\"img\"><\/figure><\/div>\n\n\n\n<h2 class=\"wp-block-heading\">L\u00e8ge-Cap Ferret \u548c\u7ae5\u5e74\u7684\u56de\u5fc6<\/h2>\n\n\n\n<p>\u4ece\u7a7a\u4e2d\u770b\u53bb\uff0c\u8fd9\u4e2a\u534a\u5c9b\u4eff\u4f5b\u4eb2\u5207\u5730\u56f4\u7ed5\u7740\u963f\u5361\u96c4\u7684Bassin\u3002\u811a\u8e0f\u5b9e\u5730\uff0c\u7ec4\u6210 L\u00e8ge-Cap Ferret \u7684 10 \u4e2a\u6751\u5e84\u90fd\u9080\u8bf7\u60a8\u6309\u7167\u81ea\u5df1\u7684\u8282\u594f\u4eab\u53d7\u5047\u671f\uff0c\u62bd\u51fa\u65f6\u95f4\u4ec0\u4e48\u90fd\u4e0d\u505a\u6216\u540c\u65f6\u505a\u6240\u6709\u4e8b\u60c5......<\/p>\n\n\n\n<p>\u56e0\u4e3a\u90a3\u4e5f\u662f\u771f\u6b63\u7684\u5047\u671f\uff01<\/p>\n<\/div>\n\n\n\n<div class=\"wp-block-uagb-container uagb-block-f1ff5419\">\t\t\t\t\t<div\n\t\t\t\t\t\tclass=\"wp-block-uagb-image-gallery uagb-block-24031e8c\"\n\t\t\t\t\t\tstyle=\"\"\n\t\t\t\t\t>\n\t\t\t\t\t\t\t\t\t\t\t<div class=\"spectra-image-gallery spectra-image-gallery__layout--grid spectra-image-gallery__layout--grid-col-1 spectra-image-gallery__layout--grid-col-tab-1 spectra-image-gallery__layout--grid-col-mob-1\">\n\t\t\t\t\t\t\t\t\t\t\t<div class='spectra-image-gallery__media-wrapper' data-spectra-gallery-image-id='1737' tabindex=\"0\">\n\t\t\t\t\t\t\t<div class=\"spectra-image-gallery__media spectra-image-gallery__media--grid\">\n\t\t\t\t<picture>\n\t\t\t\t\t<source media=\"(min-width: 1024px)\" srcset=\"https:\/\/bassin-arcachon.com\/wp-content\/uploads\/2017\/02\/balade-ocean-noel-1024x683.jpg\">\n\t\t\t\t\t<source media=\"(min-width: 768px)\" srcset=\"https:\/\/bassin-arcachon.com\/wp-content\/uploads\/2017\/02\/balade-ocean-noel-1024x683.jpg\">\n\t\t\t\t\t<img decoding=\"async\" class=\"spectra-image-gallery__media-thumbnail spectra-image-gallery__media-thumbnail--grid\" src=\"https:\/\/bassin-arcachon.com\/wp-content\/uploads\/2017\/02\/balade-ocean-noel-300x200.jpg\" alt=\"- - Bassin d&#039;Arcachon\" loading=\"lazy\" title=\"- - Bassin d&#039;Arcachon\">\n\t\t\t\t<\/picture>\n\t\t\t\t<div class=\"spectra-image-gallery__media-thumbnail-blurrer\"><\/div>\n\t\t\t\t\t\t\t\t\t\t\t<div class=\"spectra-image-gallery__media-thumbnail-caption-wrapper spectra-image-gallery__media-thumbnail-caption-wrapper--overlay\"><\/div>\n\t\t\t\t\t\t\t\t<\/div>\n\t\t\t\t\t\t<\/div>\n\t\t\t\t\t\t\t\t\t\t<\/div>\n\t\t\t\t\t\t\t\t\t\t\t\t\t\t\t\t\t\t<\/div>\n\t\t\t\t\t\t\t\t\t<\/div>\n<\/div><\/div>\n\n\n\n<div style=\"height:40px\" aria-hidden=\"true\" class=\"wp-block-spacer\"><\/div>\n\n\n\n<div class=\"wp-block-uagb-container uagb-block-38ac36db alignfull uagb-is-root-container\"><div class=\"uagb-container-inner-blocks-wrap\">\n<div class=\"wp-block-uagb-container uagb-block-7d987f6f\">\n<div class=\"wp-block-uagb-image uagb-block-9eb9b940 wp-block-uagb-image--layout-default wp-block-uagb-image--effect-static wp-block-uagb-image--align-none\"><figure class=\"wp-block-uagb-image__figure\"><img decoding=\"async\" srcset=\"https:\/\/bassin-arcachon.com\/wp-content\/uploads\/2017\/11\/velo-cap-ferret-SIBA-agence-les-conteurs-29-1024x683.jpg \" sizes=\"auto, (max-width: 480px) 150px\" src=\"https:\/\/bassin-arcachon.com\/wp-content\/uploads\/2017\/11\/velo-cap-ferret-SIBA-agence-les-conteurs-29-1024x683.jpg\" alt=\"- - Bassin d&#039;Arcachon\" class=\"uag-image-10687\" width=\"1024\" height=\"683\" title=\"- - Bassin d&#039;Arcachon\" loading=\"lazy\" role=\"img\"><\/figure><\/div>\n<\/div>\n\n\n\n<div class=\"wp-block-uagb-container uagb-block-08d7781a\">\n<h3 class=\"wp-block-heading\">\u9a91\u81ea\u884c\u8f66\u524d\u5f80 Pointe du Cap Ferret<\/h3>\n\n\n\n<p>L\u00e8ge-Cap Ferret \u4e0d\u4e4f\u81ea\u884c\u8f66\u9053\u3002\u4ece Claouey \u6216\u5176\u4e2d\u4e00\u4e2a\u6751\u5e84\u9a91\u81ea\u884c\u8f66\uff0c\u60a8\u53ef\u4ee5\u8f7b\u677e\u5230\u8fbe Pointe du Cap Ferret\uff0c\u7a7f\u8fc7\u7f8e\u4e3d\u7684\u5927\u81ea\u7136\u89d2\u843d\u3002\u4e3a\u4e86\u5145\u5206\u5229\u7528\u8fd9\u4e00\u5929\uff0c\u4e0d\u8981\u72b9\u8c6b\uff0c\u5c3d\u5feb\u8e0f\u4e0a\u9646\u5730\uff0c\u54c1\u5c1d\u4e00\u4e9b\u7261\u86ce\uff0c\u5c06\u53cc\u811a\u6d78\u5165\u6c34\u4e2d\u6216\u505c\u4e0b\u6765\u4eab\u7528\u5f53\u4e4b\u65e0\u6127\u7684\u51b0\u6dc7\u6dcb\uff01<\/p>\n<\/div>\n<\/div><\/div>\n\n\n\n<div style=\"height:40px\" aria-hidden=\"true\" class=\"wp-block-spacer\"><\/div>\n\n\n\n<div class=\"wp-block-uagb-container uagb-block-79b0f52e alignfull uagb-is-root-container\"><div class=\"uagb-container-inner-blocks-wrap\">\n<div class=\"wp-block-uagb-container uagb-block-4aa57d52\">\n<h3 class=\"wp-block-heading\">\u60ca\u53f9\u4e8e Cap Ferret \u706f\u5854\u7684\u666f\u8272<\/h3>\n\n\n\n<p>\u5982\u679c\u4f60\u662f\u7b2c\u4e00\u6b21\u6765\u5230\u963f\u5361\u96c4\u7684Bassin\uff0c\u90a3\u4f60\u4e00\u5b9a\u8981\u722c\u5230\u5c71\u9876&nbsp;<a href=\"https:\/\/bassin-arcachon.com\/zh\/%e6%88%91%e4%bb%ac%e7%9a%84%e5%bf%85%e9%9c%80%e5%93%81\/%e7%81%af%e5%a1%94%e5%92%8c%e5%b0%96%e8%a7%92%e9%9b%aa%e8%b2%82\/\">\u96ea\u8c82\u89d2\u706f\u5854<\/a>.\u8fd9\u6837\uff0c\u60a8\u5c31\u53ef\u4ee5\u8861\u91cfBassin\u7684\u8303\u56f4\u53ca\u5176\u4e0d\u540c\u7684\u89d2\u5ea6\uff01\u4f60\u4f1a\u53d1\u73b0\uff0c\u5373\u4f7f\u591a\u6b21\u8fd4\u56de\uff0c\u4e5f\u603b\u6709\u91cd\u65b0\u53d1\u73b0\u7684\u98ce\u666f\u3002<\/p>\n<\/div>\n\n\n\n<div class=\"wp-block-uagb-container uagb-block-c94f6b43\">\n<div class=\"wp-block-uagb-image uagb-block-b1ff78cf wp-block-uagb-image--layout-default wp-block-uagb-image--effect-static wp-block-uagb-image--align-none\"><figure class=\"wp-block-uagb-image__figure\"><img decoding=\"async\" srcset=\"https:\/\/bassin-arcachon.com\/wp-content\/uploads\/2020\/03\/phare-du-cap-ferret-1024x683.jpg \" sizes=\"auto, (max-width: 480px) 150px\" src=\"https:\/\/bassin-arcachon.com\/wp-content\/uploads\/2020\/03\/phare-du-cap-ferret-1024x683.jpg\" alt=\"- - Bassin d&#039;Arcachon\" class=\"uag-image-42976\" width=\"1024\" height=\"683\" title=\"- - Bassin d&#039;Arcachon\" loading=\"lazy\" role=\"img\"><\/figure><\/div>\n<\/div>\n<\/div><\/div>\n\n\n\n<div style=\"height:40px\" aria-hidden=\"true\" class=\"wp-block-spacer\"><\/div>\n\n\n\n<div class=\"wp-block-uagb-container uagb-block-829041f6 alignfull uagb-is-root-container\"><div class=\"uagb-container-inner-blocks-wrap\">\n<figure class=\"wp-block-pullquote\" style=\"border-radius:0px;border-top-style:none;border-top-width:0px;border-right-style:none;border-right-width:0px;border-bottom-style:none;border-bottom-width:0px;border-left-width:2px\"><blockquote><p>\u771f\u6b63\u5047\u671f\u7684\u4e50\u8da3\uff0c\u505a\u4efb\u4f55\u4e8b\u60c5\u6216\u4ec0\u4e48\u90fd\u4e0d\u505a\uff0c\u4f46\u8981\u6309\u7167\u81ea\u5df1\u7684\u8282\u594f\u53bb\u505a\uff01<\/p><\/blockquote><\/figure>\n<\/div><\/div>\n\n\n\n<div style=\"height:20px\" aria-hidden=\"true\" class=\"wp-block-spacer\"><\/div>\n\n\n\n<div class=\"wp-block-uagb-container uagb-block-8b524f5f alignfull uagb-is-root-container\"><div class=\"uagb-container-inner-blocks-wrap\">\n<div class=\"wp-block-uagb-container uagb-block-56d01f60\">\n<div class=\"wp-block-uagb-image uagb-block-a3b02c86 wp-block-uagb-image--layout-default wp-block-uagb-image--effect-static wp-block-uagb-image--align-none\"><figure class=\"wp-block-uagb-image__figure\"><img decoding=\"async\" srcset=\"https:\/\/bassin-arcachon.com\/wp-content\/uploads\/2017\/03\/pointe-aux-chevaux-hiver-1024x683.jpg \" sizes=\"auto, (max-width: 480px) 150px\" src=\"https:\/\/bassin-arcachon.com\/wp-content\/uploads\/2017\/03\/pointe-aux-chevaux-hiver-1024x683.jpg\" alt=\"- - Bassin d&#039;Arcachon\" class=\"uag-image-10684\" width=\"1024\" height=\"683\" title=\"- - Bassin d&#039;Arcachon\" loading=\"lazy\" role=\"img\"><\/figure><\/div>\n<\/div>\n\n\n\n<div class=\"wp-block-uagb-container uagb-block-09ba0835\">\n<h3 class=\"wp-block-heading\">La Pointe aux Chevaux\uff1aIle aux Oiseaux \u5168\u666f<\/h3>\n\n\n\n<p><a href=\"https:\/\/bassin-arcachon.com\/zh\/%e6%88%91%e4%bb%ac%e7%9a%84%e5%bf%85%e9%9c%80%e5%93%81\/the-cabanes-thanquees\/\" data-type=\"page\" data-id=\"127\">\u9e1f\u5c9b<\/a> \u53ef\u4ee5\u901a\u8fc7\u591a\u79cd\u65b9\u5f0f\u53d1\u73b0\uff1a\u4e58\u6d77\u4e0a\u76ae\u5212\u8247\u3001\u4e58\u8239\u2026\u2026\u8981\u62cd\u4e00\u5f20\u201c\u660e\u4fe1\u7247\u201d\u7167\u7247\uff0c\u8bf7\u524d\u5f80 Pointe aux Chevaux\u3002\u4ece\u8fd9\u91cc\u60a8\u53ef\u4ee5\u6b23\u8d4f\u5230\u8fd9\u4e2a\u795e\u5947\u5730\u65b9\u6700\u7f8e\u4e3d\u7684\u666f\u8272\u3002\u7136\u540e\u8d70\u4e0b\u697c\u68af\uff0c\u5728 Petit Piquey \u6751\u6563\u6b65\u3002\u522b\u5fd8\u4e86\u54c1\u5c1d\u4e00\u4e9b\u7f8e\u98df\uff0c\u4f8b\u5982&nbsp;<a href=\"https:\/\/dunesblanches.fr\/\" target=\"_blank\" rel=\"noopener\">\u6765\u81ea Chez Pascal \u7684\u767d\u8272\u6c99\u4e18\u3002<\/a><\/p>\n<\/div>\n<\/div><\/div>\n\n\n\n<div style=\"height:40px\" aria-hidden=\"true\" class=\"wp-block-spacer\"><\/div>\n\n\n\n<div class=\"wp-block-uagb-container uagb-block-12e88341 alignfull uagb-is-root-container\"><div class=\"uagb-container-inner-blocks-wrap\">\n<div class=\"wp-block-uagb-container uagb-block-7db9a849\">\n<h3 class=\"wp-block-heading\">\u6d77\u6d0b\u6c99\u6ee9<\/h3>\n\n\n\n<p>\u6d77\u6d6a\u7684\u5e78\u798f\uff01\u5728 L\u00e8ge-Cap Ferret\uff0c\u60a8\u53ef\u4ee5\u9009\u62e9\u5728 Bassin \u4e00\u4fa7\u6216\u5927\u897f\u6d0b\u4e00\u4fa7\u4eab\u53d7\u5e73\u9759\u8ff7\u4eba\u7684\u6d77\u6ee9\u3002\u5176\u4e2d\u6709 4 \u4e2a\uff1aGrand Crohot \u6d77\u6ee9\u3001Horizon \u6d77\u6ee9&nbsp;<a href=\"https:\/\/bassin-arcachon.com\/zh\/%e6%80%8e%e4%b9%88%e5%8a%9e\/en-tribu-entre-jeunes\/\">\u5c0f\u706b\u8f66<\/a>&nbsp;\u5b69\u5b50\u4eec\u559c\u6b22\u7684\u6d77\u6ee9 Truc Vert \u6216\u52a0\u9f99\u6cb3\u3002<\/p>\n\n\n\n<p>\u5047\u671f\u7684\u6bcf\u4e00\u5929\u6216\u51e0\u4e4e\u6bcf\u5929\u90fd\u6709\u5982\u6b64\u591a\u7684\u6539\u53d8\u5730\u70b9\u7684\u53ef\u80fd\u6027\uff01<\/p>\n<\/div>\n\n\n\n<div class=\"wp-block-uagb-container uagb-block-567d6e21\">\n<div class=\"wp-block-uagb-image uagb-block-5288d8b6 wp-block-uagb-image--layout-default wp-block-uagb-image--effect-static wp-block-uagb-image--align-none\"><figure class=\"wp-block-uagb-image__figure\"><img decoding=\"async\" srcset=\"https:\/\/bassin-arcachon.com\/wp-content\/uploads\/2017\/11\/plage-horizon-balade-hiver-24-1024x683.jpg \" sizes=\"auto, (max-width: 480px) 150px\" src=\"https:\/\/bassin-arcachon.com\/wp-content\/uploads\/2017\/11\/plage-horizon-balade-hiver-24-1024x683.jpg\" alt=\"- - Bassin d&#039;Arcachon\" class=\"uag-image-10688\" width=\"1024\" height=\"683\" title=\"- - Bassin d&#039;Arcachon\" loading=\"lazy\" role=\"img\"><\/figure><\/div>\n<\/div>\n<\/div><\/div>\n\n\n\n<div style=\"height:40px\" aria-hidden=\"true\" class=\"wp-block-spacer\"><\/div>\n\n\n\n<div class=\"wp-block-uagb-container uagb-block-2952884b alignfull uagb-is-root-container\"><div class=\"uagb-container-inner-blocks-wrap\">\n<div class=\"wp-block-uagb-container uagb-block-a4ac9f2b\">\n<div class=\"wp-block-uagb-image uagb-block-336e8c72 wp-block-uagb-image--layout-default wp-block-uagb-image--effect-static wp-block-uagb-image--align-none\"><figure class=\"wp-block-uagb-image__figure\"><img decoding=\"async\" srcset=\"https:\/\/bassin-arcachon.com\/wp-content\/uploads\/2017\/12\/gilberte-with-love-3-1024x683.jpg \" sizes=\"auto, (max-width: 480px) 150px\" src=\"https:\/\/bassin-arcachon.com\/wp-content\/uploads\/2017\/12\/gilberte-with-love-3-1024x683.jpg\" alt=\"- - Bassin d&#039;Arcachon\" class=\"uag-image-11594\" width=\"1024\" height=\"683\" title=\"- - Bassin d&#039;Arcachon\" loading=\"lazy\" role=\"img\"><\/figure><\/div>\n<\/div>\n\n\n\n<div class=\"wp-block-uagb-container uagb-block-207e3b34\">\n<h3 class=\"wp-block-heading\">\u5728 Piquey \u4ece\u4e00\u5bb6\u5546\u5e97\u5230\u53e6\u4e00\u5bb6\u5546\u5e97<\/h3>\n\n\n\n<p>\u5982\u679c\u60a8\u559c\u6b22\u5728\u88c5\u9970\u54c1\u5546\u5e97\u91cc\u95f2\u901b\uff0c\u53ef\u4ee5\u524d\u5f80\u4ece\u6ce2\u5c14\u591a\u5230 Grand Piquey \u7684\u8def\u4e0a\uff0c\u5728\u5f53\u5730\u4eba\u719f\u77e5\u7684 4 \u5bb6\u5546\u5e97\u4e4b\u4e00\u3002<\/p>\n\n\n\n<p>\u5728\u9644\u8fd1\uff0c\u60a8\u4e5f\u4f1a\u559c\u6b22 Petit Piquey \u7684\u53e4\u8463\u3002\u5e26\u56de Arcachon \u7684 Bassin \u7eaa\u5ff5\u54c1\u7684\u4e1c\u897f\u3002<\/p>\n<\/div>\n<\/div><\/div>\n\n\n\n<div style=\"height:40px\" aria-hidden=\"true\" class=\"wp-block-spacer\"><\/div>\n\n\n\n<div class=\"wp-block-uagb-container uagb-block-992c4271 alignfull uagb-is-root-container\"><div class=\"uagb-container-inner-blocks-wrap\">\n<div class=\"wp-block-uagb-container uagb-block-0ae9a2e1\">\n<h3 class=\"wp-block-heading\">\u5728 Arcachon \u7684 Bassin \u4e0a\u7684 pinnace \u65c5\u884c<\/h3>\n\n\n\n<p>\u5982\u4f55\u4e0d\u4eab\u53d7\u5047\u671f&nbsp;<a href=\"https:\/\/bassin-arcachon.com\/zh\/%e6%80%8e%e4%b9%88%e5%8a%9e\/sur-leau\/\">\u4e58\u8239\u6e38\u89c8&nbsp;<\/a>\uff1f\u6b65\u884c\u7a7f\u8fc7\u7261\u86ce\u517b\u6b96\u6751\u540e\uff0c\u8fd9\u662f\u4e00\u4e2a\u53d1\u73b0\u4e0e Bassin \u4e0d\u540c\u7684\u5730\u65b9\u7684\u673a\u4f1a\u3002<\/p>\n\n\n\n<p>\u590f\u5b63\u6216\u51ac\u5b63\uff0c\u98ce\u666f\u7684\u989c\u8272\u53d8\u5316\u4f1a\u8ba9\u60a8\u60ca\u53f9\u4e0d\u5df2\uff0c\u62cd\u6444\u662f\u4e00\u79cd\u4e50\u8da3\u3002<\/p>\n<\/div>\n\n\n\n<div class=\"wp-block-uagb-container uagb-block-e1f217e5\">\n<div class=\"wp-block-uagb-image uagb-block-2c381640 wp-block-uagb-image--layout-default wp-block-uagb-image--effect-static wp-block-uagb-image--align-none\"><figure class=\"wp-block-uagb-image__figure\"><img decoding=\"async\" srcset=\"https:\/\/bassin-arcachon.com\/wp-content\/uploads\/2017\/02\/balade-pinasse-lege-cap-ferret-60-1024x683.jpg \" sizes=\"auto, (max-width: 480px) 150px\" src=\"https:\/\/bassin-arcachon.com\/wp-content\/uploads\/2017\/02\/balade-pinasse-lege-cap-ferret-60-1024x683.jpg\" alt=\"- - Bassin d&#039;Arcachon\" class=\"uag-image-10706\" width=\"1024\" height=\"683\" title=\"- - Bassin d&#039;Arcachon\" loading=\"lazy\" role=\"img\"><\/figure><\/div>\n<\/div>\n<\/div><\/div>\n\n\n\n<div style=\"height:40px\" aria-hidden=\"true\" class=\"wp-block-spacer\"><\/div>\n\n\n\n<div class=\"wp-block-uagb-container uagb-block-4848d61a alignfull uagb-is-root-container\"><div class=\"uagb-container-inner-blocks-wrap\">\n<div class=\"wp-block-uagb-container uagb-block-2ec528d1\">\n<div class=\"wp-block-uagb-image uagb-block-523a3f7f wp-block-uagb-image--layout-default wp-block-uagb-image--effect-static wp-block-uagb-image--align-none\"><figure class=\"wp-block-uagb-image__figure\"><img decoding=\"async\" srcset=\"https:\/\/bassin-arcachon.com\/wp-content\/uploads\/2017\/03\/marche-cap-ferret-1024x683.jpg \" sizes=\"auto, (max-width: 480px) 150px\" src=\"https:\/\/bassin-arcachon.com\/wp-content\/uploads\/2017\/03\/marche-cap-ferret-1024x683.jpg\" alt=\"- - Bassin d&#039;Arcachon\" class=\"uag-image-1761\" width=\"1024\" height=\"683\" title=\"- - Bassin d&#039;Arcachon\" loading=\"lazy\" role=\"img\"><\/figure><\/div>\n<\/div>\n\n\n\n<div class=\"wp-block-uagb-container uagb-block-d175779c\">\n<h3 class=\"wp-block-heading\">Cap Ferret \u5e02\u573a<\/h3>\n\n\n\n<p>\u65e9\u4e0a\uff0c\u5728\u9732\u53f0\u4e0a\u4eab\u7528\u4e30\u76db\u7684\u65e9\u9910\u540e\uff0c\u63d0\u7740\u7bee\u5b50\u524d\u5f80 Cap Ferret \u5e02\u573a\uff01<\/p>\n\n\n\n<p>\u60a8\u4f1a\u559c\u6b22\u8fd9\u91cc\u7684\u6c1b\u56f4\uff0c\u5c24\u5176\u662f\u644a\u4f4d\u3002\u5f53\u7136\u6709\u6c34\u679c\u548c\u852c\u83dc\uff0c\u4f46\u4e5f\u6709\u8bb8\u591a\u63d0\u4f9b\u73e0\u5b9d\u3001\u670d\u88c5\u3001\u4e9a\u9ebb\u5236\u54c1\u6216\u65f6\u5c1a\u914d\u9970\u7684\u5546\u4eba\u3002<\/p>\n<\/div>\n<\/div><\/div>\n\n\n\n<div style=\"height:40px\" aria-hidden=\"true\" class=\"wp-block-spacer\"><\/div>\n\n\n\n<div class=\"wp-block-uagb-container uagb-block-b5e5d07b alignfull uagb-is-root-container\"><div class=\"uagb-container-inner-blocks-wrap\">\n<div class=\"wp-block-uagb-container uagb-block-f52dd6d9\">\n<div class=\"wp-block-uagb-image uagb-block-ff08cbeb wp-block-uagb-image--layout-default wp-block-uagb-image--effect-static wp-block-uagb-image--align-none\"><figure class=\"wp-block-uagb-image__figure\"><img decoding=\"async\" srcset=\"https:\/\/bassin-arcachon.com\/wp-content\/uploads\/2018\/09\/nourri-a-lhu\u00eetre-\u00e9lev\u00e9-sous-les-pins-Bassin-dArcachon.jpg 1000w, https:\/\/bassin-arcachon.com\/wp-content\/uploads\/2018\/09\/nourri-a-lhu\u00eetre-\u00e9lev\u00e9-sous-les-pins-Bassin-dArcachon-600x400.jpg 600w, https:\/\/bassin-arcachon.com\/wp-content\/uploads\/2018\/09\/nourri-a-lhu\u00eetre-\u00e9lev\u00e9-sous-les-pins-Bassin-dArcachon-768x511.jpg 768w, https:\/\/bassin-arcachon.com\/wp-content\/uploads\/2018\/09\/nourri-a-lhu\u00eetre-\u00e9lev\u00e9-sous-les-pins-Bassin-dArcachon-18x12.jpg 18w\" sizes=\"auto, (max-width: 480px) 150px\" src=\"https:\/\/bassin-arcachon.com\/wp-content\/uploads\/2018\/09\/nourri-a-lhu\u00eetre-\u00e9lev\u00e9-sous-les-pins-Bassin-dArcachon.jpg\" alt=\"- - Bassin d&#039;Arcachon\" class=\"uag-image-26169\" width=\"1000\" height=\"666\" title=\"- - Bassin d&#039;Arcachon\" loading=\"lazy\" role=\"img\"><\/figure><\/div>\n<\/div>\n\n\n\n<div class=\"wp-block-uagb-container uagb-block-93f7acec\">\n<h4 class=\"wp-block-heading\">\u6211\u4eec\u6709\u7528\u7684\u94fe\u63a5\u53ef\u5e2e\u52a9\u60a8\u51c6\u5907\u5728 L\u00e8ge-Cap Ferret \u7684\u5047\u671f<\/h4>\n\n\n\n<p><a href=\"https:\/\/bassin-arcachon.com\/zh\/%e6%88%96%e7%9d%a1%e8%a7%89\/%e9%87%8e%e8%90%a5\/lege-cap-ferret\/\">\u9732\u8425<\/a>,\u00a0<a href=\"https:\/\/bassin-arcachon.com\/zh\/%e6%88%96%e7%9d%a1%e8%a7%89\/%e4%bd%8f%e5%ae%bf%e5%8a%a0%e6%97%a9%e9%a4%90%e5%87%ba%e7%a7%9f\/%e9%9b%aa%e8%b2%82%e5%b8%bd\/\">\u4e00\u5f20\u5e8a\u548c\u65e9\u9910<\/a>,\u00a0<a href=\"https:\/\/bassin-arcachon.com\/zh\/%e6%88%96%e7%9d%a1%e8%a7%89\/%e9%85%92%e5%ba%97-2\/%e9%9b%aa%e8%b2%82%e5%b8%bd\/\">\u9152\u5e97<\/a>,\u00a0<a href=\"https:\/\/bassin-arcachon.com\/zh\/%e8%ae%ae%e7%a8%8b%e5%a4%96%e5%87%ba%e5%b8%82%e5%9c%ba\/lege-cap-%e9%9b%aa%e8%b2%82%e7%9a%84%e8%84%9a%e6%ad%a5\/\">\u534a\u5c9b\u5e02\u573a<\/a>,\u00a0<a href=\"https:\/\/bassin-arcachon.com\/zh\/%e4%b8%8b%e8%bd%bd%e6%88%91%e4%bb%ac%e7%9a%84%e5%ba%94%e7%94%a8%e7%a8%8b%e5%ba%8f\/\">L\u00e8ge Cap Ferret \u7684\u9910\u5385\u3002<\/a><\/p>\n<\/div>\n<\/div><\/div>\n\n\n\n<div style=\"height:40px\" aria-hidden=\"true\" class=\"wp-block-spacer\"><\/div>","protected":false},"excerpt":{"rendered":"<p>L\u00e8ge-Cap Ferret et les souvenirs de l\u2019enfance Vue du ciel, cette presqu\u2019\u00eele semble entourer affectueusement le Bassin d\u2019Arcachon. Les pieds sur terre, les 10 villages qui composent L\u00e8ge-Cap Ferret sont [&hellip;]<\/p>\n","protected":false},"author":25,"featured_media":1769,"parent":29,"menu_order":8,"comment_status":"closed","ping_status":"closed","template":"","meta":{"_acf_changed":false,"_uag_custom_page_level_css":"","footnotes":""},"class_list":["post-342","page","type-page","status-publish","has-post-thumbnail","hentry"],"acf":[],"uagb_featured_image_src":{"full":["https:\/\/bassin-arcachon.com\/wp-content\/uploads\/2017\/03\/pique-nique-plage-truquette-petit-piquey.jpg",1200,800,false],"thumbnail":["https:\/\/bassin-arcachon.com\/wp-content\/uploads\/2017\/03\/pique-nique-plage-truquette-petit-piquey-150x150.jpg",150,150,true],"medium":["https:\/\/bassin-arcachon.com\/wp-content\/uploads\/2017\/03\/pique-nique-plage-truquette-petit-piquey-600x400.jpg",600,400,true],"medium_large":["https:\/\/bassin-arcachon.com\/wp-content\/uploads\/2017\/03\/pique-nique-plage-truquette-petit-piquey-768x512.jpg",768,512,true],"large":["https:\/\/bassin-arcachon.com\/wp-content\/uploads\/2017\/03\/pique-nique-plage-truquette-petit-piquey-1024x683.jpg",1024,683,true],"1536x1536":["https:\/\/bassin-arcachon.com\/wp-content\/uploads\/2017\/03\/pique-nique-plage-truquette-petit-piquey.jpg",1200,800,false],"2048x2048":["https:\/\/bassin-arcachon.com\/wp-content\/uploads\/2017\/03\/pique-nique-plage-truquette-petit-piquey.jpg",1200,800,false],"trp-custom-language-flag":["https:\/\/bassin-arcachon.com\/wp-content\/uploads\/2017\/03\/pique-nique-plage-truquette-petit-piquey-18x12.jpg",18,12,true]},"uagb_author_info":{"display_name":"Marie Clauzel","author_link":"https:\/\/bassin-arcachon.com\/zh\/author\/mariesiba\/"},"uagb_comment_info":0,"uagb_excerpt":"L\u00e8ge-Cap Ferret et les souvenirs de l\u2019enfance Vue du ciel, cette presqu\u2019\u00eele semble entourer affectueusement le Bassin d\u2019Arcachon. Les pieds sur terre, les 10 villages qui composent L\u00e8ge-Cap Ferret sont [&hellip;]","_links":{"self":[{"href":"https:\/\/bassin-arcachon.com\/zh\/wp-json\/wp\/v2\/pages\/342","targetHints":{"allow":["GET"]}}],"collection":[{"href":"https:\/\/bassin-arcachon.com\/zh\/wp-json\/wp\/v2\/pages"}],"about":[{"href":"https:\/\/bassin-arcachon.com\/zh\/wp-json\/wp\/v2\/types\/page"}],"author":[{"embeddable":true,"href":"https:\/\/bassin-arcachon.com\/zh\/wp-json\/wp\/v2\/users\/25"}],"replies":[{"embeddable":true,"href":"https:\/\/bassin-arcachon.com\/zh\/wp-json\/wp\/v2\/comments?post=342"}],"version-history":[{"count":0,"href":"https:\/\/bassin-arcachon.com\/zh\/wp-json\/wp\/v2\/pages\/342\/revisions"}],"up":[{"embeddable":true,"href":"https:\/\/bassin-arcachon.com\/zh\/wp-json\/wp\/v2\/pages\/29"}],"wp:featuredmedia":[{"embeddable":true,"href":"https:\/\/bassin-arcachon.com\/zh\/wp-json\/wp\/v2\/media\/1769"}],"wp:attachment":[{"href":"https:\/\/bassin-arcachon.com\/zh\/wp-json\/wp\/v2\/media?parent=342"}],"curies":[{"name":"\u53ef\u6e7f\u6027\u7c89\u5242","href":"https:\/\/api.w.org\/{rel}","templated":true}]}}