{"id":37585,"date":"2019-08-30T12:09:05","date_gmt":"2019-08-30T10:09:05","guid":{"rendered":"https:\/\/bassin-arcachon.com\/\/?page_id=37585"},"modified":"2024-08-27T10:27:46","modified_gmt":"2024-08-27T08:27:46","slug":"vtc-%e5%87%ba%e7%a7%9f","status":"publish","type":"page","link":"https:\/\/bassin-arcachon.com\/zh\/se-deplacer-sur-le-bassin\/location-vtc\/","title":{"rendered":"\u804c\u8bad\u5c40\u51fa\u79df"},"content":{"rendered":"<div class=\"wp-block-uagb-container uagb-block-8832d69f alignfull uagb-is-root-container\"><div class=\"uagb-container-inner-blocks-wrap\">\n<h2 class=\"wp-block-heading\">\u5728 Arcachon \u7684 Bassin \u4e0a\u627e\u5230\u5e26\u53f8\u673a\u7684\u8f66\u8f86<\/h2>\n\n\n\n<h3 class=\"wp-block-heading\">\u5f27\u7ebf<\/h3>\n\n\n\n<p>\u4f18\u60e0\u548c\u670d\u52a1 7\/7 \u2013 24\/24\uff08\u4ec5\u9650\u63d0\u524d\u9884\u8ba2\uff09<br>\u8fd9\u6837\u7684\u3002 06 14 04 17 87<br>\u7535\u5b50\u90ae\u4ef6\uff1a&nbsp;<a href=\"mailto:contact@arcaberlines.com\">contact@arcaberlines.com<\/a><br>\u7f51\u7ad9 \uff1a&nbsp;<a href=\"http:\/\/www.arcaberlines.com\/\" target=\"_blank\" rel=\"noreferrer noopener\">www.arcaberlines.com<\/a><\/p>\n\n\n\n<h3 class=\"wp-block-heading\">BA VTC \/ \u8c6a\u534e\u8f7f\u8f66 VTC <\/h3>\n\n\n\n<p>\u798f\u5229\u548c\u670d\u52a1 7\/7 \u2013 24\/24<br>\u8fd9\u6837\u7684\u3002 0 805 38 08 08\uff08\u514d\u8d39\u7535\u8bdd\u53f7\u7801\uff09<br>\u7535\u5b50\u90ae\u4ef6\uff1a\u00a0<a href=\"mailto:linelimousinevtc@gmail.com\">linelimousinevtc@gmail.com <\/a><br>\u5728\u7ebf\u9884\u8ba2\u5e76\u901a\u8fc7\u4fe1\u7528\u5361\u4ed8\u6b3e\u00a0<a href=\"https:\/\/ba591691d.web.app\/\" target=\"_blank\" rel=\"noreferrer noopener\">https:\/\/ba591691d.web.app\/<\/a><\/p>\n\n\n\n<h3 class=\"wp-block-heading\">\u8fd0\u8f93\u53f8\u673a<\/h3>\n\n\n\n<p>\u8fd9\u6837\u7684\u3002 06 11 28 10 37<br>\u7535\u5b50\u90ae\u4ef6\uff1a&nbsp;<a href=\"mailto:contact-driver@orange.fr\">contact-driver@orange.fr<\/a><br>\u7f51\u7ad9 \uff1a&nbsp;<a href=\"http:\/\/www.transportdriver.fr\/\" target=\"_blank\" rel=\"noreferrer noopener\">www.transportdriver.fr<\/a><\/p>\n\n\n\n<h3 class=\"wp-block-heading\">NOCT\u2019AMBULE \u963f\u5361\u96c4\u76c6\u5730<\/h3>\n\n\n\n<p>\u591c\u95f4\u4ea4\u901a \/ \u8f66\u7ad9\u673a\u573a \/ \u4f9b\u7ed9<br>\u8fd9\u6837\u7684\u3002 06 37 16 57 23<br>\u7f51\u7ad9 \uff1a\u00a0<a href=\"https:\/\/www.vtc-noctambule.fr\/\" target=\"_blank\" rel=\"noopener\">https:\/\/www.vtc-noctambule.fr\/<\/a><\/p>\n\n\n\n<h3 class=\"wp-block-heading\">\u8d35\u5bbe\u53f8\u673a\u670d\u52a1<\/h3>\n\n\n\n<p>\u8fd9\u6837\u7684\u3002 06 05 36 64 38<br>\u7535\u5b50\u90ae\u4ef6\uff1a\u00a0<a href=\"mailto:vip.chauffeur.service33@gmail.com\">vip.chauffeur.service.33@gmail.com <\/a><br>\u7f51\u7ad9 \uff1a <a href=\"https:\/\/www.eurecab.com\/annonce\/vip-chauffeur-service\" target=\"_blank\" rel=\"noreferrer noopener\">https:\/\/www.eurecab.com\/annonce\/vip-chauffeur-service<\/a><\/p>\n\n\n\n<h3 class=\"wp-block-heading\">\u963f\u5361\u96c4\u8f6c\u79fb<\/h3>\n\n\n\n<p>\u8fd9\u6837\u7684\u3002 07 71 80 75 28 \/ 07 71 10 05 75<br>\u7535\u5b50\u90ae\u4ef6\uff1a\u00a0<a href=\"mailto:arcachontransfert@gmail.com\">arcachontransfert@gmail.com<\/a> <\/p>\n\n\n\n<h3 class=\"wp-block-heading\">\u7279\u6743 \u7279\u6743 VTC<\/h3>\n\n\n\n<p>\u798f\u5229\u548c\u670d\u52a1 7\/7 \u2013 24\/24<br>\u8fd9\u6837\u7684\u3002 06 23 07 35 58<br>\u7535\u5b50\u90ae\u4ef6\uff1a\u00a0<a href=\"mailto:privilegeprivevtc@gmail.com\">privilegeprivevtc@gmail.com<\/a><br><\/p>\n\n\n\n<h3 class=\"wp-block-heading\">\u804c\u4e1a\u8bad\u7ec3\u5c40SLP <\/h3>\n\n\n\n<p>\u8fd9\u6837\u7684\u3002 06 70 04 56 42<br>\u7535\u5b50\u90ae\u4ef6\uff1a&nbsp;<a href=\"mailto:vtcslp@gmail.com\">vtcslp@gmail.com<\/a> <br>\u7f51\u7ad9 \uff1a&nbsp;<a href=\"https:\/\/www.facebook.com\/MavoituresurleBassin\/\" target=\"_blank\" rel=\"noopener\">https:\/\/www.facebook.com\/MavoituresurleBassin\/<\/a><\/p>\n\n\n\n<h3 class=\"wp-block-heading\">\u6c7d\u8f66\u53f8\u673a\u5148\u751f<\/h3>\n\n\n\n<p>\u8fd9\u6837\u7684\u3002 06 42 57 81 55 <br>\u7535\u5b50\u90ae\u4ef6\uff1a&nbsp;<a href=\"mailto:mistercardriver33@gmail.com\">mistercardriver33@gmail.com<\/a><br>\u7f51\u7ad9 \uff1a <a href=\"https:\/\/www.mistercardriver-arcachon.fr\/\" target=\"_blank\" rel=\"noopener\">https:\/\/www.mistercardriver-arcachon.fr\/<\/a><\/p>\n\n\n\n<h3 class=\"wp-block-heading\">\u5973\u53f8\u673aVTC<\/h3>\n\n\n\n<p>\u8fd9\u6837\u7684\u3002 06 70 42 42 17<br>\u7535\u5b50\u90ae\u4ef6\uff1a <a href=\"mailto:contact@ladydrivervtc.fr\">contact@ladydrivervtc.fr<\/a><br>\u7f51\u7ad9 \uff1a <a href=\"https:\/\/ladydrivervtc.fr\/\" target=\"_blank\" rel=\"noopener\">https:\/\/ladydrivervtc.fr\/<\/a><\/p>\n\n\n\n<h3 class=\"wp-block-heading\">\u963f\u5361VTC <\/h3>\n\n\n\n<p>\u8fd9\u6837\u7684\u3002 06 23 37 60 66<br>\u7535\u5b50\u90ae\u4ef6\uff1a <a href=\"mailto:myarcar@gmail.com\" target=\"_blank\" rel=\"noreferrer noopener\">myarcar@gmail.com<\/a> \u7f51\u7ad9 \uff1a <a href=\"https:\/\/myarcar.com\/\" target=\"_blank\" rel=\"noopener\">myarcar.com<\/a><\/p>\n\n\n\n<h3 class=\"wp-block-heading\">V \u9a71\u52a8 \/ \u5361\u5f17\u96f7 V \u9a71\u52a8<\/h3>\n\n\n\n<p>\u8fd9\u6837\u7684\u3002 06 33 00 51 65<br>\u7535\u5b50\u90ae\u4ef6\uff1a <a href=\"mailto:vdrive.fr@gmail.com\">vdrive.fr@gmail.com <\/a><br>\u7f51\u7ad9 \uff1a <a href=\"https:\/\/v-drive.fr\/\" target=\"_blank\" rel=\"noopener\">https:\/\/v-drive.fr\/<\/a><\/p>\n\n\n\n<h3 class=\"wp-block-heading\">ABC\u804c\u4e1a\u57f9\u8bad\u4e2d\u5fc3<\/h3>\n\n\n\n<p> \u8fd9\u6837\u7684\u3002 07 74 34 65 00 <br>\u7535\u5b50\u90ae\u4ef6\uff1a <a href=\"mailto:lescigalesdubassin@gmail.com\">lescigalesdubassin@gmail.com<\/a><\/p>\n\n\n\n<h3 class=\"wp-block-heading\">\u5f17\u5170\u5947\u804c\u4e1a\u8bad\u7ec3\u5c40<\/h3>\n\n\n\n<p>\u8fd9\u6837\u7684\u3002 07 83 86 29 61<br>\u7535\u5b50\u90ae\u4ef6\uff1a <a href=\"mailto:franckyvtc@gmail.com\">franckyvtc@gmail.com<\/a><\/p>\n\n\n\n<h3 class=\"wp-block-heading\">\u76ae\u62c9\u592bTC<\/h3>\n\n\n\n<p>\u8fd9\u6837\u7684\u3002 06 98 07 68 78<br>\u7535\u5b50\u90ae\u4ef6\uff1a <a href=\"mailto:contact@pylavtc.fr\" data-type=\"mailto\" data-id=\"mailto:contact@pylavtc.fr\">contact@pylavtc.fr<\/a><br>\u7f51\u7ad9 \uff1a <a href=\"http:\/\/pylavtc.fr\" target=\"_blank\" rel=\"noopener\">pylavtc.fr<\/a><\/p>\n<\/div><\/div>\n\n\n\n<h3 class=\"wp-block-heading\"><br><\/h3>\n\n\n\n<p><\/p>","protected":false},"excerpt":{"rendered":"<p>Trouvez un v\u00e9hicule avec chauffeur sur le Bassin d&rsquo;Arcachon ARCABERLINES Prestations et services 7\/7 \u2013 24\/24 (sur r\u00e9servation pr\u00e9alable uniquement)T\u00e9l. 06 14 04 17 87Mail :&nbsp;contact@arcaberlines.comSite web :&nbsp;www.arcaberlines.com BA VTC [&hellip;]<\/p>\n","protected":false},"author":25,"featured_media":26494,"parent":67,"menu_order":0,"comment_status":"closed","ping_status":"closed","template":"","meta":{"_acf_changed":false,"_uag_custom_page_level_css":"","footnotes":""},"class_list":["post-37585","page","type-page","status-publish","has-post-thumbnail","hentry"],"acf":[],"uagb_featured_image_src":{"full":["https:\/\/bassin-arcachon.com\/wp-content\/uploads\/2018\/10\/sentier-littoral-bassin-arcachon.jpg",1000,666,false],"thumbnail":["https:\/\/bassin-arcachon.com\/wp-content\/uploads\/2018\/10\/sentier-littoral-bassin-arcachon-150x150.jpg",150,150,true],"medium":["https:\/\/bassin-arcachon.com\/wp-content\/uploads\/2018\/10\/sentier-littoral-bassin-arcachon-600x400.jpg",600,400,true],"medium_large":["https:\/\/bassin-arcachon.com\/wp-content\/uploads\/2018\/10\/sentier-littoral-bassin-arcachon-768x511.jpg",768,511,true],"large":["https:\/\/bassin-arcachon.com\/wp-content\/uploads\/2018\/10\/sentier-littoral-bassin-arcachon.jpg",1000,666,false],"1536x1536":["https:\/\/bassin-arcachon.com\/wp-content\/uploads\/2018\/10\/sentier-littoral-bassin-arcachon.jpg",1000,666,false],"2048x2048":["https:\/\/bassin-arcachon.com\/wp-content\/uploads\/2018\/10\/sentier-littoral-bassin-arcachon.jpg",1000,666,false],"trp-custom-language-flag":["https:\/\/bassin-arcachon.com\/wp-content\/uploads\/2018\/10\/sentier-littoral-bassin-arcachon-18x12.jpg",18,12,true]},"uagb_author_info":{"display_name":"Marie Clauzel","author_link":"https:\/\/bassin-arcachon.com\/zh\/author\/mariesiba\/"},"uagb_comment_info":0,"uagb_excerpt":"Trouvez un v\u00e9hicule avec chauffeur sur le Bassin d&rsquo;Arcachon ARCABERLINES Prestations et services 7\/7 \u2013 24\/24 (sur r\u00e9servation pr\u00e9alable uniquement)T\u00e9l. 06 14 04 17 87Mail :&nbsp;contact@arcaberlines.comSite web :&nbsp;www.arcaberlines.com BA VTC [&hellip;]","_links":{"self":[{"href":"https:\/\/bassin-arcachon.com\/zh\/wp-json\/wp\/v2\/pages\/37585","targetHints":{"allow":["GET"]}}],"collection":[{"href":"https:\/\/bassin-arcachon.com\/zh\/wp-json\/wp\/v2\/pages"}],"about":[{"href":"https:\/\/bassin-arcachon.com\/zh\/wp-json\/wp\/v2\/types\/page"}],"author":[{"embeddable":true,"href":"https:\/\/bassin-arcachon.com\/zh\/wp-json\/wp\/v2\/users\/25"}],"replies":[{"embeddable":true,"href":"https:\/\/bassin-arcachon.com\/zh\/wp-json\/wp\/v2\/comments?post=37585"}],"version-history":[{"count":1,"href":"https:\/\/bassin-arcachon.com\/zh\/wp-json\/wp\/v2\/pages\/37585\/revisions"}],"predecessor-version":[{"id":239046,"href":"https:\/\/bassin-arcachon.com\/zh\/wp-json\/wp\/v2\/pages\/37585\/revisions\/239046"}],"up":[{"embeddable":true,"href":"https:\/\/bassin-arcachon.com\/zh\/wp-json\/wp\/v2\/pages\/67"}],"wp:featuredmedia":[{"embeddable":true,"href":"https:\/\/bassin-arcachon.com\/zh\/wp-json\/wp\/v2\/media\/26494"}],"wp:attachment":[{"href":"https:\/\/bassin-arcachon.com\/zh\/wp-json\/wp\/v2\/media?parent=37585"}],"curies":[{"name":"\u53ef\u6e7f\u6027\u7c89\u5242","href":"https:\/\/api.w.org\/{rel}","templated":true}]}}