{"id":400,"date":"2017-03-14T08:40:27","date_gmt":"2017-03-14T07:40:27","guid":{"rendered":"https:\/\/bassin-arcachon.com\/\/?page_id=400"},"modified":"2025-01-06T10:18:30","modified_gmt":"2025-01-06T09:18:30","slug":"%e9%85%92%e5%ba%97","status":"publish","type":"page","link":"https:\/\/bassin-arcachon.com\/zh\/ou-dormir\/hotel\/","title":{"rendered":"\u9152\u5e97"},"content":{"rendered":"<div class=\"wp-block-uagb-container uagb-block-c9158cb7 alignfull uagb-is-root-container\"><div class=\"uagb-container-inner-blocks-wrap\">\n<p>\u4f60\u627e&nbsp;<a href=\"https:\/\/bassin-arcachon.com\/zh\/%e6%88%96%e7%9d%a1%e8%a7%89\/\" target=\"_blank\" rel=\"noreferrer noopener\">\u6216\u7761\u89c9<\/a>&nbsp;\u5728 Arcachon \u7684 Bassin \u4e0a\uff1f\u63a2\u7d22\u6211\u4eec\u4f4d\u4e8e Bassin \u8fb9\u7f18\u7684\u5e26\u6e38\u6cf3\u6c60\u6216\u6c34\u7597\u4e2d\u5fc3\u7684\u8ff7\u4eba\u9152\u5e97\uff0c\u5e76\u5728\u6c34\u4e2d\u5ea6\u8fc7\u96be\u5fd8\u7684\u65f6\u5149\u3002<\/p>\n<\/div><\/div>\n\n\n\n<div class=\"wp-block-uagb-container uagb-block-a7b14adc alignfull uagb-is-root-container\"><div class=\"uagb-container-inner-blocks-wrap\">\n<div class=\"wp-block-uagb-container uagb-block-855fd94f\">\n<h2 class=\"wp-block-heading\">\u6d77\u8fb9\u7684\u9152\u5e97<\/h2>\n\n\n\n<p>\u5728\u8fd9\u91cc\uff0c\u6211\u4eec\u5e76\u4e0d\u662f\u771f\u6b63\u5728\u8c08\u8bba\u6d77\u8fb9\u7684\u9152\u5e97\uff0c\u800c\u662f\u5728Bassin\u7684\u8fb9\u7f18\uff01\u5728\u00a0<a href=\"https:\/\/bassin-arcachon.com\/zh\/%e4%bd%8f%e5%ae%bf-2\/%e9%85%92%e5%ba%97%40andernos\/\" target=\"_blank\" rel=\"noreferrer noopener\">\u5b89\u5fb7\u8bfa\u65af<\/a>\uff0c \u81f3\u00a0<a href=\"https:\/\/bassin-arcachon.com\/zh\/%e4%bd%8f%e5%ae%bf-2\/hotels%40%e5%b8%bd%e9%9b%aa%e8%b2%82\/\" target=\"_blank\" rel=\"noreferrer noopener\">\u96ea\u8c82<\/a>\uff0c\u6216\u8005\u5728Bassin\u7684\u53e6\u4e00\u8fb9\uff0c\u7761\u89c9\u65f6\u53cc\u811a\u6d78\u5728\u6c34\u91cc\u3002\u5982\u679c\u4f60\u60f3\u9884\u8ba2\u00a0<strong>\u9760\u8fd1\u5927\u6d77\u7684\u9152\u5e97<\/strong>\u00a0\u5927\u897f\u6d0b\uff0c\u6211\u4eec\u63a8\u8350 L\u00e8ge-Cap Ferret \u534a\u5c9b\u6216 Teste du Buch \u9547\uff0c\u5b83\u4eec\u7684\u4e00\u4fa7\u90fd\u9762\u5411\u5927\u6d77\u7684\u6ce2\u6d6a\u3002<\/p>\n\n\n\n<div class=\"wp-block-buttons is-layout-flex wp-block-buttons-is-layout-flex\">\n<div class=\"wp-block-button\"><a class=\"wp-block-button__link wp-element-button\" href=\"https:\/\/bassin-arcachon.com\/zh\/%e4%bd%8f%e5%ae%bf-2\/hotels%26amp%3bvuemer\/\">\u9152\u5e97\u666f\u89c2Bassin<\/a><\/div>\n<\/div>\n<\/div>\n\n\n\n<div class=\"wp-block-uagb-container uagb-block-3512e021\">\n<div class=\"wp-block-uagb-image uagb-block-06931776 wp-block-uagb-image--layout-default wp-block-uagb-image--effect-static wp-block-uagb-image--align-none\"><figure class=\"wp-block-uagb-image__figure\"><img decoding=\"async\" srcset=\"https:\/\/bassin-arcachon.com\/wp-content\/uploads\/2020\/02\/chambre-dh\u00f4tes-gujan-mestras-cabane-14-1-1024x683.jpg \" sizes=\"auto, (max-width: 480px) 150px\" src=\"https:\/\/bassin-arcachon.com\/wp-content\/uploads\/2020\/02\/chambre-dh\u00f4tes-gujan-mestras-cabane-14-1-1024x683.jpg\" alt=\"- - Bassin d&#039;Arcachon\" class=\"uag-image-41869\" width=\"1024\" height=\"683\" title=\"- - Bassin d&#039;Arcachon\" loading=\"lazy\" role=\"img\"><\/figure><\/div>\n<\/div>\n<\/div><\/div>\n\n\n\n<div style=\"height:60px\" aria-hidden=\"true\" class=\"wp-block-spacer\"><\/div>\n\n\n\n<div class=\"wp-block-uagb-container uagb-block-90e98bfc alignfull uagb-is-root-container\">\n<div class=\"wp-block-cover is-light has-parallax\"><span aria-hidden=\"true\" class=\"wp-block-cover__background has-background-dim-0 has-background-dim\"><\/span><div class=\"wp-block-cover__image-background wp-image-1345 has-parallax\" style=\"background-position:50% 50%;background-image:url(https:\/\/bassin-arcachon.com\/wp-content\/uploads\/2017\/03\/Camping-Panorama-du-Pyla-cottage-vue-mer-coin-farniente.jpg)\"><\/div><div class=\"wp-block-cover__inner-container is-layout-flow wp-block-cover-is-layout-flow\">\n<div class=\"wp-block-uagb-container uagb-block-f463157c\">\n<h2 class=\"wp-block-heading has-text-align-center has-white-color has-text-color has-large-font-size\">\u8981\u627e\u5230\u5b8c\u7f8e\u7684\u9152\u5e97\uff0c\u8bf7\u5c3d\u65e9\u9884\u8ba2\uff01<\/h2>\n\n\n\n<p class=\"has-text-align-center has-white-color has-text-color\"><a href=\"https:\/\/bassin-arcachon.com\/zh\/%e4%bd%8f%e5%ae%bf-2\/%e9%85%92%e5%ba%97-2\/\">\u5f00\u59cb\u60a8\u7684\u641c\u7d22<\/a><\/p>\n<\/div>\n<\/div><\/div>\n<\/div>\n\n\n\n<div style=\"height:60px\" aria-hidden=\"true\" class=\"wp-block-spacer\"><\/div>\n\n\n\n<div class=\"wp-block-uagb-container uagb-block-e1fdc3fa alignfull uagb-is-root-container\"><div class=\"uagb-container-inner-blocks-wrap\">\n<div class=\"wp-block-uagb-container uagb-block-fefb2fda\">\n<h2 class=\"wp-block-heading\">\u60a8\u7684\u5e26 SPA \u7684\u9152\u5e97<\/h2>\n\n\n\n<p>\u8fd9\u662f\u5047\u671f\u6216\u5468\u672b\u7684\u4e50\u8da3\u4e4b\u4e00\uff1a\u80fd\u591f\u9884\u8ba2&nbsp;<strong>\u5e26SPA\u7684\u9152\u5e97<\/strong>. SPA\u7684\u597d\u5904\u662f\u4efb\u4f55\u5b63\u8282\u90fd\u53ef\u4ee5\u4eab\u53d7Arcachon\u7684Bassin\uff0c\u56e0\u4e3a\u65e0\u8bba\u5929\u6c14\u5982\u4f55\u90fd\u53ef\u4ee5\u4f7f\u7528\u571f\u8033\u5176\u6d74\u5ba4\u6216\u6851\u62ff\u6d74\u5ba4\u3002\u5728&nbsp;<a href=\"https:\/\/bassin-arcachon.com\/zh\/%e6%88%96%e7%9d%a1%e8%a7%89\/%e9%85%92%e5%ba%97\/%e6%89%b9%e9%87%8f%e6%b5%8b%e8%af%95\/\" target=\"_blank\" rel=\"noreferrer noopener\">La Teste-de-Buch<\/a>&nbsp;\u6216\u5728\u811a\u4e0b&nbsp;<a href=\"https:\/\/bassin-arcachon.com\/zh\/%e6%88%96%e7%9d%a1%e8%a7%89\/%e9%85%92%e5%ba%97\/%e6%b2%99%e4%b8%98%e7%9a%ae%e6%8b%89\/\" target=\"_blank\" rel=\"noreferrer noopener\">\u76ae\u62c9\u7279\u6c99\u4e18<\/a>, \u5728\u9152\u5e97\u7684\u6c34\u7597\u4e2d\u5fc3\u4eab\u53d7\u6109\u5feb\u7684\u653e\u677e\u65f6\u523b\uff01<\/p>\n\n\n\n<div class=\"wp-block-buttons is-layout-flex wp-block-buttons-is-layout-flex\">\n<div class=\"wp-block-button\"><a class=\"wp-block-button__link wp-element-button\" href=\"https:\/\/bassin-arcachon.com\/zh\/%e4%bd%8f%e5%ae%bf-2\/%e9%85%92%e5%ba%97%26amp%3bspa\/\">\u5e26SPA\u7684\u9152\u5e97<\/a><\/div>\n<\/div>\n<\/div>\n\n\n\n<div class=\"wp-block-uagb-container uagb-block-993a6690\">\n<div class=\"wp-block-uagb-image uagb-block-80e2563c wp-block-uagb-image--layout-default wp-block-uagb-image--effect-static wp-block-uagb-image--align-none\"><figure class=\"wp-block-uagb-image__figure\"><img decoding=\"async\" srcset=\"https:\/\/bassin-arcachon.com\/wp-content\/uploads\/2017\/02\/detente-spa-1024x683.jpg \" sizes=\"auto, (max-width: 480px) 150px\" src=\"https:\/\/bassin-arcachon.com\/wp-content\/uploads\/2017\/02\/detente-spa-1024x683.jpg\" alt=\"- - Bassin d&#039;Arcachon\" class=\"uag-image-7222\" width=\"1024\" height=\"683\" title=\"- - Bassin d&#039;Arcachon\" loading=\"lazy\" role=\"img\"><\/figure><\/div>\n<\/div>\n<\/div><\/div>\n\n\n\n<div style=\"height:60px\" aria-hidden=\"true\" class=\"wp-block-spacer\"><\/div>\n\n\n\n<div class=\"wp-block-uagb-container uagb-block-71b2b3c1 alignfull uagb-is-root-container\"><div class=\"uagb-container-inner-blocks-wrap\">\n<div class=\"wp-block-uagb-container uagb-block-5571b746\">\n<div class=\"wp-block-uagb-image uagb-block-d1f996b2 wp-block-uagb-image--layout-default wp-block-uagb-image--effect-static wp-block-uagb-image--align-none\"><figure class=\"wp-block-uagb-image__figure\"><img decoding=\"async\" srcset=\"https:\/\/bassin-arcachon.com\/wp-content\/uploads\/2017\/03\/hotel-arcachon.jpg \" sizes=\"auto, (max-width: 480px) 150px\" src=\"https:\/\/bassin-arcachon.com\/wp-content\/uploads\/2017\/03\/hotel-arcachon.jpg\" alt=\"- - Bassin d&#039;Arcachon\" class=\"uag-image-24506\" width=\"1000\" height=\"666\" title=\"- - Bassin d&#039;Arcachon\" loading=\"lazy\" role=\"img\"><\/figure><\/div>\n<\/div>\n\n\n\n<div class=\"wp-block-uagb-container uagb-block-88044b96\">\n<h2 class=\"wp-block-heading\">\u963f\u5361\u96c4Bassin\u9152\u5e97\u7684\u9b45\u529b<\/h2>\n\n\n\n<p>\u4e0d\u4e4f\u9b45\u529b\u9152\u5e97\u00a0<strong>\u6765\u81ea\u963f\u5361\u96c4\u7684 Bassin<\/strong>. Bassin\u4e2d\u5fc3\u7684\u7f8e\u4e3d\u5730\u5740\uff0c\u00a0<a href=\"https:\/\/bassin-arcachon.com\/zh\/%e4%bd%8f%e5%ae%bf-2\/%e9%85%92%e5%ba%97%40lanton\/\" target=\"_blank\" rel=\"noreferrer noopener\">\u5170\u987f<\/a>\u00a0\u6bd4\u52a0\u8bfa\u65af\uff0c\u6216\u5178\u578b\u7684\u4f4f\u5b85\u00a0<a href=\"https:\/\/bassin-arcachon.com\/zh\/%e4%bd%8f%e5%ae%bf-2\/%e9%85%92%e5%ba%97%40%e9%98%bf%e5%8d%a1%e9%9b%84\/\" target=\"_blank\" rel=\"noreferrer noopener\">\u963f\u5361\u96c4<\/a>\uff0c\u6211\u4eec\u73b0\u5728\u6709\u6f02\u4eae\u7684\u9152\u5e97\u4f9b\u60a8\u53d1\u73b0\u3002<\/p>\n\n\n\n<div class=\"wp-block-buttons is-layout-flex wp-block-buttons-is-layout-flex\">\n<div class=\"wp-block-button\"><a class=\"wp-block-button__link wp-element-button\" href=\"https:\/\/bassin-arcachon.com\/zh\/%e4%bd%8f%e5%ae%bf-2\/%e9%85%92%e5%ba%97-2\/\">\u8ff7\u4eba\u7684\u9152\u5e97<\/a><\/div>\n<\/div>\n<\/div>\n<\/div><\/div>\n\n\n\n<div style=\"height:60px\" aria-hidden=\"true\" class=\"wp-block-spacer\"><\/div>\n\n\n\n<div class=\"wp-block-uagb-container uagb-block-5cf21d76 alignfull uagb-is-root-container\"><div class=\"uagb-container-inner-blocks-wrap\">\n<div class=\"wp-block-uagb-container uagb-block-5ee4e383\">\n<h2 class=\"wp-block-heading\">\u5e26\u6e38\u6cf3\u6c60\u7684\u9152\u5e97\u7684\u8212\u9002<\/h2>\n\n\n\n<p>\u5373\u4f7f Arcachon Bassin \u4ece\u4e0d\u9065\u8fdc\uff0c\u62e5\u6709\u00a0<strong>\u9152\u5e97\u6e38\u6cf3\u6c60<\/strong>\u00a0\u603b\u662f\u53d7\u5230\u8d5e\u8d4f\u3002\u5982\u679c\u9000\u6f6e\uff0c\u6216\u8005\u53ea\u662f\u60f3\u5728\u9192\u6765\u540e\u7acb\u5373\u7545\u6e38\uff0c\u8bf7\u63a2\u7d22\u6211\u4eec\u7cbe\u9009\u7684 Bassin \u5468\u56f4\u5e26\u6e38\u6cf3\u6c60\u7684\u9152\u5e97\u3002\u7684\u00a0<a href=\"https:\/\/bassin-arcachon.com\/zh\/%e4%bd%8f%e5%ae%bf-2\/%e5%8f%a4%e8%ae%a9%e6%a2%85%e6%96%af%e7%89%b9%e6%8b%89%e9%85%92%e5%ba%97\/\" target=\"_blank\" rel=\"noreferrer noopener\">\u53e4\u8ba9-\u6885\u65af\u7279\u62c9<\/a>\u00a0\u5728\u00a0<a href=\"https:\/\/bassin-arcachon.com\/zh\/%e4%bd%8f%e5%ae%bf-2\/%e9%85%92%e5%ba%97%40ares\/\" target=\"_blank\" rel=\"noreferrer noopener\">\u6218\u795e<\/a>\uff0c \u7ecf\u8fc7\u00a0<a href=\"https:\/\/bassin-arcachon.com\/zh\/%e4%bd%8f%e5%ae%bf-2\/%e9%85%92%e5%ba%97%40le-teich\/\" target=\"_blank\" rel=\"noreferrer noopener\">Le Teich<\/a>\u00a0\u5728\u54ea\u91cc\u00a0<a href=\"https:\/\/bassin-arcachon.com\/zh\/%e4%bd%8f%e5%ae%bf-2\/%e9%85%92%e5%ba%97%40%e7%9b%86%e5%9c%b0%e4%b9%8b%e5%bf%83\/\" target=\"_blank\" rel=\"noreferrer noopener\">\u5965\u767b\u683c<\/a>, \u9884\u8ba2\u5e26\u6e38\u6cf3\u6c60\u7684\u9152\u5e97\uff01<\/p>\n\n\n\n<div class=\"wp-block-buttons is-layout-flex wp-block-buttons-is-layout-flex\">\n<div class=\"wp-block-button\"><a class=\"wp-block-button__link wp-element-button\" href=\"https:\/\/bassin-arcachon.com\/zh\/%e4%bd%8f%e5%ae%bf-2\/%e9%85%92%e5%ba%97%26amp%3bpool\/\">\u5e26\u6e38\u6cf3\u6c60\u7684\u9152\u5e97<\/a><\/div>\n<\/div>\n<\/div>\n\n\n\n<div class=\"wp-block-uagb-container uagb-block-e52772f2\">\n<div class=\"wp-block-uagb-image uagb-block-f59a49ab wp-block-uagb-image--layout-default wp-block-uagb-image--effect-static wp-block-uagb-image--align-none\"><figure class=\"wp-block-uagb-image__figure\"><img decoding=\"async\" srcset=\"https:\/\/bassin-arcachon.com\/wp-content\/uploads\/2019\/11\/Piscine-2-600.jpg \" sizes=\"auto, (max-width: 480px) 150px\" src=\"https:\/\/bassin-arcachon.com\/wp-content\/uploads\/2019\/11\/Piscine-2-600.jpg\" alt=\"- - Bassin d&#039;Arcachon\" class=\"uag-image-38869\" width=\"600\" height=\"400\" title=\"- - Bassin d&#039;Arcachon\" loading=\"lazy\" role=\"img\"><\/figure><\/div>\n<\/div>\n<\/div><\/div>\n\n\n\n<div style=\"height:60px\" aria-hidden=\"true\" class=\"wp-block-spacer\"><\/div>\n\n\n\n<div class=\"wp-block-uagb-container uagb-block-2831fd6a alignfull uagb-is-root-container\"><div class=\"uagb-container-inner-blocks-wrap\">\n<h3 class=\"wp-block-heading has-text-align-center\">\u63a2\u7d22\u963f\u5361\u96c4 Bassin \u9644\u8fd1\u7684\u5176\u4ed6\u4f4f\u5bbf\u7c7b\u578b\uff1a<\/h3>\n\n\n\n<p class=\"has-text-align-center\"><a href=\"https:\/\/bassin-arcachon.com\/zh\/%e4%bd%8f%e5%ae%bf-2\/%e5%ae%a2%e6%88%bf\/\" target=\"_blank\" rel=\"noreferrer noopener\">\u5ba2\u623f<\/a><br><a href=\"https:\/\/bassin-arcachon.com\/zh\/%e4%bd%8f%e5%ae%bf-2\/%e8%90%a5%e5%9c%b0\/\" target=\"_blank\" rel=\"noreferrer noopener\">\u8425\u5730<\/a><\/p>\n<\/div><\/div>\n\n\n\n<div style=\"height:60px\" aria-hidden=\"true\" class=\"wp-block-spacer\"><\/div>","protected":false},"excerpt":{"rendered":"<p>Vous cherchez&nbsp;o\u00f9 dormir&nbsp;sur le Bassin d\u2019Arcachon ? D\u00e9couvrez nos h\u00f4tels de charme, au bord du Bassin, avec piscine ou avec spa, et passez un s\u00e9jour inoubliable les pieds dans l\u2019eau. [&hellip;]<\/p>\n","protected":false},"author":25,"featured_media":394,"parent":43,"menu_order":3,"comment_status":"closed","ping_status":"closed","template":"","meta":{"_acf_changed":false,"_uag_custom_page_level_css":"","footnotes":""},"class_list":["post-400","page","type-page","status-publish","has-post-thumbnail","hentry"],"acf":[],"uagb_featured_image_src":{"full":["https:\/\/bassin-arcachon.com\/wp-content\/uploads\/2017\/03\/header-hotels.jpg",842,560,false],"thumbnail":["https:\/\/bassin-arcachon.com\/wp-content\/uploads\/2017\/03\/header-hotels-150x150.jpg",150,150,true],"medium":["https:\/\/bassin-arcachon.com\/wp-content\/uploads\/2017\/03\/header-hotels-600x399.jpg",600,399,true],"medium_large":["https:\/\/bassin-arcachon.com\/wp-content\/uploads\/2017\/03\/header-hotels-768x511.jpg",768,511,true],"large":["https:\/\/bassin-arcachon.com\/wp-content\/uploads\/2017\/03\/header-hotels.jpg",842,560,false],"1536x1536":["https:\/\/bassin-arcachon.com\/wp-content\/uploads\/2017\/03\/header-hotels.jpg",842,560,false],"2048x2048":["https:\/\/bassin-arcachon.com\/wp-content\/uploads\/2017\/03\/header-hotels.jpg",842,560,false],"trp-custom-language-flag":["https:\/\/bassin-arcachon.com\/wp-content\/uploads\/2017\/03\/header-hotels-18x12.jpg",18,12,true]},"uagb_author_info":{"display_name":"Marie Clauzel","author_link":"https:\/\/bassin-arcachon.com\/zh\/author\/mariesiba\/"},"uagb_comment_info":0,"uagb_excerpt":"Vous cherchez&nbsp;o\u00f9 dormir&nbsp;sur le Bassin d\u2019Arcachon ? D\u00e9couvrez nos h\u00f4tels de charme, au bord du Bassin, avec piscine ou avec spa, et passez un s\u00e9jour inoubliable les pieds dans l\u2019eau. [&hellip;]","_links":{"self":[{"href":"https:\/\/bassin-arcachon.com\/zh\/wp-json\/wp\/v2\/pages\/400","targetHints":{"allow":["GET"]}}],"collection":[{"href":"https:\/\/bassin-arcachon.com\/zh\/wp-json\/wp\/v2\/pages"}],"about":[{"href":"https:\/\/bassin-arcachon.com\/zh\/wp-json\/wp\/v2\/types\/page"}],"author":[{"embeddable":true,"href":"https:\/\/bassin-arcachon.com\/zh\/wp-json\/wp\/v2\/users\/25"}],"replies":[{"embeddable":true,"href":"https:\/\/bassin-arcachon.com\/zh\/wp-json\/wp\/v2\/comments?post=400"}],"version-history":[{"count":1,"href":"https:\/\/bassin-arcachon.com\/zh\/wp-json\/wp\/v2\/pages\/400\/revisions"}],"predecessor-version":[{"id":68248,"href":"https:\/\/bassin-arcachon.com\/zh\/wp-json\/wp\/v2\/pages\/400\/revisions\/68248"}],"up":[{"embeddable":true,"href":"https:\/\/bassin-arcachon.com\/zh\/wp-json\/wp\/v2\/pages\/43"}],"wp:featuredmedia":[{"embeddable":true,"href":"https:\/\/bassin-arcachon.com\/zh\/wp-json\/wp\/v2\/media\/394"}],"wp:attachment":[{"href":"https:\/\/bassin-arcachon.com\/zh\/wp-json\/wp\/v2\/media?parent=400"}],"curies":[{"name":"\u53ef\u6e7f\u6027\u7c89\u5242","href":"https:\/\/api.w.org\/{rel}","templated":true}]}}