{"id":44448,"date":"2020-07-06T14:22:32","date_gmt":"2020-07-06T12:22:32","guid":{"rendered":"https:\/\/bassin-arcachon.com\/\/?page_id=44448"},"modified":"2024-11-06T11:42:44","modified_gmt":"2024-11-06T10:42:44","slug":"%e5%85%b0%e9%a1%bf-2","status":"publish","type":"page","link":"https:\/\/bassin-arcachon.com\/zh\/ou-dormir\/camping\/lanton\/","title":{"rendered":"\u6211\u4eec\u5728\u5170\u987f\u7684\u9732\u8425\u5730"},"content":{"rendered":"<div class=\"wp-block-uagb-container uagb-block-ed203fa7 alignfull uagb-is-root-container\"><div class=\"uagb-container-inner-blocks-wrap\">\n<div class=\"wp-block-uagb-container uagb-block-4ace7f2d\">\n<h2 class=\"wp-block-heading\">\u6211\u4eec\u7684\u9732\u8425\u5730\u4f4d\u4e8e\u5170\u987f\u6216\u9644\u8fd1<\/h2>\n\n\n\n<p>\u60a8\u60f3\u5728 Lanton \u6216\u9644\u8fd1\u9884\u8ba2\u4e00\u4e2a\u53ef\u4ee5\u76f4\u63a5\u770b\u5230 Bassin d&#039;Arcachon \u7684\u9732\u8425\u5730\u5417\uff1f\u4f60\u662f\u5bf9\u7684 \uff01\u4eab\u53d7\u76f4\u63a5\u901a\u5f80\u6d77\u6ee9\u7684\u901a\u9053\uff0c\u6bcf\u5929\u65e9\u4e0a\u9192\u6765\u9762\u5bf9&nbsp;<strong>\u7897\u3002<\/strong>&nbsp;\u60ca\u53f9\u4e8e\u8fd9\u6bcf\u5929\u90fd\u5728\u53d8\u5316\u7684\u666f\u89c2\uff01\u5728\u5e10\u7bf7\u6216\u5927\u7bf7\u8f66\u4e2d\uff0c\u9884\u8ba2\u60a8\u7684&nbsp;<strong>\u91ce\u8425<\/strong>&nbsp;\u5728&nbsp;<strong>\u5170\u987f\u6216\u9644\u8fd1<\/strong>&nbsp;!<\/p>\n\n\n\n<div class=\"wp-block-buttons is-layout-flex wp-block-buttons-is-layout-flex\">\n<div class=\"wp-block-button\"><a class=\"wp-block-button__link wp-element-button\" href=\"https:\/\/bassin-arcachon.com\/zh\/%e4%bd%8f%e5%ae%bf-2\/%e9%9c%b2%e8%90%a5%e5%9c%b0%40%e7%9b%86%e5%9c%b0%e4%b9%8b%e5%bf%83%26%e9%9c%b2%e8%90%a5%e5%9c%b0%3b%e6%b5%b7%e6%99%af\/\">\u6d77\u6ee8\u9732\u8425\u5730<\/a><\/div>\n<\/div>\n<\/div>\n\n\n\n<div class=\"wp-block-uagb-container uagb-block-4606889d\">\n<div class=\"wp-block-uagb-image uagb-block-79596707 wp-block-uagb-image--layout-default wp-block-uagb-image--effect-static wp-block-uagb-image--align-none\"><figure class=\"wp-block-uagb-image__figure\"><img decoding=\"async\" srcset=\"https:\/\/bassin-arcachon.com\/wp-content\/uploads\/2017\/08\/devant-le-bassin-velo-1024x683.jpg \" sizes=\"auto, (max-width: 480px) 150px\" src=\"https:\/\/bassin-arcachon.com\/wp-content\/uploads\/2017\/08\/devant-le-bassin-velo-1024x683.jpg\" alt=\"- - Bassin d&#039;Arcachon\" class=\"uag-image-7542\" width=\"1024\" height=\"683\" title=\"- - Bassin d&#039;Arcachon\" loading=\"lazy\" role=\"img\"><\/figure><\/div>\n<\/div>\n<\/div><\/div>\n\n\n\n<div style=\"height:60px\" aria-hidden=\"true\" class=\"wp-block-spacer\"><\/div>\n\n\n\n<div class=\"wp-block-uagb-container uagb-block-add14a80 alignfull uagb-is-root-container\"><div class=\"uagb-container-inner-blocks-wrap\">\n<div class=\"wp-block-uagb-container uagb-block-80990708\">\n<div class=\"wp-block-uagb-image uagb-block-2114fdf6 wp-block-uagb-image--layout-default wp-block-uagb-image--effect-static wp-block-uagb-image--align-none\"><figure class=\"wp-block-uagb-image__figure\"><img decoding=\"async\" srcset=\"https:\/\/bassin-arcachon.com\/wp-content\/uploads\/2020\/07\/Plage-suzette-Lanton.jpg \" sizes=\"auto, (max-width: 480px) 150px\" src=\"https:\/\/bassin-arcachon.com\/wp-content\/uploads\/2020\/07\/Plage-suzette-Lanton.jpg\" alt=\"- - Bassin d&#039;Arcachon\" class=\"uag-image-44378\" width=\"1000\" height=\"666\" title=\"- - Bassin d&#039;Arcachon\" loading=\"lazy\" role=\"img\"><\/figure><\/div>\n<\/div>\n\n\n\n<div class=\"wp-block-uagb-container uagb-block-5078c1a9\">\n<h2 class=\"wp-block-heading\">\u6211\u4eec\u5728\u5170\u987f\u5e26\u6e38\u6cf3\u6c60\u7684\u9732\u8425\u5730<\/h2>\n\n\n\n<p>\u901a\u8fc7\u9884\u8ba2\u6211\u4eec\u7684\u5176\u4e2d\u4e00\u5bb6\uff0c\u5728\u76c6\u5730\u7684\u4e2d\u5fc3\u4f11\u606f\uff0c\u8ddd\u79bb\u5965\u767b\u5947\u4ec5\u4e00\u7bad\u4e4b\u9065&nbsp;<strong>\u9732\u8425\u5730\u5728\u5170\u987f<\/strong>&nbsp;\u548c&nbsp;<strong>\u6e38\u6cf3\u6c60\u6216\u9644\u8fd1<\/strong>&nbsp;\uff01\u5145\u5206\u5229\u7528\u4e13\u4e3a\u513f\u7ae5\u548c\u6210\u4eba\u8bbe\u8ba1\u7684\u7a7a\u95f4\uff1a\u6c34\u4e0a\u6e38\u620f\u3001\u6ed1\u68af\u3001\u6c34\u4e0a\u5065\u8eab\u8bfe\u7a0b\uff0c\u4e00\u5207\u90fd\u662f\u4e3a\u4e86\u8ba9\u60a8\u5ea6\u8fc7\u4e00\u4e2a\u96be\u5fd8\u7684\u5bb6\u5ead\u4f4f\u5bbf&nbsp;<strong>\u91ce\u8425<\/strong><\/p>\n\n\n\n<div class=\"wp-block-buttons is-layout-flex wp-block-buttons-is-layout-flex\">\n<div class=\"wp-block-button\"><a class=\"wp-block-button__link wp-element-button\" href=\"https:\/\/bassin-arcachon.com\/zh\/%e4%bd%8f%e5%ae%bf-2\/campsitescoeur-de-bassinpiscine-2\/\">\u5e26\u6e38\u6cf3\u6c60\u7684\u9732\u8425\u5730<\/a><\/div>\n<\/div>\n<\/div>\n<\/div><\/div>\n\n\n\n<div style=\"height:60px\" aria-hidden=\"true\" class=\"wp-block-spacer\"><\/div>\n\n\n\n<div class=\"wp-block-uagb-container uagb-block-731488c7 alignfull uagb-is-root-container\"><div class=\"uagb-container-inner-blocks-wrap\">\n<div class=\"wp-block-uagb-container uagb-block-a97a9785\">\n<h2 class=\"wp-block-heading\">\u6211\u4eec\u5728\u5170\u987f\u6b22\u8fce\u623f\u8f66\u7684\u9732\u8425\u5730<\/h2>\n\n\n\n<p>\u60a8\u4e58\u5750\u623f\u8f66\u65c5\u884c\u5417\uff1f\u5feb\u6765\u6211\u4eec\u4f4d\u4e8e\u5170\u987f\u6216\u9644\u8fd1\u7684\u623f\u8f66\u8425\u5730\u4e4b\u4e00\u4e3a\u60a8\u7684\u7535\u6c60\u5145\u7535\uff01\u5728\u76c6\u5730\u7684\u677e\u6811\u548c\u6d77\u6ee9\u4e4b\u95f4\uff0c\u5728\u7530\u56ed\u8bd7\u822c\u7684\u73af\u5883\u4e2d\u4e3a\u60a8\u7684\u7535\u6c60\u5145\u7535\u51e0\u5929\uff0c\u7136\u540e\u767b\u4e0a\u60a8\u7684\u623f\u8f66\u4e0a\u8def\uff01<\/p>\n\n\n\n<div class=\"wp-block-buttons is-layout-flex wp-block-buttons-is-layout-flex\">\n<div class=\"wp-block-button\"><a class=\"wp-block-button__link wp-element-button\" href=\"https:\/\/bassin-arcachon.com\/zh\/%e4%bd%8f%e5%ae%bf-2\/%e9%9c%b2%e8%90%a5%e5%9c%b0%40%e7%9b%86%e5%9c%b0%e4%b9%8b%e5%bf%83\/\">\u5e26\u623f\u8f66\u8425\u5730\u7684\u9732\u8425\u5730<\/a><\/div>\n<\/div>\n<\/div>\n\n\n\n<div class=\"wp-block-uagb-container uagb-block-96fe018c\">\n<div class=\"wp-block-uagb-image uagb-block-1b1f2cec wp-block-uagb-image--layout-default wp-block-uagb-image--effect-static wp-block-uagb-image--align-none\"><figure class=\"wp-block-uagb-image__figure\"><img decoding=\"async\" srcset=\"https:\/\/bassin-arcachon.com\/wp-content\/uploads\/2018\/04\/velo-lanton-photo-de-une-e1546601388171-1024x683.jpg ,https:\/\/bassin-arcachon.com\/wp-content\/uploads\/2018\/04\/velo-lanton-photo-de-une-e1546601388171.jpg 780w, https:\/\/bassin-arcachon.com\/wp-content\/uploads\/2018\/04\/velo-lanton-photo-de-une-e1546601388171.jpg 360w\" sizes=\"auto, (max-width: 480px) 150px\" src=\"https:\/\/bassin-arcachon.com\/wp-content\/uploads\/2018\/04\/velo-lanton-photo-de-une-e1546601388171-1024x683.jpg\" alt=\"\u5170\u987f\u6d77\u6ee8\u9a91\u81ea\u884c\u8f66\" class=\"uag-image-19955\" width=\"1024\" height=\"683\" title=\"\u5170\u987f\u6d77\u6ee8\u9a91\u81ea\u884c\u8f66\" loading=\"lazy\" role=\"img\"\/><\/figure><\/div>\n<\/div>\n<\/div><\/div>\n\n\n\n<div style=\"height:60px\" aria-hidden=\"true\" class=\"wp-block-spacer\"><\/div>\n\n\n\n<div class=\"wp-block-uagb-container uagb-block-91886311 alignfull uagb-is-root-container\">\n<div class=\"wp-block-cover is-light has-parallax\"><span aria-hidden=\"true\" class=\"wp-block-cover__background has-background-dim-0 has-background-dim\"><\/span><div class=\"wp-block-cover__image-background wp-image-1345 has-parallax\" style=\"background-position:50% 50%;background-image:url(https:\/\/bassin-arcachon.com\/wp-content\/uploads\/2017\/03\/Camping-Panorama-du-Pyla-cottage-vue-mer-coin-farniente.jpg)\"><\/div><div class=\"wp-block-cover__inner-container is-layout-flow wp-block-cover-is-layout-flow\">\n<div class=\"wp-block-uagb-container uagb-block-c1453dc2\">\n<h2 class=\"wp-block-heading has-text-align-center has-white-color has-text-color has-large-font-size\">\u5728\u963f\u5361\u96c4\u7684 Bassin \u9732\u8425\u5730\u4e4b\u4e00\u8f7b\u677e\u5ea6\u8fc7\u5047\u671f\uff01<\/h2>\n\n\n\n<p class=\"has-text-align-center has-white-color has-text-color\"><a href=\"https:\/\/bassin-arcachon.com\/zh\/%e4%bd%8f%e5%ae%bf-2\/%e8%90%a5%e5%9c%b0\/\">\u5f00\u59cb\u60a8\u7684\u641c\u7d22<\/a><\/p>\n<\/div>\n<\/div><\/div>\n<\/div>\n\n\n\n<div style=\"height:60px\" aria-hidden=\"true\" class=\"wp-block-spacer\"><\/div>\n\n\n\n<div class=\"wp-block-uagb-container uagb-block-02e6a164 alignfull uagb-is-root-container\"><div class=\"uagb-container-inner-blocks-wrap\">\n<div class=\"wp-block-uagb-container uagb-block-8edb6d7d\">\n<h3 class=\"wp-block-heading\">\u60a8\u60f3\u9884\u8ba2\u5170\u987f\u9644\u8fd1\u7684\u9732\u8425\u5730\u5417\uff1f<\/h3>\n\n\n\n<p>\u53d1\u73b0\u6211\u4eec\u5728 Bassin Arcachon \u7684\u6240\u6709\u9732\u8425\u5730\uff1a&nbsp;<a href=\"https:\/\/bassin-arcachon.com\/zh\/%e4%bd%8f%e5%ae%bf-2\/%e9%85%92%e5%ba%97-2+%e6%88%98%e7%a5%9e-2\/\">\u6218\u795e<\/a>,&nbsp;<a href=\"https:\/\/bassin-arcachon.com\/zh\/%e4%bd%8f%e5%ae%bf-2\/%e9%85%92%e5%ba%97-2+%e9%98%bf%e5%8d%a1%e9%9b%84\/\">\u963f\u5361\u96c4<\/a>,&nbsp;<a href=\"https:\/\/bassin-arcachon.com\/zh\/%e4%bd%8f%e5%ae%bf-2\/%e9%85%92%e5%ba%97-2+%e6%89%b9%e9%87%8f%e6%b5%8b%e8%af%95\/\">La Teste de Buch<\/a>,&nbsp;<a href=\"https:\/\/bassin-arcachon.com\/zh\/%e4%bd%8f%e5%ae%bf-2\/%e9%85%92%e5%ba%97-2+%e5%ae%89%e5%be%b7%e8%af%ba%e6%96%af\/\">\u5b89\u5fb7\u8bfa\u65af<\/a>,&nbsp;<a href=\"https:\/\/bassin-arcachon.com\/zh\/%e4%bd%8f%e5%ae%bf-2\/%e9%85%92%e5%ba%97-2+%e5%8f%a4%e8%ae%a9%e6%a2%85%e6%96%af%e7%89%b9%e6%8b%89%e6%96%af\/\">Gujan-Mestras,<\/a>&nbsp;<a href=\"https:\/\/bassin-arcachon.com\/zh\/%e4%bd%8f%e5%ae%bf-2\/%e9%85%92%e5%ba%97-2+%e7%9b%86%e5%9c%b0%e4%b9%8b%e5%bf%83\/\">\u6bd4\u52a0\u8bfa\u65af<\/a>&nbsp;<a href=\"https:\/\/bassin-arcachon.com\/zh\/%e4%bd%8f%e5%ae%bf-2\/%e9%85%92%e5%ba%97-2+%e7%9b%86%e5%9c%b0%e4%b9%8b%e5%bf%83\/\">\u5965\u767b\u683c<\/a>, &lt;a href=&quot;https:\/\/www.bassin-arcachon.com\/hebergements\/hotels+le-teich\/&quot;Le Teich&nbsp;<\/a>\u548c&nbsp;<a href=\"https:\/\/bassin-arcachon.com\/zh\/%e4%bd%8f%e5%ae%bf-2\/%e9%85%92%e5%ba%97-2+lege-cap-ferret\/\">\u96ea\u8c82<\/a>&nbsp;!<\/p>\n<\/div>\n\n\n\n<div class=\"wp-block-uagb-container uagb-block-2e52a006\">\n<div class=\"wp-block-uagb-image uagb-block-a755267c wp-block-uagb-image--layout-default wp-block-uagb-image--effect-static wp-block-uagb-image--align-none\"><figure class=\"wp-block-uagb-image__figure\"><img decoding=\"async\" srcset=\"https:\/\/bassin-arcachon.com\/wp-content\/uploads\/2018\/09\/nourri-a-lhu\u00eetre-\u00e9lev\u00e9-sous-les-pins-Bassin-dArcachon.jpg 1000w, https:\/\/bassin-arcachon.com\/wp-content\/uploads\/2018\/09\/nourri-a-lhu\u00eetre-\u00e9lev\u00e9-sous-les-pins-Bassin-dArcachon-600x400.jpg 600w, https:\/\/bassin-arcachon.com\/wp-content\/uploads\/2018\/09\/nourri-a-lhu\u00eetre-\u00e9lev\u00e9-sous-les-pins-Bassin-dArcachon-768x511.jpg 768w, https:\/\/bassin-arcachon.com\/wp-content\/uploads\/2018\/09\/nourri-a-lhu\u00eetre-\u00e9lev\u00e9-sous-les-pins-Bassin-dArcachon-18x12.jpg 18w\" sizes=\"auto, (max-width: 480px) 150px\" src=\"https:\/\/bassin-arcachon.com\/wp-content\/uploads\/2018\/09\/nourri-a-lhu\u00eetre-\u00e9lev\u00e9-sous-les-pins-Bassin-dArcachon.jpg\" alt=\"- - Bassin d&#039;Arcachon\" class=\"uag-image-26169\" width=\"1000\" height=\"666\" title=\"- - Bassin d&#039;Arcachon\" loading=\"lazy\" role=\"img\"><\/figure><\/div>\n<\/div>\n<\/div><\/div>\n\n\n\n<div style=\"height:60px\" aria-hidden=\"true\" class=\"wp-block-spacer\"><\/div>","protected":false},"excerpt":{"rendered":"<p>Nos campings avec vue \u00e0 Lanton, ou \u00e0 proximit\u00e9 Vous souhaitez r\u00e9server un camping \u00e0 Lanton, ou \u00e0 proximit\u00e9, qui dispose d\u2019une vue directe sur le Bassin d\u2019Arcachon ? Vous [&hellip;]<\/p>\n","protected":false},"author":25,"featured_media":2217,"parent":392,"menu_order":1,"comment_status":"closed","ping_status":"closed","template":"","meta":{"_acf_changed":false,"_uag_custom_page_level_css":"","footnotes":""},"class_list":["post-44448","page","type-page","status-publish","has-post-thumbnail","hentry"],"acf":[],"uagb_featured_image_src":{"full":["https:\/\/bassin-arcachon.com\/wp-content\/uploads\/2017\/03\/camping-bassin-arcachon.jpg",1200,800,false],"thumbnail":["https:\/\/bassin-arcachon.com\/wp-content\/uploads\/2017\/03\/camping-bassin-arcachon-150x150.jpg",150,150,true],"medium":["https:\/\/bassin-arcachon.com\/wp-content\/uploads\/2017\/03\/camping-bassin-arcachon-600x400.jpg",600,400,true],"medium_large":["https:\/\/bassin-arcachon.com\/wp-content\/uploads\/2017\/03\/camping-bassin-arcachon-768x512.jpg",768,512,true],"large":["https:\/\/bassin-arcachon.com\/wp-content\/uploads\/2017\/03\/camping-bassin-arcachon-1024x683.jpg",1024,683,true],"1536x1536":["https:\/\/bassin-arcachon.com\/wp-content\/uploads\/2017\/03\/camping-bassin-arcachon.jpg",1200,800,false],"2048x2048":["https:\/\/bassin-arcachon.com\/wp-content\/uploads\/2017\/03\/camping-bassin-arcachon.jpg",1200,800,false],"trp-custom-language-flag":["https:\/\/bassin-arcachon.com\/wp-content\/uploads\/2017\/03\/camping-bassin-arcachon-18x12.jpg",18,12,true]},"uagb_author_info":{"display_name":"Marie Clauzel","author_link":"https:\/\/bassin-arcachon.com\/zh\/author\/mariesiba\/"},"uagb_comment_info":0,"uagb_excerpt":"Nos campings avec vue \u00e0 Lanton, ou \u00e0 proximit\u00e9 Vous souhaitez r\u00e9server un camping \u00e0 Lanton, ou \u00e0 proximit\u00e9, qui dispose d\u2019une vue directe sur le Bassin d\u2019Arcachon ? Vous [&hellip;]","_links":{"self":[{"href":"https:\/\/bassin-arcachon.com\/zh\/wp-json\/wp\/v2\/pages\/44448","targetHints":{"allow":["GET"]}}],"collection":[{"href":"https:\/\/bassin-arcachon.com\/zh\/wp-json\/wp\/v2\/pages"}],"about":[{"href":"https:\/\/bassin-arcachon.com\/zh\/wp-json\/wp\/v2\/types\/page"}],"author":[{"embeddable":true,"href":"https:\/\/bassin-arcachon.com\/zh\/wp-json\/wp\/v2\/users\/25"}],"replies":[{"embeddable":true,"href":"https:\/\/bassin-arcachon.com\/zh\/wp-json\/wp\/v2\/comments?post=44448"}],"version-history":[{"count":2,"href":"https:\/\/bassin-arcachon.com\/zh\/wp-json\/wp\/v2\/pages\/44448\/revisions"}],"predecessor-version":[{"id":68274,"href":"https:\/\/bassin-arcachon.com\/zh\/wp-json\/wp\/v2\/pages\/44448\/revisions\/68274"}],"up":[{"embeddable":true,"href":"https:\/\/bassin-arcachon.com\/zh\/wp-json\/wp\/v2\/pages\/392"}],"wp:featuredmedia":[{"embeddable":true,"href":"https:\/\/bassin-arcachon.com\/zh\/wp-json\/wp\/v2\/media\/2217"}],"wp:attachment":[{"href":"https:\/\/bassin-arcachon.com\/zh\/wp-json\/wp\/v2\/media?parent=44448"}],"curies":[{"name":"\u53ef\u6e7f\u6027\u7c89\u5242","href":"https:\/\/api.w.org\/{rel}","templated":true}]}}