{"id":44455,"date":"2020-07-06T14:40:46","date_gmt":"2020-07-06T12:40:46","guid":{"rendered":"https:\/\/bassin-arcachon.com\/\/?page_id=44455"},"modified":"2024-11-06T11:41:24","modified_gmt":"2024-11-06T10:41:24","slug":"%e6%88%98%e7%a5%9e-3","status":"publish","type":"page","link":"https:\/\/bassin-arcachon.com\/zh\/ou-dormir\/camping\/ares-2\/","title":{"rendered":"\u6211\u4eec\u5728\u963f\u745e\u65af\u7684\u9732\u8425\u5730"},"content":{"rendered":"<div class=\"wp-block-uagb-container uagb-block-7ba71126 alignfull uagb-is-root-container\"><div class=\"uagb-container-inner-blocks-wrap\">\n<div class=\"wp-block-uagb-container uagb-block-dfceb38c\">\n<h2 class=\"wp-block-heading\">\u6211\u4eec\u4f4d\u4e8e\u963f\u96f7\u65af\u5e26\u6e38\u6cf3\u6c60\u7684\u9732\u8425\u5730<\/h2>\n\n\n\n<p>\u5728\u6cf3\u6c60\u7684\u54b8\u6c34\u4e2d\u5ea6\u8fc7\u4e00\u5929\u540e\uff0c\u60c5\u4fa3\u6216\u5bb6\u5ead\u53ef\u4ee5\u5728\u6cf3\u6c60\u65c1\u4eab\u53d7\u7247\u523b\u7684\u653e\u677e\uff01\u9884\u8ba2\u9732\u8425\u5730\u7684\u4f4f\u5bbf\uff0c\u5728\u963f\u96f7\u65af\u6216\u9644\u8fd1\u9732\u8425\u5730\u7684\u6e38\u6cf3\u6c60\u65c1\u653e\u677e\u8eab\u5fc3\uff0c\u5145\u5206\u4eab\u53d7\u60a8\u7684\u5047\u671f\uff01<\/p>\n\n\n\n<div class=\"wp-block-buttons is-layout-flex wp-block-buttons-is-layout-flex\">\n<div class=\"wp-block-button\"><a class=\"wp-block-button__link wp-element-button\" href=\"https:\/\/bassin-arcachon.com\/zh\/%e4%bd%8f%e5%ae%bf-2\/%e9%9c%b2%e8%90%a5%e5%9c%b0%40ares%26amp%3b%e6%b8%b8%e6%b3%b3%e6%b1%a0\/\">\u5e26\u6e38\u6cf3\u6c60\u7684\u9732\u8425\u5730<\/a><\/div>\n<\/div>\n<\/div>\n\n\n\n<div class=\"wp-block-uagb-container uagb-block-270f4ce0\">\n<div class=\"wp-block-uagb-image uagb-block-31e999fe wp-block-uagb-image--layout-default wp-block-uagb-image--effect-static wp-block-uagb-image--align-none\"><figure class=\"wp-block-uagb-image__figure\"><img decoding=\"async\" srcset=\"https:\/\/bassin-arcachon.com\/wp-content\/uploads\/2017\/03\/camping-piscine-1024x768.jpg ,https:\/\/bassin-arcachon.com\/wp-content\/uploads\/2017\/03\/camping-piscine.jpg 780w, https:\/\/bassin-arcachon.com\/wp-content\/uploads\/2017\/03\/camping-piscine.jpg 360w\" sizes=\"auto, (max-width: 480px) 150px\" src=\"https:\/\/bassin-arcachon.com\/wp-content\/uploads\/2017\/03\/camping-piscine-1024x768.jpg\" alt=\"- - Bassin d&#039;Arcachon\" class=\"uag-image-1343\" width=\"1024\" height=\"768\" title=\"\u9732\u8425\u6c60\" loading=\"lazy\" role=\"img\"><\/figure><\/div>\n<\/div>\n<\/div><\/div>\n\n\n\n<div style=\"height:60px\" aria-hidden=\"true\" class=\"wp-block-spacer\"><\/div>\n\n\n\n<div class=\"wp-block-uagb-container uagb-block-eaa47007 alignfull uagb-is-root-container\"><div class=\"uagb-container-inner-blocks-wrap\">\n<div class=\"wp-block-uagb-container uagb-block-a978a454\">\n<div class=\"wp-block-uagb-image uagb-block-05d2882c wp-block-uagb-image--layout-default wp-block-uagb-image--effect-static wp-block-uagb-image--align-none\"><figure class=\"wp-block-uagb-image__figure\"><img decoding=\"async\" srcset=\"https:\/\/bassin-arcachon.com\/wp-content\/uploads\/2020\/07\/ares-velos-1024x681-1.jpg \" sizes=\"auto, (max-width: 480px) 150px\" src=\"https:\/\/bassin-arcachon.com\/wp-content\/uploads\/2020\/07\/ares-velos-1024x681-1.jpg\" alt=\"- - Bassin d&#039;Arcachon\" class=\"uag-image-44403\" width=\"1024\" height=\"681\" title=\"- - Bassin d&#039;Arcachon\" loading=\"lazy\" role=\"img\"><\/figure><\/div>\n<\/div>\n\n\n\n<div class=\"wp-block-uagb-container uagb-block-ab746ba7\">\n<h2 class=\"wp-block-heading\">\u6211\u4eec\u7684\u9732\u8425\u5730\u53ef\u6b23\u8d4f\u963f\u96f7\u65af Bassin \u7684\u666f\u8272<\/h2>\n\n\n\n<p>\u5728\u6211\u4eec\u4f4d\u4e8e \u7684\u4e00\u5904\u9732\u8425\u5730\u7684\u6f7a\u6f7a\u6d41\u6c34\u58f0\u4e2d\u9192\u6765 <a href=\"https:\/\/bassin-arcachon.com\/zh\/%e6%88%91%e4%bb%ac%e7%9a%84%e5%9f%8e%e5%b8%82%e5%92%8c%e6%9d%91%e5%ba%84\/%e6%88%98%e7%a5%9e-2\/\">\u6218\u795e<\/a> \u53ef\u4ee5\u770b\u5230\u6cf3\u6c60\uff08\u6216\u9644\u8fd1\uff09\u7684\u666f\u8272\uff01\u89c2\u5bdf\u7b2c\u4e00\u8258\u9a73\u8239\u8d77\u822a\uff0c\u6839\u636e\u6f6e\u6c50\u7684\u4e0d\u540c\uff0c\u6bcf\u5929\u65e9\u6668\u60a8\u90fd\u4f1a\u770b\u5230\u4e0d\u540c\u7684\u98ce\u666f\uff01\u90a3\u4e48\uff0c\u4f60\u559c\u6b22\u5417\uff1f\u9009\u62e9\u6211\u4eec\u7684\u9732\u8425\u5730\u4e4b\u4e00\uff0c\u6b23\u8d4f\u963f\u96f7\u65af\u76c6\u5730\u7684\u666f\u8272\uff01<\/p>\n\n\n\n<div class=\"wp-block-buttons is-layout-flex wp-block-buttons-is-layout-flex\">\n<div class=\"wp-block-button\"><a class=\"wp-block-button__link wp-element-button\" href=\"https:\/\/bassin-arcachon.com\/zh\/%e4%bd%8f%e5%ae%bf-2\/%e9%9c%b2%e8%90%a5%e5%9c%b0%40ares%26amp%3bviewsea\/\">\u6d77\u6ee8\u9732\u8425\u5730<\/a><\/div>\n<\/div>\n<\/div>\n<\/div><\/div>\n\n\n\n<div style=\"height:60px\" aria-hidden=\"true\" class=\"wp-block-spacer\"><\/div>\n\n\n\n<div class=\"wp-block-uagb-container uagb-block-e4245f34 alignfull uagb-is-root-container\"><div class=\"uagb-container-inner-blocks-wrap\">\n<div class=\"wp-block-uagb-container uagb-block-550cde5c\">\n<h2 class=\"wp-block-heading\">\u6211\u4eec\u4f4d\u4e8e\u963f\u96f7\u65af\u63d0\u4f9b Wifi \u7684\u9732\u8425\u5730<\/h2>\n\n\n\n<p>\u60f3\u770b\u7535\u5f71\u6216\u5728\u793e\u4ea4\u5a92\u4f53\u4e0a\u5206\u4eab\u60a8\u7684\u5047\u671f\u7167\u7247\u5417\uff1f\u5728\u6211\u4eec\u7684\u963f\u96f7\u65af\u9732\u8425\u5730\u4eab\u7528 WiFi\uff01\u901a\u8fc7 Wifi \u8fde\u63a5\uff0c\u5728\u9732\u8425\u5730\u4fdd\u6301\u8054\u7cfb\u5e76\u7ec4\u7ec7\u60a8\u7684\u90ca\u6e38\uff0c\u795d\u60a8\u5ea6\u8fc7\u4e00\u4e2a\u68a6\u60f3\u5047\u671f\uff01\u9009\u62e9\u963f\u96f7\u65af (Ar\u00e8s) \u6709 Wifi \u7684\u9732\u8425\u5730\uff01<\/p>\n\n\n\n<div class=\"wp-block-buttons is-layout-flex wp-block-buttons-is-layout-flex\">\n<div class=\"wp-block-button\"><a class=\"wp-block-button__link wp-element-button\" href=\"https:\/\/bassin-arcachon.com\/zh\/%e4%bd%8f%e5%ae%bf-2\/%e8%90%a5%e5%9c%b0%40ares%26amp%3bwifi\/\">\u6709wifi\u7684\u9732\u8425\u5730<\/a><\/div>\n<\/div>\n<\/div>\n\n\n\n<div class=\"wp-block-uagb-container uagb-block-36439317\">\n<div class=\"wp-block-uagb-image uagb-block-e04e83d9 wp-block-uagb-image--layout-default wp-block-uagb-image--effect-static wp-block-uagb-image--align-none\"><figure class=\"wp-block-uagb-image__figure\"><img decoding=\"async\" srcset=\"https:\/\/bassin-arcachon.com\/wp-content\/uploads\/2017\/04\/ares-port-ostreicole-1024x768.jpg \" sizes=\"auto, (max-width: 480px) 150px\" src=\"https:\/\/bassin-arcachon.com\/wp-content\/uploads\/2017\/04\/ares-port-ostreicole-1024x768.jpg\" alt=\"- - Bassin d&#039;Arcachon\" class=\"uag-image-1162\" width=\"1024\" height=\"768\" title=\"- - Bassin d&#039;Arcachon\" loading=\"lazy\" role=\"img\"><\/figure><\/div>\n<\/div>\n<\/div><\/div>\n\n\n\n<div style=\"height:60px\" aria-hidden=\"true\" class=\"wp-block-spacer\"><\/div>\n\n\n\n<div class=\"wp-block-uagb-container uagb-block-ca0feb9e alignfull uagb-is-root-container\">\n<div class=\"wp-block-cover is-light has-parallax\"><span aria-hidden=\"true\" class=\"wp-block-cover__background has-background-dim-0 has-background-dim\"><\/span><div class=\"wp-block-cover__image-background wp-image-1345 has-parallax\" style=\"background-position:50% 50%;background-image:url(https:\/\/bassin-arcachon.com\/wp-content\/uploads\/2017\/03\/Camping-Panorama-du-Pyla-cottage-vue-mer-coin-farniente.jpg)\"><\/div><div class=\"wp-block-cover__inner-container is-layout-flow wp-block-cover-is-layout-flow\">\n<div class=\"wp-block-uagb-container uagb-block-5b189076\">\n<h2 class=\"wp-block-heading has-text-align-center has-white-color has-text-color has-large-font-size\">\u5728\u963f\u5361\u96c4\u7684 Bassin \u9732\u8425\u5730\u4e4b\u4e00\u8f7b\u677e\u5ea6\u8fc7\u5047\u671f\uff01<\/h2>\n\n\n\n<p class=\"has-text-align-center has-white-color has-text-color\"><a href=\"https:\/\/bassin-arcachon.com\/zh\/%e4%bd%8f%e5%ae%bf-2\/%e8%90%a5%e5%9c%b0\/\">\u5f00\u59cb\u60a8\u7684\u641c\u7d22<\/a><\/p>\n<\/div>\n<\/div><\/div>\n<\/div>\n\n\n\n<div style=\"height:60px\" aria-hidden=\"true\" class=\"wp-block-spacer\"><\/div>\n\n\n\n<div class=\"wp-block-uagb-container uagb-block-02e6a164 alignfull uagb-is-root-container\"><div class=\"uagb-container-inner-blocks-wrap\">\n<div class=\"wp-block-uagb-container uagb-block-8edb6d7d\">\n<h3 class=\"wp-block-heading\">\u60a8\u60f3\u9884\u8ba2\u963f\u96f7\u65af\u9644\u8fd1\u7684\u9732\u8425\u5730\u5417\uff1f<\/h3>\n\n\n\n<p>\u53d1\u73b0\u6211\u4eec\u5728 Bassin Arcachon \u7684\u6240\u6709\u9732\u8425\u5730\uff1a&nbsp;<a href=\"https:\/\/bassin-arcachon.com\/zh\/%e4%bd%8f%e5%ae%bf-2\/%e9%85%92%e5%ba%97-2+%e5%8b%92%e6%b3%b0%e5%85%8b\/\">Le Teich<\/a>,&nbsp;<a href=\"https:\/\/bassin-arcachon.com\/zh\/%e4%bd%8f%e5%ae%bf-2\/%e9%85%92%e5%ba%97-2+%e9%98%bf%e5%8d%a1%e9%9b%84\/\">\u963f\u5361\u96c4<\/a>,&nbsp;<a href=\"https:\/\/bassin-arcachon.com\/zh\/%e4%bd%8f%e5%ae%bf-2\/%e9%85%92%e5%ba%97-2+%e6%89%b9%e9%87%8f%e6%b5%8b%e8%af%95\/\">La Teste de Buch<\/a>,&nbsp;<a href=\"https:\/\/bassin-arcachon.com\/zh\/%e4%bd%8f%e5%ae%bf-2\/%e9%85%92%e5%ba%97-2+%e5%ae%89%e5%be%b7%e8%af%ba%e6%96%af\/\">\u5b89\u5fb7\u8bfa\u65af<\/a>,&nbsp;<a href=\"https:\/\/bassin-arcachon.com\/zh\/%e4%bd%8f%e5%ae%bf-2\/%e9%85%92%e5%ba%97-2+%e5%8f%a4%e8%ae%a9%e6%a2%85%e6%96%af%e7%89%b9%e6%8b%89%e6%96%af\/\">Gujan-Mestras,<\/a>&nbsp;<a href=\"https:\/\/bassin-arcachon.com\/zh\/%e4%bd%8f%e5%ae%bf-2\/%e9%85%92%e5%ba%97-2+%e7%9b%86%e5%9c%b0%e4%b9%8b%e5%bf%83\/\">\u6bd4\u52a0\u8bfa\u65af<\/a>&nbsp;<a href=\"https:\/\/bassin-arcachon.com\/zh\/%e4%bd%8f%e5%ae%bf-2\/%e9%85%92%e5%ba%97-2+%e7%9b%86%e5%9c%b0%e4%b9%8b%e5%bf%83\/\">\u5965\u767b\u683c<\/a>,<a href=\"https:\/\/bassin-arcachon.com\/zh\/%e4%bd%8f%e5%ae%bf-2\/%e9%85%92%e5%ba%97-2+%e7%9b%86%e5%9c%b0%e4%b9%8b%e5%bf%83\/\">&nbsp;\u5170\u987f&nbsp;<\/a>\u548c&nbsp;<a href=\"https:\/\/bassin-arcachon.com\/zh\/%e4%bd%8f%e5%ae%bf-2\/%e9%85%92%e5%ba%97-2+lege-cap-ferret\/\">\u96ea\u8c82<\/a>&nbsp;!<\/p>\n<\/div>\n\n\n\n<div class=\"wp-block-uagb-container uagb-block-2e52a006\">\n<div class=\"wp-block-uagb-image uagb-block-a755267c wp-block-uagb-image--layout-default wp-block-uagb-image--effect-static wp-block-uagb-image--align-none\"><figure class=\"wp-block-uagb-image__figure\"><img decoding=\"async\" srcset=\"https:\/\/bassin-arcachon.com\/wp-content\/uploads\/2018\/09\/nourri-a-lhu\u00eetre-\u00e9lev\u00e9-sous-les-pins-Bassin-dArcachon.jpg 1000w, https:\/\/bassin-arcachon.com\/wp-content\/uploads\/2018\/09\/nourri-a-lhu\u00eetre-\u00e9lev\u00e9-sous-les-pins-Bassin-dArcachon-600x400.jpg 600w, https:\/\/bassin-arcachon.com\/wp-content\/uploads\/2018\/09\/nourri-a-lhu\u00eetre-\u00e9lev\u00e9-sous-les-pins-Bassin-dArcachon-768x511.jpg 768w, https:\/\/bassin-arcachon.com\/wp-content\/uploads\/2018\/09\/nourri-a-lhu\u00eetre-\u00e9lev\u00e9-sous-les-pins-Bassin-dArcachon-18x12.jpg 18w\" sizes=\"auto, (max-width: 480px) 150px\" src=\"https:\/\/bassin-arcachon.com\/wp-content\/uploads\/2018\/09\/nourri-a-lhu\u00eetre-\u00e9lev\u00e9-sous-les-pins-Bassin-dArcachon.jpg\" alt=\"- - Bassin d&#039;Arcachon\" class=\"uag-image-26169\" width=\"1000\" height=\"666\" title=\"- - Bassin d&#039;Arcachon\" loading=\"lazy\" role=\"img\"><\/figure><\/div>\n<\/div>\n<\/div><\/div>\n\n\n\n<div style=\"height:60px\" aria-hidden=\"true\" class=\"wp-block-spacer\"><\/div>","protected":false},"excerpt":{"rendered":"<p>Nos campings avec piscine \u00e0 Ar\u00e8s A deux ou en famille, profitez d\u2019un moment 100% d\u00e9tente au bord de la piscine apr\u00e8s une journ\u00e9e dans l\u2019eau saline du bassin ! [&hellip;]<\/p>\n","protected":false},"author":25,"featured_media":2217,"parent":392,"menu_order":1,"comment_status":"closed","ping_status":"closed","template":"","meta":{"_acf_changed":false,"_uag_custom_page_level_css":"","footnotes":""},"class_list":["post-44455","page","type-page","status-publish","has-post-thumbnail","hentry"],"acf":[],"uagb_featured_image_src":{"full":["https:\/\/bassin-arcachon.com\/wp-content\/uploads\/2017\/03\/camping-bassin-arcachon.jpg",1200,800,false],"thumbnail":["https:\/\/bassin-arcachon.com\/wp-content\/uploads\/2017\/03\/camping-bassin-arcachon-150x150.jpg",150,150,true],"medium":["https:\/\/bassin-arcachon.com\/wp-content\/uploads\/2017\/03\/camping-bassin-arcachon-600x400.jpg",600,400,true],"medium_large":["https:\/\/bassin-arcachon.com\/wp-content\/uploads\/2017\/03\/camping-bassin-arcachon-768x512.jpg",768,512,true],"large":["https:\/\/bassin-arcachon.com\/wp-content\/uploads\/2017\/03\/camping-bassin-arcachon-1024x683.jpg",1024,683,true],"1536x1536":["https:\/\/bassin-arcachon.com\/wp-content\/uploads\/2017\/03\/camping-bassin-arcachon.jpg",1200,800,false],"2048x2048":["https:\/\/bassin-arcachon.com\/wp-content\/uploads\/2017\/03\/camping-bassin-arcachon.jpg",1200,800,false],"trp-custom-language-flag":["https:\/\/bassin-arcachon.com\/wp-content\/uploads\/2017\/03\/camping-bassin-arcachon-18x12.jpg",18,12,true]},"uagb_author_info":{"display_name":"Marie Clauzel","author_link":"https:\/\/bassin-arcachon.com\/zh\/author\/mariesiba\/"},"uagb_comment_info":0,"uagb_excerpt":"Nos campings avec piscine \u00e0 Ar\u00e8s A deux ou en famille, profitez d\u2019un moment 100% d\u00e9tente au bord de la piscine apr\u00e8s une journ\u00e9e dans l\u2019eau saline du bassin ! [&hellip;]","_links":{"self":[{"href":"https:\/\/bassin-arcachon.com\/zh\/wp-json\/wp\/v2\/pages\/44455","targetHints":{"allow":["GET"]}}],"collection":[{"href":"https:\/\/bassin-arcachon.com\/zh\/wp-json\/wp\/v2\/pages"}],"about":[{"href":"https:\/\/bassin-arcachon.com\/zh\/wp-json\/wp\/v2\/types\/page"}],"author":[{"embeddable":true,"href":"https:\/\/bassin-arcachon.com\/zh\/wp-json\/wp\/v2\/users\/25"}],"replies":[{"embeddable":true,"href":"https:\/\/bassin-arcachon.com\/zh\/wp-json\/wp\/v2\/comments?post=44455"}],"version-history":[{"count":4,"href":"https:\/\/bassin-arcachon.com\/zh\/wp-json\/wp\/v2\/pages\/44455\/revisions"}],"predecessor-version":[{"id":68271,"href":"https:\/\/bassin-arcachon.com\/zh\/wp-json\/wp\/v2\/pages\/44455\/revisions\/68271"}],"up":[{"embeddable":true,"href":"https:\/\/bassin-arcachon.com\/zh\/wp-json\/wp\/v2\/pages\/392"}],"wp:featuredmedia":[{"embeddable":true,"href":"https:\/\/bassin-arcachon.com\/zh\/wp-json\/wp\/v2\/media\/2217"}],"wp:attachment":[{"href":"https:\/\/bassin-arcachon.com\/zh\/wp-json\/wp\/v2\/media?parent=44455"}],"curies":[{"name":"\u53ef\u6e7f\u6027\u7c89\u5242","href":"https:\/\/api.w.org\/{rel}","templated":true}]}}