{"id":44472,"date":"2020-07-06T15:25:39","date_gmt":"2020-07-06T13:25:39","guid":{"rendered":"https:\/\/bassin-arcachon.com\/\/?page_id=44472"},"modified":"2024-11-06T11:43:52","modified_gmt":"2024-11-06T10:43:52","slug":"%e5%8f%a4%e8%ae%a9%e6%a2%85%e6%96%af%e7%89%b9%e6%8b%89%e6%96%af","status":"publish","type":"page","link":"https:\/\/bassin-arcachon.com\/zh\/ou-dormir\/camping\/gujan-mestras\/","title":{"rendered":"\u6211\u4eec\u5728 Gujan-Mestras \u7684\u9732\u8425\u5730"},"content":{"rendered":"<div class=\"wp-block-uagb-container uagb-block-1f341a00 alignfull uagb-is-root-container\"><div class=\"uagb-container-inner-blocks-wrap\">\n<div class=\"wp-block-uagb-container uagb-block-907f347f\">\n<h2 class=\"wp-block-heading\">\u6211\u4eec\u5728 Gujan-Mestras \u7684\u9732\u8425\u5730\u4e0e\u60a8\u7684\u5ba0\u7269\u4e00\u8d77<\/h2>\n\n\n\n<p>\u548c\u60a8\u7684\u5ba0\u7269\u4e00\u8d77\u53bb\u6211\u4eec\u7684\u5ea6\u5047\u80dc\u5730&nbsp;<strong>\u8425\u5730&nbsp;<\/strong>\u5728<strong>&nbsp;\u5c45\u8ba9\u6885\u65af\u7279\u62c9\u6216\u9644\u8fd1<\/strong>&nbsp;\uff01\u5728\u6c99\u4e18\u548c\u68ee\u6797\u4e4b\u95f4\uff0c\u4f60\u7684&nbsp;<strong>\u52a8\u7269<\/strong>&nbsp;\u5c06\u6709\u8db3\u591f\u7684\u7a7a\u95f4\u73a9\u5f97\u5f00\u5fc3\uff01\u6f2b\u6b65&nbsp;<a href=\"https:\/\/bassin-arcachon.com\/zh\/%e6%88%91%e4%bb%ac%e7%9a%84%e5%bf%85%e9%9c%80%e5%93%81\/%e6%b2%99%e6%bb%a9\/\" target=\"_blank\" rel=\"noreferrer noopener\">Bassin \u7684\u8303\u56f4\u4e4b\u4e00<\/a>&nbsp;\u548c\u4f60\u7684&nbsp;<strong>\u52a8\u7269<\/strong>&nbsp;\u5e76\u5728\u60a8\u7684\u5bb6\u4e2d\u5ea6\u8fc7\u96be\u5fd8\u7684\u5047\u671f&nbsp;<strong>\u91ce\u8425<\/strong>&nbsp;\u5728\u7684\u5fc3\u810f&nbsp;<strong>\u53e4\u8ba9-\u6885\u65af\u7279\u62c9<\/strong>\uff0c\u966a\u4f34\u5728\u60a8\u6700\u5fe0\u5b9e\u7684\u4f19\u4f34\u8eab\u8fb9\uff01<\/p>\n\n\n\n<div class=\"wp-block-buttons is-layout-flex wp-block-buttons-is-layout-flex\">\n<div class=\"wp-block-button\"><a class=\"wp-block-button__link wp-element-button\" href=\"https:\/\/bassin-arcachon.com\/zh\/%e4%bd%8f%e5%ae%bf-2\/%e9%9c%b2%e8%90%a5%e5%9c%b0gujan-mestrasanimals\/\">\u5e26\u5ba0\u7269\u9732\u8425<\/a><\/div>\n<\/div>\n<\/div>\n\n\n\n<div class=\"wp-block-uagb-container uagb-block-d3e84a1a\">\n<div class=\"wp-block-uagb-image uagb-block-2e8de19e wp-block-uagb-image--layout-default wp-block-uagb-image--effect-static wp-block-uagb-image--align-none\"><figure class=\"wp-block-uagb-image__figure\"><img decoding=\"async\" srcset=\"https:\/\/bassin-arcachon.com\/wp-content\/uploads\/2017\/02\/IMG_04b_LaMolle-1024x683.jpg \" sizes=\"auto, (max-width: 480px) 150px\" src=\"https:\/\/bassin-arcachon.com\/wp-content\/uploads\/2017\/02\/IMG_04b_LaMolle-1024x683.jpg\" alt=\"\u5c45\u8ba9\u6885\u65af\u7279\u62c9\u65af\u6e2f\" class=\"uag-image-7219\" width=\"1024\" height=\"683\" title=\"- - Bassin d&#039;Arcachon\" loading=\"lazy\" role=\"img\"><\/figure><\/div>\n<\/div>\n<\/div><\/div>\n\n\n\n<div style=\"height:60px\" aria-hidden=\"true\" class=\"wp-block-spacer\"><\/div>\n\n\n\n<div class=\"wp-block-uagb-container uagb-block-fcce26e9 alignfull uagb-is-root-container\"><div class=\"uagb-container-inner-blocks-wrap\">\n<div class=\"wp-block-uagb-container uagb-block-556263d3\">\n<div class=\"wp-block-uagb-image uagb-block-f9eb4601 wp-block-uagb-image--layout-default wp-block-uagb-image--effect-static wp-block-uagb-image--align-none\"><figure class=\"wp-block-uagb-image__figure\"><img decoding=\"async\" srcset=\"https:\/\/bassin-arcachon.com\/wp-content\/uploads\/2017\/03\/Camping-Panorama-du-Pyla-vue-mer-1024x683.jpg \" sizes=\"auto, (max-width: 480px) 150px\" src=\"https:\/\/bassin-arcachon.com\/wp-content\/uploads\/2017\/03\/Camping-Panorama-du-Pyla-vue-mer-1024x683.jpg\" alt=\"- - Bassin d&#039;Arcachon\" class=\"uag-image-1336\" width=\"1024\" height=\"683\" title=\"- - Bassin d&#039;Arcachon\" loading=\"lazy\" role=\"img\"><\/figure><\/div>\n<\/div>\n\n\n\n<div class=\"wp-block-uagb-container uagb-block-ceee1af7\">\n<h2 class=\"wp-block-heading\">\u6211\u4eec\u5728 Gujan-Mestras \u7684\u9732\u8425\u5730\u8bbe\u6709\u623f\u8f66\u8425\u5730<\/h2>\n\n\n\n<p>\u5728\u60a8\u7684\u8239\u4e0a\u5ea6\u8fc7\u4e00\u4e2a\u975e\u51e1\u7684\u5047\u671f&nbsp;<strong>\u9732\u8425\u8f66<\/strong>&nbsp;\uff01\u9884\u5b9a\u4f60\u7684\u7403\u573a&nbsp;<strong>\u91ce\u8425<\/strong>&nbsp;\u7684&nbsp;<strong>\u53e4\u8ba9-\u6885\u65af\u7279\u62c9<\/strong>&nbsp;\u5e76\u5728 Bassin \u4e0a\u5206\u4eab\u7279\u522b\u7684\u5bb6\u5ead\u65f6\u523b\u3002\u5728\u6c99\u6ee9\u4e0a\u548c\u6c34\u8fb9\uff0c\u9009\u62e9\u9002\u5408\u60a8\u7684\u88c5\u9970\uff0c\u8ba9\u60a8\u4ece\u60a8\u7684\u751f\u6d3b\u4e2d\u9192\u6765\uff0c\u5ea6\u8fc7\u96be\u5fd8\u7684\u65f6\u5149&nbsp;<strong>\u9732\u8425\u8f66&nbsp;<\/strong>!<\/p>\n\n\n\n<div class=\"wp-block-buttons is-layout-flex wp-block-buttons-is-layout-flex\">\n<div class=\"wp-block-button\"><a class=\"wp-block-button__link wp-element-button\" href=\"https:\/\/bassin-arcachon.com\/zh\/%e4%bd%8f%e5%ae%bf-2\/%e9%9c%b2%e8%90%a5%e5%9c%b0gujan-mestras\/\">\u5e26\u623f\u8f66\u8425\u5730\u7684\u9732\u8425\u5730<\/a><\/div>\n<\/div>\n<\/div>\n<\/div><\/div>\n\n\n\n<div style=\"height:60px\" aria-hidden=\"true\" class=\"wp-block-spacer\"><\/div>\n\n\n\n<div class=\"wp-block-uagb-container uagb-block-8baa74f7 alignfull uagb-is-root-container\"><div class=\"uagb-container-inner-blocks-wrap\">\n<div class=\"wp-block-uagb-container uagb-block-6ff0a6f8\">\n<h2 class=\"wp-block-heading\">\u6211\u4eec\u5728 Gujan-Mestras \u5e26\u6e38\u6cf3\u6c60\u7684\u9732\u8425\u5730<\/h2>\n\n\n\n<p>\u60f3\u8c61\u4e00\u4e0b\u4f60\u7684\u5047\u671f&nbsp;<strong>\u91ce\u8425<\/strong>&nbsp;\u5728\u7684\u4e00\u8fb9&nbsp;<strong>\u6e38\u6cf3\u6c60<\/strong>, \u9002\u5408\u5168\u5bb6\u4eba\u7684\u6b3e\u5f85\uff1a\u5c0f\u578b\u548c\u5927\u578b\u6e38\u6cf3\u6c60\u3001\u6c34\u4e0a\u6e38\u620f\u548c\u8eba\u6905\uff0c\u6211\u4eec\u7684&nbsp;<strong>\u8425\u5730<\/strong>&nbsp;\u7684&nbsp;<strong>\u5c45\u8ba9\u6885\u65af\u7279\u62c9\u6216\u5468\u8fb9<\/strong>&nbsp;\u8ba9\u60a8\u7684\u5047\u671f\u771f\u6b63\u8ff7\u4eba\uff01\u8ddd\u76c6\u5730\u4ec5\u4e00\u7bad\u4e4b\u9065\uff0c\u88ab\u5927\u81ea\u7136\u73af\u7ed5\uff0c\u4eab\u53d7\u5e73\u9759\u6e05\u6f88\u7684\u6c34\u57df&nbsp;<strong>\u6e38\u6cf3\u6c60<\/strong>&nbsp;\u4f60\u7684&nbsp;<strong>\u91ce\u8425<\/strong>&nbsp;!<\/p>\n\n\n\n<div class=\"wp-block-buttons is-layout-flex wp-block-buttons-is-layout-flex\">\n<div class=\"wp-block-button\"><a class=\"wp-block-button__link wp-element-button\" href=\"https:\/\/bassin-arcachon.com\/zh\/%e4%bd%8f%e5%ae%bf-2\/%e5%8f%a4%e6%89%ac%e6%a2%85%e6%96%af%e7%89%b9%e6%8b%89%e9%9c%b2%e8%90%a5%e5%9c%b0%e6%b8%b8%e6%b3%b3%e6%b1%a0\/\">\u5e26\u6e38\u6cf3\u6c60\u7684\u9732\u8425\u5730<\/a><\/div>\n<\/div>\n<\/div>\n\n\n\n<div class=\"wp-block-uagb-container uagb-block-ecb83634\">\n<div class=\"wp-block-uagb-image uagb-block-4aef9e7b wp-block-uagb-image--layout-default wp-block-uagb-image--effect-static wp-block-uagb-image--align-none\"><figure class=\"wp-block-uagb-image__figure\"><img decoding=\"async\" srcset=\"https:\/\/bassin-arcachon.com\/wp-content\/uploads\/2017\/02\/IMG_28_Canal-1024x683.jpg \" sizes=\"auto, (max-width: 480px) 150px\" src=\"https:\/\/bassin-arcachon.com\/wp-content\/uploads\/2017\/02\/IMG_28_Canal-1024x683.jpg\" alt=\"- - Bassin d&#039;Arcachon\" class=\"uag-image-6995\" width=\"1024\" height=\"683\" title=\"- - Bassin d&#039;Arcachon\" loading=\"lazy\" role=\"img\"><\/figure><\/div>\n<\/div>\n<\/div><\/div>\n\n\n\n<div style=\"height:60px\" aria-hidden=\"true\" class=\"wp-block-spacer\"><\/div>\n\n\n\n<div class=\"wp-block-uagb-container uagb-block-041c39c5 alignfull uagb-is-root-container\">\n<div class=\"wp-block-cover is-light has-parallax\"><span aria-hidden=\"true\" class=\"wp-block-cover__background has-background-dim-0 has-background-dim\"><\/span><div class=\"wp-block-cover__image-background wp-image-1345 has-parallax\" style=\"background-position:50% 50%;background-image:url(https:\/\/bassin-arcachon.com\/wp-content\/uploads\/2017\/03\/Camping-Panorama-du-Pyla-cottage-vue-mer-coin-farniente.jpg)\"><\/div><div class=\"wp-block-cover__inner-container is-layout-flow wp-block-cover-is-layout-flow\">\n<div class=\"wp-block-uagb-container uagb-block-ae6479e7\">\n<h2 class=\"wp-block-heading has-text-align-center has-white-color has-text-color has-large-font-size\">\u5728\u963f\u5361\u96c4\u7684 Bassin \u9732\u8425\u5730\u4e4b\u4e00\u8f7b\u677e\u5ea6\u8fc7\u5047\u671f\uff01<\/h2>\n\n\n\n<p class=\"has-text-align-center has-white-color has-text-color\"><a href=\"https:\/\/bassin-arcachon.com\/zh\/%e4%bd%8f%e5%ae%bf-2\/%e8%90%a5%e5%9c%b0\/\">\u5f00\u59cb\u60a8\u7684\u641c\u7d22<\/a><\/p>\n<\/div>\n<\/div><\/div>\n<\/div>\n\n\n\n<div style=\"height:60px\" aria-hidden=\"true\" class=\"wp-block-spacer\"><\/div>\n\n\n\n<div class=\"wp-block-uagb-container uagb-block-02e6a164 alignfull uagb-is-root-container\"><div class=\"uagb-container-inner-blocks-wrap\">\n<div class=\"wp-block-uagb-container uagb-block-8edb6d7d\">\n<h3 class=\"wp-block-heading\">\u60a8\u60f3\u9884\u8ba2 Gujan-Mestras \u9644\u8fd1\u7684\u9732\u8425\u5730\u5417\uff1f<\/h3>\n\n\n\n<p>\u53d1\u73b0\u6211\u4eec\u5728 Bassin Arcachon \u7684\u6240\u6709\u9732\u8425\u5730\uff1a&nbsp;<a href=\"https:\/\/bassin-arcachon.com\/zh\/%e4%bd%8f%e5%ae%bf-2\/%e9%85%92%e5%ba%97-2+%e6%88%98%e7%a5%9e-2\/\">\u6218\u795e<\/a>,&nbsp;<a href=\"https:\/\/bassin-arcachon.com\/zh\/%e4%bd%8f%e5%ae%bf-2\/%e9%85%92%e5%ba%97-2+%e9%98%bf%e5%8d%a1%e9%9b%84\/\">\u963f\u5361\u96c4<\/a>,&nbsp;<a href=\"https:\/\/bassin-arcachon.com\/zh\/%e4%bd%8f%e5%ae%bf-2\/%e9%85%92%e5%ba%97-2+%e6%89%b9%e9%87%8f%e6%b5%8b%e8%af%95\/\">La Teste de Buch<\/a>,&nbsp;<a href=\"https:\/\/bassin-arcachon.com\/zh\/%e4%bd%8f%e5%ae%bf-2\/%e9%85%92%e5%ba%97-2+%e5%ae%89%e5%be%b7%e8%af%ba%e6%96%af\/\">\u5b89\u5fb7\u8bfa\u65af<\/a>,&nbsp;<a href=\"https:\/\/bassin-arcachon.com\/zh\/%e4%bd%8f%e5%ae%bf-2\/%e9%85%92%e5%ba%97-2+%e5%8b%92%e6%b3%b0%e5%85%8b\/\">Le Teich\uff0c<\/a>&nbsp;<a href=\"https:\/\/bassin-arcachon.com\/zh\/%e4%bd%8f%e5%ae%bf-2\/%e9%85%92%e5%ba%97-2+%e7%9b%86%e5%9c%b0%e4%b9%8b%e5%bf%83\/\">\u6bd4\u52a0\u8bfa\u65af<\/a>&nbsp;<a href=\"https:\/\/bassin-arcachon.com\/zh\/%e4%bd%8f%e5%ae%bf-2\/%e9%85%92%e5%ba%97-2+%e7%9b%86%e5%9c%b0%e4%b9%8b%e5%bf%83\/\">\u5965\u767b\u683c<\/a>,<a href=\"https:\/\/bassin-arcachon.com\/zh\/%e4%bd%8f%e5%ae%bf-2\/%e9%85%92%e5%ba%97-2+%e7%9b%86%e5%9c%b0%e4%b9%8b%e5%bf%83\/\">&nbsp;\u5170\u987f&nbsp;<\/a>\u548c&nbsp;<a href=\"https:\/\/bassin-arcachon.com\/zh\/%e4%bd%8f%e5%ae%bf-2\/%e9%85%92%e5%ba%97-2+lege-cap-ferret\/\">\u96ea\u8c82<\/a>&nbsp;!<\/p>\n<\/div>\n\n\n\n<div class=\"wp-block-uagb-container uagb-block-2e52a006\">\n<div class=\"wp-block-uagb-image uagb-block-a755267c wp-block-uagb-image--layout-default wp-block-uagb-image--effect-static wp-block-uagb-image--align-none\"><figure class=\"wp-block-uagb-image__figure\"><img decoding=\"async\" srcset=\"https:\/\/bassin-arcachon.com\/wp-content\/uploads\/2018\/09\/nourri-a-lhu\u00eetre-\u00e9lev\u00e9-sous-les-pins-Bassin-dArcachon.jpg 1000w, https:\/\/bassin-arcachon.com\/wp-content\/uploads\/2018\/09\/nourri-a-lhu\u00eetre-\u00e9lev\u00e9-sous-les-pins-Bassin-dArcachon-600x400.jpg 600w, https:\/\/bassin-arcachon.com\/wp-content\/uploads\/2018\/09\/nourri-a-lhu\u00eetre-\u00e9lev\u00e9-sous-les-pins-Bassin-dArcachon-768x511.jpg 768w, https:\/\/bassin-arcachon.com\/wp-content\/uploads\/2018\/09\/nourri-a-lhu\u00eetre-\u00e9lev\u00e9-sous-les-pins-Bassin-dArcachon-18x12.jpg 18w\" sizes=\"auto, (max-width: 480px) 150px\" src=\"https:\/\/bassin-arcachon.com\/wp-content\/uploads\/2018\/09\/nourri-a-lhu\u00eetre-\u00e9lev\u00e9-sous-les-pins-Bassin-dArcachon.jpg\" alt=\"- - Bassin d&#039;Arcachon\" class=\"uag-image-26169\" width=\"1000\" height=\"666\" title=\"- - Bassin d&#039;Arcachon\" loading=\"lazy\" role=\"img\"><\/figure><\/div>\n<\/div>\n<\/div><\/div>\n\n\n\n<div style=\"height:60px\" aria-hidden=\"true\" class=\"wp-block-spacer\"><\/div>","protected":false},"excerpt":{"rendered":"<p>Nos campings \u00e0 Gujan-Mestras avec vos animaux de compagnie Partez en vacances avec votre animal de compagnie dans un de nos&nbsp;campings&nbsp;\u00e0&nbsp;Gujan-Mestras, ou \u00e0 proximit\u00e9&nbsp;! Entre dunes et for\u00eat, vos&nbsp;animaux&nbsp;auront bien [&hellip;]<\/p>\n","protected":false},"author":25,"featured_media":2217,"parent":392,"menu_order":1,"comment_status":"closed","ping_status":"closed","template":"","meta":{"_acf_changed":false,"_uag_custom_page_level_css":"","footnotes":""},"class_list":["post-44472","page","type-page","status-publish","has-post-thumbnail","hentry"],"acf":[],"uagb_featured_image_src":{"full":["https:\/\/bassin-arcachon.com\/wp-content\/uploads\/2017\/03\/camping-bassin-arcachon.jpg",1200,800,false],"thumbnail":["https:\/\/bassin-arcachon.com\/wp-content\/uploads\/2017\/03\/camping-bassin-arcachon-150x150.jpg",150,150,true],"medium":["https:\/\/bassin-arcachon.com\/wp-content\/uploads\/2017\/03\/camping-bassin-arcachon-600x400.jpg",600,400,true],"medium_large":["https:\/\/bassin-arcachon.com\/wp-content\/uploads\/2017\/03\/camping-bassin-arcachon-768x512.jpg",768,512,true],"large":["https:\/\/bassin-arcachon.com\/wp-content\/uploads\/2017\/03\/camping-bassin-arcachon-1024x683.jpg",1024,683,true],"1536x1536":["https:\/\/bassin-arcachon.com\/wp-content\/uploads\/2017\/03\/camping-bassin-arcachon.jpg",1200,800,false],"2048x2048":["https:\/\/bassin-arcachon.com\/wp-content\/uploads\/2017\/03\/camping-bassin-arcachon.jpg",1200,800,false],"trp-custom-language-flag":["https:\/\/bassin-arcachon.com\/wp-content\/uploads\/2017\/03\/camping-bassin-arcachon-18x12.jpg",18,12,true]},"uagb_author_info":{"display_name":"Marie Clauzel","author_link":"https:\/\/bassin-arcachon.com\/zh\/author\/mariesiba\/"},"uagb_comment_info":0,"uagb_excerpt":"Nos campings \u00e0 Gujan-Mestras avec vos animaux de compagnie Partez en vacances avec votre animal de compagnie dans un de nos&nbsp;campings&nbsp;\u00e0&nbsp;Gujan-Mestras, ou \u00e0 proximit\u00e9&nbsp;! Entre dunes et for\u00eat, vos&nbsp;animaux&nbsp;auront bien [&hellip;]","_links":{"self":[{"href":"https:\/\/bassin-arcachon.com\/zh\/wp-json\/wp\/v2\/pages\/44472","targetHints":{"allow":["GET"]}}],"collection":[{"href":"https:\/\/bassin-arcachon.com\/zh\/wp-json\/wp\/v2\/pages"}],"about":[{"href":"https:\/\/bassin-arcachon.com\/zh\/wp-json\/wp\/v2\/types\/page"}],"author":[{"embeddable":true,"href":"https:\/\/bassin-arcachon.com\/zh\/wp-json\/wp\/v2\/users\/25"}],"replies":[{"embeddable":true,"href":"https:\/\/bassin-arcachon.com\/zh\/wp-json\/wp\/v2\/comments?post=44472"}],"version-history":[{"count":2,"href":"https:\/\/bassin-arcachon.com\/zh\/wp-json\/wp\/v2\/pages\/44472\/revisions"}],"predecessor-version":[{"id":68275,"href":"https:\/\/bassin-arcachon.com\/zh\/wp-json\/wp\/v2\/pages\/44472\/revisions\/68275"}],"up":[{"embeddable":true,"href":"https:\/\/bassin-arcachon.com\/zh\/wp-json\/wp\/v2\/pages\/392"}],"wp:featuredmedia":[{"embeddable":true,"href":"https:\/\/bassin-arcachon.com\/zh\/wp-json\/wp\/v2\/media\/2217"}],"wp:attachment":[{"href":"https:\/\/bassin-arcachon.com\/zh\/wp-json\/wp\/v2\/media?parent=44472"}],"curies":[{"name":"\u53ef\u6e7f\u6027\u7c89\u5242","href":"https:\/\/api.w.org\/{rel}","templated":true}]}}