{"id":44476,"date":"2020-07-06T15:34:53","date_gmt":"2020-07-06T13:34:53","guid":{"rendered":"https:\/\/bassin-arcachon.com\/\/?page_id=44476"},"modified":"2024-11-06T11:46:21","modified_gmt":"2024-11-06T10:46:21","slug":"%e5%ae%89%e5%be%b7%e8%af%ba%e6%96%af","status":"publish","type":"page","link":"https:\/\/bassin-arcachon.com\/zh\/ou-dormir\/camping\/andernos\/","title":{"rendered":"\u6211\u4eec\u5728\u5b89\u5fb7\u8bfa\u65af\u7684\u9732\u8425\u5730"},"content":{"rendered":"<div class=\"wp-block-uagb-container uagb-block-4541dbad alignfull uagb-is-root-container\"><div class=\"uagb-container-inner-blocks-wrap\">\n<div class=\"wp-block-uagb-container uagb-block-63ecadd0\">\n<h2 class=\"wp-block-heading\">\u6211\u4eec\u4f4d\u4e8e\u5b89\u5fb7\u8bfa\u65af\u7684\u9732\u8425\u5730\uff0c\u53ef\u6b23\u8d4f Bassin \u666f\u89c2<\/h2>\n\n\n\n<p>\u5bf9\u4e8e\u6c34\u8fb9\u72ec\u7279\u7684\u62ec\u53f7\uff0c\u60a8\u6765\u5bf9\u5730\u65b9\u4e86\uff01\u60f3\u8c61\u4e00\u4e0b\u60a8\u5728\u5b89\u5fb7\u8bfa\u65af\u7684\u4e0b\u4e00\u6b21\u9732\u8425\u5047\u671f\uff1a\u76c6\u5730\u7684\u5168\u666f\uff0c\u5728\u6f7a\u6f7a\u7684\u6c34\u58f0\u4e2d\u9192\u6765\u2026\u2026\u60a8\u5fc3\u52a8\u4e86\u5417\uff1f\u9009\u62e9\u4f4d\u4e8e Bassin \u8fb9\u7f18\u7684\u9732\u8425\u5730\uff0c\u53ef\u76f4\u63a5\u524d\u5f80\u6d77\u6ee9\uff01<\/p>\n\n\n\n<div class=\"wp-block-buttons is-layout-flex wp-block-buttons-is-layout-flex\">\n<div class=\"wp-block-button\"><a class=\"wp-block-button__link wp-element-button\" href=\"https:\/\/bassin-arcachon.com\/zh\/%e4%bd%8f%e5%ae%bf-2\/%e9%9c%b2%e8%90%a5%e5%9c%b0%40andernos-les-bains%26amp%3b%e6%b5%b7%e6%99%af\/\">\u6d77\u6ee8\u9732\u8425\u5730<\/a><\/div>\n<\/div>\n<\/div>\n\n\n\n<div class=\"wp-block-uagb-container uagb-block-57d40c15\">\n<div class=\"wp-block-uagb-image uagb-block-1e0e6829 wp-block-uagb-image--layout-default wp-block-uagb-image--effect-static wp-block-uagb-image--align-none\"><figure class=\"wp-block-uagb-image__figure\"><img decoding=\"async\" srcset=\"https:\/\/bassin-arcachon.com\/wp-content\/uploads\/2017\/02\/Plage-du-Betey-Andernos-1024x683.jpg ,https:\/\/bassin-arcachon.com\/wp-content\/uploads\/2017\/02\/Plage-du-Betey-Andernos.jpg 780w, https:\/\/bassin-arcachon.com\/wp-content\/uploads\/2017\/02\/Plage-du-Betey-Andernos.jpg 360w\" sizes=\"auto, (max-width: 480px) 150px\" src=\"https:\/\/bassin-arcachon.com\/wp-content\/uploads\/2017\/02\/Plage-du-Betey-Andernos-1024x683.jpg\" alt=\"- - Bassin d&#039;Arcachon\" class=\"uag-image-23761\" width=\"1024\" height=\"683\" title=\"\u8d1d\u8482\u5b89\u5fb7\u8bfa\u65af\u6d77\u6ee9\" loading=\"lazy\" role=\"img\"><\/figure><\/div>\n<\/div>\n<\/div><\/div>\n\n\n\n<div style=\"height:60px\" aria-hidden=\"true\" class=\"wp-block-spacer\"><\/div>\n\n\n\n<div class=\"wp-block-uagb-container uagb-block-531f8427 alignfull uagb-is-root-container\"><div class=\"uagb-container-inner-blocks-wrap\">\n<div class=\"wp-block-uagb-container uagb-block-e6ccbf30\">\n<div class=\"wp-block-uagb-image uagb-block-6336d357 wp-block-uagb-image--layout-default wp-block-uagb-image--effect-static wp-block-uagb-image--align-none\"><figure class=\"wp-block-uagb-image__figure\"><img decoding=\"async\" srcset=\"https:\/\/bassin-arcachon.com\/wp-content\/uploads\/2018\/04\/andernos-photo-de-une-1024x683.jpg \" sizes=\"auto, (max-width: 480px) 150px\" src=\"https:\/\/bassin-arcachon.com\/wp-content\/uploads\/2018\/04\/andernos-photo-de-une-1024x683.jpg\" alt=\"\u5b89\u5fb7\u8bfa\u65af\u7684 Bassin - \u7cbe\u9009\u7167\u7247\" class=\"uag-image-19921\" width=\"1024\" height=\"683\" title=\"- - Bassin d&#039;Arcachon\" loading=\"lazy\" role=\"img\"><\/figure><\/div>\n<\/div>\n\n\n\n<div class=\"wp-block-uagb-container uagb-block-304e89e4\">\n<h2 class=\"wp-block-heading\">\u6211\u4eec\u4f4d\u4e8e\u5b89\u5fb7\u8bfa\u65af \u7684\u9732\u8425\u5730\u8bbe\u6709\u6e38\u6cf3\u6c60<\/h2>\n\n\n\n<p>\u4f5c\u4e3a\u60c5\u4fa3\u6216\u5e26\u7740\u5b69\u5b50\uff0c\u9884\u8ba2\u5e26\u6e38\u6cf3\u6c60\u7684\u9732\u8425\u5730\uff0c\u4eab\u53d7\u8f7b\u677e\u7684 100% \u4f4f\u5bbf <a href=\"https:\/\/bassin-arcachon.com\/zh\/%e6%88%91%e4%bb%ac%e7%9a%84%e5%9f%8e%e5%b8%82%e5%92%8c%e6%9d%91%e5%ba%84\/%e5%ae%89%e5%be%b7%e8%af%ba%e8%8e%b1%e7%8f%ad\/\">\u5b89\u5fb7\u8bfa\u65af<\/a>\u3002\u6211\u4eec\u9732\u8425\u5730\u7684\u6cf3\u6c60\u8bbe\u6709\u6ed1\u68af\u3001\u513f\u7ae5\u6cf3\u6c60\uff0c\u751a\u81f3\u4e3a\u6210\u4eba\u4fdd\u7559\u7684\u533a\u57df\uff0c\u4fdd\u8bc1\u60a8\u5728\u4ee4\u4eba\u60ca\u53f9\u7684\u73af\u5883\u4e2d\u5ea6\u8fc7\u4e00\u4e2a\u96be\u5fd8\u7684\u5047\u671f\uff01<\/p>\n\n\n\n<div class=\"wp-block-buttons is-layout-flex wp-block-buttons-is-layout-flex\">\n<div class=\"wp-block-button\"><a class=\"wp-block-button__link wp-element-button\" href=\"https:\/\/bassin-arcachon.com\/zh\/%e4%bd%8f%e5%ae%bf-2\/%e9%9c%b2%e8%90%a5%e5%9c%b0%26amp%3b%e6%b8%b8%e6%b3%b3%e6%b1%a0\/\">\u5e26\u6e38\u6cf3\u6c60\u7684\u9732\u8425\u5730<\/a><\/div>\n<\/div>\n<\/div>\n<\/div><\/div>\n\n\n\n<div style=\"height:60px\" aria-hidden=\"true\" class=\"wp-block-spacer\"><\/div>\n\n\n\n<div class=\"wp-block-uagb-container uagb-block-fae25d6b alignfull uagb-is-root-container\"><div class=\"uagb-container-inner-blocks-wrap\">\n<div class=\"wp-block-uagb-container uagb-block-ee45ae63\">\n<h2 class=\"wp-block-heading\">\u5b89\u5fb7\u8bfa\u65af\u9732\u8425\u5730\uff0c\u8bbe\u6709\u623f\u8f66\u8425\u5730<\/h2>\n\n\n\n<p>\u4e58\u5750\u623f\u8f66\u65c5\u884c\u65f6\uff0c\u8bf7\u5728\u5b89\u5fb7\u8bfa\u65af\u6700\u5927\u7684\u9732\u8425\u5730\u4e4b\u4e00\u505c\u4e0b\u6765\uff01\u65e0\u8bba\u662f\u5728\u68ee\u6797\u91cc\u3001\u6d77\u8fb9\u8fd8\u662f\u4fef\u77b0\u76c6\u5730\u7684\u666f\u8272\uff0c\u5b89\u5fb7\u8bfa\u65af\u7684\u623f\u8f66\u4e13\u7528\u573a\u5730\u90fd\u80fd\u4fdd\u8bc1\u60a8\u62cd\u51fa\u660e\u4fe1\u7247\u822c\u7684\u7167\u7247\uff01<\/p>\n\n\n\n<div class=\"wp-block-buttons is-layout-flex wp-block-buttons-is-layout-flex\">\n<div class=\"wp-block-button\"><a class=\"wp-block-button__link wp-element-button\" href=\"https:\/\/bassin-arcachon.com\/zh\/%e4%bd%8f%e5%ae%bf-2\/%e8%90%a5%e5%9c%b0\/\">\u5e26\u623f\u8f66\u8425\u5730\u7684\u9732\u8425\u5730<\/a><\/div>\n<\/div>\n<\/div>\n\n\n\n<div class=\"wp-block-uagb-container uagb-block-b45064e3\">\n<div class=\"wp-block-uagb-image uagb-block-1b2ecbaf wp-block-uagb-image--layout-default wp-block-uagb-image--effect-static wp-block-uagb-image--align-none\"><figure class=\"wp-block-uagb-image__figure\"><img decoding=\"async\" srcset=\"https:\/\/bassin-arcachon.com\/wp-content\/uploads\/2017\/03\/Camping-Panorama-du-Pyla-Caravane-airstream-1024x768.jpg \" sizes=\"auto, (max-width: 480px) 150px\" src=\"https:\/\/bassin-arcachon.com\/wp-content\/uploads\/2017\/03\/Camping-Panorama-du-Pyla-Caravane-airstream-1024x768.jpg\" alt=\"- - Bassin d&#039;Arcachon\" class=\"uag-image-1338\" width=\"1024\" height=\"768\" title=\"- - Bassin d&#039;Arcachon\" loading=\"lazy\" role=\"img\"><\/figure><\/div>\n<\/div>\n<\/div><\/div>\n\n\n\n<div style=\"height:60px\" aria-hidden=\"true\" class=\"wp-block-spacer\"><\/div>\n\n\n\n<div class=\"wp-block-uagb-container uagb-block-cf972ea9 alignfull uagb-is-root-container\">\n<div class=\"wp-block-cover is-light has-parallax\"><span aria-hidden=\"true\" class=\"wp-block-cover__background has-background-dim-0 has-background-dim\"><\/span><div class=\"wp-block-cover__image-background wp-image-1345 has-parallax\" style=\"background-position:50% 50%;background-image:url(https:\/\/bassin-arcachon.com\/wp-content\/uploads\/2017\/03\/Camping-Panorama-du-Pyla-cottage-vue-mer-coin-farniente.jpg)\"><\/div><div class=\"wp-block-cover__inner-container is-layout-flow wp-block-cover-is-layout-flow\">\n<div class=\"wp-block-uagb-container uagb-block-2ebf6bb9\">\n<h2 class=\"wp-block-heading has-text-align-center has-white-color has-text-color has-large-font-size\">\u5728\u963f\u5361\u96c4\u7684 Bassin \u9732\u8425\u5730\u4e4b\u4e00\u8f7b\u677e\u5ea6\u8fc7\u5047\u671f\uff01<\/h2>\n\n\n\n<p class=\"has-text-align-center has-white-color has-text-color\"><a href=\"https:\/\/bassin-arcachon.com\/zh\/%e4%bd%8f%e5%ae%bf-2\/%e8%90%a5%e5%9c%b0\/\">\u5f00\u59cb\u60a8\u7684\u641c\u7d22<\/a><\/p>\n<\/div>\n<\/div><\/div>\n<\/div>\n\n\n\n<div style=\"height:60px\" aria-hidden=\"true\" class=\"wp-block-spacer\"><\/div>\n\n\n\n<div class=\"wp-block-uagb-container uagb-block-02e6a164 alignfull uagb-is-root-container\"><div class=\"uagb-container-inner-blocks-wrap\">\n<div class=\"wp-block-uagb-container uagb-block-8edb6d7d\">\n<h3 class=\"wp-block-heading\">\u60a8\u60f3\u9884\u8ba2\u5b89\u5fb7\u8bfa\u65af\u9644\u8fd1\u7684\u9732\u8425\u5730\u5417\uff1f<\/h3>\n\n\n\n<p>\u53d1\u73b0\u6211\u4eec\u5728 Bassin Arcachon \u7684\u6240\u6709\u9732\u8425\u5730\uff1a&nbsp;<a href=\"https:\/\/bassin-arcachon.com\/zh\/%e4%bd%8f%e5%ae%bf-2\/%e9%85%92%e5%ba%97-2+%e6%88%98%e7%a5%9e-2\/\">\u6218\u795e<\/a>,&nbsp;<a href=\"https:\/\/bassin-arcachon.com\/zh\/%e4%bd%8f%e5%ae%bf-2\/%e9%85%92%e5%ba%97-2+%e9%98%bf%e5%8d%a1%e9%9b%84\/\">\u963f\u5361\u96c4<\/a>,&nbsp;<a href=\"https:\/\/bassin-arcachon.com\/zh\/%e4%bd%8f%e5%ae%bf-2\/%e9%85%92%e5%ba%97-2+%e6%89%b9%e9%87%8f%e6%b5%8b%e8%af%95\/\">La Teste de Buch<\/a>,&nbsp;<a href=\"https:\/\/bassin-arcachon.com\/zh\/%e4%bd%8f%e5%ae%bf-2\/%e9%85%92%e5%ba%97-2+%e5%ae%89%e5%be%b7%e8%af%ba%e6%96%af\/\">\u5b89\u5fb7\u8bfa\u65af<\/a>,&nbsp;<a href=\"https:\/\/bassin-arcachon.com\/zh\/%e4%bd%8f%e5%ae%bf-2\/%e9%85%92%e5%ba%97-2+%e5%8f%a4%e8%ae%a9%e6%a2%85%e6%96%af%e7%89%b9%e6%8b%89%e6%96%af\/\">Gujan-Mestras,<\/a>&nbsp;<a href=\"https:\/\/bassin-arcachon.com\/zh\/%e4%bd%8f%e5%ae%bf-2\/%e9%85%92%e5%ba%97-2+%e7%9b%86%e5%9c%b0%e4%b9%8b%e5%bf%83\/\">\u6bd4\u52a0\u8bfa\u65af<\/a>&nbsp;<a href=\"https:\/\/bassin-arcachon.com\/zh\/%e4%bd%8f%e5%ae%bf-2\/%e9%85%92%e5%ba%97-2+%e7%9b%86%e5%9c%b0%e4%b9%8b%e5%bf%83\/\">\u5965\u767b\u683c<\/a>,<a href=\"https:\/\/bassin-arcachon.com\/zh\/%e4%bd%8f%e5%ae%bf-2\/%e9%85%92%e5%ba%97-2+%e7%9b%86%e5%9c%b0%e4%b9%8b%e5%bf%83\/\">&nbsp;\u5170\u987f&nbsp;<\/a>\u548c&nbsp;<a href=\"https:\/\/bassin-arcachon.com\/zh\/%e4%bd%8f%e5%ae%bf-2\/%e9%85%92%e5%ba%97-2+lege-cap-ferret\/\">\u96ea\u8c82<\/a>&nbsp;!<\/p>\n<\/div>\n\n\n\n<div class=\"wp-block-uagb-container uagb-block-2e52a006\">\n<div class=\"wp-block-uagb-image uagb-block-a755267c wp-block-uagb-image--layout-default wp-block-uagb-image--effect-static wp-block-uagb-image--align-none\"><figure class=\"wp-block-uagb-image__figure\"><img decoding=\"async\" srcset=\"https:\/\/bassin-arcachon.com\/wp-content\/uploads\/2018\/09\/nourri-a-lhu\u00eetre-\u00e9lev\u00e9-sous-les-pins-Bassin-dArcachon.jpg 1000w, https:\/\/bassin-arcachon.com\/wp-content\/uploads\/2018\/09\/nourri-a-lhu\u00eetre-\u00e9lev\u00e9-sous-les-pins-Bassin-dArcachon-600x400.jpg 600w, https:\/\/bassin-arcachon.com\/wp-content\/uploads\/2018\/09\/nourri-a-lhu\u00eetre-\u00e9lev\u00e9-sous-les-pins-Bassin-dArcachon-768x511.jpg 768w, https:\/\/bassin-arcachon.com\/wp-content\/uploads\/2018\/09\/nourri-a-lhu\u00eetre-\u00e9lev\u00e9-sous-les-pins-Bassin-dArcachon-18x12.jpg 18w\" sizes=\"auto, (max-width: 480px) 150px\" src=\"https:\/\/bassin-arcachon.com\/wp-content\/uploads\/2018\/09\/nourri-a-lhu\u00eetre-\u00e9lev\u00e9-sous-les-pins-Bassin-dArcachon.jpg\" alt=\"- - Bassin d&#039;Arcachon\" class=\"uag-image-26169\" width=\"1000\" height=\"666\" title=\"- - Bassin d&#039;Arcachon\" loading=\"lazy\" role=\"img\"><\/figure><\/div>\n<\/div>\n<\/div><\/div>\n\n\n\n<div style=\"height:60px\" aria-hidden=\"true\" class=\"wp-block-spacer\"><\/div>","protected":false},"excerpt":{"rendered":"<p>Nos campings \u00e0 Andernos avec vue sur le Bassin Pour une parenth\u00e8se unique au bord de l\u2019eau, vous \u00eates au bon endroit&nbsp;! Imaginez un peu vos prochaines vacances en camping [&hellip;]<\/p>\n","protected":false},"author":25,"featured_media":2217,"parent":392,"menu_order":1,"comment_status":"closed","ping_status":"closed","template":"","meta":{"_acf_changed":false,"_uag_custom_page_level_css":"","footnotes":""},"class_list":["post-44476","page","type-page","status-publish","has-post-thumbnail","hentry"],"acf":[],"uagb_featured_image_src":{"full":["https:\/\/bassin-arcachon.com\/wp-content\/uploads\/2017\/03\/camping-bassin-arcachon.jpg",1200,800,false],"thumbnail":["https:\/\/bassin-arcachon.com\/wp-content\/uploads\/2017\/03\/camping-bassin-arcachon-150x150.jpg",150,150,true],"medium":["https:\/\/bassin-arcachon.com\/wp-content\/uploads\/2017\/03\/camping-bassin-arcachon-600x400.jpg",600,400,true],"medium_large":["https:\/\/bassin-arcachon.com\/wp-content\/uploads\/2017\/03\/camping-bassin-arcachon-768x512.jpg",768,512,true],"large":["https:\/\/bassin-arcachon.com\/wp-content\/uploads\/2017\/03\/camping-bassin-arcachon-1024x683.jpg",1024,683,true],"1536x1536":["https:\/\/bassin-arcachon.com\/wp-content\/uploads\/2017\/03\/camping-bassin-arcachon.jpg",1200,800,false],"2048x2048":["https:\/\/bassin-arcachon.com\/wp-content\/uploads\/2017\/03\/camping-bassin-arcachon.jpg",1200,800,false],"trp-custom-language-flag":["https:\/\/bassin-arcachon.com\/wp-content\/uploads\/2017\/03\/camping-bassin-arcachon-18x12.jpg",18,12,true]},"uagb_author_info":{"display_name":"Marie Clauzel","author_link":"https:\/\/bassin-arcachon.com\/zh\/author\/mariesiba\/"},"uagb_comment_info":0,"uagb_excerpt":"Nos campings \u00e0 Andernos avec vue sur le Bassin Pour une parenth\u00e8se unique au bord de l\u2019eau, vous \u00eates au bon endroit&nbsp;! Imaginez un peu vos prochaines vacances en camping [&hellip;]","_links":{"self":[{"href":"https:\/\/bassin-arcachon.com\/zh\/wp-json\/wp\/v2\/pages\/44476","targetHints":{"allow":["GET"]}}],"collection":[{"href":"https:\/\/bassin-arcachon.com\/zh\/wp-json\/wp\/v2\/pages"}],"about":[{"href":"https:\/\/bassin-arcachon.com\/zh\/wp-json\/wp\/v2\/types\/page"}],"author":[{"embeddable":true,"href":"https:\/\/bassin-arcachon.com\/zh\/wp-json\/wp\/v2\/users\/25"}],"replies":[{"embeddable":true,"href":"https:\/\/bassin-arcachon.com\/zh\/wp-json\/wp\/v2\/comments?post=44476"}],"version-history":[{"count":2,"href":"https:\/\/bassin-arcachon.com\/zh\/wp-json\/wp\/v2\/pages\/44476\/revisions"}],"predecessor-version":[{"id":68278,"href":"https:\/\/bassin-arcachon.com\/zh\/wp-json\/wp\/v2\/pages\/44476\/revisions\/68278"}],"up":[{"embeddable":true,"href":"https:\/\/bassin-arcachon.com\/zh\/wp-json\/wp\/v2\/pages\/392"}],"wp:featuredmedia":[{"embeddable":true,"href":"https:\/\/bassin-arcachon.com\/zh\/wp-json\/wp\/v2\/media\/2217"}],"wp:attachment":[{"href":"https:\/\/bassin-arcachon.com\/zh\/wp-json\/wp\/v2\/media?parent=44476"}],"curies":[{"name":"\u53ef\u6e7f\u6027\u7c89\u5242","href":"https:\/\/api.w.org\/{rel}","templated":true}]}}