{"id":45487,"date":"2020-07-10T13:02:37","date_gmt":"2020-07-10T11:02:37","guid":{"rendered":"https:\/\/bassin-arcachon.com\/\/?page_id=45487"},"modified":"2024-11-06T11:04:16","modified_gmt":"2024-11-06T10:04:16","slug":"%e6%88%91%e4%bb%ac%e5%9c%a8%e9%98%bf%e5%8d%a1%e9%9b%84%e7%9a%84%e5%ae%a2%e6%88%bf","status":"publish","type":"page","link":"https:\/\/bassin-arcachon.com\/zh\/ou-dormir\/chambres-hotes\/nos-chambres-dhotes-a-arcachon\/","title":{"rendered":"\u6211\u4eec\u5728\u963f\u5361\u96c4\u7684\u4f4f\u5bbf\u52a0\u65e9\u9910\u65c5\u9986"},"content":{"rendered":"<div class=\"wp-block-uagb-container uagb-block-7e26ca1c alignfull uagb-is-root-container\"><div class=\"uagb-container-inner-blocks-wrap\">\n<div class=\"wp-block-uagb-container uagb-block-19606467\">\n<h2 class=\"wp-block-heading\">\u6211\u4eec\u7684\u5ba2\u623f\u53ef\u6b23\u8d4f\u963f\u5361\u96c4 Bassin \u7684\u666f\u8272<\/h2>\n\n\n\n<p>\u4f60\u68a6\u60f3\u4f4f\u5728\u6d77\u8fb9\u5417\uff1f\u5728\u4fef\u77b0 Bassin \u7684\u5ba2\u623f\u4e2d\u4eab\u53d7\u5bbe\u81f3\u5982\u5f52\u7684\u611f\u89c9\uff01\u6bcf\u5929\u4ece\u60a8\u7684\u623f\u95f4\u6b23\u8d4f\u968f\u6f6e\u6c50\u53d8\u5316\u7684\u58ee\u4e3d\u666f\u8272\u3002\u5728\u963f\u5361\u96c4\u7684\u5ba2\u623f\u5185\u4e0e\u5bb6\u4eba\u6216\u60c5\u4fa3\u5206\u4eab\u72ec\u7279\u7684\u65f6\u523b\uff01<\/p>\n\n\n\n<div class=\"wp-block-buttons is-layout-flex wp-block-buttons-is-layout-flex\">\n<div class=\"wp-block-button\"><a class=\"wp-block-button__link wp-element-button\" href=\"https:\/\/bassin-arcachon.com\/zh\/%e4%bd%8f%e5%ae%bf-2\/%e4%bd%8f%e5%ae%bf%e5%8a%a0%e6%97%a9%e9%a4%90-%40-%e9%98%bf%e5%8d%a1%e9%9b%84-%26amp-%3b-%e6%b5%b7%e6%99%af\/\">\u6d77\u6ee8\u4f4f\u5bbf\u52a0\u65e9\u9910\u65c5\u9986<\/a><\/div>\n<\/div>\n<\/div>\n\n\n\n<div class=\"wp-block-uagb-container uagb-block-1a391c0c\">\n<div class=\"wp-block-uagb-image uagb-block-a17e5757 wp-block-uagb-image--layout-default wp-block-uagb-image--effect-static wp-block-uagb-image--align-none\"><figure class=\"wp-block-uagb-image__figure\"><img decoding=\"async\" srcset=\"https:\/\/bassin-arcachon.com\/wp-content\/uploads\/2017\/08\/happy3.jpg \" sizes=\"auto, (max-width: 480px) 150px\" src=\"https:\/\/bassin-arcachon.com\/wp-content\/uploads\/2017\/08\/happy3.jpg\" alt=\"\u8def\u6613\u4e1d\u00b7\u5b89\u5fb7\u8bfa\u65af\" class=\"uag-image-7499\" width=\"700\" height=\"465\" title=\"- - Bassin d&#039;Arcachon\" loading=\"lazy\" role=\"img\"><\/figure><\/div>\n<\/div>\n<\/div><\/div>\n\n\n\n<div style=\"height:60px\" aria-hidden=\"true\" class=\"wp-block-spacer\"><\/div>\n\n\n\n<div class=\"wp-block-uagb-container uagb-block-04f2ae62 alignfull uagb-is-root-container\"><div class=\"uagb-container-inner-blocks-wrap\">\n<div class=\"wp-block-uagb-container uagb-block-8ce952f5\">\n<div class=\"wp-block-uagb-image uagb-block-0b272301 wp-block-uagb-image--layout-default wp-block-uagb-image--effect-static wp-block-uagb-image--align-none\"><figure class=\"wp-block-uagb-image__figure\"><img decoding=\"async\" srcset=\"https:\/\/bassin-arcachon.com\/wp-content\/uploads\/2018\/07\/Jetee-andernos-les-bains-bassin-arcachon.jpg \" sizes=\"auto, (max-width: 480px) 150px\" src=\"https:\/\/bassin-arcachon.com\/wp-content\/uploads\/2018\/07\/Jetee-andernos-les-bains-bassin-arcachon.jpg\" alt=\"- - Bassin d&#039;Arcachon\" class=\"uag-image-23915\" width=\"1000\" height=\"750\" title=\"- - Bassin d&#039;Arcachon\" loading=\"lazy\" role=\"img\"><\/figure><\/div>\n<\/div>\n\n\n\n<div class=\"wp-block-uagb-container uagb-block-da543c85\">\n<h2 class=\"wp-block-heading\">\u6211\u4eec\u5728\u963f\u5361\u96c4\u7684\u5ba2\u623f\u8bbe\u6709\u82b1\u56ed<\/h2>\n\n\n\n<p>\u4e0e\u5bb6\u4eba\u6216\u670b\u53cb\u5728\u963f\u5361\u96c4\u5ba2\u623f\u7684\u82b1\u56ed\u91cc\u5206\u4eab\u72ec\u7279\u7684\u65f6\u523b\u3002\u6237\u5916\u6d3b\u52a8\u3001\u68cb\u76d8\u6e38\u620f\u6216\u8fd0\u52a8\u4f1a\uff0c\u60a8\u90fd\u53ef\u4ee5\u4eab\u53d7\u5ba2\u623f\u5bbd\u655e\u7684\u79c1\u4eba\u82b1\u56ed\u3002\u5728\u963f\u5361\u96c4\u7684\u5c0f\u7eff\u8272\u73af\u5883\u4e2d\u4f53\u9a8c\u96be\u5fd8\u7684\u5047\u671f\uff01<\/p>\n\n\n\n<div class=\"wp-block-buttons is-layout-flex wp-block-buttons-is-layout-flex\">\n<div class=\"wp-block-button\"><a class=\"wp-block-button__link wp-element-button\" href=\"https:\/\/bassin-arcachon.com\/zh\/%e4%bd%8f%e5%ae%bf-2\/%e4%bd%8f%e5%ae%bf%e5%8a%a0%e6%97%a9%e9%a4%90%e6%97%85%e9%a6%86-%40-%e9%98%bf%e5%8d%a1%e9%9b%84-%26amp-%3b-%e8%8a%b1%e5%9b%ad\/\">\u5e26\u82b1\u56ed\u7684\u6c11\u5bbf<\/a><\/div>\n<\/div>\n<\/div>\n<\/div><\/div>\n\n\n\n<div style=\"height:60px\" aria-hidden=\"true\" class=\"wp-block-spacer\"><\/div>\n\n\n\n<div class=\"wp-block-uagb-container uagb-block-d6eb8056 alignfull uagb-is-root-container\"><div class=\"uagb-container-inner-blocks-wrap\">\n<div class=\"wp-block-uagb-container uagb-block-f67863e3\">\n<h2 class=\"wp-block-heading\">\u6211\u4eec\u5728\u963f\u5361\u96c4\u63d0\u4f9b Wifi \u7684\u5ba2\u623f<\/h2>\n\n\n\n<p>\u5165\u4f4f\u963f\u5361\u96c4\u7684\u6d77\u6ee9\u548c\u68ee\u6797\u4e4b\u95f4\uff0c\u501f\u52a9\u5ba2\u623f\u5185\u7684 WiFi\uff0c\u5728\u793e\u4ea4\u7f51\u7edc\u4e0a\u5206\u4eab\u60a8\u6700\u7f8e\u4e3d\u7684\u7167\u7247\uff01\u76f4\u63a5\u4e0e\u60a8\u6240\u7231\u7684\u4eba\u5206\u4eab\u60a8\u7684\u7ecf\u5386\uff0c\u5e26\u4ed6\u4eec\u8e0f\u4e0a\u65c5\u7a0b\uff01\u4e3a\u60a8\u5728\u963f\u5361\u96c4\u7684\u4f4f\u5bbf\u9009\u62e9\u4e00\u95f4\u914d\u6709 Wifi \u7684\u5ba2\u623f\uff0c\u5e76\u4e0e\u60a8\u7684\u670b\u53cb\u5206\u4eab\uff01<\/p>\n\n\n\n<div class=\"wp-block-buttons is-layout-flex wp-block-buttons-is-layout-flex\">\n<div class=\"wp-block-button\"><a class=\"wp-block-button__link wp-element-button\" href=\"https:\/\/bassin-arcachon.com\/zh\/%e4%bd%8f%e5%ae%bf-2\/%e4%bd%8f%e5%ae%bf%e5%8a%a0%e6%97%a9%e9%a4%90arcachonwifi-2\/\">\u63d0\u4f9b wifi \u7684\u4f4f\u5bbf\u52a0\u65e9\u9910\u65c5\u9986<\/a><\/div>\n<\/div>\n<\/div>\n\n\n\n<div class=\"wp-block-uagb-container uagb-block-d2f5e41b\">\n<div class=\"wp-block-uagb-image uagb-block-a6008e59 wp-block-uagb-image--layout-default wp-block-uagb-image--effect-static wp-block-uagb-image--align-none\"><figure class=\"wp-block-uagb-image__figure\"><img decoding=\"async\" srcset=\"https:\/\/bassin-arcachon.com\/wp-content\/uploads\/2018\/10\/andernos-velo-SIBA-agence-les-conteurs-50-1024x683.jpg \" sizes=\"auto, (max-width: 480px) 150px\" src=\"https:\/\/bassin-arcachon.com\/wp-content\/uploads\/2018\/10\/andernos-velo-SIBA-agence-les-conteurs-50-1024x683.jpg\" alt=\"\u5b89\u5fb7\u8bfa\u65af\u7f8e\u4e3d\u7684\u522b\u5885\" class=\"uag-image-26668\" width=\"1024\" height=\"683\" title=\"- - Bassin d&#039;Arcachon\" loading=\"lazy\" role=\"img\"><\/figure><\/div>\n<\/div>\n<\/div><\/div>\n\n\n\n<div style=\"height:60px\" aria-hidden=\"true\" class=\"wp-block-spacer\"><\/div>\n\n\n\n<div class=\"wp-block-uagb-container uagb-block-31cc435c alignfull uagb-is-root-container\">\n<div class=\"wp-block-cover is-light has-parallax\"><span aria-hidden=\"true\" class=\"wp-block-cover__background has-background-dim-0 has-background-dim\"><\/span><div class=\"wp-block-cover__image-background wp-image-1345 has-parallax\" style=\"background-position:50% 50%;background-image:url(https:\/\/bassin-arcachon.com\/wp-content\/uploads\/2017\/03\/Camping-Panorama-du-Pyla-cottage-vue-mer-coin-farniente.jpg)\"><\/div><div class=\"wp-block-cover__inner-container is-layout-flow wp-block-cover-is-layout-flow\">\n<div class=\"wp-block-uagb-container uagb-block-53e6fedc\">\n<h2 class=\"wp-block-heading has-text-align-center has-white-color has-text-color has-large-font-size\">\u5728\u963f\u5361\u96c4\u7684 Bassin \u5ba2\u623f\u4e4b\u4e00\u8f7b\u677e\u5ea6\u8fc7\u60a8\u7684\u5047\u671f\uff01<\/h2>\n\n\n\n<p class=\"has-text-align-center has-white-color has-text-color\"><a href=\"https:\/\/bassin-arcachon.com\/zh\/%e4%bd%8f%e5%ae%bf-2\/%e5%ae%a2%e6%88%bf\/\">\u5f00\u59cb\u60a8\u7684\u641c\u7d22<\/a><\/p>\n<\/div>\n<\/div><\/div>\n<\/div>\n\n\n\n<div style=\"height:60px\" aria-hidden=\"true\" class=\"wp-block-spacer\"><\/div>\n\n\n\n<div class=\"wp-block-uagb-container uagb-block-8d62a7e6 alignfull uagb-is-root-container\"><div class=\"uagb-container-inner-blocks-wrap\">\n<div class=\"wp-block-uagb-container uagb-block-551f408a\">\n<h3 class=\"wp-block-heading\">\u60a8\u60f3\u9884\u8ba2\u963f\u5361\u96c4\u9644\u8fd1\u7684\u5ba2\u623f\u5417\uff1f<\/h3>\n\n\n\n<p>\u63a2\u7d22 Bassin Arcachon \u7684\u6240\u6709\u5ba2\u623f\uff1a&nbsp;<a href=\"https:\/\/bassin-arcachon.com\/zh\/%e6%88%96%e7%9d%a1%e8%a7%89\/%e4%bd%8f%e5%ae%bf%e5%8a%a0%e6%97%a9%e9%a4%90%e5%87%ba%e7%a7%9f\/?commune=andernos-les-bains\">\u5b89\u5fb7\u8bfa\u65af<\/a>,&nbsp;<a href=\"https:\/\/bassin-arcachon.com\/zh\/%e6%88%96%e7%9d%a1%e8%a7%89\/%e4%bd%8f%e5%ae%bf%e5%8a%a0%e6%97%a9%e9%a4%90%e5%87%ba%e7%a7%9f\/?commune=ares\">\u6218\u795e<\/a>,&nbsp;<a href=\"https:\/\/bassin-arcachon.com\/zh\/%e6%88%96%e7%9d%a1%e8%a7%89\/%e4%bd%8f%e5%ae%bf%e5%8a%a0%e6%97%a9%e9%a4%90%e5%87%ba%e7%a7%9f\/?commune=lanton\">\u5170\u987f<\/a>,&nbsp;<a href=\"https:\/\/bassin-arcachon.com\/zh\/%e6%88%96%e7%9d%a1%e8%a7%89\/%e4%bd%8f%e5%ae%bf%e5%8a%a0%e6%97%a9%e9%a4%90%e5%87%ba%e7%a7%9f\/?commune=gujan-mestras\">\u53e4\u8ba9-\u6885\u65af\u7279\u62c9<\/a>,&nbsp;<a href=\"https:\/\/bassin-arcachon.com\/zh\/%e6%88%96%e7%9d%a1%e8%a7%89\/%e4%bd%8f%e5%ae%bf%e5%8a%a0%e6%97%a9%e9%a4%90%e5%87%ba%e7%a7%9f\/?commune=la-teste-de-buch\">La Teste de Buch<\/a>,&nbsp;<a href=\"https:\/\/bassin-arcachon.com\/zh\/%e6%88%96%e7%9d%a1%e8%a7%89\/%e4%bd%8f%e5%ae%bf%e5%8a%a0%e6%97%a9%e9%a4%90%e5%87%ba%e7%a7%9f\/?commune=audenge\">\u5965\u767b\u683c\uff0c<\/a>&nbsp;\u548c&nbsp;<a href=\"https:\/\/bassin-arcachon.com\/zh\/%e6%88%96%e7%9d%a1%e8%a7%89\/%e4%bd%8f%e5%ae%bf%e5%8a%a0%e6%97%a9%e9%a4%90%e5%87%ba%e7%a7%9f\/?commune=lege-cap-ferret\">\u96ea\u8c82<\/a>&nbsp;!<\/p>\n<\/div>\n\n\n\n<div class=\"wp-block-uagb-container uagb-block-805bc319\">\n<div class=\"wp-block-uagb-image uagb-block-9a4a6558 wp-block-uagb-image--layout-default wp-block-uagb-image--effect-static wp-block-uagb-image--align-none\"><figure class=\"wp-block-uagb-image__figure\"><img decoding=\"async\" srcset=\"https:\/\/bassin-arcachon.com\/wp-content\/uploads\/2018\/09\/nourri-a-lhu\u00eetre-\u00e9lev\u00e9-sous-les-pins-Bassin-dArcachon.jpg 1000w, https:\/\/bassin-arcachon.com\/wp-content\/uploads\/2018\/09\/nourri-a-lhu\u00eetre-\u00e9lev\u00e9-sous-les-pins-Bassin-dArcachon-600x400.jpg 600w, https:\/\/bassin-arcachon.com\/wp-content\/uploads\/2018\/09\/nourri-a-lhu\u00eetre-\u00e9lev\u00e9-sous-les-pins-Bassin-dArcachon-768x511.jpg 768w, https:\/\/bassin-arcachon.com\/wp-content\/uploads\/2018\/09\/nourri-a-lhu\u00eetre-\u00e9lev\u00e9-sous-les-pins-Bassin-dArcachon-18x12.jpg 18w\" sizes=\"auto, (max-width: 480px) 150px\" src=\"https:\/\/bassin-arcachon.com\/wp-content\/uploads\/2018\/09\/nourri-a-lhu\u00eetre-\u00e9lev\u00e9-sous-les-pins-Bassin-dArcachon.jpg\" alt=\"- - Bassin d&#039;Arcachon\" class=\"uag-image-26169\" width=\"1000\" height=\"666\" title=\"- - Bassin d&#039;Arcachon\" loading=\"lazy\" role=\"img\"><\/figure><\/div>\n<\/div>\n<\/div><\/div>\n\n\n\n<div style=\"height:60px\" aria-hidden=\"true\" class=\"wp-block-spacer\"><\/div>","protected":false},"excerpt":{"rendered":"<p>Nos chambres d\u2019h\u00f4tes avec vue sur le Bassin \u00e0 Arcachon Vous r\u00eavez de vivre en bord de mer ? Sentez-vous comme \u00e0 la maison dans votre chambre d\u2019h\u00f4tes avec vue [&hellip;]<\/p>\n","protected":false},"author":25,"featured_media":2217,"parent":398,"menu_order":1,"comment_status":"closed","ping_status":"closed","template":"","meta":{"_acf_changed":false,"_uag_custom_page_level_css":"","footnotes":""},"class_list":["post-45487","page","type-page","status-publish","has-post-thumbnail","hentry"],"acf":[],"uagb_featured_image_src":{"full":["https:\/\/bassin-arcachon.com\/wp-content\/uploads\/2017\/03\/camping-bassin-arcachon.jpg",1200,800,false],"thumbnail":["https:\/\/bassin-arcachon.com\/wp-content\/uploads\/2017\/03\/camping-bassin-arcachon-150x150.jpg",150,150,true],"medium":["https:\/\/bassin-arcachon.com\/wp-content\/uploads\/2017\/03\/camping-bassin-arcachon-600x400.jpg",600,400,true],"medium_large":["https:\/\/bassin-arcachon.com\/wp-content\/uploads\/2017\/03\/camping-bassin-arcachon-768x512.jpg",768,512,true],"large":["https:\/\/bassin-arcachon.com\/wp-content\/uploads\/2017\/03\/camping-bassin-arcachon-1024x683.jpg",1024,683,true],"1536x1536":["https:\/\/bassin-arcachon.com\/wp-content\/uploads\/2017\/03\/camping-bassin-arcachon.jpg",1200,800,false],"2048x2048":["https:\/\/bassin-arcachon.com\/wp-content\/uploads\/2017\/03\/camping-bassin-arcachon.jpg",1200,800,false],"trp-custom-language-flag":["https:\/\/bassin-arcachon.com\/wp-content\/uploads\/2017\/03\/camping-bassin-arcachon-18x12.jpg",18,12,true]},"uagb_author_info":{"display_name":"Marie Clauzel","author_link":"https:\/\/bassin-arcachon.com\/zh\/author\/mariesiba\/"},"uagb_comment_info":0,"uagb_excerpt":"Nos chambres d\u2019h\u00f4tes avec vue sur le Bassin \u00e0 Arcachon Vous r\u00eavez de vivre en bord de mer ? Sentez-vous comme \u00e0 la maison dans votre chambre d\u2019h\u00f4tes avec vue [&hellip;]","_links":{"self":[{"href":"https:\/\/bassin-arcachon.com\/zh\/wp-json\/wp\/v2\/pages\/45487","targetHints":{"allow":["GET"]}}],"collection":[{"href":"https:\/\/bassin-arcachon.com\/zh\/wp-json\/wp\/v2\/pages"}],"about":[{"href":"https:\/\/bassin-arcachon.com\/zh\/wp-json\/wp\/v2\/types\/page"}],"author":[{"embeddable":true,"href":"https:\/\/bassin-arcachon.com\/zh\/wp-json\/wp\/v2\/users\/25"}],"replies":[{"embeddable":true,"href":"https:\/\/bassin-arcachon.com\/zh\/wp-json\/wp\/v2\/comments?post=45487"}],"version-history":[{"count":1,"href":"https:\/\/bassin-arcachon.com\/zh\/wp-json\/wp\/v2\/pages\/45487\/revisions"}],"predecessor-version":[{"id":68252,"href":"https:\/\/bassin-arcachon.com\/zh\/wp-json\/wp\/v2\/pages\/45487\/revisions\/68252"}],"up":[{"embeddable":true,"href":"https:\/\/bassin-arcachon.com\/zh\/wp-json\/wp\/v2\/pages\/398"}],"wp:featuredmedia":[{"embeddable":true,"href":"https:\/\/bassin-arcachon.com\/zh\/wp-json\/wp\/v2\/media\/2217"}],"wp:attachment":[{"href":"https:\/\/bassin-arcachon.com\/zh\/wp-json\/wp\/v2\/media?parent=45487"}],"curies":[{"name":"\u53ef\u6e7f\u6027\u7c89\u5242","href":"https:\/\/api.w.org\/{rel}","templated":true}]}}