{"id":45501,"date":"2020-07-10T13:50:37","date_gmt":"2020-07-10T11:50:37","guid":{"rendered":"https:\/\/bassin-arcachon.com\/\/?page_id=45501"},"modified":"2024-11-06T11:08:00","modified_gmt":"2024-11-06T10:08:00","slug":"%e6%88%91%e4%bb%ac%e5%9c%a8%e9%98%bf%e7%91%9e%e6%96%af%e7%9a%84%e5%ae%a2%e6%88%bf","status":"publish","type":"page","link":"https:\/\/bassin-arcachon.com\/zh\/ou-dormir\/chambres-hotes\/nos-chambres-dhotes-a-ares\/","title":{"rendered":"\u6211\u4eec\u5728\u963f\u96f7\u65af\u7684\u4f4f\u5bbf\u52a0\u65e9\u9910\u65c5\u9986"},"content":{"rendered":"<div class=\"wp-block-uagb-container uagb-block-18d529f1 alignfull uagb-is-root-container\"><div class=\"uagb-container-inner-blocks-wrap\">\n<div class=\"wp-block-uagb-container uagb-block-1c7ec6e5\">\n<h2 class=\"wp-block-heading\">\u6211\u4eec\u4f4d\u4e8e\u963f\u96f7\u65af\u5e26\u6e38\u6cf3\u6c60\u7684\u5ba2\u623f<\/h2>\n\n\n\n<p>\u9009\u62e9\u6211\u4eec\u4f4d\u4e8e\u963f\u96f7\u65af\u7684\u4e00\u95f4\u5e26\u6e38\u6cf3\u6c60\u7684\u5ba2\u623f\uff0c\u5e76\u5165\u4f4f\u6cf3\u6c60\u95e8\u53e3\uff01\u60f3\u4f11\u606f\u5417\uff1f\u4e0e\u5b69\u5b50\u6216\u670b\u53cb\u4e00\u8d77\uff0c\u6211\u4eec\u5ba2\u623f\u7684\u6e38\u6cf3\u6c60 <a href=\"https:\/\/bassin-arcachon.com\/zh\/%e6%88%91%e4%bb%ac%e7%9a%84%e5%9f%8e%e5%b8%82%e5%92%8c%e6%9d%91%e5%ba%84\/%e6%88%98%e7%a5%9e-2\/\">\u5728\u963f\u745e\u65af<\/a> \u4fdd\u8bc1\u60a8\u5728\u5b81\u9759\u81ea\u7136\u7684\u73af\u5883\u4e2d\u4eab\u53d7\u5b81\u9759\u7684\u65f6\u523b\uff0c\u4eab\u53d7\u5b83\u4eec\uff01<\/p>\n\n\n\n<div class=\"wp-block-buttons is-layout-flex wp-block-buttons-is-layout-flex\">\n<div class=\"wp-block-button\"><a class=\"wp-block-button__link wp-element-button\" href=\"https:\/\/bassin-arcachon.com\/zh\/%e4%bd%8f%e5%ae%bf-2\/%e4%bd%8f%e5%ae%bf%e5%8a%a0%e6%97%a9%e9%a4%90arespiscine-2\/\">\u5e26\u6e38\u6cf3\u6c60\u7684\u6c11\u5bbf<\/a><\/div>\n<\/div>\n<\/div>\n\n\n\n<div class=\"wp-block-uagb-container uagb-block-ff521753\">\n<div class=\"wp-block-uagb-image uagb-block-1ff723e3 wp-block-uagb-image--layout-default wp-block-uagb-image--effect-static wp-block-uagb-image--align-none\"><figure class=\"wp-block-uagb-image__figure\"><img decoding=\"async\" srcset=\"https:\/\/bassin-arcachon.com\/wp-content\/uploads\/2017\/04\/ares-foret-1024x745.jpg \" sizes=\"auto, (max-width: 480px) 150px\" src=\"https:\/\/bassin-arcachon.com\/wp-content\/uploads\/2017\/04\/ares-foret-1024x745.jpg\" alt=\"- - Bassin d&#039;Arcachon\" class=\"uag-image-1161\" width=\"1024\" height=\"745\" title=\"- - Bassin d&#039;Arcachon\" loading=\"lazy\" role=\"img\"><\/figure><\/div>\n<\/div>\n<\/div><\/div>\n\n\n\n<div style=\"height:60px\" aria-hidden=\"true\" class=\"wp-block-spacer\"><\/div>\n\n\n\n<div class=\"wp-block-uagb-container uagb-block-f567a905 alignfull uagb-is-root-container\"><div class=\"uagb-container-inner-blocks-wrap\">\n<div class=\"wp-block-uagb-container uagb-block-959033a5\">\n<div class=\"wp-block-uagb-image uagb-block-7c4aacdf wp-block-uagb-image--layout-default wp-block-uagb-image--effect-static wp-block-uagb-image--align-none\"><figure class=\"wp-block-uagb-image__figure\"><img decoding=\"async\" srcset=\"https:\/\/bassin-arcachon.com\/wp-content\/uploads\/2017\/11\/Ares-01-1024x683.jpg \" sizes=\"auto, (max-width: 480px) 150px\" src=\"https:\/\/bassin-arcachon.com\/wp-content\/uploads\/2017\/11\/Ares-01-1024x683.jpg\" alt=\"\u65e5\u843d\u6218\u795e\" class=\"uag-image-10777\" width=\"1024\" height=\"683\" title=\"- - Bassin d&#039;Arcachon\" loading=\"lazy\" role=\"img\"><\/figure><\/div>\n<\/div>\n\n\n\n<div class=\"wp-block-uagb-container uagb-block-774bd529\">\n<h2 class=\"wp-block-heading\">\u6211\u4eec\u5728\u963f\u96f7\u65af\u7684\u5ba2\u623f\u5168\u5e74\u5f00\u653e<\/h2>\n\n\n\n<p>\u963f\u96f7\u65af\u7684\u5ba2\u623f\u6b22\u8fce\u60a8\u4f53\u9a8c\u5b63\u8282\u7684\u8282\u594f\uff01\u6625\u5929\u3001\u590f\u5929\u3001\u79cb\u5929\u2026\u2026\u51ac\u5929\u53bb\u76c6\u5730\u5ea6\u5047\u6709\u8bf1\u60d1\u5417\uff1f\u60f3\u8c61\u4e00\u4e0b\u8352\u51c9\u7684\u6d77\u6ee9\u3001\u51ac\u5b63\u68ee\u6797\u7684\u9b54\u529b\u2026\u2026\u611f\u53d7\u5927\u81ea\u7136\u7684\u6d69\u701a\u548c\u81ea\u7531\u7684\u611f\u89c9\uff01\u5168\u5e74\u63a2\u7d22\u76c6\u5730\u7684\u989c\u8272\uff0c\u4f53\u9a8c\u5168\u65b0\u4f53\u9a8c\uff0c\u5e76\u9009\u62e9\u6211\u4eec\u4f4d\u4e8e\u963f\u96f7\u65af\u5168\u5e74\u5f00\u653e\u7684\u5ba2\u623f\u4e4b\u4e00\uff01<\/p>\n\n\n\n<div class=\"wp-block-buttons is-layout-flex wp-block-buttons-is-layout-flex\">\n<div class=\"wp-block-button\"><a class=\"wp-block-button__link wp-element-button\" href=\"https:\/\/bassin-arcachon.com\/zh\/%e4%bd%8f%e5%ae%bf-2\/%e5%ba%8a%e5%92%8c%e6%97%a9%e9%a4%90ares\/\">\u5ba2\u623f\u5168\u5e74\u5f00\u653e<\/a><\/div>\n<\/div>\n<\/div>\n<\/div><\/div>\n\n\n\n<div style=\"height:60px\" aria-hidden=\"true\" class=\"wp-block-spacer\"><\/div>\n\n\n\n<div class=\"wp-block-uagb-container uagb-block-93219634 alignfull uagb-is-root-container\"><div class=\"uagb-container-inner-blocks-wrap\">\n<div class=\"wp-block-uagb-container uagb-block-97e56624\">\n<h2 class=\"wp-block-heading\">\u6211\u4eec\u4f4d\u4e8e\u963f\u96f7\u65af\u7684\u914d\u5907 Wifi \u7684\u5ba2\u623f<\/h2>\n\n\n\n<p>\u501f\u52a9\u6211\u4eec\u963f\u96f7\u65af\u5ba2\u623f\u5185\u7684 WiFi\uff0c\u60a8\u53ef\u4ee5\u5728\u534a\u5c9b\u4e0a\u7684\u9910\u5385\u9884\u8ba2\u9910\u684c\u6216\u4ece\u60a8\u7684\u5ba2\u623f\u4e58\u5750\u9a73\u8239\uff01\u5728\u6cf3\u6c60\u9017\u7559\u671f\u95f4\u4fdd\u6301\u8054\u7cfb\uff0c\u5e76\u4e0e\u670b\u53cb\u5206\u4eab\u60a8\u6700\u597d\u7684\u7167\u7247\u3002\u9009\u62e9\u963f\u96f7\u65af\u5e26 Wifi \u7684\u5ba2\u623f\uff01<\/p>\n\n\n\n<div class=\"wp-block-buttons is-layout-flex wp-block-buttons-is-layout-flex\">\n<div class=\"wp-block-button\"><a class=\"wp-block-button__link wp-element-button\" href=\"https:\/\/bassin-arcachon.com\/zh\/%e4%bd%8f%e5%ae%bf-2\/%e4%bd%8f%e5%ae%bf%e5%8a%a0%e6%97%a9%e9%a4%90areswifi\/\">\u63d0\u4f9b wifi \u7684\u4f4f\u5bbf\u52a0\u65e9\u9910\u65c5\u9986<\/a><\/div>\n<\/div>\n<\/div>\n\n\n\n<div class=\"wp-block-uagb-container uagb-block-3310a7d3\">\n<div class=\"wp-block-uagb-image uagb-block-6b2d231c wp-block-uagb-image--layout-default wp-block-uagb-image--effect-static wp-block-uagb-image--align-none\"><figure class=\"wp-block-uagb-image__figure\"><img decoding=\"async\" srcset=\"https:\/\/bassin-arcachon.com\/wp-content\/uploads\/2020\/07\/Flaner-sur-le-port-ostreicole-Ares-Bassin-Arcachon-1024x683-1.jpg \" sizes=\"auto, (max-width: 480px) 150px\" src=\"https:\/\/bassin-arcachon.com\/wp-content\/uploads\/2020\/07\/Flaner-sur-le-port-ostreicole-Ares-Bassin-Arcachon-1024x683-1.jpg\" alt=\"- - Bassin d&#039;Arcachon\" class=\"uag-image-44399\" width=\"1024\" height=\"683\" title=\"- - Bassin d&#039;Arcachon\" loading=\"lazy\" role=\"img\"><\/figure><\/div>\n<\/div>\n<\/div><\/div>\n\n\n\n<div style=\"height:60px\" aria-hidden=\"true\" class=\"wp-block-spacer\"><\/div>\n\n\n\n<div class=\"wp-block-uagb-container uagb-block-b69654d4 alignfull uagb-is-root-container\">\n<div class=\"wp-block-cover is-light has-parallax\"><span aria-hidden=\"true\" class=\"wp-block-cover__background has-background-dim-0 has-background-dim\"><\/span><div class=\"wp-block-cover__image-background wp-image-1345 has-parallax\" style=\"background-position:50% 50%;background-image:url(https:\/\/bassin-arcachon.com\/wp-content\/uploads\/2017\/03\/Camping-Panorama-du-Pyla-cottage-vue-mer-coin-farniente.jpg)\"><\/div><div class=\"wp-block-cover__inner-container is-layout-flow wp-block-cover-is-layout-flow\">\n<div class=\"wp-block-uagb-container uagb-block-5f0a3710\">\n<h2 class=\"wp-block-heading has-text-align-center has-white-color has-text-color has-large-font-size\">\u5728\u963f\u5361\u96c4\u7684 Bassin \u5ba2\u623f\u4e4b\u4e00\u8f7b\u677e\u5ea6\u8fc7\u60a8\u7684\u5047\u671f\uff01<\/h2>\n\n\n\n<p class=\"has-text-align-center has-white-color has-text-color\"><a href=\"https:\/\/bassin-arcachon.com\/zh\/%e4%bd%8f%e5%ae%bf-2\/%e5%ae%a2%e6%88%bf\/\">\u5f00\u59cb\u60a8\u7684\u641c\u7d22<\/a><\/p>\n<\/div>\n<\/div><\/div>\n<\/div>\n\n\n\n<div style=\"height:60px\" aria-hidden=\"true\" class=\"wp-block-spacer\"><\/div>\n\n\n\n<div class=\"wp-block-uagb-container uagb-block-64953ac4 alignfull uagb-is-root-container\"><div class=\"uagb-container-inner-blocks-wrap\">\n<div class=\"wp-block-uagb-container uagb-block-325ff4a0\">\n<h3 class=\"wp-block-heading\">\u60a8\u60f3\u9884\u8ba2\u963f\u96f7\u65af\u9644\u8fd1\u7684\u5ba2\u623f\u5417\uff1f<\/h3>\n\n\n\n<p>\u63a2\u7d22 Bassin Arcachon \u7684\u6240\u6709\u5ba2\u623f\uff1a&nbsp;<a href=\"https:\/\/bassin-arcachon.com\/zh\/%e6%88%96%e7%9d%a1%e8%a7%89\/%e4%bd%8f%e5%ae%bf%e5%8a%a0%e6%97%a9%e9%a4%90%e5%87%ba%e7%a7%9f\/?commune=arcachon\">\u963f\u5361\u96c4<\/a>,&nbsp;<a href=\"https:\/\/bassin-arcachon.com\/zh\/%e6%88%96%e7%9d%a1%e8%a7%89\/%e4%bd%8f%e5%ae%bf%e5%8a%a0%e6%97%a9%e9%a4%90%e5%87%ba%e7%a7%9f\/?commune=andernos-les-bains\">\u5b89\u5fb7\u8bfa\u65af<\/a>,&nbsp;<a href=\"https:\/\/bassin-arcachon.com\/zh\/%e6%88%96%e7%9d%a1%e8%a7%89\/%e4%bd%8f%e5%ae%bf%e5%8a%a0%e6%97%a9%e9%a4%90%e5%87%ba%e7%a7%9f\/?commune=lanton\">\u5170\u987f<\/a>,&nbsp;<a href=\"https:\/\/bassin-arcachon.com\/zh\/%e6%88%96%e7%9d%a1%e8%a7%89\/%e4%bd%8f%e5%ae%bf%e5%8a%a0%e6%97%a9%e9%a4%90%e5%87%ba%e7%a7%9f\/?commune=gujan-mestras\">\u53e4\u8ba9-\u6885\u65af\u7279\u62c9<\/a>,&nbsp;<a href=\"https:\/\/bassin-arcachon.com\/zh\/%e6%88%96%e7%9d%a1%e8%a7%89\/%e4%bd%8f%e5%ae%bf%e5%8a%a0%e6%97%a9%e9%a4%90%e5%87%ba%e7%a7%9f\/?commune=la-teste-de-buch\">La Teste de Buch<\/a>,&nbsp;<a href=\"https:\/\/bassin-arcachon.com\/zh\/%e6%88%96%e7%9d%a1%e8%a7%89\/%e4%bd%8f%e5%ae%bf%e5%8a%a0%e6%97%a9%e9%a4%90%e5%87%ba%e7%a7%9f\/?commune=audenge\">\u5965\u767b\u683c\uff0c<\/a>&nbsp;\u548c&nbsp;<a href=\"https:\/\/bassin-arcachon.com\/zh\/%e6%88%96%e7%9d%a1%e8%a7%89\/%e4%bd%8f%e5%ae%bf%e5%8a%a0%e6%97%a9%e9%a4%90%e5%87%ba%e7%a7%9f\/?commune=lege-cap-ferret\">\u96ea\u8c82<\/a>&nbsp;!<\/p>\n<\/div>\n\n\n\n<div class=\"wp-block-uagb-container uagb-block-6f3206be\">\n<div class=\"wp-block-uagb-image uagb-block-f7246d5e wp-block-uagb-image--layout-default wp-block-uagb-image--effect-static wp-block-uagb-image--align-none\"><figure class=\"wp-block-uagb-image__figure\"><img decoding=\"async\" srcset=\"https:\/\/bassin-arcachon.com\/wp-content\/uploads\/2018\/09\/nourri-a-lhu\u00eetre-\u00e9lev\u00e9-sous-les-pins-Bassin-dArcachon.jpg 1000w, https:\/\/bassin-arcachon.com\/wp-content\/uploads\/2018\/09\/nourri-a-lhu\u00eetre-\u00e9lev\u00e9-sous-les-pins-Bassin-dArcachon-600x400.jpg 600w, https:\/\/bassin-arcachon.com\/wp-content\/uploads\/2018\/09\/nourri-a-lhu\u00eetre-\u00e9lev\u00e9-sous-les-pins-Bassin-dArcachon-768x511.jpg 768w, https:\/\/bassin-arcachon.com\/wp-content\/uploads\/2018\/09\/nourri-a-lhu\u00eetre-\u00e9lev\u00e9-sous-les-pins-Bassin-dArcachon-18x12.jpg 18w\" sizes=\"auto, (max-width: 480px) 150px\" src=\"https:\/\/bassin-arcachon.com\/wp-content\/uploads\/2018\/09\/nourri-a-lhu\u00eetre-\u00e9lev\u00e9-sous-les-pins-Bassin-dArcachon.jpg\" alt=\"- - Bassin d&#039;Arcachon\" class=\"uag-image-26169\" width=\"1000\" height=\"666\" title=\"- - Bassin d&#039;Arcachon\" loading=\"lazy\" role=\"img\"><\/figure><\/div>\n<\/div>\n<\/div><\/div>\n\n\n\n<div style=\"height:60px\" aria-hidden=\"true\" class=\"wp-block-spacer\"><\/div>","protected":false},"excerpt":{"rendered":"<p>Nos chambres d\u2019h\u00f4tes avec piscine \u00e0 Ar\u00e8s Choisissez l\u2019une de nos chambres d\u2019h\u00f4tes avec piscine \u00e0 Ar\u00e8s, et s\u00e9journez aux portes du bassin ! Envie de repos ? Avec les [&hellip;]<\/p>\n","protected":false},"author":25,"featured_media":2217,"parent":398,"menu_order":1,"comment_status":"closed","ping_status":"closed","template":"","meta":{"_acf_changed":false,"_uag_custom_page_level_css":"","footnotes":""},"class_list":["post-45501","page","type-page","status-publish","has-post-thumbnail","hentry"],"acf":[],"uagb_featured_image_src":{"full":["https:\/\/bassin-arcachon.com\/wp-content\/uploads\/2017\/03\/camping-bassin-arcachon.jpg",1200,800,false],"thumbnail":["https:\/\/bassin-arcachon.com\/wp-content\/uploads\/2017\/03\/camping-bassin-arcachon-150x150.jpg",150,150,true],"medium":["https:\/\/bassin-arcachon.com\/wp-content\/uploads\/2017\/03\/camping-bassin-arcachon-600x400.jpg",600,400,true],"medium_large":["https:\/\/bassin-arcachon.com\/wp-content\/uploads\/2017\/03\/camping-bassin-arcachon-768x512.jpg",768,512,true],"large":["https:\/\/bassin-arcachon.com\/wp-content\/uploads\/2017\/03\/camping-bassin-arcachon-1024x683.jpg",1024,683,true],"1536x1536":["https:\/\/bassin-arcachon.com\/wp-content\/uploads\/2017\/03\/camping-bassin-arcachon.jpg",1200,800,false],"2048x2048":["https:\/\/bassin-arcachon.com\/wp-content\/uploads\/2017\/03\/camping-bassin-arcachon.jpg",1200,800,false],"trp-custom-language-flag":["https:\/\/bassin-arcachon.com\/wp-content\/uploads\/2017\/03\/camping-bassin-arcachon-18x12.jpg",18,12,true]},"uagb_author_info":{"display_name":"Marie Clauzel","author_link":"https:\/\/bassin-arcachon.com\/zh\/author\/mariesiba\/"},"uagb_comment_info":0,"uagb_excerpt":"Nos chambres d\u2019h\u00f4tes avec piscine \u00e0 Ar\u00e8s Choisissez l\u2019une de nos chambres d\u2019h\u00f4tes avec piscine \u00e0 Ar\u00e8s, et s\u00e9journez aux portes du bassin ! Envie de repos ? Avec les [&hellip;]","_links":{"self":[{"href":"https:\/\/bassin-arcachon.com\/zh\/wp-json\/wp\/v2\/pages\/45501","targetHints":{"allow":["GET"]}}],"collection":[{"href":"https:\/\/bassin-arcachon.com\/zh\/wp-json\/wp\/v2\/pages"}],"about":[{"href":"https:\/\/bassin-arcachon.com\/zh\/wp-json\/wp\/v2\/types\/page"}],"author":[{"embeddable":true,"href":"https:\/\/bassin-arcachon.com\/zh\/wp-json\/wp\/v2\/users\/25"}],"replies":[{"embeddable":true,"href":"https:\/\/bassin-arcachon.com\/zh\/wp-json\/wp\/v2\/comments?post=45501"}],"version-history":[{"count":1,"href":"https:\/\/bassin-arcachon.com\/zh\/wp-json\/wp\/v2\/pages\/45501\/revisions"}],"predecessor-version":[{"id":68257,"href":"https:\/\/bassin-arcachon.com\/zh\/wp-json\/wp\/v2\/pages\/45501\/revisions\/68257"}],"up":[{"embeddable":true,"href":"https:\/\/bassin-arcachon.com\/zh\/wp-json\/wp\/v2\/pages\/398"}],"wp:featuredmedia":[{"embeddable":true,"href":"https:\/\/bassin-arcachon.com\/zh\/wp-json\/wp\/v2\/media\/2217"}],"wp:attachment":[{"href":"https:\/\/bassin-arcachon.com\/zh\/wp-json\/wp\/v2\/media?parent=45501"}],"curies":[{"name":"\u53ef\u6e7f\u6027\u7c89\u5242","href":"https:\/\/api.w.org\/{rel}","templated":true}]}}