{"id":45506,"date":"2020-07-10T13:56:48","date_gmt":"2020-07-10T11:56:48","guid":{"rendered":"https:\/\/bassin-arcachon.com\/\/?page_id=45506"},"modified":"2024-11-06T11:09:15","modified_gmt":"2024-11-06T10:09:15","slug":"%e6%88%91%e4%bb%ac%e5%9c%a8%e5%b1%85%e8%ae%a9%e6%a2%85%e6%96%af%e7%89%b9%e6%8b%89%e6%96%af%e7%9a%84%e4%bd%8f%e5%ae%bf%e5%8a%a0%e6%97%a9%e9%a4%90%e6%97%85%e9%a6%86","status":"publish","type":"page","link":"https:\/\/bassin-arcachon.com\/zh\/ou-dormir\/chambres-hotes\/nos-chambres-dhotes-a-gujan-mestras\/","title":{"rendered":"\u6211\u4eec\u5728 Gujan-Mestras \u7684\u5ba2\u623f"},"content":{"rendered":"<div class=\"wp-block-uagb-container uagb-block-07b47c64 alignfull uagb-is-root-container\"><div class=\"uagb-container-inner-blocks-wrap\">\n<div class=\"wp-block-uagb-container uagb-block-84591744\">\n<h2 class=\"wp-block-heading\">\u6211\u4eec\u5728 Gujan-Mestras \u7684\u5ba2\u623f\u914d\u6709\u5957\u9910<\/h2>\n\n\n\n<p>\u60f3\u5728 Gujan-Mestras \u4eab\u53d7\u7f8e\u98df\u4e4b\u65c5\u5417\uff1f\u5728\u6211\u4eec\u4f4d\u4e8e Gujan-Mestras \u7684\u5957\u9910\u4e2d\u4eab\u7528\u5f53\u5730\u4ea7\u54c1\uff01\u54c1\u869d\u914d\u7f8e\u9152\uff0c\u4e0e\u53e4\u8d3e\u5948\u4eba\u5171\u4eab\u6e29\u99a8\u65f6\u523b\uff01\u9009\u62e9\u53e4\u8ba9\u6885\u65af\u7279\u62c9\u65af\u7684\u4f4f\u5bbf\u52a0\u65e9\u9910\u65c5\u9986\uff0c\u7ed3\u8bc6\u5f53\u5730\u4eba\uff01<\/p>\n\n\n\n<div class=\"wp-block-buttons is-layout-flex wp-block-buttons-is-layout-flex\">\n<div class=\"wp-block-button\"><a class=\"wp-block-button__link wp-element-button\" href=\"https:\/\/bassin-arcachon.com\/zh\/https%ef%bc%9a-2\/\/bassin-arcachon-com\/%e4%bd%8f%e5%ae%bf-2\/chambres-dhotes%40gujan-mestras%26amp%3bhotes\/\">\u5ba2\u623f\u914d\u6709\u5bbe\u5ba2\u684c<\/a><\/div>\n<\/div>\n<\/div>\n\n\n\n<div class=\"wp-block-uagb-container uagb-block-0083c461\">\n<div class=\"wp-block-uagb-image uagb-block-bde49f7c wp-block-uagb-image--layout-default wp-block-uagb-image--effect-static wp-block-uagb-image--align-none\"><figure class=\"wp-block-uagb-image__figure\"><img decoding=\"async\" srcset=\"https:\/\/bassin-arcachon.com\/wp-content\/uploads\/2018\/07\/Balade-dans-les-ports-de-Gujan-Mestras.jpg \" sizes=\"auto, (max-width: 480px) 150px\" src=\"https:\/\/bassin-arcachon.com\/wp-content\/uploads\/2018\/07\/Balade-dans-les-ports-de-Gujan-Mestras.jpg\" alt=\"- - Bassin d&#039;Arcachon\" class=\"uag-image-24021\" width=\"1000\" height=\"666\" title=\"- - Bassin d&#039;Arcachon\" loading=\"lazy\" role=\"img\"><\/figure><\/div>\n<\/div>\n<\/div><\/div>\n\n\n\n<div style=\"height:60px\" aria-hidden=\"true\" class=\"wp-block-spacer\"><\/div>\n\n\n\n<div class=\"wp-block-uagb-container uagb-block-944ecb77 alignfull uagb-is-root-container\"><div class=\"uagb-container-inner-blocks-wrap\">\n<div class=\"wp-block-uagb-container uagb-block-6610ab55\">\n<div class=\"wp-block-uagb-image uagb-block-80979e73 wp-block-uagb-image--layout-default wp-block-uagb-image--effect-static wp-block-uagb-image--align-none\"><figure class=\"wp-block-uagb-image__figure\"><img decoding=\"async\" srcset=\"https:\/\/bassin-arcachon.com\/wp-content\/uploads\/2017\/09\/Larros_Gujan_Mestras_N4426b-1024x682.jpg \" sizes=\"auto, (max-width: 480px) 150px\" src=\"https:\/\/bassin-arcachon.com\/wp-content\/uploads\/2017\/09\/Larros_Gujan_Mestras_N4426b-1024x682.jpg\" alt=\"- - Bassin d&#039;Arcachon\" class=\"uag-image-9473\" width=\"1024\" height=\"682\" title=\"- - Bassin d&#039;Arcachon\" loading=\"lazy\" role=\"img\"><\/figure><\/div>\n<\/div>\n\n\n\n<div class=\"wp-block-uagb-container uagb-block-83a68d3a\">\n<h2 class=\"wp-block-heading\">\u6211\u4eec\u5728 Gujan-Mestras \u7684\u5ba2\u623f\u8bbe\u6709\u6e38\u6cf3\u6c60<\/h2>\n\n\n\n<p>\u5728 Gujan-Mestras \u4f4f\u5bbf\u52a0\u65e9\u9910\u65c5\u9986\u7684\u6e38\u6cf3\u6c60\u4e2d\u6062\u590d\u6d3b\u529b\uff01\u5728\u4e00\u5929\u7684\u8fd0\u52a8\u4e4b\u540e\uff0c\u65e9\u4e0a\u9192\u6765\u6216\u653e\u677e\u4e00\u5929\u540e\uff0c\u4eab\u53d7\u6e38\u6cf3\u6c60\u5427\uff01\u52a0\u70ed\u3001\u8986\u76d6\u6216\u6e05\u723d\uff0c\u9009\u62e9\u6743\u5728\u60a8\u624b\u4e2d\uff01\u4e0e\u670b\u53cb\u6216\u5bb6\u4eba\u4e00\u8d77\uff0c\u9009\u62e9\u6211\u4eec\u4f4d\u4e8e Gujan-Mestras \u7684\u5e26\u6e38\u6cf3\u6c60\u7684\u5ba2\u623f\u4e4b\u4e00\uff01<\/p>\n\n\n\n<div class=\"wp-block-buttons is-layout-flex wp-block-buttons-is-layout-flex\">\n<div class=\"wp-block-button\"><a class=\"wp-block-button__link wp-element-button\" href=\"https:\/\/bassin-arcachon.com\/zh\/https%ef%bc%9a-2\/\/bassin-arcachon-com\/%e4%bd%8f%e5%ae%bf-2\/chambres-dhotes%40gujan-mestras%26amp%3bpiscine\/\">\u5e26\u6e38\u6cf3\u6c60\u7684\u6c11\u5bbf<\/a><\/div>\n<\/div>\n<\/div>\n<\/div><\/div>\n\n\n\n<div style=\"height:60px\" aria-hidden=\"true\" class=\"wp-block-spacer\"><\/div>\n\n\n\n<div class=\"wp-block-uagb-container uagb-block-d801cb3d alignfull uagb-is-root-container\"><div class=\"uagb-container-inner-blocks-wrap\">\n<div class=\"wp-block-uagb-container uagb-block-7b675e14\">\n<h2 class=\"wp-block-heading\">\u6211\u4eec\u5728 Gujan-Mestras \u7684\u5ba2\u623f\u8bbe\u6709\u82b1\u56ed<\/h2>\n\n\n\n<p>\u5728\u60a8\u4f4d\u4e8e Gujan-Mestras \u7684\u4f4f\u5bbf\u52a0\u65e9\u9910\u65c5\u9986\u7684\u82b1\u56ed\u91cc\u653e\u677e\u8eab\u5fc3\uff0c\u4e0e\u60a8\u7684\u4e3b\u4eba\u804a\u5929\uff0c\u800c\u5b69\u5b50\u4eec\u5219\u5728\u8fd9\u4e2a\u7e41\u82b1\u4f3c\u9526\u7684\u73af\u5883\u4e2d\u73a9\u800d\uff01\u5728\u82b1\u56ed\u91cc\uff0c\u5728\u6811\u836b\u4e0b\uff0c\u8fd9\u662f\u4e00\u4e2a\u4f53\u9a8c\u548c\u5e73\u5206\u4eab\u7684\u771f\u5b9e\u65f6\u523b\u7684\u673a\u4f1a\u3002\u9009\u62e9\u5c45\u8ba9\u6885\u65af\u7279\u62c9\u65af\u5e26\u82b1\u56ed\u7684\u4f4f\u5bbf\u52a0\u65e9\u9910\u65c5\u9986\uff0c\u4eab\u53d7\u4e13\u4e3a\u60a8\u51c6\u5907\u7684\u7eff\u8272\u73af\u5883\uff01<\/p>\n\n\n\n<div class=\"wp-block-buttons is-layout-flex wp-block-buttons-is-layout-flex\">\n<div class=\"wp-block-button\"><a class=\"wp-block-button__link wp-element-button\" href=\"https:\/\/bassin-arcachon.com\/zh\/https%ef%bc%9a-2\/\/bassin-arcachon-com\/%e4%bd%8f%e5%ae%bf-2\/chambres-dhotes%40gujan-mestras%26amp%3bjardin\/\">\u5e26\u82b1\u56ed\u7684\u6c11\u5bbf<\/a><\/div>\n<\/div>\n<\/div>\n\n\n\n<div class=\"wp-block-uagb-container uagb-block-242e117b\">\n<div class=\"wp-block-uagb-image uagb-block-0afaf613 wp-block-uagb-image--layout-default wp-block-uagb-image--effect-static wp-block-uagb-image--align-none\"><figure class=\"wp-block-uagb-image__figure\"><img decoding=\"async\" srcset=\"https:\/\/bassin-arcachon.com\/wp-content\/uploads\/2018\/04\/Parcours-exrt\u00e9rieur-Maison-de-lHu\u00eetre.jpg \" sizes=\"auto, (max-width: 480px) 150px\" src=\"https:\/\/bassin-arcachon.com\/wp-content\/uploads\/2018\/04\/Parcours-exrt\u00e9rieur-Maison-de-lHu\u00eetre.jpg\" alt=\"- - Bassin d&#039;Arcachon\" class=\"uag-image-20627\" width=\"1000\" height=\"666\" title=\"- - Bassin d&#039;Arcachon\" loading=\"lazy\" role=\"img\"><\/figure><\/div>\n<\/div>\n<\/div><\/div>\n\n\n\n<div style=\"height:60px\" aria-hidden=\"true\" class=\"wp-block-spacer\"><\/div>\n\n\n\n<div class=\"wp-block-uagb-container uagb-block-762e3df1 alignfull uagb-is-root-container\">\n<div class=\"wp-block-cover is-light has-parallax\"><span aria-hidden=\"true\" class=\"wp-block-cover__background has-background-dim-0 has-background-dim\"><\/span><div class=\"wp-block-cover__image-background wp-image-1345 has-parallax\" style=\"background-position:50% 50%;background-image:url(https:\/\/bassin-arcachon.com\/wp-content\/uploads\/2017\/03\/Camping-Panorama-du-Pyla-cottage-vue-mer-coin-farniente.jpg)\"><\/div><div class=\"wp-block-cover__inner-container is-layout-flow wp-block-cover-is-layout-flow\">\n<div class=\"wp-block-uagb-container uagb-block-2a0a6faa\">\n<h2 class=\"wp-block-heading has-text-align-center has-white-color has-text-color has-large-font-size\">\u5728\u963f\u5361\u96c4\u7684 Bassin \u5ba2\u623f\u4e4b\u4e00\u8f7b\u677e\u5ea6\u8fc7\u60a8\u7684\u5047\u671f\uff01<\/h2>\n\n\n\n<p class=\"has-text-align-center has-white-color has-text-color\"><a href=\"https:\/\/bassin-arcachon.com\/zh\/https%ef%bc%9a-2\/\/bassin-arcachon-com\/%e4%bd%8f%e5%ae%bf-2\/%e5%ae%a2%e6%88%bf\/\">\u5f00\u59cb\u60a8\u7684\u641c\u7d22<\/a><\/p>\n<\/div>\n<\/div><\/div>\n<\/div>\n\n\n\n<div style=\"height:60px\" aria-hidden=\"true\" class=\"wp-block-spacer\"><\/div>\n\n\n\n<div class=\"wp-block-uagb-container uagb-block-a68209e3 alignfull uagb-is-root-container\"><div class=\"uagb-container-inner-blocks-wrap\">\n<div class=\"wp-block-uagb-container uagb-block-aff204e2\">\n<h3 class=\"wp-block-heading\">\u60a8\u60f3\u9884\u8ba2Gujan-Mestras\u9644\u8fd1\u7684\u4f4f\u5bbf\u52a0\u65e9\u9910\u65c5\u9986\u5417\uff1f<\/h3>\n\n\n\n<p>\u63a2\u7d22 Bassin Arcachon \u7684\u6240\u6709\u5ba2\u623f\uff1a&nbsp;<a href=\"https:\/\/bassin-arcachon.com\/zh\/%e6%88%96%e7%9d%a1%e8%a7%89\/%e4%bd%8f%e5%ae%bf%e5%8a%a0%e6%97%a9%e9%a4%90%e5%87%ba%e7%a7%9f\/?commune=arcachon\">\u963f\u5361\u96c4<\/a>,&nbsp;<a href=\"https:\/\/bassin-arcachon.com\/zh\/%e6%88%96%e7%9d%a1%e8%a7%89\/%e4%bd%8f%e5%ae%bf%e5%8a%a0%e6%97%a9%e9%a4%90%e5%87%ba%e7%a7%9f\/?commune=ares\">\u6218\u795e<\/a>,&nbsp;<a href=\"https:\/\/bassin-arcachon.com\/zh\/%e6%88%96%e7%9d%a1%e8%a7%89\/%e4%bd%8f%e5%ae%bf%e5%8a%a0%e6%97%a9%e9%a4%90%e5%87%ba%e7%a7%9f\/?commune=lanton\">\u5170\u987f<\/a>,&nbsp;<a href=\"https:\/\/bassin-arcachon.com\/zh\/%e6%88%96%e7%9d%a1%e8%a7%89\/%e4%bd%8f%e5%ae%bf%e5%8a%a0%e6%97%a9%e9%a4%90%e5%87%ba%e7%a7%9f\/?commune=andernos-les-bains\">\u5b89\u5fb7\u8bfa\u65af<\/a>,&nbsp;<a href=\"https:\/\/bassin-arcachon.com\/zh\/%e6%88%96%e7%9d%a1%e8%a7%89\/%e4%bd%8f%e5%ae%bf%e5%8a%a0%e6%97%a9%e9%a4%90%e5%87%ba%e7%a7%9f\/?commune=la-teste-de-buch\">La Teste de Buch<\/a>,&nbsp;<a href=\"https:\/\/bassin-arcachon.com\/zh\/%e6%88%96%e7%9d%a1%e8%a7%89\/%e4%bd%8f%e5%ae%bf%e5%8a%a0%e6%97%a9%e9%a4%90%e5%87%ba%e7%a7%9f\/?commune=audenge\">\u5965\u767b\u683c\uff0c<\/a>&nbsp;\u548c&nbsp;<a href=\"https:\/\/bassin-arcachon.com\/zh\/%e6%88%96%e7%9d%a1%e8%a7%89\/%e4%bd%8f%e5%ae%bf%e5%8a%a0%e6%97%a9%e9%a4%90%e5%87%ba%e7%a7%9f\/?commune=lege-cap-ferret\">\u96ea\u8c82<\/a>&nbsp;!<\/p>\n<\/div>\n\n\n\n<div class=\"wp-block-uagb-container uagb-block-82b5398d\">\n<div class=\"wp-block-uagb-image uagb-block-b354914e wp-block-uagb-image--layout-default wp-block-uagb-image--effect-static wp-block-uagb-image--align-none\"><figure class=\"wp-block-uagb-image__figure\"><img decoding=\"async\" srcset=\"https:\/\/bassin-arcachon.com\/wp-content\/uploads\/2018\/09\/nourri-a-lhu\u00eetre-\u00e9lev\u00e9-sous-les-pins-Bassin-dArcachon.jpg 1000w, https:\/\/bassin-arcachon.com\/wp-content\/uploads\/2018\/09\/nourri-a-lhu\u00eetre-\u00e9lev\u00e9-sous-les-pins-Bassin-dArcachon-600x400.jpg 600w, https:\/\/bassin-arcachon.com\/wp-content\/uploads\/2018\/09\/nourri-a-lhu\u00eetre-\u00e9lev\u00e9-sous-les-pins-Bassin-dArcachon-768x511.jpg 768w, https:\/\/bassin-arcachon.com\/wp-content\/uploads\/2018\/09\/nourri-a-lhu\u00eetre-\u00e9lev\u00e9-sous-les-pins-Bassin-dArcachon-18x12.jpg 18w\" sizes=\"auto, (max-width: 480px) 150px\" src=\"https:\/\/bassin-arcachon.com\/wp-content\/uploads\/2018\/09\/nourri-a-lhu\u00eetre-\u00e9lev\u00e9-sous-les-pins-Bassin-dArcachon.jpg\" alt=\"- - Bassin d&#039;Arcachon\" class=\"uag-image-26169\" width=\"1000\" height=\"666\" title=\"- - Bassin d&#039;Arcachon\" loading=\"lazy\" role=\"img\"><\/figure><\/div>\n<\/div>\n<\/div><\/div>\n\n\n\n<div style=\"height:60px\" aria-hidden=\"true\" class=\"wp-block-spacer\"><\/div>","protected":false},"excerpt":{"rendered":"<p>Nos chambres d\u2019h\u00f4tes \u00e0 Gujan-Mestras avec table d\u2019h\u00f4tes Envie d\u2019une escapade gourmande \u00e0 Gujan-Mestras ? Appr\u00e9ciez les produits locaux servis dans l\u2019une de nos tables d\u2019h\u00f4tes \u00e0 Gujan-Mestras ! D\u00e9gustez [&hellip;]<\/p>\n","protected":false},"author":25,"featured_media":2217,"parent":398,"menu_order":1,"comment_status":"closed","ping_status":"closed","template":"","meta":{"_acf_changed":false,"_uag_custom_page_level_css":"","footnotes":""},"class_list":["post-45506","page","type-page","status-publish","has-post-thumbnail","hentry"],"acf":[],"uagb_featured_image_src":{"full":["https:\/\/bassin-arcachon.com\/wp-content\/uploads\/2017\/03\/camping-bassin-arcachon.jpg",1200,800,false],"thumbnail":["https:\/\/bassin-arcachon.com\/wp-content\/uploads\/2017\/03\/camping-bassin-arcachon-150x150.jpg",150,150,true],"medium":["https:\/\/bassin-arcachon.com\/wp-content\/uploads\/2017\/03\/camping-bassin-arcachon-600x400.jpg",600,400,true],"medium_large":["https:\/\/bassin-arcachon.com\/wp-content\/uploads\/2017\/03\/camping-bassin-arcachon-768x512.jpg",768,512,true],"large":["https:\/\/bassin-arcachon.com\/wp-content\/uploads\/2017\/03\/camping-bassin-arcachon-1024x683.jpg",1024,683,true],"1536x1536":["https:\/\/bassin-arcachon.com\/wp-content\/uploads\/2017\/03\/camping-bassin-arcachon.jpg",1200,800,false],"2048x2048":["https:\/\/bassin-arcachon.com\/wp-content\/uploads\/2017\/03\/camping-bassin-arcachon.jpg",1200,800,false],"trp-custom-language-flag":["https:\/\/bassin-arcachon.com\/wp-content\/uploads\/2017\/03\/camping-bassin-arcachon-18x12.jpg",18,12,true]},"uagb_author_info":{"display_name":"Marie Clauzel","author_link":"https:\/\/bassin-arcachon.com\/zh\/author\/mariesiba\/"},"uagb_comment_info":0,"uagb_excerpt":"Nos chambres d\u2019h\u00f4tes \u00e0 Gujan-Mestras avec table d\u2019h\u00f4tes Envie d\u2019une escapade gourmande \u00e0 Gujan-Mestras ? Appr\u00e9ciez les produits locaux servis dans l\u2019une de nos tables d\u2019h\u00f4tes \u00e0 Gujan-Mestras ! D\u00e9gustez [&hellip;]","_links":{"self":[{"href":"https:\/\/bassin-arcachon.com\/zh\/wp-json\/wp\/v2\/pages\/45506","targetHints":{"allow":["GET"]}}],"collection":[{"href":"https:\/\/bassin-arcachon.com\/zh\/wp-json\/wp\/v2\/pages"}],"about":[{"href":"https:\/\/bassin-arcachon.com\/zh\/wp-json\/wp\/v2\/types\/page"}],"author":[{"embeddable":true,"href":"https:\/\/bassin-arcachon.com\/zh\/wp-json\/wp\/v2\/users\/25"}],"replies":[{"embeddable":true,"href":"https:\/\/bassin-arcachon.com\/zh\/wp-json\/wp\/v2\/comments?post=45506"}],"version-history":[{"count":1,"href":"https:\/\/bassin-arcachon.com\/zh\/wp-json\/wp\/v2\/pages\/45506\/revisions"}],"predecessor-version":[{"id":68259,"href":"https:\/\/bassin-arcachon.com\/zh\/wp-json\/wp\/v2\/pages\/45506\/revisions\/68259"}],"up":[{"embeddable":true,"href":"https:\/\/bassin-arcachon.com\/zh\/wp-json\/wp\/v2\/pages\/398"}],"wp:featuredmedia":[{"embeddable":true,"href":"https:\/\/bassin-arcachon.com\/zh\/wp-json\/wp\/v2\/media\/2217"}],"wp:attachment":[{"href":"https:\/\/bassin-arcachon.com\/zh\/wp-json\/wp\/v2\/media?parent=45506"}],"curies":[{"name":"\u53ef\u6e7f\u6027\u7c89\u5242","href":"https:\/\/api.w.org\/{rel}","templated":true}]}}