{"id":45509,"date":"2020-07-10T13:59:02","date_gmt":"2020-07-10T11:59:02","guid":{"rendered":"https:\/\/bassin-arcachon.com\/\/?page_id=45509"},"modified":"2024-11-06T11:07:53","modified_gmt":"2024-11-06T10:07:53","slug":"%e6%88%91%e4%bb%ac%e5%9c%a8%e5%85%b0%e9%a1%bf%e7%9a%84%e4%bd%8f%e5%ae%bf%e5%8a%a0%e6%97%a9%e9%a4%90%e5%ae%a2%e6%88%bf","status":"publish","type":"page","link":"https:\/\/bassin-arcachon.com\/zh\/ou-dormir\/chambres-hotes\/nos-chambres-dhotes-a-lanton\/","title":{"rendered":"\u6211\u4eec\u5728\u5170\u987f\u7684\u4f4f\u5bbf\u52a0\u65e9\u9910\u65c5\u9986"},"content":{"rendered":"<div class=\"wp-block-uagb-container uagb-block-450ae21c alignfull uagb-is-root-container\"><div class=\"uagb-container-inner-blocks-wrap\">\n<div class=\"wp-block-uagb-container uagb-block-fec758ab\">\n<h2 class=\"wp-block-heading\">\u6211\u4eec\u5728\u5170\u987f\u7684\u5ba2\u623f\u63d0\u4f9b Wifi<\/h2>\n\n\n\n<p>\u501f\u52a9\u6211\u4eec\u4f4d\u4e8e\u5170\u987f\u7684\u5ba2\u623f\u7684 Wifi\uff0c\u60a8\u53ef\u4ee5\u5b89\u6392\u53c2\u89c2\u3001\u6d3b\u52a8\u548c\u884c\u7a0b\uff0c\u5b89\u6392\u60a8\u7684\u4f59\u4e0b\u65f6\u95f4\u3002\u5728 Bassin \u7684\u4e2d\u5fc3\u548c\u68ee\u6797\u7684\u8fb9\u7f18\uff0c\u5229\u7528\u5ba2\u623f\u5185\u7684 Wifi \u5206\u4eab\u60a8\u6700\u7f8e\u597d\u7684\u5047\u671f\u56de\u5fc6\uff0c\u5e76\u4e3a\u4e0b\u4e00\u4e2a\u5047\u671f\u505a\u597d\u51c6\u5907\uff01\u5b89\u6392\u60a8\u5728\u5170\u987f\u9644\u8fd1\u7684\u5269\u4f59\u65f6\u95f4\uff01<\/p>\n\n\n\n<div class=\"wp-block-buttons is-layout-flex wp-block-buttons-is-layout-flex\">\n<div class=\"wp-block-button\"><a class=\"wp-block-button__link wp-element-button\" href=\"https:\/\/bassin-arcachon.com\/zh\/https%ef%bc%9a-2\/\/bassin-arcachon-com\/%e4%bd%8f%e5%ae%bf-2\/chambres-dhotes%40coeur-de-bassin%26amp%3bwifi\/\">\u63d0\u4f9b wifi \u7684\u4f4f\u5bbf\u52a0\u65e9\u9910\u65c5\u9986<\/a><\/div>\n<\/div>\n<\/div>\n\n\n\n<div class=\"wp-block-uagb-container uagb-block-9492f291\">\n<div class=\"wp-block-uagb-image uagb-block-162d4074 wp-block-uagb-image--layout-default wp-block-uagb-image--effect-static wp-block-uagb-image--align-none\"><figure class=\"wp-block-uagb-image__figure\"><img decoding=\"async\" srcset=\"https:\/\/bassin-arcachon.com\/wp-content\/uploads\/2017\/08\/happy3.jpg \" sizes=\"auto, (max-width: 480px) 150px\" src=\"https:\/\/bassin-arcachon.com\/wp-content\/uploads\/2017\/08\/happy3.jpg\" alt=\"\u8def\u6613\u4e1d\u00b7\u5b89\u5fb7\u8bfa\u65af\" class=\"uag-image-7499\" width=\"700\" height=\"465\" title=\"- - Bassin d&#039;Arcachon\" loading=\"lazy\" role=\"img\"><\/figure><\/div>\n<\/div>\n<\/div><\/div>\n\n\n\n<div style=\"height:60px\" aria-hidden=\"true\" class=\"wp-block-spacer\"><\/div>\n\n\n\n<div class=\"wp-block-uagb-container uagb-block-f62741a8 alignfull uagb-is-root-container\"><div class=\"uagb-container-inner-blocks-wrap\">\n<div class=\"wp-block-uagb-container uagb-block-cdff9caa\">\n<div class=\"wp-block-uagb-image uagb-block-928b2a5b wp-block-uagb-image--layout-default wp-block-uagb-image--effect-static wp-block-uagb-image--align-none\"><figure class=\"wp-block-uagb-image__figure\"><img decoding=\"async\" srcset=\"https:\/\/bassin-arcachon.com\/wp-content\/uploads\/2018\/07\/Jetee-andernos-les-bains-bassin-arcachon.jpg \" sizes=\"auto, (max-width: 480px) 150px\" src=\"https:\/\/bassin-arcachon.com\/wp-content\/uploads\/2018\/07\/Jetee-andernos-les-bains-bassin-arcachon.jpg\" alt=\"- - Bassin d&#039;Arcachon\" class=\"uag-image-23915\" width=\"1000\" height=\"750\" title=\"- - Bassin d&#039;Arcachon\" loading=\"lazy\" role=\"img\"><\/figure><\/div>\n<\/div>\n\n\n\n<div class=\"wp-block-uagb-container uagb-block-bdcd5c4d\">\n<h2 class=\"wp-block-heading\">\u6211\u4eec\u5728\u5170\u987f\u7684\u5ba2\u623f\u8bbe\u6709\u82b1\u56ed<\/h2>\n\n\n\n<p>\u5728\u5170\u987f\u4e0b\u8f66\uff0c\u5728\u4f4f\u5bbf\u52a0\u65e9\u9910\u65c5\u9986\u7684\u82b1\u56ed\u4e2d\u653e\u677e\u8eab\u5fc3\u3002\u8ba9\u5b69\u5b50\u4eec\u5728\u5c01\u95ed\u548c\u9634\u51c9\u7684\u82b1\u56ed\u91cc\u5b8c\u5168\u5e73\u9759\u5730\u73a9\u800d\u3002\u4f5c\u4e3a\u4e00\u4e2a\u5bb6\u5ead\uff0c\u4eab\u53d7\u6d77\u6ee9\u548c\u68ee\u6797\u4e4b\u95f4\u7684\u81ea\u7136\u73af\u5883\u3002\u9009\u62e9\u5170\u987f\u5e26\u82b1\u56ed\u7684\u5ba2\u623f\uff0c\u4eab\u53d7 100% \u81ea\u7136\u5047\u671f\uff01<\/p>\n\n\n\n<div class=\"wp-block-buttons is-layout-flex wp-block-buttons-is-layout-flex\">\n<div class=\"wp-block-button\"><a class=\"wp-block-button__link wp-element-button\" href=\"https:\/\/bassin-arcachon.com\/zh\/https%ef%bc%9a-2\/\/bassin-arcachon-com\/%e4%bd%8f%e5%ae%bf-2\/chambres-dhotes%40coeur-de-bassin%26amp%3bjardin\/\">\u5e26\u82b1\u56ed\u7684\u6c11\u5bbf<\/a><\/div>\n<\/div>\n<\/div>\n<\/div><\/div>\n\n\n\n<div style=\"height:60px\" aria-hidden=\"true\" class=\"wp-block-spacer\"><\/div>\n\n\n\n<div class=\"wp-block-uagb-container uagb-block-d3ee264b alignfull uagb-is-root-container\"><div class=\"uagb-container-inner-blocks-wrap\">\n<div class=\"wp-block-uagb-container uagb-block-0e2f2a9d\">\n<h2 class=\"wp-block-heading\">\u6211\u4eec\u5728\u5170\u987f\u7684\u5ba2\u623f\u5168\u5e74\u5f00\u653e<\/h2>\n\n\n\n<p>\u4f60\u613f\u610f\u5728\u4e16\u754c\u4e0a\u611f\u5230\u5b64\u72ec\u5417\uff1f\u5728\u51ac\u5b63\u63a2\u7d22 Arcachon \u7684 Bassin\u3002\u4f5c\u4e3a\u4e00\u5bb6\u4eba\u6216\u60c5\u4fa3\uff0c\u5728\u8352\u51c9\u7684\u6d77\u6ee9\u6216\u68ee\u6797\u4e2d\u5fc3\u4eab\u53d7\u72ec\u7279\u7684\u65f6\u5149\u3002\u5165\u4f4f Lanton \u5168\u5e74\u5f00\u653e\u7684\u4f4f\u5bbf\u52a0\u65e9\u9910\u65c5\u9986\uff0c\u4eab\u53d7 Bassin \u4e2d\u5fc3\u7684\u7406\u60f3\u4f4d\u7f6e\uff01<\/p>\n\n\n\n<div class=\"wp-block-buttons is-layout-flex wp-block-buttons-is-layout-flex\">\n<div class=\"wp-block-button\"><a class=\"wp-block-button__link wp-element-button\" href=\"https:\/\/bassin-arcachon.com\/zh\/https%ef%bc%9a-2\/\/bassin-arcachon-com\/%e4%bd%8f%e5%ae%bf-2\/chambres-dhotes%40coeur-de-bassin\/\">\u5ba2\u623f\u5168\u5e74\u5f00\u653e<\/a><\/div>\n<\/div>\n<\/div>\n\n\n\n<div class=\"wp-block-uagb-container uagb-block-3ddb0584\">\n<div class=\"wp-block-uagb-image uagb-block-c553fef2 wp-block-uagb-image--layout-default wp-block-uagb-image--effect-static wp-block-uagb-image--align-none\"><figure class=\"wp-block-uagb-image__figure\"><img decoding=\"async\" srcset=\"https:\/\/bassin-arcachon.com\/wp-content\/uploads\/2018\/10\/andernos-velo-SIBA-agence-les-conteurs-50-1024x683.jpg \" sizes=\"auto, (max-width: 480px) 150px\" src=\"https:\/\/bassin-arcachon.com\/wp-content\/uploads\/2018\/10\/andernos-velo-SIBA-agence-les-conteurs-50-1024x683.jpg\" alt=\"\u5b89\u5fb7\u8bfa\u65af\u7f8e\u4e3d\u7684\u522b\u5885\" class=\"uag-image-26668\" width=\"1024\" height=\"683\" title=\"- - Bassin d&#039;Arcachon\" loading=\"lazy\" role=\"img\"><\/figure><\/div>\n<\/div>\n<\/div><\/div>\n\n\n\n<div style=\"height:60px\" aria-hidden=\"true\" class=\"wp-block-spacer\"><\/div>\n\n\n\n<div class=\"wp-block-uagb-container uagb-block-cdd77159 alignfull uagb-is-root-container\">\n<div class=\"wp-block-cover is-light has-parallax\"><span aria-hidden=\"true\" class=\"wp-block-cover__background has-background-dim-0 has-background-dim\"><\/span><div class=\"wp-block-cover__image-background wp-image-1345 has-parallax\" style=\"background-position:50% 50%;background-image:url(https:\/\/bassin-arcachon.com\/wp-content\/uploads\/2017\/03\/Camping-Panorama-du-Pyla-cottage-vue-mer-coin-farniente.jpg)\"><\/div><div class=\"wp-block-cover__inner-container is-layout-flow wp-block-cover-is-layout-flow\">\n<div class=\"wp-block-uagb-container uagb-block-fb66c32a\">\n<h2 class=\"wp-block-heading has-text-align-center has-white-color has-text-color has-large-font-size\">\u5728\u963f\u5361\u96c4\u7684 Bassin \u5ba2\u623f\u4e4b\u4e00\u8f7b\u677e\u5ea6\u8fc7\u60a8\u7684\u5047\u671f\uff01<\/h2>\n\n\n\n<p class=\"has-text-align-center has-white-color has-text-color\"><a href=\"https:\/\/bassin-arcachon.com\/zh\/https%ef%bc%9a-2\/\/bassin-arcachon-com\/%e4%bd%8f%e5%ae%bf-2\/%e5%ae%a2%e6%88%bf\/\">\u5f00\u59cb\u60a8\u7684\u641c\u7d22<\/a><\/p>\n<\/div>\n<\/div><\/div>\n<\/div>\n\n\n\n<div style=\"height:60px\" aria-hidden=\"true\" class=\"wp-block-spacer\"><\/div>\n\n\n\n<div class=\"wp-block-uagb-container uagb-block-675e017b alignfull uagb-is-root-container\"><div class=\"uagb-container-inner-blocks-wrap\">\n<div class=\"wp-block-uagb-container uagb-block-22d19b05\">\n<h3 class=\"wp-block-heading\">\u60a8\u60f3\u9884\u8ba2\u5170\u987f\u9644\u8fd1\u7684\u4f4f\u5bbf\u52a0\u65e9\u9910\u65c5\u9986\u5417\uff1f<\/h3>\n\n\n\n<p>\u63a2\u7d22 Bassin Arcachon \u7684\u6240\u6709\u5ba2\u623f\uff1a&nbsp;<a href=\"https:\/\/bassin-arcachon.com\/zh\/%e6%88%96%e7%9d%a1%e8%a7%89\/%e4%bd%8f%e5%ae%bf%e5%8a%a0%e6%97%a9%e9%a4%90%e5%87%ba%e7%a7%9f\/?commune=arcachon\">\u963f\u5361\u96c4<\/a>,&nbsp;<a href=\"https:\/\/bassin-arcachon.com\/zh\/%e6%88%96%e7%9d%a1%e8%a7%89\/%e4%bd%8f%e5%ae%bf%e5%8a%a0%e6%97%a9%e9%a4%90%e5%87%ba%e7%a7%9f\/?commune=ares\">\u6218\u795e<\/a>,&nbsp;<a href=\"https:\/\/bassin-arcachon.com\/zh\/%e6%88%96%e7%9d%a1%e8%a7%89\/%e4%bd%8f%e5%ae%bf%e5%8a%a0%e6%97%a9%e9%a4%90%e5%87%ba%e7%a7%9f\/?commune=andernos-les-bains\">\u5b89\u5fb7\u8bfa\u65af<\/a>,&nbsp;<a href=\"https:\/\/bassin-arcachon.com\/zh\/%e6%88%96%e7%9d%a1%e8%a7%89\/%e4%bd%8f%e5%ae%bf%e5%8a%a0%e6%97%a9%e9%a4%90%e5%87%ba%e7%a7%9f\/?commune=gujan-mestras\">\u53e4\u8ba9-\u6885\u65af\u7279\u62c9<\/a>,&nbsp;<a href=\"https:\/\/bassin-arcachon.com\/zh\/%e6%88%96%e7%9d%a1%e8%a7%89\/%e4%bd%8f%e5%ae%bf%e5%8a%a0%e6%97%a9%e9%a4%90%e5%87%ba%e7%a7%9f\/?commune=la-teste-de-buch\">La Teste de Buch<\/a>,&nbsp;<a href=\"https:\/\/bassin-arcachon.com\/zh\/%e6%88%96%e7%9d%a1%e8%a7%89\/%e4%bd%8f%e5%ae%bf%e5%8a%a0%e6%97%a9%e9%a4%90%e5%87%ba%e7%a7%9f\/?commune=audenge\">\u5965\u767b\u683c\uff0c<\/a>&nbsp;\u548c&nbsp;<a href=\"https:\/\/bassin-arcachon.com\/zh\/%e6%88%96%e7%9d%a1%e8%a7%89\/%e4%bd%8f%e5%ae%bf%e5%8a%a0%e6%97%a9%e9%a4%90%e5%87%ba%e7%a7%9f\/?commune=lege-cap-ferret\">\u96ea\u8c82<\/a>&nbsp;!<\/p>\n<\/div>\n\n\n\n<div class=\"wp-block-uagb-container uagb-block-ed0ff29b\">\n<div class=\"wp-block-uagb-image uagb-block-15122c67 wp-block-uagb-image--layout-default wp-block-uagb-image--effect-static wp-block-uagb-image--align-none\"><figure class=\"wp-block-uagb-image__figure\"><img decoding=\"async\" srcset=\"https:\/\/bassin-arcachon.com\/wp-content\/uploads\/2018\/09\/nourri-a-lhu\u00eetre-\u00e9lev\u00e9-sous-les-pins-Bassin-dArcachon.jpg 1000w, https:\/\/bassin-arcachon.com\/wp-content\/uploads\/2018\/09\/nourri-a-lhu\u00eetre-\u00e9lev\u00e9-sous-les-pins-Bassin-dArcachon-600x400.jpg 600w, https:\/\/bassin-arcachon.com\/wp-content\/uploads\/2018\/09\/nourri-a-lhu\u00eetre-\u00e9lev\u00e9-sous-les-pins-Bassin-dArcachon-768x511.jpg 768w, https:\/\/bassin-arcachon.com\/wp-content\/uploads\/2018\/09\/nourri-a-lhu\u00eetre-\u00e9lev\u00e9-sous-les-pins-Bassin-dArcachon-18x12.jpg 18w\" sizes=\"auto, (max-width: 480px) 150px\" src=\"https:\/\/bassin-arcachon.com\/wp-content\/uploads\/2018\/09\/nourri-a-lhu\u00eetre-\u00e9lev\u00e9-sous-les-pins-Bassin-dArcachon.jpg\" alt=\"- - Bassin d&#039;Arcachon\" class=\"uag-image-26169\" width=\"1000\" height=\"666\" title=\"- - Bassin d&#039;Arcachon\" loading=\"lazy\" role=\"img\"><\/figure><\/div>\n<\/div>\n<\/div><\/div>\n\n\n\n<div style=\"height:60px\" aria-hidden=\"true\" class=\"wp-block-spacer\"><\/div>","protected":false},"excerpt":{"rendered":"<p>Nos chambres d\u2019h\u00f4tes \u00e0 Lanton avec Wifi Visites, activit\u00e9s et itin\u00e9raires, organisez la suite de votre s\u00e9jour gr\u00e2ce \u00e0 la Wifi de nos chambres d\u2019h\u00f4tes \u00e0 Lanton. Au c\u0153ur du [&hellip;]<\/p>\n","protected":false},"author":25,"featured_media":2217,"parent":398,"menu_order":1,"comment_status":"closed","ping_status":"closed","template":"","meta":{"_acf_changed":false,"_uag_custom_page_level_css":"","footnotes":""},"class_list":["post-45509","page","type-page","status-publish","has-post-thumbnail","hentry"],"acf":[],"uagb_featured_image_src":{"full":["https:\/\/bassin-arcachon.com\/wp-content\/uploads\/2017\/03\/camping-bassin-arcachon.jpg",1200,800,false],"thumbnail":["https:\/\/bassin-arcachon.com\/wp-content\/uploads\/2017\/03\/camping-bassin-arcachon-150x150.jpg",150,150,true],"medium":["https:\/\/bassin-arcachon.com\/wp-content\/uploads\/2017\/03\/camping-bassin-arcachon-600x400.jpg",600,400,true],"medium_large":["https:\/\/bassin-arcachon.com\/wp-content\/uploads\/2017\/03\/camping-bassin-arcachon-768x512.jpg",768,512,true],"large":["https:\/\/bassin-arcachon.com\/wp-content\/uploads\/2017\/03\/camping-bassin-arcachon-1024x683.jpg",1024,683,true],"1536x1536":["https:\/\/bassin-arcachon.com\/wp-content\/uploads\/2017\/03\/camping-bassin-arcachon.jpg",1200,800,false],"2048x2048":["https:\/\/bassin-arcachon.com\/wp-content\/uploads\/2017\/03\/camping-bassin-arcachon.jpg",1200,800,false],"trp-custom-language-flag":["https:\/\/bassin-arcachon.com\/wp-content\/uploads\/2017\/03\/camping-bassin-arcachon-18x12.jpg",18,12,true]},"uagb_author_info":{"display_name":"Marie Clauzel","author_link":"https:\/\/bassin-arcachon.com\/zh\/author\/mariesiba\/"},"uagb_comment_info":0,"uagb_excerpt":"Nos chambres d\u2019h\u00f4tes \u00e0 Lanton avec Wifi Visites, activit\u00e9s et itin\u00e9raires, organisez la suite de votre s\u00e9jour gr\u00e2ce \u00e0 la Wifi de nos chambres d\u2019h\u00f4tes \u00e0 Lanton. Au c\u0153ur du [&hellip;]","_links":{"self":[{"href":"https:\/\/bassin-arcachon.com\/zh\/wp-json\/wp\/v2\/pages\/45509","targetHints":{"allow":["GET"]}}],"collection":[{"href":"https:\/\/bassin-arcachon.com\/zh\/wp-json\/wp\/v2\/pages"}],"about":[{"href":"https:\/\/bassin-arcachon.com\/zh\/wp-json\/wp\/v2\/types\/page"}],"author":[{"embeddable":true,"href":"https:\/\/bassin-arcachon.com\/zh\/wp-json\/wp\/v2\/users\/25"}],"replies":[{"embeddable":true,"href":"https:\/\/bassin-arcachon.com\/zh\/wp-json\/wp\/v2\/comments?post=45509"}],"version-history":[{"count":1,"href":"https:\/\/bassin-arcachon.com\/zh\/wp-json\/wp\/v2\/pages\/45509\/revisions"}],"predecessor-version":[{"id":68256,"href":"https:\/\/bassin-arcachon.com\/zh\/wp-json\/wp\/v2\/pages\/45509\/revisions\/68256"}],"up":[{"embeddable":true,"href":"https:\/\/bassin-arcachon.com\/zh\/wp-json\/wp\/v2\/pages\/398"}],"wp:featuredmedia":[{"embeddable":true,"href":"https:\/\/bassin-arcachon.com\/zh\/wp-json\/wp\/v2\/media\/2217"}],"wp:attachment":[{"href":"https:\/\/bassin-arcachon.com\/zh\/wp-json\/wp\/v2\/media?parent=45509"}],"curies":[{"name":"\u53ef\u6e7f\u6027\u7c89\u5242","href":"https:\/\/api.w.org\/{rel}","templated":true}]}}