{"id":45552,"date":"2020-07-10T14:44:45","date_gmt":"2020-07-10T12:44:45","guid":{"rendered":"https:\/\/bassin-arcachon.com\/\/?page_id=45552"},"modified":"2024-11-06T10:48:34","modified_gmt":"2024-11-06T09:48:34","slug":"%e6%88%91%e4%bb%ac%e5%9c%a8%e9%98%bf%e5%8d%a1%e9%9b%84%e6%8b%a5%e6%9c%89%e7%9a%84%e9%85%92%e5%ba%97","status":"publish","type":"page","link":"https:\/\/bassin-arcachon.com\/zh\/ou-dormir\/nos-hotels-a-arcachon\/","title":{"rendered":"\u6211\u4eec\u5728 \u963f\u5361\u96c4\u62e5\u6709\u7684\u9152\u5e97"},"content":{"rendered":"<div class=\"wp-block-uagb-container uagb-block-f04d5a92 alignfull uagb-is-root-container\"><div class=\"uagb-container-inner-blocks-wrap\">\n<h2 class=\"wp-block-heading has-text-align-center\" style=\"font-size:25px\">\u63a2\u7d22\u6211\u4eec\u4f4d\u4e8e\u963f\u5361\u96c4\u7684\u9152\u5e97\uff0c\u6b23\u8d4f Bassin \u7684\u666f\u8272\uff0c\u5e76\u63d0\u4f9b\u505c\u8f66\u4f4d\u6216\u6e38\u6cf3\u6c60\uff01<\/h2>\n<\/div><\/div>\n\n\n\n<div style=\"height:40px\" aria-hidden=\"true\" class=\"wp-block-spacer\"><\/div>\n\n\n\n<div class=\"wp-block-uagb-container uagb-block-aa86f073 alignfull uagb-is-root-container\"><div class=\"uagb-container-inner-blocks-wrap\">\n<div class=\"wp-block-uagb-container uagb-block-61b75b1b\">\n<h2 class=\"wp-block-heading\">\u6211\u4eec\u5728\u963f\u5361\u96c4\u62e5\u6709 Bassin \u666f\u89c2\u7684\u9152\u5e97<\/h2>\n\n\n\n<p>\u5728\u60a8\u7684\u963f\u5361\u96c4\u9152\u5e97\u5ea6\u8fc7\u4e00\u6bb5\u96be\u5fd8\u7684\u65f6\u5149\uff01\u9009\u62e9\u53ef\u6b23\u8d4f Bassin \u666f\u89c2\u7684\u9152\u5e97\uff0c\u4f53\u9a8c\u53cc\u811a\u5728\u6c34\u4e2d\u7684\u4f4f\u5bbf\u4f53\u9a8c\uff0c\u5c3d\u53ef\u80fd\u63a5\u8fd1\u5927\u81ea\u7136\u3002\u60f3\u7ed9\u81ea\u5df1\u5145\u7535\u5417\uff1f\u6bcf\u5929\u65e9\u6668\u4eab\u53d7\u58ee\u4e3d\u7684\u98ce\u666f\uff0c\u65e2\u5e73\u9759\u53c8\u8212\u7f13\u3002\u5728\u6d77\u9e25\u5728\u6c34\u9762\u4e0a\u7fe9\u7fe9\u8d77\u821e\u7684\u82ad\u857e\u4e2d\u9192\u6765\uff0c\u5e76\u5728\u6d77\u6d6a\u58f0\u4e2d\u4eab\u7528\u5496\u5561\u3002\u6e29\u67d4\u5730\u5f00\u59cb\u65b0\u7684\u4e00\u5929\u7684\u597d\u65b9\u6cd5\uff01\u4e0e\u60a8\u7684\u5bb6\u4eba\u6216\u4e0e\u60a8\u7684\u53e6\u4e00\u534a\u4f9d\u504e\u5728\u4e00\u8d77\uff0c\u5728\u963f\u5361\u96c4\u9152\u5e97\u7684\u623f\u95f4\u91cc\u4eab\u53d7\u8fd9\u4e9b\u73cd\u8d35\u7684\u65f6\u523b\u3002<\/p>\n\n\n\n<div class=\"wp-block-buttons is-layout-flex wp-block-buttons-is-layout-flex\">\n<div class=\"wp-block-button\"><a class=\"wp-block-button__link wp-element-button\" href=\"https:\/\/bassin-arcachon.com\/zh\/%e4%bd%8f%e5%ae%bf-2\/%e9%85%92%e5%ba%97arcachonvuemer\/\">\u6d77\u6ee8\u9152\u5e97<\/a><\/div>\n<\/div>\n<\/div>\n\n\n\n<div class=\"wp-block-uagb-container uagb-block-851d5044\">\n<div class=\"wp-block-uagb-image uagb-block-769ace65 wp-block-uagb-image--layout-default wp-block-uagb-image--effect-static wp-block-uagb-image--align-none\"><figure class=\"wp-block-uagb-image__figure\"><img decoding=\"async\" srcset=\"https:\/\/bassin-arcachon.com\/wp-content\/uploads\/2018\/12\/Plage-oc\u00e9an-Bassin-dArcachon-hiver-1024x683.jpg \" sizes=\"auto, (max-width: 480px) 150px\" src=\"https:\/\/bassin-arcachon.com\/wp-content\/uploads\/2018\/12\/Plage-oc\u00e9an-Bassin-dArcachon-hiver-1024x683.jpg\" alt=\"- - Bassin d&#039;Arcachon\" class=\"uag-image-27641\" width=\"1024\" height=\"683\" title=\"- - Bassin d&#039;Arcachon\" loading=\"lazy\" role=\"img\"><\/figure><\/div>\n<\/div>\n<\/div><\/div>\n\n\n\n<div style=\"height:60px\" aria-hidden=\"true\" class=\"wp-block-spacer\"><\/div>\n\n\n\n<div class=\"wp-block-uagb-container uagb-block-ba0cd67b alignfull uagb-is-root-container\"><div class=\"uagb-container-inner-blocks-wrap\">\n<div class=\"wp-block-uagb-container uagb-block-b74aa803\">\n<div class=\"wp-block-uagb-image uagb-block-db210e76 wp-block-uagb-image--layout-default wp-block-uagb-image--effect-static wp-block-uagb-image--align-none\"><figure class=\"wp-block-uagb-image__figure\"><img decoding=\"async\" srcset=\"https:\/\/bassin-arcachon.com\/wp-content\/uploads\/2017\/03\/hotel-arcachon.jpg \" sizes=\"auto, (max-width: 480px) 150px\" src=\"https:\/\/bassin-arcachon.com\/wp-content\/uploads\/2017\/03\/hotel-arcachon.jpg\" alt=\"- - Bassin d&#039;Arcachon\" class=\"uag-image-24506\" width=\"1000\" height=\"666\" title=\"- - Bassin d&#039;Arcachon\" loading=\"lazy\" role=\"img\"><\/figure><\/div>\n<\/div>\n\n\n\n<div class=\"wp-block-uagb-container uagb-block-9d0dc743\">\n<h2 class=\"wp-block-heading\">\u6211\u4eec\u4f4d\u4e8e \u963f\u5361\u96c4 \u5e26\u505c\u8f66\u573a\u7684\u9152\u5e97<\/h2>\n\n\n\n<p>\u8c01\u8bf4\u5ea6\u5047\uff0c\u963f\u5361\u96c4\u8bf4\u81ea\u7531\uff01\u4e0d\u518d\u9700\u8981\u7ed5\u51e0\u4e2a\u5c0f\u65f6\u5bfb\u627e\u5730\u65b9\u548c\u505c\u8f66\u4f4d\u3002\u5b89\u5fc3\u65c5\u884c\uff0c\u5c06\u60a8\u7684\u7231\u8f66\u505c\u653e\u5728\u963f\u5361\u96c4\u9152\u5e97\u7684\u505c\u8f66\u573a\u3002\u7b80\u5355\u3001\u5feb\u901f\u3001\u6709\u6548\uff01\u62b5\u8fbe\u540e\u5c06\u8f66\u505c\u5728\u9152\u5e97\u7684\u79c1\u4eba\u505c\u8f66\u573a\uff0c\u7136\u540e\u6b65\u884c\u524d\u5f80\u6d77\u6ee9\u6216\u9910\u5385\u3002\u60a8\u5165\u4f4f\u7684\u9152\u5e97\u8bbe\u6709\u505c\u8f66\u573a\uff0c\u8ba9\u60a8\u5728\u963f\u5361\u96c4\u9017\u7559\u671f\u95f4\u53ef\u4ee5\u5b8c\u5168\u5b89\u5fc3\u5730\u505c\u8f66\uff01\u662f\u8f7b\u677e\u4f4f\u5bbf\u7684\u7406\u60f3\u9009\u62e9\u3002<\/p>\n\n\n\n<div class=\"wp-block-buttons is-layout-flex wp-block-buttons-is-layout-flex\">\n<div class=\"wp-block-button\"><a class=\"wp-block-button__link wp-element-button\" href=\"https:\/\/bassin-arcachon.com\/zh\/%e4%bd%8f%e5%ae%bf-2\/%e9%85%92%e5%ba%97%40arcachon%26amp%3b%e5%81%9c%e8%bd%a6%e5%9c%ba\/\">\u5e26\u505c\u8f66\u573a\u7684\u9152\u5e97<\/a><\/div>\n<\/div>\n<\/div>\n<\/div><\/div>\n\n\n\n<div style=\"height:60px\" aria-hidden=\"true\" class=\"wp-block-spacer\"><\/div>\n\n\n\n<div class=\"wp-block-uagb-container uagb-block-3da2bc0a alignfull uagb-is-root-container\"><div class=\"uagb-container-inner-blocks-wrap\">\n<div class=\"wp-block-uagb-container uagb-block-cc7c196c\">\n<h2 class=\"wp-block-heading\">\u6211\u4eec\u5728\u963f\u5361\u96c4\u62e5\u6709\u6e38\u6cf3\u6c60\u7684\u9152\u5e97<\/h2>\n\n\n\n<p>\u9633\u5149\u660e\u5a9a\uff0c\u6c34\u661f\u5189\u5189\u5347\u8d77\uff1f\u5982\u679c\u60a8\u82b1\u65f6\u95f4\u5728\u963f\u5361\u96c4\u9152\u5e97\u7684\u6e38\u6cf3\u6c60\u65c1\u4eab\u53d7\u6e05\u723d\u7684\u4f11\u606f\uff0c\u8be5\u600e\u4e48\u529e\uff1f\u4ece\u7b80\u5355\u7684\u811a\u8dbe\u6d78\u5165\u5230\u4ef0\u6cf3\u5708\uff0c\u9009\u62e9\u6743\u5728\u60a8\u624b\u4e2d\uff01\u5bb6\u5ead\u5047\u671f\uff1f\u620f\u6c34\u6c60\u3001\u6309\u6469\u6d74\u7f38\u548c\u6c34\u4e0a\u6e38\u620f\u4fdd\u8bc1\u60a8\u4e0e\u5b69\u5b50\u5ea6\u8fc7\u7f8e\u597d\u7684\u65f6\u5149\u3002\u60f3\u8981\u4e00\u4e2a\u6d6a\u6f2b\u7684\u5047\u671f\u5417\uff1f\u9009\u62e9\u60a8\u5728\u963f\u5361\u96c4\u8bbe\u6709\u6e38\u6cf3\u6c60\u7684\u9152\u5e97\uff0c\u4e0e\u60a8\u7684\u53e6\u4e00\u534a\u4eab\u53d7\u72ec\u7279\u800c\u6e05\u723d\u7684\u653e\u677e\u65f6\u523b\u3002\u8d76\u5feb\u9884\u8ba2\u9152\u5e97\u5427\uff01<\/p>\n\n\n\n<div class=\"wp-block-buttons is-layout-flex wp-block-buttons-is-layout-flex\">\n<div class=\"wp-block-button\"><a class=\"wp-block-button__link wp-element-button\" href=\"https:\/\/bassin-arcachon.com\/zh\/%e4%bd%8f%e5%ae%bf-2\/hotelsarcachonpiscine\/\">\u5e26\u6e38\u6cf3\u6c60\u7684\u9152\u5e97<\/a><\/div>\n<\/div>\n<\/div>\n\n\n\n<div class=\"wp-block-uagb-container uagb-block-a2716219\">\n<div class=\"wp-block-uagb-image uagb-block-3dac4eac wp-block-uagb-image--layout-default wp-block-uagb-image--effect-static wp-block-uagb-image--align-none\"><figure class=\"wp-block-uagb-image__figure\"><img decoding=\"async\" srcset=\"https:\/\/bassin-arcachon.com\/wp-content\/uploads\/2018\/07\/bateau-banc-darguin-bassin-darcachon.jpg \" sizes=\"auto, (max-width: 480px) 150px\" src=\"https:\/\/bassin-arcachon.com\/wp-content\/uploads\/2018\/07\/bateau-banc-darguin-bassin-darcachon.jpg\" alt=\"- - Bassin d&#039;Arcachon\" class=\"uag-image-23833\" width=\"1024\" height=\"683\" title=\"- - Bassin d&#039;Arcachon\" loading=\"lazy\" role=\"img\"><\/figure><\/div>\n<\/div>\n<\/div><\/div>\n\n\n\n<div style=\"height:60px\" aria-hidden=\"true\" class=\"wp-block-spacer\"><\/div>\n\n\n\n<div class=\"wp-block-uagb-container uagb-block-c2d41207 alignfull uagb-is-root-container\">\n<div class=\"wp-block-cover is-light has-parallax\"><span aria-hidden=\"true\" class=\"wp-block-cover__background has-background-dim-0 has-background-dim\"><\/span><div class=\"wp-block-cover__image-background wp-image-1345 has-parallax\" style=\"background-position:50% 50%;background-image:url(https:\/\/bassin-arcachon.com\/wp-content\/uploads\/2017\/03\/Camping-Panorama-du-Pyla-cottage-vue-mer-coin-farniente.jpg)\"><\/div><div class=\"wp-block-cover__inner-container is-layout-flow wp-block-cover-is-layout-flow\">\n<div class=\"wp-block-uagb-container uagb-block-701bddcc\">\n<h2 class=\"wp-block-heading has-text-align-center has-white-color has-text-color has-large-font-size\">\u5728\u963f\u5361\u96c4\u7684 Bassin \u9152\u5e97\u4e4b\u4e00\u8f7b\u677e\u5ea6\u8fc7\u60a8\u7684\u5047\u671f<\/h2>\n\n\n\n<p class=\"has-text-align-center has-white-color has-text-color\"><a href=\"https:\/\/bassin-arcachon.com\/zh\/%e4%bd%8f%e5%ae%bf-2\/%e9%85%92%e5%ba%97-2\/\">\u5f00\u59cb\u60a8\u7684\u641c\u7d22<\/a><\/p>\n<\/div>\n<\/div><\/div>\n<\/div>\n\n\n\n<div style=\"height:60px\" aria-hidden=\"true\" class=\"wp-block-spacer\"><\/div>\n\n\n\n<div class=\"wp-block-uagb-container uagb-block-67970557 alignfull uagb-is-root-container\"><div class=\"uagb-container-inner-blocks-wrap\">\n<div class=\"wp-block-uagb-container uagb-block-dd7dcc04\">\n<h3 class=\"wp-block-heading\">\u60a8\u60f3\u9884\u8ba2\u963f\u5361\u96c4\u9644\u8fd1\u7684\u9152\u5e97\u5417\uff1f<\/h3>\n\n\n\n<p>\u63a2\u7d22\u6211\u4eec\u4f4d\u4e8e Bassin Arcachon \u7684\u6240\u6709\u9152\u5e97\uff1a&nbsp;<a href=\"https:\/\/bassin-arcachon.com\/zh\/%e4%bd%8f%e5%ae%bf-2\/%e9%85%92%e5%ba%97-2+%e6%88%98%e7%a5%9e-2\/\">\u6218\u795e<\/a>,&nbsp;<a href=\"https:\/\/bassin-arcachon.com\/zh\/%e4%bd%8f%e5%ae%bf-2\/%e9%85%92%e5%ba%97-2+%e5%8b%92%e6%b3%b0%e5%85%8b\/\">Le Teich<\/a>,&nbsp;<a href=\"https:\/\/bassin-arcachon.com\/zh\/%e4%bd%8f%e5%ae%bf-2\/%e9%85%92%e5%ba%97-2+%e6%89%b9%e9%87%8f%e6%b5%8b%e8%af%95\/\">La Teste de Buch<\/a>,&nbsp;<a href=\"https:\/\/bassin-arcachon.com\/zh\/%e4%bd%8f%e5%ae%bf-2\/%e9%85%92%e5%ba%97-2+%e5%ae%89%e5%be%b7%e8%af%ba%e6%96%af\/\">\u5b89\u5fb7\u8bfa\u65af<\/a>,&nbsp;<a href=\"https:\/\/bassin-arcachon.com\/zh\/%e4%bd%8f%e5%ae%bf-2\/%e9%85%92%e5%ba%97-2+%e5%8f%a4%e8%ae%a9%e6%a2%85%e6%96%af%e7%89%b9%e6%8b%89%e6%96%af\/\">Gujan-Mestras,<\/a>&nbsp;<a href=\"https:\/\/bassin-arcachon.com\/zh\/%e4%bd%8f%e5%ae%bf-2\/%e9%85%92%e5%ba%97-2+%e7%9b%86%e5%9c%b0%e4%b9%8b%e5%bf%83\/\">\u6bd4\u52a0\u8bfa\u65af<\/a>&nbsp;<a href=\"https:\/\/bassin-arcachon.com\/zh\/%e4%bd%8f%e5%ae%bf-2\/%e9%85%92%e5%ba%97-2+%e7%9b%86%e5%9c%b0%e4%b9%8b%e5%bf%83\/\">\u5965\u767b\u683c<\/a>,<a href=\"https:\/\/bassin-arcachon.com\/zh\/%e4%bd%8f%e5%ae%bf-2\/%e9%85%92%e5%ba%97-2+%e7%9b%86%e5%9c%b0%e4%b9%8b%e5%bf%83\/\">&nbsp;\u5170\u987f&nbsp;<\/a>\u548c&nbsp;<a href=\"https:\/\/bassin-arcachon.com\/zh\/%e4%bd%8f%e5%ae%bf-2\/%e9%85%92%e5%ba%97-2+lege-cap-ferret\/\">\u96ea\u8c82<\/a>&nbsp;!<\/p>\n<\/div>\n\n\n\n<div class=\"wp-block-uagb-container uagb-block-dd7a49a4\">\n<div class=\"wp-block-uagb-image uagb-block-349829c0 wp-block-uagb-image--layout-default wp-block-uagb-image--effect-static wp-block-uagb-image--align-none\"><figure class=\"wp-block-uagb-image__figure\"><img decoding=\"async\" srcset=\"https:\/\/bassin-arcachon.com\/wp-content\/uploads\/2018\/09\/nourri-a-lhu\u00eetre-\u00e9lev\u00e9-sous-les-pins-Bassin-dArcachon.jpg 1000w, https:\/\/bassin-arcachon.com\/wp-content\/uploads\/2018\/09\/nourri-a-lhu\u00eetre-\u00e9lev\u00e9-sous-les-pins-Bassin-dArcachon-600x400.jpg 600w, https:\/\/bassin-arcachon.com\/wp-content\/uploads\/2018\/09\/nourri-a-lhu\u00eetre-\u00e9lev\u00e9-sous-les-pins-Bassin-dArcachon-768x511.jpg 768w, https:\/\/bassin-arcachon.com\/wp-content\/uploads\/2018\/09\/nourri-a-lhu\u00eetre-\u00e9lev\u00e9-sous-les-pins-Bassin-dArcachon-18x12.jpg 18w\" sizes=\"auto, (max-width: 480px) 150px\" src=\"https:\/\/bassin-arcachon.com\/wp-content\/uploads\/2018\/09\/nourri-a-lhu\u00eetre-\u00e9lev\u00e9-sous-les-pins-Bassin-dArcachon.jpg\" alt=\"- - Bassin d&#039;Arcachon\" class=\"uag-image-26169\" width=\"1000\" height=\"666\" title=\"- - Bassin d&#039;Arcachon\" loading=\"lazy\" role=\"img\"><\/figure><\/div>\n<\/div>\n<\/div><\/div>\n\n\n\n<div style=\"height:60px\" aria-hidden=\"true\" class=\"wp-block-spacer\"><\/div>","protected":false},"excerpt":{"rendered":"<p>D\u00e9couvrez nos h\u00f4tels \u00e0 Arcachon offrant une vue sur le Bassin, avec parking ou piscine inclus ! Nos h\u00f4tels avec vue sur le Bassin \u00e0 Arcachon Passez un s\u00e9jour inoubliable [&hellip;]<\/p>\n","protected":false},"author":25,"featured_media":2217,"parent":43,"menu_order":1,"comment_status":"closed","ping_status":"closed","template":"","meta":{"_acf_changed":false,"_uag_custom_page_level_css":"","footnotes":""},"class_list":["post-45552","page","type-page","status-publish","has-post-thumbnail","hentry"],"acf":[],"uagb_featured_image_src":{"full":["https:\/\/bassin-arcachon.com\/wp-content\/uploads\/2017\/03\/camping-bassin-arcachon.jpg",1200,800,false],"thumbnail":["https:\/\/bassin-arcachon.com\/wp-content\/uploads\/2017\/03\/camping-bassin-arcachon-150x150.jpg",150,150,true],"medium":["https:\/\/bassin-arcachon.com\/wp-content\/uploads\/2017\/03\/camping-bassin-arcachon-600x400.jpg",600,400,true],"medium_large":["https:\/\/bassin-arcachon.com\/wp-content\/uploads\/2017\/03\/camping-bassin-arcachon-768x512.jpg",768,512,true],"large":["https:\/\/bassin-arcachon.com\/wp-content\/uploads\/2017\/03\/camping-bassin-arcachon-1024x683.jpg",1024,683,true],"1536x1536":["https:\/\/bassin-arcachon.com\/wp-content\/uploads\/2017\/03\/camping-bassin-arcachon.jpg",1200,800,false],"2048x2048":["https:\/\/bassin-arcachon.com\/wp-content\/uploads\/2017\/03\/camping-bassin-arcachon.jpg",1200,800,false],"trp-custom-language-flag":["https:\/\/bassin-arcachon.com\/wp-content\/uploads\/2017\/03\/camping-bassin-arcachon-18x12.jpg",18,12,true]},"uagb_author_info":{"display_name":"Marie Clauzel","author_link":"https:\/\/bassin-arcachon.com\/zh\/author\/mariesiba\/"},"uagb_comment_info":0,"uagb_excerpt":"D\u00e9couvrez nos h\u00f4tels \u00e0 Arcachon offrant une vue sur le Bassin, avec parking ou piscine inclus ! Nos h\u00f4tels avec vue sur le Bassin \u00e0 Arcachon Passez un s\u00e9jour inoubliable [&hellip;]","_links":{"self":[{"href":"https:\/\/bassin-arcachon.com\/zh\/wp-json\/wp\/v2\/pages\/45552","targetHints":{"allow":["GET"]}}],"collection":[{"href":"https:\/\/bassin-arcachon.com\/zh\/wp-json\/wp\/v2\/pages"}],"about":[{"href":"https:\/\/bassin-arcachon.com\/zh\/wp-json\/wp\/v2\/types\/page"}],"author":[{"embeddable":true,"href":"https:\/\/bassin-arcachon.com\/zh\/wp-json\/wp\/v2\/users\/25"}],"replies":[{"embeddable":true,"href":"https:\/\/bassin-arcachon.com\/zh\/wp-json\/wp\/v2\/comments?post=45552"}],"version-history":[{"count":2,"href":"https:\/\/bassin-arcachon.com\/zh\/wp-json\/wp\/v2\/pages\/45552\/revisions"}],"predecessor-version":[{"id":68238,"href":"https:\/\/bassin-arcachon.com\/zh\/wp-json\/wp\/v2\/pages\/45552\/revisions\/68238"}],"up":[{"embeddable":true,"href":"https:\/\/bassin-arcachon.com\/zh\/wp-json\/wp\/v2\/pages\/43"}],"wp:featuredmedia":[{"embeddable":true,"href":"https:\/\/bassin-arcachon.com\/zh\/wp-json\/wp\/v2\/media\/2217"}],"wp:attachment":[{"href":"https:\/\/bassin-arcachon.com\/zh\/wp-json\/wp\/v2\/media?parent=45552"}],"curies":[{"name":"\u53ef\u6e7f\u6027\u7c89\u5242","href":"https:\/\/api.w.org\/{rel}","templated":true}]}}