{"id":45555,"date":"2020-07-10T14:47:51","date_gmt":"2020-07-10T12:47:51","guid":{"rendered":"https:\/\/bassin-arcachon.com\/\/?page_id=45555"},"modified":"2024-11-06T10:47:16","modified_gmt":"2024-11-06T09:47:16","slug":"%e6%88%91%e4%bb%ac%e7%9a%84%e9%85%92%e5%ba%97","status":"publish","type":"page","link":"https:\/\/bassin-arcachon.com\/zh\/ou-dormir\/nos-hotels-a-ares\/","title":{"rendered":"\u6211\u4eec\u5728\u963f\u745e\u65af\u62e5\u6709\u7684\u9152\u5e97"},"content":{"rendered":"<div class=\"wp-block-uagb-container uagb-block-d6340998 alignfull uagb-is-root-container\"><div class=\"uagb-container-inner-blocks-wrap\">\n<h2 class=\"wp-block-heading has-text-align-center\" style=\"font-size:25px\">\u5728\u963f\u96f7\u65af\uff0c\u60a8\u53ef\u4ee5\u9009\u62e9\u5e26\u6e38\u6cf3\u6c60\u3001\u505c\u8f66\u573a\u6216\u5bb6\u5ead\u95f4\u7684\u9152\u5e97\u3002\u5bfb\u627e\u9002\u5408\u60a8\u4f4f\u5bbf\u7684\u5b8c\u7f8e\u4f4f\u5bbf\u3002<\/h2>\n<\/div><\/div>\n\n\n\n<div style=\"height:40px\" aria-hidden=\"true\" class=\"wp-block-spacer\"><\/div>\n\n\n\n<div class=\"wp-block-uagb-container uagb-block-7792da94 alignfull uagb-is-root-container\"><div class=\"uagb-container-inner-blocks-wrap\">\n<div class=\"wp-block-uagb-container uagb-block-5161a769\">\n<h2 class=\"wp-block-heading\">\u6211\u4eec\u5728\u963f\u745e\u65af\u62e5\u6709\u6e38\u6cf3\u6c60\u7684\u9152\u5e97<\/h2>\n\n\n\n<p>\u4e0e\u5bb6\u4eba\u6216\u670b\u53cb\u4e00\u8d77\u5728\u6211\u4eec\u4f4d\u4e8e\u963f\u96f7\u65af\u7684\u9152\u5e97\u4e4b\u4e00\u7545\u6e38\u6cf3\u6c60\uff01\u63a2\u7d22\u6211\u4eec\u7cbe\u9009\u7684\u9152\u5e97\u8bbe\u65bd\uff0c\u8fd9\u4e9b\u8bbe\u65bd\u6709\u9002\u5408\u5c0f\u5b69\u5b50\u7684\u620f\u6c34\u6c60\u3001\u9002\u5408\u5b69\u5b50\u7684\u6c34\u4e0a\u6e38\u620f\u6216\u9002\u5408\u5927\u5b69\u5b50\u7684\u4f11\u95f2\u533a\u3002\u8db3\u4ee5\u6ee1\u8db3\u6700\u82db\u523b\u7684\u6e38\u6cf3\u8005\uff01\u6e05\u723d\u6216\u6e29\u6696\uff0c\u8fd0\u52a8\u6216\u653e\u677e\uff0c\u5728\u6211\u4eec\u4f4d\u4e8e\u963f\u96f7\u65af\u7684\u9152\u5e97\u4e2d\uff0c\u6bcf\u4e2a\u4eba\u90fd\u62e5\u6709\u81ea\u5df1\u7684\u6e38\u6cf3\u6c60\uff01\u4f60\u7684\u4f1a\u662f\u4ec0\u4e48\uff1f<\/p>\n\n\n\n<div class=\"wp-block-buttons is-layout-flex wp-block-buttons-is-layout-flex\">\n<div class=\"wp-block-button\"><a class=\"wp-block-button__link wp-element-button\" href=\"https:\/\/bassin-arcachon.com\/zh\/%e4%bd%8f%e5%ae%bf-2\/%e9%85%92%e5%ba%97%26amp%3bpool\/\">\u5e26\u6e38\u6cf3\u6c60\u7684\u9152\u5e97<\/a><\/div>\n<\/div>\n<\/div>\n\n\n\n<div class=\"wp-block-uagb-container uagb-block-f8f5f9f9\">\n<div class=\"wp-block-uagb-image uagb-block-90d42698 wp-block-uagb-image--layout-default wp-block-uagb-image--effect-static wp-block-uagb-image--align-none\"><figure class=\"wp-block-uagb-image__figure\"><img decoding=\"async\" srcset=\"https:\/\/bassin-arcachon.com\/wp-content\/uploads\/2017\/04\/ares-port-ostreicole-1024x768.jpg \" sizes=\"auto, (max-width: 480px) 150px\" src=\"https:\/\/bassin-arcachon.com\/wp-content\/uploads\/2017\/04\/ares-port-ostreicole-1024x768.jpg\" alt=\"- - Bassin d&#039;Arcachon\" class=\"uag-image-1162\" width=\"1024\" height=\"768\" title=\"- - Bassin d&#039;Arcachon\" loading=\"lazy\" role=\"img\"><\/figure><\/div>\n<\/div>\n<\/div><\/div>\n\n\n\n<div style=\"height:60px\" aria-hidden=\"true\" class=\"wp-block-spacer\"><\/div>\n\n\n\n<div class=\"wp-block-uagb-container uagb-block-66800836 alignfull uagb-is-root-container\"><div class=\"uagb-container-inner-blocks-wrap\">\n<div class=\"wp-block-uagb-container uagb-block-d368b390\">\n<div class=\"wp-block-uagb-image uagb-block-84006432 wp-block-uagb-image--layout-default wp-block-uagb-image--effect-static wp-block-uagb-image--align-none\"><figure class=\"wp-block-uagb-image__figure\"><img decoding=\"async\" srcset=\"https:\/\/bassin-arcachon.com\/wp-content\/uploads\/2017\/02\/parking-dune-du-pilat.jpg \" sizes=\"auto, (max-width: 480px) 150px\" src=\"https:\/\/bassin-arcachon.com\/wp-content\/uploads\/2017\/02\/parking-dune-du-pilat.jpg\" alt=\"- - Bassin d&#039;Arcachon\" class=\"uag-image-24070\" width=\"1000\" height=\"664\" title=\"- - Bassin d&#039;Arcachon\" loading=\"lazy\" role=\"img\"><\/figure><\/div>\n<\/div>\n\n\n\n<div class=\"wp-block-uagb-container uagb-block-185509d3\">\n<h2 class=\"wp-block-heading\">\u6211\u4eec\u5728\u963f\u745e\u65af\u62e5\u6709\u505c\u8f66\u573a\u7684\u9152\u5e97<\/h2>\n\n\n\n<p>\u60f3\u5728\u51e0\u5206\u949f\u5185\u505c\u597d\u8f66\uff1f\u9884\u8ba2\u963f\u745e\u65af\u5e26\u505c\u8f66\u573a\u7684\u9152\u5e97\uff0c\u5c3d\u4eab\u5468\u672b\u8212\u9002\u60ec\u610f\u7684\u4f4f\u5bbf\u4f53\u9a8c\uff01\u60a8\u53ef\u4ee5\u79bb\u5f00\u60a8\u7684\u6c7d\u8f66\u5e76\u79df\u4e00\u8f86\u81ea\u884c\u8f66\u5728\u5e02\u4e2d\u5fc3\u66f4\u81ea\u7531\u5730\u79fb\u52a8\u3002\u9009\u62e9\u5e26\u505c\u8f66\u573a\u7684\u9152\u5e97\uff0c\u8fd8\u80fd\u907f\u514d\u5835\u8f66\uff01\u8db3\u4ee5\u8282\u7701\u65f6\u95f4\u6765\u8f7b\u677e\u63a2\u7d22\u963f\u5361\u96c4 Bassin \u7684\u5468\u56f4\u73af\u5883\u53ca\u5176\u58ee\u4e3d\u7684\u98ce\u666f\u3002\u5728 Ares \u627e\u5230\u5e26\u505c\u8f66\u573a\u7684\u9152\u5e97\uff0c\u8ba9\u60a8\u7684\u751f\u6d3b\u66f4\u8f7b\u677e\uff01<\/p>\n\n\n\n<div class=\"wp-block-buttons is-layout-flex wp-block-buttons-is-layout-flex\">\n<div class=\"wp-block-button\"><a class=\"wp-block-button__link wp-element-button\" href=\"https:\/\/bassin-arcachon.com\/zh\/%e4%bd%8f%e5%ae%bf-2\/%e9%85%92%e5%ba%97%e5%92%8c%e5%81%9c%e8%bd%a6%e5%9c%ba\/\">\u5e26\u505c\u8f66\u573a\u7684\u9152\u5e97<\/a><\/div>\n<\/div>\n<\/div>\n<\/div><\/div>\n\n\n\n<div style=\"height:60px\" aria-hidden=\"true\" class=\"wp-block-spacer\"><\/div>\n\n\n\n<div class=\"wp-block-uagb-container uagb-block-9523392f alignfull uagb-is-root-container\"><div class=\"uagb-container-inner-blocks-wrap\">\n<div class=\"wp-block-uagb-container uagb-block-6ee4a939\">\n<h2 class=\"wp-block-heading\">\u6211\u4eec\u5728\u963f\u745e\u65af\u62e5\u6709\u5bb6\u5ead\u623f\u7684\u9152\u5e97<\/h2>\n\n\n\n<p>\u4f60\u548c\u5b69\u5b50\u4eec\u4e00\u8d77\u4f4f\u5728\u963f\u745e\u65af\u5417\uff1f\u9009\u62e9\u5e26\u5bb6\u5ead\u623f\u7684\u9152\u5e97\uff01\u5bbd\u655e\u8212\u9002\uff0c\u4ed6\u4eec\u4e3a\u6240\u6709\u4eba\u63d0\u4f9b\u4e86\u4e00\u4e2a\u5730\u65b9\uff0c\u4e3a\u6bcf\u4e2a\u4eba\u63d0\u4f9b\u4e86\u4e00\u4e2a\u7a7a\u95f4\uff01\u5e74\u8f7b\u4eba\u548c\u8001\u5e74\u4eba\u90fd\u80fd\u611f\u53d7\u5230\u5bbe\u81f3\u5982\u5f52\u7684\u611f\u89c9\u3002\u9700\u8981\u66f4\u591a\u9690\u79c1\uff1f\u9009\u62e9\u8fde\u901a\u623f\u3002\u975e\u5e38\u9002\u5408\u548c\u8c10\u76f8\u5904\u3002\u6211\u4eec\u5728 Ar\u00e8s \u8bbe\u6709\u5bb6\u5ead\u623f\u7684\u9152\u5e97\u8ddd\u79bb\u6d77\u6ee9\u4ec5\u54ab\u5c3a\u4e4b\u9065\uff0c\u53ef\u786e\u4fdd\u60a8\u5ea6\u8fc7\u96be\u5fd8\u7684\u5bb6\u5ead\u5047\u671f\uff01<\/p>\n\n\n\n<div class=\"wp-block-buttons is-layout-flex wp-block-buttons-is-layout-flex\">\n<div class=\"wp-block-button\"><a class=\"wp-block-button__link wp-element-button\" href=\"https:\/\/bassin-arcachon.com\/zh\/%e4%bd%8f%e5%ae%bf-2\/%e9%85%92%e5%ba%97%26amp%3b-%e5%ae%b6%e5%ba%ad\/\">\u5e26\u5bb6\u5ead\u623f\u7684\u9152\u5e97<\/a><\/div>\n<\/div>\n<\/div>\n\n\n\n<div class=\"wp-block-uagb-container uagb-block-68257ebb\">\n<div class=\"wp-block-uagb-image uagb-block-85fcf081 wp-block-uagb-image--layout-default wp-block-uagb-image--effect-static wp-block-uagb-image--align-none\"><figure class=\"wp-block-uagb-image__figure\"><img decoding=\"async\" srcset=\"https:\/\/bassin-arcachon.com\/wp-content\/uploads\/2017\/08\/2-e1548082207616.jpg \" sizes=\"auto, (max-width: 480px) 150px\" src=\"https:\/\/bassin-arcachon.com\/wp-content\/uploads\/2017\/08\/2-e1548082207616.jpg\" alt=\"\u963f\u745e\u65af\u7684\u5bb6\u5ead\u5047\u671f\" class=\"uag-image-7703\" width=\"1000\" height=\"747\" title=\"- - Bassin d&#039;Arcachon\" loading=\"lazy\" role=\"img\"><\/figure><\/div>\n<\/div>\n<\/div><\/div>\n\n\n\n<div style=\"height:60px\" aria-hidden=\"true\" class=\"wp-block-spacer\"><\/div>\n\n\n\n<div class=\"wp-block-uagb-container uagb-block-152c6ce9 alignfull uagb-is-root-container\">\n<div class=\"wp-block-cover is-light has-parallax\"><span aria-hidden=\"true\" class=\"wp-block-cover__background has-background-dim-0 has-background-dim\"><\/span><div class=\"wp-block-cover__image-background wp-image-1345 has-parallax\" style=\"background-position:50% 50%;background-image:url(https:\/\/bassin-arcachon.com\/wp-content\/uploads\/2017\/03\/Camping-Panorama-du-Pyla-cottage-vue-mer-coin-farniente.jpg)\"><\/div><div class=\"wp-block-cover__inner-container is-layout-flow wp-block-cover-is-layout-flow\">\n<div class=\"wp-block-uagb-container uagb-block-e744b7ca\">\n<h2 class=\"wp-block-heading has-text-align-center has-white-color has-text-color has-large-font-size\">\u5728\u963f\u5361\u96c4\u7684 Bassin \u9152\u5e97\u4e4b\u4e00\u8f7b\u677e\u5ea6\u8fc7\u60a8\u7684\u5047\u671f<\/h2>\n\n\n\n<p class=\"has-text-align-center has-white-color has-text-color\"><a href=\"https:\/\/bassin-arcachon.com\/zh\/%e4%bd%8f%e5%ae%bf-2\/%e9%85%92%e5%ba%97-2\/\">\u5f00\u59cb\u60a8\u7684\u641c\u7d22<\/a><\/p>\n<\/div>\n<\/div><\/div>\n<\/div>\n\n\n\n<div style=\"height:60px\" aria-hidden=\"true\" class=\"wp-block-spacer\"><\/div>\n\n\n\n<div class=\"wp-block-uagb-container uagb-block-67970557 alignfull uagb-is-root-container\"><div class=\"uagb-container-inner-blocks-wrap\">\n<div class=\"wp-block-uagb-container uagb-block-dd7dcc04\">\n<h3 class=\"wp-block-heading\">\u60a8\u60f3\u8981\u9884\u8ba2\u963f\u745e\u65af\u9644\u8fd1\u7684\u9152\u5e97\u5417\uff1f<\/h3>\n\n\n\n<p>\u63a2\u7d22\u6211\u4eec\u4f4d\u4e8e Bassin Arcachon \u7684\u6240\u6709\u9152\u5e97\uff1a&nbsp;<a href=\"https:\/\/bassin-arcachon.com\/zh\/%e4%bd%8f%e5%ae%bf-2\/%e9%85%92%e5%ba%97-2+%e5%8b%92%e6%b3%b0%e5%85%8b\/\">Le Teich<\/a>,&nbsp;<a href=\"https:\/\/bassin-arcachon.com\/zh\/%e4%bd%8f%e5%ae%bf-2\/%e9%85%92%e5%ba%97-2+%e9%98%bf%e5%8d%a1%e9%9b%84\/\">\u963f\u5361\u96c4<\/a>,&nbsp;<a href=\"https:\/\/bassin-arcachon.com\/zh\/%e4%bd%8f%e5%ae%bf-2\/%e9%85%92%e5%ba%97-2+%e6%89%b9%e9%87%8f%e6%b5%8b%e8%af%95\/\">La Teste de Buch<\/a>,&nbsp;<a href=\"https:\/\/bassin-arcachon.com\/zh\/%e4%bd%8f%e5%ae%bf-2\/%e9%85%92%e5%ba%97-2+%e5%ae%89%e5%be%b7%e8%af%ba%e6%96%af\/\">\u5b89\u5fb7\u8bfa\u65af<\/a>,&nbsp;<a href=\"https:\/\/bassin-arcachon.com\/zh\/%e4%bd%8f%e5%ae%bf-2\/%e9%85%92%e5%ba%97-2+%e5%8f%a4%e8%ae%a9%e6%a2%85%e6%96%af%e7%89%b9%e6%8b%89%e6%96%af\/\">Gujan-Mestras,<\/a>&nbsp;<a href=\"https:\/\/bassin-arcachon.com\/zh\/%e4%bd%8f%e5%ae%bf-2\/%e9%85%92%e5%ba%97-2+%e7%9b%86%e5%9c%b0%e4%b9%8b%e5%bf%83\/\">\u6bd4\u52a0\u8bfa\u65af<\/a>&nbsp;<a href=\"https:\/\/bassin-arcachon.com\/zh\/%e4%bd%8f%e5%ae%bf-2\/%e9%85%92%e5%ba%97-2+%e7%9b%86%e5%9c%b0%e4%b9%8b%e5%bf%83\/\">\u5965\u767b\u683c<\/a>,<a href=\"https:\/\/bassin-arcachon.com\/zh\/%e4%bd%8f%e5%ae%bf-2\/%e9%85%92%e5%ba%97-2+%e7%9b%86%e5%9c%b0%e4%b9%8b%e5%bf%83\/\">&nbsp;\u5170\u987f&nbsp;<\/a>\u548c&nbsp;<a href=\"https:\/\/bassin-arcachon.com\/zh\/%e4%bd%8f%e5%ae%bf-2\/%e9%85%92%e5%ba%97-2+lege-cap-ferret\/\">\u96ea\u8c82<\/a>&nbsp;!<\/p>\n<\/div>\n\n\n\n<div class=\"wp-block-uagb-container uagb-block-dd7a49a4\">\n<div class=\"wp-block-uagb-image uagb-block-349829c0 wp-block-uagb-image--layout-default wp-block-uagb-image--effect-static wp-block-uagb-image--align-none\"><figure class=\"wp-block-uagb-image__figure\"><img decoding=\"async\" srcset=\"https:\/\/bassin-arcachon.com\/wp-content\/uploads\/2018\/09\/nourri-a-lhu\u00eetre-\u00e9lev\u00e9-sous-les-pins-Bassin-dArcachon.jpg 1000w, https:\/\/bassin-arcachon.com\/wp-content\/uploads\/2018\/09\/nourri-a-lhu\u00eetre-\u00e9lev\u00e9-sous-les-pins-Bassin-dArcachon-600x400.jpg 600w, https:\/\/bassin-arcachon.com\/wp-content\/uploads\/2018\/09\/nourri-a-lhu\u00eetre-\u00e9lev\u00e9-sous-les-pins-Bassin-dArcachon-768x511.jpg 768w, https:\/\/bassin-arcachon.com\/wp-content\/uploads\/2018\/09\/nourri-a-lhu\u00eetre-\u00e9lev\u00e9-sous-les-pins-Bassin-dArcachon-18x12.jpg 18w\" sizes=\"auto, (max-width: 480px) 150px\" src=\"https:\/\/bassin-arcachon.com\/wp-content\/uploads\/2018\/09\/nourri-a-lhu\u00eetre-\u00e9lev\u00e9-sous-les-pins-Bassin-dArcachon.jpg\" alt=\"- - Bassin d&#039;Arcachon\" class=\"uag-image-26169\" width=\"1000\" height=\"666\" title=\"- - Bassin d&#039;Arcachon\" loading=\"lazy\" role=\"img\"><\/figure><\/div>\n<\/div>\n<\/div><\/div>\n\n\n\n<div style=\"height:60px\" aria-hidden=\"true\" class=\"wp-block-spacer\"><\/div>","protected":false},"excerpt":{"rendered":"<p>\u00c0 Ar\u00e8s, vous avez le choix entre des h\u00f4tels avec piscine, parking ou chambres familiales. Trouvez l&rsquo;\u00e9tablissement parfait pour votre s\u00e9jour. Nos h\u00f4tels \u00e0 Ar\u00e8s avec piscine En famille ou [&hellip;]<\/p>\n","protected":false},"author":25,"featured_media":2217,"parent":43,"menu_order":1,"comment_status":"closed","ping_status":"closed","template":"","meta":{"_acf_changed":false,"_uag_custom_page_level_css":"","footnotes":""},"class_list":["post-45555","page","type-page","status-publish","has-post-thumbnail","hentry"],"acf":[],"uagb_featured_image_src":{"full":["https:\/\/bassin-arcachon.com\/wp-content\/uploads\/2017\/03\/camping-bassin-arcachon.jpg",1200,800,false],"thumbnail":["https:\/\/bassin-arcachon.com\/wp-content\/uploads\/2017\/03\/camping-bassin-arcachon-150x150.jpg",150,150,true],"medium":["https:\/\/bassin-arcachon.com\/wp-content\/uploads\/2017\/03\/camping-bassin-arcachon-600x400.jpg",600,400,true],"medium_large":["https:\/\/bassin-arcachon.com\/wp-content\/uploads\/2017\/03\/camping-bassin-arcachon-768x512.jpg",768,512,true],"large":["https:\/\/bassin-arcachon.com\/wp-content\/uploads\/2017\/03\/camping-bassin-arcachon-1024x683.jpg",1024,683,true],"1536x1536":["https:\/\/bassin-arcachon.com\/wp-content\/uploads\/2017\/03\/camping-bassin-arcachon.jpg",1200,800,false],"2048x2048":["https:\/\/bassin-arcachon.com\/wp-content\/uploads\/2017\/03\/camping-bassin-arcachon.jpg",1200,800,false],"trp-custom-language-flag":["https:\/\/bassin-arcachon.com\/wp-content\/uploads\/2017\/03\/camping-bassin-arcachon-18x12.jpg",18,12,true]},"uagb_author_info":{"display_name":"Marie Clauzel","author_link":"https:\/\/bassin-arcachon.com\/zh\/author\/mariesiba\/"},"uagb_comment_info":0,"uagb_excerpt":"\u00c0 Ar\u00e8s, vous avez le choix entre des h\u00f4tels avec piscine, parking ou chambres familiales. Trouvez l&rsquo;\u00e9tablissement parfait pour votre s\u00e9jour. Nos h\u00f4tels \u00e0 Ar\u00e8s avec piscine En famille ou [&hellip;]","_links":{"self":[{"href":"https:\/\/bassin-arcachon.com\/zh\/wp-json\/wp\/v2\/pages\/45555","targetHints":{"allow":["GET"]}}],"collection":[{"href":"https:\/\/bassin-arcachon.com\/zh\/wp-json\/wp\/v2\/pages"}],"about":[{"href":"https:\/\/bassin-arcachon.com\/zh\/wp-json\/wp\/v2\/types\/page"}],"author":[{"embeddable":true,"href":"https:\/\/bassin-arcachon.com\/zh\/wp-json\/wp\/v2\/users\/25"}],"replies":[{"embeddable":true,"href":"https:\/\/bassin-arcachon.com\/zh\/wp-json\/wp\/v2\/comments?post=45555"}],"version-history":[{"count":2,"href":"https:\/\/bassin-arcachon.com\/zh\/wp-json\/wp\/v2\/pages\/45555\/revisions"}],"predecessor-version":[{"id":68236,"href":"https:\/\/bassin-arcachon.com\/zh\/wp-json\/wp\/v2\/pages\/45555\/revisions\/68236"}],"up":[{"embeddable":true,"href":"https:\/\/bassin-arcachon.com\/zh\/wp-json\/wp\/v2\/pages\/43"}],"wp:featuredmedia":[{"embeddable":true,"href":"https:\/\/bassin-arcachon.com\/zh\/wp-json\/wp\/v2\/media\/2217"}],"wp:attachment":[{"href":"https:\/\/bassin-arcachon.com\/zh\/wp-json\/wp\/v2\/media?parent=45555"}],"curies":[{"name":"\u53ef\u6e7f\u6027\u7c89\u5242","href":"https:\/\/api.w.org\/{rel}","templated":true}]}}