{"id":45564,"date":"2020-07-10T14:55:02","date_gmt":"2020-07-10T12:55:02","guid":{"rendered":"https:\/\/bassin-arcachon.com\/\/?page_id=45564"},"modified":"2024-11-06T10:46:19","modified_gmt":"2024-11-06T09:46:19","slug":"%e6%88%91%e4%bb%ac%e7%9a%84%e9%85%92%e5%ba%97%e5%9c%a8-la-teste-de-buch","status":"publish","type":"page","link":"https:\/\/bassin-arcachon.com\/zh\/ou-dormir\/nos-hotels-a-la-teste-de-buch\/","title":{"rendered":"\u6211\u4eec\u5728 Teste de Buch \u62e5\u6709\u7684\u9152\u5e97"},"content":{"rendered":"<div class=\"wp-block-uagb-container uagb-block-558ad891 alignfull uagb-is-root-container\"><div class=\"uagb-container-inner-blocks-wrap\">\n<h2 class=\"wp-block-heading has-text-align-center\" style=\"font-size:25px\"><strong>\u5165\u4f4f\u6211\u4eec\u4f4d\u4e8e\u62c9\u7279\u65af\u7279\u5fb7\u5e03\u8d6b\u7684\u9152\u5e97\u4e4b\u4e00\uff0c\u6b23\u8d4f\u963f\u5361\u96c4 Bassin \u7684\u666f\u89c2\u3001\u9910\u5385\u6216 Wi-Fi \u8fde\u63a5\uff0c\u5728\u963f\u5361\u96c4 Bassin \u9644\u8fd1\u4eab\u53d7\u96be\u5fd8\u7684\u4f53\u9a8c\uff01<\/strong><\/h2>\n<\/div><\/div>\n\n\n\n<div style=\"height:40px\" aria-hidden=\"true\" class=\"wp-block-spacer\"><\/div>\n\n\n\n<div class=\"wp-block-uagb-container uagb-block-74a47fc8 alignfull uagb-is-root-container\"><div class=\"uagb-container-inner-blocks-wrap\">\n<div class=\"wp-block-uagb-container uagb-block-b325b7a7\">\n<h2 class=\"wp-block-heading\">\u6211\u4eec\u4f4d\u4e8e La Teste de Buch \u7684\u9152\u5e97\u53ef\u6b23\u8d4f Bassin \u7684\u666f\u89c2<\/h2>\n\n\n\n<p>\u5982\u679c\u9e1f\u9e23\u58f0\u6210\u4e3a\u4f60\u7684\u65b0\u95f9\u949f\u600e\u4e48\u529e\uff1f\u9009\u62e9\u4f4d\u4e8e\u6cf0\u65af\u7279\u5fb7\u5e03\u8d6b (Teste de Buch) \u7684\u4e00\u5bb6\u53ef\u6b23\u8d4f\u76c6\u5730\u666f\u89c2\u7684\u9152\u5e97\uff0c\u6bcf\u5929\u65e9\u6668\u4eab\u53d7\u771f\u6b63\u7684\u81ea\u7136\u5b9d\u85cf\uff01\u51dd\u89c6\u963f\u5c14\u91d1\u6e7e\uff08Banc d&#039;Arguin\uff09\uff0c\u5373\u8fdc\u5904\u7684\u7261\u86ce\u517b\u6b96\u573a\uff0c\u6bcf\u5929\u65e9\u6668\u90fd\u4f1a\u4e3a\u7f8e\u4e3d\u7684\u98ce\u666f\u611f\u5230\u60ca\u8bb6\uff0c\u4e0e\u524d\u4e00\u5929\u4ecd\u7136\u4e0d\u540c\u3002\u5c06\u811a\u8e29\u5728\u6c99\u6ee9\u4e0a\u4eab\u7528\u5348\u9910\uff0c\u4eab\u53d7\u65e9\u6668\u7684\u7b2c\u4e00\u7f15\u9633\u5149\u3002\u70ed\u7231\u5e73\u9759\u548c\u81ea\u7136\u7684\u4eba\uff0c\u60a8\u4f1a\u5728\u90a3\u91cc\u627e\u5230\u4e00\u4e2a\u91cf\u8eab\u5b9a\u5236\u7684\u5929\u5802\u5c0f\u89d2\u843d\u3002\u5165\u4f4fLa Teste de Buch\u7684\u68a6\u5e7b\u9152\u5e97\uff0c\u53ef\u6b23\u8d4f\u76c6\u5730\u7f8e\u666f\uff01<\/p>\n\n\n\n<div class=\"wp-block-buttons is-layout-flex wp-block-buttons-is-layout-flex\">\n<div class=\"wp-block-button\"><a class=\"wp-block-button__link wp-element-button\" href=\"https:\/\/bassin-arcachon.com\/zh\/%e4%bd%8f%e5%ae%bf-2\/hotels%26amp%3bvuemer\/\">\u6d77\u6ee8\u9152\u5e97<\/a><\/div>\n<\/div>\n<\/div>\n\n\n\n<div class=\"wp-block-uagb-container uagb-block-6d45da4f\">\n<div class=\"wp-block-uagb-image uagb-block-71f09992 wp-block-uagb-image--layout-default wp-block-uagb-image--effect-static wp-block-uagb-image--align-none\"><figure class=\"wp-block-uagb-image__figure\"><img decoding=\"async\" srcset=\"https:\/\/bassin-arcachon.com\/wp-content\/uploads\/2017\/03\/regine-et-yves-cazes-la-teste-de-buch.jpg \" sizes=\"auto, (max-width: 480px) 150px\" src=\"https:\/\/bassin-arcachon.com\/wp-content\/uploads\/2017\/03\/regine-et-yves-cazes-la-teste-de-buch.jpg\" alt=\"- - Bassin d&#039;Arcachon\" class=\"uag-image-1360\" width=\"1000\" height=\"666\" title=\"- - Bassin d&#039;Arcachon\" loading=\"lazy\" role=\"img\"><\/figure><\/div>\n<\/div>\n<\/div><\/div>\n\n\n\n<div style=\"height:60px\" aria-hidden=\"true\" class=\"wp-block-spacer\"><\/div>\n\n\n\n<div class=\"wp-block-uagb-container uagb-block-92c10215 alignfull uagb-is-root-container\"><div class=\"uagb-container-inner-blocks-wrap\">\n<div class=\"wp-block-uagb-container uagb-block-1353e8c0\">\n<div class=\"wp-block-uagb-image uagb-block-a77d6d7d wp-block-uagb-image--layout-default wp-block-uagb-image--effect-static wp-block-uagb-image--align-none\"><figure class=\"wp-block-uagb-image__figure\"><img decoding=\"async\" srcset=\"https:\/\/bassin-arcachon.com\/wp-content\/uploads\/2017\/11\/oyster-1758592_960_720.jpg \" sizes=\"auto, (max-width: 480px) 150px\" src=\"https:\/\/bassin-arcachon.com\/wp-content\/uploads\/2017\/11\/oyster-1758592_960_720.jpg\" alt=\"- - Bassin d&#039;Arcachon\" class=\"uag-image-10744\" width=\"960\" height=\"640\" title=\"- - Bassin d&#039;Arcachon\" loading=\"lazy\" role=\"img\"><\/figure><\/div>\n<\/div>\n\n\n\n<div class=\"wp-block-uagb-container uagb-block-981f2d61\">\n<h2 class=\"wp-block-heading\">\u6211\u4eec\u4f4d\u4e8e \u62c9\u7279\u65af\u7279\u5fb7\u5e03\u8d6b \u7684\u9152\u5e97\u8bbe\u6709\u9910\u5385<\/h2>\n\n\n\n<p>\u5728\u540c\u4e00\u4e2a\u5730\u65b9\u7761\u5f97\u597d\u3001\u5403\u5f97\u597d\u662f\u53ef\u80fd\u7684\uff01\u5728\u6211\u4eec\u4f4d\u4e8e La Teste de Buch \u8bbe\u6709\u9910\u5385\u7684\u9152\u5e97\u4e4b\u4e00\u54c1\u5c1d Bassin \u963f\u5361\u96c4\u7684\u5f53\u5730\u7279\u8272\u83dc\uff01\u54c1\u5c1d\u5f53\u5730\u7f8e\u98df\u548c\u53a8\u5e08\u7684\u7cbe\u81f4\u7f8e\u98df\uff0c\u4ed6\u4f1a\u6839\u636e\u5f53\u5929\u7684\u5230\u8d27\u60c5\u51b5\u66f4\u65b0\u83dc\u5355\u3002\u4f18\u8d28\u7684\u670d\u52a1\u3001\u65b0\u9c9c\u7684\u4ea7\u54c1\u548c\u6b63\u5b97\u7684\u53e3\u5473\uff1a\u60a8\u7684\u5473\u857e\u4f1a\u8981\u6c42\u66f4\u591a\uff01\u9009\u62e9\u597d\u5473\u9053\uff0c\u9009\u62e9La Teste de Buch\u6709\u9910\u5385\u7684\u9152\u5e97\uff01<\/p>\n\n\n\n<div class=\"wp-block-buttons is-layout-flex wp-block-buttons-is-layout-flex\">\n<div class=\"wp-block-button\"><a class=\"wp-block-button__link wp-element-button\" href=\"https:\/\/bassin-arcachon.com\/zh\/%e4%bd%8f%e5%ae%bf-2\/%e9%85%92%e5%ba%97%26amp%3bresto\/\">\u8bbe\u6709\u9910\u5385\u7684\u9152\u5e97<\/a><\/div>\n<\/div>\n<\/div>\n<\/div><\/div>\n\n\n\n<div style=\"height:60px\" aria-hidden=\"true\" class=\"wp-block-spacer\"><\/div>\n\n\n\n<div class=\"wp-block-uagb-container uagb-block-ccb6d5cd alignfull uagb-is-root-container\"><div class=\"uagb-container-inner-blocks-wrap\">\n<div class=\"wp-block-uagb-container uagb-block-05fd5305\">\n<h2 class=\"wp-block-heading\">\u6211\u4eec\u5728\u62c9\u7279\u65af\u7279\u5fb7\u5e03\u8d6b\u62e5\u6709 Wifi \u7684\u9152\u5e97<\/h2>\n\n\n\n<p>\u5982\u679c\u60a8\u5728 La Teste de Buch \u7ec4\u7ec7\u4e0e\u670b\u53cb\u4e00\u8d77\u4e58\u8239\u6e38\u89c8\u600e\u4e48\u529e\uff1f\u9152\u5e97\u63d0\u4f9b WiFi\uff0c\u8ba9\u60a8\u5728\u5047\u671f\u671f\u95f4\u4fdd\u6301\u8054\u7cfb\uff01\u4e0e\u60a8\u7684\u793e\u533a\u4fdd\u6301\u8054\u7cfb\uff0c\u8fd9\u6837\u60a8\u5c31\u4e0d\u4f1a\u9519\u8fc7\u6700\u65b0\u8d8b\u52bf\u3002\u53d1\u5e03\u60a8\u6700\u7f8e\u4e3d\u7684\u7167\u7247\u5e76\u4e0e\u60a8\u6240\u7231\u7684\u4eba\u5206\u4eab\u60a8\u6700\u7f8e\u597d\u7684\u65f6\u523b\u3002\u4e00\u6b21\u5145\u6ee1\u6d3b\u52a8\u7684\u4f4f\u5bbf\uff1f\u9009\u62e9 La Teste de Buch \u63d0\u4f9b Wifi \u7684\u9152\u5e97\uff0c\u4ece\u60a8\u7684\u623f\u95f4\u8212\u9002\u5730\u8ba1\u5212\u60a8\u7684\u5047\u671f\uff01<\/p>\n\n\n\n<div class=\"wp-block-buttons is-layout-flex wp-block-buttons-is-layout-flex\">\n<div class=\"wp-block-button\"><a class=\"wp-block-button__link wp-element-button\" href=\"https:\/\/bassin-arcachon.com\/zh\/%e4%bd%8f%e5%ae%bf-2\/%e9%85%92%e5%ba%97%26amp%3bwifi\/\">\u63d0\u4f9b Wi-Fi \u7684\u9152\u5e97<\/a><\/div>\n<\/div>\n<\/div>\n\n\n\n<div class=\"wp-block-uagb-container uagb-block-596a3cd8\">\n<div class=\"wp-block-uagb-image uagb-block-afbba182 wp-block-uagb-image--layout-default wp-block-uagb-image--effect-static wp-block-uagb-image--align-none\"><figure class=\"wp-block-uagb-image__figure\"><img decoding=\"async\" srcset=\"https:\/\/bassin-arcachon.com\/wp-content\/uploads\/2017\/04\/Modif-Marion-6-e1674026597644.jpg \" sizes=\"auto, (max-width: 480px) 150px\" src=\"https:\/\/bassin-arcachon.com\/wp-content\/uploads\/2017\/04\/Modif-Marion-6-e1674026597644.jpg\" alt=\"WIFI \u5170\u987f\" class=\"uag-image-7364\" width=\"542\" height=\"368\" title=\"- - Bassin d&#039;Arcachon\" loading=\"lazy\" role=\"img\"><\/figure><\/div>\n<\/div>\n<\/div><\/div>\n\n\n\n<div style=\"height:60px\" aria-hidden=\"true\" class=\"wp-block-spacer\"><\/div>\n\n\n\n<div class=\"wp-block-uagb-container uagb-block-0817f2fc alignfull uagb-is-root-container\">\n<div class=\"wp-block-cover is-light has-parallax\"><span aria-hidden=\"true\" class=\"wp-block-cover__background has-background-dim-0 has-background-dim\"><\/span><div class=\"wp-block-cover__image-background wp-image-1345 has-parallax\" style=\"background-position:50% 50%;background-image:url(https:\/\/bassin-arcachon.com\/wp-content\/uploads\/2017\/03\/Camping-Panorama-du-Pyla-cottage-vue-mer-coin-farniente.jpg)\"><\/div><div class=\"wp-block-cover__inner-container is-layout-flow wp-block-cover-is-layout-flow\">\n<div class=\"wp-block-uagb-container uagb-block-a6864bad\">\n<h2 class=\"wp-block-heading has-text-align-center has-white-color has-text-color has-large-font-size\">\u5728\u963f\u5361\u96c4\u7684 Bassin \u9152\u5e97\u4e4b\u4e00\u8f7b\u677e\u5ea6\u8fc7\u60a8\u7684\u5047\u671f<\/h2>\n\n\n\n<p class=\"has-text-align-center has-white-color has-text-color\"><a href=\"https:\/\/bassin-arcachon.com\/zh\/%e4%bd%8f%e5%ae%bf-2\/%e9%85%92%e5%ba%97-2\/\">\u5f00\u59cb\u60a8\u7684\u641c\u7d22<\/a><\/p>\n<\/div>\n<\/div><\/div>\n<\/div>\n\n\n\n<div style=\"height:60px\" aria-hidden=\"true\" class=\"wp-block-spacer\"><\/div>\n\n\n\n<div class=\"wp-block-uagb-container uagb-block-67970557 alignfull uagb-is-root-container\"><div class=\"uagb-container-inner-blocks-wrap\">\n<div class=\"wp-block-uagb-container uagb-block-dd7dcc04\">\n<h3 class=\"wp-block-heading\">\u60a8\u60f3\u9884\u8ba2La Teste de Buch\u5de6\u53f3\u7684\u9152\u5e97\u5417\uff1f<\/h3>\n\n\n\n<p>\u63a2\u7d22\u6211\u4eec\u4f4d\u4e8e Bassin Arcachon \u7684\u6240\u6709\u9152\u5e97\uff1a&nbsp;<a href=\"https:\/\/bassin-arcachon.com\/zh\/%e4%bd%8f%e5%ae%bf-2\/%e9%85%92%e5%ba%97-2+%e6%88%98%e7%a5%9e-2\/\">\u6218\u795e<\/a>,&nbsp;<a href=\"https:\/\/bassin-arcachon.com\/zh\/%e4%bd%8f%e5%ae%bf-2\/%e9%85%92%e5%ba%97-2+%e9%98%bf%e5%8d%a1%e9%9b%84\/\">\u963f\u5361\u96c4<\/a>,&nbsp;<a href=\"https:\/\/bassin-arcachon.com\/zh\/%e4%bd%8f%e5%ae%bf-2\/%e9%85%92%e5%ba%97-2+%e5%8b%92%e6%b3%b0%e5%85%8b\/\">Le Teich<\/a>,&nbsp;<a href=\"https:\/\/bassin-arcachon.com\/zh\/%e4%bd%8f%e5%ae%bf-2\/%e9%85%92%e5%ba%97-2+%e5%ae%89%e5%be%b7%e8%af%ba%e6%96%af\/\">\u5b89\u5fb7\u8bfa\u65af<\/a>,&nbsp;<a href=\"https:\/\/bassin-arcachon.com\/zh\/%e4%bd%8f%e5%ae%bf-2\/%e9%85%92%e5%ba%97-2+%e5%8f%a4%e8%ae%a9%e6%a2%85%e6%96%af%e7%89%b9%e6%8b%89%e6%96%af\/\">Gujan-Mestras,<\/a>&nbsp;<a href=\"https:\/\/bassin-arcachon.com\/zh\/%e4%bd%8f%e5%ae%bf-2\/%e9%85%92%e5%ba%97-2+%e7%9b%86%e5%9c%b0%e4%b9%8b%e5%bf%83\/\">\u6bd4\u52a0\u8bfa\u65af<\/a>&nbsp;<a href=\"https:\/\/bassin-arcachon.com\/zh\/%e4%bd%8f%e5%ae%bf-2\/%e9%85%92%e5%ba%97-2+%e7%9b%86%e5%9c%b0%e4%b9%8b%e5%bf%83\/\">\u5965\u767b\u683c<\/a>,<a href=\"https:\/\/bassin-arcachon.com\/zh\/%e4%bd%8f%e5%ae%bf-2\/%e9%85%92%e5%ba%97-2+%e7%9b%86%e5%9c%b0%e4%b9%8b%e5%bf%83\/\">&nbsp;\u5170\u987f&nbsp;<\/a>\u548c&nbsp;<a href=\"https:\/\/bassin-arcachon.com\/zh\/%e4%bd%8f%e5%ae%bf-2\/%e9%85%92%e5%ba%97-2+lege-cap-ferret\/\">\u96ea\u8c82<\/a>&nbsp;!<\/p>\n<\/div>\n\n\n\n<div class=\"wp-block-uagb-container uagb-block-dd7a49a4\">\n<div class=\"wp-block-uagb-image uagb-block-349829c0 wp-block-uagb-image--layout-default wp-block-uagb-image--effect-static wp-block-uagb-image--align-none\"><figure class=\"wp-block-uagb-image__figure\"><img decoding=\"async\" srcset=\"https:\/\/bassin-arcachon.com\/wp-content\/uploads\/2018\/09\/nourri-a-lhu\u00eetre-\u00e9lev\u00e9-sous-les-pins-Bassin-dArcachon.jpg 1000w, https:\/\/bassin-arcachon.com\/wp-content\/uploads\/2018\/09\/nourri-a-lhu\u00eetre-\u00e9lev\u00e9-sous-les-pins-Bassin-dArcachon-600x400.jpg 600w, https:\/\/bassin-arcachon.com\/wp-content\/uploads\/2018\/09\/nourri-a-lhu\u00eetre-\u00e9lev\u00e9-sous-les-pins-Bassin-dArcachon-768x511.jpg 768w, https:\/\/bassin-arcachon.com\/wp-content\/uploads\/2018\/09\/nourri-a-lhu\u00eetre-\u00e9lev\u00e9-sous-les-pins-Bassin-dArcachon-18x12.jpg 18w\" sizes=\"auto, (max-width: 480px) 150px\" src=\"https:\/\/bassin-arcachon.com\/wp-content\/uploads\/2018\/09\/nourri-a-lhu\u00eetre-\u00e9lev\u00e9-sous-les-pins-Bassin-dArcachon.jpg\" alt=\"- - Bassin d&#039;Arcachon\" class=\"uag-image-26169\" width=\"1000\" height=\"666\" title=\"- - Bassin d&#039;Arcachon\" loading=\"lazy\" role=\"img\"><\/figure><\/div>\n<\/div>\n<\/div><\/div>\n\n\n\n<div style=\"height:60px\" aria-hidden=\"true\" class=\"wp-block-spacer\"><\/div>","protected":false},"excerpt":{"rendered":"<p>S\u00e9journez dans l&rsquo;un de nos h\u00f4tels \u00e0 La Teste-de-Buch, offrant une vue sur le Bassin d\u2019Arcachon, un restaurant, ou une connexion Wi-Fi pour une exp\u00e9rience inoubliable pr\u00e8s du Bassin d&rsquo;Arcachon [&hellip;]<\/p>\n","protected":false},"author":25,"featured_media":2217,"parent":43,"menu_order":1,"comment_status":"closed","ping_status":"closed","template":"","meta":{"_acf_changed":false,"_uag_custom_page_level_css":"","footnotes":""},"class_list":["post-45564","page","type-page","status-publish","has-post-thumbnail","hentry"],"acf":[],"uagb_featured_image_src":{"full":["https:\/\/bassin-arcachon.com\/wp-content\/uploads\/2017\/03\/camping-bassin-arcachon.jpg",1200,800,false],"thumbnail":["https:\/\/bassin-arcachon.com\/wp-content\/uploads\/2017\/03\/camping-bassin-arcachon-150x150.jpg",150,150,true],"medium":["https:\/\/bassin-arcachon.com\/wp-content\/uploads\/2017\/03\/camping-bassin-arcachon-600x400.jpg",600,400,true],"medium_large":["https:\/\/bassin-arcachon.com\/wp-content\/uploads\/2017\/03\/camping-bassin-arcachon-768x512.jpg",768,512,true],"large":["https:\/\/bassin-arcachon.com\/wp-content\/uploads\/2017\/03\/camping-bassin-arcachon-1024x683.jpg",1024,683,true],"1536x1536":["https:\/\/bassin-arcachon.com\/wp-content\/uploads\/2017\/03\/camping-bassin-arcachon.jpg",1200,800,false],"2048x2048":["https:\/\/bassin-arcachon.com\/wp-content\/uploads\/2017\/03\/camping-bassin-arcachon.jpg",1200,800,false],"trp-custom-language-flag":["https:\/\/bassin-arcachon.com\/wp-content\/uploads\/2017\/03\/camping-bassin-arcachon-18x12.jpg",18,12,true]},"uagb_author_info":{"display_name":"Marie Clauzel","author_link":"https:\/\/bassin-arcachon.com\/zh\/author\/mariesiba\/"},"uagb_comment_info":0,"uagb_excerpt":"S\u00e9journez dans l&rsquo;un de nos h\u00f4tels \u00e0 La Teste-de-Buch, offrant une vue sur le Bassin d\u2019Arcachon, un restaurant, ou une connexion Wi-Fi pour une exp\u00e9rience inoubliable pr\u00e8s du Bassin d&rsquo;Arcachon [&hellip;]","_links":{"self":[{"href":"https:\/\/bassin-arcachon.com\/zh\/wp-json\/wp\/v2\/pages\/45564","targetHints":{"allow":["GET"]}}],"collection":[{"href":"https:\/\/bassin-arcachon.com\/zh\/wp-json\/wp\/v2\/pages"}],"about":[{"href":"https:\/\/bassin-arcachon.com\/zh\/wp-json\/wp\/v2\/types\/page"}],"author":[{"embeddable":true,"href":"https:\/\/bassin-arcachon.com\/zh\/wp-json\/wp\/v2\/users\/25"}],"replies":[{"embeddable":true,"href":"https:\/\/bassin-arcachon.com\/zh\/wp-json\/wp\/v2\/comments?post=45564"}],"version-history":[{"count":2,"href":"https:\/\/bassin-arcachon.com\/zh\/wp-json\/wp\/v2\/pages\/45564\/revisions"}],"predecessor-version":[{"id":68235,"href":"https:\/\/bassin-arcachon.com\/zh\/wp-json\/wp\/v2\/pages\/45564\/revisions\/68235"}],"up":[{"embeddable":true,"href":"https:\/\/bassin-arcachon.com\/zh\/wp-json\/wp\/v2\/pages\/43"}],"wp:featuredmedia":[{"embeddable":true,"href":"https:\/\/bassin-arcachon.com\/zh\/wp-json\/wp\/v2\/media\/2217"}],"wp:attachment":[{"href":"https:\/\/bassin-arcachon.com\/zh\/wp-json\/wp\/v2\/media?parent=45564"}],"curies":[{"name":"\u53ef\u6e7f\u6027\u7c89\u5242","href":"https:\/\/api.w.org\/{rel}","templated":true}]}}