{"id":45646,"date":"2020-07-10T14:58:23","date_gmt":"2020-07-10T12:58:23","guid":{"rendered":"https:\/\/bassin-arcachon.com\/\/?page_id=45646"},"modified":"2024-11-06T10:45:29","modified_gmt":"2024-11-06T09:45:29","slug":"%e6%88%91%e4%bb%ac%e7%9a%84%e5%85%b0%e9%a1%bf%e9%85%92%e5%ba%97","status":"publish","type":"page","link":"https:\/\/bassin-arcachon.com\/zh\/ou-dormir\/nos-hotels-a-lanton\/","title":{"rendered":"\u6211\u4eec\u5728 \u5170\u987f\u62e5\u6709\u7684\u9152\u5e97"},"content":{"rendered":"<div class=\"wp-block-uagb-container uagb-block-4d9e32f8 alignfull uagb-is-root-container\"><div class=\"uagb-container-inner-blocks-wrap\">\n<h2 class=\"wp-block-heading has-text-align-center\" style=\"font-size:25px\">\u901a\u8fc7 Bassin \u963f\u5361\u96c4\u63a2\u7d22\u5170\u987f\u7684\u9152\u5e97\uff01\u6709\u9910\u5385\u3001\u5141\u8bb8\u643a\u5e26\u5ba0\u7269\u6216\u5bb6\u5ead\u623f\uff0c\u8bf7\u7acb\u5373\u9884\u8ba2\uff01<\/h2>\n<\/div><\/div>\n\n\n\n<div style=\"height:40px\" aria-hidden=\"true\" class=\"wp-block-spacer\"><\/div>\n\n\n\n<div class=\"wp-block-uagb-container uagb-block-f286c4b6 alignfull uagb-is-root-container\"><div class=\"uagb-container-inner-blocks-wrap\">\n<div class=\"wp-block-uagb-container uagb-block-a9815b43\">\n<h2 class=\"wp-block-heading\">\u6211\u4eec\u4f4d\u4e8e \u5170\u987f \u7684\u9152\u5e97\u8bbe\u6709\u9910\u5385<\/h2>\n\n\n\n<p>\u60f3\u8981\u4e00\u6b21\u7f8e\u98df\u4e4b\u65c5\u5417\uff1f\u5728\u5170\u987f\uff0c\u8fd9\u662f\u70b9\u83dc\uff01\u54c1\u5c1d\u6211\u4eec\u4f4d\u4e8e\u5170\u987f\u7684\u9152\u5e97\u53ca\u9910\u5385\u7684\u9646\u5730\u548c\u6d77\u6d0b\u7f8e\u98df\uff0c\u54c1\u5c1d\u6b63\u5b97\u7684\u5473\u9053\uff01\u65e9\u9910\u65f6\u8214\u624b\u6307\u4e0a\u7684\u5f53\u5730\u679c\u9171\uff0c\u5348\u9910\u65f6\u54c1\u5c1d\u4e00\u76d8\u9e45\u809d\uff0c\u665a\u9910\u65f6\u54c1\u5c1d\u76c6\u5730\u5fc5\u5907\u7684\u7261\u86ce\u3002\u4e0e\u5bb6\u4eba\u6216\u604b\u4eba\u4e00\u8d77\uff0c\u60a8\u5728\u5170\u987f\u7684\u9152\u5e97\u9910\u5385\u5c06\u4e3a\u60a8\u5e26\u6765\u4e00\u6574\u5929\u7684\u5f53\u5730\u98ce\u5473\u8282\u65e5\uff01<\/p>\n\n\n\n<div class=\"wp-block-buttons is-layout-flex wp-block-buttons-is-layout-flex\">\n<div class=\"wp-block-button\"><a class=\"wp-block-button__link wp-element-button\" href=\"https:\/\/bassin-arcachon.com\/zh\/ohebergements\/hotels@lanton&amp;resto\/\">\u8bbe\u6709\u9910\u5385\u7684\u9152\u5e97<\/a><\/div>\n<\/div>\n<\/div>\n\n\n\n<div class=\"wp-block-uagb-container uagb-block-5bf51254\">\n<div class=\"wp-block-uagb-image uagb-block-070b2652 wp-block-uagb-image--layout-default wp-block-uagb-image--effect-static wp-block-uagb-image--align-none\"><figure class=\"wp-block-uagb-image__figure\"><img decoding=\"async\" srcset=\"https:\/\/bassin-arcachon.com\/wp-content\/uploads\/2020\/01\/andernos-huitres-SIBA-agence-les-conteurs-35-1024x683.jpg \" sizes=\"auto, (max-width: 480px) 150px\" src=\"https:\/\/bassin-arcachon.com\/wp-content\/uploads\/2020\/01\/andernos-huitres-SIBA-agence-les-conteurs-35-1024x683.jpg\" alt=\"- - Bassin d&#039;Arcachon\" class=\"uag-image-40908\" width=\"1024\" height=\"683\" title=\"- - Bassin d&#039;Arcachon\" loading=\"lazy\" role=\"img\"><\/figure><\/div>\n<\/div>\n<\/div><\/div>\n\n\n\n<div style=\"height:60px\" aria-hidden=\"true\" class=\"wp-block-spacer\"><\/div>\n\n\n\n<div class=\"wp-block-uagb-container uagb-block-d4620154 alignfull uagb-is-root-container\"><div class=\"uagb-container-inner-blocks-wrap\">\n<div class=\"wp-block-uagb-container uagb-block-c3a1a259\">\n<div class=\"wp-block-uagb-image uagb-block-0675ee20 wp-block-uagb-image--layout-default wp-block-uagb-image--effect-static wp-block-uagb-image--align-none\"><figure class=\"wp-block-uagb-image__figure\"><img decoding=\"async\" srcset=\"https:\/\/bassin-arcachon.com\/wp-content\/uploads\/2018\/04\/les-belles-villas-de-taussat-les-bains-e1546600568724.jpg \" sizes=\"auto, (max-width: 480px) 150px\" src=\"https:\/\/bassin-arcachon.com\/wp-content\/uploads\/2018\/04\/les-belles-villas-de-taussat-les-bains-e1546600568724.jpg\" alt=\"\u5170\u987f Taussat les Bains \u7684\u7f8e\u4e3d\u522b\u5885\" class=\"uag-image-19954\" width=\"1000\" height=\"667\" title=\"- - Bassin d&#039;Arcachon\" loading=\"lazy\" role=\"img\"><\/figure><\/div>\n<\/div>\n\n\n\n<div class=\"wp-block-uagb-container uagb-block-a55fa4c5\">\n<h2 class=\"wp-block-heading\">\u6211\u4eec\u4f4d\u4e8e \u5170\u987f \u7684\u9152\u5e97\u4e0e\u60a8\u7684\u5ba0\u7269<\/h2>\n\n\n\n<p>\u4f60\u548c\u4f60\u6bdb\u8338\u8338\u7684\u670b\u53cb\u5f62\u5f71\u4e0d\u79bb\u5417\uff1f\u5e26\u7740\u4f60\u7684\u5ba0\u7269\u9003\u8dd1\u5427\uff01\u6211\u4eec\u4f4d\u4e8e\u76c6\u5730\u4e2d\u5fc3\u5170\u987f\u7684\u9152\u5e97\u4e4b\u4e00\uff0c\u5730\u7406\u4f4d\u7f6e\u4f18\u8d8a\uff0c\u8ddd Bassin \u4ec5\u4e00\u7bad\u4e4b\u9065\u3002\u5728\u6811\u6728\u7e41\u8302\u7684\u82b1\u56ed\u4e2d\u653e\u677e\u8eab\u5fc3\uff0c\u82b1\u65f6\u95f4\u6b23\u8d4f\u7edd\u4f73\u7684\u81ea\u7136\u73af\u5883\u3002\u60f3\u548c\u60a8\u7684\u5ba0\u7269\u4e00\u8d77\u5728\u6d77\u6ee9\u4e0a\u65e9\u6668\u6563\u6b65\u5417\uff1f\u9ec4\u660f\u65f6\u6162\u8dd1\uff1f\u4f60\u4e0d\u80fd\u8ba9\u4ed6\u66f4\u9ad8\u5174\u4e86\uff01\u8981\u4e0e\u60a8\u5fe0\u5b9e\u7684\u670b\u53cb\u5ea6\u8fc7\u6109\u5feb\u7684\u4f4f\u5bbf\u65f6\u5149\uff0c\u8bf7\u9009\u62e9\u60a8\u5728\u5170\u987f\u7684\u9152\u5e97\uff01<\/p>\n\n\n\n<div class=\"wp-block-buttons is-layout-flex wp-block-buttons-is-layout-flex\">\n<div class=\"wp-block-button\"><a class=\"wp-block-button__link wp-element-button\" href=\"https:\/\/bassin-arcachon.com\/zh\/%e4%bd%8f%e5%ae%bf-2\/hotelslantonanimals\/\">\u5e26\u5ba0\u7269\u7684\u9152\u5e97<\/a><\/div>\n<\/div>\n<\/div>\n<\/div><\/div>\n\n\n\n<div style=\"height:60px\" aria-hidden=\"true\" class=\"wp-block-spacer\"><\/div>\n\n\n\n<div class=\"wp-block-uagb-container uagb-block-2730c035 alignfull uagb-is-root-container\"><div class=\"uagb-container-inner-blocks-wrap\">\n<div class=\"wp-block-uagb-container uagb-block-a969f69d\">\n<h2 class=\"wp-block-heading\">\u6211\u4eec\u5728 \u5170\u987f \u63d0\u4f9b\u5bb6\u5ead\u623f\u7684\u9152\u5e97<\/h2>\n\n\n\n<p>\u8fd8\u6709\u4ec0\u4e48\u6bd4\u4e0e\u60a8\u6240\u7231\u7684\u4eba\u805a\u5728\u4e00\u8d77\u5206\u4eab\u7f8e\u597d\u65f6\u5149\u66f4\u4ee4\u4eba\u6109\u5feb\u7684\u4e8b\u60c5\u5462\u3002\u60a8\u662f\u5426\u6b63\u5728\u5bfb\u627e\u4e00\u4e2a\u5e73\u9759\u800c\u6109\u5feb\u7684\u73af\u5883\u6765\u4e0e\u5bb6\u4eba\u4e00\u8d77\u653e\u677e\u8eab\u5fc3\uff1f\u4f60\u662f\u5728\u6b63\u786e\u7684\u5730\u65b9 \uff01\u6211\u4eec\u5728\u5170\u987f\u7684\u9152\u5e97\u63d0\u4f9b\u5e26\u9633\u53f0\u6216\u9732\u53f0\u7684\u5bb6\u5ead\u623f\u3002\u4e00\u8d77\u5446\u5728\u7530\u56ed\u8bd7\u822c\u7684\u81ea\u7136\u73af\u5883\u4e2d\uff0c\u4eab\u53d7\u76c6\u5730\u7684\u6d77\u6ee9\u548c\u68ee\u6797\uff0c\u5ea6\u8fc7\u4e00\u4e2a\u591c\u665a\u3001\u4e00\u4e2a\u5468\u672b\uff0c\u6216\u8005\u4e3a\u4ec0\u4e48\u4e0d\u5728\u60a8\u7684\u5047\u671f\u671f\u95f4\u5462\uff1f\u975e\u5e38\u9002\u5408\u4e00\u8d77\u521b\u9020\u7f8e\u597d\u7684\u56de\u5fc6\u3002\u9009\u62e9\u5170\u987f\u9152\u5e97\u7684\u5bb6\u5ead\u623f\uff01<\/p>\n\n\n\n<div class=\"wp-block-buttons is-layout-flex wp-block-buttons-is-layout-flex\">\n<div class=\"wp-block-button\"><a class=\"wp-block-button__link wp-element-button\" href=\"https:\/\/bassin-arcachon.com\/zh\/%e4%bd%8f%e5%ae%bf-2\/%e9%85%92%e5%ba%97lantonfamille\/\">\u5e26\u5bb6\u5ead\u623f\u7684\u9152\u5e97<\/a><\/div>\n<\/div>\n<\/div>\n\n\n\n<div class=\"wp-block-uagb-container uagb-block-499e1705\">\n<div class=\"wp-block-uagb-image uagb-block-4e772bbb wp-block-uagb-image--layout-default wp-block-uagb-image--effect-static wp-block-uagb-image--align-none\"><figure class=\"wp-block-uagb-image__figure\"><img decoding=\"async\" srcset=\"https:\/\/bassin-arcachon.com\/wp-content\/uploads\/2018\/04\/velo-lanton-photo-de-une-e1546601388171-1024x683.jpg \" sizes=\"auto, (max-width: 480px) 150px\" src=\"https:\/\/bassin-arcachon.com\/wp-content\/uploads\/2018\/04\/velo-lanton-photo-de-une-e1546601388171-1024x683.jpg\" alt=\"\u5170\u987f\u6d77\u6ee8\u9a91\u81ea\u884c\u8f66\" class=\"uag-image-19955\" width=\"1024\" height=\"683\" title=\"- - Bassin d&#039;Arcachon\" loading=\"lazy\" role=\"img\"><\/figure><\/div>\n<\/div>\n<\/div><\/div>\n\n\n\n<div style=\"height:60px\" aria-hidden=\"true\" class=\"wp-block-spacer\"><\/div>\n\n\n\n<div class=\"wp-block-uagb-container uagb-block-54453902 alignfull uagb-is-root-container\">\n<div class=\"wp-block-cover is-light has-parallax\"><span aria-hidden=\"true\" class=\"wp-block-cover__background has-background-dim-0 has-background-dim\"><\/span><div class=\"wp-block-cover__image-background wp-image-1345 has-parallax\" style=\"background-position:50% 50%;background-image:url(https:\/\/bassin-arcachon.com\/wp-content\/uploads\/2017\/03\/Camping-Panorama-du-Pyla-cottage-vue-mer-coin-farniente.jpg)\"><\/div><div class=\"wp-block-cover__inner-container is-layout-flow wp-block-cover-is-layout-flow\">\n<div class=\"wp-block-uagb-container uagb-block-09b3b652\">\n<h2 class=\"wp-block-heading has-text-align-center has-white-color has-text-color has-large-font-size\">\u5728\u963f\u5361\u96c4\u7684 Bassin \u9152\u5e97\u4e4b\u4e00\u8f7b\u677e\u5ea6\u8fc7\u60a8\u7684\u5047\u671f<\/h2>\n\n\n\n<p class=\"has-text-align-center has-white-color has-text-color\"><a href=\"https:\/\/bassin-arcachon.com\/zh\/%e4%bd%8f%e5%ae%bf-2\/%e9%85%92%e5%ba%97-2\/\">\u5f00\u59cb\u60a8\u7684\u641c\u7d22<\/a><\/p>\n<\/div>\n<\/div><\/div>\n<\/div>\n\n\n\n<div style=\"height:60px\" aria-hidden=\"true\" class=\"wp-block-spacer\"><\/div>\n\n\n\n<div class=\"wp-block-uagb-container uagb-block-67970557 alignfull uagb-is-root-container\"><div class=\"uagb-container-inner-blocks-wrap\">\n<div class=\"wp-block-uagb-container uagb-block-dd7dcc04\">\n<h3 class=\"wp-block-heading\">\u60a8\u60f3\u9884\u8ba2\u5170\u987f\u9644\u8fd1\u7684\u9152\u5e97\u5417\uff1f<\/h3>\n\n\n\n<p>\u63a2\u7d22\u6211\u4eec\u4f4d\u4e8e Bassin Arcachon \u7684\u6240\u6709\u9152\u5e97\uff1a&nbsp;<a href=\"https:\/\/bassin-arcachon.com\/zh\/%e4%bd%8f%e5%ae%bf-2\/%e9%85%92%e5%ba%97-2+%e6%88%98%e7%a5%9e-2\/\">\u6218\u795e<\/a>,&nbsp;<a href=\"https:\/\/bassin-arcachon.com\/zh\/%e4%bd%8f%e5%ae%bf-2\/%e9%85%92%e5%ba%97-2+%e9%98%bf%e5%8d%a1%e9%9b%84\/\">\u963f\u5361\u96c4<\/a>,&nbsp;<a href=\"https:\/\/bassin-arcachon.com\/zh\/%e4%bd%8f%e5%ae%bf-2\/%e9%85%92%e5%ba%97-2+%e6%89%b9%e9%87%8f%e6%b5%8b%e8%af%95\/\">La Teste de Buch<\/a>,&nbsp;<a href=\"https:\/\/bassin-arcachon.com\/zh\/%e4%bd%8f%e5%ae%bf-2\/%e9%85%92%e5%ba%97-2+%e5%ae%89%e5%be%b7%e8%af%ba%e6%96%af\/\">\u5b89\u5fb7\u8bfa\u65af<\/a>,&nbsp;<a href=\"https:\/\/bassin-arcachon.com\/zh\/%e4%bd%8f%e5%ae%bf-2\/%e9%85%92%e5%ba%97-2+%e5%8f%a4%e8%ae%a9%e6%a2%85%e6%96%af%e7%89%b9%e6%8b%89%e6%96%af\/\">Gujan-Mestras,<\/a>&nbsp;<a href=\"https:\/\/bassin-arcachon.com\/zh\/%e4%bd%8f%e5%ae%bf-2\/%e9%85%92%e5%ba%97-2+%e7%9b%86%e5%9c%b0%e4%b9%8b%e5%bf%83\/\">\u6bd4\u52a0\u8bfa\u65af<\/a>&nbsp;<a href=\"https:\/\/bassin-arcachon.com\/zh\/%e4%bd%8f%e5%ae%bf-2\/%e9%85%92%e5%ba%97-2+%e7%9b%86%e5%9c%b0%e4%b9%8b%e5%bf%83\/\">\u5965\u767b\u683c<\/a>,<a href=\"https:\/\/bassin-arcachon.com\/zh\/%e4%bd%8f%e5%ae%bf-2\/%e9%85%92%e5%ba%97-2+%e5%8b%92%e6%b3%b0%e5%85%8b\/\">&nbsp;Le Teich&nbsp;<\/a>\u548c&nbsp;<a href=\"https:\/\/bassin-arcachon.com\/zh\/%e4%bd%8f%e5%ae%bf-2\/%e9%85%92%e5%ba%97-2+lege-cap-ferret\/\">\u96ea\u8c82<\/a>&nbsp;!<\/p>\n<\/div>\n\n\n\n<div class=\"wp-block-uagb-container uagb-block-dd7a49a4\">\n<div class=\"wp-block-uagb-image uagb-block-349829c0 wp-block-uagb-image--layout-default wp-block-uagb-image--effect-static wp-block-uagb-image--align-none\"><figure class=\"wp-block-uagb-image__figure\"><img decoding=\"async\" srcset=\"https:\/\/bassin-arcachon.com\/wp-content\/uploads\/2018\/09\/nourri-a-lhu\u00eetre-\u00e9lev\u00e9-sous-les-pins-Bassin-dArcachon.jpg 1000w, https:\/\/bassin-arcachon.com\/wp-content\/uploads\/2018\/09\/nourri-a-lhu\u00eetre-\u00e9lev\u00e9-sous-les-pins-Bassin-dArcachon-600x400.jpg 600w, https:\/\/bassin-arcachon.com\/wp-content\/uploads\/2018\/09\/nourri-a-lhu\u00eetre-\u00e9lev\u00e9-sous-les-pins-Bassin-dArcachon-768x511.jpg 768w, https:\/\/bassin-arcachon.com\/wp-content\/uploads\/2018\/09\/nourri-a-lhu\u00eetre-\u00e9lev\u00e9-sous-les-pins-Bassin-dArcachon-18x12.jpg 18w\" sizes=\"auto, (max-width: 480px) 150px\" src=\"https:\/\/bassin-arcachon.com\/wp-content\/uploads\/2018\/09\/nourri-a-lhu\u00eetre-\u00e9lev\u00e9-sous-les-pins-Bassin-dArcachon.jpg\" alt=\"- - Bassin d&#039;Arcachon\" class=\"uag-image-26169\" width=\"1000\" height=\"666\" title=\"- - Bassin d&#039;Arcachon\" loading=\"lazy\" role=\"img\"><\/figure><\/div>\n<\/div>\n<\/div><\/div>\n\n\n\n<div style=\"height:60px\" aria-hidden=\"true\" class=\"wp-block-spacer\"><\/div>","protected":false},"excerpt":{"rendered":"<p>D\u00e9couvrez les h\u00f4tels \u00e0 Lanton sur Bassin d\u2019Arcachon ! Avec restaurant, animaux de compagnie admis, ou chambres familiales, r\u00e9servez d\u00e8s maintenant ! Nos h\u00f4tels \u00e0 Lanton avec restaurant Envie d\u2019une [&hellip;]<\/p>\n","protected":false},"author":25,"featured_media":2217,"parent":43,"menu_order":1,"comment_status":"closed","ping_status":"closed","template":"","meta":{"_acf_changed":false,"_uag_custom_page_level_css":"","footnotes":""},"class_list":["post-45646","page","type-page","status-publish","has-post-thumbnail","hentry"],"acf":[],"uagb_featured_image_src":{"full":["https:\/\/bassin-arcachon.com\/wp-content\/uploads\/2017\/03\/camping-bassin-arcachon.jpg",1200,800,false],"thumbnail":["https:\/\/bassin-arcachon.com\/wp-content\/uploads\/2017\/03\/camping-bassin-arcachon-150x150.jpg",150,150,true],"medium":["https:\/\/bassin-arcachon.com\/wp-content\/uploads\/2017\/03\/camping-bassin-arcachon-600x400.jpg",600,400,true],"medium_large":["https:\/\/bassin-arcachon.com\/wp-content\/uploads\/2017\/03\/camping-bassin-arcachon-768x512.jpg",768,512,true],"large":["https:\/\/bassin-arcachon.com\/wp-content\/uploads\/2017\/03\/camping-bassin-arcachon-1024x683.jpg",1024,683,true],"1536x1536":["https:\/\/bassin-arcachon.com\/wp-content\/uploads\/2017\/03\/camping-bassin-arcachon.jpg",1200,800,false],"2048x2048":["https:\/\/bassin-arcachon.com\/wp-content\/uploads\/2017\/03\/camping-bassin-arcachon.jpg",1200,800,false],"trp-custom-language-flag":["https:\/\/bassin-arcachon.com\/wp-content\/uploads\/2017\/03\/camping-bassin-arcachon-18x12.jpg",18,12,true]},"uagb_author_info":{"display_name":"Marie Clauzel","author_link":"https:\/\/bassin-arcachon.com\/zh\/author\/mariesiba\/"},"uagb_comment_info":0,"uagb_excerpt":"D\u00e9couvrez les h\u00f4tels \u00e0 Lanton sur Bassin d\u2019Arcachon ! Avec restaurant, animaux de compagnie admis, ou chambres familiales, r\u00e9servez d\u00e8s maintenant ! Nos h\u00f4tels \u00e0 Lanton avec restaurant Envie d\u2019une [&hellip;]","_links":{"self":[{"href":"https:\/\/bassin-arcachon.com\/zh\/wp-json\/wp\/v2\/pages\/45646","targetHints":{"allow":["GET"]}}],"collection":[{"href":"https:\/\/bassin-arcachon.com\/zh\/wp-json\/wp\/v2\/pages"}],"about":[{"href":"https:\/\/bassin-arcachon.com\/zh\/wp-json\/wp\/v2\/types\/page"}],"author":[{"embeddable":true,"href":"https:\/\/bassin-arcachon.com\/zh\/wp-json\/wp\/v2\/users\/25"}],"replies":[{"embeddable":true,"href":"https:\/\/bassin-arcachon.com\/zh\/wp-json\/wp\/v2\/comments?post=45646"}],"version-history":[{"count":2,"href":"https:\/\/bassin-arcachon.com\/zh\/wp-json\/wp\/v2\/pages\/45646\/revisions"}],"predecessor-version":[{"id":68234,"href":"https:\/\/bassin-arcachon.com\/zh\/wp-json\/wp\/v2\/pages\/45646\/revisions\/68234"}],"up":[{"embeddable":true,"href":"https:\/\/bassin-arcachon.com\/zh\/wp-json\/wp\/v2\/pages\/43"}],"wp:featuredmedia":[{"embeddable":true,"href":"https:\/\/bassin-arcachon.com\/zh\/wp-json\/wp\/v2\/media\/2217"}],"wp:attachment":[{"href":"https:\/\/bassin-arcachon.com\/zh\/wp-json\/wp\/v2\/media?parent=45646"}],"curies":[{"name":"\u53ef\u6e7f\u6027\u7c89\u5242","href":"https:\/\/api.w.org\/{rel}","templated":true}]}}