{"id":45669,"date":"2020-07-10T15:29:25","date_gmt":"2020-07-10T13:29:25","guid":{"rendered":"https:\/\/bassin-arcachon.com\/\/?page_id=45669"},"modified":"2024-11-06T10:43:44","modified_gmt":"2024-11-06T09:43:44","slug":"%e6%88%91%e4%bb%ac%e7%9a%84%e5%a5%a5%e6%b3%b0%e5%a5%87%e9%85%92%e5%ba%97","status":"publish","type":"page","link":"https:\/\/bassin-arcachon.com\/zh\/ou-dormir\/nos-hotels-au-teich\/","title":{"rendered":"\u6211\u4eec\u5728 \u52d2\u6cf0\u514b\u62e5\u6709\u7684\u9152\u5e97"},"content":{"rendered":"<div class=\"wp-block-uagb-container uagb-block-f97b12ac alignfull uagb-is-root-container\"><div class=\"uagb-container-inner-blocks-wrap\">\n<h2 class=\"wp-block-heading has-text-align-center\" style=\"font-size:25px\">\u63a2\u7d22\u6211\u4eec\u5728\u6cf0\u5e0c\u7684\u9152\u5e97\uff01\u5728\u963f\u5361\u96c4 Bassin \u5de6\u53f3\u9884\u8ba2\u5e26\u6e38\u6cf3\u6c60\u3001\u9910\u5385\u6216\u5168\u5e74\u5f00\u653e\u7684\u9152\u5e97\uff01 <\/h2>\n<\/div><\/div>\n\n\n\n<div style=\"height:40px\" aria-hidden=\"true\" class=\"wp-block-spacer\"><\/div>\n\n\n\n<div class=\"wp-block-uagb-container uagb-block-6a6b72a1 alignfull uagb-is-root-container\"><div class=\"uagb-container-inner-blocks-wrap\">\n<div class=\"wp-block-uagb-container uagb-block-cc5caa1f\">\n<h2 class=\"wp-block-heading\">\u6211\u4eec\u5728 Le Teich \u62e5\u6709\u6e38\u6cf3\u6c60\u7684\u9152\u5e97<\/h2>\n\n\n\n<p>\u6234\u4e0a\u592a\u9633\u955c\uff0c\u8212\u9002\u5730\u8eba\u4e0b\uff0c\u51dd\u89c6\u9152\u5e97\u6e38\u6cf3\u6c60\u7684\u5012\u5f71\u2026\u2026\u95f2\u6563\u7684\u9ad8\u5ea6\uff01\u9009\u62e9\u6211\u4eec\u4f4d\u4e8e Le Teich \u7684\u5e26\u6cf3\u6c60\u7684\u9152\u5e97\u4e4b\u4e00\uff0c\u4e0e\u60a8\u7684\u5bb6\u4eba\u6216\u60c5\u4fa3\u4e00\u8d77\u4eab\u53d7\u72ec\u4eab\u7684\u7f8e\u597d\u65f6\u5149\u3002\u5728\u5b69\u5b50\u4eec\u5b09\u620f\u7684\u540c\u65f6\u5728\u6c34\u8fb9\u6d88\u78e8\u65f6\u5149\uff0c\u5c06\u60a8\u7684\u819d\u76d6\u6392\u6210\u4e00\u884c\u6216\u4e00\u8fb9\u559d\u7740\u996e\u6599\u4e00\u8fb9\u6652\u9ed1\uff01\u5728 Teich \u6d77\u6ee9\u5ea6\u8fc7\u7f8e\u597d\u7684\u4e00\u5929\u540e\uff0c\u5728\u9152\u5e97\u653e\u677e\u8eab\u5fc3\u7684\u7406\u60f3\u6d3b\u52a8\u3002<\/p>\n\n\n\n<div class=\"wp-block-buttons is-layout-flex wp-block-buttons-is-layout-flex\">\n<div class=\"wp-block-button\"><a class=\"wp-block-button__link wp-element-button\" href=\"https:\/\/bassin-arcachon.com\/zh\/%e4%bd%8f%e5%ae%bf-2\/%e9%85%92%e5%ba%97%26amp%3bpool\/\">\u5e26\u6e38\u6cf3\u6c60\u7684\u9152\u5e97<\/a><\/div>\n<\/div>\n<\/div>\n\n\n\n<div class=\"wp-block-uagb-container uagb-block-40fbb88e\">\n<div class=\"wp-block-uagb-image uagb-block-2663eba7 wp-block-uagb-image--layout-default wp-block-uagb-image--effect-static wp-block-uagb-image--align-none\"><figure class=\"wp-block-uagb-image__figure\"><img decoding=\"async\" srcset=\"https:\/\/bassin-arcachon.com\/wp-content\/uploads\/2017\/03\/thalasso-detente-1024x681.jpg \" sizes=\"auto, (max-width: 480px) 150px\" src=\"https:\/\/bassin-arcachon.com\/wp-content\/uploads\/2017\/03\/thalasso-detente-1024x681.jpg\" alt=\"- - Bassin d&#039;Arcachon\" class=\"uag-image-1402\" width=\"1024\" height=\"681\" title=\"- - Bassin d&#039;Arcachon\" loading=\"lazy\" role=\"img\"><\/figure><\/div>\n<\/div>\n<\/div><\/div>\n\n\n\n<div style=\"height:60px\" aria-hidden=\"true\" class=\"wp-block-spacer\"><\/div>\n\n\n\n<div class=\"wp-block-uagb-container uagb-block-1b658f16 alignfull uagb-is-root-container\"><div class=\"uagb-container-inner-blocks-wrap\">\n<div class=\"wp-block-uagb-container uagb-block-f6eaf5e4\">\n<div class=\"wp-block-uagb-image uagb-block-36284ccc wp-block-uagb-image--layout-default wp-block-uagb-image--effect-static wp-block-uagb-image--align-none\"><figure class=\"wp-block-uagb-image__figure\"><img decoding=\"async\" srcset=\"https:\/\/bassin-arcachon.com\/wp-content\/uploads\/2019\/01\/andernos-huitres-SIBA-agence-les-conteurs-16-1024x683.jpg \" sizes=\"auto, (max-width: 480px) 150px\" src=\"https:\/\/bassin-arcachon.com\/wp-content\/uploads\/2019\/01\/andernos-huitres-SIBA-agence-les-conteurs-16-1024x683.jpg\" alt=\"\u5728\u963f\u745e\u65af\u54c1\u5c1d\u751f\u869d\" class=\"uag-image-31197\" width=\"1024\" height=\"683\" title=\"- - Bassin d&#039;Arcachon\" loading=\"lazy\" role=\"img\"><\/figure><\/div>\n<\/div>\n\n\n\n<div class=\"wp-block-uagb-container uagb-block-0bc2f083\">\n<h2 class=\"wp-block-heading\">\u6211\u4eec\u5728 Le Teich \u62e5\u6709\u9910\u5385\u7684\u9152\u5e97<\/h2>\n\n\n\n<p>\u60f3\u4e00\u63a2\u963f\u5361\u96c4 Bassin \u7684\u539f\u6c41\u539f\u5473\u5417\uff1f\u6211\u4eec\u5728\u6cf0\u8d6b\u8bbe\u6709\u9910\u5385\u7684\u9152\u5e97\u4e13\u4e3a\u60a8\u6253\u9020\uff01\u8ba9\u81ea\u5df1\u88ab\u83dc\u5355\u4e0a\u8bb8\u591a\u7f8e\u5473\u7684\u5f53\u5730\u4ea7\u54c1\u6240\u8bf1\u60d1\u3002\u4f60\u5728\u6e38\u6cf3\u6c60\u5ea6\u8fc7\u7684\u4e00\u5929\u662f\u5426\u52fe\u8d77\u4e86\u4f60\u7684\u80c3\u53e3\uff1f\u4e0e\u670b\u53cb\u6216\u604b\u4eba\u4e00\u8d77\u5728\u6211\u4eec\u4f4d\u4e8e Le Teich \u7684\u9152\u5e97\u9910\u5385\u7684\u534e\u4e3d\u9732\u53f0\u4e0a\u7528\u9910\u3002\u4ece\u591a\u6c41\u7684\u7261\u86ce\u5230\u878d\u5316\u7684\u9e45\u809d\u548c\u7f8e\u5473\u7684\u767d\u8272\u6c99\u4e18\uff0c\u6211\u4eec\u7684\u9152\u5e97\u5c06\u665a\u5b89\u548c\u597d\u80c3\u53e3\u7ed3\u5408\u5728\u4e00\u8d77\uff01\u4eab\u4e50\u4e3b\u4e49\u8005\u6ce8\u610f\uff01<\/p>\n\n\n\n<div class=\"wp-block-buttons is-layout-flex wp-block-buttons-is-layout-flex\">\n<div class=\"wp-block-button\"><a class=\"wp-block-button__link wp-element-button\" href=\"https:\/\/bassin-arcachon.com\/zh\/%e4%bd%8f%e5%ae%bf-2\/%e9%85%92%e5%ba%97le-teichrestaurants\/\">\u8bbe\u6709\u9910\u5385\u7684\u9152\u5e97<\/a><\/div>\n<\/div>\n<\/div>\n<\/div><\/div>\n\n\n\n<div style=\"height:60px\" aria-hidden=\"true\" class=\"wp-block-spacer\"><\/div>\n\n\n\n<div class=\"wp-block-uagb-container uagb-block-bbc8945c alignfull uagb-is-root-container\"><div class=\"uagb-container-inner-blocks-wrap\">\n<div class=\"wp-block-uagb-container uagb-block-a8189e9a\">\n<h2 class=\"wp-block-heading\">\u6211\u4eec\u5728 Le Teich \u7684\u9152\u5e97\u5168\u5e74\u5f00\u653e<\/h2>\n\n\n\n<p>\u4e00\u4e2a\u53c8\u4e00\u4e2a\u5b63\u8282\u91cd\u65b0\u53d1\u73b0\u76c6\u5730\u7684\u9b45\u529b\uff0c\u5165\u4f4f\u6211\u4eec\u5168\u5e74\u5f00\u653e\u7684 Le Teich \u9152\u5e97\u4e4b\u4e00\u3002\u79cb\u5929\uff0c\u5728\u8352\u51c9\u7684\u5c0f\u6d77\u6ee9\u4e0a\u6b23\u8d4f\u8272\u5f69\u7eda\u4e3d\u7684\u65e5\u843d\u3002\u8d81\u7740\u51ac\u65e5\u7684\u5e73\u9759\uff0c\u6536\u96c6\u6c99\u6ee9\u4e0a\u7684\u6d6e\u6728\uff0c\u505a\u6210\u7898\u5316\u88c5\u9970\uff01\u60f3\u6765\u4e00\u6b21\u9999\u55b7\u55b7\u7684\u5047\u671f\u5417\uff1f\u60a8\u4e00\u5b9a\u4f1a\u5728\u9a91\u81ea\u884c\u8f66\u65f6\u6b23\u8d4f\u76c6\u5730\u6625\u5929\u7684\u6e29\u548c\u3002\u65e0\u8bba\u60a8\u6709\u4ec0\u4e48\u613f\u671b\uff0c\u6211\u4eec\u5728 Le Teich \u7684\u9152\u5e97\u5168\u5e74\u90fd\u6b22\u8fce\u60a8\u7684\u5149\u4e34\uff01<\/p>\n\n\n\n<div class=\"wp-block-buttons is-layout-flex wp-block-buttons-is-layout-flex\">\n<div class=\"wp-block-button\"><a class=\"wp-block-button__link wp-element-button\" href=\"https:\/\/bassin-arcachon.com\/zh\/%e4%bd%8f%e5%ae%bf-2\/%e9%85%92%e5%ba%97%40le-teich\/\">\u9152\u5e97\u5168\u5e74\u5f00\u653e<\/a><\/div>\n<\/div>\n<\/div>\n\n\n\n<div class=\"wp-block-uagb-container uagb-block-989ca811\">\n<div class=\"wp-block-uagb-image uagb-block-ed796ae5 wp-block-uagb-image--layout-default wp-block-uagb-image--effect-static wp-block-uagb-image--align-none\"><figure class=\"wp-block-uagb-image__figure\"><img decoding=\"async\" srcset=\"https:\/\/bassin-arcachon.com\/wp-content\/uploads\/2017\/11\/Sunset-Le-teich-1-1024x768.jpg \" sizes=\"auto, (max-width: 480px) 150px\" src=\"https:\/\/bassin-arcachon.com\/wp-content\/uploads\/2017\/11\/Sunset-Le-teich-1-1024x768.jpg\" alt=\"\u52d2\u6cf0\u514b\" class=\"uag-image-10938\" width=\"1024\" height=\"768\" title=\"- - Bassin d&#039;Arcachon\" loading=\"lazy\" role=\"img\"><\/figure><\/div>\n<\/div>\n<\/div><\/div>\n\n\n\n<div style=\"height:60px\" aria-hidden=\"true\" class=\"wp-block-spacer\"><\/div>\n\n\n\n<div class=\"wp-block-uagb-container uagb-block-5620b081 alignfull uagb-is-root-container\">\n<div class=\"wp-block-cover is-light has-parallax\"><span aria-hidden=\"true\" class=\"wp-block-cover__background has-background-dim-0 has-background-dim\"><\/span><div class=\"wp-block-cover__image-background wp-image-1345 has-parallax\" style=\"background-position:50% 50%;background-image:url(https:\/\/bassin-arcachon.com\/wp-content\/uploads\/2017\/03\/Camping-Panorama-du-Pyla-cottage-vue-mer-coin-farniente.jpg)\"><\/div><div class=\"wp-block-cover__inner-container is-layout-flow wp-block-cover-is-layout-flow\">\n<div class=\"wp-block-uagb-container uagb-block-6a06ccdb\">\n<h2 class=\"wp-block-heading has-text-align-center has-white-color has-text-color has-large-font-size\">\u5728\u963f\u5361\u96c4\u7684 Bassin \u9152\u5e97\u4e4b\u4e00\u8f7b\u677e\u5ea6\u8fc7\u60a8\u7684\u5047\u671f<\/h2>\n\n\n\n<p class=\"has-text-align-center has-white-color has-text-color\"><a href=\"https:\/\/bassin-arcachon.com\/zh\/%e4%bd%8f%e5%ae%bf-2\/%e9%85%92%e5%ba%97-2\/\">\u5f00\u59cb\u60a8\u7684\u641c\u7d22<\/a><\/p>\n<\/div>\n<\/div><\/div>\n<\/div>\n\n\n\n<div style=\"height:60px\" aria-hidden=\"true\" class=\"wp-block-spacer\"><\/div>\n\n\n\n<div class=\"wp-block-uagb-container uagb-block-67970557 alignfull uagb-is-root-container\"><div class=\"uagb-container-inner-blocks-wrap\">\n<div class=\"wp-block-uagb-container uagb-block-dd7dcc04\">\n<h3 class=\"wp-block-heading\">\u60a8\u60f3\u9884\u8ba2Le Teich\u5de6\u53f3\u7684\u9152\u5e97\u5417\uff1f<\/h3>\n\n\n\n<p>\u63a2\u7d22\u6211\u4eec\u4f4d\u4e8e Bassin Arcachon \u7684\u6240\u6709\u9152\u5e97\uff1a&nbsp;<a href=\"https:\/\/bassin-arcachon.com\/zh\/%e4%bd%8f%e5%ae%bf-2\/%e9%85%92%e5%ba%97-2+%e6%88%98%e7%a5%9e-2\/\">\u6218\u795e<\/a>,&nbsp;<a href=\"https:\/\/bassin-arcachon.com\/zh\/%e4%bd%8f%e5%ae%bf-2\/%e9%85%92%e5%ba%97-2+%e9%98%bf%e5%8d%a1%e9%9b%84\/\">\u963f\u5361\u96c4<\/a>,&nbsp;<a href=\"https:\/\/bassin-arcachon.com\/zh\/%e4%bd%8f%e5%ae%bf-2\/%e9%85%92%e5%ba%97-2+%e6%89%b9%e9%87%8f%e6%b5%8b%e8%af%95\/\">La Teste de Buch<\/a>,&nbsp;<a href=\"https:\/\/bassin-arcachon.com\/zh\/%e4%bd%8f%e5%ae%bf-2\/%e9%85%92%e5%ba%97-2+%e5%ae%89%e5%be%b7%e8%af%ba%e6%96%af\/\">\u5b89\u5fb7\u8bfa\u65af<\/a>,&nbsp;<a href=\"https:\/\/bassin-arcachon.com\/zh\/%e4%bd%8f%e5%ae%bf-2\/%e9%85%92%e5%ba%97-2+%e5%8f%a4%e8%ae%a9%e6%a2%85%e6%96%af%e7%89%b9%e6%8b%89%e6%96%af\/\">Gujan-Mestras,<\/a>&nbsp;<a href=\"https:\/\/bassin-arcachon.com\/zh\/%e4%bd%8f%e5%ae%bf-2\/%e9%85%92%e5%ba%97-2+%e7%9b%86%e5%9c%b0%e4%b9%8b%e5%bf%83\/\">\u6bd4\u52a0\u8bfa\u65af<\/a>&nbsp;<a href=\"https:\/\/bassin-arcachon.com\/zh\/%e4%bd%8f%e5%ae%bf-2\/%e9%85%92%e5%ba%97-2+%e7%9b%86%e5%9c%b0%e4%b9%8b%e5%bf%83\/\">\u5965\u767b\u683c<\/a>,<a href=\"https:\/\/bassin-arcachon.com\/zh\/%e4%bd%8f%e5%ae%bf-2\/%e9%85%92%e5%ba%97-2+%e7%9b%86%e5%9c%b0%e4%b9%8b%e5%bf%83\/\">&nbsp;\u5170\u987f&nbsp;<\/a>\u548c&nbsp;<a href=\"https:\/\/bassin-arcachon.com\/zh\/%e4%bd%8f%e5%ae%bf-2\/%e9%85%92%e5%ba%97-2+lege-cap-ferret\/\">\u96ea\u8c82<\/a>&nbsp;!<\/p>\n<\/div>\n\n\n\n<div class=\"wp-block-uagb-container uagb-block-dd7a49a4\">\n<div class=\"wp-block-uagb-image uagb-block-349829c0 wp-block-uagb-image--layout-default wp-block-uagb-image--effect-static wp-block-uagb-image--align-none\"><figure class=\"wp-block-uagb-image__figure\"><img decoding=\"async\" srcset=\"https:\/\/bassin-arcachon.com\/wp-content\/uploads\/2018\/09\/nourri-a-lhu\u00eetre-\u00e9lev\u00e9-sous-les-pins-Bassin-dArcachon.jpg 1000w, https:\/\/bassin-arcachon.com\/wp-content\/uploads\/2018\/09\/nourri-a-lhu\u00eetre-\u00e9lev\u00e9-sous-les-pins-Bassin-dArcachon-600x400.jpg 600w, https:\/\/bassin-arcachon.com\/wp-content\/uploads\/2018\/09\/nourri-a-lhu\u00eetre-\u00e9lev\u00e9-sous-les-pins-Bassin-dArcachon-768x511.jpg 768w, https:\/\/bassin-arcachon.com\/wp-content\/uploads\/2018\/09\/nourri-a-lhu\u00eetre-\u00e9lev\u00e9-sous-les-pins-Bassin-dArcachon-18x12.jpg 18w\" sizes=\"auto, (max-width: 480px) 150px\" src=\"https:\/\/bassin-arcachon.com\/wp-content\/uploads\/2018\/09\/nourri-a-lhu\u00eetre-\u00e9lev\u00e9-sous-les-pins-Bassin-dArcachon.jpg\" alt=\"- - Bassin d&#039;Arcachon\" class=\"uag-image-26169\" width=\"1000\" height=\"666\" title=\"- - Bassin d&#039;Arcachon\" loading=\"lazy\" role=\"img\"><\/figure><\/div>\n<\/div>\n<\/div><\/div>\n\n\n\n<div style=\"height:60px\" aria-hidden=\"true\" class=\"wp-block-spacer\"><\/div>","protected":false},"excerpt":{"rendered":"<p>D\u00e9couvrez nos h\u00f4tels au Teich ! R\u00e9servez votre h\u00f4tel avec piscine, restaurant, ou ouvert toute l\u2019ann\u00e9e autour du Bassin d&rsquo;Arcachon ! Nos h\u00f4tels au Teich avec piscine Enfiler ses lunettes [&hellip;]<\/p>\n","protected":false},"author":25,"featured_media":2217,"parent":43,"menu_order":1,"comment_status":"closed","ping_status":"closed","template":"","meta":{"_acf_changed":false,"_uag_custom_page_level_css":"","footnotes":""},"class_list":["post-45669","page","type-page","status-publish","has-post-thumbnail","hentry"],"acf":[],"uagb_featured_image_src":{"full":["https:\/\/bassin-arcachon.com\/wp-content\/uploads\/2017\/03\/camping-bassin-arcachon.jpg",1200,800,false],"thumbnail":["https:\/\/bassin-arcachon.com\/wp-content\/uploads\/2017\/03\/camping-bassin-arcachon-150x150.jpg",150,150,true],"medium":["https:\/\/bassin-arcachon.com\/wp-content\/uploads\/2017\/03\/camping-bassin-arcachon-600x400.jpg",600,400,true],"medium_large":["https:\/\/bassin-arcachon.com\/wp-content\/uploads\/2017\/03\/camping-bassin-arcachon-768x512.jpg",768,512,true],"large":["https:\/\/bassin-arcachon.com\/wp-content\/uploads\/2017\/03\/camping-bassin-arcachon-1024x683.jpg",1024,683,true],"1536x1536":["https:\/\/bassin-arcachon.com\/wp-content\/uploads\/2017\/03\/camping-bassin-arcachon.jpg",1200,800,false],"2048x2048":["https:\/\/bassin-arcachon.com\/wp-content\/uploads\/2017\/03\/camping-bassin-arcachon.jpg",1200,800,false],"trp-custom-language-flag":["https:\/\/bassin-arcachon.com\/wp-content\/uploads\/2017\/03\/camping-bassin-arcachon-18x12.jpg",18,12,true]},"uagb_author_info":{"display_name":"Marie Clauzel","author_link":"https:\/\/bassin-arcachon.com\/zh\/author\/mariesiba\/"},"uagb_comment_info":0,"uagb_excerpt":"D\u00e9couvrez nos h\u00f4tels au Teich ! R\u00e9servez votre h\u00f4tel avec piscine, restaurant, ou ouvert toute l\u2019ann\u00e9e autour du Bassin d&rsquo;Arcachon ! Nos h\u00f4tels au Teich avec piscine Enfiler ses lunettes [&hellip;]","_links":{"self":[{"href":"https:\/\/bassin-arcachon.com\/zh\/wp-json\/wp\/v2\/pages\/45669","targetHints":{"allow":["GET"]}}],"collection":[{"href":"https:\/\/bassin-arcachon.com\/zh\/wp-json\/wp\/v2\/pages"}],"about":[{"href":"https:\/\/bassin-arcachon.com\/zh\/wp-json\/wp\/v2\/types\/page"}],"author":[{"embeddable":true,"href":"https:\/\/bassin-arcachon.com\/zh\/wp-json\/wp\/v2\/users\/25"}],"replies":[{"embeddable":true,"href":"https:\/\/bassin-arcachon.com\/zh\/wp-json\/wp\/v2\/comments?post=45669"}],"version-history":[{"count":3,"href":"https:\/\/bassin-arcachon.com\/zh\/wp-json\/wp\/v2\/pages\/45669\/revisions"}],"predecessor-version":[{"id":68232,"href":"https:\/\/bassin-arcachon.com\/zh\/wp-json\/wp\/v2\/pages\/45669\/revisions\/68232"}],"up":[{"embeddable":true,"href":"https:\/\/bassin-arcachon.com\/zh\/wp-json\/wp\/v2\/pages\/43"}],"wp:featuredmedia":[{"embeddable":true,"href":"https:\/\/bassin-arcachon.com\/zh\/wp-json\/wp\/v2\/media\/2217"}],"wp:attachment":[{"href":"https:\/\/bassin-arcachon.com\/zh\/wp-json\/wp\/v2\/media?parent=45669"}],"curies":[{"name":"\u53ef\u6e7f\u6027\u7c89\u5242","href":"https:\/\/api.w.org\/{rel}","templated":true}]}}