{"id":45690,"date":"2020-07-10T15:58:10","date_gmt":"2020-07-10T13:58:10","guid":{"rendered":"https:\/\/bassin-arcachon.com\/\/?page_id=45690"},"modified":"2024-11-06T12:01:19","modified_gmt":"2024-11-06T11:01:19","slug":"%e6%88%91%e4%bb%ac%e5%9c%a8%e9%98%bf%e5%8d%a1%e9%9b%84%e7%9a%84%e5%ba%a6%e5%81%87%e5%87%ba%e7%a7%9f%e5%b1%8b","status":"publish","type":"page","link":"https:\/\/bassin-arcachon.com\/zh\/ou-dormir\/locations\/nos-locations-de-vacances-a-arcachon\/","title":{"rendered":"\u6211\u4eec\u5728\u963f\u5361\u96c4\u7684\u5ea6\u5047\u5c4b"},"content":{"rendered":"<div class=\"wp-block-uagb-container uagb-block-16e6ec14 alignfull uagb-is-root-container\"><div class=\"uagb-container-inner-blocks-wrap\">\n<div class=\"wp-block-uagb-container uagb-block-cd1e7bb1\">\n<h2 class=\"wp-block-heading\">\u6211\u4eec\u5728\u963f\u5361\u96c4\u7684\u5ea6\u5047\u51fa\u79df\u5c4b\u53ef\u6b23\u8d4f Bassin \u666f\u89c2<\/h2>\n\n\n\n<p>\u9003\u79bb\u6d6a\u6f2b\u7684\u6c34\u8fb9\u4e4b\u65c5\uff0c\u9009\u62e9\u4e00\u95f4\u53ef\u4ee5\u6b23\u8d4f\u963f\u5361\u96c4 Bassin \u666f\u89c2\u7684\u4e61\u95f4\u522b\u5885\uff01\u5728\u4ee4\u4eba\u96be\u4ee5\u7f6e\u4fe1\u7684\u81ea\u7136\u73af\u5883\u4e2d\u9192\u6765\uff0c\u968f\u7740\u6f6e\u6c50\u7684\u53d8\u5316\u800c\u53d8\u5316......\u4e00\u4e2a\u6210\u529f\u5ea6\u5047\u7684\u7406\u60f3\u73af\u5883 <a href=\"https:\/\/bassin-arcachon.com\/zh\/%e6%88%91%e4%bb%ac%e7%9a%84%e5%9f%8e%e5%b8%82%e5%92%8c%e6%9d%91%e5%ba%84\/%e9%98%bf%e5%8d%a1%e9%9b%84\/\">\u4f4d\u4e8e\u963f\u5361\u96c4<\/a>\uff0c\u6562\u79df\u4e2a\u5ea6\u5047\u5e26\u666f\u7684Bassin\uff01<\/p>\n\n\n\n<div class=\"wp-block-buttons is-layout-flex wp-block-buttons-is-layout-flex\">\n<div class=\"wp-block-button\"><a class=\"wp-block-button__link wp-element-button\" href=\"https:\/\/bassin-arcachon.com\/zh\/%e4%bd%8f%e5%ae%bf-2\/%e5%ba%a6%e5%81%87%e7%a7%9f%e8%b5%81-%40-%e9%98%bf%e5%8d%a1%e9%9b%84-%26amp-%3b-%e6%b5%b7%e6%99%af\/\">\u6d77\u6ee8\u51fa\u79df<\/a><\/div>\n<\/div>\n<\/div>\n\n\n\n<div class=\"wp-block-uagb-container uagb-block-4481e8dd\">\n<div class=\"wp-block-uagb-image uagb-block-b1bb26a1 wp-block-uagb-image--layout-default wp-block-uagb-image--effect-static wp-block-uagb-image--align-none\"><figure class=\"wp-block-uagb-image__figure\"><img decoding=\"async\" srcset=\"https:\/\/bassin-arcachon.com\/wp-content\/uploads\/2018\/12\/promenade-en-bateau-bassin-arcachon-1024x683.jpg \" sizes=\"auto, (max-width: 480px) 150px\" src=\"https:\/\/bassin-arcachon.com\/wp-content\/uploads\/2018\/12\/promenade-en-bateau-bassin-arcachon-1024x683.jpg\" alt=\"Bassin d&#039;Arcachon \u7684 Pinasse \u6b65\u884c\" class=\"uag-image-27644\" width=\"1024\" height=\"683\" title=\"- - Bassin d&#039;Arcachon\" loading=\"lazy\" role=\"img\"><\/figure><\/div>\n<\/div>\n<\/div><\/div>\n\n\n\n<div style=\"height:60px\" aria-hidden=\"true\" class=\"wp-block-spacer\"><\/div>\n\n\n\n<div class=\"wp-block-uagb-container uagb-block-449e0708 alignfull uagb-is-root-container\"><div class=\"uagb-container-inner-blocks-wrap\">\n<div class=\"wp-block-uagb-container uagb-block-78bd1f5e\">\n<div class=\"wp-block-uagb-image uagb-block-57109b7f wp-block-uagb-image--layout-default wp-block-uagb-image--effect-static wp-block-uagb-image--align-none\"><figure class=\"wp-block-uagb-image__figure\"><img decoding=\"async\" srcset=\"https:\/\/bassin-arcachon.com\/wp-content\/uploads\/2017\/02\/Plages-bassin-arcachon.jpg \" sizes=\"auto, (max-width: 480px) 150px\" src=\"https:\/\/bassin-arcachon.com\/wp-content\/uploads\/2017\/02\/Plages-bassin-arcachon.jpg\" alt=\"\u6d77\u6ee8\u963f\u5361\u96c4\u7684\u5ea6\u5047\u5c4b\" class=\"uag-image-23769\" width=\"1000\" height=\"666\" title=\"- - Bassin d&#039;Arcachon\" loading=\"lazy\" role=\"img\"><\/figure><\/div>\n<\/div>\n\n\n\n<div class=\"wp-block-uagb-container uagb-block-db3c4151\">\n<h2 class=\"wp-block-heading\">\u6211\u4eec\u5728\u963f\u5361\u96c4\u7684\u5ea6\u5047\u51fa\u79df\u5c4b\u5168\u5e74\u5f00\u653e<\/h2>\n\n\n\n<p>\u5728\u81ea\u7136\u73af\u5883\u4e2d\u4f53\u9a8c\u771f\u6b63\u8ff7\u4eba\u7684\u5047\u671f\uff0c\u5e76\u5728\u5e73\u9759\u7684\u51ac\u5b63\u63a2\u7d22\u963f\u5361\u96c4\u3002\u6c89\u6d78\u5728\u5168\u65b0\u7684\u6c1b\u56f4\u4e2d\uff0c\u66f4\u52a0\u795e\u5947\uff01\u8352\u51c9\u7684\u6d77\u6ee9\u3001\u7f8e\u5473\u7684\u7261\u86ce\u548c\u4e58\u8239\u6e38\u4e50\u8bbe\u65bd\uff0c\u4f60\u4f1a\u6709\u4e00\u79cd\u5b64\u8eab\u4e00\u4eba\u7684\u611f\u89c9\u3002\u9009\u62e9\u963f\u5361\u96c4\u5168\u5e74\u5f00\u653e\u7684\u79df\u8d41\u5904\uff0c\u5e76\u8003\u8651 Bassin \u7684\u5176\u4ed6\u989c\u8272\uff01<\/p>\n\n\n\n<div class=\"wp-block-buttons is-layout-flex wp-block-buttons-is-layout-flex\">\n<div class=\"wp-block-button\"><a class=\"wp-block-button__link wp-element-button\" href=\"https:\/\/bassin-arcachon.com\/zh\/%e4%bd%8f%e5%ae%bf-2\/%e5%ba%a6%e5%81%87%e5%87%ba%e7%a7%9f%e5%b1%8b-%40-%e9%98%bf%e5%8d%a1%e9%9b%84\/\">\u5168\u5e74\u5f00\u653e\u51fa\u79df<\/a><\/div>\n<\/div>\n<\/div>\n<\/div><\/div>\n\n\n\n<div style=\"height:60px\" aria-hidden=\"true\" class=\"wp-block-spacer\"><\/div>\n\n\n\n<div class=\"wp-block-uagb-container uagb-block-f2fca084 alignfull uagb-is-root-container\"><div class=\"uagb-container-inner-blocks-wrap\">\n<div class=\"wp-block-uagb-container uagb-block-0c3f6fb6\">\n<h2 class=\"wp-block-heading\">\u6211\u4eec\u4f4d\u4e8e\u963f\u5361\u96c4\u7684\u5ea6\u5047\u51fa\u79df\u5c4b\uff0c\u8bbe\u6709\u6e38\u6cf3\u6c60<\/h2>\n\n\n\n<p>\u867d\u7136 Bassin \u5728\u4e00\u5929\u4e2d\u7684\u4efb\u4f55\u65f6\u95f4\u90fd\u975e\u5e38\u7f8e\u4e3d\uff0c\u4f46\u5728\u67d0\u4e9b\u65f6\u95f4\u6e38\u6cf3\u8005\u4e5f\u65e0\u6cd5\u5230\u8fbe\u3002\u5728\u7b49\u5f85\u4e0b\u4e00\u6b21\u6f6e\u6c34\u5230\u6765\u7684\u540c\u65f6\uff0c\u60a8\u53ef\u4ee5\u5728\u79df\u8d41\u7684\u6cf3\u6c60\u4e2d\u6e05\u51c9\u4e00\u4e0b\u600e\u4e48\u6837\uff1f\u9009\u62e9\u963f\u5361\u96c4\u5e26\u6e38\u6cf3\u6c60\u7684\u5ea6\u5047\u51fa\u79df\u5c4b\uff0c\u5c3d\u60c5\u7545\u6e38\uff01<\/p>\n\n\n\n<div class=\"wp-block-buttons is-layout-flex wp-block-buttons-is-layout-flex\">\n<div class=\"wp-block-button\"><a class=\"wp-block-button__link wp-element-button\" href=\"https:\/\/bassin-arcachon.com\/zh\/%e4%bd%8f%e5%ae%bf-2\/%e5%ba%a6%e5%81%87%e7%a7%9f%e8%b5%81-%40-%e9%98%bf%e5%8d%a1%e9%9b%84-%26amp-%3b-%e6%b8%b8%e6%b3%b3%e6%b1%a0\/\">\u51fa\u79df\u5e26\u6e38\u6cf3\u6c60<\/a><\/div>\n<\/div>\n<\/div>\n\n\n\n<div class=\"wp-block-uagb-container uagb-block-b15e5277\">\n<div class=\"wp-block-uagb-image uagb-block-f469e5e7 wp-block-uagb-image--layout-default wp-block-uagb-image--effect-static wp-block-uagb-image--align-none\"><figure class=\"wp-block-uagb-image__figure\"><img decoding=\"async\" srcset=\"https:\/\/bassin-arcachon.com\/wp-content\/uploads\/2017\/12\/balneo-serge-blanco-lege-cap-ferret-33-1024x683.jpg \" sizes=\"auto, (max-width: 480px) 150px\" src=\"https:\/\/bassin-arcachon.com\/wp-content\/uploads\/2017\/12\/balneo-serge-blanco-lege-cap-ferret-33-1024x683.jpg\" alt=\"- - Bassin d&#039;Arcachon\" class=\"uag-image-11599\" width=\"1024\" height=\"683\" title=\"- - Bassin d&#039;Arcachon\" loading=\"lazy\" role=\"img\"><\/figure><\/div>\n<\/div>\n<\/div><\/div>\n\n\n\n<div style=\"height:60px\" aria-hidden=\"true\" class=\"wp-block-spacer\"><\/div>\n\n\n\n<div class=\"wp-block-uagb-container uagb-block-1d328c77 alignfull uagb-is-root-container\">\n<div class=\"wp-block-cover is-light has-parallax\"><span aria-hidden=\"true\" class=\"wp-block-cover__background has-background-dim-0 has-background-dim\"><\/span><div class=\"wp-block-cover__image-background wp-image-1345 has-parallax\" style=\"background-position:50% 50%;background-image:url(https:\/\/bassin-arcachon.com\/wp-content\/uploads\/2017\/03\/Camping-Panorama-du-Pyla-cottage-vue-mer-coin-farniente.jpg)\"><\/div><div class=\"wp-block-cover__inner-container is-layout-flow wp-block-cover-is-layout-flow\">\n<div class=\"wp-block-uagb-container uagb-block-34494276\">\n<h2 class=\"wp-block-heading has-text-align-center has-white-color has-text-color has-large-font-size\">\u5165\u4f4f\u6211\u4eec\u7cbe\u9009\u7684 Bassin \u963f\u5361\u96c4\u5ea6\u5047\u51fa\u79df\u5c4b\uff0c\u8f7b\u677e\u5ea6\u8fc7\u60a8\u7684\u5047\u671f\uff01<\/h2>\n\n\n\n<p class=\"has-text-align-center has-white-color has-text-color\"><a href=\"https:\/\/bassin-arcachon.com\/zh\/%e4%bd%8f%e5%ae%bf-2\/%e5%81%87%e6%9c%9f%e7%a7%9f%e9%87%91\/\">\u5f00\u59cb\u60a8\u7684\u641c\u7d22<\/a><\/p>\n<\/div>\n<\/div><\/div>\n<\/div>\n\n\n\n<div style=\"height:60px\" aria-hidden=\"true\" class=\"wp-block-spacer\"><\/div>\n\n\n\n<div class=\"wp-block-uagb-container uagb-block-5bc354f6 alignfull uagb-is-root-container\"><div class=\"uagb-container-inner-blocks-wrap\">\n<div class=\"wp-block-uagb-container uagb-block-014e0810\">\n<h2 class=\"wp-block-heading\">\u60a8\u60f3\u9884\u8ba2\u963f\u5361\u96c4\u9644\u8fd1\u7684\u5ea6\u5047\u51fa\u79df\u5c4b\u5417\uff1f<\/h2>\n\n\n\n<p>\u4e86\u89e3\u6211\u4eec\u5728 Bassin Arcachon \u7684\u6240\u6709\u5ea6\u5047\u51fa\u79df\u5c4b\uff1a&nbsp;<a href=\"https:\/\/bassin-arcachon.com\/zh\/%e4%bd%8f%e5%ae%bf-2\/%e5%81%87%e6%9c%9f%e7%a7%9f%e9%87%91+%e6%88%98%e7%a5%9e-2\/\">\u6218\u795e<\/a>,&nbsp;<a href=\"https:\/\/bassin-arcachon.com\/zh\/%e4%bd%8f%e5%ae%bf-2\/%e5%81%87%e6%9c%9f%e7%a7%9f%e9%87%91+%e5%8b%92%e6%b3%b0%e5%85%8b\/\">Le Teich<\/a>,&nbsp;<a href=\"https:\/\/bassin-arcachon.com\/zh\/%e4%bd%8f%e5%ae%bf-2\/%e5%81%87%e6%9c%9f%e7%a7%9f%e9%87%91+%e6%89%b9%e9%87%8f%e6%b5%8b%e8%af%95\/\">La Teste de Buch<\/a>,&nbsp;<a href=\"https:\/\/bassin-arcachon.com\/zh\/%e4%bd%8f%e5%ae%bf-2\/%e5%81%87%e6%9c%9f%e7%a7%9f%e9%87%91+%e5%ae%89%e5%be%b7%e8%af%ba%e6%96%af\/\">\u5b89\u5fb7\u8bfa\u65af<\/a>,&nbsp;<a href=\"https:\/\/bassin-arcachon.com\/zh\/%e4%bd%8f%e5%ae%bf-2\/%e5%81%87%e6%9c%9f%e7%a7%9f%e9%87%91+%e5%8f%a4%e8%ae%a9%e6%a2%85%e6%96%af%e7%89%b9%e6%8b%89%e6%96%af\/\">Gujan-Mestras,<\/a>&nbsp;<a href=\"https:\/\/bassin-arcachon.com\/zh\/%e4%bd%8f%e5%ae%bf-2\/%e5%81%87%e6%9c%9f%e7%a7%9f%e9%87%91+%e7%9b%86%e5%9c%b0%e4%b9%8b%e5%bf%83\/\">\u6bd4\u52a0\u8bfa\u65af<\/a>&nbsp;<a href=\"https:\/\/bassin-arcachon.com\/zh\/%e4%bd%8f%e5%ae%bf-2\/%e5%81%87%e6%9c%9f%e7%a7%9f%e9%87%91+%e7%9b%86%e5%9c%b0%e4%b9%8b%e5%bf%83\/\">\u5965\u767b\u683c<\/a>,<a href=\"https:\/\/bassin-arcachon.com\/zh\/%e4%bd%8f%e5%ae%bf-2\/%e5%81%87%e6%9c%9f%e7%a7%9f%e9%87%91+%e7%9b%86%e5%9c%b0%e4%b9%8b%e5%bf%83\/\">&nbsp;\u5170\u987f&nbsp;<\/a>\u548c&nbsp;<a href=\"https:\/\/bassin-arcachon.com\/zh\/%e4%bd%8f%e5%ae%bf-2\/%e5%81%87%e6%9c%9f%e7%a7%9f%e9%87%91+lege-cap-ferret\/\">\u96ea\u8c82<\/a>&nbsp;!<\/p>\n<\/div>\n\n\n\n<div class=\"wp-block-uagb-container uagb-block-7d2b4334\">\n<div class=\"wp-block-uagb-image uagb-block-d9b547aa wp-block-uagb-image--layout-default wp-block-uagb-image--effect-static wp-block-uagb-image--align-none\"><figure class=\"wp-block-uagb-image__figure\"><img decoding=\"async\" srcset=\"https:\/\/bassin-arcachon.com\/wp-content\/uploads\/2018\/09\/nourri-a-lhu\u00eetre-\u00e9lev\u00e9-sous-les-pins-Bassin-dArcachon.jpg 1000w, https:\/\/bassin-arcachon.com\/wp-content\/uploads\/2018\/09\/nourri-a-lhu\u00eetre-\u00e9lev\u00e9-sous-les-pins-Bassin-dArcachon-600x400.jpg 600w, https:\/\/bassin-arcachon.com\/wp-content\/uploads\/2018\/09\/nourri-a-lhu\u00eetre-\u00e9lev\u00e9-sous-les-pins-Bassin-dArcachon-768x511.jpg 768w, https:\/\/bassin-arcachon.com\/wp-content\/uploads\/2018\/09\/nourri-a-lhu\u00eetre-\u00e9lev\u00e9-sous-les-pins-Bassin-dArcachon-18x12.jpg 18w\" sizes=\"auto, (max-width: 480px) 150px\" src=\"https:\/\/bassin-arcachon.com\/wp-content\/uploads\/2018\/09\/nourri-a-lhu\u00eetre-\u00e9lev\u00e9-sous-les-pins-Bassin-dArcachon.jpg\" alt=\"- - Bassin d&#039;Arcachon\" class=\"uag-image-26169\" width=\"1000\" height=\"666\" title=\"- - Bassin d&#039;Arcachon\" loading=\"lazy\" role=\"img\"><\/figure><\/div>\n<\/div>\n<\/div><\/div>\n\n\n\n<div style=\"height:60px\" aria-hidden=\"true\" class=\"wp-block-spacer\"><\/div>","protected":false},"excerpt":{"rendered":"<p>Nos locations de vacances \u00e0 Arcachon avec vue sur le Bassin \u00c9vadez-vous pour une escapade romantique au bord de l\u2019eau et optez pour un g\u00eete avec vue sur le Bassin [&hellip;]<\/p>\n","protected":false},"author":25,"featured_media":2217,"parent":508,"menu_order":1,"comment_status":"closed","ping_status":"closed","template":"","meta":{"_acf_changed":false,"_uag_custom_page_level_css":"","footnotes":""},"class_list":["post-45690","page","type-page","status-publish","has-post-thumbnail","hentry"],"acf":[],"uagb_featured_image_src":{"full":["https:\/\/bassin-arcachon.com\/wp-content\/uploads\/2017\/03\/camping-bassin-arcachon.jpg",1200,800,false],"thumbnail":["https:\/\/bassin-arcachon.com\/wp-content\/uploads\/2017\/03\/camping-bassin-arcachon-150x150.jpg",150,150,true],"medium":["https:\/\/bassin-arcachon.com\/wp-content\/uploads\/2017\/03\/camping-bassin-arcachon-600x400.jpg",600,400,true],"medium_large":["https:\/\/bassin-arcachon.com\/wp-content\/uploads\/2017\/03\/camping-bassin-arcachon-768x512.jpg",768,512,true],"large":["https:\/\/bassin-arcachon.com\/wp-content\/uploads\/2017\/03\/camping-bassin-arcachon-1024x683.jpg",1024,683,true],"1536x1536":["https:\/\/bassin-arcachon.com\/wp-content\/uploads\/2017\/03\/camping-bassin-arcachon.jpg",1200,800,false],"2048x2048":["https:\/\/bassin-arcachon.com\/wp-content\/uploads\/2017\/03\/camping-bassin-arcachon.jpg",1200,800,false],"trp-custom-language-flag":["https:\/\/bassin-arcachon.com\/wp-content\/uploads\/2017\/03\/camping-bassin-arcachon-18x12.jpg",18,12,true]},"uagb_author_info":{"display_name":"Marie Clauzel","author_link":"https:\/\/bassin-arcachon.com\/zh\/author\/mariesiba\/"},"uagb_comment_info":0,"uagb_excerpt":"Nos locations de vacances \u00e0 Arcachon avec vue sur le Bassin \u00c9vadez-vous pour une escapade romantique au bord de l\u2019eau et optez pour un g\u00eete avec vue sur le Bassin [&hellip;]","_links":{"self":[{"href":"https:\/\/bassin-arcachon.com\/zh\/wp-json\/wp\/v2\/pages\/45690","targetHints":{"allow":["GET"]}}],"collection":[{"href":"https:\/\/bassin-arcachon.com\/zh\/wp-json\/wp\/v2\/pages"}],"about":[{"href":"https:\/\/bassin-arcachon.com\/zh\/wp-json\/wp\/v2\/types\/page"}],"author":[{"embeddable":true,"href":"https:\/\/bassin-arcachon.com\/zh\/wp-json\/wp\/v2\/users\/25"}],"replies":[{"embeddable":true,"href":"https:\/\/bassin-arcachon.com\/zh\/wp-json\/wp\/v2\/comments?post=45690"}],"version-history":[{"count":2,"href":"https:\/\/bassin-arcachon.com\/zh\/wp-json\/wp\/v2\/pages\/45690\/revisions"}],"predecessor-version":[{"id":68292,"href":"https:\/\/bassin-arcachon.com\/zh\/wp-json\/wp\/v2\/pages\/45690\/revisions\/68292"}],"up":[{"embeddable":true,"href":"https:\/\/bassin-arcachon.com\/zh\/wp-json\/wp\/v2\/pages\/508"}],"wp:featuredmedia":[{"embeddable":true,"href":"https:\/\/bassin-arcachon.com\/zh\/wp-json\/wp\/v2\/media\/2217"}],"wp:attachment":[{"href":"https:\/\/bassin-arcachon.com\/zh\/wp-json\/wp\/v2\/media?parent=45690"}],"curies":[{"name":"\u53ef\u6e7f\u6027\u7c89\u5242","href":"https:\/\/api.w.org\/{rel}","templated":true}]}}