{"id":45696,"date":"2020-07-10T16:03:22","date_gmt":"2020-07-10T14:03:22","guid":{"rendered":"https:\/\/bassin-arcachon.com\/\/?page_id=45696"},"modified":"2024-11-06T11:57:44","modified_gmt":"2024-11-06T10:57:44","slug":"%e6%88%91%e4%bb%ac%e7%9a%84%e5%ba%a6%e5%81%87%e5%87%ba%e7%a7%9f%e5%b1%8b","status":"publish","type":"page","link":"https:\/\/bassin-arcachon.com\/zh\/ou-dormir\/locations\/nos-locations-de-vacances-a-audenge\/","title":{"rendered":"\u6211\u4eec\u5728 Audenge \u7684\u5ea6\u5047\u5c4b"},"content":{"rendered":"<div class=\"wp-block-uagb-container uagb-block-cd74bc1a alignfull uagb-is-root-container\"><div class=\"uagb-container-inner-blocks-wrap\">\n<div class=\"wp-block-uagb-container uagb-block-7d517c26\">\n<h2 class=\"wp-block-heading\">\u6211\u4eec\u4f4d\u4e8e\u6b27\u767b\u65e5\u7684\u5ea6\u5047\u51fa\u79df\u5c4b\uff0c\u8bbe\u6709\u6e38\u6cf3\u6c60<\/h2>\n\n\n\n<p>\u5728\u6cf3\u6c60\u8fb9\u653e\u677e\u4e00\u4e0b 100% \u600e\u4e48\u6837\uff1f\u4e0e\u5bb6\u4eba\u6216\u670b\u53cb\u4e00\u8d77\uff0c\u5728\u6c34\u8fb9\u653e\u677e\u8eab\u5fc3\uff0c\u7545\u6e38\u4e00\u756a\uff01\u5982\u679c\u60a8\u89c9\u5f97\u5bd2\u51b7\uff0c\u8bf7\u9009\u62e9\u5e26\u6e29\u6c34\u6e38\u6cf3\u6c60\u7684\u5ea6\u5047\u5c4b\uff01\u5728 Audenge \u9009\u62e9\u60a8\u68a6\u5bd0\u4ee5\u6c42\u7684\u5e26\u6e38\u6cf3\u6c60\u7684\u5c0f\u5c4b\uff01<\/p>\n\n\n\n<div class=\"wp-block-buttons is-layout-flex wp-block-buttons-is-layout-flex\">\n<div class=\"wp-block-button\"><a class=\"wp-block-button__link wp-element-button\" href=\"https:\/\/bassin-arcachon.com\/zh\/%e4%bd%8f%e5%ae%bf-2\/%e5%81%87%e6%97%a5%e5%87%ba%e7%a7%9fcoeur-de-bassinpiscine\/\">\u5e26\u6e38\u6cf3\u6c60\u7684\u79df\u91d1<\/a><\/div>\n<\/div>\n<\/div>\n\n\n\n<div class=\"wp-block-uagb-container uagb-block-3df4b4d3\">\n<div class=\"wp-block-uagb-image uagb-block-fcb9b78f wp-block-uagb-image--layout-default wp-block-uagb-image--effect-static wp-block-uagb-image--align-none\"><figure class=\"wp-block-uagb-image__figure\"><img decoding=\"async\" srcset=\"https:\/\/bassin-arcachon.com\/wp-content\/uploads\/2018\/10\/andernos-velo-SIBA-agence-les-conteurs-50-1024x683.jpg \" sizes=\"auto, (max-width: 480px) 150px\" src=\"https:\/\/bassin-arcachon.com\/wp-content\/uploads\/2018\/10\/andernos-velo-SIBA-agence-les-conteurs-50-1024x683.jpg\" alt=\"\u5b89\u5fb7\u8bfa\u65af\u7f8e\u4e3d\u7684\u522b\u5885\" class=\"uag-image-26668\" width=\"1024\" height=\"683\" title=\"- - Bassin d&#039;Arcachon\" loading=\"lazy\" role=\"img\"><\/figure><\/div>\n<\/div>\n<\/div><\/div>\n\n\n\n<div style=\"height:60px\" aria-hidden=\"true\" class=\"wp-block-spacer\"><\/div>\n\n\n\n<div class=\"wp-block-uagb-container uagb-block-c190ddbf alignfull uagb-is-root-container\"><div class=\"uagb-container-inner-blocks-wrap\">\n<div class=\"wp-block-uagb-container uagb-block-d523219e\">\n<div class=\"wp-block-uagb-image uagb-block-7cdf8258 wp-block-uagb-image--layout-default wp-block-uagb-image--effect-static wp-block-uagb-image--align-none\"><figure class=\"wp-block-uagb-image__figure\"><img decoding=\"async\" srcset=\"https:\/\/bassin-arcachon.com\/wp-content\/uploads\/2018\/10\/balade-automne-quinconces-andernos-e1546467709734.jpg \" sizes=\"auto, (max-width: 480px) 150px\" src=\"https:\/\/bassin-arcachon.com\/wp-content\/uploads\/2018\/10\/balade-automne-quinconces-andernos-e1546467709734.jpg\" alt=\"Quinconces Andernos \u79cb\u6b65\" class=\"uag-image-26500\" width=\"1000\" height=\"667\" title=\"- - Bassin d&#039;Arcachon\" loading=\"lazy\" role=\"img\"><\/figure><\/div>\n<\/div>\n\n\n\n<div class=\"wp-block-uagb-container uagb-block-9a784c52\">\n<h2 class=\"wp-block-heading\">\u6211\u4eec\u4f4d\u4e8e\u6b27\u767b\u65e5\u7684\u5ea6\u5047\u51fa\u79df\u5c4b\uff0c\u8bbe\u6709\u82b1\u56ed<\/h2>\n\n\n\n<p>\u5728\u6211\u4eec\u5e26\u82b1\u56ed\u7684\u5c0f\u5c4b\u4e4b\u4e00\u4f53\u9a8c\u96be\u5fd8\u7684\u4f4f\u5bbf\u4f53\u9a8c <a href=\"https:\/\/www.ville-audenge.fr\/\" data-type=\"URL\" data-id=\"https:\/\/www.ville-audenge.fr\/\" target=\"_blank\" rel=\"noopener\">\u5965\u767b\u683c<\/a> \uff01\u5165\u4f4f\u771f\u6b63\u7684\u5b81\u9759\u5929\u5802\uff0c\u4e00\u8fb9\u8046\u542c\u9e1f\u9e23\uff0c\u4e00\u8fb9\u653e\u677e\u8eab\u5fc3\u3002\u9002\u5408\u4e24\u4eba\u6216\u5168\u5bb6\u51fa\u6e38\uff0c\u5728\u6b27\u767b\u65e5\u5ea6\u5047\u51fa\u79df\u5c4b\u7684\u82b1\u56ed\u91cc\u653e\u677e\u4f11\u606f\uff01<\/p>\n\n\n\n<div class=\"wp-block-buttons is-layout-flex wp-block-buttons-is-layout-flex\">\n<div class=\"wp-block-button\"><a class=\"wp-block-button__link wp-element-button\" href=\"https:\/\/bassin-arcachon.com\/zh\/%e4%bd%8f%e5%ae%bf-2\/%e5%ba%a6%e5%81%87%e7%a7%9f%e8%b5%81%40%e7%9b%86%e5%9c%b0%e4%b9%8b%e5%bf%83%26amp%3b%e8%8a%b1%e5%9b%ad\/\">\u5e26\u82b1\u56ed\u51fa\u79df<\/a><\/div>\n<\/div>\n<\/div>\n<\/div><\/div>\n\n\n\n<div style=\"height:60px\" aria-hidden=\"true\" class=\"wp-block-spacer\"><\/div>\n\n\n\n<div class=\"wp-block-uagb-container uagb-block-495b16a4 alignfull uagb-is-root-container\"><div class=\"uagb-container-inner-blocks-wrap\">\n<div class=\"wp-block-uagb-container uagb-block-8993205a\">\n<h2 class=\"wp-block-heading\">\u6211\u4eec\u4f4d\u4e8e\u6b27\u767b\u65e5\u7684\u5ea6\u5047\u51fa\u79df\u5c4b\u8bbe\u6709 Wifi<\/h2>\n\n\n\n<p>\u501f\u52a9\u6211\u4eec\u5728 Audenge \u51fa\u79df\u623f\u7684 Wifi\uff0c\u4e0e\u60a8\u6240\u7231\u7684\u4eba\u5206\u4eab\u60a8\u9017\u7559\u671f\u95f4\u6700\u7f8e\u597d\u7684\u65f6\u523b\uff01\u5728\u677e\u6811\u4e2d\u95f4\uff0c\u5f20\u8d34\u60a8\u7684\u6700\u65b0\u7167\u7247\u5e76\u5728\u60a8\u7684\u623f\u95f4\u5b89\u9759\u5730\u770b\u7535\u5f71\u3002\u5373\u4f7f\u5728 Bassin \u7684\u4e2d\u5fc3\u4e5f\u80fd\u4fdd\u6301\u8054\u7cfb\uff0c\u5e76\u9009\u62e9\u5728 Audenge \u5e26 Wifi \u7684\u5047\u671f\u79df\u8d41\uff01<\/p>\n\n\n\n<div class=\"wp-block-buttons is-layout-flex wp-block-buttons-is-layout-flex\">\n<div class=\"wp-block-button\"><a class=\"wp-block-button__link wp-element-button\" href=\"https:\/\/bassin-arcachon.com\/zh\/%e4%bd%8f%e5%ae%bf-2\/%e5%ba%a6%e5%81%87%e7%a7%9f%e8%b5%81%40%e7%9b%86%e5%9c%b0%e4%b9%8b%e5%bf%83%26amp%3bwifi\/\">\u5e26 wifi \u7684\u79df\u91d1<\/a><\/div>\n<\/div>\n<\/div>\n\n\n\n<div class=\"wp-block-uagb-container uagb-block-7bd64160\">\n<div class=\"wp-block-uagb-image uagb-block-bf73ab68 wp-block-uagb-image--layout-default wp-block-uagb-image--effect-static wp-block-uagb-image--align-none\"><figure class=\"wp-block-uagb-image__figure\"><img decoding=\"async\" srcset=\"https:\/\/bassin-arcachon.com\/wp-content\/uploads\/2017\/08\/happy3.jpg \" sizes=\"auto, (max-width: 480px) 150px\" src=\"https:\/\/bassin-arcachon.com\/wp-content\/uploads\/2017\/08\/happy3.jpg\" alt=\"\u8def\u6613\u4e1d\u00b7\u5b89\u5fb7\u8bfa\u65af\" class=\"uag-image-7499\" width=\"700\" height=\"465\" title=\"- - Bassin d&#039;Arcachon\" loading=\"lazy\" role=\"img\"><\/figure><\/div>\n<\/div>\n<\/div><\/div>\n\n\n\n<div style=\"height:60px\" aria-hidden=\"true\" class=\"wp-block-spacer\"><\/div>\n\n\n\n<div class=\"wp-block-uagb-container uagb-block-46a33311 alignfull uagb-is-root-container\">\n<div class=\"wp-block-cover is-light has-parallax\"><span aria-hidden=\"true\" class=\"wp-block-cover__background has-background-dim-0 has-background-dim\"><\/span><div class=\"wp-block-cover__image-background wp-image-1345 has-parallax\" style=\"background-position:50% 50%;background-image:url(https:\/\/bassin-arcachon.com\/wp-content\/uploads\/2017\/03\/Camping-Panorama-du-Pyla-cottage-vue-mer-coin-farniente.jpg)\"><\/div><div class=\"wp-block-cover__inner-container is-layout-flow wp-block-cover-is-layout-flow\">\n<div class=\"wp-block-uagb-container uagb-block-898b5409\">\n<h2 class=\"wp-block-heading has-text-align-center has-white-color has-text-color has-large-font-size\">\u5728\u963f\u5361\u96c4\u7684 Bassin \u5ea6\u5047\u51fa\u79df\u5c4b\u4e2d\u8f7b\u677e\u5ea6\u8fc7\u60a8\u7684\u5047\u671f<\/h2>\n\n\n\n<p class=\"has-text-align-center has-white-color has-text-color\"><a href=\"https:\/\/bassin-arcachon.com\/zh\/%e4%bd%8f%e5%ae%bf-2\/%e5%81%87%e6%9c%9f%e7%a7%9f%e9%87%91\/\">\u5f00\u59cb\u60a8\u7684\u641c\u7d22<\/a><\/p>\n<\/div>\n<\/div><\/div>\n<\/div>\n\n\n\n<div style=\"height:60px\" aria-hidden=\"true\" class=\"wp-block-spacer\"><\/div>\n\n\n\n<div class=\"wp-block-uagb-container uagb-block-5bc354f6 alignfull uagb-is-root-container\"><div class=\"uagb-container-inner-blocks-wrap\">\n<div class=\"wp-block-uagb-container uagb-block-014e0810\">\n<h2 class=\"wp-block-heading\">\u60a8\u60f3\u9884\u8ba2\u6b27\u767b\u65e5\u9644\u8fd1\u7684\u5ea6\u5047\u51fa\u79df\u5c4b\u5417\uff1f<\/h2>\n\n\n\n<p>\u4e86\u89e3\u6211\u4eec\u5728 Bassin Arcachon \u7684\u6240\u6709\u5ea6\u5047\u51fa\u79df\u5c4b\uff1a&nbsp;<a href=\"https:\/\/bassin-arcachon.com\/zh\/%e4%bd%8f%e5%ae%bf-2\/%e5%81%87%e6%9c%9f%e7%a7%9f%e9%87%91+%e6%88%98%e7%a5%9e-2\/\">\u6218\u795e<\/a>,&nbsp;<a href=\"https:\/\/bassin-arcachon.com\/zh\/%e4%bd%8f%e5%ae%bf-2\/%e5%81%87%e6%9c%9f%e7%a7%9f%e9%87%91+%e9%98%bf%e5%8d%a1%e9%9b%84\/\">\u963f\u5361\u96c4<\/a>,&nbsp;<a href=\"https:\/\/bassin-arcachon.com\/zh\/%e4%bd%8f%e5%ae%bf-2\/%e5%81%87%e6%9c%9f%e7%a7%9f%e9%87%91+%e7%9b%86%e5%9c%b0%e4%b9%8b%e5%bf%83\/\">\u5965\u767b\u683c<\/a>,&nbsp;<a href=\"https:\/\/bassin-arcachon.com\/zh\/%e4%bd%8f%e5%ae%bf-2\/%e5%81%87%e6%9c%9f%e7%a7%9f%e9%87%91+%e5%ae%89%e5%be%b7%e8%af%ba%e6%96%af\/\">\u5b89\u5fb7\u8bfa\u65af<\/a>,&nbsp;<a href=\"https:\/\/bassin-arcachon.com\/zh\/%e4%bd%8f%e5%ae%bf-2\/%e5%81%87%e6%9c%9f%e7%a7%9f%e9%87%91+%e5%8f%a4%e8%ae%a9%e6%a2%85%e6%96%af%e7%89%b9%e6%8b%89%e6%96%af\/\">Gujan-Mestras,<\/a>&nbsp;<a href=\"https:\/\/bassin-arcachon.com\/zh\/%e4%bd%8f%e5%ae%bf-2\/%e5%81%87%e6%9c%9f%e7%a7%9f%e9%87%91+%e7%9b%86%e5%9c%b0%e4%b9%8b%e5%bf%83\/\">\u6bd4\u52a0\u8bfa\u65af<\/a>&nbsp;<a href=\"https:\/\/bassin-arcachon.com\/zh\/%e4%bd%8f%e5%ae%bf-2\/%e5%81%87%e6%9c%9f%e7%a7%9f%e9%87%91+%e7%9b%86%e5%9c%b0%e4%b9%8b%e5%bf%83\/\">\u5965\u767b\u683c<\/a>,<a href=\"https:\/\/bassin-arcachon.com\/zh\/%e4%bd%8f%e5%ae%bf-2\/%e5%81%87%e6%9c%9f%e7%a7%9f%e9%87%91+%e7%9b%86%e5%9c%b0%e4%b9%8b%e5%bf%83\/\">&nbsp;\u5170\u987f&nbsp;<\/a>\u548c&nbsp;<a href=\"https:\/\/bassin-arcachon.com\/zh\/%e4%bd%8f%e5%ae%bf-2\/%e5%81%87%e6%9c%9f%e7%a7%9f%e9%87%91+lege-cap-ferret\/\">\u96ea\u8c82<\/a>&nbsp;!<\/p>\n<\/div>\n\n\n\n<div class=\"wp-block-uagb-container uagb-block-7d2b4334\">\n<div class=\"wp-block-uagb-image uagb-block-d9b547aa wp-block-uagb-image--layout-default wp-block-uagb-image--effect-static wp-block-uagb-image--align-none\"><figure class=\"wp-block-uagb-image__figure\"><img decoding=\"async\" srcset=\"https:\/\/bassin-arcachon.com\/wp-content\/uploads\/2018\/09\/nourri-a-lhu\u00eetre-\u00e9lev\u00e9-sous-les-pins-Bassin-dArcachon.jpg 1000w, https:\/\/bassin-arcachon.com\/wp-content\/uploads\/2018\/09\/nourri-a-lhu\u00eetre-\u00e9lev\u00e9-sous-les-pins-Bassin-dArcachon-600x400.jpg 600w, https:\/\/bassin-arcachon.com\/wp-content\/uploads\/2018\/09\/nourri-a-lhu\u00eetre-\u00e9lev\u00e9-sous-les-pins-Bassin-dArcachon-768x511.jpg 768w, https:\/\/bassin-arcachon.com\/wp-content\/uploads\/2018\/09\/nourri-a-lhu\u00eetre-\u00e9lev\u00e9-sous-les-pins-Bassin-dArcachon-18x12.jpg 18w\" sizes=\"auto, (max-width: 480px) 150px\" src=\"https:\/\/bassin-arcachon.com\/wp-content\/uploads\/2018\/09\/nourri-a-lhu\u00eetre-\u00e9lev\u00e9-sous-les-pins-Bassin-dArcachon.jpg\" alt=\"- - Bassin d&#039;Arcachon\" class=\"uag-image-26169\" width=\"1000\" height=\"666\" title=\"- - Bassin d&#039;Arcachon\" loading=\"lazy\" role=\"img\"><\/figure><\/div>\n<\/div>\n<\/div><\/div>\n\n\n\n<div style=\"height:60px\" aria-hidden=\"true\" class=\"wp-block-spacer\"><\/div>","protected":false},"excerpt":{"rendered":"<p>Nos locations de vacances \u00e0 Audenge avec piscine Que diriez-vous d\u2019un s\u00e9jour 100% d\u00e9tente au bord de la piscine ? En famille ou entre amis, pr\u00e9lassez-vous au bord de l\u2019eau [&hellip;]<\/p>\n","protected":false},"author":25,"featured_media":2217,"parent":508,"menu_order":1,"comment_status":"closed","ping_status":"closed","template":"","meta":{"_acf_changed":false,"_uag_custom_page_level_css":"","footnotes":""},"class_list":["post-45696","page","type-page","status-publish","has-post-thumbnail","hentry"],"acf":[],"uagb_featured_image_src":{"full":["https:\/\/bassin-arcachon.com\/wp-content\/uploads\/2017\/03\/camping-bassin-arcachon.jpg",1200,800,false],"thumbnail":["https:\/\/bassin-arcachon.com\/wp-content\/uploads\/2017\/03\/camping-bassin-arcachon-150x150.jpg",150,150,true],"medium":["https:\/\/bassin-arcachon.com\/wp-content\/uploads\/2017\/03\/camping-bassin-arcachon-600x400.jpg",600,400,true],"medium_large":["https:\/\/bassin-arcachon.com\/wp-content\/uploads\/2017\/03\/camping-bassin-arcachon-768x512.jpg",768,512,true],"large":["https:\/\/bassin-arcachon.com\/wp-content\/uploads\/2017\/03\/camping-bassin-arcachon-1024x683.jpg",1024,683,true],"1536x1536":["https:\/\/bassin-arcachon.com\/wp-content\/uploads\/2017\/03\/camping-bassin-arcachon.jpg",1200,800,false],"2048x2048":["https:\/\/bassin-arcachon.com\/wp-content\/uploads\/2017\/03\/camping-bassin-arcachon.jpg",1200,800,false],"trp-custom-language-flag":["https:\/\/bassin-arcachon.com\/wp-content\/uploads\/2017\/03\/camping-bassin-arcachon-18x12.jpg",18,12,true]},"uagb_author_info":{"display_name":"Marie Clauzel","author_link":"https:\/\/bassin-arcachon.com\/zh\/author\/mariesiba\/"},"uagb_comment_info":0,"uagb_excerpt":"Nos locations de vacances \u00e0 Audenge avec piscine Que diriez-vous d\u2019un s\u00e9jour 100% d\u00e9tente au bord de la piscine ? En famille ou entre amis, pr\u00e9lassez-vous au bord de l\u2019eau [&hellip;]","_links":{"self":[{"href":"https:\/\/bassin-arcachon.com\/zh\/wp-json\/wp\/v2\/pages\/45696","targetHints":{"allow":["GET"]}}],"collection":[{"href":"https:\/\/bassin-arcachon.com\/zh\/wp-json\/wp\/v2\/pages"}],"about":[{"href":"https:\/\/bassin-arcachon.com\/zh\/wp-json\/wp\/v2\/types\/page"}],"author":[{"embeddable":true,"href":"https:\/\/bassin-arcachon.com\/zh\/wp-json\/wp\/v2\/users\/25"}],"replies":[{"embeddable":true,"href":"https:\/\/bassin-arcachon.com\/zh\/wp-json\/wp\/v2\/comments?post=45696"}],"version-history":[{"count":2,"href":"https:\/\/bassin-arcachon.com\/zh\/wp-json\/wp\/v2\/pages\/45696\/revisions"}],"predecessor-version":[{"id":68289,"href":"https:\/\/bassin-arcachon.com\/zh\/wp-json\/wp\/v2\/pages\/45696\/revisions\/68289"}],"up":[{"embeddable":true,"href":"https:\/\/bassin-arcachon.com\/zh\/wp-json\/wp\/v2\/pages\/508"}],"wp:featuredmedia":[{"embeddable":true,"href":"https:\/\/bassin-arcachon.com\/zh\/wp-json\/wp\/v2\/media\/2217"}],"wp:attachment":[{"href":"https:\/\/bassin-arcachon.com\/zh\/wp-json\/wp\/v2\/media?parent=45696"}],"curies":[{"name":"\u53ef\u6e7f\u6027\u7c89\u5242","href":"https:\/\/api.w.org\/{rel}","templated":true}]}}