{"id":45699,"date":"2020-07-10T16:05:30","date_gmt":"2020-07-10T14:05:30","guid":{"rendered":"https:\/\/bassin-arcachon.com\/\/?page_id=45699"},"modified":"2024-11-06T11:56:58","modified_gmt":"2024-11-06T10:56:58","slug":"%e6%88%91%e4%bb%ac%e5%9c%a8%e6%af%94%e5%8a%a0%e8%af%ba%e6%96%af%e7%9a%84%e5%81%87%e6%9c%9f%e5%87%ba%e7%a7%9f","status":"publish","type":"page","link":"https:\/\/bassin-arcachon.com\/zh\/ou-dormir\/locations\/nos-locations-de-vacances-a-biganos\/","title":{"rendered":"\u6211\u4eec\u5728\u6bd4\u52a0\u8bfa\u65af\u7684\u5ea6\u5047\u5c4b"},"content":{"rendered":"<div class=\"wp-block-uagb-container uagb-block-5378ded1 alignfull uagb-is-root-container\"><div class=\"uagb-container-inner-blocks-wrap\">\n<div class=\"wp-block-uagb-container uagb-block-f976b1e9\">\n<h2 class=\"wp-block-heading\">\u6211\u4eec\u5728\u6bd4\u52a0\u8bfa\u65af\u63d0\u4f9b Wifi \u7684\u5ea6\u5047\u51fa\u79df\u5c4b<\/h2>\n\n\n\n<p>\u4e0b\u96e8\u5929\uff0c\u60a8\u53ef\u4ee5\u5728\u6bd4\u52a0\u8bfa\u65af\u79df\u7528 Wifi \u7684\u51fa\u79df\u5c4b\u653e\u677e\u8eab\u5fc3\uff01\u4e0e\u5bb6\u4eba\u4e00\u8d77\u89c2\u770b\u7535\u5f71\u3001\u89c2\u770b\u60a8\u559c\u7231\u7684\u8fde\u7eed\u5267\u7684\u6700\u65b0\u4e00\u96c6\uff0c\u6216\u8005\u5bfb\u627e\u9644\u8fd1\u7684\u5ba4\u5185\u6d3b\u52a8\uff01 <a href=\"https:\/\/bassin-arcachon.com\/zh\/%e4%bd%8f%e5%ae%bf-2\/%e5%ba%a6%e5%81%87%e7%a7%9f%e8%b5%81%40%e7%9b%86%e5%9c%b0%e4%b9%8b%e5%bf%83\/\" data-type=\"URL\" data-id=\"https:\/\/bassin-arcachon.com\/ou-dormir\/locations\/\">\u6211\u4eec\u7684\u5ea6\u5047\u51fa\u79df\u5c4b<\/a> \u6bd4\u52a0\u8bfa\u65af\u7684 Wifi \u4fdd\u8bc1\u60a8\u5728\u4efb\u4f55\u60c5\u51b5\u4e0b\u90fd\u80fd\u5ea6\u8fc7\u4e00\u4e2a\u6210\u529f\u7684\u5047\u671f\uff01<\/p>\n\n\n\n<div class=\"wp-block-buttons is-layout-flex wp-block-buttons-is-layout-flex\">\n<div class=\"wp-block-button\"><a class=\"wp-block-button__link wp-element-button\" href=\"https:\/\/bassin-arcachon.com\/zh\/%e4%bd%8f%e5%ae%bf-2\/%e5%ba%a6%e5%81%87%e7%a7%9f%e8%b5%81%40%e7%9b%86%e5%9c%b0%e4%b9%8b%e5%bf%83%26amp%3bwifi\/\">\u5e26 wifi \u7684\u79df\u91d1<\/a><\/div>\n<\/div>\n<\/div>\n\n\n\n<div class=\"wp-block-uagb-container uagb-block-b7a08d21\">\n<div class=\"wp-block-uagb-image uagb-block-7c8d4356 wp-block-uagb-image--layout-default wp-block-uagb-image--effect-static wp-block-uagb-image--align-none\"><figure class=\"wp-block-uagb-image__figure\"><img decoding=\"async\" srcset=\"https:\/\/bassin-arcachon.com\/wp-content\/uploads\/2017\/02\/Port_Biganos_N9903-1024x683.jpg \" sizes=\"auto, (max-width: 480px) 150px\" src=\"https:\/\/bassin-arcachon.com\/wp-content\/uploads\/2017\/02\/Port_Biganos_N9903-1024x683.jpg\" alt=\"- - Bassin d&#039;Arcachon\" class=\"uag-image-6985\" width=\"1024\" height=\"683\" title=\"- - Bassin d&#039;Arcachon\" loading=\"lazy\" role=\"img\"><\/figure><\/div>\n<\/div>\n<\/div><\/div>\n\n\n\n<div style=\"height:60px\" aria-hidden=\"true\" class=\"wp-block-spacer\"><\/div>\n\n\n\n<div class=\"wp-block-uagb-container uagb-block-edc34616 alignfull uagb-is-root-container\"><div class=\"uagb-container-inner-blocks-wrap\">\n<div class=\"wp-block-uagb-container uagb-block-c6330baf\">\n<div class=\"wp-block-uagb-image uagb-block-799087a5 wp-block-uagb-image--layout-default wp-block-uagb-image--effect-static wp-block-uagb-image--align-none\"><figure class=\"wp-block-uagb-image__figure\"><img decoding=\"async\" srcset=\"https:\/\/bassin-arcachon.com\/wp-content\/uploads\/2017\/02\/port-de-biganos-1024x683.jpg \" sizes=\"auto, (max-width: 480px) 150px\" src=\"https:\/\/bassin-arcachon.com\/wp-content\/uploads\/2017\/02\/port-de-biganos-1024x683.jpg\" alt=\"- - Bassin d&#039;Arcachon\" class=\"uag-image-1815\" width=\"1024\" height=\"683\" title=\"- - Bassin d&#039;Arcachon\" loading=\"lazy\" role=\"img\"><\/figure><\/div>\n<\/div>\n\n\n\n<div class=\"wp-block-uagb-container uagb-block-dc3a65f7\">\n<h2 class=\"wp-block-heading\">\u6211\u4eec\u5728\u6bd4\u52a0\u8bfa\u65af\u5e26\u82b1\u56ed\u7684\u5ea6\u5047\u51fa\u79df\u5c4b<\/h2>\n\n\n\n<p>\u5728\u6211\u4eec\u5e26\u82b1\u56ed\u7684\u5c0f\u5c4b\u4e4b\u4e00\u7684 Bassin \u4e2d\u5fc3\u4e3a\u60a8\u7684\u7535\u6c60\u5145\u7535\uff01\u4e0e\u5bb6\u4eba\u6216\u670b\u53cb\u4e00\u8d77\uff0c\u4eab\u53d7\u60a8\u5728 Biganos \u51fa\u79df\u7684\u82b1\u56ed\u3002\u5b69\u5b50\u4eec\u5728\u8349\u5730\u4e0a\u73a9\u800d\uff0c\u5728\u677e\u836b\u4e0b\u8bfb\u4e00\u672c\u597d\u4e66\u600e\u4e48\u6837\uff1f\u5165\u4f4f\u6211\u4eec\u5728\u6bd4\u52a0\u8bfa\u65af\u7684\u5ea6\u5047\u51fa\u79df\u5c4b\uff0c\u4eb2\u8fd1\u5927\u81ea\u7136\uff01<\/p>\n\n\n\n<div class=\"wp-block-buttons is-layout-flex wp-block-buttons-is-layout-flex\">\n<div class=\"wp-block-button\"><a class=\"wp-block-button__link wp-element-button\" href=\"https:\/\/bassin-arcachon.com\/zh\/%e4%bd%8f%e5%ae%bf-2\/%e5%ba%a6%e5%81%87%e7%a7%9f%e8%b5%81%40%e7%9b%86%e5%9c%b0%e4%b9%8b%e5%bf%83%26amp%3b%e8%8a%b1%e5%9b%ad\/\">\u5e26\u82b1\u56ed\u51fa\u79df<\/a><\/div>\n<\/div>\n<\/div>\n<\/div><\/div>\n\n\n\n<div style=\"height:60px\" aria-hidden=\"true\" class=\"wp-block-spacer\"><\/div>\n\n\n\n<div class=\"wp-block-uagb-container uagb-block-1d1f32ed alignfull uagb-is-root-container\"><div class=\"uagb-container-inner-blocks-wrap\">\n<div class=\"wp-block-uagb-container uagb-block-f40613b2\">\n<h2 class=\"wp-block-heading\">\u6211\u4eec\u5728\u6bd4\u52a0\u8bfa\u65af\u5e26\u5ba0\u7269\u7684\u5ea6\u5047\u51fa\u79df\u5c4b<\/h2>\n\n\n\n<p>\u5728 Bassin \u7684\u4e2d\u5fc3\u4e0e\u60a8\u7684\u52a8\u7269\u5206\u4eab\u72ec\u7279\u7684\u65f6\u523b\u3002\u5728\u6d77\u6ee9\u548c\u68ee\u6797\u4e4b\u95f4\uff0c\u4e0e\u60a8\u7684\u52a8\u7269\u4e00\u8d77\u6563\u6b65\uff0c\u5e76\u5728\u4ed6\u4eec\u8eab\u8fb9\u5ea6\u8fc7\u96be\u5fd8\u7684\u5047\u671f\uff01\u9009\u62e9\u6211\u4eec\u5141\u8bb8\u60a8\u7684\u5bb6\u4eba\u5728\u6bd4\u52a0\u8bfa\u65af\uff08Biganos\uff09\u4f4f\u5bbf\u7684\u5ba0\u7269\u4e4b\u4e00\uff01<\/p>\n\n\n\n<div class=\"wp-block-buttons is-layout-flex wp-block-buttons-is-layout-flex\">\n<div class=\"wp-block-button\"><a class=\"wp-block-button__link wp-element-button\" href=\"https:\/\/bassin-arcachon.com\/zh\/%e4%bd%8f%e5%ae%bf-2\/%e5%ba%a6%e5%81%87%e7%a7%9f%e8%b5%81%40%e7%9b%86%e5%9c%b0%e4%b9%8b%e5%bf%83%26amp%3b%e5%8a%a8%e7%89%a9\/\">\u5e26\u5ba0\u7269\u51fa\u79df<\/a><\/div>\n<\/div>\n<\/div>\n\n\n\n<div class=\"wp-block-uagb-container uagb-block-85fa6ea2\">\n<div class=\"wp-block-uagb-image uagb-block-bd5cddc5 wp-block-uagb-image--layout-default wp-block-uagb-image--effect-static wp-block-uagb-image--align-none\"><figure class=\"wp-block-uagb-image__figure\"><img decoding=\"async\" srcset=\"https:\/\/bassin-arcachon.com\/wp-content\/uploads\/2017\/12\/port-de-biganos-12-1024x700.jpg \" sizes=\"auto, (max-width: 480px) 150px\" src=\"https:\/\/bassin-arcachon.com\/wp-content\/uploads\/2017\/12\/port-de-biganos-12-1024x700.jpg\" alt=\"- - Bassin d&#039;Arcachon\" class=\"uag-image-11652\" width=\"1024\" height=\"700\" title=\"- - Bassin d&#039;Arcachon\" loading=\"lazy\" role=\"img\"><\/figure><\/div>\n<\/div>\n<\/div><\/div>\n\n\n\n<div style=\"height:60px\" aria-hidden=\"true\" class=\"wp-block-spacer\"><\/div>\n\n\n\n<div class=\"wp-block-uagb-container uagb-block-9b6db682 alignfull uagb-is-root-container\">\n<div class=\"wp-block-cover is-light has-parallax\"><span aria-hidden=\"true\" class=\"wp-block-cover__background has-background-dim-0 has-background-dim\"><\/span><div class=\"wp-block-cover__image-background wp-image-1345 has-parallax\" style=\"background-position:50% 50%;background-image:url(https:\/\/bassin-arcachon.com\/wp-content\/uploads\/2017\/03\/Camping-Panorama-du-Pyla-cottage-vue-mer-coin-farniente.jpg)\"><\/div><div class=\"wp-block-cover__inner-container is-layout-flow wp-block-cover-is-layout-flow\">\n<div class=\"wp-block-uagb-container uagb-block-189d09f4\">\n<h2 class=\"wp-block-heading has-text-align-center has-white-color has-text-color has-large-font-size\">\u5728\u963f\u5361\u96c4\u7684 Bassin \u5ea6\u5047\u51fa\u79df\u5c4b\u4e2d\u8f7b\u677e\u5ea6\u8fc7\u60a8\u7684\u5047\u671f<\/h2>\n\n\n\n<p class=\"has-text-align-center has-white-color has-text-color\"><a href=\"https:\/\/bassin-arcachon.com\/zh\/%e4%bd%8f%e5%ae%bf-2\/%e5%81%87%e6%9c%9f%e7%a7%9f%e9%87%91\/\">\u5f00\u59cb\u60a8\u7684\u641c\u7d22<\/a><\/p>\n<\/div>\n<\/div><\/div>\n<\/div>\n\n\n\n<div style=\"height:60px\" aria-hidden=\"true\" class=\"wp-block-spacer\"><\/div>\n\n\n\n<div class=\"wp-block-uagb-container uagb-block-5bc354f6 alignfull uagb-is-root-container\"><div class=\"uagb-container-inner-blocks-wrap\">\n<div class=\"wp-block-uagb-container uagb-block-014e0810\">\n<h2 class=\"wp-block-heading\">\u60a8\u60f3\u9884\u8ba2 Biganos \u9644\u8fd1\u7684\u5ea6\u5047\u5c4b\u5417\uff1f<\/h2>\n\n\n\n<p>\u4e86\u89e3\u6211\u4eec\u5728 Bassin Arcachon \u7684\u6240\u6709\u5ea6\u5047\u51fa\u79df\u5c4b\uff1a&nbsp;<a href=\"https:\/\/bassin-arcachon.com\/zh\/%e4%bd%8f%e5%ae%bf-2\/%e5%81%87%e6%9c%9f%e7%a7%9f%e9%87%91+%e6%88%98%e7%a5%9e-2\/\">\u6218\u795e<\/a>,&nbsp;<a href=\"https:\/\/bassin-arcachon.com\/zh\/%e4%bd%8f%e5%ae%bf-2\/%e5%81%87%e6%9c%9f%e7%a7%9f%e9%87%91+%e9%98%bf%e5%8d%a1%e9%9b%84\/\">\u963f\u5361\u96c4<\/a>,&nbsp;<a href=\"https:\/\/bassin-arcachon.com\/zh\/%e4%bd%8f%e5%ae%bf-2\/%e5%81%87%e6%9c%9f%e7%a7%9f%e9%87%91+%e7%9b%86%e5%9c%b0%e4%b9%8b%e5%bf%83\/\">\u6bd4\u52a0\u8bfa\u65af<\/a>,&nbsp;<a href=\"https:\/\/bassin-arcachon.com\/zh\/%e4%bd%8f%e5%ae%bf-2\/%e5%81%87%e6%9c%9f%e7%a7%9f%e9%87%91+%e5%ae%89%e5%be%b7%e8%af%ba%e6%96%af\/\">\u5b89\u5fb7\u8bfa\u65af<\/a>,&nbsp;<a href=\"https:\/\/bassin-arcachon.com\/zh\/%e4%bd%8f%e5%ae%bf-2\/%e5%81%87%e6%9c%9f%e7%a7%9f%e9%87%91+%e5%8f%a4%e8%ae%a9%e6%a2%85%e6%96%af%e7%89%b9%e6%8b%89%e6%96%af\/\">Gujan-Mestras,<\/a>&nbsp;<a href=\"https:\/\/bassin-arcachon.com\/zh\/%e4%bd%8f%e5%ae%bf-2\/%e5%81%87%e6%9c%9f%e7%a7%9f%e9%87%91+%e7%9b%86%e5%9c%b0%e4%b9%8b%e5%bf%83\/\">\u6bd4\u52a0\u8bfa\u65af<\/a>&nbsp;<a href=\"https:\/\/bassin-arcachon.com\/zh\/%e4%bd%8f%e5%ae%bf-2\/%e5%81%87%e6%9c%9f%e7%a7%9f%e9%87%91+%e7%9b%86%e5%9c%b0%e4%b9%8b%e5%bf%83\/\">\u5965\u767b\u683c<\/a>,<a href=\"https:\/\/bassin-arcachon.com\/zh\/%e4%bd%8f%e5%ae%bf-2\/%e5%81%87%e6%9c%9f%e7%a7%9f%e9%87%91+%e7%9b%86%e5%9c%b0%e4%b9%8b%e5%bf%83\/\">&nbsp;\u5170\u987f&nbsp;<\/a>\u548c&nbsp;<a href=\"https:\/\/bassin-arcachon.com\/zh\/%e4%bd%8f%e5%ae%bf-2\/%e5%81%87%e6%9c%9f%e7%a7%9f%e9%87%91+lege-cap-ferret\/\">\u96ea\u8c82<\/a>&nbsp;!<\/p>\n<\/div>\n\n\n\n<div class=\"wp-block-uagb-container uagb-block-7d2b4334\">\n<div class=\"wp-block-uagb-image uagb-block-d9b547aa wp-block-uagb-image--layout-default wp-block-uagb-image--effect-static wp-block-uagb-image--align-none\"><figure class=\"wp-block-uagb-image__figure\"><img decoding=\"async\" srcset=\"https:\/\/bassin-arcachon.com\/wp-content\/uploads\/2018\/09\/nourri-a-lhu\u00eetre-\u00e9lev\u00e9-sous-les-pins-Bassin-dArcachon.jpg 1000w, https:\/\/bassin-arcachon.com\/wp-content\/uploads\/2018\/09\/nourri-a-lhu\u00eetre-\u00e9lev\u00e9-sous-les-pins-Bassin-dArcachon-600x400.jpg 600w, https:\/\/bassin-arcachon.com\/wp-content\/uploads\/2018\/09\/nourri-a-lhu\u00eetre-\u00e9lev\u00e9-sous-les-pins-Bassin-dArcachon-768x511.jpg 768w, https:\/\/bassin-arcachon.com\/wp-content\/uploads\/2018\/09\/nourri-a-lhu\u00eetre-\u00e9lev\u00e9-sous-les-pins-Bassin-dArcachon-18x12.jpg 18w\" sizes=\"auto, (max-width: 480px) 150px\" src=\"https:\/\/bassin-arcachon.com\/wp-content\/uploads\/2018\/09\/nourri-a-lhu\u00eetre-\u00e9lev\u00e9-sous-les-pins-Bassin-dArcachon.jpg\" alt=\"- - Bassin d&#039;Arcachon\" class=\"uag-image-26169\" width=\"1000\" height=\"666\" title=\"- - Bassin d&#039;Arcachon\" loading=\"lazy\" role=\"img\"><\/figure><\/div>\n<\/div>\n<\/div><\/div>\n\n\n\n<div style=\"height:60px\" aria-hidden=\"true\" class=\"wp-block-spacer\"><\/div>","protected":false},"excerpt":{"rendered":"<p>Nos locations de vacances avec Wifi \u00e0 Biganos Par temps de pluie, reposez-vous dans votre location avec Wifi \u00e0 Biganos ! Regardez un film en famille, le dernier \u00e9pisode de [&hellip;]<\/p>\n","protected":false},"author":25,"featured_media":2217,"parent":508,"menu_order":1,"comment_status":"closed","ping_status":"closed","template":"","meta":{"_acf_changed":false,"_uag_custom_page_level_css":"","footnotes":""},"class_list":["post-45699","page","type-page","status-publish","has-post-thumbnail","hentry"],"acf":[],"uagb_featured_image_src":{"full":["https:\/\/bassin-arcachon.com\/wp-content\/uploads\/2017\/03\/camping-bassin-arcachon.jpg",1200,800,false],"thumbnail":["https:\/\/bassin-arcachon.com\/wp-content\/uploads\/2017\/03\/camping-bassin-arcachon-150x150.jpg",150,150,true],"medium":["https:\/\/bassin-arcachon.com\/wp-content\/uploads\/2017\/03\/camping-bassin-arcachon-600x400.jpg",600,400,true],"medium_large":["https:\/\/bassin-arcachon.com\/wp-content\/uploads\/2017\/03\/camping-bassin-arcachon-768x512.jpg",768,512,true],"large":["https:\/\/bassin-arcachon.com\/wp-content\/uploads\/2017\/03\/camping-bassin-arcachon-1024x683.jpg",1024,683,true],"1536x1536":["https:\/\/bassin-arcachon.com\/wp-content\/uploads\/2017\/03\/camping-bassin-arcachon.jpg",1200,800,false],"2048x2048":["https:\/\/bassin-arcachon.com\/wp-content\/uploads\/2017\/03\/camping-bassin-arcachon.jpg",1200,800,false],"trp-custom-language-flag":["https:\/\/bassin-arcachon.com\/wp-content\/uploads\/2017\/03\/camping-bassin-arcachon-18x12.jpg",18,12,true]},"uagb_author_info":{"display_name":"Marie Clauzel","author_link":"https:\/\/bassin-arcachon.com\/zh\/author\/mariesiba\/"},"uagb_comment_info":0,"uagb_excerpt":"Nos locations de vacances avec Wifi \u00e0 Biganos Par temps de pluie, reposez-vous dans votre location avec Wifi \u00e0 Biganos ! Regardez un film en famille, le dernier \u00e9pisode de [&hellip;]","_links":{"self":[{"href":"https:\/\/bassin-arcachon.com\/zh\/wp-json\/wp\/v2\/pages\/45699","targetHints":{"allow":["GET"]}}],"collection":[{"href":"https:\/\/bassin-arcachon.com\/zh\/wp-json\/wp\/v2\/pages"}],"about":[{"href":"https:\/\/bassin-arcachon.com\/zh\/wp-json\/wp\/v2\/types\/page"}],"author":[{"embeddable":true,"href":"https:\/\/bassin-arcachon.com\/zh\/wp-json\/wp\/v2\/users\/25"}],"replies":[{"embeddable":true,"href":"https:\/\/bassin-arcachon.com\/zh\/wp-json\/wp\/v2\/comments?post=45699"}],"version-history":[{"count":2,"href":"https:\/\/bassin-arcachon.com\/zh\/wp-json\/wp\/v2\/pages\/45699\/revisions"}],"predecessor-version":[{"id":68288,"href":"https:\/\/bassin-arcachon.com\/zh\/wp-json\/wp\/v2\/pages\/45699\/revisions\/68288"}],"up":[{"embeddable":true,"href":"https:\/\/bassin-arcachon.com\/zh\/wp-json\/wp\/v2\/pages\/508"}],"wp:featuredmedia":[{"embeddable":true,"href":"https:\/\/bassin-arcachon.com\/zh\/wp-json\/wp\/v2\/media\/2217"}],"wp:attachment":[{"href":"https:\/\/bassin-arcachon.com\/zh\/wp-json\/wp\/v2\/media?parent=45699"}],"curies":[{"name":"\u53ef\u6e7f\u6027\u7c89\u5242","href":"https:\/\/api.w.org\/{rel}","templated":true}]}}