{"id":45704,"date":"2020-07-10T16:10:41","date_gmt":"2020-07-10T14:10:41","guid":{"rendered":"https:\/\/bassin-arcachon.com\/\/?page_id=45704"},"modified":"2024-11-06T11:55:06","modified_gmt":"2024-11-06T10:55:06","slug":"%e6%88%91%e4%bb%ac%e5%9c%a8%e5%8f%a4%e8%ae%a9%e6%a2%85%e6%96%af%e7%89%b9%e6%8b%89%e7%9a%84%e5%ba%a6%e5%81%87%e5%87%ba%e7%a7%9f%e5%b1%8b","status":"publish","type":"page","link":"https:\/\/bassin-arcachon.com\/zh\/ou-dormir\/locations\/nos-locations-de-vacances-a-gujan-mestras\/","title":{"rendered":"\u6211\u4eec\u5728 Gujan-Mestras \u7684\u5ea6\u5047\u5c4b"},"content":{"rendered":"<div class=\"wp-block-uagb-container uagb-block-63ab0ebd alignfull uagb-is-root-container\"><div class=\"uagb-container-inner-blocks-wrap\">\n<div class=\"wp-block-uagb-container uagb-block-0714aea2\">\n<h2 class=\"wp-block-heading\">\u6211\u4eec\u4f4d\u4e8e\u5c45\u8ba9\u6885\u65af\u7279\u62c9\u5e26\u82b1\u56ed\u7684\u5ea6\u5047\u51fa\u79df\u5c4b<\/h2>\n\n\n\n<p>\u9009\u62e9\u6211\u4eec\u5e26\u82b1\u56ed\u7684\u51fa\u79df\u5c4b\uff0c\u5728\u5c45\u8ba9\u6885\u65af\u7279\u62c9\u4eab\u53d7 100% \u7684\u4f11\u95f2\u4f4f\u5bbf\uff01\u4e0e\u5bb6\u4eba\u4e00\u8d77\u5728\u5927\u81ea\u7136\u73af\u7ed5\u7684\u771f\u6b63\u5b81\u9759\u7684\u5929\u5802\u4e2d\u5ea6\u8fc7\u72ec\u7279\u7684\u65f6\u5149\uff01\u4e0e\u5b69\u5b50\u4eec\u4e00\u8d77\u547c\u5438\u65b0\u9c9c\u7a7a\u6c14\uff0c\u5e76\u5728\u5c45\u8ba9\u6885\u65af\u7279\u62c9\u5ea6\u5047\u51fa\u79df\u5c4b\u7684\u79c1\u4eba\u82b1\u56ed\u91cc\u6062\u590d\u6d3b\u529b\uff01<\/p>\n\n\n\n<div class=\"wp-block-buttons is-layout-flex wp-block-buttons-is-layout-flex\">\n<div class=\"wp-block-button\"><a class=\"wp-block-button__link wp-element-button\" href=\"https:\/\/bassin-arcachon.com\/zh\/%e4%bd%8f%e5%ae%bf-2\/%e5%ba%a6%e5%81%87%e5%b1%8bgujan-mestrasjardin\/\">\u5e26\u82b1\u56ed\u51fa\u79df<\/a><\/div>\n<\/div>\n<\/div>\n\n\n\n<div class=\"wp-block-uagb-container uagb-block-4fd4bac7\">\n<div class=\"wp-block-uagb-image uagb-block-f4bf5e75 wp-block-uagb-image--layout-default wp-block-uagb-image--effect-static wp-block-uagb-image--align-none\"><figure class=\"wp-block-uagb-image__figure\"><img decoding=\"async\" srcset=\"https:\/\/bassin-arcachon.com\/wp-content\/uploads\/2018\/10\/andernos-velo-SIBA-agence-les-conteurs-50-1024x683.jpg \" sizes=\"auto, (max-width: 480px) 150px\" src=\"https:\/\/bassin-arcachon.com\/wp-content\/uploads\/2018\/10\/andernos-velo-SIBA-agence-les-conteurs-50-1024x683.jpg\" alt=\"\u5b89\u5fb7\u8bfa\u65af\u7f8e\u4e3d\u7684\u522b\u5885\" class=\"uag-image-26668\" width=\"1024\" height=\"683\" title=\"- - Bassin d&#039;Arcachon\" loading=\"lazy\" role=\"img\"><\/figure><\/div>\n<\/div>\n<\/div><\/div>\n\n\n\n<div style=\"height:60px\" aria-hidden=\"true\" class=\"wp-block-spacer\"><\/div>\n\n\n\n<div class=\"wp-block-uagb-container uagb-block-d5891b9c alignfull uagb-is-root-container\"><div class=\"uagb-container-inner-blocks-wrap\">\n<div class=\"wp-block-uagb-container uagb-block-94c50d78\">\n<div class=\"wp-block-uagb-image uagb-block-7c6b8198 wp-block-uagb-image--layout-default wp-block-uagb-image--effect-static wp-block-uagb-image--align-none\"><figure class=\"wp-block-uagb-image__figure\"><img decoding=\"async\" srcset=\"https:\/\/bassin-arcachon.com\/wp-content\/uploads\/2018\/10\/balade-automne-quinconces-andernos-e1546467709734.jpg \" sizes=\"auto, (max-width: 480px) 150px\" src=\"https:\/\/bassin-arcachon.com\/wp-content\/uploads\/2018\/10\/balade-automne-quinconces-andernos-e1546467709734.jpg\" alt=\"Quinconces Andernos \u79cb\u6b65\" class=\"uag-image-26500\" width=\"1000\" height=\"667\" title=\"- - Bassin d&#039;Arcachon\" loading=\"lazy\" role=\"img\"><\/figure><\/div>\n<\/div>\n\n\n\n<div class=\"wp-block-uagb-container uagb-block-c923b11b\">\n<h2 class=\"wp-block-heading\">\u6211\u4eec\u7684\u5c45\u8ba9\u6885\u65af\u7279\u62c9\u5ea6\u5047\u51fa\u79df\u5c4b\u53ef\u6b23\u8d4f Bassin \u666f\u89c2<\/h2>\n\n\n\n<p>\u9009\u62e9\u5c45\u8ba9\u6885\u65af\u7279\u62c9\u7684\u5ea6\u5047\u51fa\u79df\u5c4b\uff0c\u5524\u9192 Bassin \u7684\u9b45\u529b\uff01\u547c\u5438 Bassin \u7684\u54b8\u5473\u7a7a\u6c14\uff0c\u4eab\u53d7 <a href=\"https:\/\/bassin-arcachon.com\/zh\/%e6%88%91%e4%bb%ac%e7%9a%84%e5%9f%8e%e5%b8%82%e5%92%8c%e6%9d%91%e5%ba%84\/%e5%8f%a4%e8%ae%a9%e6%a2%85%e6%96%af%e7%89%b9%e6%8b%89%e6%96%af\/\">\u975e\u51e1\u7684\u5168\u666f<\/a> \u60a8\u4e00\u9192\u6765\u5c31\u53ef\u4ee5\u4f7f\u7528\u5b83\uff01\u9009\u62e9\u6211\u4eec\u7684\u4e00\u95f4\u53ef\u6b23\u8d4f Bassin \u666f\u89c2\u7684\u5c0f\u5c4b\uff0c\u4ece\u60a8\u7684\u623f\u95f4\u89c2\u5bdf\u65e5\u843d\u5728\u6c34\u9762\u4e0a\u7684\u5012\u5f71\uff01<\/p>\n\n\n\n<div class=\"wp-block-buttons is-layout-flex wp-block-buttons-is-layout-flex\">\n<div class=\"wp-block-button\"><a class=\"wp-block-button__link wp-element-button\" href=\"https:\/\/bassin-arcachon.com\/zh\/%e4%bd%8f%e5%ae%bf-2\/%e5%ba%a6%e5%81%87%e5%87%ba%e7%a7%9f%e5%b1%8b%40gujan-mestras%26amp%3bvuemer\/\">\u51fa\u79df\u666f\u89c2\u623f<\/a><\/div>\n<\/div>\n<\/div>\n<\/div><\/div>\n\n\n\n<div style=\"height:60px\" aria-hidden=\"true\" class=\"wp-block-spacer\"><\/div>\n\n\n\n<div class=\"wp-block-uagb-container uagb-block-875b1957 alignfull uagb-is-root-container\"><div class=\"uagb-container-inner-blocks-wrap\">\n<div class=\"wp-block-uagb-container uagb-block-b1094655\">\n<h2 class=\"wp-block-heading\">\u6211\u4eec\u4f4d\u4e8e\u5c45\u8ba9\u6885\u65af\u7279\u62c9\u5e26\u6e38\u6cf3\u6c60\u7684\u5ea6\u5047\u51fa\u79df\u5c4b<\/h2>\n\n\n\n<p>\u4e0e\u670b\u53cb\u6216\u5bb6\u4eba\u4e00\u8d77\u5165\u4f4f\u5c45\u8ba9\u6885\u65af\u7279\u62c9\u5e26\u6cf3\u6c60\u7684\u5ea6\u5047\u51fa\u79df\u5c4b\uff01\u9002\u5408\u513f\u7ae5\u7684\u6c34\u4e0a\u6e38\u620f\u548c\u9002\u5408\u8001\u5e74\u4eba\u7684\u6e29\u6c34\u6e38\u6cf3\u6c60\uff0c\u6211\u4eec\u5728\u5c45\u8ba9\u6885\u65af\u7279\u62c9\u7684\u79df\u8d41\u4fdd\u8bc1\u60a8\u5728 Bassin \u95e8\u53e3\u4e3a\u5168\u5bb6\u4eba\u5ea6\u8fc7\u96be\u5fd8\u7684\u5047\u671f\uff01<\/p>\n\n\n\n<div class=\"wp-block-buttons is-layout-flex wp-block-buttons-is-layout-flex\">\n<div class=\"wp-block-button\"><a class=\"wp-block-button__link wp-element-button\" href=\"https:\/\/bassin-arcachon.com\/zh\/%e4%bd%8f%e5%ae%bf-2\/%e5%ba%a6%e5%81%87%e7%a7%9f%e8%b5%81%40gujan-mestras%26amp%3b%e6%b8%b8%e6%b3%b3%e6%b1%a0\/\">\u5e26\u6e38\u6cf3\u6c60\u7684\u79df\u91d1<\/a><\/div>\n<\/div>\n<\/div>\n\n\n\n<div class=\"wp-block-uagb-container uagb-block-dbd4e9c4\">\n<div class=\"wp-block-uagb-image uagb-block-092d5e40 wp-block-uagb-image--layout-default wp-block-uagb-image--effect-static wp-block-uagb-image--align-none\"><figure class=\"wp-block-uagb-image__figure\"><img decoding=\"async\" srcset=\"https:\/\/bassin-arcachon.com\/wp-content\/uploads\/2017\/08\/happy3.jpg \" sizes=\"auto, (max-width: 480px) 150px\" src=\"https:\/\/bassin-arcachon.com\/wp-content\/uploads\/2017\/08\/happy3.jpg\" alt=\"\u8def\u6613\u4e1d\u00b7\u5b89\u5fb7\u8bfa\u65af\" class=\"uag-image-7499\" width=\"700\" height=\"465\" title=\"- - Bassin d&#039;Arcachon\" loading=\"lazy\" role=\"img\"><\/figure><\/div>\n<\/div>\n<\/div><\/div>\n\n\n\n<div style=\"height:60px\" aria-hidden=\"true\" class=\"wp-block-spacer\"><\/div>\n\n\n\n<div class=\"wp-block-uagb-container uagb-block-f06c62ab alignfull uagb-is-root-container\">\n<div class=\"wp-block-cover is-light has-parallax\"><span aria-hidden=\"true\" class=\"wp-block-cover__background has-background-dim-0 has-background-dim\"><\/span><div class=\"wp-block-cover__image-background wp-image-1345 has-parallax\" style=\"background-position:50% 50%;background-image:url(https:\/\/bassin-arcachon.com\/wp-content\/uploads\/2017\/03\/Camping-Panorama-du-Pyla-cottage-vue-mer-coin-farniente.jpg)\"><\/div><div class=\"wp-block-cover__inner-container is-layout-flow wp-block-cover-is-layout-flow\">\n<div class=\"wp-block-uagb-container uagb-block-8421812b\">\n<h2 class=\"wp-block-heading has-text-align-center has-white-color has-text-color has-large-font-size\">\u5728\u963f\u5361\u96c4\u7684 Bassin \u5ea6\u5047\u51fa\u79df\u5c4b\u4e2d\u8f7b\u677e\u5ea6\u8fc7\u60a8\u7684\u5047\u671f<\/h2>\n\n\n\n<p class=\"has-text-align-center has-white-color has-text-color\"><a href=\"https:\/\/bassin-arcachon.com\/zh\/%e4%bd%8f%e5%ae%bf-2\/%e5%81%87%e6%9c%9f%e7%a7%9f%e9%87%91\/\">\u5f00\u59cb\u60a8\u7684\u641c\u7d22<\/a><\/p>\n<\/div>\n<\/div><\/div>\n<\/div>\n\n\n\n<div style=\"height:60px\" aria-hidden=\"true\" class=\"wp-block-spacer\"><\/div>\n\n\n\n<div class=\"wp-block-uagb-container uagb-block-5bc354f6 alignfull uagb-is-root-container\"><div class=\"uagb-container-inner-blocks-wrap\">\n<div class=\"wp-block-uagb-container uagb-block-014e0810\">\n<h2 class=\"wp-block-heading\">\u60a8\u60f3\u8981\u9884\u8ba2\u5c45\u8ba9\u6885\u65af\u7279\u62c9\u5468\u8fb9\u7684\u5ea6\u5047\u51fa\u79df\u5c4b\u5417\uff1f<\/h2>\n\n\n\n<p>\u4e86\u89e3\u6211\u4eec\u5728 Bassin Arcachon \u7684\u6240\u6709\u5ea6\u5047\u51fa\u79df\u5c4b\uff1a&nbsp;<a href=\"https:\/\/bassin-arcachon.com\/zh\/%e4%bd%8f%e5%ae%bf-2\/%e5%81%87%e6%9c%9f%e7%a7%9f%e9%87%91+%e6%88%98%e7%a5%9e-2\/\">\u6218\u795e<\/a>,&nbsp;<a href=\"https:\/\/bassin-arcachon.com\/zh\/%e4%bd%8f%e5%ae%bf-2\/%e5%81%87%e6%9c%9f%e7%a7%9f%e9%87%91+%e9%98%bf%e5%8d%a1%e9%9b%84\/\">\u963f\u5361\u96c4<\/a>,&nbsp;<a href=\"https:\/\/bassin-arcachon.com\/zh\/%e4%bd%8f%e5%ae%bf-2\/%e5%81%87%e6%9c%9f%e7%a7%9f%e9%87%91+%e5%8f%a4%e8%ae%a9%e6%a2%85%e6%96%af%e7%89%b9%e6%8b%89%e6%96%af\/\">\u53e4\u8ba9-\u6885\u65af\u7279\u62c9<\/a>,&nbsp;<a href=\"https:\/\/bassin-arcachon.com\/zh\/%e4%bd%8f%e5%ae%bf-2\/%e5%81%87%e6%9c%9f%e7%a7%9f%e9%87%91+%e5%ae%89%e5%be%b7%e8%af%ba%e6%96%af\/\">\u5b89\u5fb7\u8bfa\u65af<\/a>,&nbsp;<a href=\"https:\/\/bassin-arcachon.com\/zh\/%e4%bd%8f%e5%ae%bf-2\/%e5%81%87%e6%9c%9f%e7%a7%9f%e9%87%91+%e5%8f%a4%e8%ae%a9%e6%a2%85%e6%96%af%e7%89%b9%e6%8b%89%e6%96%af\/\">Gujan-Mestras,<\/a>&nbsp;<a href=\"https:\/\/bassin-arcachon.com\/zh\/%e4%bd%8f%e5%ae%bf-2\/%e5%81%87%e6%9c%9f%e7%a7%9f%e9%87%91+%e7%9b%86%e5%9c%b0%e4%b9%8b%e5%bf%83\/\">\u6bd4\u52a0\u8bfa\u65af<\/a>&nbsp;<a href=\"https:\/\/bassin-arcachon.com\/zh\/%e4%bd%8f%e5%ae%bf-2\/%e5%81%87%e6%9c%9f%e7%a7%9f%e9%87%91+%e7%9b%86%e5%9c%b0%e4%b9%8b%e5%bf%83\/\">\u5965\u767b\u683c<\/a>,<a href=\"https:\/\/bassin-arcachon.com\/zh\/%e4%bd%8f%e5%ae%bf-2\/%e5%81%87%e6%9c%9f%e7%a7%9f%e9%87%91+%e7%9b%86%e5%9c%b0%e4%b9%8b%e5%bf%83\/\">&nbsp;\u5170\u987f&nbsp;<\/a>\u548c&nbsp;<a href=\"https:\/\/bassin-arcachon.com\/zh\/%e4%bd%8f%e5%ae%bf-2\/%e5%81%87%e6%9c%9f%e7%a7%9f%e9%87%91+lege-cap-ferret\/\">\u96ea\u8c82<\/a>&nbsp;!<\/p>\n<\/div>\n\n\n\n<div class=\"wp-block-uagb-container uagb-block-7d2b4334\">\n<div class=\"wp-block-uagb-image uagb-block-d9b547aa wp-block-uagb-image--layout-default wp-block-uagb-image--effect-static wp-block-uagb-image--align-none\"><figure class=\"wp-block-uagb-image__figure\"><img decoding=\"async\" srcset=\"https:\/\/bassin-arcachon.com\/wp-content\/uploads\/2018\/09\/nourri-a-lhu\u00eetre-\u00e9lev\u00e9-sous-les-pins-Bassin-dArcachon.jpg 1000w, https:\/\/bassin-arcachon.com\/wp-content\/uploads\/2018\/09\/nourri-a-lhu\u00eetre-\u00e9lev\u00e9-sous-les-pins-Bassin-dArcachon-600x400.jpg 600w, https:\/\/bassin-arcachon.com\/wp-content\/uploads\/2018\/09\/nourri-a-lhu\u00eetre-\u00e9lev\u00e9-sous-les-pins-Bassin-dArcachon-768x511.jpg 768w, https:\/\/bassin-arcachon.com\/wp-content\/uploads\/2018\/09\/nourri-a-lhu\u00eetre-\u00e9lev\u00e9-sous-les-pins-Bassin-dArcachon-18x12.jpg 18w\" sizes=\"auto, (max-width: 480px) 150px\" src=\"https:\/\/bassin-arcachon.com\/wp-content\/uploads\/2018\/09\/nourri-a-lhu\u00eetre-\u00e9lev\u00e9-sous-les-pins-Bassin-dArcachon.jpg\" alt=\"- - Bassin d&#039;Arcachon\" class=\"uag-image-26169\" width=\"1000\" height=\"666\" title=\"- - Bassin d&#039;Arcachon\" loading=\"lazy\" role=\"img\"><\/figure><\/div>\n<\/div>\n<\/div><\/div>\n\n\n\n<div style=\"height:60px\" aria-hidden=\"true\" class=\"wp-block-spacer\"><\/div>","protected":false},"excerpt":{"rendered":"<p>Nos locations de vacances avec jardin \u00e0 Gujan-Mestras \u00c9vadez-vous pour un s\u00e9jour 100% d\u00e9tente \u00e0 Gujan-Mestras et choisissez l\u2019une de nos locations avec jardin ! Vivez des moments uniques en [&hellip;]<\/p>\n","protected":false},"author":25,"featured_media":2217,"parent":508,"menu_order":1,"comment_status":"closed","ping_status":"closed","template":"","meta":{"_acf_changed":false,"_uag_custom_page_level_css":"","footnotes":""},"class_list":["post-45704","page","type-page","status-publish","has-post-thumbnail","hentry"],"acf":[],"uagb_featured_image_src":{"full":["https:\/\/bassin-arcachon.com\/wp-content\/uploads\/2017\/03\/camping-bassin-arcachon.jpg",1200,800,false],"thumbnail":["https:\/\/bassin-arcachon.com\/wp-content\/uploads\/2017\/03\/camping-bassin-arcachon-150x150.jpg",150,150,true],"medium":["https:\/\/bassin-arcachon.com\/wp-content\/uploads\/2017\/03\/camping-bassin-arcachon-600x400.jpg",600,400,true],"medium_large":["https:\/\/bassin-arcachon.com\/wp-content\/uploads\/2017\/03\/camping-bassin-arcachon-768x512.jpg",768,512,true],"large":["https:\/\/bassin-arcachon.com\/wp-content\/uploads\/2017\/03\/camping-bassin-arcachon-1024x683.jpg",1024,683,true],"1536x1536":["https:\/\/bassin-arcachon.com\/wp-content\/uploads\/2017\/03\/camping-bassin-arcachon.jpg",1200,800,false],"2048x2048":["https:\/\/bassin-arcachon.com\/wp-content\/uploads\/2017\/03\/camping-bassin-arcachon.jpg",1200,800,false],"trp-custom-language-flag":["https:\/\/bassin-arcachon.com\/wp-content\/uploads\/2017\/03\/camping-bassin-arcachon-18x12.jpg",18,12,true]},"uagb_author_info":{"display_name":"Marie Clauzel","author_link":"https:\/\/bassin-arcachon.com\/zh\/author\/mariesiba\/"},"uagb_comment_info":0,"uagb_excerpt":"Nos locations de vacances avec jardin \u00e0 Gujan-Mestras \u00c9vadez-vous pour un s\u00e9jour 100% d\u00e9tente \u00e0 Gujan-Mestras et choisissez l\u2019une de nos locations avec jardin ! Vivez des moments uniques en [&hellip;]","_links":{"self":[{"href":"https:\/\/bassin-arcachon.com\/zh\/wp-json\/wp\/v2\/pages\/45704","targetHints":{"allow":["GET"]}}],"collection":[{"href":"https:\/\/bassin-arcachon.com\/zh\/wp-json\/wp\/v2\/pages"}],"about":[{"href":"https:\/\/bassin-arcachon.com\/zh\/wp-json\/wp\/v2\/types\/page"}],"author":[{"embeddable":true,"href":"https:\/\/bassin-arcachon.com\/zh\/wp-json\/wp\/v2\/users\/25"}],"replies":[{"embeddable":true,"href":"https:\/\/bassin-arcachon.com\/zh\/wp-json\/wp\/v2\/comments?post=45704"}],"version-history":[{"count":2,"href":"https:\/\/bassin-arcachon.com\/zh\/wp-json\/wp\/v2\/pages\/45704\/revisions"}],"predecessor-version":[{"id":68285,"href":"https:\/\/bassin-arcachon.com\/zh\/wp-json\/wp\/v2\/pages\/45704\/revisions\/68285"}],"up":[{"embeddable":true,"href":"https:\/\/bassin-arcachon.com\/zh\/wp-json\/wp\/v2\/pages\/508"}],"wp:featuredmedia":[{"embeddable":true,"href":"https:\/\/bassin-arcachon.com\/zh\/wp-json\/wp\/v2\/media\/2217"}],"wp:attachment":[{"href":"https:\/\/bassin-arcachon.com\/zh\/wp-json\/wp\/v2\/media?parent=45704"}],"curies":[{"name":"\u53ef\u6e7f\u6027\u7c89\u5242","href":"https:\/\/api.w.org\/{rel}","templated":true}]}}