{"id":45706,"date":"2020-07-10T16:12:55","date_gmt":"2020-07-10T14:12:55","guid":{"rendered":"https:\/\/bassin-arcachon.com\/\/?page_id=45706"},"modified":"2024-11-06T11:54:08","modified_gmt":"2024-11-06T10:54:08","slug":"%e6%88%91%e4%bb%ac%e5%9c%a8%e5%85%b0%e9%a1%bf%e7%9a%84%e5%81%87%e6%9c%9f%e5%87%ba%e7%a7%9f","status":"publish","type":"page","link":"https:\/\/bassin-arcachon.com\/zh\/ou-dormir\/locations\/nos-locations-de-vacances-a-lanton\/","title":{"rendered":"\u6211\u4eec\u5728\u5170\u987f\u7684\u5ea6\u5047\u5c4b"},"content":{"rendered":"<div class=\"wp-block-uagb-container uagb-block-2b71fe65 alignfull uagb-is-root-container\"><div class=\"uagb-container-inner-blocks-wrap\">\n<div class=\"wp-block-uagb-container uagb-block-dc3f57b5\">\n<h2 class=\"wp-block-heading\">\u6211\u4eec\u5728\u5170\u987f\u7684\u5ea6\u5047\u51fa\u79df\u5c4b\u63d0\u4f9b Wifi<\/h2>\n\n\n\n<p>\u5165\u4f4f\u6211\u4eec\u5728\u5170\u987f\u63d0\u4f9b Wifi \u7684\u5c0f\u5c4b\u4e4b\u4e00\uff0c\u5e76\u5728\u60a8\u7684\u5047\u671f\u4e2d\u4e0e\u5916\u754c\u4fdd\u6301\u8054\u7cfb\uff01\u5728\u6d77\u6ee9\u548c\u68ee\u6797\u4e4b\u95f4\uff0c\u5229\u7528 Wifi \u8fde\u63a5\u4e0e\u60a8\u7684\u4eb2\u4eba\u5206\u4eab\u60a8\u7684\u5047\u671f\u3002\u501f\u52a9\u6211\u4eec\u5728\u5170\u987f\u5ea6\u5047\u51fa\u79df\u5c4b\u7684 Wifi\uff0c\u60a8\u53ef\u4ee5\u5728\u623f\u95f4\u5185\u7ec4\u7ec7\u60a8\u7684\u6d3b\u52a8\uff01<\/p>\n\n\n\n<div class=\"wp-block-buttons is-layout-flex wp-block-buttons-is-layout-flex\">\n<div class=\"wp-block-button\"><a class=\"wp-block-button__link wp-element-button\" href=\"https:\/\/bassin-arcachon.com\/zh\/%e4%bd%8f%e5%ae%bf-2\/%e5%ba%a6%e5%81%87%e7%a7%9f%e8%b5%81lantonwifi\/\">\u5e26 wifi \u7684\u79df\u91d1<\/a><\/div>\n<\/div>\n<\/div>\n\n\n\n<div class=\"wp-block-uagb-container uagb-block-966d0fe1\">\n<div class=\"wp-block-uagb-image uagb-block-de568463 wp-block-uagb-image--layout-default wp-block-uagb-image--effect-static wp-block-uagb-image--align-none\"><figure class=\"wp-block-uagb-image__figure\"><img decoding=\"async\" srcset=\"https:\/\/bassin-arcachon.com\/wp-content\/uploads\/2020\/07\/header-wifi-1024x522.jpg \" sizes=\"auto, (max-width: 480px) 150px\" src=\"https:\/\/bassin-arcachon.com\/wp-content\/uploads\/2020\/07\/header-wifi-1024x522.jpg\" alt=\"- - Bassin d&#039;Arcachon\" class=\"uag-image-44186\" width=\"1024\" height=\"522\" title=\"- - Bassin d&#039;Arcachon\" loading=\"lazy\" role=\"img\"><\/figure><\/div>\n<\/div>\n<\/div><\/div>\n\n\n\n<div style=\"height:60px\" aria-hidden=\"true\" class=\"wp-block-spacer\"><\/div>\n\n\n\n<div class=\"wp-block-uagb-container uagb-block-e83e8933 alignfull uagb-is-root-container\"><div class=\"uagb-container-inner-blocks-wrap\">\n<div class=\"wp-block-uagb-container uagb-block-9dc6b296\">\n<div class=\"wp-block-uagb-image uagb-block-f3ad5b3e wp-block-uagb-image--layout-default wp-block-uagb-image--effect-static wp-block-uagb-image--align-none\"><figure class=\"wp-block-uagb-image__figure\"><img decoding=\"async\" srcset=\"https:\/\/bassin-arcachon.com\/wp-content\/uploads\/2018\/07\/faire-du-v\u00e9lo-lanton-1024x683.jpg \" sizes=\"auto, (max-width: 480px) 150px\" src=\"https:\/\/bassin-arcachon.com\/wp-content\/uploads\/2018\/07\/faire-du-v\u00e9lo-lanton-1024x683.jpg\" alt=\"- - Bassin d&#039;Arcachon\" class=\"uag-image-24960\" width=\"1024\" height=\"683\" title=\"- - Bassin d&#039;Arcachon\" loading=\"lazy\" role=\"img\"><\/figure><\/div>\n<\/div>\n\n\n\n<div class=\"wp-block-uagb-container uagb-block-05fabbfc\">\n<h2 class=\"wp-block-heading\">\u6211\u4eec\u4f4d\u4e8e\u5170\u987f\u7684\u5ea6\u5047\u51fa\u79df\u5c4b\uff0c\u8bbe\u6709\u6e38\u6cf3\u6c60<\/h2>\n\n\n\n<p>\u5728\u5170\u987f\u5c0f\u5c4b\u7684\u6e38\u6cf3\u6c60\u65c1\u4e0e\u5bb6\u4eba\u6216\u60c5\u4fa3\u5206\u4eab\u72ec\u7279\u7684\u65f6\u523b\uff01\u6c34\u4e0a\u6e38\u620f\u3001\u6e05\u51c9\u6c90\u6d74\u6216\u8fd0\u52a8\u6e38\u6cf3\uff0c\u6839\u636e\u60a8\u7684\u9700\u6c42\u4eab\u53d7\u4e61\u95f4\u522b\u5885\u7684\u6e38\u6cf3\u6c60\uff01\u9009\u62e9\u6211\u4eec\u5e26\u6e38\u6cf3\u6c60\u7684\u51fa\u79df\u623f\u4e4b\u4e00\uff0c\u8ba9\u60a8\u5728\u5170\u987f\u5ea6\u8fc7\u96be\u5fd8\u7684\u65f6\u5149\uff01<\/p>\n\n\n\n<div class=\"wp-block-buttons is-layout-flex wp-block-buttons-is-layout-flex\">\n<div class=\"wp-block-button\"><a class=\"wp-block-button__link wp-element-button\" href=\"https:\/\/bassin-arcachon.com\/zh\/%e4%bd%8f%e5%ae%bf-2\/%e5%ba%a6%e5%81%87%e7%a7%9f%e8%b5%81lantonpiscine\/\">\u5e26\u6e38\u6cf3\u6c60\u7684\u79df\u91d1<\/a><\/div>\n<\/div>\n<\/div>\n<\/div><\/div>\n\n\n\n<div style=\"height:60px\" aria-hidden=\"true\" class=\"wp-block-spacer\"><\/div>\n\n\n\n<div class=\"wp-block-uagb-container uagb-block-5f6799b1 alignfull uagb-is-root-container\"><div class=\"uagb-container-inner-blocks-wrap\">\n<div class=\"wp-block-uagb-container uagb-block-80977f7d\">\n<h2 class=\"wp-block-heading\">\u6211\u4eec\u4f4d\u4e8e\u5170\u987f\u7684\u5ea6\u5047\u51fa\u79df\u5c4b\u53ef\u6b23\u8d4f\u76c6\u5730\u666f\u89c2<\/h2>\n\n\n\n<p>Bassin\u7231\u597d\u8005\u4eec\uff0c\u60f3\u968f\u65f6\u770b\u5417\uff1f\u5728\u5170\u987f\uff0c\u9009\u62e9\u6211\u4eec\u7684\u5ea6\u5047\u51fa\u79df\u5c4b\u4e4b\u4e00\uff0c\u53ef\u4ee5\u770b\u5230 Bassin\uff0c\u5e76\u4ece\u60a8\u7684\u623f\u95f4\u6b23\u8d4f\u975e\u51e1\u7684\u5168\u666f\uff01\u4e00\u9192\u6765\uff0c\u5c31\u5728\u5e8a\u4e0a\u770b\u7740\u6f6e\u6c50\u7684\u53d8\u5316\uff01\u9009\u62e9\u5728 Lanton \u89c2\u770b Bassin \u7684\u79df\u8d41\uff01<\/p>\n\n\n\n<div class=\"wp-block-buttons is-layout-flex wp-block-buttons-is-layout-flex\">\n<div class=\"wp-block-button\"><a class=\"wp-block-button__link wp-element-button\" href=\"https:\/\/bassin-arcachon.com\/zh\/%e4%bd%8f%e5%ae%bf-2\/%e5%ba%a6%e5%81%87%e7%a7%9f%e8%b5%81lantonvuemer\/\">\u6d77\u6ee8\u51fa\u79df<\/a><\/div>\n<\/div>\n<\/div>\n\n\n\n<div class=\"wp-block-uagb-container uagb-block-284c5ad2\">\n<div class=\"wp-block-uagb-image uagb-block-131c87ba wp-block-uagb-image--layout-default wp-block-uagb-image--effect-static wp-block-uagb-image--align-none\"><figure class=\"wp-block-uagb-image__figure\"><img decoding=\"async\" srcset=\"https:\/\/bassin-arcachon.com\/wp-content\/uploads\/2017\/04\/baignade-plage-suzette-lanton-1024x683.jpg \" sizes=\"auto, (max-width: 480px) 150px\" src=\"https:\/\/bassin-arcachon.com\/wp-content\/uploads\/2017\/04\/baignade-plage-suzette-lanton-1024x683.jpg\" alt=\"- - Bassin d&#039;Arcachon\" class=\"uag-image-24606\" width=\"1024\" height=\"683\" title=\"- - Bassin d&#039;Arcachon\" loading=\"lazy\" role=\"img\"><\/figure><\/div>\n<\/div>\n<\/div><\/div>\n\n\n\n<div style=\"height:60px\" aria-hidden=\"true\" class=\"wp-block-spacer\"><\/div>\n\n\n\n<div class=\"wp-block-uagb-container uagb-block-ba65bd3c alignfull uagb-is-root-container\">\n<div class=\"wp-block-cover is-light has-parallax\"><span aria-hidden=\"true\" class=\"wp-block-cover__background has-background-dim-0 has-background-dim\"><\/span><div class=\"wp-block-cover__image-background wp-image-1345 has-parallax\" style=\"background-position:50% 50%;background-image:url(https:\/\/bassin-arcachon.com\/wp-content\/uploads\/2017\/03\/Camping-Panorama-du-Pyla-cottage-vue-mer-coin-farniente.jpg)\"><\/div><div class=\"wp-block-cover__inner-container is-layout-flow wp-block-cover-is-layout-flow\">\n<div class=\"wp-block-uagb-container uagb-block-b8d72b15\">\n<h2 class=\"wp-block-heading has-text-align-center has-white-color has-text-color has-large-font-size\">\u5728\u963f\u5361\u96c4\u7684 Bassin \u5ea6\u5047\u51fa\u79df\u5c4b\u4e2d\u8f7b\u677e\u5ea6\u8fc7\u60a8\u7684\u5047\u671f<\/h2>\n\n\n\n<p class=\"has-text-align-center has-white-color has-text-color\"><a href=\"https:\/\/bassin-arcachon.com\/zh\/%e4%bd%8f%e5%ae%bf-2\/%e5%81%87%e6%9c%9f%e7%a7%9f%e9%87%91\/\">\u5f00\u59cb\u60a8\u7684\u641c\u7d22<\/a><\/p>\n<\/div>\n<\/div><\/div>\n<\/div>\n\n\n\n<div style=\"height:60px\" aria-hidden=\"true\" class=\"wp-block-spacer\"><\/div>\n\n\n\n<div class=\"wp-block-uagb-container uagb-block-5bc354f6 alignfull uagb-is-root-container\"><div class=\"uagb-container-inner-blocks-wrap\">\n<div class=\"wp-block-uagb-container uagb-block-014e0810\">\n<h2 class=\"wp-block-heading\">\u60a8\u60f3\u9884\u8ba2 Lanton \u9644\u8fd1\u7684\u5ea6\u5047\u5c4b\u5417\uff1f<\/h2>\n\n\n\n<p>\u4e86\u89e3\u6211\u4eec\u5728 Bassin Arcachon \u7684\u6240\u6709\u5ea6\u5047\u51fa\u79df\u5c4b\uff1a&nbsp;<a href=\"https:\/\/bassin-arcachon.com\/zh\/%e4%bd%8f%e5%ae%bf-2\/%e5%81%87%e6%9c%9f%e7%a7%9f%e9%87%91+%e6%88%98%e7%a5%9e-2\/\">\u6218\u795e<\/a>,&nbsp;<a href=\"https:\/\/bassin-arcachon.com\/zh\/%e4%bd%8f%e5%ae%bf-2\/%e5%81%87%e6%9c%9f%e7%a7%9f%e9%87%91+%e9%98%bf%e5%8d%a1%e9%9b%84\/\">\u963f\u5361\u96c4<\/a>,&nbsp;<a href=\"https:\/\/bassin-arcachon.com\/zh\/%e4%bd%8f%e5%ae%bf-2\/%e5%81%87%e6%9c%9f%e7%a7%9f%e9%87%91+%e7%9b%86%e5%9c%b0%e4%b9%8b%e5%bf%83\/\">\u5170\u987f<\/a>,&nbsp;<a href=\"https:\/\/bassin-arcachon.com\/zh\/%e4%bd%8f%e5%ae%bf-2\/%e5%81%87%e6%9c%9f%e7%a7%9f%e9%87%91+%e5%ae%89%e5%be%b7%e8%af%ba%e6%96%af\/\">\u5b89\u5fb7\u8bfa\u65af<\/a>,&nbsp;<a href=\"https:\/\/bassin-arcachon.com\/zh\/%e4%bd%8f%e5%ae%bf-2\/%e5%81%87%e6%9c%9f%e7%a7%9f%e9%87%91+%e5%8f%a4%e8%ae%a9%e6%a2%85%e6%96%af%e7%89%b9%e6%8b%89%e6%96%af\/\">Gujan-Mestras,<\/a>&nbsp;<a href=\"https:\/\/bassin-arcachon.com\/zh\/%e4%bd%8f%e5%ae%bf-2\/%e5%81%87%e6%9c%9f%e7%a7%9f%e9%87%91+%e7%9b%86%e5%9c%b0%e4%b9%8b%e5%bf%83\/\">\u6bd4\u52a0\u8bfa\u65af<\/a>&nbsp;<a href=\"https:\/\/bassin-arcachon.com\/zh\/%e4%bd%8f%e5%ae%bf-2\/%e5%81%87%e6%9c%9f%e7%a7%9f%e9%87%91+%e7%9b%86%e5%9c%b0%e4%b9%8b%e5%bf%83\/\">\u5965\u767b\u683c<\/a>,<a href=\"https:\/\/bassin-arcachon.com\/zh\/%e4%bd%8f%e5%ae%bf-2\/%e5%81%87%e6%9c%9f%e7%a7%9f%e9%87%91+%e7%9b%86%e5%9c%b0%e4%b9%8b%e5%bf%83\/\">&nbsp;\u5170\u987f&nbsp;<\/a>\u548c&nbsp;<a href=\"https:\/\/bassin-arcachon.com\/zh\/%e4%bd%8f%e5%ae%bf-2\/%e5%81%87%e6%9c%9f%e7%a7%9f%e9%87%91+lege-cap-ferret\/\">\u96ea\u8c82<\/a>&nbsp;!<\/p>\n<\/div>\n\n\n\n<div class=\"wp-block-uagb-container uagb-block-7d2b4334\">\n<div class=\"wp-block-uagb-image uagb-block-d9b547aa wp-block-uagb-image--layout-default wp-block-uagb-image--effect-static wp-block-uagb-image--align-none\"><figure class=\"wp-block-uagb-image__figure\"><img decoding=\"async\" srcset=\"https:\/\/bassin-arcachon.com\/wp-content\/uploads\/2018\/09\/nourri-a-lhu\u00eetre-\u00e9lev\u00e9-sous-les-pins-Bassin-dArcachon.jpg 1000w, https:\/\/bassin-arcachon.com\/wp-content\/uploads\/2018\/09\/nourri-a-lhu\u00eetre-\u00e9lev\u00e9-sous-les-pins-Bassin-dArcachon-600x400.jpg 600w, https:\/\/bassin-arcachon.com\/wp-content\/uploads\/2018\/09\/nourri-a-lhu\u00eetre-\u00e9lev\u00e9-sous-les-pins-Bassin-dArcachon-768x511.jpg 768w, https:\/\/bassin-arcachon.com\/wp-content\/uploads\/2018\/09\/nourri-a-lhu\u00eetre-\u00e9lev\u00e9-sous-les-pins-Bassin-dArcachon-18x12.jpg 18w\" sizes=\"auto, (max-width: 480px) 150px\" src=\"https:\/\/bassin-arcachon.com\/wp-content\/uploads\/2018\/09\/nourri-a-lhu\u00eetre-\u00e9lev\u00e9-sous-les-pins-Bassin-dArcachon.jpg\" alt=\"- - Bassin d&#039;Arcachon\" class=\"uag-image-26169\" width=\"1000\" height=\"666\" title=\"- - Bassin d&#039;Arcachon\" loading=\"lazy\" role=\"img\"><\/figure><\/div>\n<\/div>\n<\/div><\/div>\n\n\n\n<div style=\"height:60px\" aria-hidden=\"true\" class=\"wp-block-spacer\"><\/div>","protected":false},"excerpt":{"rendered":"<p>Nos locations de vacances \u00e0 Lanton avec Wifi S\u00e9journez dans l\u2019un de nos g\u00eetes avec Wifi \u00e0 Lanton et restez connect\u00e9s pendant vos vacances ! Entre plages et for\u00eats, b\u00e9n\u00e9ficiez [&hellip;]<\/p>\n","protected":false},"author":25,"featured_media":2217,"parent":508,"menu_order":1,"comment_status":"closed","ping_status":"closed","template":"","meta":{"_acf_changed":false,"_uag_custom_page_level_css":"","footnotes":""},"class_list":["post-45706","page","type-page","status-publish","has-post-thumbnail","hentry"],"acf":[],"uagb_featured_image_src":{"full":["https:\/\/bassin-arcachon.com\/wp-content\/uploads\/2017\/03\/camping-bassin-arcachon.jpg",1200,800,false],"thumbnail":["https:\/\/bassin-arcachon.com\/wp-content\/uploads\/2017\/03\/camping-bassin-arcachon-150x150.jpg",150,150,true],"medium":["https:\/\/bassin-arcachon.com\/wp-content\/uploads\/2017\/03\/camping-bassin-arcachon-600x400.jpg",600,400,true],"medium_large":["https:\/\/bassin-arcachon.com\/wp-content\/uploads\/2017\/03\/camping-bassin-arcachon-768x512.jpg",768,512,true],"large":["https:\/\/bassin-arcachon.com\/wp-content\/uploads\/2017\/03\/camping-bassin-arcachon-1024x683.jpg",1024,683,true],"1536x1536":["https:\/\/bassin-arcachon.com\/wp-content\/uploads\/2017\/03\/camping-bassin-arcachon.jpg",1200,800,false],"2048x2048":["https:\/\/bassin-arcachon.com\/wp-content\/uploads\/2017\/03\/camping-bassin-arcachon.jpg",1200,800,false],"trp-custom-language-flag":["https:\/\/bassin-arcachon.com\/wp-content\/uploads\/2017\/03\/camping-bassin-arcachon-18x12.jpg",18,12,true]},"uagb_author_info":{"display_name":"Marie Clauzel","author_link":"https:\/\/bassin-arcachon.com\/zh\/author\/mariesiba\/"},"uagb_comment_info":0,"uagb_excerpt":"Nos locations de vacances \u00e0 Lanton avec Wifi S\u00e9journez dans l\u2019un de nos g\u00eetes avec Wifi \u00e0 Lanton et restez connect\u00e9s pendant vos vacances ! Entre plages et for\u00eats, b\u00e9n\u00e9ficiez [&hellip;]","_links":{"self":[{"href":"https:\/\/bassin-arcachon.com\/zh\/wp-json\/wp\/v2\/pages\/45706","targetHints":{"allow":["GET"]}}],"collection":[{"href":"https:\/\/bassin-arcachon.com\/zh\/wp-json\/wp\/v2\/pages"}],"about":[{"href":"https:\/\/bassin-arcachon.com\/zh\/wp-json\/wp\/v2\/types\/page"}],"author":[{"embeddable":true,"href":"https:\/\/bassin-arcachon.com\/zh\/wp-json\/wp\/v2\/users\/25"}],"replies":[{"embeddable":true,"href":"https:\/\/bassin-arcachon.com\/zh\/wp-json\/wp\/v2\/comments?post=45706"}],"version-history":[{"count":2,"href":"https:\/\/bassin-arcachon.com\/zh\/wp-json\/wp\/v2\/pages\/45706\/revisions"}],"predecessor-version":[{"id":68284,"href":"https:\/\/bassin-arcachon.com\/zh\/wp-json\/wp\/v2\/pages\/45706\/revisions\/68284"}],"up":[{"embeddable":true,"href":"https:\/\/bassin-arcachon.com\/zh\/wp-json\/wp\/v2\/pages\/508"}],"wp:featuredmedia":[{"embeddable":true,"href":"https:\/\/bassin-arcachon.com\/zh\/wp-json\/wp\/v2\/media\/2217"}],"wp:attachment":[{"href":"https:\/\/bassin-arcachon.com\/zh\/wp-json\/wp\/v2\/media?parent=45706"}],"curies":[{"name":"\u53ef\u6e7f\u6027\u7c89\u5242","href":"https:\/\/api.w.org\/{rel}","templated":true}]}}