{"id":47656,"date":"2020-09-18T11:22:19","date_gmt":"2020-09-18T09:22:19","guid":{"rendered":"https:\/\/bassin-arcachon.com\/\/?page_id=47656"},"modified":"2024-09-02T10:51:56","modified_gmt":"2024-09-02T08:51:56","slug":"%e7%bb%bf%e8%89%b2%e4%bc%9a%e8%ae%ae","status":"publish","type":"page","link":"https:\/\/bassin-arcachon.com\/zh\/seminaires-congres\/green-meeting-2\/","title":{"rendered":"\u7eff\u8272\u4f1a\u8bae"},"content":{"rendered":"<div class=\"wp-block-uagb-container uagb-block-3086f23c alignfull uagb-is-root-container\"><div class=\"uagb-container-inner-blocks-wrap\">\n<div class=\"wp-block-uagb-container uagb-block-f235f073\">\t\t\t\t\t<div\n\t\t\t\t\t\tclass=\"wp-block-uagb-image-gallery uagb-block-c5031403\"\n\t\t\t\t\t\tstyle=\"\"\n\t\t\t\t\t>\n\t\t\t\t\t\t\t\t\t\t\t<div class=\"spectra-image-gallery spectra-image-gallery__layout--carousel\">\n\t\t\t\t\t\t\t\t<div class=\"uagb-slick-carousel uagb-block-c5031403\">\n\t\t\t\t\t\t\t\t\t\t\t\t<div class='spectra-image-gallery__media-wrapper' data-spectra-gallery-image-id='47762'>\n\t\t\t\t\t\t\t<div class=\"spectra-image-gallery__media spectra-image-gallery__media--carousel\">\n\t\t\t\t<picture>\n\t\t\t\t\t<source media=\"(min-width: 1024px)\" srcset=\"https:\/\/bassin-arcachon.com\/wp-content\/uploads\/2020\/09\/1-vvf-lege-cap-ferret-1024x683.jpg\">\n\t\t\t\t\t<source media=\"(min-width: 768px)\" srcset=\"https:\/\/bassin-arcachon.com\/wp-content\/uploads\/2020\/09\/1-vvf-lege-cap-ferret-1024x683.jpg\">\n\t\t\t\t\t<img decoding=\"async\" class=\"spectra-image-gallery__media-thumbnail spectra-image-gallery__media-thumbnail--carousel\" src=\"https:\/\/bassin-arcachon.com\/wp-content\/uploads\/2020\/09\/1-vvf-lege-cap-ferret-300x200.jpg\" alt=\"- - Bassin d&#039;Arcachon\" loading=\"lazy\" title=\"- - Bassin d&#039;Arcachon\">\n\t\t\t\t<\/picture>\n\t\t\t\t<div class=\"spectra-image-gallery__media-thumbnail-blurrer\"><\/div>\n\t\t\t\t\t\t\t\t\t\t\t<div class=\"spectra-image-gallery__media-thumbnail-caption-wrapper spectra-image-gallery__media-thumbnail-caption-wrapper--overlay\"><\/div>\n\t\t\t\t\t\t\t\t<\/div>\n\t\t\t\t\t\t<\/div>\n\t\t\t\t\t\t<div class='spectra-image-gallery__media-wrapper' data-spectra-gallery-image-id='47763'>\n\t\t\t\t\t\t\t<div class=\"spectra-image-gallery__media spectra-image-gallery__media--carousel\">\n\t\t\t\t<picture>\n\t\t\t\t\t<source media=\"(min-width: 1024px)\" srcset=\"https:\/\/bassin-arcachon.com\/wp-content\/uploads\/2020\/09\/2-d\u00e9gustation-huitres-arcachon-cap-ferret-1024x682.jpg\">\n\t\t\t\t\t<source media=\"(min-width: 768px)\" srcset=\"https:\/\/bassin-arcachon.com\/wp-content\/uploads\/2020\/09\/2-d\u00e9gustation-huitres-arcachon-cap-ferret-1024x682.jpg\">\n\t\t\t\t\t<img decoding=\"async\" class=\"spectra-image-gallery__media-thumbnail spectra-image-gallery__media-thumbnail--carousel\" src=\"https:\/\/bassin-arcachon.com\/wp-content\/uploads\/2020\/09\/2-d\u00e9gustation-huitres-arcachon-cap-ferret-300x200.jpg\" alt=\"- - Bassin d&#039;Arcachon\" loading=\"lazy\" title=\"- - Bassin d&#039;Arcachon\">\n\t\t\t\t<\/picture>\n\t\t\t\t<div class=\"spectra-image-gallery__media-thumbnail-blurrer\"><\/div>\n\t\t\t\t\t\t\t\t\t\t\t<div class=\"spectra-image-gallery__media-thumbnail-caption-wrapper spectra-image-gallery__media-thumbnail-caption-wrapper--overlay\"><\/div>\n\t\t\t\t\t\t\t\t<\/div>\n\t\t\t\t\t\t<\/div>\n\t\t\t\t\t\t<div class='spectra-image-gallery__media-wrapper' data-spectra-gallery-image-id='47764'>\n\t\t\t\t\t\t\t<div class=\"spectra-image-gallery__media spectra-image-gallery__media--carousel\">\n\t\t\t\t<picture>\n\t\t\t\t\t<source media=\"(min-width: 1024px)\" srcset=\"https:\/\/bassin-arcachon.com\/wp-content\/uploads\/2020\/09\/3-maison-de-lhu\u00eetre-gujan-mestras-1024x683.jpg\">\n\t\t\t\t\t<source media=\"(min-width: 768px)\" srcset=\"https:\/\/bassin-arcachon.com\/wp-content\/uploads\/2020\/09\/3-maison-de-lhu\u00eetre-gujan-mestras-1024x683.jpg\">\n\t\t\t\t\t<img decoding=\"async\" class=\"spectra-image-gallery__media-thumbnail spectra-image-gallery__media-thumbnail--carousel\" src=\"https:\/\/bassin-arcachon.com\/wp-content\/uploads\/2020\/09\/3-maison-de-lhu\u00eetre-gujan-mestras-300x200.jpg\" alt=\"- - Bassin d&#039;Arcachon\" loading=\"lazy\" title=\"- - Bassin d&#039;Arcachon\">\n\t\t\t\t<\/picture>\n\t\t\t\t<div class=\"spectra-image-gallery__media-thumbnail-blurrer\"><\/div>\n\t\t\t\t\t\t\t\t\t\t\t<div class=\"spectra-image-gallery__media-thumbnail-caption-wrapper spectra-image-gallery__media-thumbnail-caption-wrapper--overlay\"><\/div>\n\t\t\t\t\t\t\t\t<\/div>\n\t\t\t\t\t\t<\/div>\n\t\t\t\t\t\t<div class='spectra-image-gallery__media-wrapper' data-spectra-gallery-image-id='47765'>\n\t\t\t\t\t\t\t<div class=\"spectra-image-gallery__media spectra-image-gallery__media--carousel\">\n\t\t\t\t<picture>\n\t\t\t\t\t<source media=\"(min-width: 1024px)\" srcset=\"https:\/\/bassin-arcachon.com\/wp-content\/uploads\/2020\/09\/4-rallye-aventure-khapanat-1024x683.jpg\">\n\t\t\t\t\t<source media=\"(min-width: 768px)\" srcset=\"https:\/\/bassin-arcachon.com\/wp-content\/uploads\/2020\/09\/4-rallye-aventure-khapanat-1024x683.jpg\">\n\t\t\t\t\t<img decoding=\"async\" class=\"spectra-image-gallery__media-thumbnail spectra-image-gallery__media-thumbnail--carousel\" src=\"https:\/\/bassin-arcachon.com\/wp-content\/uploads\/2020\/09\/4-rallye-aventure-khapanat-300x200.jpg\" alt=\"- - Bassin d&#039;Arcachon\" loading=\"lazy\" title=\"- - Bassin d&#039;Arcachon\">\n\t\t\t\t<\/picture>\n\t\t\t\t<div class=\"spectra-image-gallery__media-thumbnail-blurrer\"><\/div>\n\t\t\t\t\t\t\t\t\t\t\t<div class=\"spectra-image-gallery__media-thumbnail-caption-wrapper spectra-image-gallery__media-thumbnail-caption-wrapper--overlay\"><\/div>\n\t\t\t\t\t\t\t\t<\/div>\n\t\t\t\t\t\t<\/div>\n\t\t\t\t\t\t<div class='spectra-image-gallery__media-wrapper' data-spectra-gallery-image-id='47766'>\n\t\t\t\t\t\t\t<div class=\"spectra-image-gallery__media spectra-image-gallery__media--carousel\">\n\t\t\t\t<picture>\n\t\t\t\t\t<source media=\"(min-width: 1024px)\" srcset=\"https:\/\/bassin-arcachon.com\/wp-content\/uploads\/2020\/09\/5-plogging-bassin-arcachon.jpg\">\n\t\t\t\t\t<source media=\"(min-width: 768px)\" srcset=\"https:\/\/bassin-arcachon.com\/wp-content\/uploads\/2020\/09\/5-plogging-bassin-arcachon.jpg\">\n\t\t\t\t\t<img decoding=\"async\" class=\"spectra-image-gallery__media-thumbnail spectra-image-gallery__media-thumbnail--carousel\" src=\"https:\/\/bassin-arcachon.com\/wp-content\/uploads\/2020\/09\/5-plogging-bassin-arcachon-300x170.jpg\" alt=\"- - Bassin d&#039;Arcachon\" loading=\"lazy\" title=\"- - Bassin d&#039;Arcachon\">\n\t\t\t\t<\/picture>\n\t\t\t\t<div class=\"spectra-image-gallery__media-thumbnail-blurrer\"><\/div>\n\t\t\t\t\t\t\t\t\t\t\t<div class=\"spectra-image-gallery__media-thumbnail-caption-wrapper spectra-image-gallery__media-thumbnail-caption-wrapper--overlay\"><\/div>\n\t\t\t\t\t\t\t\t<\/div>\n\t\t\t\t\t\t<\/div>\n\t\t\t\t\t\t<div class='spectra-image-gallery__media-wrapper' data-spectra-gallery-image-id='47767'>\n\t\t\t\t\t\t\t<div class=\"spectra-image-gallery__media spectra-image-gallery__media--carousel\">\n\t\t\t\t<picture>\n\t\t\t\t\t<source media=\"(min-width: 1024px)\" srcset=\"https:\/\/bassin-arcachon.com\/wp-content\/uploads\/2020\/09\/6-food-tour-goumand-cap-ferret-1024x683.jpg\">\n\t\t\t\t\t<source media=\"(min-width: 768px)\" srcset=\"https:\/\/bassin-arcachon.com\/wp-content\/uploads\/2020\/09\/6-food-tour-goumand-cap-ferret-1024x683.jpg\">\n\t\t\t\t\t<img decoding=\"async\" class=\"spectra-image-gallery__media-thumbnail spectra-image-gallery__media-thumbnail--carousel\" src=\"https:\/\/bassin-arcachon.com\/wp-content\/uploads\/2020\/09\/6-food-tour-goumand-cap-ferret-300x200.jpg\" alt=\"- - Bassin d&#039;Arcachon\" loading=\"lazy\" title=\"- - Bassin d&#039;Arcachon\">\n\t\t\t\t<\/picture>\n\t\t\t\t<div class=\"spectra-image-gallery__media-thumbnail-blurrer\"><\/div>\n\t\t\t\t\t\t\t\t\t\t\t<div class=\"spectra-image-gallery__media-thumbnail-caption-wrapper spectra-image-gallery__media-thumbnail-caption-wrapper--overlay\"><\/div>\n\t\t\t\t\t\t\t\t<\/div>\n\t\t\t\t\t\t<\/div>\n\t\t\t\t\t\t<div class='spectra-image-gallery__media-wrapper' data-spectra-gallery-image-id='47768'>\n\t\t\t\t\t\t\t<div class=\"spectra-image-gallery__media spectra-image-gallery__media--carousel\">\n\t\t\t\t<picture>\n\t\t\t\t\t<source media=\"(min-width: 1024px)\" srcset=\"https:\/\/bassin-arcachon.com\/wp-content\/uploads\/2020\/09\/dune-pilat-SIBA-agence-les-conteurs-132-1024x682.jpg\">\n\t\t\t\t\t<source media=\"(min-width: 768px)\" srcset=\"https:\/\/bassin-arcachon.com\/wp-content\/uploads\/2020\/09\/dune-pilat-SIBA-agence-les-conteurs-132-1024x682.jpg\">\n\t\t\t\t\t<img decoding=\"async\" class=\"spectra-image-gallery__media-thumbnail spectra-image-gallery__media-thumbnail--carousel\" src=\"https:\/\/bassin-arcachon.com\/wp-content\/uploads\/2020\/09\/dune-pilat-SIBA-agence-les-conteurs-132-300x200.jpg\" alt=\"- - Bassin d&#039;Arcachon\" loading=\"lazy\" title=\"- - Bassin d&#039;Arcachon\">\n\t\t\t\t<\/picture>\n\t\t\t\t<div class=\"spectra-image-gallery__media-thumbnail-blurrer\"><\/div>\n\t\t\t\t\t\t\t\t\t\t\t<div class=\"spectra-image-gallery__media-thumbnail-caption-wrapper spectra-image-gallery__media-thumbnail-caption-wrapper--overlay\"><\/div>\n\t\t\t\t\t\t\t\t<\/div>\n\t\t\t\t\t\t<\/div>\n\t\t\t\t\t\t<div class='spectra-image-gallery__media-wrapper' data-spectra-gallery-image-id='47769'>\n\t\t\t\t\t\t\t<div class=\"spectra-image-gallery__media spectra-image-gallery__media--carousel\">\n\t\t\t\t<picture>\n\t\t\t\t\t<source media=\"(min-width: 1024px)\" srcset=\"https:\/\/bassin-arcachon.com\/wp-content\/uploads\/2020\/09\/onewheel-1024x682.jpg\">\n\t\t\t\t\t<source media=\"(min-width: 768px)\" srcset=\"https:\/\/bassin-arcachon.com\/wp-content\/uploads\/2020\/09\/onewheel-1024x682.jpg\">\n\t\t\t\t\t<img decoding=\"async\" class=\"spectra-image-gallery__media-thumbnail spectra-image-gallery__media-thumbnail--carousel\" src=\"https:\/\/bassin-arcachon.com\/wp-content\/uploads\/2020\/09\/onewheel-300x200.jpg\" alt=\"- - Bassin d&#039;Arcachon\" loading=\"lazy\" title=\"- - Bassin d&#039;Arcachon\">\n\t\t\t\t<\/picture>\n\t\t\t\t<div class=\"spectra-image-gallery__media-thumbnail-blurrer\"><\/div>\n\t\t\t\t\t\t\t\t\t\t\t<div class=\"spectra-image-gallery__media-thumbnail-caption-wrapper spectra-image-gallery__media-thumbnail-caption-wrapper--overlay\"><\/div>\n\t\t\t\t\t\t\t\t<\/div>\n\t\t\t\t\t\t<\/div>\n\t\t\t\t\t\t\t\t\t\t\t<\/div>\n\t\t\t\t\t\t\t<\/div>\n\t\t\t\t\t\t\t\t\t\t\t<\/div>\n\t\t\t\t\t\t\t\t\t<\/div>\n\n\n\n<div class=\"wp-block-uagb-container uagb-block-859424fe\">\n<div class=\"wp-block-uagb-container uagb-block-8fd1b5b6\">\n<p class=\"has-white-color has-text-color\" style=\"font-size:16px\">\u7eff\u8272\u4f1a\u8bae\u4f18\u60e0<br><br>\u6709\u610f\u4e49\u7684\u7814\u8ba8\u4f1a<br><br>\u5728\u5927\u81ea\u7136\u7684\u5fc3\u810f<br><br>\u7eff\u8272\u8d39\u7387<br><br>\u751f\u6001\u8d23\u4efb\u53d1\u73b0 Plogging Cohesion<\/p>\n<\/div>\n\n\n\n<div class=\"wp-block-uagb-container uagb-block-b87b9e95\">\n<h4 class=\"wp-block-heading\">\u8054\u7cfb\u6211\u4eec<\/h4>\n\n\n\n<p class=\"has-black-color has-text-color\"><a href=\"mailto:mice@siba-bassin-arcachon.fr\">mice@siba-bassin-arcachon.fr<\/a><\/p>\n<\/div>\n<\/div>\n<\/div><\/div>\n\n\n\n<div style=\"height:40px\" aria-hidden=\"true\" class=\"wp-block-spacer\"><\/div>\n\n\n\n<div class=\"wp-block-uagb-container uagb-block-849d9147 alignfull uagb-is-root-container\"><div class=\"uagb-container-inner-blocks-wrap\">\n<div class=\"wp-block-uagb-container uagb-block-b5166cbf\">\n<h2 class=\"wp-block-heading\">\u5efa\u8bae\u7684\u7a0b\u5e8f<\/h2>\n\n\n\n<h3 class=\"wp-block-heading\">\u7b2c 1 \u5929<strong><\/strong><\/h3>\n\n\n\n<ul class=\"wp-block-list\">\n<li>\u53c2\u4f1a\u4eba\u5458\u4e0a\u5348\u5230\u8fbe<\/li>\n\n\n\n<li>\u5728 Bassin \u4e0a\u5b89\u88c5&nbsp;<strong>\u201c\u5bf9\u751f\u6001\u8d1f\u8d23\u201d\u7684\u73af\u5883<\/strong>&nbsp;\u00bb<\/li>\n\n\n\n<li>\u5f53\u5730\u7279\u8272\u81ea\u52a9\u5348\u9910&nbsp;<strong>\u5065\u5eb7&nbsp;<\/strong>\u00bb<\/li>\n\n\n\n<li>\u5728\u5927\u81ea\u7136\u4e2d\u4e3e\u884c\u5de5\u4f5c\u4f1a\u8bae\uff0c\u4e3e\u529e\u653e\u624b\u7814\u8ba8\u4f1a\u6216<strong>&nbsp;\u7f8e\u98df\u4e4b\u65c5<\/strong>&nbsp;\u5728\u5927\u81ea\u7136\u6216\u6d77\u8fb9\u3002<\/li>\n\n\n\n<li>\u5728\u4e00\u5929\u7ed3\u675f\u65f6\uff0c\u53c2\u89c2&nbsp;<strong>\u7261\u86ce\u5c4b&nbsp;<\/strong>\uff08Gujan-Mestras\uff09\uff0c\u968f\u540e\u5728&nbsp;<strong>\u6e2f\u53e3\u7684\u7261\u86ce\u519c\u592b\u5c0f\u5c4b<\/strong>.<\/li>\n<\/ul>\n\n\n\n<p><a href=\"https:\/\/fr.calameo.com\/read\/0000244211152a79deb84\" target=\"_blank\" rel=\"noreferrer noopener\">\u5728\u60a8\u9009\u62e9\u7684\u7f51\u7ad9\u4e0a\u4f4f\u5bbf\u3002<\/a><\/p>\n\n\n\n<h3 class=\"wp-block-heading\">\u7b2c 2 \u5929<strong><\/strong><\/h3>\n\n\n\n<ul class=\"wp-block-list\">\n<li>\u81ea\u52a9\u65e9\u9910<\/li>\n\n\n\n<li>\u5546\u52a1\u4f1a\u8bae\u548c\u8336\u6b47&nbsp;<strong>\u672c\u5730\u4ea7\u54c1<\/strong><\/li>\n\n\n\n<li>\u5728\u9152\u5e97\u4eab\u7528\u5348\u9910<\/li>\n\n\n\n<li>\u4e0b\u5348\u4e13\u95e8\u8fdb\u884c\u4e00\u6b21\u975e\u51e1\u7684\u6162\u8dd1\uff1a\u201c&nbsp;<strong>\u535a\u5ba2<\/strong>&nbsp;\uff01\u6216\u8005\u5982\u4f55\u5c06\u8fd0\u52a8\u4e0e\u81ea\u7136\u76f8\u7ed3\u5408\uff1f\u8ba9\u60a8\u7684\u56e2\u961f\u4e86\u89e3\u73af\u5883\u5e76\u5c1d\u8bd5\u201c\u5e9f\u5f03\u201d\u96d5\u5851\u548c\u53ef\u56de\u6536\u81ea\u62cd\uff01<\/li>\n<\/ul>\n\n\n\n<p><strong>\u5728\u54ea\u91cc<\/strong><\/p>\n\n\n\n<ul class=\"wp-block-list\">\n<li>\u4ee4\u4eba\u60ca\u53f9\u7684\u6311\u6218&nbsp;<strong>\u98ce\u6311\u6218<\/strong>&nbsp;\uff01\u4ea7\u751f\u81ea\u5df1\u7684\u80fd\u91cf\u6765\u53c2\u52a0\u4e00\u573a\u4ee4\u4eba\u96be\u4ee5\u7f6e\u4fe1\u7684\u6bd4\u8d5b\uff01\u4f60\u7684\u56e2\u961f\u5fc5\u987b\u5efa\u9020\u4e00\u4e2a\u98ce\u529b\u6da1\u8f6e\u673a\uff0c\u5728\u89c4\u5b9a\u7684\u65f6\u95f4\u5185\u4ea7\u751f\u5c3d\u53ef\u80fd\u591a\u7684\u7535\u529b\u3002<\/li>\n<\/ul>\n\n\n\n<p><strong>\u5728\u54ea\u91cc<\/strong><\/p>\n\n\n\n<ul class=\"wp-block-list\">\n<li>\u4ee5\u6709\u8da3\u548c\u539f\u521b\u7684\u65b9\u5f0f\u5728\u56e2\u961f\u4e4b\u95f4\u6311\u6218<strong>&nbsp;\u5192\u9669\u4e0e\u81ea\u7136\u96c6\u4f1a&nbsp;<\/strong>\u5728Arcachon\u7684Bassin\u4e0a\uff0c&nbsp;<a href=\"https:\/\/www.khapevent.fr\/pages\/nos-circuits-khap-event.html\" target=\"_blank\" rel=\"noreferrer noopener\">\u4e0e\u6765\u81ea Khap Event \u7684 Sandra \u548c Jean-Marc<\/a>.<\/li>\n\n\n\n<li>\u53c2\u4e0e\u8005\u5728\u4e00\u5929\u7ed3\u675f\u65f6\u79bb\u5f00\u3002<\/li>\n<\/ul>\n\n\n\n<p>\u8be5\u8ba1\u5212\u4e2d\u63d0\u4f9b\u7684\u7edf\u4e00\u6d3b\u52a8\u88ab\u5f15\u7528\u4e3a\u793a\u4f8b\u3002\u63a5\u89e6&nbsp;<a href=\"https:\/\/www.arcachonecotours.com\/\" target=\"_blank\" rel=\"noreferrer noopener\">Arcachon Ecotours \u5165\u9a7b\u673a\u6784<\/a>&nbsp;\u4e3a\u60a8\u7ec4\u7ec7\u5bf9\u751f\u6001\u8d1f\u8d23\u7684\u4e13\u4e1a\u4eba\u58eb\u7559\u5728 Bassin\u3002<\/p>\n\n\n\n<p><a href=\"https:\/\/www.bassin-arcachon.com\/wp-content\/uploads\/2020\/05\/CATALOGUE-ARCACHON-ECOTOURS-Web.pdf\" target=\"_blank\" rel=\"noreferrer noopener\">\u5728\u8fd9\u91cc\u53d1\u73b0\u5b83\u7684\u6240\u6709\u62a5\u4ef7<\/a>.<\/p>\n<\/div>\n\n\n\n<div class=\"wp-block-uagb-container uagb-block-1ba8209f\"><\/div>\n<\/div><\/div>\n\n\n\n<div style=\"height:60px\" aria-hidden=\"true\" class=\"wp-block-spacer\"><\/div>","protected":false},"excerpt":{"rendered":"<p>Offre Green Meeting Un s\u00e9minaire qui a du sens Au coeur de la nature Tarifs green D\u00e9couverte \u00e9co-responsable Plogging Coh\u00e9sion Nous contacter mice@siba-bassin-arcachon.fr Suggestion de programme Jour 1 H\u00e9bergement sur [&hellip;]<\/p>\n","protected":false},"author":13,"featured_media":44400,"parent":47639,"menu_order":0,"comment_status":"closed","ping_status":"closed","template":"","meta":{"_acf_changed":false,"_uag_custom_page_level_css":"","footnotes":""},"class_list":["post-47656","page","type-page","status-publish","has-post-thumbnail","hentry"],"acf":[],"uagb_featured_image_src":{"full":["https:\/\/bassin-arcachon.com\/wp-content\/uploads\/2020\/07\/pres-sales-ares-17.jpg",1200,800,false],"thumbnail":["https:\/\/bassin-arcachon.com\/wp-content\/uploads\/2020\/07\/pres-sales-ares-17-150x150.jpg",150,150,true],"medium":["https:\/\/bassin-arcachon.com\/wp-content\/uploads\/2020\/07\/pres-sales-ares-17-600x400.jpg",600,400,true],"medium_large":["https:\/\/bassin-arcachon.com\/wp-content\/uploads\/2020\/07\/pres-sales-ares-17-768x512.jpg",768,512,true],"large":["https:\/\/bassin-arcachon.com\/wp-content\/uploads\/2020\/07\/pres-sales-ares-17-1024x683.jpg",1024,683,true],"1536x1536":["https:\/\/bassin-arcachon.com\/wp-content\/uploads\/2020\/07\/pres-sales-ares-17.jpg",1200,800,false],"2048x2048":["https:\/\/bassin-arcachon.com\/wp-content\/uploads\/2020\/07\/pres-sales-ares-17.jpg",1200,800,false],"trp-custom-language-flag":["https:\/\/bassin-arcachon.com\/wp-content\/uploads\/2020\/07\/pres-sales-ares-17-18x12.jpg",18,12,true]},"uagb_author_info":{"display_name":"Marine, ambassadrice du Bassin d'Arcachon","author_link":"https:\/\/bassin-arcachon.com\/zh\/author\/marineles-conteurs-com\/"},"uagb_comment_info":0,"uagb_excerpt":"Offre Green Meeting Un s\u00e9minaire qui a du sens Au coeur de la nature Tarifs green D\u00e9couverte \u00e9co-responsable Plogging Coh\u00e9sion Nous contacter mice@siba-bassin-arcachon.fr Suggestion de programme Jour 1 H\u00e9bergement sur [&hellip;]","_links":{"self":[{"href":"https:\/\/bassin-arcachon.com\/zh\/wp-json\/wp\/v2\/pages\/47656","targetHints":{"allow":["GET"]}}],"collection":[{"href":"https:\/\/bassin-arcachon.com\/zh\/wp-json\/wp\/v2\/pages"}],"about":[{"href":"https:\/\/bassin-arcachon.com\/zh\/wp-json\/wp\/v2\/types\/page"}],"author":[{"embeddable":true,"href":"https:\/\/bassin-arcachon.com\/zh\/wp-json\/wp\/v2\/users\/13"}],"replies":[{"embeddable":true,"href":"https:\/\/bassin-arcachon.com\/zh\/wp-json\/wp\/v2\/comments?post=47656"}],"version-history":[{"count":0,"href":"https:\/\/bassin-arcachon.com\/zh\/wp-json\/wp\/v2\/pages\/47656\/revisions"}],"up":[{"embeddable":true,"href":"https:\/\/bassin-arcachon.com\/zh\/wp-json\/wp\/v2\/pages\/47639"}],"wp:featuredmedia":[{"embeddable":true,"href":"https:\/\/bassin-arcachon.com\/zh\/wp-json\/wp\/v2\/media\/44400"}],"wp:attachment":[{"href":"https:\/\/bassin-arcachon.com\/zh\/wp-json\/wp\/v2\/media?parent=47656"}],"curies":[{"name":"\u53ef\u6e7f\u6027\u7c89\u5242","href":"https:\/\/api.w.org\/{rel}","templated":true}]}}