{"id":47827,"date":"2020-10-02T16:50:00","date_gmt":"2020-10-02T14:50:00","guid":{"rendered":"https:\/\/bassin-arcachon.com\/\/?page_id=47827"},"modified":"2024-09-02T10:48:49","modified_gmt":"2024-09-02T08:48:49","slug":"%e7%a0%94%e8%ae%a8%e4%bc%9a-%e6%98%a5%e5%ad%a3-%e5%a4%8f%e5%ad%a3","status":"publish","type":"page","link":"https:\/\/bassin-arcachon.com\/zh\/seminaires-congres\/offres-seminaires\/seminaires-printemps-ete\/","title":{"rendered":"\u6625\u590f\u7814\u8ba8\u4f1a\u62a5\u4ef7"},"content":{"rendered":"<div class=\"wp-block-uagb-container uagb-block-0ea5979c alignfull uagb-is-root-container\"><div class=\"uagb-container-inner-blocks-wrap\">\n<div class=\"wp-block-uagb-container uagb-block-398d3243\">\t\t\t\t\t<div\n\t\t\t\t\t\tclass=\"wp-block-uagb-image-gallery uagb-block-160d9f1f\"\n\t\t\t\t\t\tstyle=\"\"\n\t\t\t\t\t>\n\t\t\t\t\t\t\t\t\t\t\t<div class=\"spectra-image-gallery spectra-image-gallery__layout--carousel\">\n\t\t\t\t\t\t\t\t<div class=\"uagb-slick-carousel uagb-block-160d9f1f\">\n\t\t\t\t\t\t\t\t\t\t\t\t<div class='spectra-image-gallery__media-wrapper' data-spectra-gallery-image-id='47831'>\n\t\t\t\t\t\t\t<div class=\"spectra-image-gallery__media spectra-image-gallery__media--carousel\">\n\t\t\t\t<picture>\n\t\t\t\t\t<source media=\"(min-width: 1024px)\" srcset=\"https:\/\/bassin-arcachon.com\/wp-content\/uploads\/2020\/09\/cabanes-tchanqu\u00e9es-scaled-1024x686.jpg\">\n\t\t\t\t\t<source media=\"(min-width: 768px)\" srcset=\"https:\/\/bassin-arcachon.com\/wp-content\/uploads\/2020\/09\/cabanes-tchanqu\u00e9es-scaled-1024x686.jpg\">\n\t\t\t\t\t<img decoding=\"async\" class=\"spectra-image-gallery__media-thumbnail spectra-image-gallery__media-thumbnail--carousel\" src=\"https:\/\/bassin-arcachon.com\/wp-content\/uploads\/2020\/09\/cabanes-tchanqu\u00e9es-scaled-300x201.jpg\" alt=\"- - Bassin d&#039;Arcachon\" loading=\"lazy\" title=\"- - Bassin d&#039;Arcachon\">\n\t\t\t\t<\/picture>\n\t\t\t\t<div class=\"spectra-image-gallery__media-thumbnail-blurrer\"><\/div>\n\t\t\t\t\t\t\t\t\t\t\t<div class=\"spectra-image-gallery__media-thumbnail-caption-wrapper spectra-image-gallery__media-thumbnail-caption-wrapper--overlay\"><\/div>\n\t\t\t\t\t\t\t\t<\/div>\n\t\t\t\t\t\t<\/div>\n\t\t\t\t\t\t<div class='spectra-image-gallery__media-wrapper' data-spectra-gallery-image-id='47832'>\n\t\t\t\t\t\t\t<div class=\"spectra-image-gallery__media spectra-image-gallery__media--carousel\">\n\t\t\t\t<picture>\n\t\t\t\t\t<source media=\"(min-width: 1024px)\" srcset=\"https:\/\/bassin-arcachon.com\/wp-content\/uploads\/2020\/09\/les-halles-darcachon-1024x682.jpg\">\n\t\t\t\t\t<source media=\"(min-width: 768px)\" srcset=\"https:\/\/bassin-arcachon.com\/wp-content\/uploads\/2020\/09\/les-halles-darcachon-1024x682.jpg\">\n\t\t\t\t\t<img decoding=\"async\" class=\"spectra-image-gallery__media-thumbnail spectra-image-gallery__media-thumbnail--carousel\" src=\"https:\/\/bassin-arcachon.com\/wp-content\/uploads\/2020\/09\/les-halles-darcachon-300x200.jpg\" alt=\"- - Bassin d&#039;Arcachon\" loading=\"lazy\" title=\"- - Bassin d&#039;Arcachon\">\n\t\t\t\t<\/picture>\n\t\t\t\t<div class=\"spectra-image-gallery__media-thumbnail-blurrer\"><\/div>\n\t\t\t\t\t\t\t\t\t\t\t<div class=\"spectra-image-gallery__media-thumbnail-caption-wrapper spectra-image-gallery__media-thumbnail-caption-wrapper--overlay\"><\/div>\n\t\t\t\t\t\t\t\t<\/div>\n\t\t\t\t\t\t<\/div>\n\t\t\t\t\t\t<div class='spectra-image-gallery__media-wrapper' data-spectra-gallery-image-id='47833'>\n\t\t\t\t\t\t\t<div class=\"spectra-image-gallery__media spectra-image-gallery__media--carousel\">\n\t\t\t\t<picture>\n\t\t\t\t\t<source media=\"(min-width: 1024px)\" srcset=\"https:\/\/bassin-arcachon.com\/wp-content\/uploads\/2020\/09\/le-cote-dargent-catamaran-1024x683.jpg\">\n\t\t\t\t\t<source media=\"(min-width: 768px)\" srcset=\"https:\/\/bassin-arcachon.com\/wp-content\/uploads\/2020\/09\/le-cote-dargent-catamaran-1024x683.jpg\">\n\t\t\t\t\t<img decoding=\"async\" class=\"spectra-image-gallery__media-thumbnail spectra-image-gallery__media-thumbnail--carousel\" src=\"https:\/\/bassin-arcachon.com\/wp-content\/uploads\/2020\/09\/le-cote-dargent-catamaran-300x200.jpg\" alt=\"- - Bassin d&#039;Arcachon\" loading=\"lazy\" title=\"- - Bassin d&#039;Arcachon\">\n\t\t\t\t<\/picture>\n\t\t\t\t<div class=\"spectra-image-gallery__media-thumbnail-blurrer\"><\/div>\n\t\t\t\t\t\t\t\t\t\t\t<div class=\"spectra-image-gallery__media-thumbnail-caption-wrapper spectra-image-gallery__media-thumbnail-caption-wrapper--overlay\"><\/div>\n\t\t\t\t\t\t\t\t<\/div>\n\t\t\t\t\t\t<\/div>\n\t\t\t\t\t\t<div class='spectra-image-gallery__media-wrapper' data-spectra-gallery-image-id='47830'>\n\t\t\t\t\t\t\t<div class=\"spectra-image-gallery__media spectra-image-gallery__media--carousel\">\n\t\t\t\t<picture>\n\t\t\t\t\t<source media=\"(min-width: 1024px)\" srcset=\"https:\/\/bassin-arcachon.com\/wp-content\/uploads\/2020\/09\/arcachon-1024x683.jpg\">\n\t\t\t\t\t<source media=\"(min-width: 768px)\" srcset=\"https:\/\/bassin-arcachon.com\/wp-content\/uploads\/2020\/09\/arcachon-1024x683.jpg\">\n\t\t\t\t\t<img decoding=\"async\" class=\"spectra-image-gallery__media-thumbnail spectra-image-gallery__media-thumbnail--carousel\" src=\"https:\/\/bassin-arcachon.com\/wp-content\/uploads\/2020\/09\/arcachon-300x200.jpg\" alt=\"- - Bassin d&#039;Arcachon\" loading=\"lazy\" title=\"- - Bassin d&#039;Arcachon\">\n\t\t\t\t<\/picture>\n\t\t\t\t<div class=\"spectra-image-gallery__media-thumbnail-blurrer\"><\/div>\n\t\t\t\t\t\t\t\t\t\t\t<div class=\"spectra-image-gallery__media-thumbnail-caption-wrapper spectra-image-gallery__media-thumbnail-caption-wrapper--overlay\"><\/div>\n\t\t\t\t\t\t\t\t<\/div>\n\t\t\t\t\t\t<\/div>\n\t\t\t\t\t\t<div class='spectra-image-gallery__media-wrapper' data-spectra-gallery-image-id='47881'>\n\t\t\t\t\t\t\t<div class=\"spectra-image-gallery__media spectra-image-gallery__media--carousel\">\n\t\t\t\t<picture>\n\t\t\t\t\t<source media=\"(min-width: 1024px)\" srcset=\"https:\/\/bassin-arcachon.com\/wp-content\/uploads\/2020\/09\/tente-plage-arcachon-palais-des-congr\u00e8s-1024x682.jpg\">\n\t\t\t\t\t<source media=\"(min-width: 768px)\" srcset=\"https:\/\/bassin-arcachon.com\/wp-content\/uploads\/2020\/09\/tente-plage-arcachon-palais-des-congr\u00e8s-1024x682.jpg\">\n\t\t\t\t\t<img decoding=\"async\" class=\"spectra-image-gallery__media-thumbnail spectra-image-gallery__media-thumbnail--carousel\" src=\"https:\/\/bassin-arcachon.com\/wp-content\/uploads\/2020\/09\/tente-plage-arcachon-palais-des-congr\u00e8s-300x200.jpg\" alt=\"- - Bassin d&#039;Arcachon\" loading=\"lazy\" title=\"- - Bassin d&#039;Arcachon\">\n\t\t\t\t<\/picture>\n\t\t\t\t<div class=\"spectra-image-gallery__media-thumbnail-blurrer\"><\/div>\n\t\t\t\t\t\t\t\t\t\t\t<div class=\"spectra-image-gallery__media-thumbnail-caption-wrapper spectra-image-gallery__media-thumbnail-caption-wrapper--overlay\"><\/div>\n\t\t\t\t\t\t\t\t<\/div>\n\t\t\t\t\t\t<\/div>\n\t\t\t\t\t\t<div class='spectra-image-gallery__media-wrapper' data-spectra-gallery-image-id='47834'>\n\t\t\t\t\t\t\t<div class=\"spectra-image-gallery__media spectra-image-gallery__media--carousel\">\n\t\t\t\t<picture>\n\t\t\t\t\t<source media=\"(min-width: 1024px)\" srcset=\"https:\/\/bassin-arcachon.com\/wp-content\/uploads\/2020\/09\/gyrocap-cap-ferret-scaled-1024x768.jpg\">\n\t\t\t\t\t<source media=\"(min-width: 768px)\" srcset=\"https:\/\/bassin-arcachon.com\/wp-content\/uploads\/2020\/09\/gyrocap-cap-ferret-scaled-1024x768.jpg\">\n\t\t\t\t\t<img decoding=\"async\" class=\"spectra-image-gallery__media-thumbnail spectra-image-gallery__media-thumbnail--carousel\" src=\"https:\/\/bassin-arcachon.com\/wp-content\/uploads\/2020\/09\/gyrocap-cap-ferret-scaled-300x225.jpg\" alt=\"- - Bassin d&#039;Arcachon\" loading=\"lazy\" title=\"- - Bassin d&#039;Arcachon\">\n\t\t\t\t<\/picture>\n\t\t\t\t<div class=\"spectra-image-gallery__media-thumbnail-blurrer\"><\/div>\n\t\t\t\t\t\t\t\t\t\t\t<div class=\"spectra-image-gallery__media-thumbnail-caption-wrapper spectra-image-gallery__media-thumbnail-caption-wrapper--overlay\"><\/div>\n\t\t\t\t\t\t\t\t<\/div>\n\t\t\t\t\t\t<\/div>\n\t\t\t\t\t\t<div class='spectra-image-gallery__media-wrapper' data-spectra-gallery-image-id='47828'>\n\t\t\t\t\t\t\t<div class=\"spectra-image-gallery__media spectra-image-gallery__media--carousel\">\n\t\t\t\t<picture>\n\t\t\t\t\t<source media=\"(min-width: 1024px)\" srcset=\"https:\/\/bassin-arcachon.com\/wp-content\/uploads\/2020\/09\/traiteur-s\u00e9minaire-prestation-arcachon-1024x682.jpg\">\n\t\t\t\t\t<source media=\"(min-width: 768px)\" srcset=\"https:\/\/bassin-arcachon.com\/wp-content\/uploads\/2020\/09\/traiteur-s\u00e9minaire-prestation-arcachon-1024x682.jpg\">\n\t\t\t\t\t<img decoding=\"async\" class=\"spectra-image-gallery__media-thumbnail spectra-image-gallery__media-thumbnail--carousel\" src=\"https:\/\/bassin-arcachon.com\/wp-content\/uploads\/2020\/09\/traiteur-s\u00e9minaire-prestation-arcachon-300x200.jpg\" alt=\"- - Bassin d&#039;Arcachon\" loading=\"lazy\" title=\"- - Bassin d&#039;Arcachon\">\n\t\t\t\t<\/picture>\n\t\t\t\t<div class=\"spectra-image-gallery__media-thumbnail-blurrer\"><\/div>\n\t\t\t\t\t\t\t\t\t\t\t<div class=\"spectra-image-gallery__media-thumbnail-caption-wrapper spectra-image-gallery__media-thumbnail-caption-wrapper--overlay\"><\/div>\n\t\t\t\t\t\t\t\t<\/div>\n\t\t\t\t\t\t<\/div>\n\t\t\t\t\t\t<div class='spectra-image-gallery__media-wrapper' data-spectra-gallery-image-id='47768'>\n\t\t\t\t\t\t\t<div class=\"spectra-image-gallery__media spectra-image-gallery__media--carousel\">\n\t\t\t\t<picture>\n\t\t\t\t\t<source media=\"(min-width: 1024px)\" srcset=\"https:\/\/bassin-arcachon.com\/wp-content\/uploads\/2020\/09\/dune-pilat-SIBA-agence-les-conteurs-132-1024x682.jpg\">\n\t\t\t\t\t<source media=\"(min-width: 768px)\" srcset=\"https:\/\/bassin-arcachon.com\/wp-content\/uploads\/2020\/09\/dune-pilat-SIBA-agence-les-conteurs-132-1024x682.jpg\">\n\t\t\t\t\t<img decoding=\"async\" class=\"spectra-image-gallery__media-thumbnail spectra-image-gallery__media-thumbnail--carousel\" src=\"https:\/\/bassin-arcachon.com\/wp-content\/uploads\/2020\/09\/dune-pilat-SIBA-agence-les-conteurs-132-300x200.jpg\" alt=\"- - Bassin d&#039;Arcachon\" loading=\"lazy\" title=\"- - Bassin d&#039;Arcachon\">\n\t\t\t\t<\/picture>\n\t\t\t\t<div class=\"spectra-image-gallery__media-thumbnail-blurrer\"><\/div>\n\t\t\t\t\t\t\t\t\t\t\t<div class=\"spectra-image-gallery__media-thumbnail-caption-wrapper spectra-image-gallery__media-thumbnail-caption-wrapper--overlay\"><\/div>\n\t\t\t\t\t\t\t\t<\/div>\n\t\t\t\t\t\t<\/div>\n\t\t\t\t\t\t\t\t\t\t\t<\/div>\n\t\t\t\t\t\t\t<\/div>\n\t\t\t\t\t\t\t\t\t\t\t<\/div>\n\t\t\t\t\t\t\t\t\t<\/div>\n\n\n\n<div class=\"wp-block-uagb-container uagb-block-ee2f61c6\">\n<div class=\"wp-block-uagb-container uagb-block-26e5e0b4\">\n<p class=\"has-white-color has-text-color\">\u5047\u671f\u7684\u5473\u9053<br><br>\u7279\u6b8a\u4e14\u53d7\u4fdd\u62a4\u7684\u81ea\u7136\u9057\u4ea7<br><br>\u5b9e\u60e0\u7684\u4ef7\u683c<br><br>\u6fc0\u52b1\u56e2\u961f\u51dd\u805a\u529b<br><br>\u6b22\u4e50\u751f\u6001\u8d1f\u8d23\u4efb\u7684\u53d1\u73b0<\/p>\n<\/div>\n\n\n\n<div class=\"wp-block-uagb-container uagb-block-565c6faf\">\n<h4 class=\"wp-block-heading\">\u8054\u7cfb\u6211\u4eec<\/h4>\n\n\n\n<p class=\"has-black-color has-text-color\"><a href=\"mailto:mice@siba-bassin-arcachon.fr\">mice@siba-bassin-arcachon.fr<\/a><\/p>\n<\/div>\n<\/div>\n<\/div><\/div>\n\n\n\n<div style=\"height:40px\" aria-hidden=\"true\" class=\"wp-block-spacer\"><\/div>\n\n\n\n<div class=\"wp-block-uagb-container uagb-block-33a3bfa9 alignfull uagb-is-root-container\"><div class=\"uagb-container-inner-blocks-wrap\">\n<div class=\"wp-block-uagb-container uagb-block-f84304c9\">\n<h3 class=\"wp-block-heading\">\u5efa\u8bae\u7684\u7a0b\u5e8f<\/h3>\n\n\n\n<h3 class=\"wp-block-heading\">\u7b2c 1 \u5929<strong><\/strong><\/h3>\n\n\n\n<ul class=\"wp-block-list\">\n<li>\u53c2\u4f1a\u4eba\u5458\u4e0a\u5348\u5230\u8fbe<\/li>\n\n\n\n<li>\u5b89\u88c5\u4e8e<strong>\u6d77\u8fb9\u9152\u5e97&nbsp;<\/strong>\u6216\u8005&nbsp;<strong>\u677e\u6797\u4e4b\u5fc3<\/strong>.<\/li>\n\n\n\n<li>\u5f53\u5730\u7279\u8272\u81ea\u52a9\u5348\u9910<\/li>\n\n\n\n<li>\u8239\u4e0a\u5de5\u4f5c\u4f1a\u8bae&nbsp;<strong>\u79c1\u6709\u5316\u8239<\/strong>&nbsp;\u7279\u522b\u9002\u5408\u60a8\u7684\u56e2\u4f53\uff08\u6700\u591a 120 \u4eba\uff09<\/li>\n\n\n\n<li><strong>\u665a\u9910\u9e21\u5c3e\u9152<\/strong>&nbsp;\u5b89\u88c5\u5728 Bassin* \u6d77\u6ee9\u4e0a\u7684\u7ed3\u6784\u4e0b<\/li>\n<\/ul>\n\n\n\n<p>\u8bbf\u95ee\u5217\u8868&nbsp;<a href=\"https:\/\/fr.calameo.com\/read\/0000244211152a79deb84\" target=\"_blank\" rel=\"noreferrer noopener\">\u573a\u6240&nbsp;<strong>\u963f\u5361\u96c4 Bassin \u9f20\u6807<\/strong>,&nbsp;<strong>\u70b9\u51fb\u8fd9\u91cc<\/strong><\/a><\/p>\n\n\n\n<h3 class=\"wp-block-heading\">\u7b2c\u4e8c\u5929<strong><\/strong><\/h3>\n\n\n\n<ul class=\"wp-block-list\">\n<li>\u81ea\u52a9\u65e9\u9910<\/li>\n\n\n\n<li>\u4f7f\u7528\u5f53\u5730\u4ea7\u54c1\u5236\u4f5c\u7684\u5de5\u4f5c\u4f1a\u8bae\u548c\u8336\u6b47<\/li>\n\n\n\n<li>\u5728\u9152\u5e97\u4eab\u7528\u5348\u9910<\/li>\n\n\n\n<li>\u4e0b\u5348\u81f4\u529b\u4e8e&nbsp;<strong>\u5965\u6797\u5339\u514b\u7ade\u8d5b<\/strong>&nbsp;<strong>\u6d77\u6ee9\u4e0a\u7684\u5973\u5de8\u4eba<\/strong><\/li>\n<\/ul>\n\n\n\n<p><strong>\u5728\u54ea\u91cc<\/strong><\/p>\n\n\n\n<ul class=\"wp-block-list\">\n<li>\u53d1\u73b0&nbsp;<strong>\u76ae\u62c9\u7279\u6c99\u4e18<\/strong>\uff0c\u6709\u5bfc\u6e38\u966a\u540c\u3002<\/li>\n\n\n\n<li>\u53c2\u4e0e\u8005\u5728\u4e00\u5929\u7ed3\u675f\u65f6\u79bb\u5f00\u3002<\/li>\n<\/ul>\n\n\n\n<p>\u8be5\u8ba1\u5212\u4e2d\u63d0\u4f9b\u7684\u7edf\u4e00\u6d3b\u52a8\u88ab\u5f15\u7528\u4e3a\u793a\u4f8b\u3002\u53d1\u73b0&nbsp;<a href=\"https:\/\/fr.calameo.com\/read\/000024421f9dbe748c813\" target=\"_blank\" rel=\"noreferrer noopener\"><strong>\u4f20\u5165\u673a\u6784<\/strong>&nbsp;\u5728 Arcachon Bassin \u7ec4\u7ec7\u8005\u6307\u5357\u4e2d\u5355\u51fb\u6b64\u5904<\/a><em>.<\/em><\/p>\n\n\n\n<p><em>*\u4f7f\u7528\u516c\u5171\u9886\u57df\u987b\u7ecf\u5e02\u653f\u5385\u540c\u610f\u3002<\/em><\/p>\n<\/div>\n\n\n\n<div class=\"wp-block-uagb-container uagb-block-027130f5\"><\/div>\n<\/div><\/div>\n\n\n\n<div style=\"height:60px\" aria-hidden=\"true\" class=\"wp-block-spacer\"><\/div>","protected":false},"excerpt":{"rendered":"<p>Un avant go\u00fbt des vacances Un patrimoine naturel exceptionnel et prot\u00e9g\u00e9 Tarifs abordables Coh\u00e9sion d&rsquo;\u00e9quipe incentive Convivialit\u00e9 d\u00e9couverte \u00e9co-responsable Nous contacter mice@siba-bassin-arcachon.fr Suggestion de programme Jour 1 Pour acc\u00e9der \u00e0 [&hellip;]<\/p>\n","protected":false},"author":12,"featured_media":47822,"parent":47807,"menu_order":0,"comment_status":"closed","ping_status":"closed","template":"","meta":{"_acf_changed":false,"_uag_custom_page_level_css":"","footnotes":""},"class_list":["post-47827","page","type-page","status-publish","has-post-thumbnail","hentry"],"acf":[],"uagb_featured_image_src":{"full":["https:\/\/bassin-arcachon.com\/wp-content\/uploads\/2020\/09\/IMG_0120.jpg",1920,1280,false],"thumbnail":["https:\/\/bassin-arcachon.com\/wp-content\/uploads\/2020\/09\/IMG_0120-150x150.jpg",150,150,true],"medium":["https:\/\/bassin-arcachon.com\/wp-content\/uploads\/2020\/09\/IMG_0120-600x400.jpg",600,400,true],"medium_large":["https:\/\/bassin-arcachon.com\/wp-content\/uploads\/2020\/09\/IMG_0120-768x512.jpg",768,512,true],"large":["https:\/\/bassin-arcachon.com\/wp-content\/uploads\/2020\/09\/IMG_0120-1024x683.jpg",1024,683,true],"1536x1536":["https:\/\/bassin-arcachon.com\/wp-content\/uploads\/2020\/09\/IMG_0120-1536x1024.jpg",1536,1024,true],"2048x2048":["https:\/\/bassin-arcachon.com\/wp-content\/uploads\/2020\/09\/IMG_0120.jpg",1920,1280,false],"trp-custom-language-flag":["https:\/\/bassin-arcachon.com\/wp-content\/uploads\/2020\/09\/IMG_0120-18x12.jpg",18,12,true]},"uagb_author_info":{"display_name":"Marine, habitante du Bassin d'Arcachon","author_link":"https:\/\/bassin-arcachon.com\/zh\/author\/marinesiba\/"},"uagb_comment_info":0,"uagb_excerpt":"Un avant go\u00fbt des vacances Un patrimoine naturel exceptionnel et prot\u00e9g\u00e9 Tarifs abordables Coh\u00e9sion d&rsquo;\u00e9quipe incentive Convivialit\u00e9 d\u00e9couverte \u00e9co-responsable Nous contacter mice@siba-bassin-arcachon.fr Suggestion de programme Jour 1 Pour acc\u00e9der \u00e0 [&hellip;]","_links":{"self":[{"href":"https:\/\/bassin-arcachon.com\/zh\/wp-json\/wp\/v2\/pages\/47827","targetHints":{"allow":["GET"]}}],"collection":[{"href":"https:\/\/bassin-arcachon.com\/zh\/wp-json\/wp\/v2\/pages"}],"about":[{"href":"https:\/\/bassin-arcachon.com\/zh\/wp-json\/wp\/v2\/types\/page"}],"author":[{"embeddable":true,"href":"https:\/\/bassin-arcachon.com\/zh\/wp-json\/wp\/v2\/users\/12"}],"replies":[{"embeddable":true,"href":"https:\/\/bassin-arcachon.com\/zh\/wp-json\/wp\/v2\/comments?post=47827"}],"version-history":[{"count":0,"href":"https:\/\/bassin-arcachon.com\/zh\/wp-json\/wp\/v2\/pages\/47827\/revisions"}],"up":[{"embeddable":true,"href":"https:\/\/bassin-arcachon.com\/zh\/wp-json\/wp\/v2\/pages\/47807"}],"wp:featuredmedia":[{"embeddable":true,"href":"https:\/\/bassin-arcachon.com\/zh\/wp-json\/wp\/v2\/media\/47822"}],"wp:attachment":[{"href":"https:\/\/bassin-arcachon.com\/zh\/wp-json\/wp\/v2\/media?parent=47827"}],"curies":[{"name":"\u53ef\u6e7f\u6027\u7c89\u5242","href":"https:\/\/api.w.org\/{rel}","templated":true}]}}