{"id":47910,"date":"2020-10-02T17:01:39","date_gmt":"2020-10-02T15:01:39","guid":{"rendered":"https:\/\/bassin-arcachon.com\/\/?page_id=47910"},"modified":"2024-09-02T10:46:57","modified_gmt":"2024-09-02T08:46:57","slug":"%e7%a8%8b%e5%ba%8f%e7%9b%ae%e5%bd%95","status":"publish","type":"page","link":"https:\/\/bassin-arcachon.com\/zh\/seminaires-congres\/offres-codir\/programme-codir\/","title":{"rendered":"Codir\u7a0b\u5e8f\u5efa\u8bae"},"content":{"rendered":"<div class=\"wp-block-uagb-container uagb-block-cad52e04 alignfull uagb-is-root-container\"><div class=\"uagb-container-inner-blocks-wrap\">\n<div class=\"wp-block-uagb-container uagb-block-b2fb09ce\">\t\t\t\t\t<div\n\t\t\t\t\t\tclass=\"wp-block-uagb-image-gallery uagb-block-7cd75bc3\"\n\t\t\t\t\t\tstyle=\"\"\n\t\t\t\t\t>\n\t\t\t\t\t\t\t\t\t\t\t<div class=\"spectra-image-gallery spectra-image-gallery__layout--carousel\">\n\t\t\t\t\t\t\t\t<div class=\"uagb-slick-carousel uagb-block-7cd75bc3\">\n\t\t\t\t\t\t\t\t\t\t\t\t<div class='spectra-image-gallery__media-wrapper' data-spectra-gallery-image-id='22304'>\n\t\t\t\t\t\t\t<div class=\"spectra-image-gallery__media spectra-image-gallery__media--carousel\">\n\t\t\t\t<picture>\n\t\t\t\t\t<source media=\"(min-width: 1024px)\" srcset=\"https:\/\/bassin-arcachon.com\/wp-content\/uploads\/2018\/06\/Bassin-Arcachon.jpg\">\n\t\t\t\t\t<source media=\"(min-width: 768px)\" srcset=\"https:\/\/bassin-arcachon.com\/wp-content\/uploads\/2018\/06\/Bassin-Arcachon.jpg\">\n\t\t\t\t\t<img decoding=\"async\" class=\"spectra-image-gallery__media-thumbnail spectra-image-gallery__media-thumbnail--carousel\" src=\"https:\/\/bassin-arcachon.com\/wp-content\/uploads\/2018\/06\/Bassin-Arcachon-300x200.jpg\" alt=\"\u4ece\u7a7a\u4e2d\u4fef\u77b0 Bassin d&#039;Arcachon\u3001\u963f\u5c14\u91d1\u6e7e\u548c\u76ae\u62c9\u7279\u6c99\u4e18\" loading=\"lazy\" title=\"- - Bassin d&#039;Arcachon\">\n\t\t\t\t<\/picture>\n\t\t\t\t<div class=\"spectra-image-gallery__media-thumbnail-blurrer\"><\/div>\n\t\t\t\t\t\t\t\t\t\t\t<div class=\"spectra-image-gallery__media-thumbnail-caption-wrapper spectra-image-gallery__media-thumbnail-caption-wrapper--overlay\"><\/div>\n\t\t\t\t\t\t\t\t<\/div>\n\t\t\t\t\t\t<\/div>\n\t\t\t\t\t\t<div class='spectra-image-gallery__media-wrapper' data-spectra-gallery-image-id='47758'>\n\t\t\t\t\t\t\t<div class=\"spectra-image-gallery__media spectra-image-gallery__media--carousel\">\n\t\t\t\t<picture>\n\t\t\t\t\t<source media=\"(min-width: 1024px)\" srcset=\"https:\/\/bassin-arcachon.com\/wp-content\/uploads\/2020\/09\/Salle-occup\u00e9e-s\u00e9minaire-scaled-1024x683.jpg\">\n\t\t\t\t\t<source media=\"(min-width: 768px)\" srcset=\"https:\/\/bassin-arcachon.com\/wp-content\/uploads\/2020\/09\/Salle-occup\u00e9e-s\u00e9minaire-scaled-1024x683.jpg\">\n\t\t\t\t\t<img decoding=\"async\" class=\"spectra-image-gallery__media-thumbnail spectra-image-gallery__media-thumbnail--carousel\" src=\"https:\/\/bassin-arcachon.com\/wp-content\/uploads\/2020\/09\/Salle-occup\u00e9e-s\u00e9minaire-scaled-300x200.jpg\" alt=\"- - Bassin d&#039;Arcachon\" loading=\"lazy\" title=\"- - Bassin d&#039;Arcachon\">\n\t\t\t\t<\/picture>\n\t\t\t\t<div class=\"spectra-image-gallery__media-thumbnail-blurrer\"><\/div>\n\t\t\t\t\t\t\t\t\t\t\t<div class=\"spectra-image-gallery__media-thumbnail-caption-wrapper spectra-image-gallery__media-thumbnail-caption-wrapper--overlay\"><\/div>\n\t\t\t\t\t\t\t\t<\/div>\n\t\t\t\t\t\t<\/div>\n\t\t\t\t\t\t<div class='spectra-image-gallery__media-wrapper' data-spectra-gallery-image-id='47899'>\n\t\t\t\t\t\t\t<div class=\"spectra-image-gallery__media spectra-image-gallery__media--carousel\">\n\t\t\t\t<picture>\n\t\t\t\t\t<source media=\"(min-width: 1024px)\" srcset=\"https:\/\/bassin-arcachon.com\/wp-content\/uploads\/2020\/09\/hotel-cote-sable-lege-cap-ferret-57-1024x682.jpg\">\n\t\t\t\t\t<source media=\"(min-width: 768px)\" srcset=\"https:\/\/bassin-arcachon.com\/wp-content\/uploads\/2020\/09\/hotel-cote-sable-lege-cap-ferret-57-1024x682.jpg\">\n\t\t\t\t\t<img decoding=\"async\" class=\"spectra-image-gallery__media-thumbnail spectra-image-gallery__media-thumbnail--carousel\" src=\"https:\/\/bassin-arcachon.com\/wp-content\/uploads\/2020\/09\/hotel-cote-sable-lege-cap-ferret-57-300x200.jpg\" alt=\"- - Bassin d&#039;Arcachon\" loading=\"lazy\" title=\"- - Bassin d&#039;Arcachon\">\n\t\t\t\t<\/picture>\n\t\t\t\t<div class=\"spectra-image-gallery__media-thumbnail-blurrer\"><\/div>\n\t\t\t\t\t\t\t\t\t\t\t<div class=\"spectra-image-gallery__media-thumbnail-caption-wrapper spectra-image-gallery__media-thumbnail-caption-wrapper--overlay\"><\/div>\n\t\t\t\t\t\t\t\t<\/div>\n\t\t\t\t\t\t<\/div>\n\t\t\t\t\t\t<div class='spectra-image-gallery__media-wrapper' data-spectra-gallery-image-id='47895'>\n\t\t\t\t\t\t\t<div class=\"spectra-image-gallery__media spectra-image-gallery__media--carousel\">\n\t\t\t\t<picture>\n\t\t\t\t\t<source media=\"(min-width: 1024px)\" srcset=\"https:\/\/bassin-arcachon.com\/wp-content\/uploads\/2020\/09\/brasserie-MIRA-codir.jpg\">\n\t\t\t\t\t<source media=\"(min-width: 768px)\" srcset=\"https:\/\/bassin-arcachon.com\/wp-content\/uploads\/2020\/09\/brasserie-MIRA-codir.jpg\">\n\t\t\t\t\t<img decoding=\"async\" class=\"spectra-image-gallery__media-thumbnail spectra-image-gallery__media-thumbnail--carousel\" src=\"https:\/\/bassin-arcachon.com\/wp-content\/uploads\/2020\/09\/brasserie-MIRA-codir-300x200.jpg\" alt=\"- - Bassin d&#039;Arcachon\" loading=\"lazy\" title=\"- - Bassin d&#039;Arcachon\">\n\t\t\t\t<\/picture>\n\t\t\t\t<div class=\"spectra-image-gallery__media-thumbnail-blurrer\"><\/div>\n\t\t\t\t\t\t\t\t\t\t\t<div class=\"spectra-image-gallery__media-thumbnail-caption-wrapper spectra-image-gallery__media-thumbnail-caption-wrapper--overlay\"><\/div>\n\t\t\t\t\t\t\t\t<\/div>\n\t\t\t\t\t\t<\/div>\n\t\t\t\t\t\t<div class='spectra-image-gallery__media-wrapper' data-spectra-gallery-image-id='47911'>\n\t\t\t\t\t\t\t<div class=\"spectra-image-gallery__media spectra-image-gallery__media--carousel\">\n\t\t\t\t<picture>\n\t\t\t\t\t<source media=\"(min-width: 1024px)\" srcset=\"https:\/\/bassin-arcachon.com\/wp-content\/uploads\/2020\/09\/Balade-en-pinasse-scaled-1024x683.jpg\">\n\t\t\t\t\t<source media=\"(min-width: 768px)\" srcset=\"https:\/\/bassin-arcachon.com\/wp-content\/uploads\/2020\/09\/Balade-en-pinasse-scaled-1024x683.jpg\">\n\t\t\t\t\t<img decoding=\"async\" class=\"spectra-image-gallery__media-thumbnail spectra-image-gallery__media-thumbnail--carousel\" src=\"https:\/\/bassin-arcachon.com\/wp-content\/uploads\/2020\/09\/Balade-en-pinasse-scaled-300x200.jpg\" alt=\"- - Bassin d&#039;Arcachon\" loading=\"lazy\" title=\"- - Bassin d&#039;Arcachon\">\n\t\t\t\t<\/picture>\n\t\t\t\t<div class=\"spectra-image-gallery__media-thumbnail-blurrer\"><\/div>\n\t\t\t\t\t\t\t\t\t\t\t<div class=\"spectra-image-gallery__media-thumbnail-caption-wrapper spectra-image-gallery__media-thumbnail-caption-wrapper--overlay\"><\/div>\n\t\t\t\t\t\t\t\t<\/div>\n\t\t\t\t\t\t<\/div>\n\t\t\t\t\t\t<div class='spectra-image-gallery__media-wrapper' data-spectra-gallery-image-id='47897'>\n\t\t\t\t\t\t\t<div class=\"spectra-image-gallery__media spectra-image-gallery__media--carousel\">\n\t\t\t\t<picture>\n\t\t\t\t\t<source media=\"(min-width: 1024px)\" srcset=\"https:\/\/bassin-arcachon.com\/wp-content\/uploads\/2020\/09\/chateau-mader-1024x512.jpg\">\n\t\t\t\t\t<source media=\"(min-width: 768px)\" srcset=\"https:\/\/bassin-arcachon.com\/wp-content\/uploads\/2020\/09\/chateau-mader-1024x512.jpg\">\n\t\t\t\t\t<img decoding=\"async\" class=\"spectra-image-gallery__media-thumbnail spectra-image-gallery__media-thumbnail--carousel\" src=\"https:\/\/bassin-arcachon.com\/wp-content\/uploads\/2020\/09\/chateau-mader-300x150.jpg\" alt=\"- - Bassin d&#039;Arcachon\" loading=\"lazy\" title=\"- - Bassin d&#039;Arcachon\">\n\t\t\t\t<\/picture>\n\t\t\t\t<div class=\"spectra-image-gallery__media-thumbnail-blurrer\"><\/div>\n\t\t\t\t\t\t\t\t\t\t\t<div class=\"spectra-image-gallery__media-thumbnail-caption-wrapper spectra-image-gallery__media-thumbnail-caption-wrapper--overlay\"><\/div>\n\t\t\t\t\t\t\t\t<\/div>\n\t\t\t\t\t\t<\/div>\n\t\t\t\t\t\t<div class='spectra-image-gallery__media-wrapper' data-spectra-gallery-image-id='47900'>\n\t\t\t\t\t\t\t<div class=\"spectra-image-gallery__media spectra-image-gallery__media--carousel\">\n\t\t\t\t<picture>\n\t\t\t\t\t<source media=\"(min-width: 1024px)\" srcset=\"https:\/\/bassin-arcachon.com\/wp-content\/uploads\/2020\/09\/petit-salon-table-centrale-1024x727.png\">\n\t\t\t\t\t<source media=\"(min-width: 768px)\" srcset=\"https:\/\/bassin-arcachon.com\/wp-content\/uploads\/2020\/09\/petit-salon-table-centrale-1024x727.png\">\n\t\t\t\t\t<img decoding=\"async\" class=\"spectra-image-gallery__media-thumbnail spectra-image-gallery__media-thumbnail--carousel\" src=\"https:\/\/bassin-arcachon.com\/wp-content\/uploads\/2020\/09\/petit-salon-table-centrale-300x213.png\" alt=\"- - Bassin d&#039;Arcachon\" loading=\"lazy\" title=\"- - Bassin d&#039;Arcachon\">\n\t\t\t\t<\/picture>\n\t\t\t\t<div class=\"spectra-image-gallery__media-thumbnail-blurrer\"><\/div>\n\t\t\t\t\t\t\t\t\t\t\t<div class=\"spectra-image-gallery__media-thumbnail-caption-wrapper spectra-image-gallery__media-thumbnail-caption-wrapper--overlay\"><\/div>\n\t\t\t\t\t\t\t\t<\/div>\n\t\t\t\t\t\t<\/div>\n\t\t\t\t\t\t<div class='spectra-image-gallery__media-wrapper' data-spectra-gallery-image-id='47768'>\n\t\t\t\t\t\t\t<div class=\"spectra-image-gallery__media spectra-image-gallery__media--carousel\">\n\t\t\t\t<picture>\n\t\t\t\t\t<source media=\"(min-width: 1024px)\" srcset=\"https:\/\/bassin-arcachon.com\/wp-content\/uploads\/2020\/09\/dune-pilat-SIBA-agence-les-conteurs-132-1024x682.jpg\">\n\t\t\t\t\t<source media=\"(min-width: 768px)\" srcset=\"https:\/\/bassin-arcachon.com\/wp-content\/uploads\/2020\/09\/dune-pilat-SIBA-agence-les-conteurs-132-1024x682.jpg\">\n\t\t\t\t\t<img decoding=\"async\" class=\"spectra-image-gallery__media-thumbnail spectra-image-gallery__media-thumbnail--carousel\" src=\"https:\/\/bassin-arcachon.com\/wp-content\/uploads\/2020\/09\/dune-pilat-SIBA-agence-les-conteurs-132-300x200.jpg\" alt=\"- - Bassin d&#039;Arcachon\" loading=\"lazy\" title=\"- - Bassin d&#039;Arcachon\">\n\t\t\t\t<\/picture>\n\t\t\t\t<div class=\"spectra-image-gallery__media-thumbnail-blurrer\"><\/div>\n\t\t\t\t\t\t\t\t\t\t\t<div class=\"spectra-image-gallery__media-thumbnail-caption-wrapper spectra-image-gallery__media-thumbnail-caption-wrapper--overlay\"><\/div>\n\t\t\t\t\t\t\t\t<\/div>\n\t\t\t\t\t\t<\/div>\n\t\t\t\t\t\t\t\t\t\t\t<\/div>\n\t\t\t\t\t\t\t<\/div>\n\t\t\t\t\t\t\t\t\t\t\t<\/div>\n\t\t\t\t\t\t\t\t\t<\/div>\n\n\n\n<div class=\"wp-block-uagb-container uagb-block-92a3e9ba\">\n<div class=\"wp-block-uagb-container uagb-block-2ed7a4bc\">\n<p class=\"has-white-color has-text-color\">\u5355\u5e27<br><br>\u4e3a\u60a8\u7684\u7814\u8ba8\u4f1a\u6253\u9020\u548c\u8c10\u4e4b\u6240<br><br>\u6fc0\u52b1\u601d\u7ef4\u5e73\u8861<br><br>COMEX\u51dd\u805a\u529b\u5934\u8111\u98ce\u66b4<br><br>\u5962\u534e<br><br>\u9690\u79c1<\/p>\n<\/div>\n\n\n\n<div class=\"wp-block-uagb-container uagb-block-9dae8d65\">\n<h4 class=\"wp-block-heading\">\u8054\u7cfb\u6211\u4eec<\/h4>\n\n\n\n<p class=\"has-black-color has-text-color\"><a href=\"mailto:mice@siba-bassin-arcachon.fr\">mice@siba-bassin-arcachon.fr<\/a><\/p>\n<\/div>\n<\/div>\n<\/div><\/div>\n\n\n\n<div style=\"height:40px\" aria-hidden=\"true\" class=\"wp-block-spacer\"><\/div>\n\n\n\n<div class=\"wp-block-uagb-container uagb-block-5d626e67 alignfull uagb-is-root-container\"><div class=\"uagb-container-inner-blocks-wrap\">\n<div class=\"wp-block-uagb-container uagb-block-346c7efc\">\n<h3 class=\"wp-block-heading\">\u5efa\u8bae\u7684\u7a0b\u5e8f<\/h3>\n\n\n\n<h3 class=\"wp-block-heading\">\u7b2c 1 \u5929<strong><\/strong><\/h3>\n\n\n\n<ul class=\"wp-block-list\">\n<li>\u53c2\u52a0\u8005\u4e8e\u4e0a\u5348\u62b5\u8fbe&nbsp;<strong>\u4e58\u5750\u9ad8\u901f\u706b\u8f66\u524d\u5f80\u5df4\u9ece<\/strong>&nbsp;\uff08\u6bcf\u5929\u8fde\u63a5 2h50\uff09\u3002<\/li>\n\n\n\n<li>\u5b89\u88c5\u5728&nbsp;<strong>\u8fd9<\/strong>&nbsp;<strong>\u7a46\u6d1b\u522b\u5885<\/strong>&nbsp;\uff08\u963f\u5361\u96c4\uff09\uff0c\u5728&nbsp;<strong>\u6258\u65af\u5361\u522b\u5885<\/strong>&nbsp;\uff08\u5170\u987f\uff09\u751a\u81f3\u5728<strong>\u6851\u8fea\u8d5b\u5fb7\u9152\u5e97&nbsp;<\/strong>\uff08Cap-Ferret\uff09\u3002<\/li>\n\n\n\n<li>\u5728\u4e0a\u8ff0\u673a\u6784\u7684\u5176\u4e2d\u4e00\u95f4\u4f11\u606f\u5ba4\u6216\u9152\u5e97\u9910\u5385\u4eab\u7528\u5f53\u5730\u7279\u8272\u5348\u9910&nbsp;<strong>Bassin\u7684\u623f\u5b50<\/strong>&nbsp;\u00bb \u4f4d\u4e8e C\u00f4t\u00e9 Sable \u9644\u8fd1\u3002<\/li>\n\n\n\n<li>\u5de5\u4f5c\u4f1a\u8bae\uff0c\u968f\u540e\u662f&nbsp;<strong>\u81ea\u884c\u8f66\u62c9\u529b\u8d5b<\/strong>\uff0c \u5728&nbsp;<strong>\u8d5b\u683c\u5a01<\/strong>&nbsp;\u5728\u54ea\u91cc&nbsp;<strong>\u7535\u52a8\u6ed1\u677f\u8f66<\/strong>&nbsp;\u5728\u81ea\u7136\u754c\u3002\u7684\u53ef\u80fd\u6027&nbsp;<strong>\u917f\u9152\u8bfe\u7a0b<\/strong>&nbsp;\u53d6\u51b3\u4e8e\u9009\u62e9\u7684\u673a\u6784\u6216\u6765\u81ea\u4f1a\u8bae&nbsp;<strong>\u6e29\u6cc9<\/strong>.<\/li>\n\n\n\n<li>\u5f52\u6839\u7ed3\u5e95\uff0c\u51fa\u53d1&nbsp;<strong>\u5c16\u9876<\/strong>&nbsp;\uff08\u4f20\u7edf\u7684\u963f\u5361\u96c4\u8239\uff09\u89c2\u770b\u65e5\u843d\u548c\u5728\u6c34\u4e0a\u54c1\u5c1d\u7261\u86ce\u3002\u7684\u53ef\u80fd\u6027&nbsp;<strong>\u8239\u4e0a\u665a\u9910<\/strong>&nbsp;\uff08\u9999\u69df\u3001\u9c7c\u5b50\u9171\u548c\u9f99\u867e\uff09\u3002<\/li>\n<\/ul>\n\n\n\n<p>\u5728\u4e0a\u8ff0\u573a\u6240\u6216\u5176\u4e2d\u4e4b\u4e00\u7684\u573a\u6240\u8fc7\u591c&nbsp;<a href=\"https:\/\/fr.calameo.com\/read\/0000244210ced591e8392\" target=\"_blank\" rel=\"noreferrer noopener\">CODIR \u53c2\u8003\u9152\u5e97\uff0c&nbsp;<strong>\u70b9\u51fb\u8fd9\u91cc\u3002<\/strong><\/a><\/p>\n\n\n\n<h3 class=\"wp-block-heading\">\u7b2c\u4e8c\u5929<strong><\/strong><\/h3>\n\n\n\n<ul class=\"wp-block-list\">\n<li>\u81ea\u52a9\u65e9\u9910\u3002<\/li>\n\n\n\n<li>\u7531\u5f53\u5730\u4ea7\u54c1\u7ec4\u6210\u7684\u5de5\u4f5c\u4f1a\u8bae\u548c\u8336\u6b47\u3002<\/li>\n\n\n\n<li>\u5728\u9152\u5e97\u5185\u3001\u6c34\u8fb9\u7684\u7261\u86ce\u5c0f\u5c4b\u6216\u6982\u5ff5\u5e97\u5185\u4eab\u7528\u5348\u9910\u3002<\/li>\n\n\n\n<li>\u4e0b\u5348\u81f4\u529b\u4e8e&nbsp;<strong>\u5bfc\u6e38<\/strong>&nbsp;\u4e0a\u6709\u5bfc\u6e38&nbsp;<strong>\u76ae\u62c9\u7279\u6c99\u4e18<\/strong>&nbsp;\uff08\u5bf9\u4e8e\u90a3\u4e9b\u4f4f\u5bbf\u4f4d\u4e8e\u5357 Bassin \u7684\u4eba\uff09\u6216&nbsp;<strong>\u6c99\u6ee9\u4e0a\u7684\u5965\u6797\u5339\u514b\u8fd0\u52a8\u4f1a<\/strong>&nbsp;\u4ece\u60a8\u7684\u9152\u5e97\u53ef\u5230\u8fbe\uff08\u5317\u90e8 Bassin\uff09\u3002<\/li>\n\n\n\n<li>\u53c2\u4e0e\u8005\u5728\u4e00\u5929\u7ed3\u675f\u65f6\u79bb\u5f00\u3002<\/li>\n<\/ul>\n\n\n\n<p>\u4e5f\u53ef\u4ee5\u5728\u5168\u5e74\u7684\u4e00\u4e2a\u5468\u672b\uff0c&nbsp;<strong>\u5728\u6ee8\u6d77\u76ae\u62c9 (Pyla-sur-Mer) \u79df\u4e00\u680b\u975e\u51e1\u7684\u522b\u5885<\/strong>\uff0c\u5728\u4e00\u4e2a\u7279\u6743\u548c\u4eb2\u5bc6\u7684\u73af\u5883\u4e2d\u652f\u6301\u53d8\u9769\uff0c\u4e00\u4e2a\u5173\u4e8e\u5e78\u798f\u3001\u81ea\u4fe1\u3001\u653e\u624b\u7684\u8f85\u5bfc\u8bfe\u7a0b\u2026\u2026\u8054\u7cfb Nathalie Calvet de Myom\uff0c\u7535\u8bdd\uff1a06 52 40 33 53 \u6216\u901a\u8fc7\u7535\u5b50\u90ae\u4ef6\uff1a&nbsp;<a href=\"mailto:nathalie@myom.fr\">nathalie@myom.fr<\/a><\/p>\n\n\n\n<p>\u8be5\u8ba1\u5212\u4e2d\u63d0\u4f9b\u7684\u7edf\u4e00\u6d3b\u52a8\u88ab\u5f15\u7528\u4e3a\u793a\u4f8b\u3002\u53d1\u73b0&nbsp;<a href=\"https:\/\/fr.calameo.com\/read\/000024421f9dbe748c813\" target=\"_blank\" rel=\"noreferrer noopener\"><strong>Arcachon Bassin \u7ec4\u7ec7\u8005\u6307\u5357\u4e2d\u7684\u4f20\u5165\u673a\u6784<\/strong><\/a>&nbsp;\u901a\u8fc7\u70b9\u51fb\u8fd9\u91cc<em>.<\/em><\/p>\n<\/div>\n\n\n\n<div class=\"wp-block-uagb-container uagb-block-4380c5f9\"><\/div>\n<\/div><\/div>\n\n\n\n<div style=\"height:60px\" aria-hidden=\"true\" class=\"wp-block-spacer\"><\/div>","protected":false},"excerpt":{"rendered":"<p>Cadre unique Harmonie du lieu \u00e0 l&rsquo;esprit de votre s\u00e9minaire \u00c9quilibre r\u00e9flexion incentive COMEX coh\u00e9sion brainstorming Luxe Intimit\u00e9 Nous contacter mice@siba-bassin-arcachon.fr Suggestion de programme Jour 1 Nuit dans l\u2019\u00e9tablissement cit\u00e9 [&hellip;]<\/p>\n","protected":false},"author":12,"featured_media":45547,"parent":47887,"menu_order":0,"comment_status":"closed","ping_status":"closed","template":"","meta":{"_acf_changed":false,"_uag_custom_page_level_css":"","footnotes":""},"class_list":["post-47910","page","type-page","status-publish","has-post-thumbnail","hentry"],"acf":[],"uagb_featured_image_src":{"full":["https:\/\/bassin-arcachon.com\/wp-content\/uploads\/2020\/06\/cabane-huitres-aiguillon-12-1.jpg",1200,873,false],"thumbnail":["https:\/\/bassin-arcachon.com\/wp-content\/uploads\/2020\/06\/cabane-huitres-aiguillon-12-1-150x150.jpg",150,150,true],"medium":["https:\/\/bassin-arcachon.com\/wp-content\/uploads\/2020\/06\/cabane-huitres-aiguillon-12-1-600x437.jpg",600,437,true],"medium_large":["https:\/\/bassin-arcachon.com\/wp-content\/uploads\/2020\/06\/cabane-huitres-aiguillon-12-1-768x559.jpg",768,559,true],"large":["https:\/\/bassin-arcachon.com\/wp-content\/uploads\/2020\/06\/cabane-huitres-aiguillon-12-1-1024x745.jpg",1024,745,true],"1536x1536":["https:\/\/bassin-arcachon.com\/wp-content\/uploads\/2020\/06\/cabane-huitres-aiguillon-12-1.jpg",1200,873,false],"2048x2048":["https:\/\/bassin-arcachon.com\/wp-content\/uploads\/2020\/06\/cabane-huitres-aiguillon-12-1.jpg",1200,873,false],"trp-custom-language-flag":["https:\/\/bassin-arcachon.com\/wp-content\/uploads\/2020\/06\/cabane-huitres-aiguillon-12-1-16x12.jpg",16,12,true]},"uagb_author_info":{"display_name":"Marine, habitante du Bassin d'Arcachon","author_link":"https:\/\/bassin-arcachon.com\/zh\/author\/marinesiba\/"},"uagb_comment_info":0,"uagb_excerpt":"Cadre unique Harmonie du lieu \u00e0 l&rsquo;esprit de votre s\u00e9minaire \u00c9quilibre r\u00e9flexion incentive COMEX coh\u00e9sion brainstorming Luxe Intimit\u00e9 Nous contacter mice@siba-bassin-arcachon.fr Suggestion de programme Jour 1 Nuit dans l\u2019\u00e9tablissement cit\u00e9 [&hellip;]","_links":{"self":[{"href":"https:\/\/bassin-arcachon.com\/zh\/wp-json\/wp\/v2\/pages\/47910","targetHints":{"allow":["GET"]}}],"collection":[{"href":"https:\/\/bassin-arcachon.com\/zh\/wp-json\/wp\/v2\/pages"}],"about":[{"href":"https:\/\/bassin-arcachon.com\/zh\/wp-json\/wp\/v2\/types\/page"}],"author":[{"embeddable":true,"href":"https:\/\/bassin-arcachon.com\/zh\/wp-json\/wp\/v2\/users\/12"}],"replies":[{"embeddable":true,"href":"https:\/\/bassin-arcachon.com\/zh\/wp-json\/wp\/v2\/comments?post=47910"}],"version-history":[{"count":0,"href":"https:\/\/bassin-arcachon.com\/zh\/wp-json\/wp\/v2\/pages\/47910\/revisions"}],"up":[{"embeddable":true,"href":"https:\/\/bassin-arcachon.com\/zh\/wp-json\/wp\/v2\/pages\/47887"}],"wp:featuredmedia":[{"embeddable":true,"href":"https:\/\/bassin-arcachon.com\/zh\/wp-json\/wp\/v2\/media\/45547"}],"wp:attachment":[{"href":"https:\/\/bassin-arcachon.com\/zh\/wp-json\/wp\/v2\/media?parent=47910"}],"curies":[{"name":"\u53ef\u6e7f\u6027\u7c89\u5242","href":"https:\/\/api.w.org\/{rel}","templated":true}]}}