{"id":47924,"date":"2020-10-02T17:01:05","date_gmt":"2020-10-02T15:01:05","guid":{"rendered":"https:\/\/bassin-arcachon.com\/\/?page_id=47924"},"modified":"2024-05-13T16:22:16","modified_gmt":"2024-05-13T14:22:16","slug":"%e7%a4%be%e4%ba%a4%e8%80%81%e9%bc%a0%e8%ae%a1%e5%88%92","status":"publish","type":"page","link":"https:\/\/bassin-arcachon.com\/zh\/seminaires-congres\/programme-social-mice\/","title":{"rendered":"\u4f34\u968f\u8282\u76ee"},"content":{"rendered":"<div class=\"wp-block-uagb-container uagb-block-79a87478 alignfull uagb-is-root-container\"><div class=\"uagb-container-inner-blocks-wrap\">\n<div class=\"wp-block-uagb-container uagb-block-61acb081\">\t\t\t\t\t<div\n\t\t\t\t\t\tclass=\"wp-block-uagb-image-gallery uagb-block-9ee358e5\"\n\t\t\t\t\t\tstyle=\"\"\n\t\t\t\t\t>\n\t\t\t\t\t\t\t\t\t\t\t<div class=\"spectra-image-gallery spectra-image-gallery__layout--carousel\">\n\t\t\t\t\t\t\t\t<div class=\"uagb-slick-carousel uagb-block-9ee358e5\">\n\t\t\t\t\t\t\t\t\t\t\t\t<div class='spectra-image-gallery__media-wrapper' data-spectra-gallery-image-id='23422'>\n\t\t\t\t\t\t\t<div class=\"spectra-image-gallery__media spectra-image-gallery__media--carousel\">\n\t\t\t\t<picture>\n\t\t\t\t\t<source media=\"(min-width: 1024px)\" srcset=\"https:\/\/bassin-arcachon.com\/wp-content\/uploads\/2018\/07\/D\u00e9couvrir-la-Ville-dHiver.jpg\">\n\t\t\t\t\t<source media=\"(min-width: 768px)\" srcset=\"https:\/\/bassin-arcachon.com\/wp-content\/uploads\/2018\/07\/D\u00e9couvrir-la-Ville-dHiver.jpg\">\n\t\t\t\t\t<img decoding=\"async\" class=\"spectra-image-gallery__media-thumbnail spectra-image-gallery__media-thumbnail--carousel\" src=\"https:\/\/bassin-arcachon.com\/wp-content\/uploads\/2018\/07\/Discover-la-Ville-dHiver.jpg\" alt=\"- - Bassin d&#039;Arcachon\" loading=\"lazy\" title=\"- - Bassin d&#039;Arcachon\">\n\t\t\t\t<\/picture>\n\t\t\t\t<div class=\"spectra-image-gallery__media-thumbnail-blurrer\"><\/div>\n\t\t\t\t\t\t\t\t\t\t\t<div class=\"spectra-image-gallery__media-thumbnail-caption-wrapper spectra-image-gallery__media-thumbnail-caption-wrapper--overlay\"><\/div>\n\t\t\t\t\t\t\t\t<\/div>\n\t\t\t\t\t\t<\/div>\n\t\t\t\t\t\t<div class='spectra-image-gallery__media-wrapper' data-spectra-gallery-image-id='47488'>\n\t\t\t\t\t\t\t<div class=\"spectra-image-gallery__media spectra-image-gallery__media--carousel\">\n\t\t\t\t<picture>\n\t\t\t\t\t<source media=\"(min-width: 1024px)\" srcset=\"https:\/\/bassin-arcachon.com\/wp-content\/uploads\/2020\/09\/7-Vue-sur-la-Dune-du-Pilat-au-Cap-FerretcAng\u00e9lique-Saget-scaled-1024x768.jpg\">\n\t\t\t\t\t<source media=\"(min-width: 768px)\" srcset=\"https:\/\/bassin-arcachon.com\/wp-content\/uploads\/2020\/09\/7-Vue-sur-la-Dune-du-Pilat-au-Cap-FerretcAng\u00e9lique-Saget-scaled-1024x768.jpg\">\n\t\t\t\t\t<img decoding=\"async\" class=\"spectra-image-gallery__media-thumbnail spectra-image-gallery__media-thumbnail--carousel\" src=\"https:\/\/bassin-arcachon.com\/wp-content\/uploads\/2020\/09\/7-Vue-sur-la-Dune-du-Pilat-au-Cap-FerretcAng\u00e9lique-Saget-scaled-1024x768.jpg\" alt=\"- - Bassin d&#039;Arcachon\" loading=\"lazy\" title=\"- - Bassin d&#039;Arcachon\">\n\t\t\t\t<\/picture>\n\t\t\t\t<div class=\"spectra-image-gallery__media-thumbnail-blurrer\"><\/div>\n\t\t\t\t\t\t\t\t\t\t\t<div class=\"spectra-image-gallery__media-thumbnail-caption-wrapper spectra-image-gallery__media-thumbnail-caption-wrapper--overlay\"><\/div>\n\t\t\t\t\t\t\t\t<\/div>\n\t\t\t\t\t\t<\/div>\n\t\t\t\t\t\t<div class='spectra-image-gallery__media-wrapper' data-spectra-gallery-image-id='47936'>\n\t\t\t\t\t\t\t<div class=\"spectra-image-gallery__media spectra-image-gallery__media--carousel\">\n\t\t\t\t<picture>\n\t\t\t\t\t<source media=\"(min-width: 1024px)\" srcset=\"https:\/\/bassin-arcachon.com\/wp-content\/uploads\/2020\/09\/navettes-uba-agence-les-conteurs-9-1024x683.jpg\">\n\t\t\t\t\t<source media=\"(min-width: 768px)\" srcset=\"https:\/\/bassin-arcachon.com\/wp-content\/uploads\/2020\/09\/navettes-uba-agence-les-conteurs-9-1024x683.jpg\">\n\t\t\t\t\t<img decoding=\"async\" class=\"spectra-image-gallery__media-thumbnail spectra-image-gallery__media-thumbnail--carousel\" src=\"https:\/\/bassin-arcachon.com\/wp-content\/uploads\/2020\/09\/navettes-uba-agence-les-conteurs-9-1024x683.jpg\" alt=\"- - Bassin d&#039;Arcachon\" loading=\"lazy\" title=\"- - Bassin d&#039;Arcachon\">\n\t\t\t\t<\/picture>\n\t\t\t\t<div class=\"spectra-image-gallery__media-thumbnail-blurrer\"><\/div>\n\t\t\t\t\t\t\t\t\t\t\t<div class=\"spectra-image-gallery__media-thumbnail-caption-wrapper spectra-image-gallery__media-thumbnail-caption-wrapper--overlay\"><\/div>\n\t\t\t\t\t\t\t\t<\/div>\n\t\t\t\t\t\t<\/div>\n\t\t\t\t\t\t<div class='spectra-image-gallery__media-wrapper' data-spectra-gallery-image-id='47931'>\n\t\t\t\t\t\t\t<div class=\"spectra-image-gallery__media spectra-image-gallery__media--carousel\">\n\t\t\t\t<picture>\n\t\t\t\t\t<source media=\"(min-width: 1024px)\" srcset=\"https:\/\/bassin-arcachon.com\/wp-content\/uploads\/2020\/09\/andernos-3-scaled-1024x683.jpg\">\n\t\t\t\t\t<source media=\"(min-width: 768px)\" srcset=\"https:\/\/bassin-arcachon.com\/wp-content\/uploads\/2020\/09\/andernos-3-scaled-1024x683.jpg\">\n\t\t\t\t\t<img decoding=\"async\" class=\"spectra-image-gallery__media-thumbnail spectra-image-gallery__media-thumbnail--carousel\" src=\"https:\/\/bassin-arcachon.com\/wp-content\/uploads\/2020\/09\/andernos-3-scaled-1024x683.jpg\" alt=\"- - Bassin d&#039;Arcachon\" loading=\"lazy\" title=\"- - Bassin d&#039;Arcachon\">\n\t\t\t\t<\/picture>\n\t\t\t\t<div class=\"spectra-image-gallery__media-thumbnail-blurrer\"><\/div>\n\t\t\t\t\t\t\t\t\t\t\t<div class=\"spectra-image-gallery__media-thumbnail-caption-wrapper spectra-image-gallery__media-thumbnail-caption-wrapper--overlay\"><\/div>\n\t\t\t\t\t\t\t\t<\/div>\n\t\t\t\t\t\t<\/div>\n\t\t\t\t\t\t<div class='spectra-image-gallery__media-wrapper' data-spectra-gallery-image-id='47930'>\n\t\t\t\t\t\t\t<div class=\"spectra-image-gallery__media spectra-image-gallery__media--carousel\">\n\t\t\t\t<picture>\n\t\t\t\t\t<source media=\"(min-width: 1024px)\" srcset=\"https:\/\/bassin-arcachon.com\/wp-content\/uploads\/2020\/09\/andernos-2-1024x682.jpg\">\n\t\t\t\t\t<source media=\"(min-width: 768px)\" srcset=\"https:\/\/bassin-arcachon.com\/wp-content\/uploads\/2020\/09\/andernos-2-1024x682.jpg\">\n\t\t\t\t\t<img decoding=\"async\" class=\"spectra-image-gallery__media-thumbnail spectra-image-gallery__media-thumbnail--carousel\" src=\"https:\/\/bassin-arcachon.com\/wp-content\/uploads\/2020\/09\/andernos-2-1024x682.jpg\" alt=\"- - Bassin d&#039;Arcachon\" loading=\"lazy\" title=\"- - Bassin d&#039;Arcachon\">\n\t\t\t\t<\/picture>\n\t\t\t\t<div class=\"spectra-image-gallery__media-thumbnail-blurrer\"><\/div>\n\t\t\t\t\t\t\t\t\t\t\t<div class=\"spectra-image-gallery__media-thumbnail-caption-wrapper spectra-image-gallery__media-thumbnail-caption-wrapper--overlay\"><\/div>\n\t\t\t\t\t\t\t\t<\/div>\n\t\t\t\t\t\t<\/div>\n\t\t\t\t\t\t<div class='spectra-image-gallery__media-wrapper' data-spectra-gallery-image-id='48130'>\n\t\t\t\t\t\t\t<div class=\"spectra-image-gallery__media spectra-image-gallery__media--carousel\">\n\t\t\t\t<picture>\n\t\t\t\t\t<source media=\"(min-width: 1024px)\" srcset=\"https:\/\/bassin-arcachon.com\/wp-content\/uploads\/2020\/10\/thalasso-arcachon-karine-medina-1024x683.jpg\">\n\t\t\t\t\t<source media=\"(min-width: 768px)\" srcset=\"https:\/\/bassin-arcachon.com\/wp-content\/uploads\/2020\/10\/thalasso-arcachon-karine-medina-1024x683.jpg\">\n\t\t\t\t\t<img decoding=\"async\" class=\"spectra-image-gallery__media-thumbnail spectra-image-gallery__media-thumbnail--carousel\" src=\"https:\/\/bassin-arcachon.com\/wp-content\/uploads\/2020\/10\/thalasso-arcachon-karine-medina-1024x683.jpg\" alt=\"- - Bassin d&#039;Arcachon\" loading=\"lazy\" title=\"- - Bassin d&#039;Arcachon\">\n\t\t\t\t<\/picture>\n\t\t\t\t<div class=\"spectra-image-gallery__media-thumbnail-blurrer\"><\/div>\n\t\t\t\t\t\t\t\t\t\t\t<div class=\"spectra-image-gallery__media-thumbnail-caption-wrapper spectra-image-gallery__media-thumbnail-caption-wrapper--overlay\"><\/div>\n\t\t\t\t\t\t\t\t<\/div>\n\t\t\t\t\t\t<\/div>\n\t\t\t\t\t\t<div class='spectra-image-gallery__media-wrapper' data-spectra-gallery-image-id='47937'>\n\t\t\t\t\t\t\t<div class=\"spectra-image-gallery__media spectra-image-gallery__media--carousel\">\n\t\t\t\t<picture>\n\t\t\t\t\t<source media=\"(min-width: 1024px)\" srcset=\"https:\/\/bassin-arcachon.com\/wp-content\/uploads\/2020\/09\/shopping-arcachon-siba-agence-les-conteurs-17-1024x705.jpg\">\n\t\t\t\t\t<source media=\"(min-width: 768px)\" srcset=\"https:\/\/bassin-arcachon.com\/wp-content\/uploads\/2020\/09\/shopping-arcachon-siba-agence-les-conteurs-17-1024x705.jpg\">\n\t\t\t\t\t<img decoding=\"async\" class=\"spectra-image-gallery__media-thumbnail spectra-image-gallery__media-thumbnail--carousel\" src=\"https:\/\/bassin-arcachon.com\/wp-content\/uploads\/2020\/09\/shopping-arcachon-siba-agence-les-conteurs-17-1024x705.jpg\" alt=\"- - Bassin d&#039;Arcachon\" loading=\"lazy\" title=\"- - Bassin d&#039;Arcachon\">\n\t\t\t\t<\/picture>\n\t\t\t\t<div class=\"spectra-image-gallery__media-thumbnail-blurrer\"><\/div>\n\t\t\t\t\t\t\t\t\t\t\t<div class=\"spectra-image-gallery__media-thumbnail-caption-wrapper spectra-image-gallery__media-thumbnail-caption-wrapper--overlay\"><\/div>\n\t\t\t\t\t\t\t\t<\/div>\n\t\t\t\t\t\t<\/div>\n\t\t\t\t\t\t<div class='spectra-image-gallery__media-wrapper' data-spectra-gallery-image-id='47928'>\n\t\t\t\t\t\t\t<div class=\"spectra-image-gallery__media spectra-image-gallery__media--carousel\">\n\t\t\t\t<picture>\n\t\t\t\t\t<source media=\"(min-width: 1024px)\" srcset=\"https:\/\/bassin-arcachon.com\/wp-content\/uploads\/2020\/09\/Paddle-bassin-darcachon-1-scaled-1024x683.jpg\">\n\t\t\t\t\t<source media=\"(min-width: 768px)\" srcset=\"https:\/\/bassin-arcachon.com\/wp-content\/uploads\/2020\/09\/Paddle-bassin-darcachon-1-scaled-1024x683.jpg\">\n\t\t\t\t\t<img decoding=\"async\" class=\"spectra-image-gallery__media-thumbnail spectra-image-gallery__media-thumbnail--carousel\" src=\"https:\/\/bassin-arcachon.com\/wp-content\/uploads\/2020\/09\/Paddle-bassin-darcachon-1-scaled-1024x683.jpg\" alt=\"- - Bassin d&#039;Arcachon\" loading=\"lazy\" title=\"- - Bassin d&#039;Arcachon\">\n\t\t\t\t<\/picture>\n\t\t\t\t<div class=\"spectra-image-gallery__media-thumbnail-blurrer\"><\/div>\n\t\t\t\t\t\t\t\t\t\t\t<div class=\"spectra-image-gallery__media-thumbnail-caption-wrapper spectra-image-gallery__media-thumbnail-caption-wrapper--overlay\"><\/div>\n\t\t\t\t\t\t\t\t<\/div>\n\t\t\t\t\t\t<\/div>\n\t\t\t\t\t\t<div class='spectra-image-gallery__media-wrapper' data-spectra-gallery-image-id='47929'>\n\t\t\t\t\t\t\t<div class=\"spectra-image-gallery__media spectra-image-gallery__media--carousel\">\n\t\t\t\t<picture>\n\t\t\t\t\t<source media=\"(min-width: 1024px)\" srcset=\"https:\/\/bassin-arcachon.com\/wp-content\/uploads\/2020\/09\/andernos-1-1024x682.jpg\">\n\t\t\t\t\t<source media=\"(min-width: 768px)\" srcset=\"https:\/\/bassin-arcachon.com\/wp-content\/uploads\/2020\/09\/andernos-1-1024x682.jpg\">\n\t\t\t\t\t<img decoding=\"async\" class=\"spectra-image-gallery__media-thumbnail spectra-image-gallery__media-thumbnail--carousel\" src=\"https:\/\/bassin-arcachon.com\/wp-content\/uploads\/2020\/09\/andernos-1-1024x682.jpg\" alt=\"- - Bassin d&#039;Arcachon\" loading=\"lazy\" title=\"- - Bassin d&#039;Arcachon\">\n\t\t\t\t<\/picture>\n\t\t\t\t<div class=\"spectra-image-gallery__media-thumbnail-blurrer\"><\/div>\n\t\t\t\t\t\t\t\t\t\t\t<div class=\"spectra-image-gallery__media-thumbnail-caption-wrapper spectra-image-gallery__media-thumbnail-caption-wrapper--overlay\"><\/div>\n\t\t\t\t\t\t\t\t<\/div>\n\t\t\t\t\t\t<\/div>\n\t\t\t\t\t\t\t\t\t\t\t<\/div>\n\t\t\t\t\t\t\t<\/div>\n\t\t\t\t\t\t\t\t\t\t\t<\/div>\n\t\t\t\t\t\t\t\t\t<\/div>\n\n\n\n<div class=\"wp-block-uagb-container uagb-block-3ff112e5\">\n<div class=\"wp-block-uagb-container uagb-block-e3d33b9a\">\n<p class=\"has-white-color has-text-color\">\u51ac\u5b63\u5c0f\u9547\u5bfc\u89c8\u6e38<br><br>\u5728\u6c99\u6ee9\u4e0a\u8fdc\u8db3<br><br>\u5728 Bassin \u4e0a\u5de1\u822a<br><br>\u7f8e\u98df\u54c1\u5c1d<br><br>\u9ad8\u5c14\u592b\u548c\u6d77\u6c34\u6d74\u7597\u6cd5<br><br>\u8d2d\u7269<\/p>\n<\/div>\n\n\n\n<div class=\"wp-block-uagb-container uagb-block-d7bc019e\">\n<h4 class=\"wp-block-heading\">\u8054\u7cfb\u6211\u4eec<\/h4>\n\n\n\n<p class=\"has-black-color has-text-color\"><a href=\"mailto:mice@siba-bassin-arcachon.fr\">mice@siba-bassin-arcachon.fr<\/a><\/p>\n<\/div>\n<\/div>\n<\/div><\/div>\n\n\n\n<div style=\"height:40px\" aria-hidden=\"true\" class=\"wp-block-spacer\"><\/div>\n\n\n\n<div class=\"wp-block-uagb-container uagb-block-f3a0d706 alignfull uagb-is-root-container\"><div class=\"uagb-container-inner-blocks-wrap\">\n<div class=\"wp-block-uagb-container uagb-block-98354184\">\n<h2 class=\"wp-block-heading\">\u793e\u4ea4\u8282\u76ee\/\u4f34\u4fa3<\/h2>\n\n\n\n<h3 class=\"wp-block-heading\">\u963f\u5361\u96c4\u51ac\u5b63\u5c0f\u9547\u5bfc\u89c8\u6e38<strong><\/strong><\/h3>\n\n\n\n<p>\u53d1\u73b0\u522b\u5885\u7684\u5efa\u7b51\u548c\u98ce\u683c\u6f14\u53d8&nbsp;<strong>\u51ac\u5b63\u5c0f\u9547<\/strong>.\u4ece\u5b83\u7684\u521b\u5efa\u5230\u4e0e\u524d\u6765\u963f\u5361\u96c4\u5ea6\u5047\u7684\u8d35\u65cf\u548c\u8d44\u4ea7\u9636\u7ea7\u6709\u5173\u7684\u5386\u53f2\u8f76\u4e8b\uff0c\u8ba9\u81ea\u5df1\u5728\u8fd9\u4e2a\u6807\u5fd7\u6027\u7684\u5730\u533a\u4e2d\u7a7f\u884c\u3002<\/p>\n\n\n\n<h3 class=\"wp-block-heading\">\u5728\u6c99\u6ee9\u548c\u677e\u6811\u4e0b\u8fdc\u8db3<\/h3>\n\n\n\n<p>\u53d1\u73b0&nbsp;<strong>L\u00e8ge-Cap Ferret \u534a\u5c9b<\/strong>\uff0c\u6b65\u884c\uff0c\u8d5b\u683c\u5a01\uff0c\u8e0f\u677f\u8f66\u751a\u81f3\u9a91\u81ea\u884c\u8f66\u3002\u7a7f\u8fc7 44 \u516c\u9877\u7684\u571f\u5730\uff0c\u5230\u8fbe Pointe du Cap Ferret\uff0c\u6b23\u8d4f Bassin \u548c\u6d77\u6d0b\u7684\u58ee\u4e3d\u5168\u666f\u3002\u6216\u8005\u53bb\u53d1\u73b0&nbsp;<strong>\u76ae\u62c9\u7279\u6c99\u4e18<\/strong>&nbsp;\u5728\u5bfc\u6e38\u7684\u5e26\u9886\u4e0b\u6563\u6b65\u3002<\/p>\n\n\n\n<h3 class=\"wp-block-heading\">\u5728 Arcachon \u7684 Bassin \u4e2d\u5de1\u822a<strong><\/strong><\/h3>\n\n\n\n<p><strong>\u8239\u7a0b<\/strong>&nbsp;\u5728 Arcachon Bassin \u4e0a\uff1a&nbsp;<strong>\u9e1f\u5c9b<\/strong>&nbsp;\u53ca\u5176\u8457\u540d\u7684&nbsp;<strong>\u9ad8\u8df7\u5c0f\u5c4b<\/strong>&nbsp;\uff08\u9ad8\u8df7\u4e0a\u7684\u5c0f\u5c4b\uff09\u5e76\u6cbf\u7740 Cap Ferret \u534a\u5c9b\u7684\u7261\u86ce\u517b\u6b96\u6751\u5e84\u6f2b\u6b65\u3002<\/p>\n\n\n\n<h3 class=\"wp-block-heading\">\u7f8e\u98df\u54c1\u5c1d<strong><\/strong><\/h3>\n\n\n\n<p>\u5f00\u80c3\u9152&nbsp;<strong>\u7261\u86ce\u5c0f\u5c4b<\/strong>&nbsp;\u4e00\u76d8\u751f\u869d\u914d\u4e0a\u4e00\u676f\u767d\u8461\u8404\u9152\u3002\u53ef\u4ee5\u5728\u53cb\u597d\u7684\u6c14\u6c1b\u4e2d\u4e0e\u7261\u86ce\u517b\u6b96\u8005\u4e00\u8d77\u4e3e\u529e\u53bb\u58f3\u7814\u8ba8\u4f1a\u3002<\/p>\n\n\n\n<h3 class=\"wp-block-heading\">\u9ad8\u5c14\u592b\u7403<strong><\/strong><\/h3>\n\n\n\n<p>\u5728\u677e\u6797\u4e2d\u4eab\u53d7\u4e00\u95e8\u8bfe\u7a0b\uff0c\u7136\u540e\u5728\u9ad8\u5c14\u592b\u9732\u53f0\u4e0a\u7684\u9910\u5385\u4eab\u7528\u5348\u9910\uff1a&nbsp;<a href=\"https:\/\/www.golfarcachon.org\/fr\/\" target=\"_blank\" rel=\"noreferrer noopener\">\u963f\u5361\u96c4<\/a>,&nbsp;<a href=\"https:\/\/bluegreen.fr\/gujan\/\" target=\"_blank\" rel=\"noreferrer noopener\">\u53e4\u8ba9-\u6885\u65af\u7279\u62c9<\/a>,&nbsp;<a href=\"https:\/\/bassin-arcachon.com\/zh\/%e8%af%a6%e6%83%85%e8%a1%a8\/?types=activite_golf&amp;id=LOIAQU033FS000NJ&amp;title=golf-des-aiguilles-vertes\" target=\"_blank\" rel=\"noreferrer noopener\">\u5170\u987f<\/a>&nbsp;\u5728\u54ea\u91cc&nbsp;<a href=\"https:\/\/www.capgolf.fr\/\" target=\"_blank\" rel=\"noreferrer noopener\">Lege-Cap\u96ea\u8c82<\/a>.<\/p>\n\n\n\n<h3 class=\"wp-block-heading\">\u6d77\u6c34\u6d74\/\u6d74\u7597\/\u6c34\u7597<strong><\/strong><\/h3>\n\n\n\n<p>\u5728\u6d77\u6c34\u6d74\u7597\u6cd5\u4e2d\u5fc3\u4eab\u53d7\u7247\u523b\u653e\u677e&nbsp;<a href=\"https:\/\/www.thalazur.fr\/arcachon\/thalasso\/\" target=\"_blank\" rel=\"noreferrer noopener\">\u5854\u62c9\u7956\u963f\u5361\u96c4<\/a>\uff0c \u81f3&nbsp;<a href=\"https:\/\/www.domaineduferret.com\/\" target=\"_blank\" rel=\"noreferrer noopener\">Domaine du Ferret Balneo &amp; Spa<\/a>&nbsp;\u5728 L\u00e8ge-Cap Ferret \u6216\u4e00\u6d41\u7684\u6c34\u7597\u9152\u5e97\uff1a<a href=\"https:\/\/www.hotel-cotesable.com\/fr\/spa-clarins-cap-ferret.html\" target=\"_blank\" rel=\"noopener\">\u6851\u8fea\u8d5b\u5fb7\u9152\u5e97<\/a>&nbsp;\u5728 Cap Ferret\uff0c<a href=\"https:\/\/www.hotelvilledhiver.com\/\" target=\"_blank\" rel=\"noreferrer noopener\">\u51ac\u5b63\u57ce\u5e02\u9152\u5e97<\/a>&nbsp;\u751a\u81f3<a href=\"https:\/\/www.hotelvillalamartine.com\/\" target=\"_blank\" rel=\"noopener\">\u62c9\u9a6c\u4e01\u522b\u5885\u9152\u5e97<\/a>&nbsp;\u5728\u963f\u5361\u96c4\u3002<\/p>\n\n\n\n<h3 class=\"wp-block-heading\">\u8d2d\u7269<strong><\/strong><\/h3>\n\n\n\n<p><strong>\u5361\u5185\u83b1\u65af<\/strong>&nbsp;\u6765\u81ea\u5409\u5c3c\u4e9a\u5c14 \/&nbsp;<strong>\u767d\u8272\u6c99\u4e18<\/strong>&nbsp;\u901a\u8fc7 Chez Pascal \/&nbsp;<strong>\u5de7\u514b\u529b\u751f\u869d<\/strong>&nbsp;\u6765\u81ea P\u00e2tisserie Marquet \u6216\u6765\u81ea Pierre Mirgalet \/&nbsp;<strong>\u963f\u5c14\u5361\u96c4\u6ce1\u6cab\u9999\u6c34&nbsp;<\/strong>\/&nbsp;<strong>\u9a6c\u96f7\u5229\u4e9a\u4e4b\u5bb6&nbsp;<\/strong>\u5728\u5b89\u5fb7\u8bfa\u65af\u2026<\/p>\n\n\n\n<p>\u4ee5\u4e3e\u4f8b\u7684\u65b9\u5f0f\u5f15\u7528\u4e86\u8be5\u8ba1\u5212\u4e2d\u63d0\u8bae\u7684\u6d3b\u52a8\u3002\u901a\u8fc7\u4ee5\u4e0b\u65b9\u5f0f\u53d1\u73b0 Bassin \u7684\u6d3b\u52a8 <a href=\"https:\/\/bassin-arcachon.com\/zh\/%e4%b8%8b%e8%bd%bd%e6%88%91%e4%bb%ac%e7%9a%84%e5%ba%94%e7%94%a8%e7%a8%8b%e5%ba%8f\/\">\u4e0b\u8f7d\u6211\u4eec\u7684\u624b\u673a\u5e94\u7528\u7a0b\u5e8f\uff01<\/a><\/p>\n<\/div>\n\n\n\n<div class=\"wp-block-uagb-container uagb-block-96db5550\"><\/div>\n<\/div><\/div>\n\n\n\n<div style=\"height:60px\" aria-hidden=\"true\" class=\"wp-block-spacer\"><\/div>","protected":false},"excerpt":{"rendered":"<p>Visite guid\u00e9e de la Ville d&rsquo;Hiver Rando dans le sable Croisi\u00e8re sur le Bassin D\u00e9gustations culinaires Golf et Thalasso Shopping Nous contacter mice@siba-bassin-arcachon.fr Programme social \/ accompagnant Visite guid\u00e9e de [&hellip;]<\/p>\n","protected":false},"author":12,"featured_media":47917,"parent":47639,"menu_order":0,"comment_status":"closed","ping_status":"closed","template":"","meta":{"_acf_changed":false,"_uag_custom_page_level_css":"","footnotes":""},"class_list":["post-47924","page","type-page","status-publish","has-post-thumbnail","hentry"],"acf":[],"uagb_featured_image_src":{"full":["https:\/\/bassin-arcachon.com\/wp-content\/uploads\/2020\/09\/shopping-arcachon.jpg",2000,1333,false],"thumbnail":["https:\/\/bassin-arcachon.com\/wp-content\/uploads\/2020\/09\/shopping-arcachon-150x150.jpg",150,150,true],"medium":["https:\/\/bassin-arcachon.com\/wp-content\/uploads\/2020\/09\/shopping-arcachon-600x400.jpg",600,400,true],"medium_large":["https:\/\/bassin-arcachon.com\/wp-content\/uploads\/2020\/09\/shopping-arcachon-768x512.jpg",768,512,true],"large":["https:\/\/bassin-arcachon.com\/wp-content\/uploads\/2020\/09\/shopping-arcachon-1024x682.jpg",1024,682,true],"1536x1536":["https:\/\/bassin-arcachon.com\/wp-content\/uploads\/2020\/09\/shopping-arcachon-1536x1024.jpg",1536,1024,true],"2048x2048":["https:\/\/bassin-arcachon.com\/wp-content\/uploads\/2020\/09\/shopping-arcachon.jpg",2000,1333,false],"trp-custom-language-flag":["https:\/\/bassin-arcachon.com\/wp-content\/uploads\/2020\/09\/shopping-arcachon-18x12.jpg",18,12,true]},"uagb_author_info":{"display_name":"Marine, habitante du Bassin d'Arcachon","author_link":"https:\/\/bassin-arcachon.com\/zh\/author\/marinesiba\/"},"uagb_comment_info":0,"uagb_excerpt":"Visite guid\u00e9e de la Ville d&rsquo;Hiver Rando dans le sable Croisi\u00e8re sur le Bassin D\u00e9gustations culinaires Golf et Thalasso Shopping Nous contacter mice@siba-bassin-arcachon.fr Programme social \/ accompagnant Visite guid\u00e9e de [&hellip;]","_links":{"self":[{"href":"https:\/\/bassin-arcachon.com\/zh\/wp-json\/wp\/v2\/pages\/47924","targetHints":{"allow":["GET"]}}],"collection":[{"href":"https:\/\/bassin-arcachon.com\/zh\/wp-json\/wp\/v2\/pages"}],"about":[{"href":"https:\/\/bassin-arcachon.com\/zh\/wp-json\/wp\/v2\/types\/page"}],"author":[{"embeddable":true,"href":"https:\/\/bassin-arcachon.com\/zh\/wp-json\/wp\/v2\/users\/12"}],"replies":[{"embeddable":true,"href":"https:\/\/bassin-arcachon.com\/zh\/wp-json\/wp\/v2\/comments?post=47924"}],"version-history":[{"count":0,"href":"https:\/\/bassin-arcachon.com\/zh\/wp-json\/wp\/v2\/pages\/47924\/revisions"}],"up":[{"embeddable":true,"href":"https:\/\/bassin-arcachon.com\/zh\/wp-json\/wp\/v2\/pages\/47639"}],"wp:featuredmedia":[{"embeddable":true,"href":"https:\/\/bassin-arcachon.com\/zh\/wp-json\/wp\/v2\/media\/47917"}],"wp:attachment":[{"href":"https:\/\/bassin-arcachon.com\/zh\/wp-json\/wp\/v2\/media?parent=47924"}],"curies":[{"name":"\u53ef\u6e7f\u6027\u7c89\u5242","href":"https:\/\/api.w.org\/{rel}","templated":true}]}}