{"id":48239,"date":"2020-10-21T12:20:30","date_gmt":"2020-10-21T10:20:30","guid":{"rendered":"https:\/\/bassin-arcachon.com\/\/?page_id=48239"},"modified":"2024-09-02T10:58:06","modified_gmt":"2024-09-02T08:58:06","slug":"%e6%b2%99%e9%be%99-vip-%e9%98%bf%e5%8d%a1%e9%9b%84","status":"publish","type":"page","link":"https:\/\/bassin-arcachon.com\/zh\/seminaires-congres\/offres-codir\/salon-vip-arcachon-4\/","title":{"rendered":"\u963f\u5361\u96c4\u5546\u52a1\u8d35\u5bbe\u5ba4"},"content":{"rendered":"<div class=\"wp-block-uagb-container uagb-block-97a66069 alignfull uagb-is-root-container\"><div class=\"uagb-container-inner-blocks-wrap\">\n<div class=\"wp-block-uagb-container uagb-block-4f159a09\">\t\t\t\t\t<div\n\t\t\t\t\t\tclass=\"wp-block-uagb-image-gallery uagb-block-d19b0ff6\"\n\t\t\t\t\t\tstyle=\"\"\n\t\t\t\t\t>\n\t\t\t\t\t\t\t\t\t\t\t<div class=\"spectra-image-gallery spectra-image-gallery__layout--carousel\">\n\t\t\t\t\t\t\t\t<div class=\"uagb-slick-carousel uagb-block-d19b0ff6\">\n\t\t\t\t\t\t\t\t\t\t\t\t<div class='spectra-image-gallery__media-wrapper' data-spectra-gallery-image-id='34926'>\n\t\t\t\t\t\t\t<div class=\"spectra-image-gallery__media spectra-image-gallery__media--carousel\">\n\t\t\t\t<picture>\n\t\t\t\t\t<source media=\"(min-width: 1024px)\" srcset=\"https:\/\/bassin-arcachon.com\/wp-content\/uploads\/2019\/06\/Salle-Palais-des-congr\u00e8s-organisation-de-seminaire-et-congres-1024x683.jpg\">\n\t\t\t\t\t<source media=\"(min-width: 768px)\" srcset=\"https:\/\/bassin-arcachon.com\/wp-content\/uploads\/2019\/06\/Salle-Palais-des-congr\u00e8s-organisation-de-seminaire-et-congres-1024x683.jpg\">\n\t\t\t\t\t<img decoding=\"async\" class=\"spectra-image-gallery__media-thumbnail spectra-image-gallery__media-thumbnail--carousel\" src=\"https:\/\/bassin-arcachon.com\/wp-content\/uploads\/2019\/06\/Salle-Palais-des-congr\u00e8s-organisation-de-seminaire-et-congres-300x200.jpg\" alt=\"- - Bassin d&#039;Arcachon\" loading=\"lazy\" title=\"- - Bassin d&#039;Arcachon\">\n\t\t\t\t<\/picture>\n\t\t\t\t<div class=\"spectra-image-gallery__media-thumbnail-blurrer\"><\/div>\n\t\t\t\t\t\t\t\t\t\t\t<div class=\"spectra-image-gallery__media-thumbnail-caption-wrapper spectra-image-gallery__media-thumbnail-caption-wrapper--overlay\"><\/div>\n\t\t\t\t\t\t\t\t<\/div>\n\t\t\t\t\t\t<\/div>\n\t\t\t\t\t\t<div class='spectra-image-gallery__media-wrapper' data-spectra-gallery-image-id='48245'>\n\t\t\t\t\t\t\t<div class=\"spectra-image-gallery__media spectra-image-gallery__media--carousel\">\n\t\t\t\t<picture>\n\t\t\t\t\t<source media=\"(min-width: 1024px)\" srcset=\"https:\/\/bassin-arcachon.com\/wp-content\/uploads\/2020\/10\/palais-des-congr\u00e8s-darcachon-vue-mer-scaled-1024x683.jpg\">\n\t\t\t\t\t<source media=\"(min-width: 768px)\" srcset=\"https:\/\/bassin-arcachon.com\/wp-content\/uploads\/2020\/10\/palais-des-congr\u00e8s-darcachon-vue-mer-scaled-1024x683.jpg\">\n\t\t\t\t\t<img decoding=\"async\" class=\"spectra-image-gallery__media-thumbnail spectra-image-gallery__media-thumbnail--carousel\" src=\"https:\/\/bassin-arcachon.com\/wp-content\/uploads\/2020\/10\/palais-des-congr\u00e8s-darcachon-vue-mer-scaled-300x200.jpg\" alt=\"- - Bassin d&#039;Arcachon\" loading=\"lazy\" title=\"- - Bassin d&#039;Arcachon\">\n\t\t\t\t<\/picture>\n\t\t\t\t<div class=\"spectra-image-gallery__media-thumbnail-blurrer\"><\/div>\n\t\t\t\t\t\t\t\t\t\t\t<div class=\"spectra-image-gallery__media-thumbnail-caption-wrapper spectra-image-gallery__media-thumbnail-caption-wrapper--overlay\"><\/div>\n\t\t\t\t\t\t\t\t<\/div>\n\t\t\t\t\t\t<\/div>\n\t\t\t\t\t\t<div class='spectra-image-gallery__media-wrapper' data-spectra-gallery-image-id='47911'>\n\t\t\t\t\t\t\t<div class=\"spectra-image-gallery__media spectra-image-gallery__media--carousel\">\n\t\t\t\t<picture>\n\t\t\t\t\t<source media=\"(min-width: 1024px)\" srcset=\"https:\/\/bassin-arcachon.com\/wp-content\/uploads\/2020\/09\/Balade-en-pinasse-scaled-1024x683.jpg\">\n\t\t\t\t\t<source media=\"(min-width: 768px)\" srcset=\"https:\/\/bassin-arcachon.com\/wp-content\/uploads\/2020\/09\/Balade-en-pinasse-scaled-1024x683.jpg\">\n\t\t\t\t\t<img decoding=\"async\" class=\"spectra-image-gallery__media-thumbnail spectra-image-gallery__media-thumbnail--carousel\" src=\"https:\/\/bassin-arcachon.com\/wp-content\/uploads\/2020\/09\/Balade-en-pinasse-scaled-300x200.jpg\" alt=\"- - Bassin d&#039;Arcachon\" loading=\"lazy\" title=\"- - Bassin d&#039;Arcachon\">\n\t\t\t\t<\/picture>\n\t\t\t\t<div class=\"spectra-image-gallery__media-thumbnail-blurrer\"><\/div>\n\t\t\t\t\t\t\t\t\t\t\t<div class=\"spectra-image-gallery__media-thumbnail-caption-wrapper spectra-image-gallery__media-thumbnail-caption-wrapper--overlay\"><\/div>\n\t\t\t\t\t\t\t\t<\/div>\n\t\t\t\t\t\t<\/div>\n\t\t\t\t\t\t<div class='spectra-image-gallery__media-wrapper' data-spectra-gallery-image-id='22801'>\n\t\t\t\t\t\t\t<div class=\"spectra-image-gallery__media spectra-image-gallery__media--carousel\">\n\t\t\t\t<picture>\n\t\t\t\t\t<source media=\"(min-width: 1024px)\" srcset=\"https:\/\/bassin-arcachon.com\/wp-content\/uploads\/2018\/06\/cap-gourmand-siba-agence-les-conteurs-97-e1546597288272.jpg\">\n\t\t\t\t\t<source media=\"(min-width: 768px)\" srcset=\"https:\/\/bassin-arcachon.com\/wp-content\/uploads\/2018\/06\/cap-gourmand-siba-agence-les-conteurs-97-e1546597288272.jpg\">\n\t\t\t\t\t<img decoding=\"async\" class=\"spectra-image-gallery__media-thumbnail spectra-image-gallery__media-thumbnail--carousel\" src=\"https:\/\/bassin-arcachon.com\/wp-content\/uploads\/2018\/06\/cap-gourmand-siba-agence-les-conteurs-97-e1546597288272-300x200.jpg\" alt=\"Mimbeau \u7261\u86ce\u6751\u548c Cap Gourmand \u9910\u5385\uff0c\u5730\u5740\uff1aBassin d&#039;Arcachon\" loading=\"lazy\" title=\"- - Bassin d&#039;Arcachon\">\n\t\t\t\t<\/picture>\n\t\t\t\t<div class=\"spectra-image-gallery__media-thumbnail-blurrer\"><\/div>\n\t\t\t\t\t\t\t\t\t\t\t<div class=\"spectra-image-gallery__media-thumbnail-caption-wrapper spectra-image-gallery__media-thumbnail-caption-wrapper--overlay\"><\/div>\n\t\t\t\t\t\t\t\t<\/div>\n\t\t\t\t\t\t<\/div>\n\t\t\t\t\t\t<div class='spectra-image-gallery__media-wrapper' data-spectra-gallery-image-id='24866'>\n\t\t\t\t\t\t\t<div class=\"spectra-image-gallery__media spectra-image-gallery__media--carousel\">\n\t\t\t\t<picture>\n\t\t\t\t\t<source media=\"(min-width: 1024px)\" srcset=\"https:\/\/bassin-arcachon.com\/wp-content\/uploads\/2018\/07\/d\u00e9guster-hu\u00eetres-arcachon-cap-ferret-e1546595398521.jpg\">\n\t\t\t\t\t<source media=\"(min-width: 768px)\" srcset=\"https:\/\/bassin-arcachon.com\/wp-content\/uploads\/2018\/07\/d\u00e9guster-hu\u00eetres-arcachon-cap-ferret-e1546595398521.jpg\">\n\t\t\t\t\t<img decoding=\"async\" class=\"spectra-image-gallery__media-thumbnail spectra-image-gallery__media-thumbnail--carousel\" src=\"https:\/\/bassin-arcachon.com\/wp-content\/uploads\/2018\/07\/d\u00e9guster-hu\u00eetres-arcachon-cap-ferret-e1546595398521-300x200.jpg\" alt=\"\u5728 Bassin d&#039;Arcachon \u7684 Cap Ferret \u54c1\u5c1d\u7261\u86ce\" loading=\"lazy\" title=\"- - Bassin d&#039;Arcachon\">\n\t\t\t\t<\/picture>\n\t\t\t\t<div class=\"spectra-image-gallery__media-thumbnail-blurrer\"><\/div>\n\t\t\t\t\t\t\t\t\t\t\t<div class=\"spectra-image-gallery__media-thumbnail-caption-wrapper spectra-image-gallery__media-thumbnail-caption-wrapper--overlay\"><\/div>\n\t\t\t\t\t\t\t\t<\/div>\n\t\t\t\t\t\t<\/div>\n\t\t\t\t\t\t<div class='spectra-image-gallery__media-wrapper' data-spectra-gallery-image-id='48250'>\n\t\t\t\t\t\t\t<div class=\"spectra-image-gallery__media spectra-image-gallery__media--carousel\">\n\t\t\t\t<picture>\n\t\t\t\t\t<source media=\"(min-width: 1024px)\" srcset=\"https:\/\/bassin-arcachon.com\/wp-content\/uploads\/2020\/10\/SALON-VIP-ARCACHON-1024x694.jpg\">\n\t\t\t\t\t<source media=\"(min-width: 768px)\" srcset=\"https:\/\/bassin-arcachon.com\/wp-content\/uploads\/2020\/10\/SALON-VIP-ARCACHON-1024x694.jpg\">\n\t\t\t\t\t<img decoding=\"async\" class=\"spectra-image-gallery__media-thumbnail spectra-image-gallery__media-thumbnail--carousel\" src=\"https:\/\/bassin-arcachon.com\/wp-content\/uploads\/2020\/10\/SALON-VIP-ARCACHON-300x203.jpg\" alt=\"- - Bassin d&#039;Arcachon\" loading=\"lazy\" title=\"- - Bassin d&#039;Arcachon\">\n\t\t\t\t<\/picture>\n\t\t\t\t<div class=\"spectra-image-gallery__media-thumbnail-blurrer\"><\/div>\n\t\t\t\t\t\t\t\t\t\t\t<div class=\"spectra-image-gallery__media-thumbnail-caption-wrapper spectra-image-gallery__media-thumbnail-caption-wrapper--overlay\"><\/div>\n\t\t\t\t\t\t\t\t<\/div>\n\t\t\t\t\t\t<\/div>\n\t\t\t\t\t\t<div class='spectra-image-gallery__media-wrapper' data-spectra-gallery-image-id='47953'>\n\t\t\t\t\t\t\t<div class=\"spectra-image-gallery__media spectra-image-gallery__media--carousel\">\n\t\t\t\t<picture>\n\t\t\t\t\t<source media=\"(min-width: 1024px)\" srcset=\"https:\/\/bassin-arcachon.com\/wp-content\/uploads\/2020\/09\/terrasses-du-port-arcachon-1024x684.jpg\">\n\t\t\t\t\t<source media=\"(min-width: 768px)\" srcset=\"https:\/\/bassin-arcachon.com\/wp-content\/uploads\/2020\/09\/terrasses-du-port-arcachon-1024x684.jpg\">\n\t\t\t\t\t<img decoding=\"async\" class=\"spectra-image-gallery__media-thumbnail spectra-image-gallery__media-thumbnail--carousel\" src=\"https:\/\/bassin-arcachon.com\/wp-content\/uploads\/2020\/09\/terrasses-du-port-arcachon-300x200.jpg\" alt=\"- - Bassin d&#039;Arcachon\" loading=\"lazy\" title=\"- - Bassin d&#039;Arcachon\">\n\t\t\t\t<\/picture>\n\t\t\t\t<div class=\"spectra-image-gallery__media-thumbnail-blurrer\"><\/div>\n\t\t\t\t\t\t\t\t\t\t\t<div class=\"spectra-image-gallery__media-thumbnail-caption-wrapper spectra-image-gallery__media-thumbnail-caption-wrapper--overlay\"><\/div>\n\t\t\t\t\t\t\t\t<\/div>\n\t\t\t\t\t\t<\/div>\n\t\t\t\t\t\t<div class='spectra-image-gallery__media-wrapper' data-spectra-gallery-image-id='9916'>\n\t\t\t\t\t\t\t<div class=\"spectra-image-gallery__media spectra-image-gallery__media--carousel\">\n\t\t\t\t<picture>\n\t\t\t\t\t<source media=\"(min-width: 1024px)\" srcset=\"https:\/\/bassin-arcachon.com\/wp-content\/uploads\/2017\/10\/ville-dhiver-1-compress\u00e9-1024x683.jpg\">\n\t\t\t\t\t<source media=\"(min-width: 768px)\" srcset=\"https:\/\/bassin-arcachon.com\/wp-content\/uploads\/2017\/10\/ville-dhiver-1-compress\u00e9-1024x683.jpg\">\n\t\t\t\t\t<img decoding=\"async\" class=\"spectra-image-gallery__media-thumbnail spectra-image-gallery__media-thumbnail--carousel\" src=\"https:\/\/bassin-arcachon.com\/wp-content\/uploads\/2017\/10\/ville-dhiver-1-compress\u00e9-300x200.jpg\" alt=\"- - Bassin d&#039;Arcachon\" loading=\"lazy\" title=\"- - Bassin d&#039;Arcachon\">\n\t\t\t\t<\/picture>\n\t\t\t\t<div class=\"spectra-image-gallery__media-thumbnail-blurrer\"><\/div>\n\t\t\t\t\t\t\t\t\t\t\t<div class=\"spectra-image-gallery__media-thumbnail-caption-wrapper spectra-image-gallery__media-thumbnail-caption-wrapper--overlay\"><\/div>\n\t\t\t\t\t\t\t\t<\/div>\n\t\t\t\t\t\t<\/div>\n\t\t\t\t\t\t\t\t\t\t\t<\/div>\n\t\t\t\t\t\t\t<\/div>\n\t\t\t\t\t\t\t\t\t\t\t<\/div>\n\t\t\t\t\t\t\t\t\t<\/div>\n\n\n\n<div class=\"wp-block-uagb-container uagb-block-ce13ea3a\">\n<div class=\"wp-block-uagb-container uagb-block-840ba42a\">\n<p class=\"has-white-color has-text-color\">\u6709\u98ce\u666f\u7684\u751f\u610f<br><br>\u9762\u79ef70\u5e73\u65b9\u7c73<br><br>\u53ef\u5bb9\u7eb3\u4eba\u6570 19 \u4eba<br><br>\u8bbe\u65bd\u9f50\u5168\u7684\u8d35\u5bbe\u4f11\u606f\u5ba4<br><br>\u91cf\u8eab\u5b9a\u5236\u65b9\u6848<br><br>\u670d\u52a1<br><br>\u5b9e\u60e0\u7684\u4ef7\u683c<\/p>\n<\/div>\n\n\n\n<div class=\"wp-block-uagb-container bloc_contact uagb-block-e4d02c2a\">\n<h4 class=\"wp-block-heading\">\u8054\u7cfb\u6211\u4eec<\/h4>\n\n\n\n<p class=\"has-black-color has-text-color\"><a href=\"mailto:palaisdescongres@arcachon.com\">palaisdescongres@arcachon.com<\/a><\/p>\n<\/div>\n<\/div>\n<\/div><\/div>\n\n\n\n<div style=\"height:40px\" aria-hidden=\"true\" class=\"wp-block-spacer\"><\/div>\n\n\n\n<div class=\"wp-block-uagb-container uagb-block-d2bbc83b alignfull uagb-is-root-container\"><div class=\"uagb-container-inner-blocks-wrap\">\n<div class=\"wp-block-uagb-container uagb-block-e6ef3422\">\n<p>\u8fd9\u95f4\u8457\u540d\u7684 70 \u5e73\u65b9\u7c73\u4f11\u606f\u5ba4\u6c90\u6d74\u5728 Arcachon Bassin \u7684\u706f\u5149\u4e0b\uff0c\u5176\u5927\u578b\u51f8\u7a97\u901a\u5411\u6d77\u6ee8\uff0c\u662f\u4e3e\u529e\u7ba1\u7406\u59d4\u5458\u4f1a\u3001\u65b0\u95fb\u53d1\u5e03\u4f1a\u3001\u4f1a\u8bae\u3001\u8463\u4e8b\u4f1a\u7684\u7406\u60f3\u573a\u6240......<\/p>\n\n\n\n<p>\u8fd9\u95f4\u5ba2\u623f\u53ef\u5bb9\u7eb3 19 \u4eba\uff0c\u8bbe\u6709\u8863\u5e3d\u95f4\u3001\u536b\u751f\u95f4\u3001\u84b8\u998f\u6c34\u548c\u6c14\u6ce1\u6c34\u55b7\u6cc9\u4ee5\u53ca\u968f\u65f6\u53ef\u7528\u7684\u5496\u5561\/\u8336\u673a\u3002<\/p>\n\n\n\n<h3 class=\"wp-block-heading\">\u63a8\u8350\u8282\u76ee<\/h3>\n\n\n\n<h3 class=\"wp-block-heading\">\u7b2c 1 \u5929<strong><\/strong><\/h3>\n\n\n\n<ul class=\"wp-block-list\">\n<li>\u53c2\u52a0\u8005\u4e8e\u65e9\u4e0a\u4e58\u5750 LGV \u4ece\u5df4\u9ece\u62b5\u8fbe\uff08\u6bcf\u65e5 2 \u5c0f\u65f6 50 \u5206\uff09\u3002<\/li>\n\n\n\n<li>\u5b89\u88c5\u4e8e&nbsp;<a href=\"https:\/\/fr.calameo.com\/read\/0000244211152a79deb84\" target=\"_blank\" rel=\"noreferrer noopener\">MICE \u9152\u5e97\u4e4b\u4e00<\/a>.<\/li>\n\n\n\n<li><strong>\u5f53\u5730\u7279\u8272\u5348\u9910<\/strong>&nbsp;\u4f4d\u4e8e\u6d77\u6ee8\u7684\u5408\u4f5c\u9910\u5385\u4e4b\u4e00\uff0c\u7d27\u90bb\u4f1a\u8bae\u5bab\u3002<\/li>\n\n\n\n<li><strong>\u8d35\u5bbe\u5ba4\u5546\u52a1\u4f1a\u8bae<\/strong>\uff0c\u53ef\u6b23\u8d4f\u5230 Arcachon Bassin\u3001Cabanes Tchanqu\u00e9es \u548c Ile aux Oiseaux \u7684\u666f\u8272\u3002<\/li>\n\n\n\n<li>\u6392\u6bd2\u5496\u5561\u4f11\u606f\u65f6\u95f4\u642d\u914d\u6c34\u679c\u548c\u51b0\u6c99\u6216&nbsp;<strong>\u963f\u5361\u677e\u5496\u5561\u4f11\u606f\u65f6\u95f4<\/strong>&nbsp;\u6b23\u8d4f\u8457\u540d\u7684\u767d\u6c99\u4e18\uff0c\u5728\u8d35\u5bbe\u4f11\u606f\u5ba4\u7684\u9633\u53f0\u4e0a\u4eab\u53d7\u7247\u523b\u7684\u653e\u677e\u3002<\/li>\n\n\n\n<li>\u5f52\u6839\u7ed3\u5e95\uff0c&nbsp;<strong>\u4e58\u8239\u51fa\u53d1<\/strong>&nbsp;\uff08\u4f20\u7edf\u7684\u963f\u5361\u96c4\u8239\uff09\u89c2\u8d4f\u65e5\u843d\uff0c\u5728 Ile aux Oiseaux \u5468\u56f4\u6f2b\u6b65\uff0c\u8fd8\u53ef\u4ee5\u5728\u8239\u4e0a\u6216 Le Canon\uff08L\u00e8ge-Cap Ferret \u534a\u5c9b\u4e0a\u7684\u4e00\u4e2a\u5c0f\u6751\u5e84\uff09\u7684\u7261\u86ce\u5c0f\u5c4b\u54c1\u5c1d\u7261\u86ce\u3002<\/li>\n\n\n\n<li><strong>\u5728\u8d39\u96f7\u89d2\u4eab\u7528\u665a\u9910<\/strong>&nbsp;\u5728\u76ae\u62c9\u6c99\u4e18\u5bf9\u9762\u7684\u4e00\u5bb6\u9910\u5385\u91cc\u3002<\/li>\n\n\n\n<li>\u4e58\u8239\u8fd4\u56de\u963f\u5361\u96c4\u5e76\u8fc7\u591c&nbsp;<a href=\"https:\/\/fr.calameo.com\/read\/0000244211152a79deb84\" target=\"_blank\" rel=\"noreferrer noopener\">\u4e4b\u4e00&nbsp;<strong>\u9152\u5e97<\/strong>&nbsp;<strong>\u8001\u9f20<\/strong>&nbsp;<\/a>.<\/li>\n<\/ul>\n\n\n\n<h3 class=\"wp-block-heading\">\u7b2c 2 \u5929<strong><\/strong><\/h3>\n\n\n\n<ul class=\"wp-block-list\">\n<li>\u81ea\u52a9\u65e9\u9910\u5728&nbsp;<a href=\"https:\/\/fr.calameo.com\/read\/0000244211152a79deb84\" target=\"_blank\" rel=\"noreferrer noopener\">MICE \u9152\u5e97\u4e4b\u4e00<\/a>.<\/li>\n\n\n\n<li><strong>\u8d35\u5bbe\u5ba4\u5546\u52a1\u4f1a\u8bae<\/strong>.<\/li>\n\n\n\n<li><strong>\u7261\u86ce\u5496\u5561\u4f11\u606f\u65f6\u95f4<\/strong>&nbsp;\u7531 Banc d&#039;Arguin \u6216 Grand Banc \u7261\u86ce\u548c\u4e00\u676f Entre deux Mers \u767d\u8461\u8404\u9152\u7ec4\u6210\u3002<\/li>\n\n\n\n<li><strong>\u5348\u9910<\/strong>&nbsp;\u5728\u963f\u5361\u96c4\u6e2f\uff0c&nbsp;<strong>\u5728\u5c4b\u9876\u4e0a&nbsp;<\/strong>\u4fef\u77b0\u6e2f\u53e3\u3001\u7261\u86ce\u517b\u6b96\u573a\u548c\u963f\u5361\u96c4\u6d77\u6ee9\u3002<\/li>\n\n\n\n<li>\u4e0b\u5348\u81f4\u529b\u4e8e&nbsp;<strong>\u6765\u81ea Ville d&#039;Hiver \u7684\u5bfc\u6e38\u5e26\u9886\u6e38\u89c8<\/strong>\uff0c\u963f\u5361\u96c4\u5386\u53f2\u533a\uff0c\u6b65\u884c\u6216\u9a91\u7535\u52a8\u81ea\u884c\u8f66\u3002<\/li>\n\n\n\n<li>\u53c2\u4e0e\u8005\u5728\u4e00\u5929\u7ed3\u675f\u65f6\u79bb\u5f00\u3002<\/li>\n<\/ul>\n\n\n\n<p>\u8be5\u8ba1\u5212\u4e2d\u63d0\u4f9b\u7684\u7edf\u4e00\u6d3b\u52a8\u88ab\u5f15\u7528\u4e3a\u793a\u4f8b\u3002\u53d1\u73b0&nbsp;<a href=\"https:\/\/fr.calameo.com\/read\/000024421f9dbe748c813\" target=\"_blank\" rel=\"noreferrer noopener\">\u70b9\u51fb\u6b64\u5904\u67e5\u770b Arcachon Bassin \u7ec4\u7ec7\u8005\u6307\u5357\u4e2d\u7684\u4f20\u5165\u673a\u6784<\/a>.<\/p>\n\n\n\n<p>\u66f4\u591a\u4fe1\u606f \uff1a&nbsp;<a href=\"https:\/\/www.arcachon.com\/palais-des-congres\/\" target=\"_blank\" rel=\"noreferrer noopener\">www.arcachon.com\/palais-des-congres\/<\/a><\/p>\n<\/div>\n\n\n\n<div class=\"wp-block-uagb-container uagb-block-0e5e02d9\"><\/div>\n<\/div><\/div>\n\n\n\n<div style=\"height:60px\" aria-hidden=\"true\" class=\"wp-block-spacer\"><\/div>","protected":false},"excerpt":{"rendered":"<p>Business avec vue Espace de 70 m\u00b2 Capacit\u00e9 19 personnes Salon VIP tout \u00e9quip\u00e9 Programme sur-mesure Services Tarifs abordables Nous contacter palaisdescongres@arcachon.com Baign\u00e9e par la lumi\u00e8re du Bassin d\u2019Arcachon avec [&hellip;]<\/p>\n","protected":false},"author":12,"featured_media":58947,"parent":47887,"menu_order":0,"comment_status":"closed","ping_status":"closed","template":"","meta":{"_acf_changed":false,"_uag_custom_page_level_css":".bloc_contact {overflow-wrap: break-word; word-break: break-all;}","footnotes":""},"class_list":["post-48239","page","type-page","status-publish","has-post-thumbnail","hentry"],"acf":[],"uagb_featured_image_src":{"full":["https:\/\/bassin-arcachon.com\/wp-content\/uploads\/2024\/08\/Salon-VIP-PDC-reunion-strom-studio-scaled.png",2560,1707,false],"thumbnail":["https:\/\/bassin-arcachon.com\/wp-content\/uploads\/2024\/08\/Salon-VIP-PDC-reunion-strom-studio-150x150.png",150,150,true],"medium":["https:\/\/bassin-arcachon.com\/wp-content\/uploads\/2024\/08\/Salon-VIP-PDC-reunion-strom-studio-600x400.png",600,400,true],"medium_large":["https:\/\/bassin-arcachon.com\/wp-content\/uploads\/2024\/08\/Salon-VIP-PDC-reunion-strom-studio-768x512.png",768,512,true],"large":["https:\/\/bassin-arcachon.com\/wp-content\/uploads\/2024\/08\/Salon-VIP-PDC-reunion-strom-studio-1024x683.png",1024,683,true],"1536x1536":["https:\/\/bassin-arcachon.com\/wp-content\/uploads\/2024\/08\/Salon-VIP-PDC-reunion-strom-studio-1536x1024.png",1536,1024,true],"2048x2048":["https:\/\/bassin-arcachon.com\/wp-content\/uploads\/2024\/08\/Salon-VIP-PDC-reunion-strom-studio-2048x1365.png",2048,1365,true],"trp-custom-language-flag":["https:\/\/bassin-arcachon.com\/wp-content\/uploads\/2024\/08\/Salon-VIP-PDC-reunion-strom-studio-18x12.png",18,12,true]},"uagb_author_info":{"display_name":"Marine, habitante du Bassin d'Arcachon","author_link":"https:\/\/bassin-arcachon.com\/zh\/author\/marinesiba\/"},"uagb_comment_info":0,"uagb_excerpt":"Business avec vue Espace de 70 m\u00b2 Capacit\u00e9 19 personnes Salon VIP tout \u00e9quip\u00e9 Programme sur-mesure Services Tarifs abordables Nous contacter palaisdescongres@arcachon.com Baign\u00e9e par la lumi\u00e8re du Bassin d\u2019Arcachon avec [&hellip;]","_links":{"self":[{"href":"https:\/\/bassin-arcachon.com\/zh\/wp-json\/wp\/v2\/pages\/48239","targetHints":{"allow":["GET"]}}],"collection":[{"href":"https:\/\/bassin-arcachon.com\/zh\/wp-json\/wp\/v2\/pages"}],"about":[{"href":"https:\/\/bassin-arcachon.com\/zh\/wp-json\/wp\/v2\/types\/page"}],"author":[{"embeddable":true,"href":"https:\/\/bassin-arcachon.com\/zh\/wp-json\/wp\/v2\/users\/12"}],"replies":[{"embeddable":true,"href":"https:\/\/bassin-arcachon.com\/zh\/wp-json\/wp\/v2\/comments?post=48239"}],"version-history":[{"count":0,"href":"https:\/\/bassin-arcachon.com\/zh\/wp-json\/wp\/v2\/pages\/48239\/revisions"}],"up":[{"embeddable":true,"href":"https:\/\/bassin-arcachon.com\/zh\/wp-json\/wp\/v2\/pages\/47887"}],"wp:featuredmedia":[{"embeddable":true,"href":"https:\/\/bassin-arcachon.com\/zh\/wp-json\/wp\/v2\/media\/58947"}],"wp:attachment":[{"href":"https:\/\/bassin-arcachon.com\/zh\/wp-json\/wp\/v2\/media?parent=48239"}],"curies":[{"name":"\u53ef\u6e7f\u6027\u7c89\u5242","href":"https:\/\/api.w.org\/{rel}","templated":true}]}}