{"id":52286,"date":"2022-11-02T17:08:40","date_gmt":"2022-11-02T16:08:40","guid":{"rendered":"https:\/\/bassin-arcachon.com\/?page_id=52286"},"modified":"2025-11-04T10:32:44","modified_gmt":"2025-11-04T09:32:44","slug":"%e6%88%91%e4%bb%ac%e7%9a%84%e5%b0%8f%e5%86%8c%e5%ad%90","status":"publish","type":"page","link":"https:\/\/bassin-arcachon.com\/zh\/nos-brochures\/","title":{"rendered":"\u6211\u4eec\u7684\u5c0f\u518c\u5b50"},"content":{"rendered":"<div class=\"wp-block-uagb-container form-brochure uagb-block-1bf3bff8 alignfull uagb-is-root-container\"><div class=\"uagb-container-inner-blocks-wrap\">\n<div style=\"height:2em\" aria-hidden=\"true\" class=\"wp-block-spacer uag-hide-desktop\"><\/div>\n\n\n\n<h2 class=\"wp-block-heading has-text-align-center\">\u8981\u901a\u8fc7\u90ae\u5bc4\u65b9\u5f0f\u63a5\u6536 Arcachon \u7684 Bassin \u76ee\u7684\u5730\u6742\u5fd7\uff0c<br>\u901a\u8fc7\u4e0b\u9762\u7684\u8868\u683c\u8ba2\u8d2d\u3002<\/h2>\n\n\n\n<p class=\"has-text-align-center\">\u54a8\u8be2\u6211\u4eec\u6240\u6709\u7684 <a href=\"https:\/\/bassin-arcachon.com\/zh\/%e6%88%91%e4%bb%ac%e7%9a%84%e5%b0%8f%e5%86%8c%e5%ad%90\/#brochures\">\u5c0f\u518c\u5b50\u53ef\u5728\u4e0b\u65b9\u4e0b\u8f7d\u3002<\/a><\/p>\n\n\n\n<div class=\"wp-block-uagb-container formContainer uagb-block-c97f651c\">\n<div class=\"forminator-guttenberg\"><div class=\"forminator-ui forminator-custom-form forminator-custom-form-157907 forminator-design--basic  forminator_ajax\" data-forminator-render=\"0\" data-form=\"forminator-module-157907\" data-uid=\"69f10b22e1a46\"><br\/><\/div><form\n\t\t\t\tid=\"forminator-module-157907\"\n\t\t\t\tclass=\"forminator-ui forminator-custom-form forminator-custom-form-157907 forminator-design--basic  forminator_ajax\"\n\t\t\t\tmethod=\"post\"\n\t\t\t\tdata-forminator-render=\"0\"\n\t\t\t\tdata-form-id=\"157907\"\n\t\t\t\t data-color-option=\"theme\" data-design=\"basic\" data-grid=\"open\" style=\"display: none;\"\n\t\t\t\tdata-uid=\"69f10b22e1a46\" action=\"\"\n\t\t\t><div role=\"alert\" aria-live=\"polite\" class=\"forminator-response-message forminator-error\" aria-hidden=\"true\"><\/div><div class=\"forminator-row\"><div id=\"radio-1\" class=\"forminator-field-radio forminator-col forminator-col-12\"><div role=\"radiogroup\" class=\"forminator-field\" aria-labelledby=\"forminator-radiogroup-radio-1-69f10b22e1a46-label\"><span id=\"forminator-radiogroup-radio-1-69f10b22e1a46-label\" class=\"forminator-label\">\u793c\u8c8c <span class=\"forminator-required\">*<\/span><\/span><label id=\"forminator-field-radio-1-label-1\" for=\"forminator-field-radio-1-1-69f10b22e1a46\" class=\"forminator-radio forminator-radio-inline\" title=\"\u592a\u592a\"><input type=\"radio\" name=\"radio-1\" value=\"Mme\" id=\"forminator-field-radio-1-1-69f10b22e1a46\" aria-labelledby=\"forminator-field-radio-1-label-1\" data-calculation=\"0\"   data-hidden-behavior=\"zero\"\/><span class=\"forminator-radio-bullet\" aria-hidden=\"true\"><\/span><span class=\"forminator-radio-label\">\u592a\u592a<\/span><\/label><label id=\"forminator-field-radio-1-label-2\" for=\"forminator-field-radio-1-2-69f10b22e1a46\" class=\"forminator-radio forminator-radio-inline\" title=\"\u5148\u751f\"><input type=\"radio\" name=\"radio-1\" value=\"Mr\" id=\"forminator-field-radio-1-2-69f10b22e1a46\" aria-labelledby=\"forminator-field-radio-1-label-2\" data-calculation=\"0\"   data-hidden-behavior=\"zero\"\/><span class=\"forminator-radio-bullet\" aria-hidden=\"true\"><\/span><span class=\"forminator-radio-label\">\u5148\u751f<\/span><\/label><\/div><\/div><\/div><div class=\"forminator-row\"><div id=\"name-1\" class=\"forminator-field-name forminator-col forminator-col-4\"><div class=\"forminator-field\"><label for=\"forminator-field-name-1_69f10b22e1a46\" id=\"forminator-field-name-1_69f10b22e1a46-label\" class=\"forminator-label\">\u540d <span class=\"forminator-required\">*<\/span><\/label><input type=\"text\" name=\"name-1\" value=\"\" placeholder=\"\u540d\" id=\"forminator-field-name-1_69f10b22e1a46\" class=\"forminator-input forminator-name--field\" aria-required=\"true\" autocomplete=\"name\" \/><\/div><\/div><div id=\"name-2\" class=\"forminator-field-name forminator-col forminator-col-4\"><div class=\"forminator-field\"><label for=\"forminator-field-name-2_69f10b22e1a46\" id=\"forminator-field-name-2_69f10b22e1a46-label\" class=\"forminator-label\">\u59d3\u540d <span class=\"forminator-required\">*<\/span><\/label><input type=\"text\" name=\"name-2\" value=\"\" placeholder=\"\u59d3\u540d\" id=\"forminator-field-name-2_69f10b22e1a46\" class=\"forminator-input forminator-name--field\" aria-required=\"true\" autocomplete=\"name\" \/><\/div><\/div><div id=\"email-1\" class=\"forminator-field-email forminator-col forminator-col-4\"><div class=\"forminator-field\"><label for=\"forminator-field-email-1_69f10b22e1a46\" id=\"forminator-field-email-1_69f10b22e1a46-label\" class=\"forminator-label\">\u7535\u5b50\u90ae\u4ef6 <span class=\"forminator-required\">*<\/span><\/label><input type=\"email\" name=\"email-1\" value=\"\" placeholder=\"\u7535\u5b50\u90ae\u4ef6\" id=\"forminator-field-email-1_69f10b22e1a46\" class=\"forminator-input forminator-email--field\" data-required=\"true\" aria-required=\"true\" autocomplete=\"email\" \/><\/div><\/div><\/div><div class=\"forminator-row\"><div id=\"text-1\" class=\"forminator-field-text forminator-col forminator-col-4\"><div class=\"forminator-field\"><label for=\"forminator-field-text-1_69f10b22e1a46\" id=\"forminator-field-text-1_69f10b22e1a46-label\" class=\"forminator-label\">\u5730\u5740 <span class=\"forminator-required\">*<\/span><\/label><input type=\"text\" name=\"text-1\" value=\"\" placeholder=\"\u5730\u5740\" id=\"forminator-field-text-1_69f10b22e1a46\" class=\"forminator-input forminator-name--field\" data-required=\"1\" \/><\/div><\/div><div id=\"text-2\" class=\"forminator-field-text forminator-col forminator-col-4\"><div class=\"forminator-field\"><label for=\"forminator-field-text-2_69f10b22e1a46\" id=\"forminator-field-text-2_69f10b22e1a46-label\" class=\"forminator-label\">\u90ae\u653f\u7f16\u7801 <span class=\"forminator-required\">*<\/span><\/label><input type=\"text\" name=\"text-2\" value=\"\" placeholder=\"\u90ae\u653f\u7f16\u7801\" id=\"forminator-field-text-2_69f10b22e1a46\" class=\"forminator-input forminator-name--field\" data-required=\"1\" \/><\/div><\/div><div id=\"text-3\" class=\"forminator-field-text forminator-col forminator-col-4\"><div class=\"forminator-field\"><label for=\"forminator-field-text-3_69f10b22e1a46\" id=\"forminator-field-text-3_69f10b22e1a46-label\" class=\"forminator-label\">\u57ce\u5e02 <span class=\"forminator-required\">*<\/span><\/label><input type=\"text\" name=\"text-3\" value=\"\" placeholder=\"\u57ce\u5e02\" id=\"forminator-field-text-3_69f10b22e1a46\" class=\"forminator-input forminator-name--field\" data-required=\"1\" \/><\/div><\/div><\/div><div class=\"forminator-row\"><div id=\"text-4\" class=\"forminator-field-text forminator-col forminator-col-4\"><div class=\"forminator-field\"><label for=\"forminator-field-text-4_69f10b22e1a46\" id=\"forminator-field-text-4_69f10b22e1a46-label\" class=\"forminator-label\">\u56fd\u5bb6 <span class=\"forminator-required\">*<\/span><\/label><input type=\"text\" name=\"text-4\" value=\"\" placeholder=\"\u56fd\u5bb6\" id=\"forminator-field-text-4_69f10b22e1a46\" class=\"forminator-input forminator-name--field\" data-required=\"1\" \/><\/div><\/div><div id=\"html-1\" class=\"forminator-field-html forminator-col forminator-col-4\"><div class=\"forminator-field forminator-merge-tags\" data-field=\"html-1\"><label class=\"forminator-label\">HTML<\/label><\/div><\/div><div id=\"html-2\" class=\"forminator-field-html forminator-col forminator-col-4\"><div class=\"forminator-field forminator-merge-tags\" data-field=\"html-2\"><label class=\"forminator-label\">HTML<\/label><\/div><\/div><\/div><div class=\"forminator-row forminator-hidden\"><div id=\"hidden-2\" class=\"forminator-field-hidden  forminator-col-12\"><input type=\"hidden\" id=\"hidden-2_69f10b22e1a46\" name=\"hidden-2\" value=\"216.73.217.7\" \/><\/div><\/div><div class=\"forminator-row\"><div id=\"checkbox-1\" class=\"forminator-field-checkbox forminator-col forminator-col-12\"><div role=\"group\" class=\"forminator-field\" aria-labelledby=\"forminator-checkbox-group-forminator-field-checkbox-1-69f10b22e1a46-label\"><span id=\"forminator-checkbox-group-forminator-field-checkbox-1-69f10b22e1a46-label\" class=\"forminator-label\">\u901a\u8baf<\/span><label id=\"forminator-field-checkbox-1-1-69f10b22e1a46-label\" for=\"forminator-field-checkbox-1-1-69f10b22e1a46\" class=\"forminator-checkbox forminator-checkbox-inline\" title=\"\u6211\u540c\u610f\u63a5\u6536\u6765\u81ea Syndicat Intercommunal du Bassin d&#039;Arcachon \u7684\u5546\u4e1a\u4fe1\u606f\u3002\u6211\u53ef\u4ee5\u968f\u65f6\u901a\u8fc7\u53d1\u9001\u81f3tourisme@siba-bassin-arcachon.fr \u7684\u7b80\u5355\u7535\u5b50\u90ae\u4ef6\u653e\u5f03\u6b64\u6388\u6743\"><input type=\"checkbox\" name=\"checkbox-1[]\" value=\"one\" id=\"forminator-field-checkbox-1-1-69f10b22e1a46\" aria-labelledby=\"forminator-field-checkbox-1-1-69f10b22e1a46-label\" data-calculation=\"0\"   data-hidden-behavior=\"zero\"\/><span class=\"forminator-checkbox-box\" aria-hidden=\"true\"><\/span><span class=\"forminator-checkbox-label\">J\u2019accepte de recevoir les informations \u00e0 caract\u00e8re commercial provenant du Syndicat Intercommunal du Bassin d&rsquo;Arcachon. Je pourrai \u00e0 tout moment renoncer \u00e0 cette autorisation par simple courrier \u00e9lectronique adress\u00e9 \u00e0 tourisme@siba-bassin-arcachon.fr<\/span><\/label><\/div><\/div><\/div><div class=\"forminator-row\"><div id=\"consent-1\" class=\"forminator-field-consent forminator-col forminator-col-12\"><div class=\"forminator-field\"><label for=\"forminator-field-consent-1_69f10b22e1a46\" id=\"forminator-field-consent-1_69f10b22e1a46-label\" class=\"forminator-label\">GDPR \u540c\u610f <span class=\"forminator-required\">*<\/span><\/label><div class=\"forminator-checkbox__wrapper\"><label id=\"forminator-field-consent-1_69f10b22e1a46__label\" class=\"forminator-checkbox forminator-consent\"><input type=\"checkbox\" name=\"consent-1\" id=\"forminator-field-consent-1_69f10b22e1a46\" value=\"checked\" aria-labelledby=\"forminator-field-consent-1_69f10b22e1a46-label\" aria-describedby=\"forminator-field-consent-1_69f10b22e1a46__description\" data-required=\"true\" aria-required=\"true\" \/><span class=\"forminator-checkbox-box\" aria-hidden=\"true\"><\/span><\/label><div id=\"forminator-field-consent-1_69f10b22e1a46__description\" class=\"forminator-checkbox__label forminator-consent__label\"><span>J&rsquo;accepte la <a rel=\"noopener\" target=\"_blank\" href=\"https:\/\/bassin-arcachon.com\/zh\/%e9%9a%90%e7%a7%81%e6%94%bf%e7%ad%96\/\">\u9690\u79c1\u653f\u7b56<\/a> \u6765\u81ea bassin-arcachon.com (SIBA) \u5e76\u63a5\u53d7\u6211\u7684\u6570\u636e\u53ef\u80fd\u7528\u4f5c\u6211\u7684\u8bf7\u6c42\u7684\u4e00\u90e8\u5206<\/span><\/div><\/div><\/div><\/div><\/div><input type=\"hidden\" name=\"referer_url\" value=\"\" \/><div class=\"forminator-row forminator-row-last\"><div class=\"forminator-col\"><div class=\"forminator-field\">            <div class=\"honeycatch\"\n                data-context=\"forminator\"\n                data-rest-url=\"https:\/\/bassin-arcachon.com\/zh\/wp-json\/honeycatch\/v1\/challenge\"\n                data-loading-text=\"V\u00e9rification anti-robot en cours\u2026\"\n                data-solved-text=\"V\u00e9rification anti-robot valid\u00e9e.\"\n                data-error-text=\"La v\u00e9rification anti-robot a \u00e9chou\u00e9, merci de r\u00e9essayer.\"\n            >\n                <input type=\"hidden\" name=\"honeycatch_nonce\" value=\"\" data-honeycatch-nonce>\n                <input type=\"hidden\" name=\"honeycatch_solution\" value=\"\" data-honeycatch-solution>\n                <input type=\"hidden\" name=\"honeycatch_elapsed\" value=\"\" data-honeycatch-elapsed>\n                <p class=\"honeycatch__status\" aria-live=\"polite\">V\u00e9rification anti-robot en cours\u2026<\/p>\n                <div class=\"honeycatch__spinner\" aria-hidden=\"true\"><\/div>\n                <label class=\"honeycatch__honeypot-label\" for=\"hc_hp_placeholder\">\n                    Ne pas remplir ce champ                <\/label>\n                <input type=\"text\"\n                    id=\"hc_hp_placeholder\"\n                    name=\"\"\n                    value=\"\"\n                    autocomplete=\"off\"\n                    tabindex=\"-1\"\n                    class=\"honeycatch__honeypot\"\n                    data-honeypot=\"true\"\n                    aria-hidden=\"true\"\n                >\n                <noscript>\n                    <p class=\"honeycatch__noscript\">\n                        Merci d&#039;activer JavaScript pour soumettre ce formulaire.                    <\/p>\n                <\/noscript>\n            <\/div>\n        <button class=\"forminator-button forminator-button-submit button large\">\u53d1\u9001\u6211\u7684\u8bf7\u6c42<\/button><\/div><\/div><\/div><input type=\"hidden\" id=\"forminator_nonce\" name=\"forminator_nonce\" value=\"484d9791fb\" \/><input type=\"hidden\" name=\"_wp_http_referer\" value=\"\/zh\/wp-json\/wp\/v2\/pages\/52286\" \/><input type=\"hidden\" name=\"form_id\" value=\"157907\"><input type=\"hidden\" name=\"page_id\" value=\"52286\"><input type=\"hidden\" name=\"form_type\" value=\"default\"><input type=\"hidden\" name=\"current_url\" value=\"https:\/\/bassin-arcachon.com\/zh\/nos-brochures\/\"><input type=\"hidden\" name=\"render_id\" value=\"0\"><input type=\"hidden\" name=\"action\" value=\"forminator_submit_form_custom-forms\"><label for=\"input_12\" class=\"forminator-hidden\" aria-hidden=\"true\">\u8bf7\u4e0d\u8981\u586b\u5199\u6b64\u5b57\u6bb5\u3002 <input id=\"input_12\" type=\"text\" name=\"input_12\" value=\"\" autocomplete=\"off\"><\/label><input type=\"hidden\" name=\"trp-form-language\" value=\"zh\"\/><\/form><\/div>\n<\/div>\n<\/div><\/div>","protected":false},"excerpt":{"rendered":"<p>\u5982\u9700\u90ae\u5bc4\u300a\u963f\u5361\u96c4 Bassin \u76ee\u7684\u5730\u6742\u5fd7\u300b\uff0c\u8bf7\u4f7f\u7528\u4e0b\u65b9\u8868\u683c\u8ba2\u8d2d\u3002\u4e0b\u65b9\u63d0\u4f9b\u6240\u6709\u53ef\u4f9b\u4e0b\u8f7d\u7684\u5ba3\u4f20\u518c\u3002<\/p>","protected":false},"author":300,"featured_media":54275,"parent":0,"menu_order":19,"comment_status":"closed","ping_status":"closed","template":"page-templates\/page-brochures.php","meta":{"_acf_changed":false,"_uag_custom_page_level_css":"","footnotes":""},"class_list":["post-52286","page","type-page","status-publish","has-post-thumbnail","hentry"],"acf":[],"uagb_featured_image_src":{"full":["https:\/\/bassin-arcachon.com\/wp-content\/uploads\/2023\/01\/Photos-Dune-6-scaled.jpg",2560,1920,false],"thumbnail":["https:\/\/bassin-arcachon.com\/wp-content\/uploads\/2023\/01\/Photos-Dune-6-scaled-150x150.jpg",150,150,true],"medium":["https:\/\/bassin-arcachon.com\/wp-content\/uploads\/2023\/01\/Photos-Dune-6-scaled-600x450.jpg",600,450,true],"medium_large":["https:\/\/bassin-arcachon.com\/wp-content\/uploads\/2023\/01\/Photos-Dune-6-scaled-768x576.jpg",768,576,true],"large":["https:\/\/bassin-arcachon.com\/wp-content\/uploads\/2023\/01\/Photos-Dune-6-scaled-1024x768.jpg",1024,768,true],"1536x1536":["https:\/\/bassin-arcachon.com\/wp-content\/uploads\/2023\/01\/Photos-Dune-6-scaled-1536x1152.jpg",1536,1152,true],"2048x2048":["https:\/\/bassin-arcachon.com\/wp-content\/uploads\/2023\/01\/Photos-Dune-6-scaled-2048x1536.jpg",2048,1536,true],"trp-custom-language-flag":["https:\/\/bassin-arcachon.com\/wp-content\/uploads\/2023\/01\/Photos-Dune-6-scaled-16x12.jpg",16,12,true]},"uagb_author_info":{"display_name":"dfuzionadmin","author_link":"https:\/\/bassin-arcachon.com\/zh\/author\/dfuzionadmin\/"},"uagb_comment_info":0,"uagb_excerpt":"Pour recevoir le Magazine de la destination Bassin d\u2019Arcachon par courrier,commandez-le via le formulaire ci-dessous. Consultez toutes nos brochures disponibles en t\u00e9l\u00e9chargement ci-dessous.","_links":{"self":[{"href":"https:\/\/bassin-arcachon.com\/zh\/wp-json\/wp\/v2\/pages\/52286","targetHints":{"allow":["GET"]}}],"collection":[{"href":"https:\/\/bassin-arcachon.com\/zh\/wp-json\/wp\/v2\/pages"}],"about":[{"href":"https:\/\/bassin-arcachon.com\/zh\/wp-json\/wp\/v2\/types\/page"}],"author":[{"embeddable":true,"href":"https:\/\/bassin-arcachon.com\/zh\/wp-json\/wp\/v2\/users\/300"}],"replies":[{"embeddable":true,"href":"https:\/\/bassin-arcachon.com\/zh\/wp-json\/wp\/v2\/comments?post=52286"}],"version-history":[{"count":25,"href":"https:\/\/bassin-arcachon.com\/zh\/wp-json\/wp\/v2\/pages\/52286\/revisions"}],"predecessor-version":[{"id":165201,"href":"https:\/\/bassin-arcachon.com\/zh\/wp-json\/wp\/v2\/pages\/52286\/revisions\/165201"}],"wp:featuredmedia":[{"embeddable":true,"href":"https:\/\/bassin-arcachon.com\/zh\/wp-json\/wp\/v2\/media\/54275"}],"wp:attachment":[{"href":"https:\/\/bassin-arcachon.com\/zh\/wp-json\/wp\/v2\/media?parent=52286"}],"curies":[{"name":"\u53ef\u6e7f\u6027\u7c89\u5242","href":"https:\/\/api.w.org\/{rel}","templated":true}]}}