{"id":52487,"date":"2022-11-04T15:59:29","date_gmt":"2022-11-04T14:59:29","guid":{"rendered":"https:\/\/bassin-arcachon.com\/?page_id=52487"},"modified":"2025-09-04T16:36:41","modified_gmt":"2025-09-04T14:36:41","slug":"%e6%bd%ae%e6%b1%90%e6%97%b6%e9%97%b4","status":"publish","type":"page","link":"https:\/\/bassin-arcachon.com\/zh\/horaires-des-marees\/","title":{"rendered":"\u6f6e\u6c50\u65f6\u95f4"},"content":{"rendered":"<div style=\"height:30px\" aria-hidden=\"true\" class=\"wp-block-spacer\"><\/div>\n\n\n\n<div class=\"wp-block-uagb-container mareesvdo uagb-block-c39714a5 alignfull uagb-is-root-container\"><div class=\"uagb-container-inner-blocks-wrap\">\n<div class=\"wp-block-uagb-container uagb-block-05ae7661\">\n<figure class=\"wp-block-video\"><video height=\"720\" style=\"aspect-ratio: 720 \/ 720;\" width=\"720\" autoplay loop muted src=\"https:\/\/bassin-arcachon.com\/wp-content\/uploads\/2024\/02\/VideoMarees-1.mp4\" playsinline><\/video><\/figure>\n<\/div>\n\n\n\n<div class=\"wp-block-uagb-container uagb-block-f49a0e82\">\n<h2 class=\"wp-block-heading\">\u6f6e\u6c50<br>\u6765\u81ea\u963f\u5361\u96c4\u7684 Bassin\uff0c<br>\u6bcf\u65e5\u79c0<\/h2>\n\n\n\n<p>\u5728\u963f\u5361\u96c4 Bassin \u7684\u4e2d\u5fc3\uff0c\u6bcf\u65e5\u7684\u6f6e\u6c50\u5947\u89c2\u5728\u6708\u4eae\u548c\u592a\u9633\u7684\u5f15\u5bfc\u4e0b\u6c38\u4e45\u5730\u6539\u53d8\u7740\u5730\u8c8c\u3002\u8fd9\u4e9b\u8ff7\u4eba\u7684\u6f6e\u6c50\u867d\u7136\u9ad8\u5ea6\u548c\u901f\u5ea6\u5404\u4e0d\u76f8\u540c\uff0c\u4f46\u9700\u8981\u5c0f\u5fc3\u8c28\u614e\u3002<br>\u8bf7\u52a1\u5fc5\u67e5\u9605\u6f6e\u6c50\u65f6\u95f4\u5e76\u9075\u5faa\u5b89\u5168\u8bf4\u660e\uff0c\u4ee5\u5b89\u5168\u5730\u63a2\u7d22 Bassin\u3002<\/p>\n<\/div>\n<\/div><\/div>\n\n\n\n<p class=\"has-text-align-center\">\u627e\u5230\u6211\u4eec\u7684 <a href=\"https:\/\/bassin-arcachon.com\/zh\/%e9%98%bf%e5%8d%a1%e9%9b%84%e7%9b%86%e5%9c%b0%e6%9c%ac%e5%91%a8%e5%a4%a9%e6%b0%94%e9%a2%84%e6%8a%a5\/\" data-type=\"link\" data-id=\"https:\/\/bassin-arcachon.com\/previsions-meteo-bassin-arcachon-semaine\/\">7\u5929\u5929\u6c14\u9884\u62a5<\/a> \u9002\u7528\u4e8e Arcachon Bassin<\/p>\n\n\n\n<div style=\"height:100px\" aria-hidden=\"true\" class=\"wp-block-spacer\"><\/div>","protected":false},"excerpt":{"rendered":"<p>Mar\u00e9es duBassin d\u2019Arcachon,un spectacle quotidien Au c\u0153ur du Bassin d\u2019Arcachon, le spectacle quotidien des mar\u00e9es, guid\u00e9 par la lune et le soleil, transforme le paysage en permanence. Ces mar\u00e9es fascinantes, [&hellip;]<\/p>\n","protected":false},"author":300,"featured_media":271,"parent":0,"menu_order":14,"comment_status":"closed","ping_status":"closed","template":"page-templates\/page-marees2.php","meta":{"_acf_changed":false,"_uag_custom_page_level_css":"","footnotes":""},"class_list":["post-52487","page","type-page","status-publish","has-post-thumbnail","hentry"],"acf":[],"uagb_featured_image_src":{"full":["https:\/\/bassin-arcachon.com\/wp-content\/uploads\/2017\/02\/header-marees.png",1200,290,false],"thumbnail":["https:\/\/bassin-arcachon.com\/wp-content\/uploads\/2017\/02\/header-marees-150x150.png",150,150,true],"medium":["https:\/\/bassin-arcachon.com\/wp-content\/uploads\/2017\/02\/header-marees-600x145.png",600,145,true],"medium_large":["https:\/\/bassin-arcachon.com\/wp-content\/uploads\/2017\/02\/header-marees-768x186.png",768,186,true],"large":["https:\/\/bassin-arcachon.com\/wp-content\/uploads\/2017\/02\/header-marees-1024x247.png",1024,247,true],"1536x1536":["https:\/\/bassin-arcachon.com\/wp-content\/uploads\/2017\/02\/header-marees.png",1200,290,false],"2048x2048":["https:\/\/bassin-arcachon.com\/wp-content\/uploads\/2017\/02\/header-marees.png",1200,290,false],"trp-custom-language-flag":["https:\/\/bassin-arcachon.com\/wp-content\/uploads\/2017\/02\/header-marees-18x4.png",18,4,true]},"uagb_author_info":{"display_name":"dfuzionadmin","author_link":"https:\/\/bassin-arcachon.com\/zh\/author\/dfuzionadmin\/"},"uagb_comment_info":0,"uagb_excerpt":"Mar\u00e9es duBassin d\u2019Arcachon,un spectacle quotidien Au c\u0153ur du Bassin d\u2019Arcachon, le spectacle quotidien des mar\u00e9es, guid\u00e9 par la lune et le soleil, transforme le paysage en permanence. Ces mar\u00e9es fascinantes, [&hellip;]","_links":{"self":[{"href":"https:\/\/bassin-arcachon.com\/zh\/wp-json\/wp\/v2\/pages\/52487","targetHints":{"allow":["GET"]}}],"collection":[{"href":"https:\/\/bassin-arcachon.com\/zh\/wp-json\/wp\/v2\/pages"}],"about":[{"href":"https:\/\/bassin-arcachon.com\/zh\/wp-json\/wp\/v2\/types\/page"}],"author":[{"embeddable":true,"href":"https:\/\/bassin-arcachon.com\/zh\/wp-json\/wp\/v2\/users\/300"}],"replies":[{"embeddable":true,"href":"https:\/\/bassin-arcachon.com\/zh\/wp-json\/wp\/v2\/comments?post=52487"}],"version-history":[{"count":1,"href":"https:\/\/bassin-arcachon.com\/zh\/wp-json\/wp\/v2\/pages\/52487\/revisions"}],"predecessor-version":[{"id":180388,"href":"https:\/\/bassin-arcachon.com\/zh\/wp-json\/wp\/v2\/pages\/52487\/revisions\/180388"}],"wp:featuredmedia":[{"embeddable":true,"href":"https:\/\/bassin-arcachon.com\/zh\/wp-json\/wp\/v2\/media\/271"}],"wp:attachment":[{"href":"https:\/\/bassin-arcachon.com\/zh\/wp-json\/wp\/v2\/media?parent=52487"}],"curies":[{"name":"\u53ef\u6e7f\u6027\u7c89\u5242","href":"https:\/\/api.w.org\/{rel}","templated":true}]}}