{"id":58310,"date":"2024-05-07T13:31:15","date_gmt":"2024-05-07T11:31:15","guid":{"rendered":"https:\/\/bassin-arcachon.com\/?page_id=58310"},"modified":"2026-01-19T08:22:53","modified_gmt":"2026-01-19T07:22:53","slug":"%e9%98%bf%e5%8d%a1%e9%9b%84%e7%9b%86%e5%9c%b0%e6%9c%ac%e5%91%a8%e5%a4%a9%e6%b0%94%e9%a2%84%e6%8a%a5","status":"publish","type":"page","link":"https:\/\/bassin-arcachon.com\/zh\/previsions-meteo-bassin-arcachon-semaine\/","title":{"rendered":"\u963f\u5361\u96c4 Bassin \u5929\u6c14\u9884\u62a5"},"content":{"rendered":"<h2 class=\"wp-block-heading has-text-align-center\" style=\"font-size:33px\">\u67e5\u627e\u60a8\u5f53\u5730\u7684\u5929\u6c14 <br>\u4ece\u963f\u5361\u96c4\u51fa\u53d1 Bassin 6 \u5929<\/h2>\n\n\n\n<div style=\"height:28px\" aria-hidden=\"true\" class=\"wp-block-spacer\"><\/div>\n\n\n<div class=\"wp-block-image is-style-default\">\n<figure class=\"aligncenter size-large is-resized\"><img loading=\"lazy\" decoding=\"async\" width=\"1024\" height=\"683\" src=\"https:\/\/bassin-arcachon.com\/wp-content\/uploads\/2022\/11\/20160429_HD_Jetee-du-Moulleau_CASSIAU-9-scaled-1024x683.jpg\" alt=\"- - Bassin d&#039;Arcachon\" class=\"wp-image-52236\" style=\"width:736px;height:auto\" title=\"- - Bassin d&#039;Arcachon\" srcset=\"https:\/\/bassin-arcachon.com\/wp-content\/uploads\/2022\/11\/20160429_HD_Jetee-du-Moulleau_CASSIAU-9-scaled-1024x683.jpg 1024w, https:\/\/bassin-arcachon.com\/wp-content\/uploads\/2022\/11\/20160429_HD_Jetee-du-Moulleau_CASSIAU-9-scaled-600x400.jpg 600w, https:\/\/bassin-arcachon.com\/wp-content\/uploads\/2022\/11\/20160429_HD_Jetee-du-Moulleau_CASSIAU-9-scaled-768x512.jpg 768w, https:\/\/bassin-arcachon.com\/wp-content\/uploads\/2022\/11\/20160429_HD_Jetee-du-Moulleau_CASSIAU-9-scaled-1536x1024.jpg 1536w, https:\/\/bassin-arcachon.com\/wp-content\/uploads\/2022\/11\/20160429_HD_Jetee-du-Moulleau_CASSIAU-9-scaled-2048x1366.jpg 2048w, https:\/\/bassin-arcachon.com\/wp-content\/uploads\/2022\/11\/20160429_HD_Jetee-du-Moulleau_CASSIAU-9-scaled-18x12.jpg 18w\" sizes=\"auto, (max-width: 1024px) 100vw, 1024px\" \/><\/figure>\n<\/div>\n\n\n<div style=\"height:25px\" aria-hidden=\"true\" class=\"wp-block-spacer\"><\/div>\n\n\n\n<h2 class=\"wp-block-heading has-text-align-center has-large-font-size\">\u6839\u636e\u5929\u6c14\u60c5\u51b5\u5b89\u6392\u6d3b\u52a8\uff1a<\/h2>\n\n\n\n<p class=\"has-text-align-center\">\u5929\u6c14\u5f88\u597d\uff1a\u8fd9\u662f\u4e00\u4e2a\u63a2\u7d22\u7684\u673a\u4f1a <a href=\"https:\/\/bassin-arcachon.com\/zh\/%e6%88%91%e4%bb%ac%e7%9a%84%e5%bf%85%e9%9c%80%e5%93%81\/%e6%b2%99%e6%bb%a9\/\">\u6211\u4eec\u6700\u7f8e\u4e3d\u7684\u6d77\u6ee9<\/a> ! <br>\u4e0b\u96e8\u4e86\uff1a\u963f\u5361\u96c4\u7684 Bassin \u5df2\u6ee1 <a href=\"https:\/\/bassin-arcachon.com\/zh\/%e4%b8%8b%e9%9b%a8%e6%97%b6%e8%af%a5%e6%80%8e%e4%b9%88%e5%8a%9e\/\">\u6d3b\u52a8\u6570\u91cf<\/a> \u5373\u4f7f\u5929\u6c14\u4e0d\u597d\uff01<\/p>\n\n\n\n<div style=\"height:38px\" aria-hidden=\"true\" class=\"wp-block-spacer\"><\/div>\n\n\n\n<div class=\"wp-block-uagb-container uagb-block-311c41f9 alignfull uagb-is-root-container\"><div class=\"uagb-container-inner-blocks-wrap\"><iframe title=\"\u6587\u56fe\u65af\u5929\u6c14\u5730\u56fe\u7b80\u7801 44.65 -1.1667\" loading=\"lazy\" style=\"width: 100%; height: 600px; border-radius: 20px; box-sizing: border-box;\" src=\"https:\/\/embed.windy.com\/embed2.html?lat=44.65&lon=-1.1667&zoom=9&overlay=currents&marker=wrong&pressure=true&detailLat=44.65&detailLon=-1.1667&metricWind=knots&metricTemp=\u00b0C&detail=true&calendar=now&product=ecmwf&level=surface&menu=&message=true&type=map&location=coordinates&radarRange=-1\" frameborder=\"0\"><\/iframe>\n\n\n\n<div style=\"height:25px\" aria-hidden=\"true\" class=\"wp-block-spacer\"><\/div>\n\n\n\n<p class=\"has-text-align-center has-medium-font-size\"><strong>\u963f\u5361\u96c4\u4f4d\u4e8e\u6cd5\u56fd\u5927\u897f\u6d0b\u6cbf\u5cb8\uff0c\u5c5e\u6e29\u548c\u7684\u6d77\u6d0b\u6027\u6c14\u5019\uff0c\u5168\u5e74\u6c14\u5019\u591a\u6837\u3002<\/strong><\/p>\n<\/div><\/div>\n\n\n\n<div style=\"height:29px\" aria-hidden=\"true\" class=\"wp-block-spacer\"><\/div>\n\n\n\n<div class=\"wp-block-uagb-container uagb-block-d27eeb93 alignfull uagb-is-root-container\"><div class=\"uagb-container-inner-blocks-wrap\">\n<div class=\"wp-block-uagb-container uagb-block-66f0952b\">\n<figure class=\"wp-block-image size-large\"><img loading=\"lazy\" decoding=\"async\" width=\"1024\" height=\"700\" src=\"https:\/\/bassin-arcachon.com\/wp-content\/uploads\/2020\/07\/20160531_HD_Printemps_Port-Biganos_CASSIAU-12-scaled-1024x700.jpg\" alt=\"\u6bd4\u52a0\u8bfa\u65af\u6e2f\u8272\u5f69\u6591\u6593\u7684\u5c0f\u5c4b\" class=\"wp-image-51799\" title=\"- - Bassin d&#039;Arcachon\" srcset=\"https:\/\/bassin-arcachon.com\/wp-content\/uploads\/2020\/07\/20160531_HD_Printemps_Port-Biganos_CASSIAU-12-scaled-1024x700.jpg 1024w, https:\/\/bassin-arcachon.com\/wp-content\/uploads\/2020\/07\/20160531_HD_Printemps_Port-Biganos_CASSIAU-12-scaled-600x410.jpg 600w, https:\/\/bassin-arcachon.com\/wp-content\/uploads\/2020\/07\/20160531_HD_Printemps_Port-Biganos_CASSIAU-12-scaled-768x525.jpg 768w, https:\/\/bassin-arcachon.com\/wp-content\/uploads\/2020\/07\/20160531_HD_Printemps_Port-Biganos_CASSIAU-12-scaled-1536x1050.jpg 1536w, https:\/\/bassin-arcachon.com\/wp-content\/uploads\/2020\/07\/20160531_HD_Printemps_Port-Biganos_CASSIAU-12-scaled-2048x1400.jpg 2048w, https:\/\/bassin-arcachon.com\/wp-content\/uploads\/2020\/07\/20160531_HD_Printemps_Port-Biganos_CASSIAU-12-scaled-18x12.jpg 18w\" sizes=\"auto, (max-width: 1024px) 100vw, 1024px\" \/><\/figure>\n<\/div>\n\n\n\n<div class=\"wp-block-uagb-container uagb-block-2e66e4fa\">\n<h2 class=\"wp-block-heading\">\u6625\u5b63\u5929\u6c14\uff1a<\/h2>\n\n\n\n<p>\u6625\u5929\uff0c\u4e00\u4e2a\u6e29\u548c\u800c\u9633\u5149\u660e\u5a9a\u7684\u5b63\u8282\uff0c\u9080\u8bf7\u60a8\u6765\u63a2\u7d22\u963f\u5361\u96c4\u7684 Bassin\u3002\u6e29\u548c\u7684\u6c14\u6e29\uff0c\u9a91\u81ea\u884c\u8f66\uff0c <a href=\"https:\/\/bassin-arcachon.com\/zh\/%e6%88%91%e4%bb%ac%e7%9a%84%e5%9f%8e%e5%b8%82%e5%92%8c%e6%9d%91%e5%ba%84\/\">\u6751\u5e84\u7684\u53d1\u73b0<\/a>, \u8fdc\u8db3, <a href=\"https:\/\/www.reserve-ornithologique-du-teich.com\/\" data-type=\"link\" data-id=\"https:\/\/www.reserve-ornithologique-du-teich.com\/\" target=\"_blank\" rel=\"noopener\">\u89c2\u9e1f<\/a>\u3001\u54c1\u5c1d\u7261\u86ce\u548c\u5f53\u5730\u7279\u8272\u83dc\u3001\u70ed\u95f9\u7684\u5e02\u573a\u3001\u5de5\u827a\u54c1\u3001\u6c34\u4e0a\u8fd0\u52a8\u3001\u8868\u6f14\u2026\u2026\u963f\u5361\u96c4 Bassin \u7684\u6625\u5929\uff1a\u4e00\u6b21\u96be\u5fd8\u7684\u4f4f\u5bbf\uff01<\/p>\n\n\n\n<p><\/p>\n<\/div>\n<\/div><\/div>\n\n\n\n<div style=\"height:37px\" aria-hidden=\"true\" class=\"wp-block-spacer\"><\/div>\n\n\n\n<div class=\"wp-block-uagb-container uagb-block-10d90490 alignfull uagb-is-root-container\"><div class=\"uagb-container-inner-blocks-wrap\">\n<div class=\"wp-block-uagb-container uagb-block-2d3d2013\">\n<figure class=\"wp-block-image size-large\"><img loading=\"lazy\" decoding=\"async\" width=\"1024\" height=\"683\" src=\"https:\/\/bassin-arcachon.com\/wp-content\/uploads\/2017\/03\/1-plage-bassin-darcachon-j5-1024x683.jpg\" alt=\"\u5929\u6c14 \u590f\u5b63 \u6d77\u6ee9 \u9633\u5149 \u963f\u5361\u96c4\u76c6\u5730\" class=\"wp-image-533\" title=\"- - Bassin d&#039;Arcachon\" srcset=\"https:\/\/bassin-arcachon.com\/wp-content\/uploads\/2017\/03\/1-plage-bassin-darcachon-j5-1024x683.jpg 1024w, https:\/\/bassin-arcachon.com\/wp-content\/uploads\/2017\/03\/1-plage-bassin-darcachon-j5-600x400.jpg 600w, https:\/\/bassin-arcachon.com\/wp-content\/uploads\/2017\/03\/1-plage-bassin-darcachon-j5-768x512.jpg 768w, https:\/\/bassin-arcachon.com\/wp-content\/uploads\/2017\/03\/1-plage-bassin-darcachon-j5-18x12.jpg 18w, https:\/\/bassin-arcachon.com\/wp-content\/uploads\/2017\/03\/1-plage-bassin-darcachon-j5.jpg 1200w\" sizes=\"auto, (max-width: 1024px) 100vw, 1024px\" \/><\/figure>\n<\/div>\n\n\n\n<div class=\"wp-block-uagb-container uagb-block-0f4a85e9\">\n<h2 class=\"wp-block-heading\">\u590f\u5b63\u6c14\u5019\uff1a<\/h2>\n\n\n\n<p>\u590f\u5b63\uff0c\u963f\u5361\u96c4 Bassin \u6c90\u6d74\u7740\u6e29\u548c\u7684\u6d77\u98ce\u548c\u5b9c\u4eba\u7684\u6c14\u6e29\uff0c\u5e73\u5747\u6e29\u5ea6\u4e3a 20\u00b0C \u81f3 30\u00b0C\u3002\u9633\u5149\u660e\u5a9a\u7684\u65e5\u5b50\u9080\u8bf7\u60a8\u653e\u677e <a href=\"https:\/\/bassin-arcachon.com\/zh\/%e6%88%91%e4%bb%ac%e7%9a%84%e5%bf%85%e9%9c%80%e5%93%81\/%e6%b2%99%e6%bb%a9\/\">\u6c99\u6ee9<\/a> \u7ec6\u6c99\u548c Bassin \u8fb9\u754c\u98ce\u666f\u5982\u753b\u7684\u6751\u5e84\u7684\u53d1\u73b0\u3002<\/p>\n<\/div>\n<\/div><\/div>\n\n\n\n<div style=\"height:37px\" aria-hidden=\"true\" class=\"wp-block-spacer\"><\/div>\n\n\n\n<div class=\"wp-block-uagb-container uagb-block-ad965336 alignfull uagb-is-root-container\"><div class=\"uagb-container-inner-blocks-wrap\">\n<div class=\"wp-block-uagb-container uagb-block-8a39d8e4\">\n<figure class=\"wp-block-image size-large\"><img loading=\"lazy\" decoding=\"async\" width=\"1024\" height=\"683\" src=\"https:\/\/bassin-arcachon.com\/wp-content\/uploads\/2023\/04\/20191010_BD_Sentier-Littoral-VeloPlage_CASSIAU-38-1024x683.jpg\" alt=\"\u5728\u963f\u5361\u96c4\u76c6\u5730\u79cb\u5b63\u5929\u6c14\u4e2d\u6563\u6b65\" class=\"wp-image-55429\" title=\"- - Bassin d&#039;Arcachon\" srcset=\"https:\/\/bassin-arcachon.com\/wp-content\/uploads\/2023\/04\/20191010_BD_Sentier-Littoral-VeloPlage_CASSIAU-38-1024x683.jpg 1024w, https:\/\/bassin-arcachon.com\/wp-content\/uploads\/2023\/04\/20191010_BD_Sentier-Littoral-VeloPlage_CASSIAU-38-600x400.jpg 600w, https:\/\/bassin-arcachon.com\/wp-content\/uploads\/2023\/04\/20191010_BD_Sentier-Littoral-VeloPlage_CASSIAU-38-768x512.jpg 768w, https:\/\/bassin-arcachon.com\/wp-content\/uploads\/2023\/04\/20191010_BD_Sentier-Littoral-VeloPlage_CASSIAU-38-18x12.jpg 18w, https:\/\/bassin-arcachon.com\/wp-content\/uploads\/2023\/04\/20191010_BD_Sentier-Littoral-VeloPlage_CASSIAU-38.jpg 1500w\" sizes=\"auto, (max-width: 1024px) 100vw, 1024px\" \/><\/figure>\n<\/div>\n\n\n\n<div class=\"wp-block-uagb-container uagb-block-c26c47a5\">\n<h2 class=\"wp-block-heading\">\u79cb\u5929\u7684\u751c\u871c\uff1a <\/h2>\n\n\n\n<p>\u79cb\u5929\u7ed9\u963f\u5361\u96c4 Bassin \u7684\u98ce\u666f\u5e26\u6765\u4e86\u7eda\u4e3d\u7684\u8272\u5f69\u3002\u6c14\u6e29\u5f00\u59cb\u5c0f\u5e45\u4e0b\u964d\uff0c\u5929\u6c14\u6e05\u723d\uff0c\u975e\u5e38\u9002\u5408 <a href=\"https:\/\/bassin-arcachon.com\/zh\/%e6%88%91%e4%bb%ac%e7%9a%84%e8%87%aa%e7%84%b6%e5%af%bc%e6%b8%b8%e6%8e%a8%e8%8d%90%e7%9a%84%e5%9c%a8%e9%98%bf%e5%8d%a1%e9%9b%84%e7%9b%86%e5%9c%b0%e6%95%a3%e6%ad%a5%e7%9a%84-5-%e6%9d%a1%e5%bb%ba\/\">\u6563\u6b65<\/a> \u6cbf\u7740\u6d77\u5cb8\u5c0f\u8def\uff0c\u5728\u7199\u7199\u6518\u6518\u7684\u6d77\u6ee8\u5496\u5561\u9986\u91cc\u5ea6\u8fc7\u8f7b\u677e\u7684\u65f6\u5149\u3002<\/p>\n<\/div>\n<\/div><\/div>\n\n\n\n<div style=\"height:37px\" aria-hidden=\"true\" class=\"wp-block-spacer\"><\/div>\n\n\n\n<div class=\"wp-block-uagb-container uagb-block-ae90c130 alignfull uagb-is-root-container\"><div class=\"uagb-container-inner-blocks-wrap\">\n<div class=\"wp-block-uagb-container uagb-block-653d626f\">\n<figure class=\"wp-block-image size-large\"><img loading=\"lazy\" decoding=\"async\" width=\"1024\" height=\"683\" src=\"https:\/\/bassin-arcachon.com\/wp-content\/uploads\/2021\/01\/hiver-famille-SIBA-agence-les-conteurs-33-1024x683.jpg\" alt=\"\u963f\u5361\u96c4\u76ae\u62c9\u76c6\u5730\u51ac\u5b63\u6c99\u4e18\u7684\u5929\u6c14\" class=\"wp-image-48545\" title=\"- - Bassin d&#039;Arcachon\" srcset=\"https:\/\/bassin-arcachon.com\/wp-content\/uploads\/2021\/01\/hiver-famille-SIBA-agence-les-conteurs-33-1024x683.jpg 1024w, https:\/\/bassin-arcachon.com\/wp-content\/uploads\/2021\/01\/hiver-famille-SIBA-agence-les-conteurs-33-600x400.jpg 600w, https:\/\/bassin-arcachon.com\/wp-content\/uploads\/2021\/01\/hiver-famille-SIBA-agence-les-conteurs-33-768x512.jpg 768w, https:\/\/bassin-arcachon.com\/wp-content\/uploads\/2021\/01\/hiver-famille-SIBA-agence-les-conteurs-33-18x12.jpg 18w, https:\/\/bassin-arcachon.com\/wp-content\/uploads\/2021\/01\/hiver-famille-SIBA-agence-les-conteurs-33.jpg 1500w\" sizes=\"auto, (max-width: 1024px) 100vw, 1024px\" \/><\/figure>\n<\/div>\n\n\n\n<div class=\"wp-block-uagb-container uagb-block-98dd496d\">\n<h2 class=\"wp-block-heading\">\u51ac\u5b63\u5929\u6c14\uff1a<\/h2>\n\n\n\n<p>\u51ac\u5b63\uff0c\u963f\u5361\u96c4Bassin\u5448\u73b0\u51fa\u5e73\u548c\u3001\u4ece\u5bb9\u7684\u6c14\u606f\u3002\u6e29\u548c\u7684\u6c14\u6e29\u901a\u5e38\u5728 5\u00b0C \u81f3 10\u00b0C \u4e4b\u95f4\uff0c\u63d0\u4f9b\u4e86\u4ece\u4e0d\u540c\u89d2\u5ea6\u4f53\u9a8c\u8be5\u5730\u533a\u91ce\u751f\u7f8e\u666f\u7684\u673a\u4f1a\u3002\u9633\u5149\u660e\u5a9a\u7684\u65e5\u5b50\u91cc\uff0c\u6d77\u6ee9\u6f2b\u6b65\u548c\u5728\u5f53\u5730\u9910\u5385\u54c1\u5c1d\u6d77\u9c9c\u662f\u5fc5\u505a\u7684\u4f53\u9a8c\u3002<\/p>\n<\/div>\n<\/div><\/div>\n\n\n\n<div style=\"height:37px\" aria-hidden=\"true\" class=\"wp-block-spacer\"><\/div>\n\n\n\n<p class=\"has-text-align-center\">\u53e6\u5916\uff0c\u8bf7\u968f\u65f6\u54a8\u8be2 <a href=\"https:\/\/bassin-arcachon.com\/zh\/%e6%bd%ae%e6%b1%90%e6%97%b6%e9%97%b4\/\">\u6f6e\u6c50\u65f6\u95f4<\/a> \u963f\u5361\u96c4 Bassin \u7684<\/p>","protected":false},"excerpt":{"rendered":"<p>Retrouvez votre m\u00e9t\u00e9o locale \u00e0 6 jours sur le Bassin d&rsquo;Arcachon Programmez vos activit\u00e9s suivant la m\u00e9t\u00e9o : Il fait beau : C&rsquo;est l&rsquo;occasion de d\u00e9couvrir nos plus belles plages [&hellip;]<\/p>\n","protected":false},"author":305,"featured_media":54249,"parent":0,"menu_order":0,"comment_status":"closed","ping_status":"closed","template":"","meta":{"_acf_changed":false,"_uag_custom_page_level_css":"","footnotes":""},"class_list":["post-58310","page","type-page","status-publish","has-post-thumbnail","hentry"],"acf":[],"uagb_featured_image_src":{"full":["https:\/\/bassin-arcachon.com\/wp-content\/uploads\/2023\/01\/C6A9329-scaled.jpg",2560,1707,false],"thumbnail":["https:\/\/bassin-arcachon.com\/wp-content\/uploads\/2023\/01\/C6A9329-scaled-150x150.jpg",150,150,true],"medium":["https:\/\/bassin-arcachon.com\/wp-content\/uploads\/2023\/01\/C6A9329-scaled-600x400.jpg",600,400,true],"medium_large":["https:\/\/bassin-arcachon.com\/wp-content\/uploads\/2023\/01\/C6A9329-scaled-768x512.jpg",768,512,true],"large":["https:\/\/bassin-arcachon.com\/wp-content\/uploads\/2023\/01\/C6A9329-scaled-1024x683.jpg",1024,683,true],"1536x1536":["https:\/\/bassin-arcachon.com\/wp-content\/uploads\/2023\/01\/C6A9329-scaled-1536x1024.jpg",1536,1024,true],"2048x2048":["https:\/\/bassin-arcachon.com\/wp-content\/uploads\/2023\/01\/C6A9329-scaled-2048x1366.jpg",2048,1366,true],"trp-custom-language-flag":["https:\/\/bassin-arcachon.com\/wp-content\/uploads\/2023\/01\/C6A9329-scaled-18x12.jpg",18,12,true]},"uagb_author_info":{"display_name":"Franck BAUPREY","author_link":"https:\/\/bassin-arcachon.com\/zh\/author\/weboostdigital33gmail-com\/"},"uagb_comment_info":0,"uagb_excerpt":"Retrouvez votre m\u00e9t\u00e9o locale \u00e0 6 jours sur le Bassin d&rsquo;Arcachon Programmez vos activit\u00e9s suivant la m\u00e9t\u00e9o : Il fait beau : C&rsquo;est l&rsquo;occasion de d\u00e9couvrir nos plus belles plages [&hellip;]","_links":{"self":[{"href":"https:\/\/bassin-arcachon.com\/zh\/wp-json\/wp\/v2\/pages\/58310","targetHints":{"allow":["GET"]}}],"collection":[{"href":"https:\/\/bassin-arcachon.com\/zh\/wp-json\/wp\/v2\/pages"}],"about":[{"href":"https:\/\/bassin-arcachon.com\/zh\/wp-json\/wp\/v2\/types\/page"}],"author":[{"embeddable":true,"href":"https:\/\/bassin-arcachon.com\/zh\/wp-json\/wp\/v2\/users\/305"}],"replies":[{"embeddable":true,"href":"https:\/\/bassin-arcachon.com\/zh\/wp-json\/wp\/v2\/comments?post=58310"}],"version-history":[{"count":8,"href":"https:\/\/bassin-arcachon.com\/zh\/wp-json\/wp\/v2\/pages\/58310\/revisions"}],"predecessor-version":[{"id":223662,"href":"https:\/\/bassin-arcachon.com\/zh\/wp-json\/wp\/v2\/pages\/58310\/revisions\/223662"}],"wp:featuredmedia":[{"embeddable":true,"href":"https:\/\/bassin-arcachon.com\/zh\/wp-json\/wp\/v2\/media\/54249"}],"wp:attachment":[{"href":"https:\/\/bassin-arcachon.com\/zh\/wp-json\/wp\/v2\/media?parent=58310"}],"curies":[{"name":"\u53ef\u6e7f\u6027\u7c89\u5242","href":"https:\/\/api.w.org\/{rel}","templated":true}]}}