{"id":67,"date":"2019-09-26T10:35:20","date_gmt":"2019-09-26T08:35:20","guid":{"rendered":"https:\/\/bassin-arcachon.com\/\/?page_id=67"},"modified":"2026-03-17T14:13:33","modified_gmt":"2026-03-17T13:13:33","slug":"%e7%a7%bb%e5%8a%a8%e7%9b%86%e5%9c%b0","status":"publish","type":"page","link":"https:\/\/bassin-arcachon.com\/zh\/se-deplacer-sur-le-bassin\/","title":{"rendered":"\u7ee7\u7eed Bassin"},"content":{"rendered":"<p><\/p>\n\n\n\n<div class=\"wp-block-uagb-container uagb-block-21a4dd1f alignfull uagb-is-root-container\"><div class=\"uagb-container-inner-blocks-wrap\">\n<h2 class=\"wp-block-heading\">Bassin\u667a\u80fd<\/h2>\n\n\n\n<p>\u4ece\u963f\u5361\u96c4\u51fa\u53d1\u7684 Bassin \u8def\u7a0b\u5f88\u77ed\uff0c\u4f46\u5982\u679c\u9047\u5230\u4ea4\u901a\u5835\u585e\uff0c\u8def\u7a0b\u53ef\u80fd\u4f1a\u66f4\u957f\uff0c\u56e0\u6b64\u6211\u4eec\u66f4\u559c\u6b22\u5e73\u7a33\u7684\u96c6\u4f53\u65c5\u884c\u2026\u2026<\/p>\n\n\n\n<div class=\"wp-block-buttons is-layout-flex wp-block-buttons-is-layout-flex\">\n<div class=\"wp-block-button\"><a class=\"wp-block-button__link wp-element-button\" href=\"https:\/\/www.calameo.com\/read\/00002442172196ce0017a\" target=\"_blank\" rel=\"noreferrer noopener\">\u8bf7\u53c2\u9605\u6211\u4eec\u7684\u5ba3\u4f20\u518c\u201c\u6ca1\u6709\u6211\u7684\u8f66\u7684 Bassin\u201d<\/a><\/div>\n<\/div>\n<\/div><\/div>\n\n\n\n<div style=\"height:40px\" aria-hidden=\"true\" class=\"wp-block-spacer\"><\/div>\n\n\n\n<div class=\"wp-block-uagb-container uagb-block-951451fa alignfull uagb-is-root-container\"><div class=\"uagb-container-inner-blocks-wrap\">\n<div class=\"wp-block-uagb-tabs uagb-block-d34a5791 uagb-tabs__wrap uagb-tabs__hstyle3-desktop uagb-tabs__vstyle6-tablet uagb-tabs__stack1-mobile dep_tabs\" data-tab-active=\"0\"><ul class=\"uagb-tabs__panel uagb-tabs__align-left\" role=\"tablist\"><li class=\"uagb-tab uagb-tabs__active\" role=\"none\"><a href=\"#uagb-tabs__tab0\" class=\"uagb-tabs-list uagb-tabs__icon-position-top\" data-tab=\"0\" role=\"tab\"><span class=\"uagb-tabs__icon\"><svg xmlns=\"https:\/\/www.w3.org\/2000\/svg\" viewbox=\"0 0 448 512\"><path d=\"M352 0C405 0 448 42.98 448 96V352C448 399.1 412.8 439.7 366.9 446.9L412.9 492.9C419.9 499.9 414.9 512 404.1 512H365.3C356.8 512 348.6 508.6 342.6 502.6L288 448H160L105.4 502.6C99.37 508.6 91.23 512 82.75 512H43.04C33.06 512 28.06 499.9 35.12 492.9L81.14 446.9C35.18 439.7 0 399.1 0 352V96C0 42.98 42.98 0 96 0H352zM64 224C64 241.7 78.33 256 96 256H176C193.7 256 208 241.7 208 224V128C208 110.3 193.7 96 176 96H96C78.33 96 64 110.3 64 128V224zM272 96C254.3 96 240 110.3 240 128V224C240 241.7 254.3 256 272 256H352C369.7 256 384 241.7 384 224V128C384 110.3 369.7 96 352 96H272zM96 320C78.33 320 64 334.3 64 352C64 369.7 78.33 384 96 384C113.7 384 128 369.7 128 352C128 334.3 113.7 320 96 320zM352 384C369.7 384 384 369.7 384 352C384 334.3 369.7 320 352 320C334.3 320 320 334.3 320 352C320 369.7 334.3 384 352 384z\"><\/path><\/svg><\/span><div>\u9a91\u81ea\u884c\u8f66<\/div><\/a><\/li><li class=\"uagb-tab\" role=\"none\"><a href=\"#uagb-tabs__tab1\" class=\"uagb-tabs-list uagb-tabs__icon-position-top\" data-tab=\"1\" role=\"tab\"><span class=\"uagb-tabs__icon\"><svg xmlns=\"https:\/\/www.w3.org\/2000\/svg\" viewbox=\"0 0 448 512\"><path d=\"M352 0C405 0 448 42.98 448 96V352C448 399.1 412.8 439.7 366.9 446.9L412.9 492.9C419.9 499.9 414.9 512 404.1 512H365.3C356.8 512 348.6 508.6 342.6 502.6L288 448H160L105.4 502.6C99.37 508.6 91.23 512 82.75 512H43.04C33.06 512 28.06 499.9 35.12 492.9L81.14 446.9C35.18 439.7 0 399.1 0 352V96C0 42.98 42.98 0 96 0H352zM64 224C64 241.7 78.33 256 96 256H176C193.7 256 208 241.7 208 224V128C208 110.3 193.7 96 176 96H96C78.33 96 64 110.3 64 128V224zM272 96C254.3 96 240 110.3 240 128V224C240 241.7 254.3 256 272 256H352C369.7 256 384 241.7 384 224V128C384 110.3 369.7 96 352 96H272zM96 320C78.33 320 64 334.3 64 352C64 369.7 78.33 384 96 384C113.7 384 128 369.7 128 352C128 334.3 113.7 320 96 320zM352 384C369.7 384 384 369.7 384 352C384 334.3 369.7 320 352 320C334.3 320 320 334.3 320 352C320 369.7 334.3 384 352 384z\"><\/path><\/svg><\/span><div>\u5728\u8239\u4e0a<\/div><\/a><\/li><li class=\"uagb-tab\" role=\"none\"><a href=\"#uagb-tabs__tab2\" class=\"uagb-tabs-list uagb-tabs__icon-position-top\" data-tab=\"2\" role=\"tab\"><span class=\"uagb-tabs__icon\"><svg xmlns=\"https:\/\/www.w3.org\/2000\/svg\" viewbox=\"0 0 448 512\"><path d=\"M352 0C405 0 448 42.98 448 96V352C448 399.1 412.8 439.7 366.9 446.9L412.9 492.9C419.9 499.9 414.9 512 404.1 512H365.3C356.8 512 348.6 508.6 342.6 502.6L288 448H160L105.4 502.6C99.37 508.6 91.23 512 82.75 512H43.04C33.06 512 28.06 499.9 35.12 492.9L81.14 446.9C35.18 439.7 0 399.1 0 352V96C0 42.98 42.98 0 96 0H352zM64 224C64 241.7 78.33 256 96 256H176C193.7 256 208 241.7 208 224V128C208 110.3 193.7 96 176 96H96C78.33 96 64 110.3 64 128V224zM272 96C254.3 96 240 110.3 240 128V224C240 241.7 254.3 256 272 256H352C369.7 256 384 241.7 384 224V128C384 110.3 369.7 96 352 96H272zM96 320C78.33 320 64 334.3 64 352C64 369.7 78.33 384 96 384C113.7 384 128 369.7 128 352C128 334.3 113.7 320 96 320zM352 384C369.7 384 384 369.7 384 352C384 334.3 369.7 320 352 320C334.3 320 320 334.3 320 352C320 369.7 334.3 384 352 384z\"><\/path><\/svg><\/span><div>\u4e58\u642d\u706b\u8f66<\/div><\/a><\/li><li class=\"uagb-tab\" role=\"none\"><a href=\"#uagb-tabs__tab3\" class=\"uagb-tabs-list uagb-tabs__icon-position-top\" data-tab=\"3\" role=\"tab\"><span class=\"uagb-tabs__icon\"><svg xmlns=\"https:\/\/www.w3.org\/2000\/svg\" viewbox=\"0 0 448 512\"><path d=\"M352 0C405 0 448 42.98 448 96V352C448 399.1 412.8 439.7 366.9 446.9L412.9 492.9C419.9 499.9 414.9 512 404.1 512H365.3C356.8 512 348.6 508.6 342.6 502.6L288 448H160L105.4 502.6C99.37 508.6 91.23 512 82.75 512H43.04C33.06 512 28.06 499.9 35.12 492.9L81.14 446.9C35.18 439.7 0 399.1 0 352V96C0 42.98 42.98 0 96 0H352zM64 224C64 241.7 78.33 256 96 256H176C193.7 256 208 241.7 208 224V128C208 110.3 193.7 96 176 96H96C78.33 96 64 110.3 64 128V224zM272 96C254.3 96 240 110.3 240 128V224C240 241.7 254.3 256 272 256H352C369.7 256 384 241.7 384 224V128C384 110.3 369.7 96 352 96H272zM96 320C78.33 320 64 334.3 64 352C64 369.7 78.33 384 96 384C113.7 384 128 369.7 128 352C128 334.3 113.7 320 96 320zM352 384C369.7 384 384 369.7 384 352C384 334.3 369.7 320 352 320C334.3 320 320 334.3 320 352C320 369.7 334.3 384 352 384z\"><\/path><\/svg><\/span><div>\u5750\u5df4\u58eb<\/div><\/a><\/li><li class=\"uagb-tab\" role=\"none\"><a href=\"#uagb-tabs__tab4\" class=\"uagb-tabs-list uagb-tabs__icon-position-top\" data-tab=\"4\" role=\"tab\"><span class=\"uagb-tabs__icon\"><svg xmlns=\"https:\/\/www.w3.org\/2000\/svg\" viewbox=\"0 0 448 512\"><path d=\"M352 0C405 0 448 42.98 448 96V352C448 399.1 412.8 439.7 366.9 446.9L412.9 492.9C419.9 499.9 414.9 512 404.1 512H365.3C356.8 512 348.6 508.6 342.6 502.6L288 448H160L105.4 502.6C99.37 508.6 91.23 512 82.75 512H43.04C33.06 512 28.06 499.9 35.12 492.9L81.14 446.9C35.18 439.7 0 399.1 0 352V96C0 42.98 42.98 0 96 0H352zM64 224C64 241.7 78.33 256 96 256H176C193.7 256 208 241.7 208 224V128C208 110.3 193.7 96 176 96H96C78.33 96 64 110.3 64 128V224zM272 96C254.3 96 240 110.3 240 128V224C240 241.7 254.3 256 272 256H352C369.7 256 384 241.7 384 224V128C384 110.3 369.7 96 352 96H272zM96 320C78.33 320 64 334.3 64 352C64 369.7 78.33 384 96 384C113.7 384 128 369.7 128 352C128 334.3 113.7 320 96 320zM352 384C369.7 384 384 369.7 384 352C384 334.3 369.7 320 352 320C334.3 320 320 334.3 320 352C320 369.7 334.3 384 352 384z\"><\/path><\/svg><\/span><div>\u5750\u8f66<\/div><\/a><\/li><\/ul><div class=\"uagb-tabs__body-wrap\">\n<div class=\"wp-block-uagb-tabs-child uagb-tabs__body-container uagb-inner-tab-0 dep_tabs\" aria-labelledby=\"uagb-tabs__tab0\">\n<h4 class=\"wp-block-heading\">\u7545\u5feb\u51fa\u884c\uff0c\u9009\u5355\u8f66\uff01<\/h4>\n\n\n\n<p>\u963f\u5361\u96c4 Bassin \u7684\u6240\u6709\u57ce\u9547\u5747\u7531\u81ea\u884c\u8f66\u9053\u8fde\u63a5\u3002 Bassin \u5468\u56f4\u6709\u8d85\u8fc7 330 \u516c\u91cc\u7684\u8def\u5f84\u3002<\/p>\n\n\n\n<figure class=\"wp-block-image\"><img loading=\"lazy\" decoding=\"async\" width=\"1200\" height=\"800\" src=\"https:\/\/www.bassin-arcachon.com\/wp-content\/uploads\/2017\/02\/velo-cap-ferret-SIBA-agence-les-conteurs-8.jpg\" alt=\"- - Bassin d&#039;Arcachon\" class=\"wp-image-10754\" title=\"- - Bassin d&#039;Arcachon\" srcset=\"https:\/\/bassin-arcachon.com\/wp-content\/uploads\/2017\/02\/velo-cap-ferret-SIBA-agence-les-conteurs-8.jpg 1200w, https:\/\/bassin-arcachon.com\/wp-content\/uploads\/2017\/02\/velo-cap-ferret-SIBA-agence-les-conteurs-8-600x400.jpg 600w, https:\/\/bassin-arcachon.com\/wp-content\/uploads\/2017\/02\/velo-cap-ferret-SIBA-agence-les-conteurs-8-1024x683.jpg 1024w, https:\/\/bassin-arcachon.com\/wp-content\/uploads\/2017\/02\/velo-cap-ferret-SIBA-agence-les-conteurs-8-768x512.jpg 768w, https:\/\/bassin-arcachon.com\/wp-content\/uploads\/2017\/02\/velo-cap-ferret-SIBA-agence-les-conteurs-8-18x12.jpg 18w\" sizes=\"auto, (max-width: 1200px) 100vw, 1200px\" \/><\/figure>\n\n\n\n<div class=\"wp-block-buttons is-horizontal is-layout-flex wp-block-buttons-is-layout-flex\">\n<div class=\"wp-block-button\"><a class=\"wp-block-button__link wp-element-button\" href=\"https:\/\/fr.calameo.com\/read\/000024421306f9920b5fd\" target=\"_blank\" rel=\"noreferrer noopener\">\u4e0b\u8f7d\u65c5\u6e38\u5730\u56fe<\/a><\/div>\n\n\n\n<div class=\"wp-block-button\"><a class=\"wp-block-button__link wp-element-button\" href=\"https:\/\/bassin-arcachon.com\/zh\/%e9%aa%91%e8%87%aa%e8%a1%8c%e8%bd%a6-2\/\">\u67e5\u627e\u81ea\u884c\u8f66\u8def\u7ebf<\/a><\/div>\n\n\n\n<div class=\"wp-block-button\"><a class=\"wp-block-button__link wp-element-button\" href=\"https:\/\/bassin-arcachon.com\/zh\/%e8%87%aa%e8%a1%8c%e8%bd%a6%e7%a7%9f%e8%b5%81\/\">\u79df\u4e00\u8f86\u81ea\u884c\u8f66<\/a><\/div>\n\n\n\n<div class=\"wp-block-button\"><a class=\"wp-block-button__link wp-element-button\" href=\"https:\/\/fr.calameo.com\/read\/00002442172196ce0017a\" target=\"_blank\" rel=\"noreferrer noopener\">\u201c\u6ca1\u6709\u6211\u7684\u8f66\u7684 Bassin\u201d<\/a><\/div>\n<\/div>\n<\/div>\n\n\n\n<div class=\"wp-block-uagb-tabs-child uagb-tabs__body-container uagb-inner-tab-1 dep_tabs\" aria-labelledby=\"uagb-tabs__tab1\">\n<h4 class=\"wp-block-heading\">\u4e58\u5750\u6d77\u4e0a\u73ed\u8f66\u7a7f\u8d8a\u963f\u5361\u96c4 Bassin<\/h4>\n\n\n\n<p>2 \u5bb6\u63d0\u4f9b\u5546\u63d0\u4f9b\u6e21\u8239\u670d\u52a1\uff1a <a href=\"https:\/\/bateliers-arcachon.com\/navettes\/\" target=\"_blank\" rel=\"noreferrer noopener\">\u5e03\u6cd5\u7f57\u5927\u5b66<\/a> \u548c <a href=\"https:\/\/passemaree.fr\/bateau-andernos-arcachon-cap-ferret\/\" target=\"_blank\" rel=\"noreferrer noopener\">\u6f6e\u6c50\u901a\u884c\u8bc1<\/a>\u3002\u4e5f\u53ef\u4ee5\u4ee5\u66f4\u4eb2\u5bc6\u7684\u65b9\u5f0f\u4e0e <a href=\"https:\/\/www.calameo.com\/read\/000024421aa7e5a3e7faf\" target=\"_blank\" rel=\"noreferrer noopener\">\u6c34\u4e0a\u51fa\u79df\u8f66<\/a> \uff08\u6bcf\u5468 7 \u5929\u3001\u6bcf\u5929 24 \u5c0f\u65f6\uff09\u6216 <a href=\"https:\/\/www.calameo.com\/read\/000024421aa7e5a3e7faf\" target=\"_blank\" rel=\"noreferrer noopener\">\u79df\u4e00\u6761\u8239<\/a> \u4e58\u5e06\u8239\u3001\u4e58\u6c7d\u8f66\uff0c\u751a\u81f3\u4f20\u7edf\u7684\u5c0f\u8247\u3002<\/p>\n\n\n\n<p><strong>Bassin\u667a\u80fd<\/strong>&nbsp;: 7-8\u6708\u671f\u95f4\uff0c&nbsp;<a href=\"https:\/\/www.agglo-cobas.fr\/mobilites\/bus-de-mer\/\" target=\"_blank\" rel=\"noreferrer noopener\">\u4e58\u5750\u6d77\u4e0a\u5df4\u58eb<\/a>&nbsp;2\u6b27\u5143\uff01\u8fd9\u8258\u5df4\u58eb\u5f80\u8fd4\u4e8e\u963f\u5361\u96c4\u5c0f\u6e2f\u3001Jet\u00e9e Thiers \u548c\u963f\u5361\u96c4\u7684 Jet\u00e9e du Moulleau \u4e4b\u95f4\u3002<\/p>\n\n\n\n<figure class=\"wp-block-image\"><img loading=\"lazy\" decoding=\"async\" width=\"1200\" height=\"800\" src=\"https:\/\/www.bassin-arcachon.com\/wp-content\/uploads\/2017\/11\/balade-pinasse-lege-cap-ferret-56-1.jpg\" alt=\"- - Bassin d&#039;Arcachon\" class=\"wp-image-11004\" title=\"- - Bassin d&#039;Arcachon\" srcset=\"https:\/\/bassin-arcachon.com\/wp-content\/uploads\/2017\/11\/balade-pinasse-lege-cap-ferret-56-1.jpg 1200w, https:\/\/bassin-arcachon.com\/wp-content\/uploads\/2017\/11\/balade-pinasse-lege-cap-ferret-56-1-600x400.jpg 600w, https:\/\/bassin-arcachon.com\/wp-content\/uploads\/2017\/11\/balade-pinasse-lege-cap-ferret-56-1-1024x683.jpg 1024w, https:\/\/bassin-arcachon.com\/wp-content\/uploads\/2017\/11\/balade-pinasse-lege-cap-ferret-56-1-768x512.jpg 768w, https:\/\/bassin-arcachon.com\/wp-content\/uploads\/2017\/11\/balade-pinasse-lege-cap-ferret-56-1-18x12.jpg 18w\" sizes=\"auto, (max-width: 1200px) 100vw, 1200px\" \/><\/figure>\n\n\n\n<div class=\"wp-block-buttons is-horizontal is-layout-flex wp-block-buttons-is-layout-flex\">\n<div class=\"wp-block-button\"><a class=\"wp-block-button__link wp-element-button\" href=\"https:\/\/www.calameo.com\/read\/000024421e9482904bfbe\" target=\"_blank\" rel=\"noopener\">\u53eb\u6c34\u4e0a\u51fa\u79df\u8f66<\/a><\/div>\n\n\n\n<div class=\"wp-block-button\"><a class=\"wp-block-button__link wp-element-button\" href=\"https:\/\/www.calameo.com\/read\/0000244210a9b6b28589a\" target=\"_blank\" rel=\"noopener\">\u79df\u4e00\u6761\u8239<\/a><\/div>\n<\/div>\n<\/div>\n\n\n\n<div class=\"wp-block-uagb-tabs-child uagb-tabs__body-container uagb-inner-tab-2 dep_tabs\" aria-labelledby=\"uagb-tabs__tab2\">\n<h4 class=\"wp-block-heading\">\u4e58\u5750\u4ece\u963f\u5361\u96c4\u51fa\u53d1\u7684 Bassin \u5217\u8f66\uff0c\u642d\u4e58 TER Nouvelle Aquitaine \u5217\u8f66\u65c5\u884c\uff1a<\/h4>\n\n\n\n<p>\u2013 \u6bcf\u5929 27 \u8d9f\u5f80\u8fd4\uff0841 \u53f7\u7ebf\uff09\uff1a\u6ce2\u5c14\u591a\u5723\u8ba9 &gt; Marcheprime\uff0820 \u5206\u949f\uff09&gt; Biganos\uff0830 \u5206\u949f\uff09&gt; Le Teich\uff0835 \u5206\u949f\uff09&gt; Gujan-Mestras\uff0840 \u5206\u949f\uff09&gt; La Hume\uff0844 \u5206\u949f\uff09&gt; La Teste de Buch \uff0847 \u5206\u949f\uff09&gt; \u963f\u5361\u96c4\uff0850 \u5206\u949f\uff09<\/p>\n\n\n\n<p>\u2013 \u6bcf\u5929\u6709\u4ece\u6ce2\u5c14\u591a\u51fa\u53d1\u7684\u534a\u76f4\u8fbe\u5217\u8f66\u524d\u5f80 Biganos\uff0815 \u5206\u949f\uff09\uff0c\u4e58\u5750 45 \u53f7\u7ebf\uff08\u5f80 Mont de Marsan \u65b9\u5411\uff09\u548c 51 \u53f7\u7ebf\uff08\u5f80 Hendaye \u65b9\u5411\uff09<\/p>\n\n\n\n<div class=\"wp-block-buttons is-vertical is-layout-flex wp-container-core-buttons-is-layout-8cf370e7 wp-block-buttons-is-layout-flex\">\n<div class=\"wp-block-button\"><a class=\"wp-block-button__link wp-element-button\" href=\"https:\/\/www.ter.sncf.com\/nouvelle-aquitaine?gad_source=1&amp;gclid=EAIaIQobChMI8uP0uc-UiAMVMGNBAh0y0yXkEAAYASAAEgKSSfD_BwE&amp;gclsrc=aw.ds\" target=\"_blank\" rel=\"noopener\">\u627e\u706b\u8f66<\/a><\/div>\n<\/div>\n<\/div>\n\n\n\n<div class=\"wp-block-uagb-tabs-child uagb-tabs__body-container uagb-inner-tab-3 dep_tabs\" aria-labelledby=\"uagb-tabs__tab3\">\n<h4 class=\"wp-block-heading\">\u5728\u5317\u90e8 Bassin\uff0c\u4e58\u5750 Alego \u5df4\u58eb\u6216 Nouvelle Aquitaine \u957f\u9014\u6c7d\u8f66<\/h4>\n\n\n\n<div class=\"wp-block-buttons is-layout-flex wp-block-buttons-is-layout-flex\">\n<div class=\"wp-block-button\"><a class=\"wp-block-button__link wp-element-button\" href=\"https:\/\/transports.nouvelle-aquitaine.fr\/cars-regionaux\/reseau-et-horaires\" target=\"_blank\" rel=\"noreferrer noopener\">\u5728\u65b0\u963f\u57fa\u5766\u5bfb\u627e\u6559\u7ec3<\/a><\/div>\n\n\n\n<div class=\"wp-block-button\"><a class=\"wp-block-button__link wp-element-button\" href=\"https:\/\/coban-atlantique.fr\/wp-content\/uploads\/2024\/08\/ALEGO_PlanReseau2_DernierTrim2024-1-scaled.jpg\" target=\"_blank\" rel=\"noreferrer noopener\">\u67e5\u627e ALEGO \u5df4\u58eb<\/a><\/div>\n<\/div>\n\n\n\n<h4 class=\"wp-block-heading\">\u5728\u5357\u90e8 Bassin\uff0c\u4e58\u5750 Ba\u00efa \u5df4\u58eb 2 \u6b27\u5143\uff081 \u5c0f\u65f6\u6709\u6548\uff09<\/h4>\n\n\n\n<div class=\"wp-block-buttons is-layout-flex wp-block-buttons-is-layout-flex\">\n<div class=\"wp-block-button\"><a class=\"wp-block-button__link wp-element-button\" href=\"https:\/\/www.bus-baia.fr\/\" target=\"_blank\" rel=\"noreferrer noopener\">\u627e\u4e00\u8f86\u53bb BA\u00cfA \u7684\u5df4\u58eb<\/a><\/div>\n<\/div>\n<\/div>\n\n\n\n<div class=\"wp-block-uagb-tabs-child uagb-tabs__body-container uagb-inner-tab-4 dep_tabs\" aria-labelledby=\"uagb-tabs__tab4\">\n<p><a href=\"https:\/\/mobibarval.fr\/fr\/covoiturage-et-autopartage\" target=\"_blank\" rel=\"noreferrer noopener\">\u8003\u8651\u62fc\u8f66<\/a><\/p>\n\n\n\n<p><a href=\"https:\/\/bassin-arcachon.com\/zh\/vtc-%e5%87%ba%e7%a7%9f\/\" target=\"_blank\" rel=\"noreferrer noopener\">\u79df\u4e00\u4e2a VTC<\/a><\/p>\n\n\n\n<p><a href=\"https:\/\/www.calameo.com\/read\/000024421aa7e5a3e7faf\" target=\"_blank\" rel=\"noopener\">\u53eb\u4e00\u8f86\u51fa\u79df\u8f66<\/a><\/p>\n\n\n\n<p><a href=\"https:\/\/www.google.fr\/maps\/dir\/\/Arcachon\/@44.6864424,-1.1801575,12.28z\/data=!4m8!4m7!1m0!1m5!1m1!1s0xd549ef8c86711e3:0x40665174816f060!2m2!1d-1.1785016!2d44.652297\" target=\"_blank\" rel=\"noreferrer noopener\">\u8ba1\u7b97\u4f60\u7684\u8def\u7ebf<\/a><\/p>\n\n\n\n<p><a href=\"https:\/\/bassin-arcachon.com\/zh\/%e9%81%93%e8%b7%af%e4%ba%a4%e9%80%9a\/\">\u770b\u9053\u8def\u4ea4\u901a\u72b6\u51b5<\/a><\/p>\n<\/div>\n<\/div><\/div>\n<\/div><\/div>","protected":false},"excerpt":{"rendered":"<p>Bassin smart \u5728\u963f\u5361\u96c4\u7684 Bassin \u4e0a\uff0c\u8ddd\u79bb\u5f88\u77ed\uff0c\u4f46\u662f\u5f53\u60a8\u88ab\u56f0\u5728\u4ea4\u901a\u4e2d\u65f6\uff0c\u8ddd\u79bb\u53ef\u80fd\u4f1a\u53d8\u5f97\u66f4\u957f\uff0c\u6211\u4eec\u66f4\u559c\u6b22\u5e73\u7a33\u800c\u96c6\u4f53\u7684\u65c5\u884c......<\/p>","protected":false},"author":25,"featured_media":19889,"parent":0,"menu_order":16,"comment_status":"closed","ping_status":"closed","template":"page-templates\/page-se-deplacer.php","meta":{"_acf_changed":false,"_uag_custom_page_level_css":"","footnotes":""},"class_list":["post-67","page","type-page","status-publish","has-post-thumbnail","hentry"],"acf":[],"uagb_featured_image_src":{"full":["https:\/\/bassin-arcachon.com\/wp-content\/uploads\/2018\/04\/velo-bassin-darcachon-photo-de-une-1-e1548069222827.jpg",1200,800,false],"thumbnail":["https:\/\/bassin-arcachon.com\/wp-content\/uploads\/2018\/04\/velo-bassin-darcachon-photo-de-une-1-e1548069222827-150x150.jpg",150,150,true],"medium":["https:\/\/bassin-arcachon.com\/wp-content\/uploads\/2018\/04\/velo-bassin-darcachon-photo-de-une-1-e1548069222827-600x400.jpg",600,400,true],"medium_large":["https:\/\/bassin-arcachon.com\/wp-content\/uploads\/2018\/04\/velo-bassin-darcachon-photo-de-une-1-e1548069222827-768x512.jpg",768,512,true],"large":["https:\/\/bassin-arcachon.com\/wp-content\/uploads\/2018\/04\/velo-bassin-darcachon-photo-de-une-1-e1548069222827-1024x683.jpg",1024,683,true],"1536x1536":["https:\/\/bassin-arcachon.com\/wp-content\/uploads\/2018\/04\/velo-bassin-darcachon-photo-de-une-1-e1548069222827.jpg",1200,800,false],"2048x2048":["https:\/\/bassin-arcachon.com\/wp-content\/uploads\/2018\/04\/velo-bassin-darcachon-photo-de-une-1-e1548069222827.jpg",1200,800,false],"trp-custom-language-flag":["https:\/\/bassin-arcachon.com\/wp-content\/uploads\/2018\/04\/velo-bassin-darcachon-photo-de-une-1-e1548069222827-18x12.jpg",18,12,true]},"uagb_author_info":{"display_name":"Marie Clauzel","author_link":"https:\/\/bassin-arcachon.com\/zh\/author\/mariesiba\/"},"uagb_comment_info":0,"uagb_excerpt":"Bassin malin Sur le Bassin d&rsquo;Arcachon, les distances sont courtes, mais elles peuvent s\u2019av\u00e9rer bien plus longues lorsqu\u2019on est dans les bouchons, on privil\u00e9gie plut\u00f4t les d\u00e9placements doux et collectifs\u2026","_links":{"self":[{"href":"https:\/\/bassin-arcachon.com\/zh\/wp-json\/wp\/v2\/pages\/67","targetHints":{"allow":["GET"]}}],"collection":[{"href":"https:\/\/bassin-arcachon.com\/zh\/wp-json\/wp\/v2\/pages"}],"about":[{"href":"https:\/\/bassin-arcachon.com\/zh\/wp-json\/wp\/v2\/types\/page"}],"author":[{"embeddable":true,"href":"https:\/\/bassin-arcachon.com\/zh\/wp-json\/wp\/v2\/users\/25"}],"replies":[{"embeddable":true,"href":"https:\/\/bassin-arcachon.com\/zh\/wp-json\/wp\/v2\/comments?post=67"}],"version-history":[{"count":6,"href":"https:\/\/bassin-arcachon.com\/zh\/wp-json\/wp\/v2\/pages\/67\/revisions"}],"predecessor-version":[{"id":239045,"href":"https:\/\/bassin-arcachon.com\/zh\/wp-json\/wp\/v2\/pages\/67\/revisions\/239045"}],"wp:featuredmedia":[{"embeddable":true,"href":"https:\/\/bassin-arcachon.com\/zh\/wp-json\/wp\/v2\/media\/19889"}],"wp:attachment":[{"href":"https:\/\/bassin-arcachon.com\/zh\/wp-json\/wp\/v2\/media?parent=67"}],"curies":[{"name":"\u53ef\u6e7f\u6027\u7c89\u5242","href":"https:\/\/api.w.org\/{rel}","templated":true}]}}