{"id":69,"date":"2019-09-26T11:20:36","date_gmt":"2019-09-26T09:20:36","guid":{"rendered":"https:\/\/bassin-arcachon.com\/\/?page_id=69"},"modified":"2024-12-16T13:59:34","modified_gmt":"2024-12-16T12:59:34","slug":"%e6%89%be%e5%88%b0%e4%bd%a0%e7%9a%84-wifi-%e7%82%b9","status":"publish","type":"page","link":"https:\/\/bassin-arcachon.com\/zh\/trouver-votre-point-wifi\/","title":{"rendered":"\u67e5\u627e\u60a8\u7684 WiFi \u70ed\u70b9"},"content":{"rendered":"<div class=\"wp-block-uagb-container uagb-block-48fa6ada alignfull uagb-is-root-container\"><div class=\"uagb-container-inner-blocks-wrap\">\n<h2 class=\"wp-block-heading\">Arcachon \u7684 Bassin \u4e0a\u6709\u8d85\u8fc7 80 \u4e2a WiFi \u70b9<\/h2>\n\n\n\n<h3 class=\"wp-block-heading\">\u963f\u5361\u96c4\u7684 Bassin \u4e3a\u60a8\u63d0\u4f9b\u514d\u8d39\u3001\u65e0\u9650\u5236\u4e14\u5b89\u5168\u7684 WiFi \u63a5\u5165\uff0c\u8ba9\u60a8\u5728\u8bbe\u65bd\u9f50\u5168\u7684\u516c\u5171\u573a\u6240\u81ea\u7531\u4e0a\u7f51\u3002 <\/h3>\n\n\n\n<p><a href=\"https:\/\/bassin-arcachon.com\/wp-content\/uploads\/2020\/07\/Wifi_janvier_2025-dg.pdf\">\u963f\u5361\u96c4 Bassin WiFi \u5ba3\u4f20\u518c<\/a><\/p>\n<\/div><\/div>\n\n\n\n<div style=\"height:40px\" aria-hidden=\"true\" class=\"wp-block-spacer\"><\/div>\n\n\n\n<div class=\"wp-block-uagb-container uagb-block-090d7186 alignfull uagb-is-root-container\"><div class=\"uagb-container-inner-blocks-wrap\">\n<div class=\"wp-block-uagb-container gris uagb-block-54694b29\">\n<h2 class=\"wp-block-heading\">\u5982\u4f55\u767b\u5165<\/h2>\n\n\n\n<p><img loading=\"lazy\" decoding=\"async\" src=\"https:\/\/bassin-arcachon.com\/\/wp-content\/uploads\/2021\/02\/wifi-01-2.png\" alt=\"- - Bassin d&#039;Arcachon\" width=\"54\" height=\"43\" title=\"- - Bassin d&#039;Arcachon\">&nbsp;&nbsp; 1\/ \u5728\u60a8\u7684\u8ba1\u7b97\u673a\u3001\u5e73\u677f\u7535\u8111\u6216\u667a\u80fd\u624b\u673a\u4e0a\u6fc0\u6d3b WiFi \u529f\u80fd\u3002<\/p>\n\n\n\n<p><img loading=\"lazy\" decoding=\"async\" src=\"https:\/\/bassin-arcachon.com\/\/wp-content\/uploads\/2021\/02\/wifi-02-2-244x300.png\" alt=\"- - Bassin d&#039;Arcachon\" width=\"45\" height=\"55\" srcset=\"https:\/\/bassin-arcachon.com\/wp-content\/uploads\/2021\/02\/wifi-02-2-244x300.png 244w, https:\/\/bassin-arcachon.com\/wp-content\/uploads\/2021\/02\/wifi-02-2.png 321w\" title=\"- - Bassin d&#039;Arcachon\">&nbsp; &nbsp; &nbsp;2\/ \u501f\u52a9\u6807\u724c\u627e\u5230 WiFi \u63a5\u5165\u70b9\u3002 50m\u4ee5\u5185\u8bbe\u7f6e\u3002<\/p>\n\n\n\n<p><img loading=\"lazy\" decoding=\"async\" src=\"https:\/\/bassin-arcachon.com\/\/wp-content\/uploads\/2021\/02\/wifi-03-2-300x234.png\" alt=\"- - Bassin d&#039;Arcachon\" width=\"55\" height=\"43\" srcset=\"https:\/\/bassin-arcachon.com\/wp-content\/uploads\/2021\/02\/wifi-03-2-300x234.png 300w, https:\/\/bassin-arcachon.com\/wp-content\/uploads\/2021\/02\/wifi-03-2.png 379w\" title=\"- - Bassin d&#039;Arcachon\">&nbsp; &nbsp;3\/ \u9009\u62e9\u201cWiFi_Bassin_Arcachon\u201d\u7f51\u7edc\u5e76\u786e\u8ba4\u60a8\u7684\u9009\u62e9\u3002<\/p>\n\n\n\n<p><img loading=\"lazy\" decoding=\"async\" src=\"https:\/\/bassin-arcachon.com\/\/wp-content\/uploads\/2021\/02\/wifi-04-2-300x300.png\" alt=\"- - Bassin d&#039;Arcachon\" width=\"55\" height=\"55\" srcset=\"https:\/\/bassin-arcachon.com\/wp-content\/uploads\/2021\/02\/wifi-04-2-300x300.png 300w, https:\/\/bassin-arcachon.com\/wp-content\/uploads\/2021\/02\/wifi-04-2-150x150.png 150w, https:\/\/bassin-arcachon.com\/wp-content\/uploads\/2021\/02\/wifi-04-2.png 363w\" title=\"- - Bassin d&#039;Arcachon\">&nbsp; &nbsp;4\/ \u663e\u793aWiFi_Bassin_Arcachon \u7f51\u7edc\u8bbf\u95ee\u5165\u53e3\u3002<\/p>\n\n\n\n<p><img loading=\"lazy\" decoding=\"async\" src=\"https:\/\/bassin-arcachon.com\/\/wp-content\/uploads\/2021\/02\/wifi-05-2.png\" alt=\"- - Bassin d&#039;Arcachon\" width=\"64\" height=\"46\" title=\"- - Bassin d&#039;Arcachon\">&nbsp;&nbsp;5\/ \u8f93\u5165\u60a8\u7684\u7535\u5b50\u90ae\u4ef6\u6216\u4f7f\u7528\u60a8\u7684 Facebook\u3001Twitter \u6216 Google \u5e10\u6237\u5e76\u63a5\u53d7\u4f7f\u7528\u6761\u6b3e\u3002<\/p>\n\n\n\n<p><img loading=\"lazy\" decoding=\"async\" src=\"https:\/\/bassin-arcachon.com\/\/wp-content\/uploads\/2021\/02\/wifi-06-2-300x290.png\" alt=\"- - Bassin d&#039;Arcachon\" width=\"54\" height=\"52\" srcset=\"https:\/\/bassin-arcachon.com\/wp-content\/uploads\/2021\/02\/wifi-06-2-300x290.png 300w, https:\/\/bassin-arcachon.com\/wp-content\/uploads\/2021\/02\/wifi-06-2.png 408w\" title=\"- - Bassin d&#039;Arcachon\">&nbsp; &nbsp; 6\/ \u60a8\u73b0\u5728\u53ef\u4ee5\u65e0\u9650\u5236\u3001\u514d\u8d39\u4e14\u5b8c\u5168\u5b89\u5168\u5730\u4e0a\u7f51\u51b2\u6d6a\uff01<\/p>\n<\/div>\n\n\n\n<div class=\"wp-block-uagb-container uagb-block-4a9e8f10\">\n<div class=\"wp-block-uagb-image alignleft uagb-block-1a9dafad wp-block-uagb-image--layout-default wp-block-uagb-image--effect-static wp-block-uagb-image--align-left\"><figure class=\"wp-block-uagb-image__figure\"><a class=\"\" href=\"https:\/\/bassin-arcachon.com\/wp-content\/uploads\/2020\/07\/Wifi_janvier_2025-dg.pdf\" target=\"\" rel=\"noopener\"><img decoding=\"async\" srcset=\"https:\/\/bassin-arcachon.com\/wp-content\/uploads\/2022\/01\/capture-wifi-bassin-arcachon.png \" sizes=\"auto, (max-width: 480px) 150px\" src=\"https:\/\/bassin-arcachon.com\/wp-content\/uploads\/2022\/01\/capture-wifi-bassin-arcachon.png\" alt=\"- - Bassin d&#039;Arcachon\" class=\"uag-image-50923\" width=\"288\" height=\"511\" title=\"- - Bassin d&#039;Arcachon\" loading=\"lazy\" role=\"img\"><\/a><\/figure><\/div>\n<\/div>\n<\/div><\/div>\n\n\n\n<div style=\"height:40px\" aria-hidden=\"true\" class=\"wp-block-spacer\"><\/div>\n\n\n\n<div class=\"wp-block-group\"><div class=\"wp-block-group__inner-container is-layout-constrained wp-block-group-is-layout-constrained\">\n<div class=\"wp-block-uagb-container uagb-block-81f1f5a0 alignfull uagb-is-root-container\"><div class=\"uagb-container-inner-blocks-wrap\">\n<div class=\"wp-block-uagb-container uagb-block-7cfcf15d\">\n<h3 class=\"wp-block-heading\">\u806a\u660e\u51b2\u6d6a\uff01<\/h3>\n\n\n\n<p>WiFi_Bassin_Arcachon \u7f51\u7edc\u4f1a\u8bb0\u4f4f\u60a8\uff0c\u5982\u679c\u60a8\u7684\u7b2c\u4e00\u4e2a\u8fde\u63a5\u6b63\u786e\u5efa\u7acb\uff08\u9a8c\u8bc1\u60a8\u7684\u7535\u5b50\u90ae\u4ef6\u6216\u5b8c\u6210\u4e0e Facebook\u3001Google\u3001Twitter \u7684\u8fde\u63a5\u8fc7\u7a0b\uff09\uff01\u6bcf\u6b21\u60a8\u9760\u8fd1\u6211\u4eec\u7684\u4e00\u4e2a WiFi \u7ec8\u7aef\u65f6\uff0c\u90fd\u4f1a\u5728\u540c\u4e00\u53f0\u8bbe\u5907\u4e0a\u81ea\u52a8\u5efa\u7acb\u8fde\u63a5\uff0c\u65e0\u8bba Bassin \u4f4d\u4e8e\u54ea\u4e2a\u57ce\u5e02\u3002<\/p>\n<\/div>\n\n\n\n<div class=\"wp-block-uagb-container uagb-block-b4eb1e67\">\n<h3 class=\"wp-block-heading\">\u6280\u672f\u63f4\u52a9\uff1a<\/h3>\n\n\n\n<p>09 72 12 27 24\uff08\u672c\u5730\u901a\u8bdd\u4ef7\u683c\uff09\u3002<br>\u5468\u4e00\u81f3\u5468\u4e94\uff0c\u4e0a\u5348 8 \u70b9\u81f3\u665a\u4e0a 18 \u70b9<br>\u66f4\u591a\u8be6\u60c5&nbsp;<a href=\"http:\/\/assistance.2isr.fr\/\" target=\"_blank\" rel=\"noreferrer noopener\">http:\/\/assistance.2isr.fr<\/a><\/p>\n<\/div>\n<\/div><\/div>\n<\/div><\/div>\n\n\n\n<div class=\"wp-block-uagb-container uagb-block-a72ac55a alignfull uagb-is-root-container\"><div class=\"uagb-container-inner-blocks-wrap\">\n<h3 class=\"wp-block-heading\">\u6570\u5b57\u6e05\u9192<\/h3>\n\n\n\n<p>\u8ba9\u6211\u4eec\u91c7\u53d6\u6b63\u786e\u7684\u884c\u52a8\uff0c\u5efa\u8bbe\u66f4\u52a0\u7eff\u8272\u7684\u6570\u5b57\u4e16\u754c\uff01\u8ba9\u6211\u4eec\u5171\u540c\u91c7\u53d6\u7b80\u5355\u7684\u884c\u52a8\u6765\u51cf\u5c11\u5bf9\u73af\u5883\u7684\u5f71\u54cd\uff0c\u6253\u9020\u4e00\u4e2a\u66f4\u8d1f\u8d23\u4efb\u7684\u6570\u5b57\u4e16\u754c\u3002\u4e86\u89e3\u6211\u4eec\u7684\u5b9e\u7528\u5efa\u8bae\u00a0<strong><a href=\"https:\/\/www.ecologie.gouv.fr\/sites\/default\/files\/guide-en-route-vers-sobriete-numerique.pdf\" target=\"_blank\" rel=\"noreferrer noopener\">\u5728\u8fd9\u4e2a\u7f51\u7ad9\u4e0a\u00a0<\/a>!<\/strong><\/p>\n<\/div><\/div>\n\n\n\n<div style=\"height:40px\" aria-hidden=\"true\" class=\"wp-block-spacer\"><\/div>\n\n\n\n<div class=\"wp-block-uagb-container uagb-block-5b52632f alignfull uagb-is-root-container\"><div class=\"uagb-container-inner-blocks-wrap\">\n<h2 class=\"wp-block-heading\">\u60a8\u7684 WIFI \u63a5\u5165\u70b9<\/h2>\n\n\n\n<p><a class=\"\" href=\"https:\/\/bassin-arcachon.com\/zh\/%e6%89%be%e5%88%b0%e4%bd%a0%e7%9a%84-wifi-%e7%82%b9\/%e6%97%a0%e7%ba%bf%e4%b8%8a%e7%bd%91\/\">\u963f\u5361\u96c4\u7684 Wi-Fi<\/a>&nbsp;|&nbsp;<a class=\"\" href=\"https:\/\/bassin-arcachon.com\/zh\/%e6%89%be%e5%88%b0%e4%bd%a0%e7%9a%84-wifi-%e7%82%b9\/wifi-la-teste-de-buch\/\">La Teste de Buch \u7684 Wi-Fi<\/a>&nbsp;|&nbsp;<a class=\"\" href=\"https:\/\/bassin-arcachon.com\/zh\/%e6%89%be%e5%88%b0%e4%bd%a0%e7%9a%84-wifi-%e7%82%b9\/wifi-gujan-mestras\/\">\u5c45\u8ba9\u6885\u65af\u7279\u62c9\u65af\u7684 Wi-Fi<\/a>&nbsp;|&nbsp;<a class=\"\" href=\"https:\/\/bassin-arcachon.com\/zh\/%e6%89%be%e5%88%b0%e4%bd%a0%e7%9a%84-wifi-%e7%82%b9\/%e6%97%a0%e7%ba%bf%e6%8a%80%e6%9c%af\/\">\u6cf0\u5947\u7684WiFi<\/a>&nbsp;|&nbsp;<a class=\"\" href=\"https:\/\/bassin-arcachon.com\/zh\/%e6%89%be%e5%88%b0%e4%bd%a0%e7%9a%84-wifi-%e7%82%b9\/wifi-%e6%af%94%e5%8a%a0%e8%af%ba%e6%96%af\/\">\u6bd4\u52a0\u8bfa\u65af\u7684 Wi-Fi<\/a>&nbsp;|&nbsp;<a class=\"\" href=\"https:\/\/bassin-arcachon.com\/zh\/%e6%89%be%e5%88%b0%e4%bd%a0%e7%9a%84-wifi-%e7%82%b9\/wifi-augenge\/\">\u5965\u767b\u65e5\u7684 Wi-Fi<\/a>&nbsp;|&nbsp;<a class=\"\" href=\"https:\/\/bassin-arcachon.com\/zh\/%e6%89%be%e5%88%b0%e4%bd%a0%e7%9a%84-wifi-%e7%82%b9\/wifi-%e5%85%b0%e9%a1%bf\/\">\u5170\u987f\u7684 Wi-Fi<\/a>&nbsp;|&nbsp;<a class=\"\" href=\"https:\/\/bassin-arcachon.com\/zh\/%e6%89%be%e5%88%b0%e4%bd%a0%e7%9a%84-wifi-%e7%82%b9\/wifi-andernos-%e8%8e%b1%e7%8f%ad\/\">\u5b89\u5fb7\u8bfa\u65af\u83b1\u73ed\u7684 Wi-Fi<\/a>&nbsp;|&nbsp;<a class=\"\" href=\"https:\/\/bassin-arcachon.com\/zh\/%e6%89%be%e5%88%b0%e4%bd%a0%e7%9a%84-wifi-%e7%82%b9\/wifi-ares\/\">\u963f\u745e\u65af\u7684 Wi-Fi<\/a>&nbsp;|&nbsp;<a class=\"\" href=\"https:\/\/bassin-arcachon.com\/zh\/%e6%89%be%e5%88%b0%e4%bd%a0%e7%9a%84-wifi-%e7%82%b9\/wifi-lege-cap-ferret\/\">L\u00e8ge-Cap Ferret\u7684Wi-Fi<\/a><\/p>\n<\/div><\/div>\n\n\n\n<div style=\"height:40px\" aria-hidden=\"true\" class=\"wp-block-spacer\"><\/div>","protected":false},"excerpt":{"rendered":"<p>Plus de 80 points WiFi sur le Bassin d&rsquo;Arcachon Le Bassin d\u2019Arcachon vous offre un acc\u00e8s WiFi gratuit, illimit\u00e9 et s\u00e9curis\u00e9 pour surfer sur Internet librement dans des lieux publics [&hellip;]<\/p>\n","protected":false},"author":25,"featured_media":7351,"parent":0,"menu_order":17,"comment_status":"closed","ping_status":"closed","template":"","meta":{"_acf_changed":false,"_uag_custom_page_level_css":"","footnotes":""},"class_list":["post-69","page","type-page","status-publish","has-post-thumbnail","hentry"],"acf":[],"uagb_featured_image_src":{"full":["https:\/\/bassin-arcachon.com\/wp-content\/uploads\/2017\/02\/Modif-Marion.jpg",915,368,false],"thumbnail":["https:\/\/bassin-arcachon.com\/wp-content\/uploads\/2017\/02\/Modif-Marion-150x150.jpg",150,150,true],"medium":["https:\/\/bassin-arcachon.com\/wp-content\/uploads\/2017\/02\/Modif-Marion-600x241.jpg",600,241,true],"medium_large":["https:\/\/bassin-arcachon.com\/wp-content\/uploads\/2017\/02\/Modif-Marion-768x309.jpg",768,309,true],"large":["https:\/\/bassin-arcachon.com\/wp-content\/uploads\/2017\/02\/Modif-Marion.jpg",915,368,false],"1536x1536":["https:\/\/bassin-arcachon.com\/wp-content\/uploads\/2017\/02\/Modif-Marion.jpg",915,368,false],"2048x2048":["https:\/\/bassin-arcachon.com\/wp-content\/uploads\/2017\/02\/Modif-Marion.jpg",915,368,false],"trp-custom-language-flag":["https:\/\/bassin-arcachon.com\/wp-content\/uploads\/2017\/02\/Modif-Marion-18x7.jpg",18,7,true]},"uagb_author_info":{"display_name":"Marie Clauzel","author_link":"https:\/\/bassin-arcachon.com\/zh\/author\/mariesiba\/"},"uagb_comment_info":0,"uagb_excerpt":"Plus de 80 points WiFi sur le Bassin d&rsquo;Arcachon Le Bassin d\u2019Arcachon vous offre un acc\u00e8s WiFi gratuit, illimit\u00e9 et s\u00e9curis\u00e9 pour surfer sur Internet librement dans des lieux publics [&hellip;]","_links":{"self":[{"href":"https:\/\/bassin-arcachon.com\/zh\/wp-json\/wp\/v2\/pages\/69","targetHints":{"allow":["GET"]}}],"collection":[{"href":"https:\/\/bassin-arcachon.com\/zh\/wp-json\/wp\/v2\/pages"}],"about":[{"href":"https:\/\/bassin-arcachon.com\/zh\/wp-json\/wp\/v2\/types\/page"}],"author":[{"embeddable":true,"href":"https:\/\/bassin-arcachon.com\/zh\/wp-json\/wp\/v2\/users\/25"}],"replies":[{"embeddable":true,"href":"https:\/\/bassin-arcachon.com\/zh\/wp-json\/wp\/v2\/comments?post=69"}],"version-history":[{"count":1,"href":"https:\/\/bassin-arcachon.com\/zh\/wp-json\/wp\/v2\/pages\/69\/revisions"}],"predecessor-version":[{"id":119036,"href":"https:\/\/bassin-arcachon.com\/zh\/wp-json\/wp\/v2\/pages\/69\/revisions\/119036"}],"wp:featuredmedia":[{"embeddable":true,"href":"https:\/\/bassin-arcachon.com\/zh\/wp-json\/wp\/v2\/media\/7351"}],"wp:attachment":[{"href":"https:\/\/bassin-arcachon.com\/zh\/wp-json\/wp\/v2\/media?parent=69"}],"curies":[{"name":"\u53ef\u6e7f\u6027\u7c89\u5242","href":"https:\/\/api.w.org\/{rel}","templated":true}]}}