{"id":750,"date":"2017-04-04T12:10:30","date_gmt":"2017-04-04T10:10:30","guid":{"rendered":"https:\/\/bassin-arcachon.com\/\/?page_id=750"},"modified":"2024-12-16T14:02:56","modified_gmt":"2024-12-16T13:02:56","slug":"wifi-lege-cap-ferret","status":"publish","type":"page","link":"https:\/\/bassin-arcachon.com\/zh\/trouver-votre-point-wifi\/wifi-lege-cap-ferret\/","title":{"rendered":"\u6b22\u8fce\u6765\u5230 L\u00e8ge-Cap Ferret"},"content":{"rendered":"<div class=\"wp-block-uagb-container uagb-block-bc819f8c alignfull uagb-is-root-container\"><div class=\"uagb-container-inner-blocks-wrap\">\n<div class=\"wp-block-uagb-container uagb-block-a57ec439\">\n<h2 class=\"wp-block-heading\">L\u00e8ge-Cap Ferret \u9152\u5e97\u4e3a\u60a8\u63d0\u4f9b\u514d\u8d39\u4e14\u5b89\u5168\u7684 WiFi\uff0c\u8ba9\u60a8\u5728\u8bbe\u65bd\u9f50\u5168\u7684\u516c\u5171\u573a\u6240\u81ea\u7531\u4e0a\u7f51\u3002<\/h2>\n\n\n\n<p>\u5728\u6d77\u6d0b\u548c Bassin \u4e4b\u95f4\uff0c\u8457\u540d\u7684\u534a\u5c9b&nbsp;<a href=\"https:\/\/bassin-arcachon.com\/zh\/%e6%88%91%e4%bb%ac%e7%9a%84%e5%9f%8e%e5%b8%82%e5%92%8c%e6%9d%91%e5%ba%84\/lege-cap-ferret\/\">Lege-Cap\u96ea\u8c82&nbsp;<\/a>\u5ef6\u4f38\u8d85\u8fc7 25 \u516c\u91cc\uff0c\u6240\u4ee5\u6211\u4eec\u5fc5\u987b\u505a\u51fa\u9009\u62e9\uff01\u53c2\u89c2&nbsp;<a href=\"https:\/\/bassin-arcachon.com\/zh\/%e6%88%91%e4%bb%ac%e7%9a%84%e5%bf%85%e9%9c%80%e5%93%81\/%e7%81%af%e5%a1%94%e5%92%8c%e5%b0%96%e8%a7%92%e9%9b%aa%e8%b2%82\/\">\u96ea\u8c82\u89d2\u706f\u5854<\/a>\uff0c\u6f2b\u6b65\u5176\u4e2d&nbsp;<a href=\"https:\/\/bassin-arcachon.com\/zh\/%e6%88%91%e4%bb%ac%e7%9a%84%e5%bf%85%e9%9c%80%e5%93%81\/%e7%89%a1%e8%9b%8e%e6%9d%91%e5%92%8c%e6%b8%af%e5%8f%a3\/\">\u7261\u86ce\u6751<\/a>\uff0c\u4e58\u8239\u6cbf\u7740\u534a\u5c9b\u822a\u884c\uff0c\u54c1\u5c1d\u7261\u86ce\u548c\u7cd5\u70b9\uff0c\u5728\u79d8\u5bc6\u6d77\u6ee9\u4e0a\u653e\u677e......<\/p>\n<\/div>\n\n\n\n<div class=\"wp-block-uagb-container uagb-block-13540670\">\n<div class=\"wp-block-uagb-image uagb-block-ba011f3b wp-block-uagb-image--layout-default wp-block-uagb-image--effect-static wp-block-uagb-image--align-none\"><figure class=\"wp-block-uagb-image__figure\"><img decoding=\"async\" srcset=\"https:\/\/bassin-arcachon.com\/wp-content\/uploads\/2018\/06\/cap-gourmand-degustation-huitres-ferret-1024x683.png \" sizes=\"auto, (max-width: 480px) 150px\" src=\"https:\/\/bassin-arcachon.com\/wp-content\/uploads\/2018\/06\/cap-gourmand-degustation-huitres-ferret-1024x683.png\" alt=\"\u5728 Cap Ferret \u4e0e Cap Gourmand \u4e00\u8d77\u54c1\u5c1d\u7261\u86ce\" class=\"uag-image-22809\" width=\"1024\" height=\"683\" title=\"- - Bassin d&#039;Arcachon\" loading=\"lazy\" role=\"img\"><\/figure><\/div>\n<\/div>\n<\/div><\/div>\n\n\n\n<div style=\"height:40px\" aria-hidden=\"true\" class=\"wp-block-spacer\"><\/div>\n\n\n\n<div class=\"wp-block-uagb-container uagb-block-47487c6c alignfull uagb-is-root-container\"><div class=\"uagb-container-inner-blocks-wrap\">\n<figure class=\"wp-block-pullquote\"><blockquote><p>\u63a2\u7d22 L\u00e8ge-Cap Ferret \u534a\u5c9b&nbsp;<a href=\"http:\/\/www.lege-capferret.com\/\" target=\"_blank\" rel=\"noreferrer noopener\">www.lege-capferret.com<\/a>.<br>\u6d4f\u89c8\u8fd9\u4e2a&nbsp;<a href=\"https:\/\/bassin-arcachon.com\/zh\/\">\u7f51\u7ad9\uff0cArcachon \u7684 Bassin<\/a>.\u60a8\u65e0\u9700\u8868\u660e\u8eab\u4efd\uff01<\/p><\/blockquote><\/figure>\n<\/div><\/div>\n\n\n\n<div style=\"height:40px\" aria-hidden=\"true\" class=\"wp-block-spacer\"><\/div>\n\n\n\n<div class=\"wp-block-uagb-container uagb-block-56d9cee2 alignfull uagb-is-root-container\"><div class=\"uagb-container-inner-blocks-wrap\">\n<h3 class=\"wp-block-heading\">\u806a\u660e\u51b2\u6d6a\uff01<\/h3>\n\n\n\n<p>WiFi_Bassin_Arcachon \u7f51\u7edc\u8bb0\u4f4f\u4e86\u4f60\uff01\u6bcf\u6b21\u60a8\u9760\u8fd1\u6211\u4eec\u7684\u4e00\u4e2a WiFi \u7ec8\u7aef\u65f6\uff0c\u90fd\u4f1a\u5728\u540c\u4e00\u53f0\u8bbe\u5907\u4e0a\u81ea\u52a8\u5efa\u7acb\u8fde\u63a5\uff0c\u65e0\u8bba Bassin \u4f4d\u4e8e\u54ea\u4e2a\u57ce\u5e02\u3002\u8bb0\u5f97\u91cd\u542f\u6d4f\u89c8\u5668\u3002<\/p>\n\n\n\n<h3 class=\"wp-block-heading\">\u6570\u5b57\u6e05\u9192<\/h3>\n\n\n\n<p>\u8ba9\u6211\u4eec\u91c7\u53d6\u6b63\u786e\u7684\u884c\u52a8\uff0c\u5efa\u8bbe\u66f4\u52a0\u7eff\u8272\u7684\u6570\u5b57\u4e16\u754c\uff01\u8ba9\u6211\u4eec\u5171\u540c\u91c7\u53d6\u7b80\u5355\u7684\u884c\u52a8\u6765\u51cf\u5c11\u5bf9\u73af\u5883\u7684\u5f71\u54cd\uff0c\u6253\u9020\u4e00\u4e2a\u66f4\u8d1f\u8d23\u4efb\u7684\u6570\u5b57\u4e16\u754c\u3002\u4e86\u89e3\u6211\u4eec\u7684\u5b9e\u7528\u5efa\u8bae\u00a0<strong><a href=\"https:\/\/www.ecologie.gouv.fr\/sites\/default\/files\/guide-en-route-vers-sobriete-numerique.pdf\" target=\"_blank\" rel=\"noreferrer noopener\">\u5728\u8fd9\u4e2a\u7f51\u7ad9\u4e0a\u00a0<\/a>!<\/strong><\/p>\n<\/div><\/div>\n\n\n\n<div style=\"height:40px\" aria-hidden=\"true\" class=\"wp-block-spacer\"><\/div>","protected":false},"excerpt":{"rendered":"<p>L\u00e8ge-Cap Ferret vous offre un acc\u00e8s WiFi gratuit et s\u00e9curis\u00e9 pour surfer sur Internet librement dans des lieux publics \u00e9quip\u00e9s. Entre Oc\u00e9an et Bassin, la c\u00e9l\u00e8bre presqu\u2019\u00eele de&nbsp;L\u00e8ge-Cap Ferret&nbsp;s\u2019\u00e9tend sur [&hellip;]<\/p>\n","protected":false},"author":25,"featured_media":22104,"parent":69,"menu_order":16,"comment_status":"closed","ping_status":"closed","template":"","meta":{"_acf_changed":false,"_uag_custom_page_level_css":"","footnotes":""},"class_list":["post-750","page","type-page","status-publish","has-post-thumbnail","hentry"],"acf":[],"uagb_featured_image_src":{"full":["https:\/\/bassin-arcachon.com\/wp-content\/uploads\/2018\/05\/velo-cap-ferret-SIBA-agence-les-conteurs-20-e1546599102188.jpg",1000,667,false],"thumbnail":["https:\/\/bassin-arcachon.com\/wp-content\/uploads\/2018\/05\/velo-cap-ferret-SIBA-agence-les-conteurs-20-e1546599102188-150x150.jpg",150,150,true],"medium":["https:\/\/bassin-arcachon.com\/wp-content\/uploads\/2018\/05\/velo-cap-ferret-SIBA-agence-les-conteurs-20-e1546599102188-600x400.jpg",600,400,true],"medium_large":["https:\/\/bassin-arcachon.com\/wp-content\/uploads\/2018\/05\/velo-cap-ferret-SIBA-agence-les-conteurs-20-e1546599102188-768x512.jpg",768,512,true],"large":["https:\/\/bassin-arcachon.com\/wp-content\/uploads\/2018\/05\/velo-cap-ferret-SIBA-agence-les-conteurs-20-e1546599102188.jpg",1000,667,false],"1536x1536":["https:\/\/bassin-arcachon.com\/wp-content\/uploads\/2018\/05\/velo-cap-ferret-SIBA-agence-les-conteurs-20-e1546599102188.jpg",1000,667,false],"2048x2048":["https:\/\/bassin-arcachon.com\/wp-content\/uploads\/2018\/05\/velo-cap-ferret-SIBA-agence-les-conteurs-20-e1546599102188.jpg",1000,667,false],"trp-custom-language-flag":["https:\/\/bassin-arcachon.com\/wp-content\/uploads\/2018\/05\/velo-cap-ferret-SIBA-agence-les-conteurs-20-e1546599102188-18x12.jpg",18,12,true]},"uagb_author_info":{"display_name":"Marie Clauzel","author_link":"https:\/\/bassin-arcachon.com\/zh\/author\/mariesiba\/"},"uagb_comment_info":0,"uagb_excerpt":"L\u00e8ge-Cap Ferret vous offre un acc\u00e8s WiFi gratuit et s\u00e9curis\u00e9 pour surfer sur Internet librement dans des lieux publics \u00e9quip\u00e9s. Entre Oc\u00e9an et Bassin, la c\u00e9l\u00e8bre presqu\u2019\u00eele de&nbsp;L\u00e8ge-Cap Ferret&nbsp;s\u2019\u00e9tend sur [&hellip;]","_links":{"self":[{"href":"https:\/\/bassin-arcachon.com\/zh\/wp-json\/wp\/v2\/pages\/750","targetHints":{"allow":["GET"]}}],"collection":[{"href":"https:\/\/bassin-arcachon.com\/zh\/wp-json\/wp\/v2\/pages"}],"about":[{"href":"https:\/\/bassin-arcachon.com\/zh\/wp-json\/wp\/v2\/types\/page"}],"author":[{"embeddable":true,"href":"https:\/\/bassin-arcachon.com\/zh\/wp-json\/wp\/v2\/users\/25"}],"replies":[{"embeddable":true,"href":"https:\/\/bassin-arcachon.com\/zh\/wp-json\/wp\/v2\/comments?post=750"}],"version-history":[{"count":1,"href":"https:\/\/bassin-arcachon.com\/zh\/wp-json\/wp\/v2\/pages\/750\/revisions"}],"predecessor-version":[{"id":119040,"href":"https:\/\/bassin-arcachon.com\/zh\/wp-json\/wp\/v2\/pages\/750\/revisions\/119040"}],"up":[{"embeddable":true,"href":"https:\/\/bassin-arcachon.com\/zh\/wp-json\/wp\/v2\/pages\/69"}],"wp:featuredmedia":[{"embeddable":true,"href":"https:\/\/bassin-arcachon.com\/zh\/wp-json\/wp\/v2\/media\/22104"}],"wp:attachment":[{"href":"https:\/\/bassin-arcachon.com\/zh\/wp-json\/wp\/v2\/media?parent=750"}],"curies":[{"name":"\u53ef\u6e7f\u6027\u7c89\u5242","href":"https:\/\/api.w.org\/{rel}","templated":true}]}}