{"id":754,"date":"2017-04-04T12:21:37","date_gmt":"2017-04-04T10:21:37","guid":{"rendered":"https:\/\/bassin-arcachon.com\/\/?page_id=754"},"modified":"2024-12-16T14:02:22","modified_gmt":"2024-12-16T13:02:22","slug":"wifi-ares","status":"publish","type":"page","link":"https:\/\/bassin-arcachon.com\/zh\/trouver-votre-point-wifi\/wifi-ares\/","title":{"rendered":"\u6b22\u8fce\u6765\u5230\u6218\u795e"},"content":{"rendered":"<div class=\"wp-block-uagb-container uagb-block-153fbf96 alignfull uagb-is-root-container\"><div class=\"uagb-container-inner-blocks-wrap\">\n<div class=\"wp-block-uagb-container uagb-block-7810a821\">\n<h2 class=\"wp-block-heading\">Ar\u00e8s \u4e3a\u60a8\u63d0\u4f9b\u514d\u8d39\u548c\u5b89\u5168\u7684 WiFi \u8bbf\u95ee\uff0c\u8ba9\u60a8\u5728\u6240\u6709\u8bbe\u5907\u9f50\u5168\u7684\u516c\u5171\u573a\u6240\u81ea\u7531\u4e0a\u7f51\u3002<\/h2>\n\n\n\n<p>\u5728\u6d77\u6ee9\u3001\u68ee\u6797\u548c\u53d7\u4fdd\u62a4\u7684\u81ea\u7136\u533a\u57df\u4e4b\u95f4\uff1a&nbsp;<a href=\"https:\/\/bassin-arcachon.com\/zh\/%e6%88%91%e4%bb%ac%e7%9a%84%e5%9f%8e%e5%b8%82%e5%92%8c%e6%9d%91%e5%ba%84\/%e6%88%98%e7%a5%9e-2\/\">\u6218\u795e<\/a>\uff0c\u4e00\u4e2a\u5730\u9053\u7684\u6751\u5e84\uff0c\u5168\u5e74\u4e3a\u5168\u5bb6\u63d0\u4f9b\u201c\u81ea\u7136\u201d\u6d3b\u52a8\u548c\u5a31\u4e50\u8282\u76ee\u3002 Ares \u4e0e V\u00e9lodyss\u00e9 \u4ea4\u53c9\uff0c\u662f\u81ea\u884c\u8f66\u7231\u597d\u8005\u7684\u7406\u60f3\u9009\u62e9\u3002<\/p>\n<\/div>\n\n\n\n<div class=\"wp-block-uagb-container uagb-block-b1de9fbd\">\n<div class=\"wp-block-uagb-image uagb-block-ef8820b0 wp-block-uagb-image--layout-default wp-block-uagb-image--effect-static wp-block-uagb-image--align-none\"><figure class=\"wp-block-uagb-image__figure\"><img decoding=\"async\" srcset=\"https:\/\/bassin-arcachon.com\/wp-content\/uploads\/2020\/07\/Flaner-sur-le-port-ostreicole-Ares-Bassin-Arcachon-1024x683-1.jpg \" sizes=\"auto, (max-width: 480px) 150px\" src=\"https:\/\/bassin-arcachon.com\/wp-content\/uploads\/2020\/07\/Flaner-sur-le-port-ostreicole-Ares-Bassin-Arcachon-1024x683-1.jpg\" alt=\"- - Bassin d&#039;Arcachon\" class=\"uag-image-44399\" width=\"1024\" height=\"683\" title=\"- - Bassin d&#039;Arcachon\" loading=\"lazy\" role=\"img\"><\/figure><\/div>\n<\/div>\n<\/div><\/div>\n\n\n\n<div style=\"height:40px\" aria-hidden=\"true\" class=\"wp-block-spacer\"><\/div>\n\n\n\n<div class=\"wp-block-uagb-container uagb-block-d5780c99 alignfull uagb-is-root-container\"><div class=\"uagb-container-inner-blocks-wrap\">\n<figure class=\"wp-block-pullquote\"><blockquote><p>\u63a2\u7d22\u963f\u96f7\u65af\u5e02&nbsp;<a href=\"http:\/\/www.ares-tourisme.com\/\" target=\"_blank\" rel=\"noreferrer noopener\">www.ares-tourisme.com<\/a>.<br>\u6d4f\u89c8\u8fd9\u4e2a&nbsp;<a href=\"https:\/\/bassin-arcachon.com\/zh\/\">\u7f51\u7ad9\uff0cArcachon \u7684 Bassin<\/a>.\u60a8\u65e0\u9700\u8868\u660e\u8eab\u4efd\uff01<\/p><\/blockquote><\/figure>\n<\/div><\/div>\n\n\n\n<div style=\"height:40px\" aria-hidden=\"true\" class=\"wp-block-spacer\"><\/div>\n\n\n\n<div class=\"wp-block-uagb-container uagb-block-566dc536 alignfull uagb-is-root-container\"><div class=\"uagb-container-inner-blocks-wrap\">\n<h3 class=\"wp-block-heading\">\u806a\u660e\u51b2\u6d6a\uff01<\/h3>\n\n\n\n<p>WiFi_Bassin_Arcachon \u7f51\u7edc\u8bb0\u4f4f\u4e86\u4f60\uff01\u6bcf\u6b21\u60a8\u9760\u8fd1\u6211\u4eec\u7684\u4e00\u4e2a WiFi \u7ec8\u7aef\u65f6\uff0c\u90fd\u4f1a\u5728\u540c\u4e00\u53f0\u8bbe\u5907\u4e0a\u81ea\u52a8\u5efa\u7acb\u8fde\u63a5\uff0c\u65e0\u8bba Bassin \u4f4d\u4e8e\u54ea\u4e2a\u57ce\u5e02\u3002\u8bb0\u5f97\u91cd\u542f\u6d4f\u89c8\u5668\u3002<\/p>\n<\/div><\/div>\n\n\n\n<div class=\"wp-block-uagb-container uagb-block-216b45c7 alignfull uagb-is-root-container\"><div class=\"uagb-container-inner-blocks-wrap\">\n<h3 class=\"wp-block-heading\">\u6570\u5b57\u6e05\u9192<\/h3>\n\n\n\n<p>\u8ba9\u6211\u4eec\u91c7\u53d6\u6b63\u786e\u7684\u884c\u52a8\uff0c\u5efa\u8bbe\u66f4\u52a0\u7eff\u8272\u7684\u6570\u5b57\u4e16\u754c\uff01\u8ba9\u6211\u4eec\u5171\u540c\u91c7\u53d6\u7b80\u5355\u7684\u884c\u52a8\u6765\u51cf\u5c11\u5bf9\u73af\u5883\u7684\u5f71\u54cd\uff0c\u6253\u9020\u4e00\u4e2a\u66f4\u8d1f\u8d23\u4efb\u7684\u6570\u5b57\u4e16\u754c\u3002\u4e86\u89e3\u6211\u4eec\u7684\u5b9e\u7528\u5efa\u8bae\u00a0<strong><a href=\"https:\/\/www.ecologie.gouv.fr\/sites\/default\/files\/guide-en-route-vers-sobriete-numerique.pdf\" target=\"_blank\" rel=\"noreferrer noopener\">\u5728\u8fd9\u4e2a\u7f51\u7ad9\u4e0a\u00a0<\/a>!<\/strong><\/p>\n<\/div><\/div>\n\n\n\n<div style=\"height:40px\" aria-hidden=\"true\" class=\"wp-block-spacer\"><\/div>","protected":false},"excerpt":{"rendered":"<p>Ar\u00e8s vous offre un acc\u00e8s WiFi gratuit et s\u00e9curis\u00e9 pour surfer sur Internet librement dans tous les lieux publics \u00e9quip\u00e9s. Entre plages, for\u00eats et espaces naturels pr\u00e9serv\u00e9s :&nbsp;Ar\u00e8s, village authentique, [&hellip;]<\/p>\n","protected":false},"author":25,"featured_media":23617,"parent":69,"menu_order":10,"comment_status":"closed","ping_status":"closed","template":"","meta":{"_acf_changed":false,"_uag_custom_page_level_css":"","footnotes":""},"class_list":["post-754","page","type-page","status-publish","has-post-thumbnail","hentry"],"acf":[],"uagb_featured_image_src":{"full":["https:\/\/bassin-arcachon.com\/wp-content\/uploads\/2018\/07\/Vue-depuis-la-jet\u00e9e-dAr\u00e8s.jpg",1000,666,false],"thumbnail":["https:\/\/bassin-arcachon.com\/wp-content\/uploads\/2018\/07\/Vue-depuis-la-jet\u00e9e-dAr\u00e8s-150x150.jpg",150,150,true],"medium":["https:\/\/bassin-arcachon.com\/wp-content\/uploads\/2018\/07\/Vue-depuis-la-jet\u00e9e-dAr\u00e8s-600x400.jpg",600,400,true],"medium_large":["https:\/\/bassin-arcachon.com\/wp-content\/uploads\/2018\/07\/Vue-depuis-la-jet\u00e9e-dAr\u00e8s-768x511.jpg",768,511,true],"large":["https:\/\/bassin-arcachon.com\/wp-content\/uploads\/2018\/07\/Vue-depuis-la-jet\u00e9e-dAr\u00e8s.jpg",1000,666,false],"1536x1536":["https:\/\/bassin-arcachon.com\/wp-content\/uploads\/2018\/07\/Vue-depuis-la-jet\u00e9e-dAr\u00e8s.jpg",1000,666,false],"2048x2048":["https:\/\/bassin-arcachon.com\/wp-content\/uploads\/2018\/07\/Vue-depuis-la-jet\u00e9e-dAr\u00e8s.jpg",1000,666,false],"trp-custom-language-flag":["https:\/\/bassin-arcachon.com\/wp-content\/uploads\/2018\/07\/Vue-depuis-la-jet\u00e9e-dAr\u00e8s-18x12.jpg",18,12,true]},"uagb_author_info":{"display_name":"Marie Clauzel","author_link":"https:\/\/bassin-arcachon.com\/zh\/author\/mariesiba\/"},"uagb_comment_info":0,"uagb_excerpt":"Ar\u00e8s vous offre un acc\u00e8s WiFi gratuit et s\u00e9curis\u00e9 pour surfer sur Internet librement dans tous les lieux publics \u00e9quip\u00e9s. Entre plages, for\u00eats et espaces naturels pr\u00e9serv\u00e9s :&nbsp;Ar\u00e8s, village authentique, [&hellip;]","_links":{"self":[{"href":"https:\/\/bassin-arcachon.com\/zh\/wp-json\/wp\/v2\/pages\/754","targetHints":{"allow":["GET"]}}],"collection":[{"href":"https:\/\/bassin-arcachon.com\/zh\/wp-json\/wp\/v2\/pages"}],"about":[{"href":"https:\/\/bassin-arcachon.com\/zh\/wp-json\/wp\/v2\/types\/page"}],"author":[{"embeddable":true,"href":"https:\/\/bassin-arcachon.com\/zh\/wp-json\/wp\/v2\/users\/25"}],"replies":[{"embeddable":true,"href":"https:\/\/bassin-arcachon.com\/zh\/wp-json\/wp\/v2\/comments?post=754"}],"version-history":[{"count":1,"href":"https:\/\/bassin-arcachon.com\/zh\/wp-json\/wp\/v2\/pages\/754\/revisions"}],"predecessor-version":[{"id":119039,"href":"https:\/\/bassin-arcachon.com\/zh\/wp-json\/wp\/v2\/pages\/754\/revisions\/119039"}],"up":[{"embeddable":true,"href":"https:\/\/bassin-arcachon.com\/zh\/wp-json\/wp\/v2\/pages\/69"}],"wp:featuredmedia":[{"embeddable":true,"href":"https:\/\/bassin-arcachon.com\/zh\/wp-json\/wp\/v2\/media\/23617"}],"wp:attachment":[{"href":"https:\/\/bassin-arcachon.com\/zh\/wp-json\/wp\/v2\/media?parent=754"}],"curies":[{"name":"\u53ef\u6e7f\u6027\u7c89\u5242","href":"https:\/\/api.w.org\/{rel}","templated":true}]}}