{"id":760,"date":"2017-04-04T12:24:38","date_gmt":"2017-04-04T10:24:38","guid":{"rendered":"https:\/\/bassin-arcachon.com\/\/?page_id=760"},"modified":"2024-12-16T14:04:13","modified_gmt":"2024-12-16T13:04:13","slug":"%e6%97%a0%e7%ba%bf%e6%8a%80%e6%9c%af","status":"publish","type":"page","link":"https:\/\/bassin-arcachon.com\/zh\/trouver-votre-point-wifi\/wifi-le-teich\/","title":{"rendered":"\u6b22\u8fce\u6765\u5230\u6cf0\u5947"},"content":{"rendered":"<div class=\"wp-block-uagb-container uagb-block-d91e8758 alignfull uagb-is-root-container\"><div class=\"uagb-container-inner-blocks-wrap\">\n<div class=\"wp-block-uagb-container uagb-block-b955d429\">\n<h2 class=\"wp-block-heading\">Le Teich\u4e3a\u60a8\u63d0\u4f9b\u514d\u8d39\u3001\u5b89\u5168\u7684WiFi\u63a5\u5165\uff0c\u8ba9\u60a8\u5728\u8bbe\u65bd\u9f50\u5168\u7684\u516c\u5171\u573a\u6240\u81ea\u7531\u4e0a\u7f51\u3002<\/h2>\n\n\n\n<p>\u6b65\u884c\u3001\u9a91\u81ea\u884c\u8f66\u6216\u5212\u72ec\u6728\u821f\uff0c\u6cbf\u7740\u68ee\u6797\u548c\u6f6e\u6e7f\u8349\u5730\u4e4b\u95f4\u7684\u5c0f\u5f84\u548c\u6c34\u9053\uff0c\u63a2\u7d22\u6cf0\u5947\u7684\u81ea\u7136\u8d22\u5bcc\uff0c\u89c2\u5bdf\u9e1f\u7c7b\u4fdd\u62a4\u533a\u5185\u5168\u5e74\u51fa\u73b0\u7684\u4e0d\u540c\u79cd\u7c7b\u7684\u9e1f\u7c7b\u3002<\/p>\n<\/div>\n\n\n\n<div class=\"wp-block-uagb-container uagb-block-282ada4a\">\n<div class=\"wp-block-uagb-image uagb-block-fbcc2db0 wp-block-uagb-image--layout-default wp-block-uagb-image--effect-static wp-block-uagb-image--align-none\"><figure class=\"wp-block-uagb-image__figure\"><img decoding=\"async\" srcset=\"https:\/\/bassin-arcachon.com\/wp-content\/uploads\/2017\/04\/sentier-littoral-gujan-le-teich-8-1024x683.jpg \" sizes=\"auto, (max-width: 480px) 150px\" src=\"https:\/\/bassin-arcachon.com\/wp-content\/uploads\/2017\/04\/sentier-littoral-gujan-le-teich-8-1024x683.jpg\" alt=\"Le Teich\" class=\"uag-image-8233\" width=\"1024\" height=\"683\" title=\"- - Bassin d&#039;Arcachon\" loading=\"lazy\"><\/figure><\/div>\n<\/div>\n<\/div><\/div>\n\n\n\n<div style=\"height:40px\" aria-hidden=\"true\" class=\"wp-block-spacer\"><\/div>\n\n\n\n<div class=\"wp-block-uagb-container uagb-block-f6c0da35 alignfull uagb-is-root-container\"><div class=\"uagb-container-inner-blocks-wrap\">\n<figure class=\"wp-block-pullquote\"><blockquote><p>\u63a2\u7d22\u6cf0\u5947\u5e02&nbsp;<a href=\"http:\/\/www.leteich-tourisme.com\/\" target=\"_blank\" rel=\"noreferrer noopener\">www.leteich-tourisme.com<\/a>.<br>\u6d4f\u89c8\u8fd9\u4e2a&nbsp;<a href=\"https:\/\/bassin-arcachon.com\/zh\/\">\u7f51\u7ad9\uff0cArcachon \u7684 Bassin<\/a>.\u60a8\u65e0\u9700\u8868\u660e\u8eab\u4efd\uff01<\/p><\/blockquote><\/figure>\n<\/div><\/div>\n\n\n\n<div style=\"height:40px\" aria-hidden=\"true\" class=\"wp-block-spacer\"><\/div>\n\n\n\n<div class=\"wp-block-uagb-container uagb-block-f654ba1d alignfull uagb-is-root-container\"><div class=\"uagb-container-inner-blocks-wrap\">\n<h3 class=\"wp-block-heading\">\u806a\u660e\u51b2\u6d6a\uff01<\/h3>\n\n\n\n<p>WiFi_Bassin_Arcachon \u7f51\u7edc\u8bb0\u4f4f\u4e86\u4f60\uff01\u6bcf\u6b21\u60a8\u9760\u8fd1\u6211\u4eec\u7684\u4e00\u4e2a WiFi \u7ec8\u7aef\u65f6\uff0c\u90fd\u4f1a\u5728\u540c\u4e00\u53f0\u8bbe\u5907\u4e0a\u81ea\u52a8\u5efa\u7acb\u8fde\u63a5\uff0c\u65e0\u8bba Bassin \u4f4d\u4e8e\u54ea\u4e2a\u57ce\u5e02\u3002\u8bb0\u5f97\u91cd\u542f\u6d4f\u89c8\u5668\u3002<\/p>\n<\/div><\/div>\n\n\n\n<div style=\"height:40px\" aria-hidden=\"true\" class=\"wp-block-spacer\"><\/div>","protected":false},"excerpt":{"rendered":"<p>Le Teich vous offre un acc\u00e8s WiFi gratuit et s\u00e9curis\u00e9 pour surfer sur Internet librement dans les lieux publics \u00e9quip\u00e9s. Venez d\u00e9couvrir les richesses naturelles du Teich \u00e0 pied, \u00e0 [&hellip;]<\/p>\n","protected":false},"author":25,"featured_media":23579,"parent":69,"menu_order":19,"comment_status":"closed","ping_status":"closed","template":"","meta":{"_acf_changed":false,"_uag_custom_page_level_css":"","footnotes":""},"class_list":["post-760","page","type-page","status-publish","has-post-thumbnail","hentry"],"acf":[],"uagb_featured_image_src":{"full":["https:\/\/bassin-arcachon.com\/wp-content\/uploads\/2017\/02\/vue-sentier-littoral-le-teich.jpg",1000,666,false],"thumbnail":["https:\/\/bassin-arcachon.com\/wp-content\/uploads\/2017\/02\/vue-sentier-littoral-le-teich-150x150.jpg",150,150,true],"medium":["https:\/\/bassin-arcachon.com\/wp-content\/uploads\/2017\/02\/vue-sentier-littoral-le-teich-600x400.jpg",600,400,true],"medium_large":["https:\/\/bassin-arcachon.com\/wp-content\/uploads\/2017\/02\/vue-sentier-littoral-le-teich-768x511.jpg",768,511,true],"large":["https:\/\/bassin-arcachon.com\/wp-content\/uploads\/2017\/02\/vue-sentier-littoral-le-teich.jpg",1000,666,false],"1536x1536":["https:\/\/bassin-arcachon.com\/wp-content\/uploads\/2017\/02\/vue-sentier-littoral-le-teich.jpg",1000,666,false],"2048x2048":["https:\/\/bassin-arcachon.com\/wp-content\/uploads\/2017\/02\/vue-sentier-littoral-le-teich.jpg",1000,666,false],"trp-custom-language-flag":["https:\/\/bassin-arcachon.com\/wp-content\/uploads\/2017\/02\/vue-sentier-littoral-le-teich-18x12.jpg",18,12,true]},"uagb_author_info":{"display_name":"Marie Clauzel","author_link":"https:\/\/bassin-arcachon.com\/zh\/author\/mariesiba\/"},"uagb_comment_info":0,"uagb_excerpt":"Le Teich vous offre un acc\u00e8s WiFi gratuit et s\u00e9curis\u00e9 pour surfer sur Internet librement dans les lieux publics \u00e9quip\u00e9s. Venez d\u00e9couvrir les richesses naturelles du Teich \u00e0 pied, \u00e0 [&hellip;]","_links":{"self":[{"href":"https:\/\/bassin-arcachon.com\/zh\/wp-json\/wp\/v2\/pages\/760","targetHints":{"allow":["GET"]}}],"collection":[{"href":"https:\/\/bassin-arcachon.com\/zh\/wp-json\/wp\/v2\/pages"}],"about":[{"href":"https:\/\/bassin-arcachon.com\/zh\/wp-json\/wp\/v2\/types\/page"}],"author":[{"embeddable":true,"href":"https:\/\/bassin-arcachon.com\/zh\/wp-json\/wp\/v2\/users\/25"}],"replies":[{"embeddable":true,"href":"https:\/\/bassin-arcachon.com\/zh\/wp-json\/wp\/v2\/comments?post=760"}],"version-history":[{"count":1,"href":"https:\/\/bassin-arcachon.com\/zh\/wp-json\/wp\/v2\/pages\/760\/revisions"}],"predecessor-version":[{"id":119043,"href":"https:\/\/bassin-arcachon.com\/zh\/wp-json\/wp\/v2\/pages\/760\/revisions\/119043"}],"up":[{"embeddable":true,"href":"https:\/\/bassin-arcachon.com\/zh\/wp-json\/wp\/v2\/pages\/69"}],"wp:featuredmedia":[{"embeddable":true,"href":"https:\/\/bassin-arcachon.com\/zh\/wp-json\/wp\/v2\/media\/23579"}],"wp:attachment":[{"href":"https:\/\/bassin-arcachon.com\/zh\/wp-json\/wp\/v2\/media?parent=760"}],"curies":[{"name":"\u53ef\u6e7f\u6027\u7c89\u5242","href":"https:\/\/api.w.org\/{rel}","templated":true}]}}