{"id":8409,"date":"2017-11-20T10:18:54","date_gmt":"2017-11-20T09:18:54","guid":{"rendered":"https:\/\/bassin-arcachon.com\/\/?page_id=8409"},"modified":"2025-07-17T16:51:20","modified_gmt":"2025-07-17T14:51:20","slug":"%e4%b8%8b%e9%9b%a8%e6%97%b6%e8%af%a5%e6%80%8e%e4%b9%88%e5%8a%9e","status":"publish","type":"page","link":"https:\/\/bassin-arcachon.com\/zh\/que-faire-quand-il-pleut\/","title":{"rendered":"\u4e0b\u96e8\u65f6\u8be5\u600e\u4e48\u529e\uff1f"},"content":{"rendered":"<div class=\"wp-block-uagb-container uagb-block-3e11289c alignfull uagb-is-root-container\"><div class=\"uagb-container-inner-blocks-wrap\">\n<div class=\"wp-block-buttons is-content-justification-center is-layout-flex wp-container-core-buttons-is-layout-16018d1d wp-block-buttons-is-layout-flex\">\n<div class=\"wp-block-button\"><a class=\"wp-block-button__link wp-element-button\" href=\"https:\/\/www.calameo.com\/read\/000024421dd1f2bc56daa\" target=\"_blank\" rel=\"noreferrer noopener\">Arcachon Bassin \u4e0b\u96e8\u600e\u4e48\u529e\uff1f\u4e0b\u8f7dPDF\uff01<\/a><\/div>\n<\/div>\n<\/div><\/div>\n\n\n\n<div style=\"height:60px\" aria-hidden=\"true\" class=\"wp-block-spacer\"><\/div>\n\n\n\n<div class=\"wp-block-uagb-container uagb-block-5c2cf503 alignfull uagb-is-root-container\"><div class=\"uagb-container-inner-blocks-wrap\">\n<div class=\"wp-block-uagb-container uagb-block-b283b991\">\n<h2 class=\"wp-block-heading\">\u732b\u5934\u9e70\uff0c\u4e0b\u96e8\u4e86\uff01<\/h2>\n\n\n\n<p>\u4e0b\u96e8\u4e86\uff0c\u597d\u5427\u2026\u2026\u4f46\u60a8\u5728 Arcachon Bassin \u4e0a\u7684\u505c\u7559\u5e76\u4e0d\u6b62\u4e8e\u6b64\uff01<\/p>\n\n\n\n<p>\u5229\u7528\u8fd9\u4e9b\u9634\u5929\u6765\u53d1\u73b0\u5047\u671f\u548c\u5468\u672b\u4e00\u6837\u6109\u5feb\u7684\u6d3b\u52a8\u3002<\/p>\n\n\n\n<p>\u5a92\u4f53\u56fe\u4e66\u9986\u548c\u5e02\u653f\u6e38\u6cf3\u6c60\u3001\u8d4c\u573a\u3001\u4fdd\u9f84\u7403\u3001\u6fc0\u5149\u6e38\u620f\u3001\u7535\u5f71\u9662\u3001\u6d74\u7597\u3001\u6d77\u6c34\u6d74\u7597\u6cd5\u3001\u6c34\u7597\u3001\u6500\u5ca9\u3001\u9003\u8131\u6e38\u620f\u2026\u2026<\/p>\n\n\n\n<p>\u5373\u4f7f\u5728\u9634\u96e8\u5929\u6c14\uff0c\u4e5f\u4e0d\u4e4f\u83b7\u5f97\u6c27\u6c14\u7684\u673a\u4f1a\uff01<\/p>\n<\/div>\n\n\n\n<div class=\"wp-block-uagb-container uagb-block-58a3a22c\">\n<div class=\"wp-block-uagb-image uagb-block-552f12e2 wp-block-uagb-image--layout-default wp-block-uagb-image--effect-static wp-block-uagb-image--align-none\"><figure class=\"wp-block-uagb-image__figure\"><img decoding=\"async\" srcset=\"https:\/\/bassin-arcachon.com\/wp-content\/uploads\/2020\/03\/thalasso-thalazur-arcachon-cure-couple-1024x684.jpg \" sizes=\"auto, (max-width: 480px) 150px\" src=\"https:\/\/bassin-arcachon.com\/wp-content\/uploads\/2020\/03\/thalasso-thalazur-arcachon-cure-couple-1024x684.jpg\" alt=\"- - Bassin d&#039;Arcachon\" class=\"uag-image-42589\" width=\"1024\" height=\"684\" title=\"- - Bassin d&#039;Arcachon\" loading=\"lazy\" role=\"img\"><\/figure><\/div>\n<\/div>\n<\/div><\/div>\n\n\n\n<div style=\"height:60px\" aria-hidden=\"true\" class=\"wp-block-spacer\"><\/div>\n\n\n\n<div class=\"wp-block-uagb-container uagb-block-fa5e4fc3 alignfull uagb-is-root-container\"><div class=\"uagb-container-inner-blocks-wrap\">\n<div class=\"wp-block-uagb-container uagb-block-9b9b8fd7\">\n<div class=\"wp-block-uagb-image uagb-block-600673eb wp-block-uagb-image--layout-default wp-block-uagb-image--effect-static wp-block-uagb-image--align-none\"><figure class=\"wp-block-uagb-image__figure\"><img decoding=\"async\" srcset=\"https:\/\/bassin-arcachon.com\/wp-content\/uploads\/2023\/01\/maison-huitre-bassin-arcachon-agence-les-conteurs-24-edited.jpg \" sizes=\"auto, (max-width: 480px) 150px\" src=\"https:\/\/bassin-arcachon.com\/wp-content\/uploads\/2023\/01\/maison-huitre-bassin-arcachon-agence-les-conteurs-24-edited.jpg\" alt=\"- - Bassin d&#039;Arcachon\" class=\"uag-image-54859\" width=\"800\" height=\"800\" title=\"- - Bassin d&#039;Arcachon\" loading=\"lazy\" role=\"img\"><\/figure><\/div>\n<\/div>\n\n\n\n<div class=\"wp-block-uagb-container uagb-block-07324eb0\">\n<h2 class=\"wp-block-heading\">\u6587\u5316\u548c\u53d1\u73b0\u7684\u7a81\u7834<\/h2>\n\n\n\n<ul class=\"wp-block-list\">\n<li>\u8fd9&nbsp;<a href=\"http:\/\/www.ville-arcachon.fr\/le-bunker-502\/\" target=\"_blank\" rel=\"noreferrer noopener\">\u5730\u5821 502<\/a>\uff0c\u7b2c\u4e8c\u6b21\u4e16\u754c\u5927\u6218\u7684\u6b8b\u4f59\uff0c\u5728\u963f\u5361\u96c4\uff08\u5728 MA.AT \u5185\uff09<\/li>\n\n\n\n<li>Maison Louis David in Andernos-les-Bains\uff08\u9547\u535a\u7269\u9986\u548c\u827a\u672f\u5c55\u89c8\u573a\u5730\uff09<\/li>\n\n\n\n<li>\u5c0f\u578b\u7261\u86ce\u535a\u7269\u9986\uff0c\u4f4d\u4e8e Andernos-les-Bains \u7684 Cabane n\u00b055\uff08\u6709\u5173\u5f00\u653e\u65e5\u671f\uff0c\u8bf7\u81f4\u7535 05 56 82 02 95 \u54a8\u8be2\u65c5\u6e38\u5c40\uff09<\/li>\n\n\n\n<li>\u963f\u5c14\u53ca\u5229\u4e9a\u522b\u5885\u7684\u5c0f\u6559\u5802\uff0c\u534a\u5c9b\u4e0a\u7684\u660e\u73e0<\/li>\n\n\n\n<li>\u963f\u5361\u96c4\u7684\u6c34\u624b\u793c\u62dc\u5802<\/li>\n\n\n\n<li>\u8fd9&nbsp;<a href=\"http:\/\/www.maison-huitre.fr\/\" target=\"_blank\" rel=\"noreferrer noopener\">\u7261\u86ce\u5c4b<\/a>, \u5728\u5c45\u8ba9-\u6885\u65af\u7279\u62c9\u65af<\/li>\n\n\n\n<li>La Cabane bleue aux artistes\uff08Audenge \u6e2f\u53e3\u7684\u7f8e\u672f\u9986\uff09<\/li>\n\n\n\n<li>Lanton \u7684 Gardarem \u751f\u6001\u535a\u7269\u9986\uff08\u4ec5\u5468\u672b\u5f00\u653e\uff09<\/li>\n\n\n\n<li><a href=\"https:\/\/www.kokobelli.fr\/\" target=\"_blank\" rel=\"noopener\">\u79d1\u79d1\u8d1d\u5229\u8f66\u95f4<\/a>&nbsp;L\u00e8ge-Cap Ferret \u7684\uff08\u690d\u7269\u8c61\u7259\u548c\u677e\u679c\u73e0\u5b9d\u548c\u88c5\u9970\u54c1\uff09\u2014\u20144 \u6708\u81f3 9 \u6708\u5f00\u653e<\/li>\n\n\n\n<li>\u8fd9 <a href=\"https:\/\/captermer.com\/\" target=\"_blank\" rel=\"noopener\">\u6811\u8102\u6536\u85cf\u5bb6\u5c0f\u5c4b<\/a> \u4f4d\u4e8e\u96f7\u65e5\u5361\u666e\u8d39\u96f7 (L\u00e8ge Cap Ferret)<\/li>\n\n\n\n<li>\u8fd9&nbsp;<a href=\"https:\/\/bassin-arcachon.com\/zh\/%e6%88%91%e4%bb%ac%e7%9a%84%e5%bf%85%e9%9c%80%e5%93%81\/%e7%81%af%e5%a1%94%e5%92%8c%e5%b0%96%e8%a7%92%e9%9b%aa%e8%b2%82\/\">\u96ea\u8c82\u89d2\u706f\u5854<\/a>&nbsp;\u53ca\u5176\u4e92\u52a8\u5c55\u89c8\uff08\u5468\u4e09\u81f3\u5468\u65e5\u4e0b\u5348 2 \u70b9\u81f3\u4e0b\u5348 5 \u70b9\u6216\u79cb\u51ac\u5b63\u8282\u4e0b\u5348 6 \u70b9\u5f00\u653e\uff09<\/li>\n<\/ul>\n<\/div>\n<\/div><\/div>\n\n\n\n<div style=\"height:60px\" aria-hidden=\"true\" class=\"wp-block-spacer\"><\/div>\n\n\n\n<div class=\"wp-block-uagb-container uagb-block-89ed556a alignfull uagb-is-root-container\"><div class=\"uagb-container-inner-blocks-wrap\">\n<div class=\"wp-block-uagb-container uagb-block-146e97e1\">\n<h2 class=\"wp-block-heading\">\u8ba9\u81ea\u5df1\u88ab\u5f15\u5bfc\uff01<\/h2>\n\n\n\n<ul class=\"wp-block-list\">\n<li>\u8fd9&nbsp;<a href=\"http:\/\/www.lepetittraindarcachon.fr\/le_petit_train_d_arcachon\/Le_petit_train_darcachon.html\" target=\"_blank\" rel=\"noreferrer noopener\">\u963f\u5361\u96c4\u5c0f\u706b\u8f66<\/a>&nbsp;\uff08\u6709\u76d6\u706b\u8f66\uff09<\/li>\n\n\n\n<li>\u5de7\u514b\u529b\u5de5\u5382\u201c&nbsp;<a href=\"http:\/\/www.alienorchocolat.com\/chocolaterie.html\" target=\"_blank\" rel=\"noreferrer noopener\">\u57c3\u8389\u8bfa\u7684\u7f8e\u98df<\/a>&nbsp;\u00bb La Teste de Buch\uff0c\u4ec5\u9650\u5468\u4e8c\u81f3\u5468\u516d\u9884\u8ba2<\/li>\n\n\n\n<li>Le Caviar Perlita \u2013 L\u2019Esturgeonni\u00e8re \u4e8e 4 \u6708\u81f3 9 \u6708\u53c2\u89c2 Le Teich<\/li>\n\n\n\n<li>\u6cd5\u56fd\u9c7c\u5b50\u9171 \u2013 4 \u6708\u81f3 9 \u6708\u53c2\u89c2\u6bd4\u52a0\u8bfa\u65af\u7684 Moulin de la Cassadotte<\/li>\n\n\n\n<li>\u53c2\u89c2\u6bd4\u52a0\u8bfa\u65af\u7684 SMURFIT-KAPPA \u6587\u5177\u5de5\u5382\uff08\u4ec5\u9650 7 \u6708\u81f3 8 \u6708\u7684\u5468\u4e8c\u548c\u5468\u56db\uff09<\/li>\n<\/ul>\n\n\n\n<p><em>\u5bf9\u4e8e\u62dc\u8bbf\uff0c\u9760\u8fd1\u60a8\u7684&nbsp;<a href=\"https:\/\/bassin-arcachon.com\/zh\/offices-tourisme\/\">\u6e38\u5ba2\u4e2d\u5fc3<\/a><\/em><\/p>\n<\/div>\n\n\n\n<div class=\"wp-block-uagb-container uagb-block-895e6d9c\">\n<div class=\"wp-block-uagb-image uagb-block-d404c367 wp-block-uagb-image--layout-default wp-block-uagb-image--effect-static wp-block-uagb-image--align-none\"><figure class=\"wp-block-uagb-image__figure\"><img decoding=\"async\" srcset=\"https:\/\/bassin-arcachon.com\/wp-content\/uploads\/2023\/01\/Source-des-Abatilles-N0691b-e1548081054123-edited.jpg \" sizes=\"auto, (max-width: 480px) 150px\" src=\"https:\/\/bassin-arcachon.com\/wp-content\/uploads\/2023\/01\/Source-des-Abatilles-N0691b-e1548081054123-edited.jpg\" alt=\"\u53c2\u89c2\u963f\u5361\u96c4\u7684 Source des Abatilles\" class=\"uag-image-54856\" width=\"1000\" height=\"749\" title=\"- - Bassin d&#039;Arcachon\" loading=\"lazy\" role=\"img\"><\/figure><\/div>\n<\/div>\n<\/div><\/div>\n\n\n\n<div style=\"height:60px\" aria-hidden=\"true\" class=\"wp-block-spacer\"><\/div>\n\n\n\n<div class=\"wp-block-uagb-container uagb-block-e10669f6 alignfull uagb-is-root-container\"><div class=\"uagb-container-inner-blocks-wrap\">\n<div class=\"wp-block-uagb-container uagb-block-40f8e1be\">\n<div class=\"wp-block-uagb-image uagb-block-b0e4088a wp-block-uagb-image--layout-default wp-block-uagb-image--effect-static wp-block-uagb-image--align-none\"><figure class=\"wp-block-uagb-image__figure\"><img decoding=\"async\" srcset=\"https:\/\/bassin-arcachon.com\/wp-content\/uploads\/2017\/08\/baby-72695_960_720.jpg \" sizes=\"auto, (max-width: 480px) 150px\" src=\"https:\/\/bassin-arcachon.com\/wp-content\/uploads\/2017\/08\/baby-72695_960_720.jpg\" alt=\"Bassin d&#039;Arcachon \u4e0b\u96e8\u65f6\u7684\u513f\u7ae5\u6d3b\u52a8\" class=\"uag-image-7296\" width=\"960\" height=\"640\" title=\"- - Bassin d&#039;Arcachon\" loading=\"lazy\" role=\"img\"><\/figure><\/div>\n<\/div>\n\n\n\n<div class=\"wp-block-uagb-container uagb-block-472b0972\">\n<h2 class=\"wp-block-heading\">\u6211\u7684\u5c0f\u4e1c\u897f\u600e\u4e48\u529e<\/h2>\n\n\n\n<ul class=\"wp-block-list\">\n<li><a href=\"http:\/\/www.bigajump.com\/\" target=\"_blank\" rel=\"noreferrer noopener\">\u5927\u8df3<\/a>&nbsp;\u6bd4\u52a0\u8bfa\u65af\u7684\u5ba4\u5185\u8e66\u5e8a\u516c\u56ed<\/li>\n\n\n\n<li><a href=\"https:\/\/www.bassinabloc.fr\/\" target=\"_blank\" rel=\"noopener\">Bassin\u5757<\/a>\uff0cGujan \u7684\u6500\u5ca9\u5ba4<\/li>\n\n\n\n<li><a href=\"https:\/\/www.battlekart.com\/fr\/arcachon\/\" target=\"_blank\" rel=\"noopener\">\u6230\u8eca<\/a> La Teste de Buch \u5361\u4e01\u8f66\u548c\u6e38\u620f<\/li>\n\n\n\n<li>\u8fd9&nbsp;<a href=\"https:\/\/bassin-arcachon.com\/zh\/%e8%ae%ae%e7%a8%8b%e5%a4%96%e5%87%ba%e5%b8%82%e5%9c%ba\/\">Bassin\u5f71\u9662<\/a>&nbsp;\u5168\u5e74\u5f00\u653e\uff01<\/li>\n\n\n\n<li>\u5bf9\u4e8e\u5e74\u9f84\u7a0d\u5927\u7684\u4eba\u6765\u8bf4\uff1a\u8fdb\u5165\u865a\u62df\u73b0\u5b9e\u4e16\u754c <a href=\"https:\/\/bassinvr.fr\/\" target=\"_blank\" rel=\"noopener\">Bassin VR<\/a> !<\/li>\n<\/ul>\n\n\n\n<p><a href=\"https:\/\/bassin-arcachon.com\/zh\/%e5%ad%a9%e5%ad%90%e4%b8%8b%e9%9b%a8%e6%97%b6%e8%a6%81%e5%81%9a%e7%9a%84%e5%9b%9b%e4%bb%b6%e4%ba%8b\/\">\u63a2\u7d22\u6211\u4eec\u5728\u4e0b\u96e8\u65f6\u4e0e\u60a8\u7684\u5b69\u5b50\u8fdb\u884c\u7684 4 \u9879\u6d3b\u52a8\uff01<\/a><\/p>\n<\/div>\n<\/div><\/div>\n\n\n\n<div style=\"height:60px\" aria-hidden=\"true\" class=\"wp-block-spacer\"><\/div>\n\n\n\n<div class=\"wp-block-uagb-container uagb-block-3e7ac0d7 alignfull uagb-is-root-container\"><div class=\"uagb-container-inner-blocks-wrap\">\n<div class=\"wp-block-uagb-container uagb-block-55376999\">\n<h2 class=\"wp-block-heading\">\u5e87\u62a4\u6e38\u8f6e<\/h2>\n\n\n\n<p>\u6839\u636e\u5b63\u8282\u4ece\u963f\u5361\u96c4 (Arcachon)\u3001\u8d39\u96f7\u89d2 (Cap Ferret)\u3001\u5361\u519c (Canon)\u3001\u7a46\u6d1b (Moulleau) \u548c\u5b89\u5fb7\u8bfa\u65af (Andernos) \u7ec4\u7ec7\u7684\u90ca\u6e38\u6d3b\u52a8\uff1a<\/p>\n\n\n\n<ul class=\"wp-block-list\">\n<li><strong>\u9e1f\u5c9b\u4e4b\u65c5<\/strong>, \u65f6\u957f 1h45<\/li>\n\n\n\n<li><strong>Bassin\u5de1\u56de\u8d5b<\/strong>, \u65f6\u957f 2h45<\/li>\n<\/ul>\n\n\n\n<p><em>\u67e5\u8be2<a href=\"https:\/\/bateliers-arcachon.com\/\" target=\"_blank\" rel=\"noreferrer noopener\">\u8239\u592b\u8054\u76df<\/a>.<\/em><\/p>\n<\/div>\n\n\n\n<div class=\"wp-block-uagb-container uagb-block-5480b58d\">\n<div class=\"wp-block-uagb-image uagb-block-023bd38f wp-block-uagb-image--layout-default wp-block-uagb-image--effect-static wp-block-uagb-image--align-none\"><figure class=\"wp-block-uagb-image__figure\"><img decoding=\"async\" srcset=\"https:\/\/bassin-arcachon.com\/wp-content\/uploads\/2023\/08\/Design-sans-titre-2023-12-08T104740.989-1024x1024.png ,https:\/\/bassin-arcachon.com\/wp-content\/uploads\/2023\/08\/Design-sans-titre-2023-12-08T104740.989.png 780w, https:\/\/bassin-arcachon.com\/wp-content\/uploads\/2023\/08\/Design-sans-titre-2023-12-08T104740.989.png 360w\" sizes=\"auto, (max-width: 480px) 150px\" src=\"https:\/\/bassin-arcachon.com\/wp-content\/uploads\/2023\/08\/Design-sans-titre-2023-12-08T104740.989-1024x1024.png\" alt=\"- - Bassin d&#039;Arcachon\" class=\"uag-image-57369\" width=\"1024\" height=\"1024\" title=\"- - Bassin d&#039;Arcachon\" loading=\"lazy\" role=\"img\"><\/figure><\/div>\n<\/div>\n<\/div><\/div>\n\n\n\n<div style=\"height:60px\" aria-hidden=\"true\" class=\"wp-block-spacer\"><\/div>\n\n\n\n<div class=\"wp-block-uagb-container uagb-block-3fbba451 alignfull uagb-is-root-container\"><div class=\"uagb-container-inner-blocks-wrap\">\n<h2 class=\"wp-block-heading\">\u8ddd\u79bbBassin\u51e0\u516c\u91cc<\/h2>\n\n\n\n<div class=\"wp-block-uagb-image uagb-block-5699374c wp-block-uagb-image--layout-default wp-block-uagb-image--effect-static wp-block-uagb-image--align-none\"><figure class=\"wp-block-uagb-image__figure\"><img decoding=\"async\" srcset=\"https:\/\/bassin-arcachon.com\/wp-content\/uploads\/2023\/01\/miroir-eau-bordeaux-edited.jpg \" sizes=\"auto, (max-width: 480px) 150px\" src=\"https:\/\/bassin-arcachon.com\/wp-content\/uploads\/2023\/01\/miroir-eau-bordeaux-edited.jpg\" alt=\"\u6ce2\u5c14\u591a\u7684\u6c34\u955c\" class=\"uag-image-54851\" width=\"1200\" height=\"675\" title=\"- - Bassin d&#039;Arcachon\" loading=\"lazy\" role=\"img\"><\/figure><\/div>\n\n\n\n<h3 class=\"wp-block-heading\"><a href=\"https:\/\/bassin-arcachon.com\/zh\/%e6%b3%a2%e5%b0%94%e5%a4%9a%e4%b9%8b%e6%97%85\/\">\u63a2\u7d22\u6ce2\u5c14\u591a\uff1a<\/a><\/h3>\n\n\n\n<ul class=\"wp-block-list\">\n<li><a href=\"https:\/\/www.laciteduvin.com\" target=\"_blank\" rel=\"noopener\">\u8461\u8404\u9152\u4e4b\u57ce<\/a><\/li>\n\n\n\n<li><a href=\"https:\/\/www.bassins-lumieres.com\" target=\"_blank\" rel=\"noopener\">Bassin \u542f\u8499<\/a>  <\/li>\n\n\n\n<li>\u7a7f\u4e0a\u9774\u5b50\uff0c\u6f2b\u6b65\u5728\u6ce2\u5c14\u591a\u8001\u57ce\u533a\u7684\u8857\u9053\u4e0a<\/li>\n\n\n\n<li>\u5728\u6781\u5177\u7279\u8272\u7684\u4e4c\u6258\u90a6\u7535\u5f71\u9662\u7684\u6276\u624b\u6905\u4e0a\u653e\u677e\u8eab\u5fc3<\/li>\n\n\n\n<li>\u5728\u6b27\u6d32\u6700\u957f\u7684\u8857\u9053\u4eab\u53d7\u8d2d\u7269\u4e50\u8da3\uff1aRue Sainte-Catherine<\/li>\n\n\n\n<li>\u6ce2\u5c14\u591a\u6c38\u8fdc\u4e0d\u4f1a\u8ba9\u60a8\u7f3a\u5c11\u6587\u5316\u90ca\u6e38\u7684\u60f3\u6cd5\uff1a\u963f\u57fa\u5766\u535a\u7269\u9986\u3001Cap Science\u3001CAPC \u7b49\u3002<\/li>\n\n\n\n<li>\u901a\u8fc7\u5404\u79cd\u9910\u5385\u4eab\u53d7\u5f53\u5730\u7f8e\u98df<\/li>\n\n\n\n<li>\u8461\u8404\u56ed\u548c\u57ce\u5821\uff1a\u6ce2\u5c14\u591a\u3001\u5723\u57c3\u7f8e\u9686\u3001\u6885\u591a\u514b\u3001\u4e24\u6d77\u4e4b\u95f4\u2026\u2026<\/li>\n\n\n\n<li>Plan\u00e8te Bordeaux\uff08\u901a\u5f80 Libourne\u3001Beychac-et-Caillau \u7684\u9053\u8def\uff09\u3001La Winerie<\/li>\n<\/ul>\n\n\n\n<h3 class=\"wp-block-heading\">\u5170\u5fb7\u65af\u548c\u8179\u5730\uff1a<\/h3>\n\n\n\n<ul class=\"wp-block-list\">\n<li>\u6c34\u4e0a\u4e50\u56ed \u2013 Spadium de Salles<\/li>\n\n\n\n<li><a href=\"https:\/\/www.marqueze.fr\" target=\"_blank\" rel=\"noopener\">\u9a6c\u5c14\u51ef\u5179\u751f\u6001\u535a\u7269\u9986<\/a> \u5230\u519b\u5200\u961f <\/li>\n\n\n\n<li>\u6bd4\u65af\u5361\u7f57\u65af\u6c34\u4e0a\u98de\u673a\u535a\u7269\u9986<\/li>\n<\/ul>\n<\/div><\/div>\n\n\n\n<div style=\"height:60px\" aria-hidden=\"true\" class=\"wp-block-spacer\"><\/div>","protected":false},"excerpt":{"rendered":"<p>Chouette, il pleut ! Il pleut, d\u2019accord\u2026 mais votre s\u00e9jour sur le Bassin d\u2019Arcachon ne s\u2019arr\u00eate pas l\u00e0 ! Profitez de ces journ\u00e9es au temps couvert pour d\u00e9couvrir des activit\u00e9s [&hellip;]<\/p>\n","protected":false},"author":25,"featured_media":8421,"parent":0,"menu_order":8,"comment_status":"closed","ping_status":"closed","template":"","meta":{"_acf_changed":false,"_uag_custom_page_level_css":"","footnotes":""},"class_list":["post-8409","page","type-page","status-publish","has-post-thumbnail","hentry"],"acf":[],"uagb_featured_image_src":{"full":["https:\/\/bassin-arcachon.com\/wp-content\/uploads\/2017\/08\/child-898040_960_720-1.jpg",960,720,false],"thumbnail":["https:\/\/bassin-arcachon.com\/wp-content\/uploads\/2017\/08\/child-898040_960_720-1-150x150.jpg",150,150,true],"medium":["https:\/\/bassin-arcachon.com\/wp-content\/uploads\/2017\/08\/child-898040_960_720-1-600x450.jpg",600,450,true],"medium_large":["https:\/\/bassin-arcachon.com\/wp-content\/uploads\/2017\/08\/child-898040_960_720-1-768x576.jpg",768,576,true],"large":["https:\/\/bassin-arcachon.com\/wp-content\/uploads\/2017\/08\/child-898040_960_720-1.jpg",960,720,false],"1536x1536":["https:\/\/bassin-arcachon.com\/wp-content\/uploads\/2017\/08\/child-898040_960_720-1.jpg",960,720,false],"2048x2048":["https:\/\/bassin-arcachon.com\/wp-content\/uploads\/2017\/08\/child-898040_960_720-1.jpg",960,720,false],"trp-custom-language-flag":["https:\/\/bassin-arcachon.com\/wp-content\/uploads\/2017\/08\/child-898040_960_720-1-16x12.jpg",16,12,true]},"uagb_author_info":{"display_name":"Marie Clauzel","author_link":"https:\/\/bassin-arcachon.com\/zh\/author\/mariesiba\/"},"uagb_comment_info":0,"uagb_excerpt":"Chouette, il pleut ! Il pleut, d\u2019accord\u2026 mais votre s\u00e9jour sur le Bassin d\u2019Arcachon ne s\u2019arr\u00eate pas l\u00e0 ! Profitez de ces journ\u00e9es au temps couvert pour d\u00e9couvrir des activit\u00e9s [&hellip;]","_links":{"self":[{"href":"https:\/\/bassin-arcachon.com\/zh\/wp-json\/wp\/v2\/pages\/8409","targetHints":{"allow":["GET"]}}],"collection":[{"href":"https:\/\/bassin-arcachon.com\/zh\/wp-json\/wp\/v2\/pages"}],"about":[{"href":"https:\/\/bassin-arcachon.com\/zh\/wp-json\/wp\/v2\/types\/page"}],"author":[{"embeddable":true,"href":"https:\/\/bassin-arcachon.com\/zh\/wp-json\/wp\/v2\/users\/25"}],"replies":[{"embeddable":true,"href":"https:\/\/bassin-arcachon.com\/zh\/wp-json\/wp\/v2\/comments?post=8409"}],"version-history":[{"count":5,"href":"https:\/\/bassin-arcachon.com\/zh\/wp-json\/wp\/v2\/pages\/8409\/revisions"}],"predecessor-version":[{"id":172578,"href":"https:\/\/bassin-arcachon.com\/zh\/wp-json\/wp\/v2\/pages\/8409\/revisions\/172578"}],"wp:featuredmedia":[{"embeddable":true,"href":"https:\/\/bassin-arcachon.com\/zh\/wp-json\/wp\/v2\/media\/8421"}],"wp:attachment":[{"href":"https:\/\/bassin-arcachon.com\/zh\/wp-json\/wp\/v2\/media?parent=8409"}],"curies":[{"name":"\u53ef\u6e7f\u6027\u7c89\u5242","href":"https:\/\/api.w.org\/{rel}","templated":true}]}}