{"id":891,"date":"2017-04-10T15:04:49","date_gmt":"2017-04-10T13:04:49","guid":{"rendered":"http:\/\/bassin-arcachon.com\/?page_id=891"},"modified":"2026-04-07T11:42:53","modified_gmt":"2026-04-07T09:42:53","slug":"%e5%a4%aa%e7%a9%ba%e4%b8%b4","status":"publish","type":"page","link":"https:\/\/bassin-arcachon.com\/zh\/espace-pro\/","title":{"rendered":"\u4e13\u4e1a\u9886\u57df"},"content":{"rendered":"<div class=\"wp-block-uagb-container uagb-block-f8679caf alignfull uagb-is-root-container\"><div class=\"uagb-container-inner-blocks-wrap\">\n<h2 class=\"wp-block-heading\">Bienvenue dans l&rsquo;Espace Pro : des outils et supports \u00e0 votre disposition  ! <\/h2>\n\n\n\n<h3 class=\"wp-block-heading\">1) O\u00f9 trouver nos contenus et vid\u00e9os&nbsp;de promotion Bassin d\u2019Arcachon ? <\/h3>\n\n\n\n<p>Servez-vous&nbsp;\ud83d\ude0a et mentionnez <strong>@bassindarcachon sur <a href=\"https:\/\/www.facebook.com\/bassindarcachon\" target=\"_blank\" rel=\"noopener\">Facebook<\/a> \u548c <a href=\"https:\/\/www.instagram.com\/bassindarcachon\/\" target=\"_blank\" rel=\"noopener\">Instagram<\/a><\/strong>. <\/p>\n\n\n\n<ul class=\"wp-block-list\">\n<li><strong>Nos vid\u00e9os<\/strong> sont \u00e0 votre disposition : <a href=\"\/zh\/vimeo.com\/bassindarcachon\/\">vimeo.com\/bassindarcachon<\/a> <em>(t\u00e9l\u00e9chargeable en HD)<\/em> et sur<a href=\"https:\/\/www.youtube.com\/lebassindarcachon\" target=\"_blank\" rel=\"noopener\"> https:\/\/www.youtube.com\/lebassindarcachon<\/a><\/li>\n\n\n\n<li><strong>Site Bassin d\u2019Arcachon et son blog<\/strong>\u00a0: <a href=\"https:\/\/bassin-arcachon.com\/zh\/%e5%8d%9a%e5%ae%a2\/\">https:\/\/bassin-arcachon.com\/blog\/<\/a>\u00a0<\/li>\n\n\n\n<li>Id\u00e9es de s\u00e9jour d\u2019<strong>une semaine sur le Bassin<\/strong>&nbsp;: <a href=\"https:\/\/bassin-arcachon.com\/zh\/1%e5%91%a8%e6%b1%a0\/\">https:\/\/bassin-arcachon.com\/1-semaine-bassin\/<\/a><\/li>\n\n\n\n<li><strong>Listing avec coordonn\u00e9es des activit\u00e9s et loisirs <\/strong>en lecture dynamique&nbsp;: <a href=\"https:\/\/www.calameo.com\/bassin-arcachon\/read\/000024421aa7e5a3e7faf\" target=\"_blank\" rel=\"noopener\">guide 2026<\/a><\/li>\n\n\n\n<li>Toutes <strong>les brochures et documents t\u00e9l\u00e9chargeables<\/strong> en ligne&nbsp;: <a href=\"https:\/\/bassin-arcachon.com\/zh\/%e6%88%91%e4%bb%ac%e7%9a%84%e5%b0%8f%e5%86%8c%e5%ad%90\/\">https:\/\/bassin-arcachon.com\/nos-brochures\/<\/a> <em>(ex&nbsp;: liste des march\u00e9s, handitourisme, il pleut que faire&nbsp;?)<\/em><\/li>\n\n\n\n<li>\u8fd9 <strong>Dossier de presse du Bassin d\u2019Arcachon et les communiqu\u00e9s de presse envoy\u00e9s<\/strong> par le SIBA&nbsp;: <a href=\"https:\/\/www.calameo.com\/bassin-arcachon\/subscriptions\/1430334\" target=\"_blank\" rel=\"noopener\">https:\/\/www.calameo.com\/bassin-arcachon\/subscriptions\/1430334<\/a><\/li>\n\n\n\n<li>\u00c0 noter&nbsp;: <strong>un assistant IA, aliment\u00e9 par NOS DONN\u00c9ES<\/strong>, peut vous aider \u00e0 r\u00e9pondre \u00e0 toutes les questions que vous vous posez&nbsp;: <a href=\"https:\/\/bassin-arcachon.com\/zh\/\">https:\/\/bassin-arcachon.com\/<\/a><\/li>\n<\/ul>\n\n\n\n<h3 class=\"wp-block-heading\">2) O\u00f9 trouver une information fiable et actualis\u00e9e, sur les animations et \u00e9v\u00e9nements dans nos 12 communes&nbsp;:<\/h3>\n\n\n\n<ul class=\"wp-block-list\">\n<li>T\u00e9l\u00e9charger gratuitement <a href=\"https:\/\/bassin-arcachon.com\/zh\/%e4%b8%8b%e8%bd%bd%e6%88%91%e4%bb%ac%e7%9a%84%e5%ba%94%e7%94%a8%e7%a8%8b%e5%ba%8f\/\"><strong>l\u2019application Bassin d\u2019Arcachon<\/strong><\/a> (<em>mise \u00e0 jour quotidienne<\/em>), reconnaissable avec ses 2 roulettes. <\/li>\n\n\n\n<li>S\u00e9lectionner <strong>\u00ab&nbsp;se divertir&nbsp;\u00bb<\/strong>\uff0c \u7136\u540e <strong>\u00ab&nbsp;agenda des \u00e9v\u00e8nements&nbsp;\u00bb<\/strong>, et enfin la p\u00e9riode.<\/li>\n<\/ul>\n\n\n\n<h3 class=\"wp-block-heading\">3) Comment appara\u00eetre sur les supports r\u00e9alis\u00e9s par le SIBA&nbsp;?<\/h3>\n\n\n\n<p>Nos supports (<em>site internet et application<\/em>) utilisent une <strong>base de donn\u00e9es r\u00e9gionale appel\u00e9e SIRTAQUI<\/strong>. Les informations sont saisies par vos <strong>\u65c5\u6e38\u5c40 <\/strong>puis diffus\u00e9es sur les supports du SIBA.<\/p>\n\n\n\n<p>Pour figurer dans cette base de donn\u00e9es, <strong>merci de vous rapprocher de votre Office de tourisme <\/strong>!<\/p>\n\n\n\n<h3 class=\"wp-block-heading\">4) Comment interagir avec nos r\u00e9seaux de promotion de la destination ?<\/h3>\n\n\n\n<ul class=\"wp-block-list\">\n<li>Bassin d\u2019Arcachon&nbsp;: \n<ul class=\"wp-block-list\">\n<li><strong>Facebook : <a href=\"https:\/\/www.instagram.com\/bassindarcachon\/\" target=\"_blank\" rel=\"noopener\">https:\/\/www.instagram.com\/bassindarcachon\/<\/a><\/strong><\/li>\n\n\n\n<li><strong>Instagram : <a href=\"https:\/\/www.instagram.com\/bassindarcachon\/\" target=\"_blank\" rel=\"noopener\">https:\/\/www.instagram.com\/bassindarcachon\/<\/a><\/strong><\/li>\n\n\n\n<li><strong>LinkedIn&nbsp;:<\/strong>\n<ul class=\"wp-block-list\">\n<li><a href=\"https:\/\/www.linkedin.com\/in\/marque-bassin-arcachon\/\" target=\"_blank\" rel=\"noopener\">https:\/\/www.linkedin.com\/in\/marque-bassin-arcachon\/<\/a><\/li>\n\n\n\n<li><a href=\"https:\/\/www.linkedin.com\/in\/bassindarcachonaffaires\" target=\"_blank\" rel=\"noopener\">https:\/\/www.linkedin.com\/in\/bassindarcachonaffaires<\/a><\/li>\n<\/ul>\n<\/li>\n<\/ul>\n<\/li>\n<\/ul>\n\n\n\n<h3 class=\"wp-block-heading\">5) O\u00f9 trouver la documentation touristique \u00ab&nbsp;Bassin d\u2019Arcachon&nbsp;\u00bb&nbsp;? &nbsp;<\/h3>\n\n\n\n<div class=\"wp-block-uagb-container uagb-block-c7374873\">\n<p>Pour r\u00e9cup\u00e9rer des exemplaires, merci de vous rapprocher de votre Office de Tourisme en priorit\u00e9. Vous retrouvez \u00e9galement notre documentation en calam\u00e9o interactif :<\/p>\n<\/div>\n\n\n\n<ul class=\"wp-block-list\">\n<li><strong><a href=\"https:\/\/www.calameo.com\/bassin-arcachon\/read\/000024421306f9920b5fd\" target=\"_blank\" rel=\"noopener\">\u65c5\u6e38\u5361<\/a><\/strong> en fran\u00e7ais, <a href=\"https:\/\/www.calameo.com\/bassin-arcachon\/read\/000024421068f7d6c4614\" target=\"_blank\" rel=\"noopener\">anglais<\/a>, <a href=\"https:\/\/www.calameo.com\/bassin-arcachon\/read\/000024421e693dd179d84\" target=\"_blank\" rel=\"noopener\">allemand<\/a>,<a href=\"https:\/\/www.calameo.com\/bassin-arcachon\/read\/0000244213620f91402b8\" target=\"_blank\" rel=\"noopener\"> espagnol<\/a> \u548c <a href=\"https:\/\/www.calameo.com\/bassin-arcachon\/read\/000024421fcbd62b9dd24\" target=\"_blank\" rel=\"noopener\">italien<\/a><\/li>\n\n\n\n<li><strong><a href=\"https:\/\/www.calameo.com\/bassin-arcachon\/read\/0000244214d5faf8a6d5b\" target=\"_blank\" rel=\"noopener\">Magazine Bassin d\u2019Arcachon<\/a><\/strong><\/li>\n\n\n\n<li>Annuaire \u00ab&nbsp;<a href=\"https:\/\/www.calameo.com\/bassin-arcachon\/read\/00002442172196ce0017a\" target=\"_blank\" rel=\"noopener\"><strong>Mon Bassin sans MA voiture<\/strong><\/a>&nbsp;\u00bb (<em>loueurs de v\u00e9los, tout savoir sur la mobilit\u00e9 sur le Bassin<\/em>)<\/li>\n<\/ul>\n\n\n\n<p>Pour vous faire <strong>directement livrer notre documentation<\/strong>, merci de contacter \u00e0&nbsp;: <a href=\"mailto:communication@siba-bassin-arcachon.fr\">communication@siba-bassin-arcachon.fr<\/a><\/p>\n\n\n\n<h3 class=\"wp-block-heading\">6) O\u00f9 trouver les grandes donn\u00e9es touristiques&nbsp;: fr\u00e9quentation, fili\u00e8res, &#8230; ?&nbsp;:<\/h3>\n\n\n\n<p><strong>Recueil de donn\u00e9es accessible et t\u00e9l\u00e9chargeable<\/strong> en ligne&nbsp;: <a href=\"https:\/\/www.siba-bassin-arcachon.fr\/le-pole-promotion\/le-recueil-de-donnees-tourisme\" target=\"_blank\" rel=\"noopener\">https:\/\/www.siba-bassin-arcachon.fr\/le-pole-promotion\/le-recueil-de-donnees-tourisme<\/a><\/p>\n\n\n\n<h3 class=\"wp-block-heading\">7) Quand mobiliser le p\u00f4le promotion du SIBA ?<\/h3>\n\n\n\n<p>Quand <strong>un projet, une action ou un besoin<\/strong> concerne la promotion du territoire \u00e0 une \u00e9chelle collective, le p\u00f4le promotion est un service support, <strong>au service des partenaires institutionnels, professionnels du tourisme et partenaires de la marque.<\/strong><\/p>\n\n\n\n<ul class=\"wp-block-list\">\n<li>\u4e3a\u4e86 <strong>devenir partenaire de la <a href=\"https:\/\/www.marque-bassin-arcachon.fr\/\" target=\"_blank\" rel=\"noopener\">marque territoriale du Bassin d\u2019Arcachon<\/a><\/strong> : formuler votre demande motiv\u00e9e par mail\u00a0via <a href=\"https:\/\/www.marque-bassin-arcachon.fr\/les-partenaires\/devenir-partenaire\/\" target=\"_blank\" rel=\"noopener\">https:\/\/www.marque-bassin-arcachon.fr\/les-partenaires\/devenir-partenaire\/<\/a><\/li>\n\n\n\n<li>Pour savoir <strong>qui est partenaire<\/strong>, consulter en ligne la carte interactive&nbsp;: <a href=\"https:\/\/www.marque-bassin-arcachon.fr\/les-partenaires\/deja-partenaires\/\" target=\"_blank\" rel=\"noopener\">https:\/\/www.marque-bassin-arcachon.fr\/les-partenaires\/deja-partenaires\/<\/a><\/li>\n\n\n\n<li>pour int\u00e9grer le <strong>r\u00e9seau des professionnels du tourisme d\u2019affaires<\/strong>&nbsp;: <a href=\"mailto:mice@siba-bassin-arcachon.fr\">mice@siba-bassin-arcachon.fr<\/a>. Toutes les informations en lien avec le tourisme d&rsquo;affaires sont \u00e0 consulter par ici : <a href=\"https:\/\/bassin-arcachon.com\/zh\/%e5%a4%a7%e4%bc%9a%e7%a0%94%e8%ae%a8%e4%bc%9a\/\">https:\/\/bassin-arcachon.com\/seminaires-congres\/<\/a><\/li>\n\n\n\n<li>Pour b\u00e9n\u00e9ficier <strong>des supports et outils de sensibilisation<\/strong> \u00e0 la pr\u00e9servation de la qualit\u00e9 de l\u2019eau\u00a0(<a href=\"https:\/\/www.siba-bassin-arcachon.fr\/ici-commence-la-mer\" target=\"_blank\" rel=\"noopener\">ici commence la mer \u00ab\u00a0ne rien jeter\u00a0\u00bb<\/a>, jeu de l\u2019oie, vitrophanie&#8230;)\u00a0<\/li>\n<\/ul>\n\n\n\n<h3 class=\"wp-block-heading\">8) Besoin de contacter le m\u00e9dia local <a href=\"https:\/\/tvba.fr\/\" target=\"_blank\" rel=\"noopener\">TVBA.fr<\/a>&nbsp;: <\/h3>\n\n\n\n<ul class=\"wp-block-list\">\n<li>Contactez Fanny et Camille, nos deux reporters de territoire \u00e0 <a href=\"mailto:contact@tvba.fr\">contact@tvba.fr<\/a>. Suivez les sur <strong><a href=\"https:\/\/tvba.fr\/\" target=\"_blank\" rel=\"noopener\">tvba.fr<\/a> <\/strong>et sur leurs r\u00e9seaux sociaux pour \u00eatre inform\u00e9e de toute l&rsquo;actu :\n<ul class=\"wp-block-list\">\n<li><strong>Facebook : <a href=\"https:\/\/www.facebook.com\/tvba.fr\" target=\"_blank\" rel=\"noopener\">https:\/\/www.facebook.com\/tvba.fr<\/a><\/strong><\/li>\n\n\n\n<li><strong>Instagram : <a href=\"https:\/\/www.instagram.com\/tvba.fr\/\" target=\"_blank\" rel=\"noopener\">https:\/\/www.instagram.com\/tvba.fr\/<\/a><\/strong><\/li>\n<\/ul>\n<\/li>\n<\/ul>\n\n\n\n<p>Besoin d\u2019un renseignement, de brochure pour votre \u00e9tablissement ou votre \u00e9v\u00e9nement pro, de vid\u00e9os, de goodies, n\u2019h\u00e9sitez pas \u00e0 contacter le P\u00f4le Promotion du SIBA par mail :&nbsp;<a href=\"mailto:contact@bassin-arcachon.com\">contact@bassin-arcachon.com<\/a><\/p>\n<\/div><\/div>\n\n\n\n<div style=\"height:60px\" aria-hidden=\"true\" class=\"wp-block-spacer\"><\/div>","protected":false},"excerpt":{"rendered":"<p>Bienvenue dans l&rsquo;Espace Pro : des outils et supports \u00e0 votre disposition ! 1) O\u00f9 trouver nos contenus et vid\u00e9os&nbsp;de promotion Bassin d\u2019Arcachon ? Servez-vous&nbsp;\ud83d\ude0a et mentionnez @bassindarcachon sur Facebook [&hellip;]<\/p>\n","protected":false},"author":25,"featured_media":51812,"parent":0,"menu_order":30,"comment_status":"closed","ping_status":"closed","template":"","meta":{"_acf_changed":false,"_uag_custom_page_level_css":"","footnotes":""},"class_list":["post-891","page","type-page","status-publish","has-post-thumbnail","hentry"],"acf":[],"uagb_featured_image_src":{"full":["https:\/\/bassin-arcachon.com\/wp-content\/uploads\/2022\/10\/SIBA-CONGRES-web.jpg",1383,524,false],"thumbnail":["https:\/\/bassin-arcachon.com\/wp-content\/uploads\/2022\/10\/SIBA-CONGRES-web-150x150.jpg",150,150,true],"medium":["https:\/\/bassin-arcachon.com\/wp-content\/uploads\/2022\/10\/SIBA-CONGRES-web-600x227.jpg",600,227,true],"medium_large":["https:\/\/bassin-arcachon.com\/wp-content\/uploads\/2022\/10\/SIBA-CONGRES-web-768x291.jpg",768,291,true],"large":["https:\/\/bassin-arcachon.com\/wp-content\/uploads\/2022\/10\/SIBA-CONGRES-web-1024x388.jpg",1024,388,true],"1536x1536":["https:\/\/bassin-arcachon.com\/wp-content\/uploads\/2022\/10\/SIBA-CONGRES-web.jpg",1383,524,false],"2048x2048":["https:\/\/bassin-arcachon.com\/wp-content\/uploads\/2022\/10\/SIBA-CONGRES-web.jpg",1383,524,false],"trp-custom-language-flag":["https:\/\/bassin-arcachon.com\/wp-content\/uploads\/2022\/10\/SIBA-CONGRES-web-18x7.jpg",18,7,true]},"uagb_author_info":{"display_name":"Marie Clauzel","author_link":"https:\/\/bassin-arcachon.com\/zh\/author\/mariesiba\/"},"uagb_comment_info":0,"uagb_excerpt":"Bienvenue dans l&rsquo;Espace Pro : des outils et supports \u00e0 votre disposition ! 1) O\u00f9 trouver nos contenus et vid\u00e9os&nbsp;de promotion Bassin d\u2019Arcachon ? Servez-vous&nbsp;\ud83d\ude0a et mentionnez @bassindarcachon sur Facebook [&hellip;]","_links":{"self":[{"href":"https:\/\/bassin-arcachon.com\/zh\/wp-json\/wp\/v2\/pages\/891","targetHints":{"allow":["GET"]}}],"collection":[{"href":"https:\/\/bassin-arcachon.com\/zh\/wp-json\/wp\/v2\/pages"}],"about":[{"href":"https:\/\/bassin-arcachon.com\/zh\/wp-json\/wp\/v2\/types\/page"}],"author":[{"embeddable":true,"href":"https:\/\/bassin-arcachon.com\/zh\/wp-json\/wp\/v2\/users\/25"}],"replies":[{"embeddable":true,"href":"https:\/\/bassin-arcachon.com\/zh\/wp-json\/wp\/v2\/comments?post=891"}],"version-history":[{"count":22,"href":"https:\/\/bassin-arcachon.com\/zh\/wp-json\/wp\/v2\/pages\/891\/revisions"}],"predecessor-version":[{"id":244593,"href":"https:\/\/bassin-arcachon.com\/zh\/wp-json\/wp\/v2\/pages\/891\/revisions\/244593"}],"wp:featuredmedia":[{"embeddable":true,"href":"https:\/\/bassin-arcachon.com\/zh\/wp-json\/wp\/v2\/media\/51812"}],"wp:attachment":[{"href":"https:\/\/bassin-arcachon.com\/zh\/wp-json\/wp\/v2\/media?parent=891"}],"curies":[{"name":"\u53ef\u6e7f\u6027\u7c89\u5242","href":"https:\/\/api.w.org\/{rel}","templated":true}]}}