{"id":98630,"date":"2024-11-18T12:22:45","date_gmt":"2024-11-18T11:22:45","guid":{"rendered":"https:\/\/bassin-arcachon.com\/?page_id=98630"},"modified":"2026-04-08T16:52:32","modified_gmt":"2026-04-08T14:52:32","slug":"%e9%aa%91%e8%87%aa%e8%a1%8c%e8%bd%a6%e5%87%ba%e8%a1%8c%e7%9a%84%e5%ae%9e%e7%94%a8%e4%bf%a1%e6%81%af","status":"publish","type":"page","link":"https:\/\/bassin-arcachon.com\/zh\/informations-pratiques-pour-se-deplacer-a-velo\/","title":{"rendered":"\u9a91\u81ea\u884c\u8f66\u65c5\u884c\u7684\u5b9e\u7528\u4fe1\u606f"},"content":{"rendered":"<div class=\"wp-block-uagb-container uagb-block-c7651c20 alignfull uagb-is-root-container\"><div class=\"uagb-container-inner-blocks-wrap\">\n<p>\u5728\u6b64\u9875\u9762\u4e0a\uff0c\u60a8\u53ef\u4ee5\u627e\u5230\u6709\u5173 <strong>\u8ba9\u60a8\u7684\u81ea\u884c\u8f66\u65c5\u884c\u5728\u6700\u4f73\u6761\u4ef6\u4e0b\u8fdb\u884c\u3002<\/strong><\/p>\n<\/div><\/div>\n\n\n\n<div class=\"wp-block-uagb-container uagb-block-a9138734 alignfull uagb-is-root-container\"><div class=\"uagb-container-inner-blocks-wrap\">\n<h2 class=\"wp-block-heading\">1\uff09\u81ea\u52a9\u5145\u6c14\u6cf5<\/h2>\n<\/div><\/div>\n\n\n\n<div class=\"wp-block-uagb-container uagb-block-832224e8 alignfull uagb-is-root-container\"><div class=\"uagb-container-inner-blocks-wrap\">\n<div class=\"wp-block-uagb-container uagb-block-cf1714b1\">\n<figure class=\"wp-block-image size-full\"><img loading=\"lazy\" decoding=\"async\" width=\"480\" height=\"640\" src=\"https:\/\/bassin-arcachon.com\/wp-content\/uploads\/2024\/11\/N\u00b05-Station-de-Gonflage-Mairie-duTeich.jpg\" alt=\"- - Bassin d&#039;Arcachon\" class=\"wp-image-98633\" title=\"- - Bassin d&#039;Arcachon\" srcset=\"https:\/\/bassin-arcachon.com\/wp-content\/uploads\/2024\/11\/N\u00b05-Station-de-Gonflage-Mairie-duTeich.jpg 480w, https:\/\/bassin-arcachon.com\/wp-content\/uploads\/2024\/11\/N\u00b05-Station-de-Gonflage-Mairie-duTeich-450x600.jpg 450w, https:\/\/bassin-arcachon.com\/wp-content\/uploads\/2024\/11\/N\u00b05-Station-de-Gonflage-Mairie-duTeich-9x12.jpg 9w\" sizes=\"auto, (max-width: 480px) 100vw, 480px\" \/><figcaption class=\"wp-element-caption\">\u00a9 \u67ef\u5df4\u65af<\/figcaption><\/figure>\n<\/div>\n\n\n\n<div class=\"wp-block-uagb-container uagb-block-732da1a7\">\n<h3 class=\"wp-block-heading\"><strong>\u5728\u5357-Bassin\u4e0a\uff1a<\/strong><\/h3>\n\n\n\n<ul class=\"wp-block-list\">\n<li><strong>\u963f\u5361\u96c4\uff1a<\/strong><br>Pereire\u3001\u4f69\u8bfa\u5e7f\u573a\u3001\u6cd5\u56fd\u56fd\u94c1\u706b\u8f66\u7ad9\u3001Moulleau \u7801\u5934\u3001\u963f\u5361\u96c4\u5c0f\u6e2f<\/li>\n\n\n\n<li><strong>La Teste de Buch\uff1a<\/strong><br>Place Meller au Pyla, Halte Nautique de Cazaux, Port de La Teste, Intermarch\u00e9 Les Miquelots, Pr\u00e9s sal\u00e9s Ouest, Espace d'accueil de la Dune du Pilat (+ repairs)<\/li>\n\n\n\n<li><strong>\u5c45\u8ba9-\u6885\u65af\u7279\u62c9\uff1a<\/strong><br>Chante-Cigale \u73af\u5c9b\u3001La Hume \u706b\u8f66\u7ad9\u3001La Ch\u00eaneraie\u3001\u4f11\u95f2\u533a\u3001Gujan-Mestras \u706b\u8f66\u7ad9\uff08\u5317\u7ad9\u548c\u5357\u7ad9\uff09\u3001Gujan-Mestras \u5e02\u653f\u5385<\/li>\n\n\n\n<li><strong>Le Teich\uff1a<\/strong><br>Le Teich \u5e02\u653f\u5385\u3001\u6cd5\u56fd\u56fd\u8425\u94c1\u8def\u706b\u8f66\u7ad9\u3001Super U\u3001Le Teich \u6e2f\u53e3<\/li>\n<\/ul>\n<\/div>\n<\/div><\/div>\n\n\n\n<div class=\"wp-block-uagb-container uagb-block-9a502bd6 alignfull uagb-is-root-container\"><div class=\"uagb-container-inner-blocks-wrap\">\n<div class=\"wp-block-uagb-container uagb-block-68dec60e\">\n<h3 class=\"wp-block-heading\"><a href=\"https:\/\/coban-atlantique.fr\/la-coban\/services-equipements\/\" target=\"_blank\" rel=\"noopener\">\u5728\u5317Bassin\uff1a <\/a><\/h3>\n\n\n\n<ul class=\"wp-block-list\">\n<li><strong>\u5b89\u5fb7\u8bfa\u83b1\u73ed (Andernos les Bains)\uff1a<\/strong><br>\u5a92\u4f53\u56fe\u4e66\u9986\u524d\u7684\u7ef4\u4fee\u56fe\u817e\u3001\u6709\u9876\u5e02\u573a\u548c\u7261\u86ce\u6e2f<\/li>\n\n\n\n<li><strong>\u963f\u745e\u65af\uff1a<\/strong><br>\u5728\u963f\u96f7\u65af-\u5217\u65e5 PEI \u7684\u7ef4\u4fee\u56fe\u817e\u67f1\u3001\u8001\u8f66\u7ad9\u7684\u4f11\u606f\u7ad9\u3001\u65c5\u6e38\u5c40\u524d\u548c\u5e03\u96f7\u8499\u8482\u57c3\u7a7a\u95f4\u524d\u3002<\/li>\n\n\n\n<li><strong>\u53cd\u5bf9\uff1a<\/strong><br>\u5728\u5361\u591a\u5c14 PEI \u7684\u7ef4\u4fee\u56fe\u817e\u67f1\u3001\u6e38\u6cf3\u6c60\u3001\u9547\u4e2d\u5fc3\u73af\u5c9b\u548c Ballion \u4f53\u80b2\u9986\u524d\u3002<\/li>\n\n\n\n<li><strong>\u6bd4\u52a0\u8bfa\u65af\uff1a<\/strong><br>\u5728 TER \u706b\u8f66\u7ad9\u524d\u9662\u3001\u5e26\u7ef4\u4fee\u56fe\u817e\u7684 PEI \u548c\u590f\u5c14-\u52d2\u79d1\u514b\u516c\u56ed\u5165\u53e3\u5904<\/li>\n\n\n\n<li><strong>\u5170\u987f\uff1a<\/strong><br>Coeur de Bassin \u65c5\u6e38\u5c40 - 1 route du Stade\uff08\u505c\u8f66\u573a\uff09\u3001Cassy \u4e2d\u9014\u7ad9\uff08All\u00e9e de la halte - V\u00e9lodyss\u00e9e\uff09\u548c\u6e38\u6cf3\u6c60<\/li>\n\n\n\n<li><strong>\u5149\u660e\u2014\u2014\u8d39\u96f7\u89d2\uff1a<\/strong><br>\u5728\u83b1\u65e5\u8001\u706b\u8f66\u7ad9\u3001\u514b\u52b3\u4f0a\u65c5\u6e38\u5c40\u3001\u7ef4\u5c3c\u6e2f\u548c\u8d1d\u5229\u8428\u5c14\u65c5\u6e38\u5c40\u3002<\/li>\n\n\n\n<li><strong>Marcheprime\uff1a<\/strong><br>\u5728\u5e02\u4e2d\u5fc3\u7684\u83ab\u91cc\u65af-\u798f\u683c\u5185\u7279\uff08Maurice FOGNET\uff09\u5c0f\u5b66\u3001\u5361\u62c9\u7ef4\u5c14\uff08La Caravelle\uff09\u5927\u5385\u524d\u548c TER \u706b\u8f66\u7ad9\uff0c\u8bbe\u6709\u7ef4\u4fee\u56fe\u817e\u67f1<\/li>\n\n\n\n<li><strong>\u7c73\u65af\uff1a<\/strong><br>\u5728\u65c5\u6e38\u5c40\uff08All\u00e9e de Val de San Vicente\uff09\u524d\u548c\u6bd4\u62c9\u6bd4\u8036\u516c\u56ed\uff08Parc Birabeille\uff09\u5185\uff0c\u6709\u4e00\u4e2a\u4fee\u590d\u56fe\u817e\u3002.<\/li>\n<\/ul>\n<\/div>\n\n\n\n<div class=\"wp-block-uagb-container uagb-block-67e8edc7\">\n<figure class=\"wp-block-image size-large\"><img loading=\"lazy\" decoding=\"async\" width=\"506\" height=\"1024\" src=\"https:\/\/bassin-arcachon.com\/wp-content\/uploads\/2024\/11\/mobilier-type-62668ba9b5506298122291-1-506x1024.jpg\" alt=\"- - Bassin d&#039;Arcachon\" class=\"wp-image-98636\" title=\"- - Bassin d&#039;Arcachon\" srcset=\"https:\/\/bassin-arcachon.com\/wp-content\/uploads\/2024\/11\/mobilier-type-62668ba9b5506298122291-1-506x1024.jpg 506w, https:\/\/bassin-arcachon.com\/wp-content\/uploads\/2024\/11\/mobilier-type-62668ba9b5506298122291-1-297x600.jpg 297w, https:\/\/bassin-arcachon.com\/wp-content\/uploads\/2024\/11\/mobilier-type-62668ba9b5506298122291-1-768x1553.jpg 768w, https:\/\/bassin-arcachon.com\/wp-content\/uploads\/2024\/11\/mobilier-type-62668ba9b5506298122291-1-759x1536.jpg 759w, https:\/\/bassin-arcachon.com\/wp-content\/uploads\/2024\/11\/mobilier-type-62668ba9b5506298122291-1-1013x2048.jpg 1013w, https:\/\/bassin-arcachon.com\/wp-content\/uploads\/2024\/11\/mobilier-type-62668ba9b5506298122291-1-6x12.jpg 6w, https:\/\/bassin-arcachon.com\/wp-content\/uploads\/2024\/11\/mobilier-type-62668ba9b5506298122291-1.jpg 1024w\" sizes=\"auto, (max-width: 506px) 100vw, 506px\" \/><\/figure>\n<\/div>\n<\/div><\/div>\n\n\n\n<div class=\"wp-block-uagb-container uagb-block-4c786e10 alignfull uagb-is-root-container\"><div class=\"uagb-container-inner-blocks-wrap\">\n<h2 class=\"wp-block-heading\">2) \u5b89\u5168\u7684\u81ea\u884c\u8f66\u505c\u8f66\u573a<\/h2>\n<\/div><\/div>\n\n\n\n<div class=\"wp-block-uagb-container uagb-block-0b113335 alignfull uagb-is-root-container\"><div class=\"uagb-container-inner-blocks-wrap\">\n<div class=\"wp-block-uagb-container uagb-block-e639cbfa\">\n<figure class=\"wp-block-image size-full\"><img loading=\"lazy\" decoding=\"async\" width=\"380\" height=\"285\" src=\"https:\/\/bassin-arcachon.com\/wp-content\/uploads\/2024\/11\/PEI-audenge-380x285-1.jpg\" alt=\"- - Bassin d&#039;Arcachon\" class=\"wp-image-98640\" title=\"- - Bassin d&#039;Arcachon\" srcset=\"https:\/\/bassin-arcachon.com\/wp-content\/uploads\/2024\/11\/PEI-audenge-380x285-1.jpg 380w, https:\/\/bassin-arcachon.com\/wp-content\/uploads\/2024\/11\/PEI-audenge-380x285-1-16x12.jpg 16w\" sizes=\"auto, (max-width: 380px) 100vw, 380px\" \/><\/figure>\n<\/div>\n<\/div><\/div>\n\n\n\n<div class=\"wp-block-uagb-container uagb-block-0d2dcc91 alignfull uagb-is-root-container\"><div class=\"uagb-container-inner-blocks-wrap\">\n<p><strong>\u5b89\u5168\u505c\u8f66\u66f4\u597d\uff01<\/strong><\/p>\n\n\n\n<p>\u8bbe\u6709\u5b89\u5168\u7684\u505c\u8f66\u573a\u548c\u81ea\u884c\u8f66\u4e13\u7528\u505c\u8f66\u4f4d\uff0c\u53ef\u4f9b\u4f7f\u7528\uff1a<\/p>\n\n\n\n<ul class=\"wp-block-list\">\n<li>\u5728\u4ee5\u4e0b\u8f66\u7ad9\uff1a <strong>Marcheprime\u3001Biganos-Facture\u3001Le Teich\u3001Gujan-Mestras\u3001, <strong>\u4f11\u8c1f<\/strong> \u548c\u963f\u5361\u96c4<\/strong>\u3002\u6700\u7ec8\uff0c\u6240\u6709\u8f66\u7ad9\u90fd\u5c06\u914d\u5907\u8fd9\u4e9b\u8bbe\u5907\u3002<\/li>\n\n\n\n<li>\u62fc\u8f66\u533a<strong> de Mios A660 <\/strong>\u4ee5\u53ca<strong>Al\u00e9go \u516c\u4ea4\u8f66\u7ad9\uff0c\u963f\u96f7\u59c6\u5927\u9053\u3002.<\/strong><\/li>\n\n\n\n<li>\u5728 <strong>Audenge Cardolle \u591a\u5f0f\u8054\u8fd0\u67a2\u7ebd\uff08\u7231\u5fb7\u534e\u738b\u5b50\u5c9b\uff09<\/strong> (\u5e03\u52b3\u9732\u8425\u5730\u9644\u8fd1\uff09\u548c<strong> d'Ar\u00e8s-L\u00e8ge\uff08\u4f4d\u4e8e Ar\u00e8s \u7684 RD106\/RD3 \u4ea4\u53c9\u8def\u53e3\uff09<\/strong>. <\/li>\n\n\n\n<li>\u81ea\u884c\u8f66\u505c\u653e\u5728 <strong>\u7a46\u6d1b\uff08\u963f\u5361\u96c4\uff09<\/strong><\/li>\n<\/ul>\n<\/div><\/div>\n\n\n\n<div class=\"wp-block-uagb-container uagb-block-40fa4ca0 alignfull uagb-is-root-container\"><div class=\"uagb-container-inner-blocks-wrap\">\n<h2 class=\"wp-block-heading\">3) \u5fc5\u77e5\uff1a\u7535\u52a8\u5145\u7535\u70b9<\/h2>\n<\/div><\/div>\n\n\n\n<div class=\"wp-block-uagb-container uagb-block-26b285ea alignfull uagb-is-root-container\"><div class=\"uagb-container-inner-blocks-wrap\">\n<p>\u5c0f\u6e2f\u53e3<strong>\u963f\u5361\u96c4<\/strong> \u751a\u81f3<strong>\u83b1\u65e5\u5361\u666e\u8d39\u96f7\u65c5\u6e38\u5c40<\/strong>&nbsp;\u4f4d\u4e8eClaouey\u6709\u4e00\u4e2a\u7535\u52a8\u81ea\u884c\u8f66\u7ec8\u70b9\u7ad9\u3002<\/p>\n\n\n\n<p><strong>\u76ae\u62c9\u6c99\u4e18\u6e38\u5ba2\u4e2d\u5fc3<\/strong> \u63d0\u51fa\u4e86\u4e00\u79cd \u00ab\u7535\u52a8\u81ea\u884c\u8f66\u7535\u6c60\u5145\u7535\u88c5\u7f6e\u00bb\uff08\u8fde\u63a5\u50a8\u7269\u67dc\u5185\u7684\u63d2\u5934\uff09\u3002.<\/p>\n\n\n\n<p><br><\/p>\n<\/div><\/div>\n\n\n\n<div class=\"wp-block-uagb-container uagb-block-d49d06d2 alignfull uagb-is-root-container\"><div class=\"uagb-container-inner-blocks-wrap\">\n<h2 class=\"wp-block-heading\">4) \u6709\u4ec0\u4e48\u5efa\u8bae\u5417\uff1f\u7206\u80ce\uff1f\u4f4f\u5bbf\uff1f<\/h2>\n<\/div><\/div>\n\n\n\n<div class=\"wp-block-uagb-container uagb-block-c50e29ba alignfull uagb-is-root-container\"><div class=\"uagb-container-inner-blocks-wrap\">\n<p>\u6211\u4eec\u7684\u4e13\u4e1a\u4eba\u5458 <strong>\u00abAccueil V\u00e9lo\u00bb<\/strong> \u4e3a\u60a8\u63d0\u4f9b\u670d\u52a1\uff1a <a href=\"https:\/\/www.francevelotourisme.com\/accueil-velo\" target=\"_blank\" rel=\"noopener\">https:\/\/www.francevelotourisme.com\/accueil-velo<\/a><\/p>\n\n\n\n<p><strong>\u963f\u96f7\u65b0\u533a \uff1a <\/strong>LA GARE \u662f\u4e00\u5bb6\u4e00\u7ad9\u5f0f\u5546\u5e97\uff0c\u4e3a\u9014\u7ecf\u8be5\u5730\u533a\u7684\u4eba\u4eec\u63d0\u4f9b\u81ea\u884c\u8f66\u7ef4\u4fee\u8f66\u95f4\u3002\u70b9\u51fb\u6b64\u5904\u4e86\u89e3\u66f4\u591a\u4fe1\u606f\uff1a <a href=\"https:\/\/www.facebook.com\/lagareares\/\" target=\"_blank\" rel=\"noopener\">https:\/\/www.facebook.com\/lagareares\/<\/a><\/p>\n<\/div><\/div>\n\n\n\n<div class=\"wp-block-uagb-container uagb-block-ebfe10dc alignfull uagb-is-root-container\"><div class=\"uagb-container-inner-blocks-wrap\">\n<h2 class=\"wp-block-heading\">5) \u53d1\u751f\u68ee\u6797\u706b\u707e\u65f6 <\/h2>\n\n\n\n<p>\u590f\u5929, <strong>\u5982\u679c\u5b58\u5728\u68ee\u6797\u706b\u707e\u98ce\u9669\uff0c\u81ea\u884c\u8f66\u9053\u53ef\u80fd\u4f1a\u88ab\u5173\u95ed<\/strong>. .\u67e5\u770b\u5b98\u65b9\u4fe1\u606f \uff1a <a href=\"https:\/\/qr.dfci-aquitaine.fr\/p\/dc7aBiOioS?utm_source=qrcode&amp;utm_medium=link-list&amp;utm_campaign=40434135\" target=\"_blank\" rel=\"noopener\">https:\/\/qr.dfci-aquitaine.fr\/p\/dc7aBiOioS?utm_source=qrcode&amp;utm_medium=link-list&amp;utm_campaign=40434135<\/a><\/p>\n<\/div><\/div>\n\n\n\n<div class=\"wp-block-uagb-container uagb-block-907b103f alignfull uagb-is-root-container\"><div class=\"uagb-container-inner-blocks-wrap\"><\/div><\/div>","protected":false},"excerpt":{"rendered":"<p>Sur cette page, retrouvez toutes les informations utiles et pratiques pour r\u00e9aliser vos d\u00e9placements \u00e0 v\u00e9lo dans les meilleures conditions. 1) Les pompes de gonflage en libre-service Sur le Sud-Bassin [&hellip;]<\/p>\n","protected":false},"author":25,"featured_media":223651,"parent":0,"menu_order":0,"comment_status":"closed","ping_status":"closed","template":"","meta":{"_acf_changed":false,"_uag_custom_page_level_css":"","footnotes":""},"class_list":["post-98630","page","type-page","status-publish","has-post-thumbnail","hentry"],"acf":[],"uagb_featured_image_src":{"full":["https:\/\/bassin-arcachon.com\/wp-content\/uploads\/2026\/01\/2015_HD_Viree-velo-Bassin_BIETTE-10-scaled-1.jpg",2560,1707,false],"thumbnail":["https:\/\/bassin-arcachon.com\/wp-content\/uploads\/2026\/01\/2015_HD_Viree-velo-Bassin_BIETTE-10-scaled-1-150x150.jpg",150,150,true],"medium":["https:\/\/bassin-arcachon.com\/wp-content\/uploads\/2026\/01\/2015_HD_Viree-velo-Bassin_BIETTE-10-scaled-1-600x400.jpg",600,400,true],"medium_large":["https:\/\/bassin-arcachon.com\/wp-content\/uploads\/2026\/01\/2015_HD_Viree-velo-Bassin_BIETTE-10-scaled-1-768x512.jpg",768,512,true],"large":["https:\/\/bassin-arcachon.com\/wp-content\/uploads\/2026\/01\/2015_HD_Viree-velo-Bassin_BIETTE-10-scaled-1-1024x683.jpg",1024,683,true],"1536x1536":["https:\/\/bassin-arcachon.com\/wp-content\/uploads\/2026\/01\/2015_HD_Viree-velo-Bassin_BIETTE-10-scaled-1-1536x1024.jpg",1536,1024,true],"2048x2048":["https:\/\/bassin-arcachon.com\/wp-content\/uploads\/2026\/01\/2015_HD_Viree-velo-Bassin_BIETTE-10-scaled-1-2048x1366.jpg",2048,1366,true],"trp-custom-language-flag":["https:\/\/bassin-arcachon.com\/wp-content\/uploads\/2026\/01\/2015_HD_Viree-velo-Bassin_BIETTE-10-scaled-1-18x12.jpg",18,12,true]},"uagb_author_info":{"display_name":"Marie Clauzel","author_link":"https:\/\/bassin-arcachon.com\/zh\/author\/mariesiba\/"},"uagb_comment_info":0,"uagb_excerpt":"Sur cette page, retrouvez toutes les informations utiles et pratiques pour r\u00e9aliser vos d\u00e9placements \u00e0 v\u00e9lo dans les meilleures conditions. 1) Les pompes de gonflage en libre-service Sur le Sud-Bassin [&hellip;]","_links":{"self":[{"href":"https:\/\/bassin-arcachon.com\/zh\/wp-json\/wp\/v2\/pages\/98630","targetHints":{"allow":["GET"]}}],"collection":[{"href":"https:\/\/bassin-arcachon.com\/zh\/wp-json\/wp\/v2\/pages"}],"about":[{"href":"https:\/\/bassin-arcachon.com\/zh\/wp-json\/wp\/v2\/types\/page"}],"author":[{"embeddable":true,"href":"https:\/\/bassin-arcachon.com\/zh\/wp-json\/wp\/v2\/users\/25"}],"replies":[{"embeddable":true,"href":"https:\/\/bassin-arcachon.com\/zh\/wp-json\/wp\/v2\/comments?post=98630"}],"version-history":[{"count":35,"href":"https:\/\/bassin-arcachon.com\/zh\/wp-json\/wp\/v2\/pages\/98630\/revisions"}],"predecessor-version":[{"id":244851,"href":"https:\/\/bassin-arcachon.com\/zh\/wp-json\/wp\/v2\/pages\/98630\/revisions\/244851"}],"wp:featuredmedia":[{"embeddable":true,"href":"https:\/\/bassin-arcachon.com\/zh\/wp-json\/wp\/v2\/media\/223651"}],"wp:attachment":[{"href":"https:\/\/bassin-arcachon.com\/zh\/wp-json\/wp\/v2\/media?parent=98630"}],"curies":[{"name":"\u53ef\u6e7f\u6027\u7c89\u5242","href":"https:\/\/api.w.org\/{rel}","templated":true}]}}